{"id":15890,"date":"2021-12-04T12:19:08","date_gmt":"2021-12-04T09:19:08","guid":{"rendered":"http:\/\/turkaesthetic.com\/hymenoplasty\/"},"modified":"2026-03-13T05:59:51","modified_gmt":"2026-03-13T02:59:51","slug":"hymenoplasty","status":"publish","type":"page","link":"https:\/\/www.turkaesthetic.com\/fr\/hymenoplasty\/","title":{"rendered":"Hym\u00e9noplastie"},"content":{"rendered":"\n<p><strong>La chirurgie de r\u00e9paration de l\u2019hymen<\/strong> est consid\u00e9r\u00e9e comme une intervention relativement simple dans le domaine de la gyn\u00e9cologie. Sur le plan m\u00e9dical, elle est connue sous le nom de <strong>hym\u00e9noplastie<\/strong> et vise \u00e0 reconstruire la fine membrane situ\u00e9e \u00e0 l\u2019entr\u00e9e du vagin. Cette proc\u00e9dure peut \u00eatre r\u00e9alis\u00e9e pour des raisons personnelles ou sociales chez certaines femmes. Ces derni\u00e8res ann\u00e9es, cette op\u00e9ration est devenue de plus en plus courante dans les centres m\u00e9dicaux sp\u00e9cialis\u00e9s, notamment gr\u00e2ce au d\u00e9veloppement des techniques chirurgicales modernes qui permettent de r\u00e9aliser l\u2019intervention avec pr\u00e9cision et avec une p\u00e9riode de r\u00e9cup\u00e9ration relativement courte.<\/p>\n\n\n\n<p><strong>La chirurgie de r\u00e9paration de l\u2019hymen<\/strong> est consid\u00e9r\u00e9e comme une intervention chirurgicale relativement mineure en gyn\u00e9cologie. Pendant l\u2019op\u00e9ration, le sp\u00e9cialiste reconstruit les tissus hym\u00e9n\u00e9aux restants ou les remod\u00e8le en utilisant des tissus d\u00e9licats provenant de la zone environnante. L\u2019intervention dure g\u00e9n\u00e9ralement peu de temps et est le plus souvent r\u00e9alis\u00e9e sous anesth\u00e9sie locale, ce qui permet \u00e0 la patiente de quitter le centre m\u00e9dical le jour m\u00eame apr\u00e8s la proc\u00e9dure.<\/p>\n\n\n\n<p>De nombreuses femmes recherchent des informations fiables sur <strong>l\u2019hym\u00e9noplastie<\/strong>, notamment sur la mani\u00e8re dont la proc\u00e9dure est r\u00e9alis\u00e9e, sa s\u00e9curit\u00e9 m\u00e9dicale et la dur\u00e9e de r\u00e9cup\u00e9ration attendue. Pour cette raison, il est important de s\u2019appuyer sur des informations m\u00e9dicales fiables et de comprendre scientifiquement les d\u00e9tails de <strong>l\u2019hym\u00e9noplastie<\/strong> avant de prendre une d\u00e9cision. Cela permet de mieux comprendre tous les aspects li\u00e9s \u00e0 l\u2019intervention, y compris les \u00e9tapes chirurgicales, les r\u00e9sultats possibles et les recommandations m\u00e9dicales \u00e0 suivre apr\u00e8s l\u2019op\u00e9ration.<\/p>\n\n\n\n<figure class=\"wp-block-table is-style-stripes\"><table class=\"has-fixed-layout\"><tbody><tr><td>Type d\u2019anesth\u00e9sie<\/td><td>Locale<\/td><\/tr><tr><td>Dur\u00e9e de l\u2019intervention<\/td><td>Environ 45 minutes<\/td><\/tr><tr><td>R\u00e9sultats<\/td><td>Imm\u00e9diats<\/td><\/tr><tr><td>Retour aux activit\u00e9s quotidiennes<\/td><td>Apr\u00e8s 1 \u00e0 2 jours<\/td><\/tr><tr><td>Sport et activit\u00e9s physiques intenses<\/td><td>30 \u00e0 45 jours<\/td><\/tr><tr><td>Rapports sexuels apr\u00e8s l\u2019intervention<\/td><td>Apr\u00e8s 4 \u00e0 6 semaines<\/td><\/tr><\/tbody><\/table><figcaption class=\"wp-element-caption\">Informations sur la chirurgie de r\u00e9paration de l\u2019hymen<\/figcaption><\/figure>\n\n\n\n<h2 class=\"wp-block-heading\">Qu\u2019est-ce que la chirurgie de r\u00e9paration de l\u2019hymen ?<\/h2>\n\n\n\n<p><strong>La chirurgie de r\u00e9paration de l\u2019hymen<\/strong> est une intervention chirurgicale simple visant \u00e0 reconstruire la fine membrane situ\u00e9e \u00e0 l\u2019entr\u00e9e du vagin. Cette proc\u00e9dure est m\u00e9dicalement appel\u00e9e <strong>hym\u00e9noplastie<\/strong>. Elle consiste \u00e0 suturer les parties restantes de l\u2019hymen ou \u00e0 le reconstruire \u00e0 l\u2019aide de tissus d\u00e9licats provenant de la zone environnante.<\/p>\n\n\n\n<p><strong>La r\u00e9paration de l\u2019hymen<\/strong> est g\u00e9n\u00e9ralement r\u00e9alis\u00e9e dans des centres m\u00e9dicaux sp\u00e9cialis\u00e9s sous la supervision d\u2019un gyn\u00e9cologue. L\u2019intervention dure g\u00e9n\u00e9ralement entre 30 et 60 minutes et est le plus souvent r\u00e9alis\u00e9e sous anesth\u00e9sie locale, ce qui permet \u00e0 la patiente de quitter la clinique le jour m\u00eame apr\u00e8s l\u2019intervention.<\/p>\n\n\n\n<p>La technique utilis\u00e9e pour <strong>l\u2019hym\u00e9noplastie<\/strong> peut varier selon l\u2019\u00e9tat des tissus hym\u00e9n\u00e9aux restants. Le m\u00e9decin choisit la m\u00e9thode la plus appropri\u00e9e pour chaque cas afin d\u2019obtenir le meilleur r\u00e9sultat possible tout en garantissant la s\u00e9curit\u00e9 des tissus et une p\u00e9riode de r\u00e9cup\u00e9ration courte.<\/p>\n\n\n\n<figure class=\"wp-block-image size-full\"><img loading=\"lazy\" decoding=\"async\" width=\"800\" height=\"533\" src=\"https:\/\/www.turkaesthetic.com\/wp-content\/uploads\/2026\/03\/vulva-hymen-anatomy-diagram.webp\" alt=\"Sch\u00e9ma anatomique m\u00e9dical montrant les organes g\u00e9nitaux externes f\u00e9minins et l\u2019hymen\" class=\"wp-image-70839\" srcset=\"https:\/\/www.turkaesthetic.com\/wp-content\/uploads\/2026\/03\/vulva-hymen-anatomy-diagram.webp 800w, https:\/\/www.turkaesthetic.com\/wp-content\/uploads\/2026\/03\/vulva-hymen-anatomy-diagram-400x267.webp 400w, https:\/\/www.turkaesthetic.com\/wp-content\/uploads\/2026\/03\/vulva-hymen-anatomy-diagram-150x100.webp 150w, https:\/\/www.turkaesthetic.com\/wp-content\/uploads\/2026\/03\/vulva-hymen-anatomy-diagram-768x512.webp 768w\" sizes=\"auto, (max-width: 800px) 100vw, 800px\" \/><figcaption class=\"wp-element-caption\">Sch\u00e9ma anatomique m\u00e9dical montrant la structure vaginale et l\u2019hymen<\/figcaption><\/figure>\n\n\n\n<h2 class=\"wp-block-heading\">Explication de la chirurgie de r\u00e9paration de l\u2019hymen<\/h2>\n\n\n\n<p>Cette vid\u00e9o propose une explication simple de <strong>la chirurgie de r\u00e9paration de l\u2019hymen<\/strong>, connue m\u00e9dicalement sous le nom de <strong>hym\u00e9noplastie<\/strong>. Elle illustre le concept g\u00e9n\u00e9ral de l\u2019intervention, les \u00e9tapes m\u00e9dicales r\u00e9alis\u00e9es par le sp\u00e9cialiste ainsi que des informations importantes sur la dur\u00e9e de l\u2019intervention et la p\u00e9riode de r\u00e9cup\u00e9ration.<\/p>\n\n\n\n<figure class=\"wp-block-embed is-type-video is-provider-youtube wp-block-embed-youtube wp-embed-aspect-16-9 wp-has-aspect-ratio\"><div class=\"wp-block-embed__wrapper\">\n<iframe loading=\"lazy\" title=\"Hymenoplasty Surgery in Turkey | Hymen Repair Procedure Explained\" width=\"800\" height=\"450\" src=\"https:\/\/www.youtube.com\/embed\/6hhh35CUNdc?feature=oembed\" frameborder=\"0\" allow=\"accelerometer; autoplay; clipboard-write; encrypted-media; gyroscope; picture-in-picture; web-share\" referrerpolicy=\"strict-origin-when-cross-origin\" allowfullscreen><\/iframe>\n<\/div><figcaption class=\"wp-element-caption\">Chirurgie de r\u00e9paration de l\u2019hymen<\/figcaption><\/figure>\n\n\n\n<h2 class=\"wp-block-heading\">\u00c9tapes de l\u2019hym\u00e9noplastie<\/h2>\n\n\n<div id=\"rank-math-howto\" class=\"rank-math-block\" >\n<div class=\"rank-math-howto-description\">\n\n<\/div>\n<p class=\"rank-math-howto-duration\"><strong>Temps total\u00a0:<\/strong> <span>30 jours<\/span><\/p>\n<div class=\"rank-math-steps \">\n<div id=\"howto-step-1772974432205\" class=\"rank-math-step\">\n<h3 class=\"rank-math-step-title \">Avant l\u2019intervention : consultation et pr\u00e9paration<\/h3>\n<div class=\"rank-math-step-content \"><img loading=\"lazy\" decoding=\"async\" width=\"800\" height=\"533\" src=\"https:\/\/www.turkaesthetic.com\/wp-content\/uploads\/2026\/03\/hymenoplasty-consultation.webp\" class=\"attachment-full size-full\" alt=\"\u0627\u0644\u0645\u0639\u0627\u064a\u0646\u0629 \u0627\u0644\u0637\u0628\u064a\u0629 \u0642\u0628\u0644 \u0639\u0645\u0644\u064a\u0629 \u062a\u0631\u0642\u064a\u0639 \u063a\u0634\u0627\u0621 \u0627\u0644\u0628\u0643\u0627\u0631\u0629\" srcset=\"https:\/\/www.turkaesthetic.com\/wp-content\/uploads\/2026\/03\/hymenoplasty-consultation.webp 800w, https:\/\/www.turkaesthetic.com\/wp-content\/uploads\/2026\/03\/hymenoplasty-consultation-400x267.webp 400w, https:\/\/www.turkaesthetic.com\/wp-content\/uploads\/2026\/03\/hymenoplasty-consultation-150x100.webp 150w, https:\/\/www.turkaesthetic.com\/wp-content\/uploads\/2026\/03\/hymenoplasty-consultation-768x512.webp 768w\" sizes=\"auto, (max-width: 800px) 100vw, 800px\" \/><p>\u00c0 cette \u00e9tape, une consultation m\u00e9dicale est r\u00e9alis\u00e9e avec un sp\u00e9cialiste afin d\u2019\u00e9valuer l\u2019\u00e9tat de la patiente et de s\u2019assurer que l\u2019hym\u00e9noplastie peut \u00eatre effectu\u00e9e en toute s\u00e9curit\u00e9. Le m\u00e9decin discute avec la patiente de ses attentes, explique les d\u00e9tails de l\u2019intervention et d\u00e9crit les \u00e9tapes m\u00e9dicales du proc\u00e9d\u00e9. Les examens n\u00e9cessaires sont \u00e9galement effectu\u00e9s pour \u00e9valuer l\u2019\u00e9tat de sant\u00e9 g\u00e9n\u00e9ral, et des instructions m\u00e9dicales sont donn\u00e9es \u00e0 suivre avant l\u2019intervention.<\/p>\n<\/div>\n<\/div>\n<div id=\"howto-step-1772974453189\" class=\"rank-math-step\">\n<h3 class=\"rank-math-step-title \">Pendant l\u2019intervention : \u00e9tapes chirurgicales<\/h3>\n<div class=\"rank-math-step-content \"><img loading=\"lazy\" decoding=\"async\" width=\"800\" height=\"533\" src=\"https:\/\/www.turkaesthetic.com\/wp-content\/uploads\/2026\/03\/hymenoplasty-procedure-room.webp\" class=\"attachment-full size-full\" alt=\"\u063a\u0631\u0641\u0629 \u0641\u062d\u0635 \u0646\u0633\u0627\u0626\u064a \u064a\u062a\u0645 \u0641\u064a\u0647\u0627 \u0625\u062c\u0631\u0627\u0621 \u0639\u0645\u0644\u064a\u0629 \u062a\u0631\u0642\u064a\u0639 \u063a\u0634\u0627\u0621 \u0627\u0644\u0628\u0643\u0627\u0631\u0629\" srcset=\"https:\/\/www.turkaesthetic.com\/wp-content\/uploads\/2026\/03\/hymenoplasty-procedure-room.webp 800w, https:\/\/www.turkaesthetic.com\/wp-content\/uploads\/2026\/03\/hymenoplasty-procedure-room-400x267.webp 400w, https:\/\/www.turkaesthetic.com\/wp-content\/uploads\/2026\/03\/hymenoplasty-procedure-room-150x100.webp 150w, https:\/\/www.turkaesthetic.com\/wp-content\/uploads\/2026\/03\/hymenoplasty-procedure-room-768x512.webp 768w\" sizes=\"auto, (max-width: 800px) 100vw, 800px\" \/><p>Pendant l\u2019op\u00e9ration, la r\u00e9paration est g\u00e9n\u00e9ralement r\u00e9alis\u00e9e sous anesth\u00e9sie locale dans la plupart des cas. Cela permet de r\u00e9duire l\u2019inconfort et d\u2019assurer un meilleur confort pour la patiente pendant la proc\u00e9dure. Le sp\u00e9cialiste reconstruit soigneusement l\u2019hymen en suturant les tissus restants \u00e0 l\u2019aide de points chirurgicaux fins et r\u00e9sorbables. L\u2019hym\u00e9noplastie dure g\u00e9n\u00e9ralement peu de temps et est r\u00e9alis\u00e9e dans un environnement m\u00e9dical st\u00e9rile afin de garantir une s\u00e9curit\u00e9 maximale et d\u2019obtenir les meilleurs r\u00e9sultats possibles.<\/p>\n<\/div>\n<\/div>\n<div id=\"howto-step-1772974455224\" class=\"rank-math-step\">\n<h3 class=\"rank-math-step-title \">Apr\u00e8s l\u2019intervention : r\u00e9cup\u00e9ration et suivi<\/h3>\n<div class=\"rank-math-step-content \"><img loading=\"lazy\" decoding=\"async\" width=\"800\" height=\"533\" src=\"https:\/\/www.turkaesthetic.com\/wp-content\/uploads\/2026\/03\/hymenoplasty-recovery.webp\" class=\"attachment-full size-full\" alt=\"\u0635\u0648\u0631\u0629 \u062a\u0648\u0636\u062d \u0641\u062a\u0631\u0629 \u0627\u0644\u062a\u0639\u0627\u0641\u064a \u0628\u0639\u062f \u0639\u0645\u0644\u064a\u0629 \u062a\u0631\u0642\u064a\u0639 \u063a\u0634\u0627\u0621 \u0627\u0644\u0628\u0643\u0627\u0631\u0629\" srcset=\"https:\/\/www.turkaesthetic.com\/wp-content\/uploads\/2026\/03\/hymenoplasty-recovery.webp 800w, https:\/\/www.turkaesthetic.com\/wp-content\/uploads\/2026\/03\/hymenoplasty-recovery-400x267.webp 400w, https:\/\/www.turkaesthetic.com\/wp-content\/uploads\/2026\/03\/hymenoplasty-recovery-150x100.webp 150w, https:\/\/www.turkaesthetic.com\/wp-content\/uploads\/2026\/03\/hymenoplasty-recovery-768x512.webp 768w\" sizes=\"auto, (max-width: 800px) 100vw, 800px\" \/><p>Apr\u00e8s l\u2019intervention, la patiente peut g\u00e9n\u00e9ralement quitter le centre m\u00e9dical le jour m\u00eame. Les m\u00e9decins recommandent du repos et d\u2019\u00e9viter les activit\u00e9s physiques intenses pendant environ 4 \u00e0 6 semaines afin d\u2019assurer une bonne cicatrisation des tissus. Il est \u00e9galement important de suivre les instructions du m\u00e9decin concernant les soins de la zone trait\u00e9e et toutes les recommandations m\u00e9dicales apr\u00e8s l\u2019intervention. Si des sympt\u00f4mes inhabituels apparaissent, il est conseill\u00e9 de contacter le m\u00e9decin afin de garantir une r\u00e9cup\u00e9ration correcte et les meilleurs r\u00e9sultats possibles.<\/p>\n<\/div>\n<\/div>\n<\/div>\n<\/div>\n<p class=\"rank-math-howto-estimatedCost\"><strong>Co\u00fbt estim\u00e9\u00a0:<\/strong> <span>1450 EUR<\/span><\/p>\n\n\n\n\n\n<h2 class=\"wp-block-heading\">Pour qui l\u2019hym\u00e9noplastie est-elle adapt\u00e9e ?<\/h2>\n\n\n\n<p>Certaines femmes peuvent envisager <strong>l\u2019hym\u00e9noplastie<\/strong> pour des raisons personnelles ou sociales. Cette intervention est g\u00e9n\u00e9ralement adapt\u00e9e aux femmes qui souhaitent reconstruire l\u2019hymen pour leurs propres raisons priv\u00e9es. Avant de prendre une d\u00e9cision, il est important de consulter un gyn\u00e9cologue qualifi\u00e9 afin de s\u2019assurer que l\u2019\u00e9tat de sant\u00e9 de la patiente permet de r\u00e9aliser l\u2019intervention en toute s\u00e9curit\u00e9 et de d\u00e9terminer la technique la plus appropri\u00e9e pour chaque cas.<\/p>\n\n\n\n<h2 class=\"wp-block-heading\">Effets secondaires possibles apr\u00e8s l\u2019hym\u00e9noplastie<\/h2>\n\n\n\n<p><strong>La chirurgie de r\u00e9paration de l\u2019hymen<\/strong> est consid\u00e9r\u00e9e comme une intervention relativement simple lorsqu\u2019elle est r\u00e9alis\u00e9e par un sp\u00e9cialiste qualifi\u00e9 dans un environnement m\u00e9dical st\u00e9rile. Cependant, comme pour toute intervention chirurgicale, certains effets secondaires temporaires peuvent appara\u00eetre, tels qu\u2019un l\u00e9ger inconfort, un l\u00e9ger gonflement ou une sensibilit\u00e9 durant les premiers jours suivant l\u2019intervention. Dans la plupart des cas, ces sympt\u00f4mes disparaissent progressivement lorsque la patiente suit les recommandations du m\u00e9decin et respecte la p\u00e9riode de repos conseill\u00e9e. Il est important de contacter le m\u00e9decin si des sympt\u00f4mes inhabituels apparaissent afin d\u2019assurer une bonne gu\u00e9rison et une r\u00e9cup\u00e9ration optimale.<\/p>\n\n\n\n<h2 class=\"wp-block-heading\">Avant et apr\u00e8s l\u2019intervention : r\u00e9sultats attendus<\/h2>\n\n\n\n<p>Cette image illustrative montre un exemple g\u00e9n\u00e9ral de la diff\u00e9rence avant et apr\u00e8s l\u2019intervention. Il est important de comprendre que les r\u00e9sultats peuvent varier d\u2019une personne \u00e0 l\u2019autre, mais l\u2019objectif principal est de restaurer la confiance et le confort. Ces images sont fournies \u00e0 titre explicatif uniquement et ne repr\u00e9sentent pas un cas individuel sp\u00e9cifique.<\/p>\n\n\n\n<figure class=\"wp-block-image size-full\"><img loading=\"lazy\" decoding=\"async\" width=\"800\" height=\"533\" src=\"https:\/\/www.turkaesthetic.com\/wp-content\/uploads\/2026\/03\/hymenoplasty-before-after-diagram.webp\" alt=\"Illustration m\u00e9dicale montrant l\u2019hymen avant et apr\u00e8s la r\u00e9paration\" class=\"wp-image-70848\" srcset=\"https:\/\/www.turkaesthetic.com\/wp-content\/uploads\/2026\/03\/hymenoplasty-before-after-diagram.webp 800w, https:\/\/www.turkaesthetic.com\/wp-content\/uploads\/2026\/03\/hymenoplasty-before-after-diagram-400x267.webp 400w, https:\/\/www.turkaesthetic.com\/wp-content\/uploads\/2026\/03\/hymenoplasty-before-after-diagram-150x100.webp 150w, https:\/\/www.turkaesthetic.com\/wp-content\/uploads\/2026\/03\/hymenoplasty-before-after-diagram-768x512.webp 768w\" sizes=\"auto, (max-width: 800px) 100vw, 800px\" \/><figcaption class=\"wp-element-caption\">Sch\u00e9ma m\u00e9dical illustrant la r\u00e9paration de l\u2019hymen avant et apr\u00e8s l\u2019intervention<\/figcaption><\/figure>\n\n\n\n<p>Pour de nombreuses femmes envisageant <strong>la chirurgie de r\u00e9paration de l\u2019hymen<\/strong>, il est naturel d\u2019avoir des questions suppl\u00e9mentaires concernant le lieu o\u00f9 l\u2019intervention peut \u00eatre r\u00e9alis\u00e9e ainsi que son co\u00fbt. C\u2019est pourquoi nous avons pr\u00e9par\u00e9 des articles d\u00e9taill\u00e9s afin de vous aider \u00e0 mieux comprendre tous les aspects li\u00e9s \u00e0 cette proc\u00e9dure.<\/p>\n\n\n\n<p>Vous pouvez consulter notre guide complet sur <strong><a href=\"https:\/\/www.turkaesthetic.com\/fr\/plastic\/hymenoplasty-turkey\/\" data-type=\"link\" data-id=\"https:\/\/www.turkaesthetic.com\/fr\/plastic\/hymenoplasty-turkey\/\">l\u2019hym\u00e9noplastie en Turquie<\/a><\/strong> pour d\u00e9couvrir pourquoi la Turquie, et notamment Istanbul, est devenue une destination privil\u00e9gi\u00e9e pour ce type d\u2019intervention. Vous pouvez \u00e9galement lire notre article sur <strong><a href=\"https:\/\/www.turkaesthetic.com\/fr\/plastic\/hymenoplasty-cost-turkey\/\" data-type=\"link\" data-id=\"https:\/\/www.turkaesthetic.com\/fr\/plastic\/hymenoplasty-cost-turkey\/\">le co\u00fbt de l\u2019hym\u00e9noplastie en Turquie<\/a><\/strong> afin de comprendre les facteurs qui influencent le prix et les d\u00e9tails des co\u00fbts.<\/p>\n\n\n\n<h2 class=\"wp-block-heading\">Questions fr\u00e9quentes<\/h2>\n\n\n<div id=\"rank-math-faq\" class=\"rank-math-block\">\n<div class=\"rank-math-list \">\n<div id=\"faq-question-1667250646219\" class=\"rank-math-list-item\">\n<h3 class=\"rank-math-question \">Quand les points de suture se dissolvent-ils apr\u00e8s une hym\u00e9noplastie permanente ?<\/h3>\n<div class=\"rank-math-answer \">\n\n<p>Les points de suture utilis\u00e9s lors de l\u2019intervention se dissolvent g\u00e9n\u00e9ralement naturellement dans un d\u00e9lai de 3 \u00e0 4 semaines apr\u00e8s l\u2019op\u00e9ration.<\/p>\n\n<\/div>\n<\/div>\n<div id=\"faq-question-1667249894352\" class=\"rank-math-list-item\">\n<h3 class=\"rank-math-question \">Quel m\u00e9decin est qualifi\u00e9 pour effectuer cette intervention ?<\/h3>\n<div class=\"rank-math-answer \">\n\n<p>Les chirurgiens plasticiens ainsi que les gyn\u00e9cologues sont qualifi\u00e9s pour r\u00e9aliser une chirurgie de r\u00e9paration de l\u2019hymen.<\/p>\n\n<\/div>\n<\/div>\n<div id=\"faq-question-1667249865643\" class=\"rank-math-list-item\">\n<h3 class=\"rank-math-question \">Un partenaire peut-il remarquer qu\u2019une femme a subi une chirurgie de r\u00e9paration de l\u2019hymen ?<\/h3>\n<div class=\"rank-math-answer \">\n\n<p>Lorsque l\u2019intervention est r\u00e9alis\u00e9e par un m\u00e9decin exp\u00e9riment\u00e9, il est g\u00e9n\u00e9ralement difficile pour un partenaire ou m\u00eame pour un autre m\u00e9decin de remarquer que l\u2019hymen a \u00e9t\u00e9 reconstruit.<\/p>\n\n<\/div>\n<\/div>\n<div id=\"faq-question-1667249912708\" class=\"rank-math-list-item\">\n<h3 class=\"rank-math-question \">Combien de temps dure la chirurgie de r\u00e9paration de l\u2019hymen ?<\/h3>\n<div class=\"rank-math-answer \">\n\n<p>Apr\u00e8s l\u2019application de l\u2019anesth\u00e9sie locale, l\u2019intervention dure g\u00e9n\u00e9ralement entre 30 et 40 minutes.<\/p>\n\n<\/div>\n<\/div>\n<div id=\"faq-question-1667249972797\" class=\"rank-math-list-item\">\n<h3 class=\"rank-math-question \">La r\u00e9paration de l\u2019hymen peut-elle \u00eatre r\u00e9alis\u00e9e plus d\u2019une fois ?<\/h3>\n<div class=\"rank-math-answer \">\n\n<p>Oui, la r\u00e9paration de l\u2019hymen peut \u00eatre r\u00e9alis\u00e9e plus d\u2019une fois, mais des interventions r\u00e9p\u00e9t\u00e9es peuvent influencer le taux de r\u00e9ussite.<\/p>\n\n<\/div>\n<\/div>\n<div id=\"faq-question-1667250000661\" class=\"rank-math-list-item\">\n<h3 class=\"rank-math-question \">Quand peut-on reprendre le sport apr\u00e8s l\u2019intervention ?<\/h3>\n<div class=\"rank-math-answer \">\n\n<p>Les activit\u00e9s physiques l\u00e9g\u00e8res peuvent g\u00e9n\u00e9ralement \u00eatre reprises apr\u00e8s une semaine, tandis que les sports intensifs doivent \u00eatre \u00e9vit\u00e9s pendant environ un mois.<\/p>\n\n<\/div>\n<\/div>\n<div id=\"faq-question-1667250041938\" class=\"rank-math-list-item\">\n<h3 class=\"rank-math-question \">Combien de temps avant le mariage l\u2019intervention doit-elle \u00eatre r\u00e9alis\u00e9e ?<\/h3>\n<div class=\"rank-math-answer \">\n\n<p>Les m\u00e9decins recommandent g\u00e9n\u00e9ralement d\u2019attendre 4 \u00e0 6 semaines avant le premier rapport sexuel apr\u00e8s l\u2019intervention. Lorsque l\u2019op\u00e9ration est r\u00e9alis\u00e9e de mani\u00e8re permanente, il n\u2019existe g\u00e9n\u00e9ralement pas de d\u00e9lai maximum.<\/p>\n\n<\/div>\n<\/div>\n<div id=\"faq-question-1667250109878\" class=\"rank-math-list-item\">\n<h3 class=\"rank-math-question \">La chirurgie de r\u00e9paration de l\u2019hymen est-elle l\u00e9gale ?<\/h3>\n<div class=\"rank-math-answer \">\n\n<p>Oui, cette intervention est l\u00e9gale. Toute femme \u00e2g\u00e9e de plus de 18 ans peut choisir de subir cette op\u00e9ration.<\/p>\n\n<\/div>\n<\/div>\n<div id=\"faq-question-1667250509595\" class=\"rank-math-list-item\">\n<h3 class=\"rank-math-question \">La chirurgie de r\u00e9paration de l\u2019hymen peut-elle \u00eatre r\u00e9alis\u00e9e apr\u00e8s un avortement ?<\/h3>\n<div class=\"rank-math-answer \">\n\n<p>Oui, l\u2019intervention peut \u00eatre r\u00e9alis\u00e9e apr\u00e8s un avortement, mais les m\u00e9decins recommandent g\u00e9n\u00e9ralement d\u2019attendre au moins 10 jours.<\/p>\n\n<\/div>\n<\/div>\n<\/div>\n<\/div>\n\n\n<p><strong>La chirurgie de r\u00e9paration de l\u2019hymen<\/strong> est une proc\u00e9dure m\u00e9dicale qui n\u00e9cessite une bonne compr\u00e9hension de tous ses d\u00e9tails avant de prendre une d\u00e9cision. Il est donc toujours recommand\u00e9 d\u2019obtenir des informations fiables et de consulter un m\u00e9decin qualifi\u00e9 au pr\u00e9alable. Comprendre la proc\u00e9dure, la p\u00e9riode de r\u00e9cup\u00e9ration et le co\u00fbt attendu peut aider \u00e0 prendre une d\u00e9cision \u00e9clair\u00e9e.<\/p>\n","protected":false},"excerpt":{"rendered":"<p>La chirurgie de r\u00e9paration de l\u2019hymen est consid\u00e9r\u00e9e comme une intervention relativement simple dans le domaine de la gyn\u00e9cologie. Sur le plan m\u00e9dical, elle est connue sous le nom de hym\u00e9noplastie et vise \u00e0 reconstruire la fine membrane situ\u00e9e \u00e0 l\u2019entr\u00e9e du vagin. Cette proc\u00e9dure peut \u00eatre r\u00e9alis\u00e9e pour des raisons personnelles ou sociales chez [&hellip;]<\/p>\n","protected":false},"author":1,"featured_media":70822,"parent":0,"menu_order":0,"comment_status":"closed","ping_status":"closed","template":"","meta":{"footnotes":""},"dep":[],"class_list":["post-15890","page","type-page","status-publish","has-post-thumbnail","hentry"],"_links":{"self":[{"href":"https:\/\/www.turkaesthetic.com\/fr\/wp-json\/wp\/v2\/pages\/15890","targetHints":{"allow":["GET"]}}],"collection":[{"href":"https:\/\/www.turkaesthetic.com\/fr\/wp-json\/wp\/v2\/pages"}],"about":[{"href":"https:\/\/www.turkaesthetic.com\/fr\/wp-json\/wp\/v2\/types\/page"}],"author":[{"embeddable":true,"href":"https:\/\/www.turkaesthetic.com\/fr\/wp-json\/wp\/v2\/users\/1"}],"replies":[{"embeddable":true,"href":"https:\/\/www.turkaesthetic.com\/fr\/wp-json\/wp\/v2\/comments?post=15890"}],"version-history":[{"count":2,"href":"https:\/\/www.turkaesthetic.com\/fr\/wp-json\/wp\/v2\/pages\/15890\/revisions"}],"predecessor-version":[{"id":71174,"href":"https:\/\/www.turkaesthetic.com\/fr\/wp-json\/wp\/v2\/pages\/15890\/revisions\/71174"}],"wp:featuredmedia":[{"embeddable":true,"href":"https:\/\/www.turkaesthetic.com\/fr\/wp-json\/wp\/v2\/media\/70822"}],"wp:attachment":[{"href":"https:\/\/www.turkaesthetic.com\/fr\/wp-json\/wp\/v2\/media?parent=15890"}],"wp:term":[{"taxonomy":"dep","embeddable":true,"href":"https:\/\/www.turkaesthetic.com\/fr\/wp-json\/wp\/v2\/dep?post=15890"}],"curies":[{"name":"wp","href":"https:\/\/api.w.org\/{rel}","templated":true}]}}