{"id":15875,"date":"2021-12-16T10:07:33","date_gmt":"2021-12-16T07:07:33","guid":{"rendered":"http:\/\/turkaesthetic.com\/breast\/"},"modified":"2025-04-07T18:00:42","modified_gmt":"2025-04-07T15:00:42","slug":"breast","status":"publish","type":"page","link":"https:\/\/www.turkaesthetic.com\/fr\/breast\/","title":{"rendered":"Esth\u00e9tique Mammaire"},"content":{"rendered":"\n<figure class=\"wp-block-gallery has-nested-images columns-4 is-cropped wp-block-gallery-1 is-layout-flex wp-block-gallery-is-layout-flex\">\n<figure class=\"wp-block-image size-large\"><img loading=\"lazy\" decoding=\"async\" width=\"1200\" height=\"628\" data-id=\"11978\" src=\"https:\/\/www.turkaesthetic.com\/wp-content\/uploads\/2021\/12\/Breast-Augmentation.webp\" alt=\"Meme B\u00fcy\u00fctme\" class=\"wp-image-11978\" srcset=\"https:\/\/www.turkaesthetic.com\/wp-content\/uploads\/2021\/12\/Breast-Augmentation.webp 1200w, https:\/\/www.turkaesthetic.com\/wp-content\/uploads\/2021\/12\/Breast-Augmentation-768x402.webp 768w\" sizes=\"auto, (max-width: 1200px) 100vw, 1200px\" \/><figcaption class=\"wp-element-caption\"><a href=\"https:\/\/www.turkaesthetic.com\/fr\/breast-enlargement\/\" data-type=\"page\" data-id=\"15870\" target=\"_blank\" rel=\"noreferrer noopener\">Augmentation Mammaire<\/a><\/figcaption><\/figure>\n\n\n\n<figure class=\"wp-block-image size-large\"><img loading=\"lazy\" decoding=\"async\" width=\"1200\" height=\"628\" data-id=\"11979\" src=\"https:\/\/www.turkaesthetic.com\/wp-content\/uploads\/2021\/12\/breast-lift.webp\" alt=\"Meme Dikle\u015ftirme\" class=\"wp-image-11979\" srcset=\"https:\/\/www.turkaesthetic.com\/wp-content\/uploads\/2021\/12\/breast-lift.webp 1200w, https:\/\/www.turkaesthetic.com\/wp-content\/uploads\/2021\/12\/breast-lift-768x402.webp 768w\" sizes=\"auto, (max-width: 1200px) 100vw, 1200px\" \/><figcaption class=\"wp-element-caption\"><a href=\"https:\/\/www.turkaesthetic.com\/fr\/breast-lift\/\" data-type=\"page\" data-id=\"15809\" target=\"_blank\" rel=\"noreferrer noopener\">Lifting des Seins<\/a><\/figcaption><\/figure>\n\n\n\n<figure class=\"wp-block-image size-large\"><img loading=\"lazy\" decoding=\"async\" width=\"1200\" height=\"628\" data-id=\"13205\" src=\"https:\/\/www.turkaesthetic.com\/wp-content\/uploads\/2022\/03\/breast-Reduction.webp\" alt=\"meme k\u00fc\u00e7\u00fcltme\" class=\"wp-image-13205\" srcset=\"https:\/\/www.turkaesthetic.com\/wp-content\/uploads\/2022\/03\/breast-Reduction.webp 1200w, https:\/\/www.turkaesthetic.com\/wp-content\/uploads\/2022\/03\/breast-Reduction-768x402.webp 768w\" sizes=\"auto, (max-width: 1200px) 100vw, 1200px\" \/><figcaption class=\"wp-element-caption\"><a href=\"https:\/\/www.turkaesthetic.com\/fr\/breast-reduction\/\" data-type=\"page\" data-id=\"15855\" target=\"_blank\" rel=\"noreferrer noopener\">R\u00e9duction Mammaire<\/a><\/figcaption><\/figure>\n\n\n\n<figure class=\"wp-block-image size-large is-style-default\"><img loading=\"lazy\" decoding=\"async\" width=\"1200\" height=\"628\" data-id=\"11977\" src=\"https:\/\/www.turkaesthetic.com\/wp-content\/uploads\/2021\/12\/Gynecomastia.webp\" alt=\"Jinekomasti\" class=\"wp-image-11977\" srcset=\"https:\/\/www.turkaesthetic.com\/wp-content\/uploads\/2021\/12\/Gynecomastia.webp 1200w, https:\/\/www.turkaesthetic.com\/wp-content\/uploads\/2021\/12\/Gynecomastia-768x402.webp 768w\" sizes=\"auto, (max-width: 1200px) 100vw, 1200px\" \/><figcaption class=\"wp-element-caption\"><a href=\"https:\/\/www.turkaesthetic.com\/fr\/gynecomastia\/\" target=\"_blank\" data-type=\"page\" data-id=\"15765\" rel=\"noreferrer noopener\">Gyn\u00e9comastie<\/a><\/figcaption><\/figure>\n<\/figure>\n\n\n\n<p><strong>Esth\u00e9tique mammaire&nbsp;: Solutions compl\u00e8tes pour femmes et hommes<\/strong><\/p>\n\n\n\n<p>L&rsquo;esth\u00e9tique mammaire est un domaine de la chirurgie esth\u00e9tique qui comprend les interventions chirurgicales visant \u00e0 am\u00e9liorer la forme, la taille et la sym\u00e9trie des seins. Si les chirurgies telles que l&rsquo;augmentation, la r\u00e9duction et le lifting mammaires sont populaires chez les femmes, le traitement de la gyn\u00e9comastie, ou r\u00e9duction mammaire, est souvent privil\u00e9gi\u00e9 par les hommes. Ces interventions esth\u00e9tiques am\u00e9liorent non seulement l&rsquo;apparence, mais aussi le confort physique et la confiance en soi.<\/p>\n\n\n\n<p>L&rsquo;esth\u00e9tique mammaire vise \u00e0 \u00e9quilibrer les lignes du corps et \u00e0 donner une silhouette unique. Si une poitrine g\u00e9n\u00e9reuse peut provoquer des douleurs au dos et aux \u00e9paules, une poitrine petite ou tombante peut engendrer un sentiment d&rsquo;inad\u00e9quation esth\u00e9tique. Chez l&rsquo;homme, une poitrine pro\u00e9minente peut nuire \u00e0 la vie sociale. C&rsquo;est pourquoi l&rsquo;esth\u00e9tique mammaire est con\u00e7ue sp\u00e9cifiquement en fonction des besoins individuels et garantit des r\u00e9sultats aussi naturels qu&rsquo;esth\u00e9tiques.<\/p>\n\n\n\n<h2 class=\"wp-block-heading\">1- Esth\u00e9tique mammaire pour femmes<\/h2>\n\n\n\n<h3 class=\"wp-block-heading\">Augmentation mammaire&nbsp;: Des seins plus volumineux et galb\u00e9s<\/h3>\n\n\n\n<p><a href=\"https:\/\/www.turkaesthetic.com\/fr\/breast-enlargement\/\" target=\"_blank\" data-type=\"page\" data-id=\"15870\" rel=\"noreferrer noopener\">L\u2019augmentation mammaire<\/a> est l\u2019une des interventions esth\u00e9tiques les plus pris\u00e9es par les femmes souhaitant augmenter le volume de leur poitrine et obtenir une apparence plus pulpeuse. Deux m\u00e9thodes principales sont utilis\u00e9es&nbsp;: les implants en silicone et l\u2019injection de graisse.<\/p>\n\n\n\n<p>Les implants en silicone sont la m\u00e9thode d\u2019augmentation mammaire la plus courante, offrant des r\u00e9sultats naturels et durables. Ils sont pos\u00e9s par de petites incisions pratiqu\u00e9es sous le sein, autour du mamelon ou sous l\u2019aisselle. Il existe diff\u00e9rentes tailles et formes d\u2019implants, adapt\u00e9es \u00e0 la morphologie de la patiente.<\/p>\n\n\n\n<p>L\u2019injection de graisse est \u00e9galement une alternative pour celles qui souhaitent une augmentation plus naturelle. Cette intervention consiste \u00e0 purifier des cellules graisseuses pr\u00e9lev\u00e9es sur diff\u00e9rentes parties du corps et \u00e0 les injecter dans la poitrine. Bien que l\u2019injection de graisse entra\u00eene une augmentation de volume moindre que les implants en silicone, cette m\u00e9thode est compatible avec les tissus naturels.<\/p>\n\n\n\n<h3 class=\"wp-block-heading\">R\u00e9duction mammaire&nbsp;: Des seins plus l\u00e9gers et proportionn\u00e9s<\/h3>\n\n\n\n<p>Esth\u00e9tique mammaire: Une poitrine volumineuse peut provoquer des douleurs au dos, aux \u00e9paules et au cou, des troubles de la posture et des irritations cutan\u00e9es chez de nombreuses femmes. La <a href=\"https:\/\/www.turkaesthetic.com\/fr\/breast-reduction\/\" data-type=\"page\" data-id=\"15855\" target=\"_blank\" rel=\"noreferrer noopener\">r\u00e9duction mammaire<\/a> vise \u00e0 \u00e9liminer l&rsquo;exc\u00e8s de tissu et de graisse, rendant ainsi la poitrine plus l\u00e9g\u00e8re et plus proportionn\u00e9e. Gr\u00e2ce \u00e0 cette intervention, les patientes peuvent vivre plus confortablement et se sentir libres dans leurs choix vestimentaires.<\/p>\n\n\n\n<p>La r\u00e9duction mammaire est \u00e9galement privil\u00e9gi\u00e9e pour des raisons esth\u00e9tiques. Une poitrine g\u00e9n\u00e9reuse peut sembler incompatible avec les lignes du corps, ce qui peut engendrer une g\u00eane dans la vie sociale et les activit\u00e9s quotidiennes. Apr\u00e8s une r\u00e9duction mammaire, les patientes retrouvent une apparence plus \u00e9quilibr\u00e9e et plus esth\u00e9tique.<\/p>\n\n\n\n<h3 class=\"wp-block-heading\">Lifting mammaire&nbsp;: un aspect jeune et ferme<\/h3>\n\n\n\n<p>Avec le temps, un affaissement des seins peut survenir en raison du vieillissement, d&rsquo;une grossesse, de l&rsquo;allaitement ou de variations de poids rapides. Le <a href=\"https:\/\/www.turkaesthetic.com\/fr\/breast-lift\/\" target=\"_blank\" data-type=\"page\" data-id=\"15809\" rel=\"noreferrer noopener\">lifting mammaire <\/a>vise \u00e0 raffermir les seins et \u00e0 leur donner une apparence plus jeune et plus ferme.<\/p>\n\n\n\n<p>Lors de cette intervention, l&rsquo;exc\u00e8s de peau est retir\u00e9, le tissu mammaire est remodel\u00e9 et le mamelon est positionn\u00e9 de mani\u00e8re id\u00e9ale. En cas de perte de volume mammaire, le lifting mammaire peut \u00eatre associ\u00e9 \u00e0 la pose d&rsquo;implants en silicone pour obtenir un aspect plus volumineux.<\/p>\n\n\n\n<h3 class=\"wp-block-heading\">Correction de l&rsquo;asym\u00e9trie mammaire&nbsp;: des seins sym\u00e9triques et \u00e9quilibr\u00e9s<\/h3>\n\n\n\n<p><br>La sym\u00e9trie mammaire est souvent absente chez les femmes. Cependant, il arrive qu&rsquo;un sein soit plus volumineux, plus affaiss\u00e9 ou de forme diff\u00e9rente. Ces asym\u00e9tries peuvent \u00eatre cong\u00e9nitales ou survenir apr\u00e8s l&rsquo;allaitement, une variation de poids ou une intervention chirurgicale.<\/p>\n\n\n\n<p>Diff\u00e9rentes m\u00e9thodes chirurgicales peuvent \u00eatre utilis\u00e9es pour corriger l&rsquo;asym\u00e9trie mammaire. Les petits seins peuvent \u00eatre augment\u00e9s, les seins volumineux r\u00e9duits ou, en cas de rel\u00e2chement, un lifting mammaire permet d&rsquo;obtenir une forme id\u00e9ale. La m\u00e9thode \u00e0 utiliser est d\u00e9termin\u00e9e en fonction de la morphologie et des souhaits de la patiente.<\/p>\n\n\n\n<h2 class=\"wp-block-heading\">2- R\u00e9duction mammaire chez l&rsquo;homme (chirurgie de la gyn\u00e9comastie)<\/h2>\n\n\n\n<p>La <a href=\"https:\/\/www.turkaesthetic.com\/fr\/gynecomastia\/\" target=\"_blank\" data-type=\"page\" data-id=\"15765\" rel=\"noreferrer noopener\">gyn\u00e9comastie<\/a> est une croissance excessive du tissu mammaire chez l&rsquo;homme. Elle peut \u00eatre due \u00e0 des d\u00e9s\u00e9quilibres hormonaux, \u00e0 des facteurs g\u00e9n\u00e9tiques, \u00e0 une prise de poids ou aux effets secondaires de certains m\u00e9dicaments. Une poitrine volumineuse peut entra\u00eener des probl\u00e8mes tels que la difficult\u00e9 \u00e0 porter un t-shirt, une g\u00eane en soci\u00e9t\u00e9 et une limitation des mouvements lors de la pratique d&rsquo;un sport, notamment en \u00e9t\u00e9.<\/p>\n\n\n\n<p>La m\u00e9thode la plus efficace pour traiter la gyn\u00e9comastie est la chirurgie. Cette intervention consiste \u00e0 retirer l&rsquo;exc\u00e8s de graisse par liposuccion et, si n\u00e9cessaire, \u00e0 retirer l&rsquo;exc\u00e9dent de tissu mammaire. Apr\u00e8s l&rsquo;op\u00e9ration, la poitrine retrouve une apparence plus plate et plus masculine.<\/p>\n\n\n\n<p>La convalescence est assez rapide. Le patient peut g\u00e9n\u00e9ralement reprendre ses activit\u00e9s quotidiennes en quelques jours. Si le gonflement et la douleur l\u00e9g\u00e8re diminuent d\u00e8s la premi\u00e8re semaine, les r\u00e9sultats d\u00e9finitifs sont pleinement visibles en quelques mois. Les hommes op\u00e9r\u00e9s de la gyn\u00e9comastie ont non seulement une poitrine plus athl\u00e9tique, mais ils retrouvent \u00e9galement confiance en eux.<\/p>\n\n\n\n<h3 class=\"wp-block-heading\">La convalescence apr\u00e8s une chirurgie esth\u00e9tique mammaire<\/h3>\n\n\n\n<p>La convalescence apr\u00e8s une chirurgie esth\u00e9tique mammaire varie en fonction de l&rsquo;\u00e9tat de sant\u00e9 g\u00e9n\u00e9ral du patient et du type d&rsquo;intervention pratiqu\u00e9e. En g\u00e9n\u00e9ral, une l\u00e9g\u00e8re douleur, un gonflement et une sensibilit\u00e9 peuvent \u00eatre ressentis les premiers jours suivant l&rsquo;op\u00e9ration. L&rsquo;utilisation d&rsquo;analg\u00e9siques et de soutiens-gorge de maintien recommand\u00e9s par le m\u00e9decin peut am\u00e9liorer le confort.<\/p>\n\n\n\n<p>Pendant la premi\u00e8re semaine, il est conseill\u00e9 d&rsquo;\u00e9viter les activit\u00e9s physiques intenses et les mouvements qui sollicitent le corps. Les points de suture tombent apr\u00e8s l&rsquo;intervention et la majeure partie du gonflement dispara\u00eet au cours du premier mois. Le r\u00e9sultat final est g\u00e9n\u00e9ralement visible en 3 \u00e0 6 mois.<\/p>\n\n\n\n<h3 class=\"wp-block-heading\">R\u00e9sultat&nbsp;: une chirurgie esth\u00e9tique mammaire pour un aspect esth\u00e9tique et naturel<\/h3>\n\n\n\n<p>La chirurgie esth\u00e9tique mammaire est une solution qui offre une apparence plus \u00e9quilibr\u00e9e, naturelle et esth\u00e9tique, tant pour les femmes que pour les hommes. Elle permet d&rsquo;obtenir des seins plus volumineux, plus droits et sym\u00e9triques chez les femmes, tandis que chez les hommes, elle offre une poitrine plus plate et plus athl\u00e9tique.<\/p>\n\n\n\n<p>Si vous souhaitez obtenir des informations d\u00e9taill\u00e9es sur l&rsquo;esth\u00e9tique mammaire et d\u00e9terminer la m\u00e9thode de traitement la plus adapt\u00e9e \u00e0 vos besoins, vous pouvez consulter un chirurgien plasticien sp\u00e9cialis\u00e9 pour une \u00e9valuation personnalis\u00e9e. Une planification minutieuse et une intervention r\u00e9alis\u00e9e par des mains expertes peuvent vous aider \u00e0 obtenir le r\u00e9sultat souhait\u00e9.<\/p>\n\n\n\n<p>Enfin, vous pouvez nous contacter via le <a href=\"https:\/\/www.turkaesthetic.com\/fr\/contact-us\/\" target=\"_blank\" data-type=\"page\" data-id=\"15940\" rel=\"noreferrer noopener\">lien<\/a> pour demander des informations et des tarifs \u00e0 <a href=\"https:\/\/www.youtube.com\/@turkaesthetic\" target=\"_blank\" data-type=\"link\" data-id=\"https:\/\/www.youtube.com\/@turkaesthetic\" rel=\"noreferrer noopener\">Turk Aesthetic<\/a>.<\/p>\n","protected":false},"excerpt":{"rendered":"<p>Esth\u00e9tique mammaire&nbsp;: Solutions compl\u00e8tes pour femmes et hommes L&rsquo;esth\u00e9tique mammaire est un domaine de la chirurgie esth\u00e9tique qui comprend les interventions chirurgicales visant \u00e0 am\u00e9liorer la forme, la taille et la sym\u00e9trie des seins. Si les chirurgies telles que l&rsquo;augmentation, la r\u00e9duction et le lifting mammaires sont populaires chez les femmes, le traitement de la [&hellip;]<\/p>\n","protected":false},"author":1,"featured_media":15852,"parent":0,"menu_order":0,"comment_status":"closed","ping_status":"closed","template":"","meta":{"footnotes":""},"dep":[1354],"class_list":["post-15875","page","type-page","status-publish","has-post-thumbnail","hentry","dep-plastic-surgeries"],"_links":{"self":[{"href":"https:\/\/www.turkaesthetic.com\/fr\/wp-json\/wp\/v2\/pages\/15875","targetHints":{"allow":["GET"]}}],"collection":[{"href":"https:\/\/www.turkaesthetic.com\/fr\/wp-json\/wp\/v2\/pages"}],"about":[{"href":"https:\/\/www.turkaesthetic.com\/fr\/wp-json\/wp\/v2\/types\/page"}],"author":[{"embeddable":true,"href":"https:\/\/www.turkaesthetic.com\/fr\/wp-json\/wp\/v2\/users\/1"}],"replies":[{"embeddable":true,"href":"https:\/\/www.turkaesthetic.com\/fr\/wp-json\/wp\/v2\/comments?post=15875"}],"version-history":[{"count":0,"href":"https:\/\/www.turkaesthetic.com\/fr\/wp-json\/wp\/v2\/pages\/15875\/revisions"}],"wp:featuredmedia":[{"embeddable":true,"href":"https:\/\/www.turkaesthetic.com\/fr\/wp-json\/wp\/v2\/media\/15852"}],"wp:attachment":[{"href":"https:\/\/www.turkaesthetic.com\/fr\/wp-json\/wp\/v2\/media?parent=15875"}],"wp:term":[{"taxonomy":"dep","embeddable":true,"href":"https:\/\/www.turkaesthetic.com\/fr\/wp-json\/wp\/v2\/dep?post=15875"}],"curies":[{"name":"wp","href":"https:\/\/api.w.org\/{rel}","templated":true}]}}