{"id":15870,"date":"2021-12-18T09:45:00","date_gmt":"2021-12-18T06:45:00","guid":{"rendered":"http:\/\/turkaesthetic.com\/breast-enlargement\/"},"modified":"2025-04-07T16:51:57","modified_gmt":"2025-04-07T13:51:57","slug":"breast-enlargement","status":"publish","type":"page","link":"https:\/\/www.turkaesthetic.com\/fr\/breast-enlargement\/","title":{"rendered":"Augmentation Mammaire"},"content":{"rendered":"\n<p><strong>L&rsquo;augmentation mammaire<\/strong> est une intervention de chirurgie esth\u00e9tique pratiqu\u00e9e par un chirurgien plasticien sp\u00e9cialis\u00e9. De nombreuses femmes optent pour cette intervention pour augmenter le volume de leur poitrine, notamment lorsqu&rsquo;elles ont une poitrine naturellement petite, ont subi une perte de volume <a href=\"https:\/\/www.turkaesthetic.com\/fr\/breast-reduction\/\" target=\"_blank\" data-type=\"page\" data-id=\"15855\" rel=\"noreferrer noopener\">mammaire<\/a> suite \u00e0 un accident ou un cancer du sein, ou doivent remplacer d&rsquo;anciens implants en silicone issus d&rsquo;une pr\u00e9c\u00e9dente intervention.<\/p>\n\n\n\n<figure class=\"wp-block-table\"><table><tbody><tr><td>Anesth\u00e9sie&nbsp;<\/td><td>General&nbsp;<\/td><\/tr><tr><td>Dur\u00e9e de l\u2019op\u00e9ration<\/td><td>3 &#8211; 4 heures<\/td><\/tr><tr><td>Restez \u00e0 l\u2019h\u00f4pital.<\/td><td>Une nuit apr\u00e8s l\u2019op\u00e9ration.<\/td><\/tr><tr><td>R\u00e9sultats<\/td><td>Imm\u00e9diate \/ dure 15 ans (les m\u00e9decins recommandent de changer de plombage apr\u00e8s la dur\u00e9e)<\/td><\/tr><tr><td>Convalescence<\/td><td>10 jours<\/td><\/tr><\/tbody><\/table><figcaption class=\"wp-element-caption\">Augmentation Mammaire<\/figcaption><\/figure>\n\n\n\n<h2 class=\"wp-block-heading\">Comment se d\u00e9roule une augmentation mammaire&nbsp;?<\/h2>\n\n\n\n<p>L&rsquo;augmentation mammaire utilise diff\u00e9rentes techniques, la plus courante \u00e9tant la pose d&rsquo;implants en silicone. Le chirurgien place soigneusement les implants de mani\u00e8re \u00e0 augmenter le volume de la poitrine tout en pr\u00e9servant un aspect naturel. La taille et la forme des implants sont discut\u00e9es avec la patiente avant l&rsquo;intervention afin de garantir le r\u00e9sultat souhait\u00e9.<\/p>\n\n\n\n<p>L&rsquo;intervention dure g\u00e9n\u00e9ralement 2 \u00e0 3 heures et la patiente reste hospitalis\u00e9e une nuit avant de sortir le lendemain.<\/p>\n\n\n\n<h3 class=\"wp-block-heading\">Vid\u00e9o sur l&rsquo;augmentation mammaire<\/h3>\n\n\n\n<p>Vous trouverez ci-dessous une vid\u00e9o illustrant le d\u00e9roulement.<\/p>\n\n\n\n<figure class=\"wp-block-embed is-type-video is-provider-youtube wp-block-embed-youtube wp-embed-aspect-16-9 wp-has-aspect-ratio\"><div class=\"wp-block-embed__wrapper\">\n<iframe loading=\"lazy\" title=\"Breast Augmentation - Turk Aesthetic\" width=\"800\" height=\"450\" src=\"https:\/\/www.youtube.com\/embed\/VzFDUDkzs9E?feature=oembed\" frameborder=\"0\" allow=\"accelerometer; autoplay; clipboard-write; encrypted-media; gyroscope; picture-in-picture; web-share\" referrerpolicy=\"strict-origin-when-cross-origin\" allowfullscreen><\/iframe>\n<\/div><figcaption class=\"wp-element-caption\">Augmentation Mammaire<\/figcaption><\/figure>\n\n\n\n<h4 class=\"wp-block-heading\">Femmes \u00e9ligibles<\/h4>\n\n\n\n<p>Les femmes de plus de 18 ans peuvent avoir recours \u00e0 une augmentation mammaire pour diverses raisons. Cette intervention est souvent envisag\u00e9e par celles qui ont des seins naturellement petits apr\u00e8s la pubert\u00e9, qui pr\u00e9sentent une asym\u00e9trie mammaire ou des malformations dues \u00e0 des probl\u00e8mes m\u00e9dicaux ou \u00e0 des accidents. Elle est \u00e9galement pratiqu\u00e9e \u00e0 des fins reconstructives, et pas seulement esth\u00e9tiques.<\/p>\n\n\n\n<p>Avant l&rsquo;intervention, il est essentiel d&rsquo;informer votre chirurgien de vos \u00e9ventuelles maladies chroniques et de vos m\u00e9dicaments actuels. Parlez \u00e9galement de vos pr\u00e9c\u00e9dentes interventions chirurgicales. Avoir des attentes r\u00e9alistes quant \u00e0 l&rsquo;intervention et \u00e0 ses r\u00e9sultats potentiels est crucial. Une communication claire sur ces points contribuera \u00e0 une exp\u00e9rience chirurgicale s\u00fbre et efficace.<\/p>\n\n\n\n<h4 class=\"wp-block-heading\">Qui n&rsquo;est pas \u00e9ligible?<\/h4>\n\n\n\n<p>L&rsquo;augmentation mammaire, comme toute autre <a href=\"https:\/\/www.turkaesthetic.com\/fr\/plastic-surgeries\/\" target=\"_blank\" data-type=\"page\" data-id=\"28017\" rel=\"noreferrer noopener\">chirurgie esth\u00e9tique<\/a>, ne convient pas \u00e0 tout le monde. De nombreuses femmes sont de bonnes candidates pour cette intervention, tandis que d&rsquo;autres ne le sont pas. Il est essentiel de consulter un m\u00e9decin ou l&rsquo;\u00e9quipe m\u00e9dicale de Turk Aesthetic pour obtenir des conseils personnalis\u00e9s, adapt\u00e9s \u00e0 chaque cas. Vous pouvez fournir des photos ou partager des informations pertinentes sur votre \u00e9tat de sant\u00e9.<\/p>\n\n\n\n<p>Certaines femmes, comme celles souffrant d&rsquo;une maladie cardiaque avanc\u00e9e, d&rsquo;un diab\u00e8te s\u00e9v\u00e8re ou de probl\u00e8mes respiratoires chroniques, peuvent pr\u00e9f\u00e9rer \u00e9viter cette intervention.<\/p>\n\n\n\n<h5 class=\"wp-block-heading\">Qui pratique l&rsquo;augmentation mammaire&nbsp;?<\/h5>\n\n\n\n<p>L&rsquo;augmentation mammaire est une intervention esth\u00e9tique, et elle doit \u00eatre r\u00e9alis\u00e9e par un chirurgien plasticien certifi\u00e9 et expert en chirurgie esth\u00e9tique. D&rsquo;autres sp\u00e9cialistes m\u00e9dicaux ne peuvent pas pratiquer cette intervention, car elle rel\u00e8ve strictement de la chirurgie plastique.<\/p>\n\n\n\n<h3 class=\"wp-block-heading\">Raisons fr\u00e9quentes de l&rsquo;augmentation mammaire<\/h3>\n\n\n\n<p>Les femmes optent pour une augmentation mammaire pour diverses raisons, notamment&nbsp;:<\/p>\n\n\n\n<ul class=\"wp-block-list\">\n<li>Petite taille de poitrine.<\/li>\n\n\n\n<li>Manque de confiance en soi.<\/li>\n\n\n\n<li>Sentiment d&rsquo;inad\u00e9quation.<\/li>\n\n\n\n<li>Asym\u00e9trie mammaire.<\/li>\n\n\n\n<li>Reconstruction mammaire apr\u00e8s un accident ou un probl\u00e8me m\u00e9dical.<\/li>\n\n\n\n<li>Remplacement d&rsquo;anciens implants en silicone.<\/li>\n<\/ul>\n\n\n\n<h4 class=\"wp-block-heading\">Type d&rsquo;anesth\u00e9sie utilis\u00e9<\/h4>\n\n\n\n<p>L&rsquo;augmentation mammaire ne peut pas \u00eatre r\u00e9alis\u00e9e sous anesth\u00e9sie locale&nbsp;; elle se fait exclusivement sous anesth\u00e9sie g\u00e9n\u00e9rale. La patiente est sous s\u00e9dation compl\u00e8te avant le d\u00e9but de l&rsquo;intervention et le reste jusqu&rsquo;\u00e0 la fin.<\/p>\n\n\n\n<p>Les patientes doivent \u00eatre \u00e0 jeun au moins six heures avant l&rsquo;intervention pour garantir leur s\u00e9curit\u00e9 pendant l&rsquo;intervention. Apr\u00e8s l&rsquo;op\u00e9ration, il est important que les patients s&rsquo;abstiennent de manger et de boire pendant environ quatre heures. Pass\u00e9 ce d\u00e9lai, ils peuvent commencer par des repas l\u00e9gers et reprendre progressivement une alimentation normale, selon leur convenance. et ensuite revenir \u00e0 une vie normale en termes de nourriture et de boisson.<\/p>\n\n\n\n<h3 class=\"wp-block-heading\">\u00c9tapes vers l\u2019augmentation mammaire<\/h3>\n\n\n<div id=\"rank-math-howto\" class=\"rank-math-block\" >\n<div class=\"rank-math-howto-description\">\n\n<\/div>\n<p class=\"rank-math-howto-duration\"><strong>Temps total\u00a0:<\/strong> <span>3 heures<\/span><\/p>\n<div class=\"rank-math-steps \">\n<div id=\"howto-step-1678629114662\" class=\"rank-math-step\">\n<h3 class=\"rank-math-step-title \"><strong>Avant le d\u00e9but de l\u2019op\u00e9ration<\/strong><\/h3>\n<div class=\"rank-math-step-content \"><img loading=\"lazy\" decoding=\"async\" width=\"1024\" height=\"681\" src=\"https:\/\/www.turkaesthetic.com\/wp-content\/uploads\/2021\/12\/Breast-Augmentation-1.webp\" class=\"attachment-full size-full\" alt=\"augmentation mammaire en turquie\" srcset=\"https:\/\/www.turkaesthetic.com\/wp-content\/uploads\/2021\/12\/Breast-Augmentation-1.webp 1024w, https:\/\/www.turkaesthetic.com\/wp-content\/uploads\/2021\/12\/Breast-Augmentation-1-300x200.webp 300w, https:\/\/www.turkaesthetic.com\/wp-content\/uploads\/2021\/12\/Breast-Augmentation-1-768x511.webp 768w\" sizes=\"auto, (max-width: 1024px) 100vw, 1024px\" \/><p>Avant une augmentation mammaire, il est essentiel que les patientes informent leur chirurgien de leurs \u00e9ventuelles maladies chroniques, des m\u00e9dicaments qu&rsquo;elles prennent actuellement et de leurs ant\u00e9c\u00e9dents chirurgicaux. De plus, il est crucial de discuter de leurs probl\u00e8mes de sant\u00e9 afin de garantir la s\u00e9curit\u00e9 et l&rsquo;efficacit\u00e9 de l&rsquo;intervention. En fournissant ces informations, les patientes peuvent aider leur chirurgien \u00e0 prendre des d\u00e9cisions \u00e9clair\u00e9es et \u00e0 adapter l&rsquo;approche chirurgicale \u00e0 leurs besoins individuels.<br \/>Conseils pr\u00e9op\u00e9ratoires\u00a0:<br \/>\u2013 Discuter des r\u00e9sultats escompt\u00e9s avec l&rsquo;\u00e9quipe m\u00e9dicale.<br \/>\u2013 Je\u00fbner au moins six heures avant l&rsquo;intervention.<br \/>\u2013 Informer l&rsquo;\u00e9quipe m\u00e9dicale de tout m\u00e9dicament utilis\u00e9.<br \/>\u2013 \u00c9viter l&rsquo;alcool et le tabac pendant au moins une semaine avant l&rsquo;intervention.<br \/>\u2013 Arr\u00eater les anticoagulants comme l&rsquo;aspirine (uniquement apr\u00e8s consultation d&rsquo;un m\u00e9decin).<br \/>\u2013 Porter des v\u00eatements confortables le jour de l&rsquo;intervention.<\/p>\n<\/div>\n<\/div>\n<div id=\"howto-step-1678629216379\" class=\"rank-math-step\">\n<h3 class=\"rank-math-step-title \"><strong>Pendant l\u2019op\u00e9ration<\/strong><\/h3>\n<div class=\"rank-math-step-content \"><img loading=\"lazy\" decoding=\"async\" width=\"1024\" height=\"683\" src=\"https:\/\/www.turkaesthetic.com\/wp-content\/uploads\/2021\/12\/Breast-Augmentation-3.webp\" class=\"attachment-full size-full\" alt=\"augmentation mammaire en turquie\" srcset=\"https:\/\/www.turkaesthetic.com\/wp-content\/uploads\/2021\/12\/Breast-Augmentation-3.webp 1024w, https:\/\/www.turkaesthetic.com\/wp-content\/uploads\/2021\/12\/Breast-Augmentation-3-300x200.webp 300w, https:\/\/www.turkaesthetic.com\/wp-content\/uploads\/2021\/12\/Breast-Augmentation-3-768x512.webp 768w\" sizes=\"auto, (max-width: 1024px) 100vw, 1024px\" \/><p>La taille et le type d&rsquo;implant en silicone appropri\u00e9s sont s\u00e9lectionn\u00e9s pendant l&rsquo;intervention. Les \u00e9tapes chirurgicales commencent ensuite, notamment l&rsquo;anesth\u00e9sie, la st\u00e9rilisation de la zone cibl\u00e9e et la d\u00e9termination de l&#8217;emplacement optimal pour l&rsquo;insertion de l&rsquo;implant en silicone. L&rsquo;incision est g\u00e9n\u00e9ralement pratiqu\u00e9e dans une zone dissimul\u00e9e sous le sein ou, dans certains cas, directement sous le mamelon.<\/p>\n<\/div>\n<\/div>\n<div id=\"howto-step-1678629244136\" class=\"rank-math-step\">\n<h3 class=\"rank-math-step-title \"><strong>Apr\u00e8s l\u2019op\u00e9ration.<\/strong><\/h3>\n<div class=\"rank-math-step-content \"><p>Une fois l&rsquo;intervention termin\u00e9e, la patiente est transf\u00e9r\u00e9e du bloc op\u00e9ratoire apr\u00e8s fermeture des incisions utilis\u00e9es pour la pose de l&rsquo;implant. Elle est ensuite transf\u00e9r\u00e9e en salle de r\u00e9veil et peut g\u00e9n\u00e9ralement quitter l&rsquo;h\u00f4pital le lendemain. Une visite de suivi avec le m\u00e9decin est g\u00e9n\u00e9ralement recommand\u00e9e apr\u00e8s environ six jours.<br \/>Les patientes doivent suivre scrupuleusement les instructions du m\u00e9decin et de l&rsquo;\u00e9quipe m\u00e9dicale afin d&rsquo;obtenir les r\u00e9sultats escompt\u00e9s et de minimiser les effets secondaires ind\u00e9sirables. Il est \u00e9galement recommand\u00e9 de porter un soutien-gorge de compression m\u00e9dicale pendant un \u00e0 deux mois apr\u00e8s l&rsquo;intervention. De plus, les m\u00e9dicaments prescrits doivent \u00eatre pris conform\u00e9ment aux instructions, sans les n\u00e9gliger. Il est conseill\u00e9 aux patientes de rester en contact avec leur m\u00e9decin ou leur \u00e9quipe m\u00e9dicale pendant la p\u00e9riode de convalescence pour toute question ou pr\u00e9occupation concernant les effets secondaires.<\/p>\n<\/div>\n<\/div>\n<\/div>\n<\/div>\n<p class=\"rank-math-howto-estimatedCost\"><strong>Co\u00fbt estim\u00e9\u00a0:<\/strong> <span>3450 Euro<\/span><\/p>\n\n\n\n\n\n<h3 class=\"wp-block-heading\">Avant et apr\u00e8s une augmentation mammaire<\/h3>\n\n\n\n<p>Vous trouverez ci-dessous des photos avant et apr\u00e8s l&rsquo;op\u00e9ration d&rsquo;augmentation mammaire r\u00e9alis\u00e9e au Turk Aesthetic.<\/p>\n\n\n\n<figure class=\"wp-block-gallery has-nested-images columns-default is-cropped wp-block-gallery-1 is-layout-flex wp-block-gallery-is-layout-flex\">\n<figure class=\"wp-block-image size-large\"><img loading=\"lazy\" decoding=\"async\" width=\"1200\" height=\"800\" data-id=\"45107\" src=\"https:\/\/www.turkaesthetic.com\/wp-content\/uploads\/2023\/11\/before-after-breast-augmentation-4.jpg\" alt=\"avant apr\u00e8s augmentation mammaire\" class=\"wp-image-45107\"\/><figcaption class=\"wp-element-caption\">avant apr\u00e8s augmentation mammaire<\/figcaption><\/figure>\n\n\n\n<figure class=\"wp-block-image size-large\"><img loading=\"lazy\" decoding=\"async\" width=\"1200\" height=\"800\" data-id=\"45089\" src=\"https:\/\/www.turkaesthetic.com\/wp-content\/uploads\/2023\/11\/before-after-breast-augmentation-2.jpg\" alt=\"avant apr\u00e8s augmentation mammaire\" class=\"wp-image-45089\"\/><figcaption class=\"wp-element-caption\">avant apr\u00e8s augmentation mammaire<\/figcaption><\/figure>\n\n\n\n<figure class=\"wp-block-image size-large\"><img loading=\"lazy\" decoding=\"async\" width=\"1200\" height=\"800\" data-id=\"45080\" src=\"https:\/\/www.turkaesthetic.com\/wp-content\/uploads\/2023\/11\/before-after-breast-augmentation-1.jpg\" alt=\"avant apr\u00e8s augmentation mammaire\" class=\"wp-image-45080\"\/><figcaption class=\"wp-element-caption\">avant apr\u00e8s augmentation mammaire<\/figcaption><\/figure>\n<\/figure>\n\n\n\n<h3 class=\"wp-block-heading\">Techniques utilis\u00e9es<\/h3>\n\n\n\n<p>Plusieurs techniques sont utilis\u00e9es pour l&rsquo;augmentation mammaire, les plus courantes \u00e9tant&nbsp;:<\/p>\n\n\n\n<p>Injections de produits de comblement permanents<br>Greffe de graisse (transfert de graisse autologue)<br>Implants en silicone<br>Les m\u00e9decins privil\u00e9gient g\u00e9n\u00e9ralement les implants en silicone pour plusieurs raisons essentielles&nbsp;:<\/p>\n\n\n\n<p>Normes de s\u00e9curit\u00e9 \u00e9lev\u00e9es pour les implants en silicone<br>Sym\u00e9trie parfaite entre les deux seins<br>Minimisation des risques d&rsquo;effets secondaires li\u00e9s au transfert de graisse ou aux produits de comblement<\/p>\n\n\n\n<h4 class=\"wp-block-heading\">Types d&rsquo;implants en silicone utilis\u00e9s<\/h4>\n\n\n\n<p>Diff\u00e9rents types d&rsquo;implants en silicone sont disponibles pour l&rsquo;augmentation mammaire. Chez Turk Aesthetic, nous privil\u00e9gions les implants de haute qualit\u00e9, notamment les implants Mentor (fabriqu\u00e9s aux \u00c9tats-Unis) et Motiva (fabriqu\u00e9s aux \u00c9tats-Unis). D&rsquo;autres implants provenant de diff\u00e9rents pays, comme la Chine et la Russie, sont \u00e9galement disponibles sur le march\u00e9.<\/p>\n\n\n\n<p>Icone de haute qualit\u00e9, nous nous appuyons donc sur des obturationsen silicone de haute qualit\u00e9 telles que mentor d\u2019origine am\u00e9ricaine ou Motiva d\u2019origine Motiva.\u00a0 Il existe \u00e9galement de nombreuses autres qualit\u00e9s utilis\u00e9es dans diff\u00e9rents pays tels que la Chine ou la Russie.<\/p>\n\n\n\n<figure class=\"wp-block-gallery has-nested-images columns-default is-cropped wp-block-gallery-2 is-layout-flex wp-block-gallery-is-layout-flex\">\n<figure class=\"wp-block-image size-large\"><img loading=\"lazy\" decoding=\"async\" width=\"1000\" height=\"667\" data-id=\"14410\" src=\"http:\/\/turkaesthetic.com\/wp-content\/uploads\/2021\/12\/Breast-Augmentation-4.webp\" alt=\"augmentation mammaire en turquie\" class=\"wp-image-14410\" srcset=\"https:\/\/www.turkaesthetic.com\/wp-content\/uploads\/2021\/12\/Breast-Augmentation-4.webp 1000w, https:\/\/www.turkaesthetic.com\/wp-content\/uploads\/2021\/12\/Breast-Augmentation-4-300x200.webp 300w, https:\/\/www.turkaesthetic.com\/wp-content\/uploads\/2021\/12\/Breast-Augmentation-4-768x512.webp 768w\" sizes=\"auto, (max-width: 1000px) 100vw, 1000px\" \/><figcaption class=\"wp-element-caption\">augmentation mammaire<\/figcaption><\/figure>\n<\/figure>\n\n\n\n<h3 class=\"wp-block-heading\">Consignes postop\u00e9ratoires pour l&rsquo;augmentation mammaire<\/h3>\n\n\n\n<p>Apr\u00e8s une augmentation mammaire, plusieurs consignes essentielles sont \u00e0 suivre. Voici les principales recommandations&nbsp;:<\/p>\n\n\n\n<ul class=\"wp-block-list\">\n<li>Suivez attentivement les instructions du m\u00e9decin.<\/li>\n\n\n\n<li>Prenez vos m\u00e9dicaments prescrits \u00e0 temps.<\/li>\n\n\n\n<li>\u00c9vitez les activit\u00e9s intenses pendant la p\u00e9riode de convalescence.<\/li>\n\n\n\n<li>Portez un soutien-gorge de compression m\u00e9dical comme indiqu\u00e9.<\/li>\n<\/ul>\n\n\n\n<h4 class=\"wp-block-heading\">Avantages et inconv\u00e9nients<\/h4>\n\n\n\n<p><strong>Inconv\u00e9nients<\/strong><\/p>\n\n\n\n<p>L&rsquo;augmentation mammaire ne pr\u00e9sente pas d&rsquo;inconv\u00e9nients majeurs pour les femmes, sauf si l&rsquo;intervention est r\u00e9alis\u00e9e par un chirurgien inexp\u00e9riment\u00e9, ce qui peut entra\u00eener une asym\u00e9trie mammaire.<\/p>\n\n\n\n<p><strong>Avantages<\/strong><\/p>\n\n\n\n<p>Une augmentation mammaire r\u00e9ussie renforce la confiance en soi, car une poitrine volumineuse est souvent associ\u00e9e \u00e0 des crit\u00e8res de beaut\u00e9.<br>Une augmentation de la f\u00e9minit\u00e9 et de l&rsquo;attrait, car des seins plus volumineux contribuent \u00e0 une silhouette plus proportionn\u00e9e.<br>Une intervention s\u00fbre, car les implants en silicone sont doux pour la peau et sans complications graves.<\/p>\n\n\n\n<p><strong>Effets secondaires de l&rsquo;augmentation mammaire<\/strong><\/p>\n\n\n\n<ul class=\"wp-block-list\">\n<li>Gonflement et rougeur.<\/li>\n\n\n\n<li>Douleur l\u00e9g\u00e8re.<\/li>\n\n\n\n<li>Inconfort durant les premiers jours suivant l&rsquo;intervention.<\/li>\n\n\n\n<li>L\u00e9g\u00e8res d\u00e9mangeaisons pendant la cicatrisation des points de suture.<\/li>\n<\/ul>\n\n\n\n<h3 class=\"wp-block-heading\">Chirurgie d&rsquo;augmentation mammaire \u00e0 Istanbul, Turquie<\/h3>\n\n\n\n<p>La Turquie, et plus particuli\u00e8rement Istanbul, est devenue une destination de choix pour le tourisme m\u00e9dical, attirant des visiteurs \u00e0 la recherche de proc\u00e9dures esth\u00e9tiques et de voyages. Le pays offre de nombreux avantages, notamment une vari\u00e9t\u00e9 d&rsquo;options, des chirurgiens exp\u00e9riment\u00e9s, des services de haute qualit\u00e9 et des prix raisonnables. L&rsquo;augmentation mammaire est l&rsquo;une des interventions esth\u00e9tiques les plus populaires, avec des co\u00fbts compris entre 3&nbsp;450 et 4&nbsp;500 \u20ac, selon la clinique ou l&rsquo;h\u00f4pital.<\/p>\n\n\n\n<h4 class=\"wp-block-heading\">Co\u00fbt d&rsquo;une augmentation mammaire<\/h4>\n\n\n\n<p>Le co\u00fbt d&rsquo;une augmentation mammaire varie d&rsquo;une clinique \u00e0 l&rsquo;autre en fonction de plusieurs facteurs, notamment&nbsp;:<\/p>\n\n\n\n<ul class=\"wp-block-list\">\n<li>Type d&rsquo;implants utilis\u00e9s&nbsp;;<\/li>\n\n\n\n<li>R\u00e9putation de la clinique ou de l&rsquo;h\u00f4pital&nbsp;;<\/li>\n\n\n\n<li>Exp\u00e9rience du chirurgien&nbsp;;<\/li>\n\n\n\n<li>Cr\u00e9dibilit\u00e9 de la clinique et services compl\u00e9mentaires propos\u00e9s.<\/li>\n\n\n\n<li>Chez Turk Aesthetic le <a href=\"https:\/\/www.turkaesthetic.com\/fr\/surgeries-fr\/breast-enlargement-cost\/\" data-type=\"post\" data-id=\"44792\" target=\"_blank\" rel=\"noreferrer noopener\">prix d&rsquo;une augmentation mammaire<\/a> varie de 3\u00a0450 \u00e0 4\u00a0500 \u20ac.tation mammaire co\u00fbte environ 3500 &#8211; 4500 euros.<\/li>\n<\/ul>\n\n\n\n<h2 class=\"wp-block-heading\">Foire aux questions (FAQ)<\/h2>\n\n\n<div id=\"rank-math-faq\" class=\"rank-math-block\">\n<div class=\"rank-math-list \">\n<div id=\"faq-question-1678629346230\" class=\"rank-math-list-item\">\n<h3 class=\"rank-math-question \">Combien de temps dure?<\/h3>\n<div class=\"rank-math-answer \">\n\n<p>Environ 3 \u00e0 4\u00a0heures.<\/p>\n\n<\/div>\n<\/div>\n<div id=\"faq-question-1741862215142\" class=\"rank-math-list-item\">\n<h3 class=\"rank-math-question \">Quand verrai-je les r\u00e9sultats?<\/h3>\n<div class=\"rank-math-answer \">\n\n<p>Les r\u00e9sultats sont imm\u00e9diats et deviennent plus visibles une fois l\u2019\u0153d\u00e8me postop\u00e9ratoire r\u00e9sorb\u00e9.<\/p>\n\n<\/div>\n<\/div>\n<div id=\"faq-question-1741862220940\" class=\"rank-math-list-item\">\n<h3 class=\"rank-math-question \">Quelles sont les complications possibles de l\u2019intervention?<\/h3>\n<div class=\"rank-math-answer \">\n\n<p>L\u2019intervention est g\u00e9n\u00e9ralement s\u00fbre et comporte peu de complications. Le principal risque est le rejet du mat\u00e9riel implant\u00e9 par l\u2019organisme, plus probable avec des implants de mauvaise qualit\u00e9.<\/p>\n\n<\/div>\n<\/div>\n<div id=\"faq-question-1741862226609\" class=\"rank-math-list-item\">\n<h3 class=\"rank-math-question \">Quel est le taux de r\u00e9ussite?<\/h3>\n<div class=\"rank-math-answer \">\n\n<p>Le taux de r\u00e9ussite d\u00e9pend directement de l\u2019expertise du chirurgien, de la r\u00e9putation de l\u2019h\u00f4pital et de la qualit\u00e9 des mat\u00e9riaux utilis\u00e9s.<\/p>\n\n<\/div>\n<\/div>\n<div id=\"faq-question-1741862232527\" class=\"rank-math-list-item\">\n<h3 class=\"rank-math-question \">L\u2019augmentation mammaire est-elle canc\u00e9rig\u00e8ne?<\/h3>\n<div class=\"rank-math-answer \">\n\n<p>Les implants mammaires sont doux pour le corps et ne provoquent pas de cancer. Dans de rares cas, le corps peut rejeter l\u2019implant, ce qui entra\u00eene des sympt\u00f4mes tels que des d\u00e9mangeaisons ou un engourdissement.<\/p>\n\n<\/div>\n<\/div>\n<div id=\"faq-question-1741862239120\" class=\"rank-math-list-item\">\n<h3 class=\"rank-math-question \">L\u2019augmentation mammaire peut-elle \u00eatre r\u00e9alis\u00e9e par transfert de graisse?<\/h3>\n<div class=\"rank-math-answer \">\n\n<p>Bien que le transfert de graisse soit une alternative non chirurgicale, il ne constitue pas une solution permanente. Le corps absorbe progressivement la graisse transf\u00e9r\u00e9e, r\u00e9duisant ainsi la taille et l&rsquo;asym\u00e9trie des seins. Par cons\u00e9quent, les m\u00e9decins ne la recommandent g\u00e9n\u00e9ralement pas.<\/p>\n\n<\/div>\n<\/div>\n<\/div>\n<\/div>\n\n\n<p>Vous pouvez\u00a0<strong><a href=\"http:\/\/turkaesthetic.com\/fr\/contact-us\/\" target=\"_blank\" rel=\"noreferrer noopener\">nous contacter<\/a><\/strong>\u00a0\u00e0 tout moment pour r\u00e9server votre rendez-vous de proc\u00e9dure ou vous pouvez retourner sur la\u00a0<strong><a href=\"https:\/\/www.youtube.com\/channel\/UC0zggzdm5CFwpRMmn_CPpFQ\" target=\"_blank\" rel=\"noreferrer noopener\">page d\u2019accueil.<\/a><\/strong><\/p>\n","protected":false},"excerpt":{"rendered":"<p>L&rsquo;augmentation mammaire est une intervention de chirurgie esth\u00e9tique pratiqu\u00e9e par un chirurgien plasticien sp\u00e9cialis\u00e9. De nombreuses femmes optent pour cette intervention pour augmenter le volume de leur poitrine, notamment lorsqu&rsquo;elles ont une poitrine naturellement petite, ont subi une perte de volume mammaire suite \u00e0 un accident ou un cancer du sein, ou doivent remplacer d&rsquo;anciens [&hellip;]<\/p>\n","protected":false},"author":1,"featured_media":24878,"parent":0,"menu_order":0,"comment_status":"closed","ping_status":"closed","template":"","meta":{"footnotes":""},"dep":[],"class_list":["post-15870","page","type-page","status-publish","has-post-thumbnail","hentry"],"_links":{"self":[{"href":"https:\/\/www.turkaesthetic.com\/fr\/wp-json\/wp\/v2\/pages\/15870","targetHints":{"allow":["GET"]}}],"collection":[{"href":"https:\/\/www.turkaesthetic.com\/fr\/wp-json\/wp\/v2\/pages"}],"about":[{"href":"https:\/\/www.turkaesthetic.com\/fr\/wp-json\/wp\/v2\/types\/page"}],"author":[{"embeddable":true,"href":"https:\/\/www.turkaesthetic.com\/fr\/wp-json\/wp\/v2\/users\/1"}],"replies":[{"embeddable":true,"href":"https:\/\/www.turkaesthetic.com\/fr\/wp-json\/wp\/v2\/comments?post=15870"}],"version-history":[{"count":0,"href":"https:\/\/www.turkaesthetic.com\/fr\/wp-json\/wp\/v2\/pages\/15870\/revisions"}],"wp:featuredmedia":[{"embeddable":true,"href":"https:\/\/www.turkaesthetic.com\/fr\/wp-json\/wp\/v2\/media\/24878"}],"wp:attachment":[{"href":"https:\/\/www.turkaesthetic.com\/fr\/wp-json\/wp\/v2\/media?parent=15870"}],"wp:term":[{"taxonomy":"dep","embeddable":true,"href":"https:\/\/www.turkaesthetic.com\/fr\/wp-json\/wp\/v2\/dep?post=15870"}],"curies":[{"name":"wp","href":"https:\/\/api.w.org\/{rel}","templated":true}]}}