{"id":15855,"date":"2021-12-24T13:46:29","date_gmt":"2021-12-24T10:46:29","guid":{"rendered":"http:\/\/turkaesthetic.com\/breast-reduction-2\/"},"modified":"2025-04-07T16:50:10","modified_gmt":"2025-04-07T13:50:10","slug":"breast-reduction","status":"publish","type":"page","link":"https:\/\/www.turkaesthetic.com\/fr\/breast-reduction\/","title":{"rendered":"R\u00e9duction Mammaire"},"content":{"rendered":"\n<p>La<strong> r\u00e9duction mammaire<\/strong> est une intervention esth\u00e9tique pratiqu\u00e9e par un chirurgien plasticien pour remodeler la poitrine chez les femmes pr\u00e9sentant une poitrine excessive due \u00e0 des facteurs g\u00e9n\u00e9tiques ou \u00e0 une prise de poids.<\/p>\n\n\n\n<p>Les r\u00e9sultats sont imm\u00e9diatement visibles apr\u00e8s l&rsquo;intervention, qui dure g\u00e9n\u00e9ralement environ 3 heures sous anesth\u00e9sie g\u00e9n\u00e9rale. Vous trouverez ci-dessous toutes les informations essentielles pour les femmes envisageant cette intervention.<\/p>\n\n\n\n<figure class=\"wp-block-table\"><table><tbody><tr><td>Anesth\u00e9sie<\/td><td>G\u00e9n\u00e9rale&nbsp;<\/td><\/tr><tr><td>Dur\u00e9e du processus<\/td><td>3 heures<\/td><\/tr><tr><td>S\u00e9jour \u00e0 l\u2019h\u00f4pital&nbsp;<\/td><td>1 nuit est n\u00e9cessaire apr\u00e8s le processus<\/td><\/tr><tr><td>R\u00e9sultats<\/td><td>Imm\u00e9diat \/ Dur\u00e9e de vie<\/td><\/tr><tr><td>Convalescence<\/td><td>10 &#8211; 15 jours<\/td><\/tr><\/tbody><\/table><figcaption class=\"wp-element-caption\">R\u00e9duction Mammaire en Turquie<\/figcaption><\/figure>\n\n\n\n<h2 class=\"wp-block-heading\">Comment se d\u00e9roule une r\u00e9duction mammaire&nbsp;?<\/h2>\n\n\n\n<p>L&rsquo;intervention vise \u00e0 r\u00e9duire le volume des seins trop volumineux, susceptibles d&rsquo;entra\u00eener divers probl\u00e8mes de sant\u00e9, tels que des douleurs au dos, \u00e0 la colonne vert\u00e9brale et au cou, des difficult\u00e9s respiratoires et une posture vo\u00fbt\u00e9e due \u00e0 un exc\u00e8s de poids.<\/p>\n\n\n\n<p>L&rsquo;intervention consiste \u00e0 retirer le tissu glandulaire, la graisse et l&rsquo;exc\u00e8s de peau des seins, ce qui permet d&rsquo;obtenir une poitrine plus ferme, plus lift\u00e9e et plus proportionn\u00e9e. Cette intervention am\u00e9liore l&rsquo;esth\u00e9tique, le confort physique et le fonctionnement g\u00e9n\u00e9ral du corps.<\/p>\n\n\n\n<h3 class=\"wp-block-heading\">Vid\u00e9o<\/h3>\n\n\n\n<p>Une vid\u00e9o de d\u00e9monstration vous montrera le d\u00e9roulement de l&rsquo;intervention.<\/p>\n\n\n\n<figure class=\"wp-block-embed is-type-video is-provider-youtube wp-block-embed-youtube wp-embed-aspect-16-9 wp-has-aspect-ratio\"><div class=\"wp-block-embed__wrapper\">\n<iframe loading=\"lazy\" title=\"Breast Reduction - Turk Aesthetic\" width=\"800\" height=\"450\" src=\"https:\/\/www.youtube.com\/embed\/Yta8qRQ-4-A?feature=oembed\" frameborder=\"0\" allow=\"accelerometer; autoplay; clipboard-write; encrypted-media; gyroscope; picture-in-picture; web-share\" referrerpolicy=\"strict-origin-when-cross-origin\" allowfullscreen><\/iframe>\n<\/div><\/figure>\n\n\n\n<h3 class=\"wp-block-heading\">Qui est \u00e9ligible \u00e0 cette intervention&nbsp;?<\/h3>\n\n\n\n<p>Cette intervention convient aux femmes pr\u00e9sentant une poitrine tombante ou disproportionn\u00e9e, inadapt\u00e9e \u00e0 leur silhouette. Les candidates doivent \u00eatre&nbsp;:<\/p>\n\n\n\n<ul class=\"wp-block-list\">\n<li>\u00catre \u00e2g\u00e9es de plus de 18\u00a0ans<\/li>\n\n\n\n<li>En bonne sant\u00e9 g\u00e9n\u00e9rale<\/li>\n\n\n\n<li>Rechercher une poitrine plus ferme et plus proportionn\u00e9e pour gagner en confiance<\/li>\n<\/ul>\n\n\n\n<h4 class=\"wp-block-heading\">Qui n\u2019est pas \u00e9ligible \u00e0 cette intervention&nbsp;?<\/h4>\n\n\n\n<p>Certaines femmes peuvent souffrir d\u2019une poitrine volumineuse et lourde, mais ne pas \u00eatre \u00e9ligibles \u00e0 la chirurgie pour les raisons suivantes&nbsp;:<\/p>\n\n\n\n<ul class=\"wp-block-list\">\n<li>Maladies chroniques telles qu\u2019une maladie cardiaque ou un diab\u00e8te non contr\u00f4l\u00e9<\/li>\n\n\n\n<li>Tumeurs \u00e0 un stade avanc\u00e9 (une consultation m\u00e9dicale est n\u00e9cessaire)<\/li>\n\n\n\n<li>Probl\u00e8mes de cicatrisation<\/li>\n\n\n\n<li>Les jeunes filles de moins de 18\u00a0ans, car leur corps est encore en d\u00e9veloppement<\/li>\n<\/ul>\n\n\n\n<h3 class=\"wp-block-heading\">Quel sp\u00e9cialiste pratique la r\u00e9duction mammaire&nbsp;?<\/h3>\n\n\n\n<p>La r\u00e9duction <a href=\"https:\/\/www.turkaesthetic.com\/fr\/breast-enlargement\/\" target=\"_blank\" data-type=\"page\" data-id=\"15870\" rel=\"noreferrer noopener\">mammaire<\/a> est une intervention de chirurgie esth\u00e9tique, ce qui signifie qu\u2019elle doit \u00eatre r\u00e9alis\u00e9e par un chirurgien plasticien certifi\u00e9 et expert en chirurgie esth\u00e9tique. Les m\u00e9decins d\u2019autres sp\u00e9cialit\u00e9s m\u00e9dicales ne peuvent pas pratiquer ce type d\u2019intervention.<\/p>\n\n\n\n<h4 class=\"wp-block-heading\">Type d\u2019anesth\u00e9sie utilis\u00e9<\/h4>\n\n\n\n<p>L\u2019intervention ne peut pas \u00eatre r\u00e9alis\u00e9e sous anesth\u00e9sie locale seule\u00a0; elle n\u00e9cessite une anesth\u00e9sie g\u00e9n\u00e9rale. Les patients doivent je\u00fbner au moins six heures avant l&rsquo;intervention. Apr\u00e8s l&rsquo;intervention, une p\u00e9riode de je\u00fbne d&rsquo;environ quatre heures est recommand\u00e9e avant de r\u00e9introduire progressivement des repas l\u00e9gers, puis de reprendre une alimentation normale.<\/p>\n\n\n\n<h3 class=\"wp-block-heading\">\u00c9tapes<\/h3>\n\n\n<div id=\"rank-math-howto\" class=\"rank-math-block\" >\n<div class=\"rank-math-howto-description\">\n\n<p>La chirurgie de r\u00e9duction mammaire passe par trois \u00e9tapes, comme d\u2019autres op\u00e9rations:<\/p>\n\n<\/div>\n<p class=\"rank-math-howto-duration\"><strong>Temps total\u00a0:<\/strong> <span>3 heures<\/span><\/p>\n<div class=\"rank-math-steps \">\n<div id=\"howto-step-1678632044389\" class=\"rank-math-step\">\n<h3 class=\"rank-math-step-title \"><strong>Avant le processus<\/strong><\/h3>\n<div class=\"rank-math-step-content \"><img loading=\"lazy\" decoding=\"async\" width=\"1012\" height=\"768\" src=\"https:\/\/www.turkaesthetic.com\/wp-content\/uploads\/2021\/12\/before.webp\" class=\"attachment-full size-full\" alt=\"R\u00e9duction Mammaire en Turquie\" srcset=\"https:\/\/www.turkaesthetic.com\/wp-content\/uploads\/2021\/12\/before.webp 1012w, https:\/\/www.turkaesthetic.com\/wp-content\/uploads\/2021\/12\/before-300x228.webp 300w, https:\/\/www.turkaesthetic.com\/wp-content\/uploads\/2021\/12\/before-768x583.webp 768w\" sizes=\"auto, (max-width: 1012px) 100vw, 1012px\" \/><p>Avant une r\u00e9duction mammaire, il est conseill\u00e9 d&rsquo;informer l&rsquo;\u00e9quipe m\u00e9dicale ou le m\u00e9decin des \u00e9ventuelles maladies chroniques de la patiente, ainsi que des m\u00e9dicaments utilis\u00e9s, le cas \u00e9ch\u00e9ant. Il est \u00e9galement important d&rsquo;informer le m\u00e9decin de toute intervention chirurgicale ant\u00e9rieure et de ne rien omettre concernant l&rsquo;\u00e9tat de sant\u00e9 de la patiente. De plus, plusieurs instructions doivent \u00eatre suivies, notamment\u00a0:<br \/>\u2013 Discuter des r\u00e9sultats attendus de l&rsquo;intervention avec l&rsquo;\u00e9quipe m\u00e9dicale\u00a0;<br \/>\u2013 \u00c9viter de manger et de boire pendant au moins six heures avant l&rsquo;intervention\u00a0;<br \/>\u2013 Informer l&rsquo;\u00e9quipe m\u00e9dicale de tout m\u00e9dicament pris\u00a0;<br \/>\u2013 S&rsquo;abstenir de consommer de l&rsquo;alcool et du tabac pendant au moins une semaine avant l&rsquo;intervention\u00a0;<br \/>\u2013 Arr\u00eater tout m\u00e9dicament anticoagulant, comme l&rsquo;aspirine, apr\u00e8s consultation du m\u00e9decin\u00a0;<br \/>\u2013 Porter des v\u00eatements confortables le jour de l&rsquo;intervention.<\/p>\n<\/div>\n<\/div>\n<div id=\"howto-step-1678632137118\" class=\"rank-math-step\">\n<h3 class=\"rank-math-step-title \"><strong>Pendant le processus<\/strong><\/h3>\n<div class=\"rank-math-step-content \"><img loading=\"lazy\" decoding=\"async\" width=\"1024\" height=\"531\" src=\"https:\/\/www.turkaesthetic.com\/wp-content\/uploads\/2021\/12\/breast-reduction-Process.webp\" class=\"attachment-full size-full\" alt=\"R\u00e9duction Mammaire en Turquie\" srcset=\"https:\/\/www.turkaesthetic.com\/wp-content\/uploads\/2021\/12\/breast-reduction-Process.webp 1024w, https:\/\/www.turkaesthetic.com\/wp-content\/uploads\/2021\/12\/breast-reduction-Process-300x156.webp 300w, https:\/\/www.turkaesthetic.com\/wp-content\/uploads\/2021\/12\/breast-reduction-Process-768x398.webp 768w\" sizes=\"auto, (max-width: 1024px) 100vw, 1024px\" \/><p>La m\u00e9thode chirurgicale est d\u00e9termin\u00e9e en fonction des pr\u00e9f\u00e9rences de la patiente concernant la forme de ses seins apr\u00e8s l&rsquo;intervention. Sous anesth\u00e9sie g\u00e9n\u00e9rale, le chirurgien pratique des incisions autour du mamelon et de l&rsquo;ar\u00e9ole. Une deuxi\u00e8me incision est pratiqu\u00e9e verticalement, de l&rsquo;ar\u00e9ole jusqu&rsquo;\u00e0 la zone affaiss\u00e9e du sein. Le chirurgien retire ensuite l&rsquo;exc\u00e8s de graisse, de tissu et de peau, tout en relevant le mamelon et l&rsquo;ar\u00e9ole. De plus, l&rsquo;ar\u00e9ole, qui s&rsquo;agrandit souvent apr\u00e8s une grossesse, un accouchement ou l&rsquo;allaitement, peut \u00eatre r\u00e9duite. L&rsquo;intervention dure g\u00e9n\u00e9ralement environ 3 heures.<\/p>\n<\/div>\n<\/div>\n<div id=\"howto-step-1678632176410\" class=\"rank-math-step\">\n<h3 class=\"rank-math-step-title \"><strong>Apr\u00e8s le processus<\/strong><\/h3>\n<div class=\"rank-math-step-content \"><p>Apr\u00e8s l&rsquo;intervention, le m\u00e9decin pose un bandage de compression pour les seins, \u00e0 porter pendant deux \u00e0 trois jours. Les ecchymoses s&rsquo;estompent progressivement et peuvent prendre une \u00e0 trois semaines pour dispara\u00eetre compl\u00e8tement. Les sutures m\u00e9dicales se dissolvent progressivement d&rsquo;elles-m\u00eames. Il est recommand\u00e9 d&rsquo;\u00e9viter les soutiens-gorge \u00e0 armatures ou \u00e0 rembourrage et de privil\u00e9gier un soutien-gorge de sport toute la journ\u00e9e. Il est recommand\u00e9 d&rsquo;\u00e9viter toute activit\u00e9 physique intense et de conduire pendant 30 jours. Apr\u00e8s un mois, les patientes peuvent reprendre leurs activit\u00e9s quotidiennes normales, mais il est pr\u00e9f\u00e9rable d&rsquo;\u00e9viter de soulever des objets lourds ou de faire des exercices intenses pendant au moins deux mois.<\/p>\n<\/div>\n<\/div>\n<\/div>\n<\/div>\n<p class=\"rank-math-howto-estimatedCost\"><strong>Co\u00fbt estim\u00e9\u00a0:<\/strong> <span>3450 Euro<\/span><\/p>\n\n\n\n\n\n<h3 class=\"wp-block-heading\">Avant et apr\u00e8s la chirurgie de r\u00e9duction mammaire<\/h3>\n\n\n\n<p>Vous trouverez ci-dessous quelques photos de la chirurgie de r\u00e9duction mammaire <a href=\"https:\/\/www.turkaesthetic.com\/fr\/before-after\/\" target=\"_blank\" data-type=\"page\" data-id=\"46942\" rel=\"noreferrer noopener\">avant et apr\u00e8s<\/a> qui a \u00e9t\u00e9 effectu\u00e9e au Turk Aesthetic \u00e0 Istanbul, en Turquie.<\/p>\n\n\n\n<figure class=\"wp-block-gallery has-nested-images columns-default is-cropped wp-block-gallery-1 is-layout-flex wp-block-gallery-is-layout-flex\">\n<figure class=\"wp-block-image size-large\"><img loading=\"lazy\" decoding=\"async\" width=\"1200\" height=\"800\" data-id=\"45161\" src=\"https:\/\/www.turkaesthetic.com\/wp-content\/uploads\/2023\/11\/before-after-breast-reduction-2.jpg\" alt=\"avant apr\u00e8s r\u00e9duction mammaire en Turquie\" class=\"wp-image-45161\"\/><figcaption class=\"wp-element-caption\">T\u00fcrkiye de meme k\u00fc\u00e7\u00fcltme \u00f6ncesi ve sonras\u0131<\/figcaption><\/figure>\n\n\n\n<figure class=\"wp-block-image size-large\"><img loading=\"lazy\" decoding=\"async\" width=\"1200\" height=\"800\" data-id=\"45152\" src=\"https:\/\/www.turkaesthetic.com\/wp-content\/uploads\/2023\/11\/before-after-breast-reduction-1.jpg\" alt=\"avant apr\u00e8s r\u00e9duction mammaire en Turquie\" class=\"wp-image-45152\"\/><figcaption class=\"wp-element-caption\">T\u00fcrkiye de meme k\u00fc\u00e7\u00fcltme \u00f6ncesi ve sonras\u0131<\/figcaption><\/figure>\n\n\n\n<figure class=\"wp-block-image size-large\"><img loading=\"lazy\" decoding=\"async\" width=\"1200\" height=\"800\" data-id=\"45170\" src=\"https:\/\/www.turkaesthetic.com\/wp-content\/uploads\/2023\/11\/before-after-breast-reduction-3.jpg\" alt=\"avant apr\u00e8s r\u00e9duction mammaire en Turquie\" class=\"wp-image-45170\"\/><figcaption class=\"wp-element-caption\">avant apr\u00e8s r\u00e9duction mammaire en Turquie<\/figcaption><\/figure>\n<\/figure>\n\n\n\n<h3 class=\"wp-block-heading\">Conseils postop\u00e9ratoires pour une r\u00e9duction mammaire<\/h3>\n\n\n\n<p>Apr\u00e8s une r\u00e9duction mammaire, il est essentiel de respecter les consignes de soins postop\u00e9ratoires pour garantir une cicatrisation et des r\u00e9sultats optimaux&nbsp;:<\/p>\n\n\n\n<ul class=\"wp-block-list\">\n<li>Suivez scrupuleusement les instructions de votre chirurgien.<\/li>\n\n\n\n<li>Prenez vos m\u00e9dicaments prescrits \u00e0 temps, comme indiqu\u00e9.<\/li>\n\n\n\n<li>\u00c9vitez les activit\u00e9s intenses pendant la p\u00e9riode de r\u00e9cup\u00e9ration initiale.<\/li>\n\n\n\n<li>Portez un v\u00eatement de compression m\u00e9dical comme indiqu\u00e9.<\/li>\n<\/ul>\n\n\n\n<h4 class=\"wp-block-heading\">Avantages et inconv\u00e9nients<\/h4>\n\n\n\n<p><strong>Inconv\u00e9nients<\/strong><\/p>\n\n\n\n<p>La r\u00e9duction mammaire ne pr\u00e9sente aucun inconv\u00e9nient majeur, sauf si elle est pratiqu\u00e9e par un chirurgien inexp\u00e9riment\u00e9. Dans ce cas, une asym\u00e9trie ou un mauvais r\u00e9sultat esth\u00e9tique peuvent survenir.<\/p>\n\n\n\n<p><strong>Avantages<\/strong><\/p>\n\n\n\n<p>Am\u00e9liore la confiance en soi, la f\u00e9minit\u00e9 et l&rsquo;attrait en am\u00e9liorant les proportions de la poitrine.<br>Soulage les douleurs au dos, au cou et aux \u00e9paules caus\u00e9es par une poitrine trop volumineuse.<br>R\u00e9duit les irritations cutan\u00e9es et les \u00e9ruptions cutan\u00e9es sous-mammaires dues \u00e0 la transpiration excessive et au rel\u00e2chement mammaire.<\/p>\n\n\n\n<p><strong>Effets secondaires possibles<\/strong><\/p>\n\n\n\n<p>Un engourdissement ou des picotements au niveau des mamelons peuvent survenir apr\u00e8s l&rsquo;intervention.<br>Une l\u00e9g\u00e8re diff\u00e9rence de taille de la poitrine peut survenir si le chirurgien manque d&rsquo;expertise.<br>De l\u00e9g\u00e8res d\u00e9mangeaisons peuvent survenir pendant la cicatrisation.<\/p>\n\n\n\n<h3 class=\"wp-block-heading\">Chirurgie de r\u00e9duction mammaire en Turquie \u00e0 Istanbul<\/h3>\n\n\n\n<p>La Turquie, et plus particuli\u00e8rement Istanbul, est une destination pris\u00e9e pour le tourisme m\u00e9dical, attirant de nombreux patients internationaux qui combinent traitement et tourisme. Cela s&rsquo;explique par plusieurs avantages, tels que&nbsp;:<\/p>\n\n\n\n<p>Un large \u00e9ventail d&rsquo;options chirurgicales.<br>Des chirurgiens plasticiens hautement exp\u00e9riment\u00e9s.<br>Des services de haute qualit\u00e9 \u00e0 des prix abordables.<br>La r\u00e9duction mammaire est l&rsquo;une des interventions de remodelage corporel les plus populaires en Turquie. Le co\u00fbt de la r\u00e9duction mammaire varie selon la clinique, g\u00e9n\u00e9ralement entre 3&nbsp;500 et 4&nbsp;500&nbsp;\u20ac.<\/p>\n\n\n\n<h4 class=\"wp-block-heading\">Co\u00fbt d&rsquo;une chirurgie de r\u00e9duction mammaire en Turquie<\/h4>\n\n\n\n<p>Le prix d&rsquo;une chirurgie de r\u00e9duction mammaire en Turquie varie en fonction de&nbsp;:<\/p>\n\n\n\n<p>La r\u00e9putation de la clinique ou de l&rsquo;h\u00f4pital.<br>L&rsquo;exp\u00e9rience et l&rsquo;expertise du chirurgien.<br>Les services suppl\u00e9mentaires inclus dans le forfait, tels que l&rsquo;h\u00e9bergement et le transport.<br>Chez Turk Aesthetic Istanbul, le co\u00fbt estim\u00e9 d&rsquo;une chirurgie de r\u00e9duction mammaire se situe entre 3\u00a0450 et 4\u00a0500\u00a0\u20ac. Contactez Turk Aesthetic via la page de contact pour des offres group\u00e9es incluant l&rsquo;h\u00e9bergement et le transport le co\u00fbt de la chirurgie de r\u00e9duction mammaire est d\u2019environ 3400 &#8211; 4500 euros. Pour demander le co\u00fbt du forfait comprenant l\u2019h\u00e9bergement et le transport, vous pouvez contacter l\u2019\u00e9quipe de <strong>Turk Aesthetic <\/strong>via la page de contact.<\/p>\n\n\n\n<h2 class=\"wp-block-heading\">FAQ<\/h2>\n\n\n<div id=\"rank-math-faq\" class=\"rank-math-block\">\n<div class=\"rank-math-list \">\n<div id=\"faq-question-1678632262859\" class=\"rank-math-list-item\">\n<h3 class=\"rank-math-question \"><strong><strong>Combien de temps dure une r\u00e9duction mammaire\u00a0?<\/strong><\/strong><\/h3>\n<div class=\"rank-math-answer \">\n\n<p>L&rsquo;intervention dure g\u00e9n\u00e9ralement 3 \u00e0 4 heures.<\/p>\n\n<\/div>\n<\/div>\n<div id=\"faq-question-1742028781324\" class=\"rank-math-list-item\">\n<h3 class=\"rank-math-question \">Quand verrai-je les r\u00e9sultats\u00a0?<\/h3>\n<div class=\"rank-math-answer \">\n\n<p>Les r\u00e9sultats sont imm\u00e9diats et se remarquent d\u00e8s la disparition du gonflement postop\u00e9ratoire.<\/p>\n\n<\/div>\n<\/div>\n<div id=\"faq-question-1742028797122\" class=\"rank-math-list-item\">\n<h3 class=\"rank-math-question \">Quel est le taux de r\u00e9ussite d&rsquo;une r\u00e9duction mammaire\u00a0?<br><\/h3>\n<div class=\"rank-math-answer \">\n\n<p>Le taux de r\u00e9ussite est directement proportionnel \u00e0 l&rsquo;exp\u00e9rience et \u00e0 la comp\u00e9tence du chirurgien.<\/p>\n\n<\/div>\n<\/div>\n<div id=\"faq-question-1742028802175\" class=\"rank-math-list-item\">\n<h3 class=\"rank-math-question \">La r\u00e9duction mammaire peut-elle \u00eatre r\u00e9alis\u00e9e sous anesth\u00e9sie locale\u00a0?<\/h3>\n<div class=\"rank-math-answer \">\n\n<p>Non, la r\u00e9duction mammaire n\u00e9cessite une anesth\u00e9sie g\u00e9n\u00e9rale.<\/p>\n\n<\/div>\n<\/div>\n<div id=\"faq-question-1742028808291\" class=\"rank-math-list-item\">\n<h3 class=\"rank-math-question \">Quel est le co\u00fbt d&rsquo;une r\u00e9duction mammaire en Turquie\u00a0?<\/h3>\n<div class=\"rank-math-answer \">\n\n<p>Chez Turk Aesthetic Istanbul, le prix varie entre 3\u00a0500 et 4\u00a0500\u00a0\u20ac. En Turquie, les prix se situent g\u00e9n\u00e9ralement dans la m\u00eame fourchette.<\/p>\n\n<\/div>\n<\/div>\n<div id=\"faq-question-1742028820920\" class=\"rank-math-list-item\">\n<h3 class=\"rank-math-question \">Quelle est la p\u00e9riode de convalescence apr\u00e8s une r\u00e9duction mammaire\u00a0?<\/h3>\n<div class=\"rank-math-answer \">\n\n<p>La convalescence dure environ 10 \u00e0 15\u00a0jours.<\/p>\n\n<\/div>\n<\/div>\n<div id=\"faq-question-1742028823476\" class=\"rank-math-list-item\">\n<h3 class=\"rank-math-question \">Les seins peuvent-ils grossir et s&rsquo;affaisser apr\u00e8s une r\u00e9duction mammaire\u00a0?<\/h3>\n<div class=\"rank-math-answer \">\n\n<p>Les r\u00e9sultats d&rsquo;une r\u00e9duction mammaire sont permanents.<\/p>\n\n<\/div>\n<\/div>\n<div id=\"faq-question-1742028828899\" class=\"rank-math-list-item\">\n<h3 class=\"rank-math-question \">Combien de temps dois-je porter un v\u00eatement de compression apr\u00e8s l&rsquo;op\u00e9ration\u00a0? <\/h3>\n<div class=\"rank-math-answer \">\n\n<p>Il est recommand\u00e9 de porter le v\u00eatement de compression pendant 30 \u00e0 45 jours.<\/p>\n\n<\/div>\n<\/div>\n<\/div>\n<\/div>\n\n\n<p>Et enfin, vous pouvez <a href=\"http:\/\/turkaesthetic.com\/fr\/contact-us\/\" target=\"_blank\" rel=\"noreferrer noopener\"><strong>contacter<\/strong><\/a> directement l\u2019\u00e9quipe de pour demander des informations et des prix au <a href=\"https:\/\/www.youtube.com\/channel\/UC0zggzdm5CFwpRMmn_CPpFQ\" data-type=\"URL\" data-id=\"https:\/\/www.youtube.com\/channel\/UC0zggzdm5CFwpRMmn_CPpFQ\" target=\"_blank\" rel=\"noreferrer noopener\"><strong>Turk Aesthetic<\/strong><\/a> de Turquie Istanbul.<\/p>\n\n\n\n<p><\/p>\n","protected":false},"excerpt":{"rendered":"<p>La r\u00e9duction mammaire est une intervention esth\u00e9tique pratiqu\u00e9e par un chirurgien plasticien pour remodeler la poitrine chez les femmes pr\u00e9sentant une poitrine excessive due \u00e0 des facteurs g\u00e9n\u00e9tiques ou \u00e0 une prise de poids. Les r\u00e9sultats sont imm\u00e9diatement visibles apr\u00e8s l&rsquo;intervention, qui dure g\u00e9n\u00e9ralement environ 3 heures sous anesth\u00e9sie g\u00e9n\u00e9rale. Vous trouverez ci-dessous toutes les [&hellip;]<\/p>\n","protected":false},"author":1,"featured_media":15334,"parent":0,"menu_order":0,"comment_status":"closed","ping_status":"closed","template":"","meta":{"footnotes":""},"dep":[],"class_list":["post-15855","page","type-page","status-publish","has-post-thumbnail","hentry"],"_links":{"self":[{"href":"https:\/\/www.turkaesthetic.com\/fr\/wp-json\/wp\/v2\/pages\/15855","targetHints":{"allow":["GET"]}}],"collection":[{"href":"https:\/\/www.turkaesthetic.com\/fr\/wp-json\/wp\/v2\/pages"}],"about":[{"href":"https:\/\/www.turkaesthetic.com\/fr\/wp-json\/wp\/v2\/types\/page"}],"author":[{"embeddable":true,"href":"https:\/\/www.turkaesthetic.com\/fr\/wp-json\/wp\/v2\/users\/1"}],"replies":[{"embeddable":true,"href":"https:\/\/www.turkaesthetic.com\/fr\/wp-json\/wp\/v2\/comments?post=15855"}],"version-history":[{"count":0,"href":"https:\/\/www.turkaesthetic.com\/fr\/wp-json\/wp\/v2\/pages\/15855\/revisions"}],"wp:featuredmedia":[{"embeddable":true,"href":"https:\/\/www.turkaesthetic.com\/fr\/wp-json\/wp\/v2\/media\/15334"}],"wp:attachment":[{"href":"https:\/\/www.turkaesthetic.com\/fr\/wp-json\/wp\/v2\/media?parent=15855"}],"wp:term":[{"taxonomy":"dep","embeddable":true,"href":"https:\/\/www.turkaesthetic.com\/fr\/wp-json\/wp\/v2\/dep?post=15855"}],"curies":[{"name":"wp","href":"https:\/\/api.w.org\/{rel}","templated":true}]}}