{"id":15809,"date":"2021-12-27T08:48:55","date_gmt":"2021-12-27T05:48:55","guid":{"rendered":"http:\/\/turkaesthetic.com\/breast-lift-2\/"},"modified":"2025-04-08T19:01:12","modified_gmt":"2025-04-08T16:01:12","slug":"breast-lift","status":"publish","type":"page","link":"https:\/\/www.turkaesthetic.com\/fr\/breast-lift\/","title":{"rendered":"Lifting Mammaire"},"content":{"rendered":"\n<p>Lifting mammaire<strong> <\/strong>est une intervention esth\u00e9tique pratiqu\u00e9e par un chirurgien plasticien pour remodeler la poitrine chez les femmes pr\u00e9sentant un affaissement mammaire d\u00fb \u00e0 diverses raisons, telles que la g\u00e9n\u00e9tique, la prise de poids ou la gravit\u00e9. Les r\u00e9sultats sont visibles imm\u00e9diatement apr\u00e8s l&rsquo;intervention, qui dure g\u00e9n\u00e9ralement environ 3 heures sous anesth\u00e9sie g\u00e9n\u00e9rale.<\/p>\n\n\n\n<p>Les r\u00e9sultats d&rsquo;un lifting mammaire sont visibles imm\u00e9diatement apr\u00e8s l&rsquo;intervention, qui dure g\u00e9n\u00e9ralement environ 3 heures sous anesth\u00e9sie g\u00e9n\u00e9rale. Nous d\u00e9taillons ci-dessous les informations essentielles que toute femme envisageant cette intervention devrait conna\u00eetre.<\/p>\n\n\n\n<figure class=\"wp-block-table\"><table><tbody><tr><td>Anesth\u00e9sie&nbsp;<\/td><td>General&nbsp;<\/td><\/tr><tr><td>Dur\u00e9e du processus<\/td><td>3 heures<\/td><\/tr><tr><td>S\u00e9jour \u00e0 l\u2019h\u00f4pital<\/td><td>1 nuit est n\u00e9cessaire apr\u00e8s le processus<\/td><\/tr><tr><td>R\u00e9sultats<\/td><td>Imm\u00e9diat \/ Dur\u00e9e de vie<\/td><\/tr><tr><td>Convalescence<\/td><td>10-15 jours<\/td><\/tr><\/tbody><\/table><figcaption class=\"wp-element-caption\">Lifting Mammaire<\/figcaption><\/figure>\n\n\n\n<h2 class=\"wp-block-heading\">Comment se d\u00e9roule un lifting mammaire&nbsp;?<\/h2>\n\n\n\n<p>Un lifting mammaire r\u00e9duit l&rsquo;affaissement mammaire et lui redonne une apparence plus ferme et plus jeune. L&rsquo;intervention consiste \u00e0 retirer l&rsquo;exc\u00e8s de tissu glandulaire, de graisse et de peau affaiss\u00e9e afin d&rsquo;obtenir une poitrine plus ferme, plus esth\u00e9tique et proportionn\u00e9e au corps.<\/p>\n\n\n\n<p>Les avantages de cette intervention vont au-del\u00e0 des am\u00e9liorations esth\u00e9tiques&nbsp;: elle peut \u00e9galement contribuer \u00e0 une meilleure posture et \u00e0 un meilleur confort physique.<\/p>\n\n\n\n<h3 class=\"wp-block-heading\">Vid\u00e9o sur lifting mammaire<\/h3>\n\n\n\n<p>Vous trouverez ci-dessous une vid\u00e9o illustrant le d\u00e9roulement de l&rsquo;intervention.<\/p>\n\n\n\n<figure class=\"wp-block-embed is-type-video is-provider-youtube wp-block-embed-youtube wp-embed-aspect-16-9 wp-has-aspect-ratio\"><div class=\"wp-block-embed__wrapper\">\n<iframe loading=\"lazy\" title=\"Breast Lift - Turk Aesthetic\" width=\"800\" height=\"450\" src=\"https:\/\/www.youtube.com\/embed\/6tfVtjfXu6E?feature=oembed\" frameborder=\"0\" allow=\"accelerometer; autoplay; clipboard-write; encrypted-media; gyroscope; picture-in-picture; web-share\" referrerpolicy=\"strict-origin-when-cross-origin\" allowfullscreen><\/iframe>\n<\/div><figcaption class=\"wp-element-caption\">lifting mammaire<\/figcaption><\/figure>\n\n\n\n<h3 class=\"wp-block-heading\">Candidates \u00e9ligibles<\/h3>\n\n\n\n<p>Le lifting mammaire convient aux femmes pr\u00e9sentant un affaissement ou une asym\u00e9trie des seins qui ne s&rsquo;adaptent pas \u00e0 leur silhouette. Il est \u00e9galement id\u00e9al pour les femmes de plus de 18 ans en bonne sant\u00e9 et celles qui souhaitent une poitrine plus ferme et plus proportionn\u00e9e pour gagner en confiance.<\/p>\n\n\n\n<h4 class=\"wp-block-heading\">Candidates non \u00e9ligibles<\/h4>\n\n\n\n<p>Certaines femmes peuvent pr\u00e9senter un affaissement des <a href=\"https:\/\/www.turkaesthetic.com\/fr\/breast\/\" target=\"_blank\" data-type=\"page\" data-id=\"15875\" rel=\"noreferrer noopener\">seins<\/a>, mais cette intervention ne leur convient pas en raison de maladies chroniques telles qu&rsquo;une maladie cardiaque ou un diab\u00e8te non contr\u00f4l\u00e9. De plus, les tumeurs avanc\u00e9es n\u00e9cessitent une consultation m\u00e9dicale pr\u00e9alable. Les femmes pr\u00e9sentant une mauvaise cicatrisation doivent \u00e9galement \u00e9viter l&rsquo;intervention. Enfin, les jeunes filles de moins de 18 ans ne sont pas \u00e9ligibles.<\/p>\n\n\n\n<h3 class=\"wp-block-heading\">Quel m\u00e9decin pratique cette intervention&nbsp;?<\/h3>\n\n\n\n<p>Le lifting mammaire est une intervention esth\u00e9tique qui doit \u00eatre r\u00e9alis\u00e9e par un chirurgien plasticien certifi\u00e9 et exp\u00e9riment\u00e9. Les m\u00e9decins d&rsquo;autres sp\u00e9cialit\u00e9s ne peuvent pas pratiquer ce type d&rsquo;intervention.<\/p>\n\n\n\n<h4 class=\"wp-block-heading\">Type d&rsquo;anesth\u00e9sie utilis\u00e9 pour le lifting mammaire<\/h4>\n\n\n\n<p>L&rsquo;intervention ne peut pas \u00eatre r\u00e9alis\u00e9e sous anesth\u00e9sie locale seule&nbsp;; Elle doit \u00eatre r\u00e9alis\u00e9e sous anesth\u00e9sie g\u00e9n\u00e9rale. Le patient doit \u00eatre \u00e0 jeun au moins six heures avant l&rsquo;intervention et le rester pendant environ quatre heures apr\u00e8s. Par la suite, il peut commencer par des repas l\u00e9gers et reprendre progressivement son alimentation habituelle.<\/p>\n\n\n\n<h4 class=\"wp-block-heading\">\u00c9tapes de la chirurgie de lifting mammaire<\/h4>\n\n\n<div id=\"rank-math-howto\" class=\"rank-math-block\" >\n<div class=\"rank-math-howto-description\">\n\n<p>La chirurgie de lifting mammaire passe par trois \u00e9tapes, comme d\u2019autres op\u00e9rations :<\/p>\n\n<\/div>\n<p class=\"rank-math-howto-duration\"><strong>Temps total\u00a0:<\/strong> <span>3 heures<\/span><\/p>\n<div class=\"rank-math-steps \">\n<div id=\"howto-step-1678701566783\" class=\"rank-math-step\">\n<h3 class=\"rank-math-step-title \"><strong>Avant le processus<\/strong><\/h3>\n<div class=\"rank-math-step-content \"><img loading=\"lazy\" decoding=\"async\" width=\"1024\" height=\"576\" src=\"https:\/\/www.turkaesthetic.com\/wp-content\/uploads\/2021\/12\/before-breast-lift.webp\" class=\"attachment-full size-full\" alt=\"Lifting Mammaire en Turquie\" srcset=\"https:\/\/www.turkaesthetic.com\/wp-content\/uploads\/2021\/12\/before-breast-lift.webp 1024w, https:\/\/www.turkaesthetic.com\/wp-content\/uploads\/2021\/12\/before-breast-lift-300x169.webp 300w, https:\/\/www.turkaesthetic.com\/wp-content\/uploads\/2021\/12\/before-breast-lift-768x432.webp 768w\" sizes=\"auto, (max-width: 1024px) 100vw, 1024px\" \/><p>Avant l&rsquo;intervention, l&rsquo;\u00e9quipe m\u00e9dicale et le chirurgien doivent \u00eatre inform\u00e9s des maladies chroniques, des m\u00e9dicaments utilis\u00e9s (le cas \u00e9ch\u00e9ant) et des interventions chirurgicales ant\u00e9rieures de la patiente. Il est essentiel de ne rien omettre concernant sa sant\u00e9. De plus, les instructions suivantes doivent \u00eatre suivies\u00a0:<br \/>\u2013 Discuter des r\u00e9sultats attendus avec l&rsquo;\u00e9quipe m\u00e9dicale.<br \/>\u2013 S&rsquo;abstenir de manger et de boire pendant au moins six heures avant l&rsquo;intervention.<br \/>\u2013 Informer l&rsquo;\u00e9quipe m\u00e9dicale de tout m\u00e9dicament pris.<br \/>\u2013 \u00c9viter l&rsquo;alcool et le tabac pendant au moins une semaine avant l&rsquo;intervention.<br \/>\u2013 Apr\u00e8s consultation du m\u00e9decin, arr\u00eater les anticoagulants (comme l&rsquo;aspirine).<br \/>\u2013 Porter des v\u00eatements confortables le jour de l&rsquo;intervention.<\/p>\n<\/div>\n<\/div>\n<div id=\"howto-step-1678701627728\" class=\"rank-math-step\">\n<h3 class=\"rank-math-step-title \"><strong>Pendant le processus\u00a0<\/strong><\/h3>\n<div class=\"rank-math-step-content \"><img loading=\"lazy\" decoding=\"async\" width=\"1024\" height=\"575\" src=\"https:\/\/www.turkaesthetic.com\/wp-content\/uploads\/2021\/12\/during-breast-lift.webp\" class=\"attachment-full size-full\" alt=\"Lifting Mammaire en Turquie\" srcset=\"https:\/\/www.turkaesthetic.com\/wp-content\/uploads\/2021\/12\/during-breast-lift.webp 1024w, https:\/\/www.turkaesthetic.com\/wp-content\/uploads\/2021\/12\/during-breast-lift-300x168.webp 300w, https:\/\/www.turkaesthetic.com\/wp-content\/uploads\/2021\/12\/during-breast-lift-768x431.webp 768w\" sizes=\"auto, (max-width: 1024px) 100vw, 1024px\" \/><p>La technique utilis\u00e9e pour l&rsquo;intervention et la forme mammaire souhait\u00e9e sont d\u00e9termin\u00e9es en fonction des pr\u00e9f\u00e9rences de la patiente. Apr\u00e8s anesth\u00e9sie g\u00e9n\u00e9rale, le chirurgien pratique des incisions autour du mamelon et de l&rsquo;ar\u00e9ole (la peau plus fonc\u00e9e qui entoure le mamelon). Une autre incision verticale s&rsquo;\u00e9tend de l&rsquo;ar\u00e9ole jusqu&rsquo;\u00e0 la zone affaiss\u00e9e du sein.<br \/>Le chirurgien retire ensuite l&rsquo;exc\u00e8s de graisse, de tissu et de peau des seins. Dans certains cas, des dispositifs assist\u00e9s par laser peuvent \u00eatre utilis\u00e9s pendant l&rsquo;intervention. Le mamelon et l&rsquo;ar\u00e9ole sont ensuite repositionn\u00e9s plus haut, et les parties internes et externes du sein sont fix\u00e9es par des sutures esth\u00e9tiques (une technique appel\u00e9e lifting mammaire avec fils). De plus, la taille de l&rsquo;ar\u00e9ole peut \u00eatre r\u00e9duite, car elle augmente souvent de volume apr\u00e8s une grossesse, un accouchement ou l&rsquo;allaitement. L&rsquo;intervention dure g\u00e9n\u00e9ralement environ trois heures.<\/p>\n<\/div>\n<\/div>\n<div id=\"howto-step-1678701661466\" class=\"rank-math-step\">\n<h3 class=\"rank-math-step-title \"><strong>Apr\u00e8s le processus<\/strong><\/h3>\n<div class=\"rank-math-step-content \"><img loading=\"lazy\" decoding=\"async\" width=\"1024\" height=\"575\" src=\"https:\/\/www.turkaesthetic.com\/wp-content\/uploads\/2021\/12\/after-breast-lift.webp\" class=\"attachment-full size-full\" alt=\"Lifting Mammaire en Turquie\" srcset=\"https:\/\/www.turkaesthetic.com\/wp-content\/uploads\/2021\/12\/after-breast-lift.webp 1024w, https:\/\/www.turkaesthetic.com\/wp-content\/uploads\/2021\/12\/after-breast-lift-300x168.webp 300w, https:\/\/www.turkaesthetic.com\/wp-content\/uploads\/2021\/12\/after-breast-lift-768x431.webp 768w\" sizes=\"auto, (max-width: 1024px) 100vw, 1024px\" \/><p>Apr\u00e8s l&rsquo;intervention, le chirurgien applique un bandage compressif, qui doit \u00eatre port\u00e9 pendant deux \u00e0 trois jours. Au cours des trois semaines suivantes, les ecchymoses s&rsquo;estompent progressivement. Les sutures chirurgicales se dissolvent spontan\u00e9ment.<br \/>Les soins postop\u00e9ratoires comprennent\u00a0:<br \/>\u2013 \u00c9viter les soutiens-gorge \u00e0 armatures ou rembourr\u00e9s.<br \/>\u2013 Porter un soutien-gorge de sport toute la journ\u00e9e pour un maintien optimal.<br \/>\u2013 \u00c9viter toute activit\u00e9 physique, sportive ou automobile pendant au moins 30\u00a0jours.<br \/>\u2013 Reprendre ses activit\u00e9s quotidiennes normales apr\u00e8s un mois, mais \u00e9viter de soulever des charges lourdes ou de faire des exercices intenses pendant deux mois.<\/p>\n<\/div>\n<\/div>\n<\/div>\n<\/div>\n<p class=\"rank-math-howto-estimatedCost\"><strong>Co\u00fbt estim\u00e9\u00a0:<\/strong> <span>3450 Euro<\/span><\/p>\n\n\n\n\n\n<h3 class=\"wp-block-heading\">Avant et apr\u00e8s le lifting mammaire<\/h3>\n\n\n\n<p>Vous trouverez ci-dessous quelques photos de la chirurgie de lifting mammaire <a href=\"https:\/\/www.turkaesthetic.com\/fr\/before-after\/\" data-type=\"page\" data-id=\"46942\" target=\"_blank\" rel=\"noreferrer noopener\">avant et apr\u00e8s<\/a> qui a \u00e9t\u00e9 effectu\u00e9e au Turk Aesthetic.<\/p>\n\n\n\n<figure class=\"wp-block-gallery has-nested-images columns-default is-cropped wp-block-gallery-1 is-layout-flex wp-block-gallery-is-layout-flex\">\n<figure class=\"wp-block-image size-large\"><img loading=\"lazy\" decoding=\"async\" width=\"1200\" height=\"800\" data-id=\"45116\" src=\"https:\/\/www.turkaesthetic.com\/wp-content\/uploads\/2023\/11\/before-after-breast-lift-1.jpg\" alt=\"avant apr\u00e8s lifting mammaire\" class=\"wp-image-45116\"\/><figcaption class=\"wp-element-caption\">avant apr\u00e8s lifting mammaire<\/figcaption><\/figure>\n\n\n\n<figure class=\"wp-block-image size-large\"><img loading=\"lazy\" decoding=\"async\" width=\"1200\" height=\"800\" data-id=\"45125\" src=\"https:\/\/www.turkaesthetic.com\/wp-content\/uploads\/2023\/11\/before-after-breast-lift-2.jpg\" alt=\"avant apr\u00e8s lifting mammaire\" class=\"wp-image-45125\"\/><figcaption class=\"wp-element-caption\">avant apr\u00e8s lifting mammaire<\/figcaption><\/figure>\n\n\n\n<figure class=\"wp-block-image size-large\"><img loading=\"lazy\" decoding=\"async\" width=\"1200\" height=\"800\" data-id=\"45134\" src=\"https:\/\/www.turkaesthetic.com\/wp-content\/uploads\/2023\/11\/before-after-breast-lift-3.jpg\" alt=\"avant apr\u00e8s lifting mammaire\" class=\"wp-image-45134\"\/><figcaption class=\"wp-element-caption\">avant apr\u00e8s lifting mammaire<\/figcaption><\/figure>\n\n\n\n<figure class=\"wp-block-image size-large\"><img loading=\"lazy\" decoding=\"async\" width=\"1200\" height=\"800\" data-id=\"45143\" src=\"https:\/\/www.turkaesthetic.com\/wp-content\/uploads\/2023\/11\/before-after-breast-lift-4.jpg\" alt=\"avant apr\u00e8s lifting mammaire\" class=\"wp-image-45143\"\/><figcaption class=\"wp-element-caption\">avant apr\u00e8s lifting mammaire<\/figcaption><\/figure>\n<\/figure>\n\n\n\n<h3 class=\"wp-block-heading\">Consignes postop\u00e9ratoires<\/h3>\n\n\n\n<p>Apr\u00e8s une chirurgie mammaire, les patientes doivent suivre plusieurs consignes essentielles&nbsp;:<\/p>\n\n\n\n<ul class=\"wp-block-list\">\n<li>Suivre strictement les recommandations postop\u00e9ratoires du m\u00e9decin.<\/li>\n\n\n\n<li>Prendre les m\u00e9dicaments prescrits \u00e0 temps.<\/li>\n\n\n\n<li>\u00c9viter les activit\u00e9s intenses pendant deux mois apr\u00e8s l&rsquo;intervention.<\/li>\n\n\n\n<li>Porter un v\u00eatement de compression m\u00e9dical pendant deux mois pour un r\u00e9sultat optimal.<\/li>\n<\/ul>\n\n\n\n<h3 class=\"wp-block-heading\">Avantages et inconv\u00e9nients<\/h3>\n\n\n\n<p>Inconv\u00e9nients<\/p>\n\n\n\n<p>Aucun inconv\u00e9nient majeur n&rsquo;a \u00e9t\u00e9 signal\u00e9, sauf lorsque l&rsquo;intervention est r\u00e9alis\u00e9e par un chirurgien inexp\u00e9riment\u00e9, ce qui peut entra\u00eener une asym\u00e9trie mammaire.<\/p>\n\n\n\n<p><strong>Avantages<\/strong><\/p>\n\n\n\n<p>Un lifting mammaire r\u00e9ussi am\u00e9liore la confiance en soi, l&rsquo;attractivit\u00e9 et la f\u00e9minit\u00e9 des femmes en am\u00e9liorant la sym\u00e9trie et les proportions.<br>Soulager les douleurs dorsales et aux \u00e9paules caus\u00e9es par des seins lourds ou tombants.<br>R\u00e9duire les irritations et les \u00e9ruptions cutan\u00e9es sous les seins tombants dues \u00e0 la transpiration.<\/p>\n\n\n\n<p><strong>Effets secondaires<\/strong><\/p>\n\n\n\n<p>Un l\u00e9ger inconfort pendant les premiers jours peut \u00eatre soulag\u00e9 par des anti-inflammatoires prescrits par le m\u00e9decin. Engourdissement ou picotements temporaires au niveau du mamelon.<br>L\u00e9g\u00e8res diff\u00e9rences de taille des seins dues \u00e0 l&rsquo;inexp\u00e9rience du chirurgien.<br>L\u00e9g\u00e8res d\u00e9mangeaisons pendant la cicatrisation des incisions.<\/p>\n\n\n\n<h3 class=\"wp-block-heading\">Lifting mammaire en Turquie, Istanbul<\/h3>\n\n\n\n<p>La Turquie, et plus particuli\u00e8rement Istanbul, est une destination pris\u00e9e pour le tourisme m\u00e9dical, car elle offre des soins m\u00e9dicaux de haute qualit\u00e9, des m\u00e9decins exp\u00e9riment\u00e9s et des prix abordables. Le lifting mammaire est l&rsquo;une des interventions de remodelage corporel les plus recherch\u00e9es en Turquie, avec des tarifs allant de 3450 \u20ac \u00e0 4500 \u20ac selon la clinique.<\/p>\n\n\n\n<h4 class=\"wp-block-heading\">Co\u00fbt d&rsquo;un lifting mammaire<\/h4>\n\n\n\n<p>Le co\u00fbt d&rsquo;un lifting mammaire varie en fonction de plusieurs facteurs\u00a0:<\/p>\n\n\n\n<p>R\u00e9putation de la clinique ou de l&rsquo;h\u00f4pital\u00a0;<br>Exp\u00e9rience et comp\u00e9tence du chirurgien\u00a0;<br>La clinique propose des services suppl\u00e9mentaires, tels que des forfaits de soins, l&rsquo;h\u00e9bergement et le transport.<br>Chez Turk Aesthetic, le co\u00fbt d&rsquo;un lifting mammaire varie de 3450 \u20ac \u00e0 4500 \u20ac. Vous pouvez contacter l\u2019\u00e9quipe de Turk Aesthetic pour un devis personnalis\u00e9 incluant les services d\u2019h\u00e9bergement et de transport. l\u2019h\u00e9bergement et le transport, vous pouvez contacter l\u2019\u00e9quipe de <strong>Turk Aesthetic <\/strong>via la page de contact.<\/p>\n\n\n\n<h2 class=\"wp-block-heading\">FAQ<\/h2>\n\n\n<div id=\"rank-math-faq\" class=\"rank-math-block\">\n<div class=\"rank-math-list \">\n<div id=\"faq-question-1678701748710\" class=\"rank-math-list-item\">\n<h3 class=\"rank-math-question \">Combien de temps dure un lifting mammaire?<\/h3>\n<div class=\"rank-math-answer \">\n\n<p>Environ 3 \u00e0 4 heures.<\/p>\n\n<\/div>\n<\/div>\n<div id=\"faq-question-1742033542871\" class=\"rank-math-list-item\">\n<h3 class=\"rank-math-question \">Quand les r\u00e9sultats de l&rsquo;op\u00e9ration sont-ils visibles?<\/h3>\n<div class=\"rank-math-answer \">\n\n<p>Les r\u00e9sultats sont imm\u00e9diats et deviennent plus visibles une fois le gonflement postop\u00e9ratoire r\u00e9sorb\u00e9.<\/p>\n\n<\/div>\n<\/div>\n<div id=\"faq-question-1742033566387\" class=\"rank-math-list-item\">\n<h3 class=\"rank-math-question \">Quel est le taux de r\u00e9ussite d&rsquo;un lifting mammaire?<\/h3>\n<div class=\"rank-math-answer \">\n\n<p>Le taux de r\u00e9ussite d\u00e9pend des comp\u00e9tences et de l&rsquo;expertise du chirurgien.<\/p>\n\n<\/div>\n<\/div>\n<div id=\"faq-question-1742033581157\" class=\"rank-math-list-item\">\n<h3 class=\"rank-math-question \">Un lifting mammaire peut-il \u00eatre r\u00e9alis\u00e9 sous anesth\u00e9sie locale?<\/h3>\n<div class=\"rank-math-answer \">\n\n<p>Non, l&rsquo;intervention n\u00e9cessite une anesth\u00e9sie g\u00e9n\u00e9rale.<\/p>\n\n<\/div>\n<\/div>\n<div id=\"faq-question-1742033598753\" class=\"rank-math-list-item\">\n<h3 class=\"rank-math-question \">Quel est le co\u00fbt d&rsquo;un lifting mammaire?<\/h3>\n<div class=\"rank-math-answer \">\n\n<p>Chez Turk Aesthetic Istanbul, le co\u00fbt varie entre 3500 et 4500\u00a0\u20ac.<\/p>\n\n<\/div>\n<\/div>\n<div id=\"faq-question-1742033602337\" class=\"rank-math-list-item\">\n<h3 class=\"rank-math-question \">Quelle est la dur\u00e9e de la convalescence?<\/h3>\n<div class=\"rank-math-answer \">\n\n<p>La convalescence dure environ 10 \u00e0 15\u00a0jours.<\/p>\n\n<\/div>\n<\/div>\n<div id=\"faq-question-1742033609865\" class=\"rank-math-list-item\">\n<h3 class=\"rank-math-question \">Les seins peuvent-ils retomber apr\u00e8s un lifting mammaire?<\/h3>\n<div class=\"rank-math-answer \">\n\n<p>Les r\u00e9sultats de l&rsquo;intervention ne sont pas consid\u00e9r\u00e9s comme permanents \u00e0 vie, car le vieillissement et les fluctuations de poids peuvent affecter la fermet\u00e9 des seins.<\/p>\n\n<\/div>\n<\/div>\n<div id=\"faq-question-1742033617855\" class=\"rank-math-list-item\">\n<h3 class=\"rank-math-question \">Combien de temps dois-je porter un v\u00eatement de compression apr\u00e8s une intervention?<\/h3>\n<div class=\"rank-math-answer \">\n\n<p>Le soutien-gorge de compression doit \u00eatre port\u00e9 pendant 45 \u00e0 60\u00a0jours.<\/p>\n\n<\/div>\n<\/div>\n<div id=\"faq-question-1742033628901\" class=\"rank-math-list-item\">\n<h3 class=\"rank-math-question \">Un lifting mammaire peut-il \u00eatre r\u00e9alis\u00e9 au laser ou par fils?<\/h3>\n<div class=\"rank-math-answer \">\n\n<p>Oui, des techniques au laser ou par fils peuvent \u00eatre int\u00e9gr\u00e9es \u00e0 l&rsquo;intervention.<\/p>\n\n<\/div>\n<\/div>\n<\/div>\n<\/div>\n\n\n<p>Enfin, vous pouvez <a href=\"http:\/\/turkaesthetic.com\/fr\/contact-us\/\" data-type=\"page\" data-id=\"15940\" target=\"_blank\" rel=\"noreferrer noopener\"><strong>contacter<\/strong><\/a> directement l\u2019\u00e9quipe de pour demander des informations et des prix \u00e0 <a href=\"https:\/\/www.youtube.com\/channel\/UC0zggzdm5CFwpRMmn_CPpFQ\" data-type=\"URL\" data-id=\"https:\/\/www.youtube.com\/channel\/UC0zggzdm5CFwpRMmn_CPpFQ\" target=\"_blank\" rel=\"noreferrer noopener\"><strong>Turk Aesthetic<\/strong><\/a>.<\/p>\n","protected":false},"excerpt":{"rendered":"<p>Lifting mammaire est une intervention esth\u00e9tique pratiqu\u00e9e par un chirurgien plasticien pour remodeler la poitrine chez les femmes pr\u00e9sentant un affaissement mammaire d\u00fb \u00e0 diverses raisons, telles que la g\u00e9n\u00e9tique, la prise de poids ou la gravit\u00e9. Les r\u00e9sultats sont visibles imm\u00e9diatement apr\u00e8s l&rsquo;intervention, qui dure g\u00e9n\u00e9ralement environ 3 heures sous anesth\u00e9sie g\u00e9n\u00e9rale. Les r\u00e9sultats [&hellip;]<\/p>\n","protected":false},"author":1,"featured_media":24909,"parent":0,"menu_order":0,"comment_status":"closed","ping_status":"closed","template":"","meta":{"footnotes":""},"dep":[],"class_list":["post-15809","page","type-page","status-publish","has-post-thumbnail","hentry"],"_links":{"self":[{"href":"https:\/\/www.turkaesthetic.com\/fr\/wp-json\/wp\/v2\/pages\/15809","targetHints":{"allow":["GET"]}}],"collection":[{"href":"https:\/\/www.turkaesthetic.com\/fr\/wp-json\/wp\/v2\/pages"}],"about":[{"href":"https:\/\/www.turkaesthetic.com\/fr\/wp-json\/wp\/v2\/types\/page"}],"author":[{"embeddable":true,"href":"https:\/\/www.turkaesthetic.com\/fr\/wp-json\/wp\/v2\/users\/1"}],"replies":[{"embeddable":true,"href":"https:\/\/www.turkaesthetic.com\/fr\/wp-json\/wp\/v2\/comments?post=15809"}],"version-history":[{"count":0,"href":"https:\/\/www.turkaesthetic.com\/fr\/wp-json\/wp\/v2\/pages\/15809\/revisions"}],"wp:featuredmedia":[{"embeddable":true,"href":"https:\/\/www.turkaesthetic.com\/fr\/wp-json\/wp\/v2\/media\/24909"}],"wp:attachment":[{"href":"https:\/\/www.turkaesthetic.com\/fr\/wp-json\/wp\/v2\/media?parent=15809"}],"wp:term":[{"taxonomy":"dep","embeddable":true,"href":"https:\/\/www.turkaesthetic.com\/fr\/wp-json\/wp\/v2\/dep?post=15809"}],"curies":[{"name":"wp","href":"https:\/\/api.w.org\/{rel}","templated":true}]}}