{"id":15765,"date":"2021-12-28T13:13:29","date_gmt":"2021-12-28T10:13:29","guid":{"rendered":"http:\/\/turkaesthetic.com\/gynecomastia\/"},"modified":"2025-04-07T16:49:58","modified_gmt":"2025-04-07T13:49:58","slug":"gynecomastia","status":"publish","type":"page","link":"https:\/\/www.turkaesthetic.com\/fr\/gynecomastia\/","title":{"rendered":"Gyn\u00e9comastie"},"content":{"rendered":"\n<p>La <strong>gyn\u00e9comastie<\/strong> est une intervention chirurgicale visant \u00e0 retirer l&rsquo;exc\u00e8s de tissu mammaire chez l&rsquo;homme, ce qui peut lui donner une forme ressemblant \u00e0 celle des seins f\u00e9minins. Cette affection peut engendrer g\u00eane et perte de confiance en soi. La gyn\u00e9comastie peut \u00eatre class\u00e9e en diff\u00e9rents degr\u00e9s\u00a0: l\u00e9g\u00e8re, mod\u00e9r\u00e9e et s\u00e9v\u00e8re.<\/p>\n\n\n\n<p>L&rsquo;approche chirurgicale varie selon le degr\u00e9 de la gyn\u00e9comastie. Les diff\u00e9rences de gravit\u00e9 peuvent \u00eatre attribu\u00e9es \u00e0 des facteurs physiologiques et g\u00e9n\u00e9tiques. Quel que soit son degr\u00e9, la gyn\u00e9comastie provoque souvent une d\u00e9tresse \u00e9motionnelle et peut conduire \u00e0 la d\u00e9pression, ce qui rend une intervention esth\u00e9tique n\u00e9cessaire pour traiter efficacement le probl\u00e8me.<\/p>\n\n\n\n<figure class=\"wp-block-table\"><table><tbody><tr><td>Anesth\u00e9sie&nbsp;<\/td><td>S\u00e9dation \/ G\u00e9n\u00e9ralit\u00e9s<\/td><\/tr><tr><td>Dur\u00e9e de la proc\u00e9dure<\/td><td>2 &#8211; 3 heures<\/td><\/tr><tr><td>R\u00e9sultats<\/td><td>Imm\u00e9diat \/ Dur\u00e9e de vie<\/td><\/tr><tr><td>Convalescence<\/td><td>5 jours<\/td><\/tr><tr><td>S\u00e9jour \u00e0 l\u2019h\u00f4pital<\/td><td>1 nuit en cas d\u2019anesth\u00e9sie g\u00e9n\u00e9rale&nbsp;&nbsp;<\/td><\/tr><\/tbody><\/table><figcaption class=\"wp-element-caption\">Gyn\u00e9comastie en Turquie<\/figcaption><\/figure>\n\n\n\n<h2 class=\"wp-block-heading\">Comment se d\u00e9roule une chirurgie de la gyn\u00e9comastie&nbsp;?<\/h2>\n\n\n\n<p>D&rsquo;un point de vue hygi\u00e9nique, la gyn\u00e9comastie n&rsquo;est pas un probl\u00e8me grave qui devrait susciter des craintes. Elle rel\u00e8ve principalement des interventions esth\u00e9tiques et, dans de rares cas, l&rsquo;apparition soudaine d&rsquo;une augmentation mammaire chez l&rsquo;homme peut \u00eatre li\u00e9e \u00e0 des probl\u00e8mes li\u00e9s au cancer.<\/p>\n\n\n\n<p>L&rsquo;intervention est g\u00e9n\u00e9ralement r\u00e9alis\u00e9e sous anesth\u00e9sie locale, que de nombreux patients pr\u00e9f\u00e8rent. Dans certains cas, une anesth\u00e9sie g\u00e9n\u00e9rale peut \u00eatre utilis\u00e9e. L&rsquo;intervention dure g\u00e9n\u00e9ralement 2 \u00e0 3 heures, selon le cas, et les r\u00e9sultats sont imm\u00e9diats et durables.<\/p>\n\n\n\n<h3 class=\"wp-block-heading\">Vid\u00e9o sur la chirurgie de la gyn\u00e9comastie<\/h3>\n\n\n\n<p>Vid\u00e9o expliquant en d\u00e9tail la chirurgie de r\u00e9duction mammaire masculine&nbsp;:<\/p>\n\n\n\n<figure class=\"wp-block-embed is-type-video is-provider-youtube wp-block-embed-youtube wp-embed-aspect-16-9 wp-has-aspect-ratio\"><div class=\"wp-block-embed__wrapper\">\n<iframe loading=\"lazy\" title=\"Gynecomastia - Turk Aesthetic\" width=\"800\" height=\"450\" src=\"https:\/\/www.youtube.com\/embed\/S2tbUZ3UaeM?feature=oembed\" frameborder=\"0\" allow=\"accelerometer; autoplay; clipboard-write; encrypted-media; gyroscope; picture-in-picture; web-share\" referrerpolicy=\"strict-origin-when-cross-origin\" allowfullscreen><\/iframe>\n<\/div><\/figure>\n\n\n\n<h3 class=\"wp-block-heading\">Causes de la gyn\u00e9comastie<\/h3>\n\n\n\n<ul class=\"wp-block-list\">\n<li>Utilisation de certains m\u00e9dicaments.<\/li>\n\n\n\n<li>Changements hormonaux naturels qui surviennent pendant la pubert\u00e9 chez les gar\u00e7ons.<\/li>\n\n\n\n<li>Dysfonctionnements de la s\u00e9cr\u00e9tion thyro\u00efdienne ou des gonades.<\/li>\n\n\n\n<li>Facteurs g\u00e9n\u00e9tiques.<\/li>\n\n\n\n<li>Prise de poids.<\/li>\n<\/ul>\n\n\n\n<h4 class=\"wp-block-heading\">Types de gyn\u00e9comastie<\/h4>\n\n\n\n<p>L&rsquo;importance de l&rsquo;hypertrophie mammaire chez l&rsquo;homme peut varier consid\u00e9rablement d&rsquo;un individu \u00e0 l&rsquo;autre en raison de diff\u00e9rences g\u00e9n\u00e9tiques et physiologiques. Le surpoids peut jouer un r\u00f4le majeur dans le d\u00e9veloppement de la gyn\u00e9comastie. Les diff\u00e9rents types de gyn\u00e9comastie comprennent&nbsp;:<\/p>\n\n\n\n<ul class=\"wp-block-list\">\n<li>Gyn\u00e9comastie s\u00e9borrh\u00e9ique\u00a0: Ce type est fr\u00e9quent \u00e0 tous les \u00e2ges et g\u00e9n\u00e9ralement trait\u00e9 par liposuccion seule.<\/li>\n\n\n\n<li>Gyn\u00e9comastie fibreuse\u00a0: Caract\u00e9ris\u00e9e par une augmentation du volume des tissus sans exc\u00e8s de graisse au niveau de la poitrine. Le traitement consiste en l&rsquo;ablation chirurgicale du tissu glandulaire et fibreux responsable de la maladie.<\/li>\n\n\n\n<li>Gyn\u00e9comastie mixte\u00a0: Ce type de gyn\u00e9comastie comprend \u00e0 la fois du tissu adipeux et du tissu fibreux. Le traitement recommand\u00e9 comprend une <a href=\"https:\/\/www.turkaesthetic.com\/fr\/liposuction\/\" target=\"_blank\" data-type=\"page\" data-id=\"15280\" rel=\"noreferrer noopener\">liposuccion<\/a> pour retirer la graisse, suivie de l&rsquo;excision du tissu glandulaire par une petite incision dans la zone ar\u00e9olaire entourant le mamelon.<\/li>\n\n\n\n<li>Ces variations soulignent l&rsquo;importance d&rsquo;une approche th\u00e9rapeutique personnalis\u00e9e, en fonction du type et du degr\u00e9 d&rsquo;hypertrophie mammaire chez l&rsquo;homme.<\/li>\n<\/ul>\n\n\n\n<h5 class=\"wp-block-heading\">Qui peut subir cette intervention&nbsp;?<\/h5>\n\n\n\n<p>Les hommes souffrant d&rsquo;une poitrine tombante ou pro\u00e9minente, source de g\u00eane et de manque de confiance en soi, peuvent envisager cette intervention. Il est important d&rsquo;avoir des attentes r\u00e9alistes apr\u00e8s l&rsquo;op\u00e9ration. Les candidats \u00e0 la chirurgie doivent avoir arr\u00eat\u00e9 le d\u00e9veloppement de leurs seins \u00e0 l&rsquo;\u00e2ge de 20\u00a0ans et ne doivent pas \u00eatre atteints de maladies infectieuses incurables.<\/p>\n\n\n\n<figure class=\"wp-block-image size-full\"><img loading=\"lazy\" decoding=\"async\" width=\"1024\" height=\"683\" src=\"http:\/\/turkaesthetic.com\/wp-content\/uploads\/2021\/12\/doctor-with-patient.webp\" alt=\"Gyn\u00e9comastie en Turquie\" class=\"wp-image-14579\" srcset=\"https:\/\/www.turkaesthetic.com\/wp-content\/uploads\/2021\/12\/doctor-with-patient.webp 1024w, https:\/\/www.turkaesthetic.com\/wp-content\/uploads\/2021\/12\/doctor-with-patient-300x200.webp 300w, https:\/\/www.turkaesthetic.com\/wp-content\/uploads\/2021\/12\/doctor-with-patient-768x512.webp 768w\" sizes=\"auto, (max-width: 1024px) 100vw, 1024px\" \/><figcaption class=\"wp-element-caption\">Gyn\u00e9comastie en Turquie<\/figcaption><\/figure>\n\n\n\n<h3 class=\"wp-block-heading\">Qui ne peut pas subir cette intervention&nbsp;?<\/h3>\n\n\n\n<p>Les hommes doivent \u00e9viter la chirurgie s&rsquo;ils souffrent de probl\u00e8mes de sant\u00e9 tels qu&rsquo;un diab\u00e8te non contr\u00f4l\u00e9, une hypertension art\u00e9rielle s\u00e9v\u00e8re, une maladie cardiaque ou une maladie infectieuse comme l&rsquo;immunod\u00e9ficience. De plus, les personnes n&rsquo;ayant pas encore d\u00e9pass\u00e9 la phase de croissance de 20&nbsp;ans ne doivent pas recourir \u00e0 cette intervention, car les s\u00e9cr\u00e9tions glandulaires peuvent \u00eatre fluctuantes et irr\u00e9guli\u00e8res avant cet \u00e2ge.<\/p>\n\n\n\n<h3 class=\"wp-block-heading\">Le m\u00e9decin qui pratique la gyn\u00e9comastie<\/h3>\n\n\n\n<p>La chirurgie de la gyn\u00e9comastie, qui consiste \u00e0 retirer les seins chez l&rsquo;homme, est une intervention esth\u00e9tique qui doit \u00eatre r\u00e9alis\u00e9e par un chirurgien plasticien qualifi\u00e9 et exp\u00e9riment\u00e9 dans ce type d&rsquo;intervention.<\/p>\n\n\n\n<p>Cette intervention ne doit \u00eatre pratiqu\u00e9e par aucun autre sp\u00e9cialiste. Lors du choix d&rsquo;un h\u00f4pital ou d&rsquo;une clinique, il est crucial de choisir un \u00e9tablissement r\u00e9put\u00e9, dot\u00e9 d&rsquo;un haut niveau de st\u00e9rilisation et d&rsquo;un chirurgien hautement qualifi\u00e9. Bien que le co\u00fbt de l&rsquo;intervention puisse \u00eatre \u00e9lev\u00e9, il refl\u00e8te souvent l&rsquo;efficacit\u00e9 et la cr\u00e9dibilit\u00e9 de la clinique&nbsp;; il est donc conseill\u00e9 de ne pas n\u00e9gocier le prix excessivement.<\/p>\n\n\n\n<h5 class=\"wp-block-heading\">Type d&rsquo;anesth\u00e9sie utilis\u00e9 pendant l&rsquo;intervention<\/h5>\n\n\n\n<p>La chirurgie de la gyn\u00e9comastie peut \u00eatre r\u00e9alis\u00e9e sous s\u00e9dation ou sous anesth\u00e9sie g\u00e9n\u00e9rale. Le choix de l&rsquo;anesth\u00e9sie d\u00e9pend des pr\u00e9f\u00e9rences du patient et de son \u00e9tat de sant\u00e9.<\/p>\n\n\n\n<p>Pour les patients sous anesth\u00e9sie g\u00e9n\u00e9rale, il est essentiel de s&rsquo;abstenir de manger et de boire six heures avant l&rsquo;intervention. Cette pr\u00e9caution permet d&rsquo;\u00e9viter toute g\u00eane gastrique au r\u00e9veil. De plus, l&rsquo;anesth\u00e9sie g\u00e9n\u00e9rale n\u00e9cessite g\u00e9n\u00e9ralement une nuit d&rsquo;hospitalisation, dont le co\u00fbt est g\u00e9n\u00e9ralement plus \u00e9lev\u00e9 que celui d&rsquo;une anesth\u00e9sie temporaire ou d&rsquo;une s\u00e9dation.<\/p>\n\n\n\n<p>En revanche, si l&rsquo;intervention est r\u00e9alis\u00e9e sous anesth\u00e9sie temporaire, le je\u00fbne et la nuit d&rsquo;hospitalisation mentionn\u00e9s ci-dessus ne s&rsquo;appliquent pas. Cette m\u00e9thode est consid\u00e9r\u00e9e comme plus simple et moins co\u00fbteuse.<\/p>\n\n\n\n<h3 class=\"wp-block-heading\">\u00c9tapes de la chirurgie de la gyn\u00e9comastie <\/h3>\n\n\n<div id=\"rank-math-howto\" class=\"rank-math-block\" >\n<div class=\"rank-math-howto-description\">\n\n<p>Le processus de gyn\u00e9comastie passe par trois \u00e9tapes, comme d\u2019autres op\u00e9rations:<\/p>\n\n<\/div>\n<p class=\"rank-math-howto-duration\"><strong>Temps total\u00a0:<\/strong> <span>2 heures<\/span><\/p>\n<div class=\"rank-math-steps \">\n<div id=\"howto-step-1678735909885\" class=\"rank-math-step\">\n<h3 class=\"rank-math-step-title \"><strong>Avant le processus<\/strong><\/h3>\n<div class=\"rank-math-step-content \"><p>Avant de commencer le proc<br \/>Avant de subir une r\u00e9duction mammaire masculine, vous devez informer votre m\u00e9decin de toute maladie chronique ou de tout m\u00e9dicament que vous prenez actuellement, ainsi que de toute intervention chirurgicale ant\u00e9rieure. Voici quelques instructions importantes \u00e0 suivre\u00a0:<br \/>\u2013 Discutez des r\u00e9sultats escompt\u00e9s de l&rsquo;intervention avec votre m\u00e9decin.<br \/>\u2013 Abstenez-vous de manger et de boire pendant au moins six heures avant l&rsquo;intervention si vous devez recevoir une anesth\u00e9sie g\u00e9n\u00e9rale.<br \/>\u2013 Informez votre m\u00e9decin de tout m\u00e9dicament que vous prenez r\u00e9guli\u00e8rement.<br \/>\u2013 \u00c9vitez l&rsquo;alcool et le tabac pendant au moins une semaine avant l&rsquo;intervention.<br \/>\u2013 Consultez votre m\u00e9decin avant d&rsquo;arr\u00eater tout m\u00e9dicament anticoagulant, comme l&rsquo;aspirine.<\/p>\n<\/div>\n<\/div>\n<div id=\"howto-step-1678735945224\" class=\"rank-math-step\">\n<h3 class=\"rank-math-step-title \"><strong>Pendant le processus<\/strong><\/h3>\n<div class=\"rank-math-step-content \"><img loading=\"lazy\" decoding=\"async\" width=\"1024\" height=\"576\" src=\"https:\/\/www.turkaesthetic.com\/wp-content\/uploads\/2022\/03\/Gynecomastia-types.webp\" class=\"attachment-full size-full\" alt=\"gyn\u00e9comastie en turquie\" srcset=\"https:\/\/www.turkaesthetic.com\/wp-content\/uploads\/2022\/03\/Gynecomastia-types.webp 1024w, https:\/\/www.turkaesthetic.com\/wp-content\/uploads\/2022\/03\/Gynecomastia-types-300x169.webp 300w, https:\/\/www.turkaesthetic.com\/wp-content\/uploads\/2022\/03\/Gynecomastia-types-768x432.webp 768w\" sizes=\"auto, (max-width: 1024px) 100vw, 1024px\" \/><p>L&rsquo;anesth\u00e9sie sera administr\u00e9e selon la m\u00e9thode convenue. Le chirurgien d\u00e9terminera \u00e9galement le type de gyn\u00e9comastie et les zones sp\u00e9cifiques du thorax \u00e0 traiter. L&rsquo;intervention dure g\u00e9n\u00e9ralement 2 \u00e0 3 heures. L&rsquo;exc\u00e8s de graisse sera aspir\u00e9, tout exc\u00e9dent de tissu adipeux sera retir\u00e9, puis le chirurgien r\u00e9alisera une suture plastique pour refermer les incisions.<br \/>Pour faciliter la convalescence, un tube peut \u00eatre ins\u00e9r\u00e9 sous la peau afin de drainer les liquides accumul\u00e9s apr\u00e8s l&rsquo;ablation de la graisse. Apr\u00e8s l&rsquo;intervention, le patient doit porter un v\u00eatement de compression pour faciliter le drainage des liquides et obtenir une poitrine ferme et galb\u00e9e.<\/p>\n<\/div>\n<\/div>\n<div id=\"howto-step-1678735965911\" class=\"rank-math-step\">\n<h3 class=\"rank-math-step-title \"><strong>Apr\u00e8s le processus<\/strong><\/h3>\n<div class=\"rank-math-step-content \"><p>Il est conseill\u00e9 aux patients de porter le v\u00eatement de compression pendant 45 \u00e0 60 jours et de suivre toutes les instructions postop\u00e9ratoires fournies par le m\u00e9decin, en particulier pendant la p\u00e9riode de convalescence initiale. Les principales mesures de suivi postop\u00e9ratoire comprennent\u00a0:<br \/>\u2013 Un repos complet et la prise des m\u00e9dicaments prescrits, notamment des analg\u00e9siques et des anti-inflammatoires, afin de minimiser les gonflements et les ecchymoses.<br \/>\u2013 Une alimentation \u00e9quilibr\u00e9e et l\u00e9g\u00e8re, en \u00e9vitant le tabac et les analg\u00e9siques susceptibles d&rsquo;aggraver les saignements.<br \/>\u2013 Une bonne hydratation, notamment par une consommation abondante de liquides, favorise la convalescence et la cicatrisation des plaies.<br \/>\u2013 Un sommeil suffisant et une t\u00eate sur\u00e9lev\u00e9e \u00e0 45 degr\u00e9s pendant les trois premiers jours pour un confort optimal. \u2013 Soins des plaies chirurgicales : votre m\u00e9decin utilisera des sutures sp\u00e9cialis\u00e9es qui se dissolvent d\u2019elles-m\u00eames en 10 \u00e0 14 jours, apr\u00e8s quoi les points de suture commenceront \u00e0 dispara\u00eetre.<\/p>\n<\/div>\n<\/div>\n<\/div>\n<\/div>\n<p class=\"rank-math-howto-estimatedCost\"><strong>Co\u00fbt estim\u00e9\u00a0:<\/strong> <span>2950 Euro<\/span><\/p>\n\n\n\n\n\n<h3 class=\"wp-block-heading\">Avant et apr\u00e8s une gyn\u00e9comastie<\/h3>\n\n\n\n<p>Vous trouverez ci-dessous quelques photos avant et apr\u00e8s une r\u00e9duction mammaire masculine r\u00e9alis\u00e9e au cabinet Turk Aesthetic d&rsquo;Istanbul, en Turquie.<\/p>\n\n\n\n<figure class=\"wp-block-gallery has-nested-images columns-default is-cropped wp-block-gallery-1 is-layout-flex wp-block-gallery-is-layout-flex\">\n<figure class=\"wp-block-image size-large\"><img loading=\"lazy\" decoding=\"async\" width=\"1200\" height=\"800\" data-id=\"45720\" src=\"https:\/\/www.turkaesthetic.com\/wp-content\/uploads\/2023\/11\/before-after-gynecomastia-4.jpg\" alt=\"avant apr\u00e8s gyn\u00e9comastie en Turquie\" class=\"wp-image-45720\"\/><figcaption class=\"wp-element-caption\">avant apr\u00e8s gyn\u00e9comastie en Turquie<\/figcaption><\/figure>\n\n\n\n<figure class=\"wp-block-image size-large\"><img loading=\"lazy\" decoding=\"async\" width=\"1200\" height=\"800\" data-id=\"45711\" src=\"https:\/\/www.turkaesthetic.com\/wp-content\/uploads\/2023\/11\/before-after-gynecomastia-3.jpg\" alt=\"avant apr\u00e8s gyn\u00e9comastie en Turquie\" class=\"wp-image-45711\"\/><figcaption class=\"wp-element-caption\">avant apr\u00e8s gyn\u00e9comastie en Turquie<\/figcaption><\/figure>\n\n\n\n<figure class=\"wp-block-image size-large\"><img loading=\"lazy\" decoding=\"async\" width=\"1200\" height=\"800\" data-id=\"45702\" src=\"https:\/\/www.turkaesthetic.com\/wp-content\/uploads\/2023\/11\/before-after-gynecomastia-2.jpg\" alt=\"avant apr\u00e8s gyn\u00e9comastie en Turquie\" class=\"wp-image-45702\"\/><figcaption class=\"wp-element-caption\">avant apr\u00e8s gyn\u00e9comastie en Turquie<\/figcaption><\/figure>\n<\/figure>\n\n\n\n<p>Conseils postop\u00e9ratoires pour les chirurgiens sp\u00e9cialis\u00e9s en gyn\u00e9comastie<br>Apr\u00e8s une op\u00e9ration de gyn\u00e9comastie, il est essentiel de suivre des consignes sp\u00e9cifiques pour garantir une convalescence r\u00e9ussie. Voici quelques conseils essentiels&nbsp;:<\/p>\n\n\n\n<ul class=\"wp-block-list\">\n<li>Suivez les instructions du m\u00e9decin\u00a0: Respectez scrupuleusement les consignes de soins postop\u00e9ratoires fournies par votre chirurgien, y compris la prise en temps opportun des m\u00e9dicaments prescrits.<\/li>\n\n\n\n<li>\u00c9vitez les activit\u00e9s intenses\u00a0: \u00c9vitez tout travail intense ou le port de charges lourdes pendant la p\u00e9riode initiale de convalescence.<\/li>\n\n\n\n<li>Portez un corset m\u00e9dical\u00a0: Il est important de porter le corset m\u00e9dical recommand\u00e9 conform\u00e9ment aux instructions pour favoriser la gu\u00e9rison.<\/li>\n\n\n\n<li>Posture\u00a0: Essayez de vous allonger sur le dos, surtout les premiers jours suivant l&rsquo;op\u00e9ration.<\/li>\n\n\n\n<li>Hydratez-vous\u00a0: Buvez beaucoup d&rsquo;eau et de liquides pour rester hydrat\u00e9.<\/li>\n<\/ul>\n\n\n\n<h3 class=\"wp-block-heading\">Avantages et inconv\u00e9nients<\/h3>\n\n\n\n<p><strong>Inconv\u00e9nients<\/strong><\/p>\n\n\n\n<p>Les inconv\u00e9nients potentiels de la chirurgie de la gyn\u00e9comastie d\u00e9pendent de l&rsquo;exp\u00e9rience du chirurgien et du respect des consignes postop\u00e9ratoires par le patient. L&rsquo;une des principales pr\u00e9occupations est la possibilit\u00e9 de ne pas obtenir les r\u00e9sultats escompt\u00e9s.<\/p>\n\n\n\n<p><strong>Avantages<\/strong><\/p>\n\n\n\n<p>En cas de r\u00e9ussite, l&rsquo;intervention peut consid\u00e9rablement am\u00e9liorer la confiance en soi des hommes en \u00e9liminant l&rsquo;aspect ind\u00e9sirable du tissu mammaire, qui peut ressembler \u00e0 celui des femmes dans les cas avanc\u00e9s.<\/p>\n\n\n\n<p><strong>Effets secondaires<\/strong><\/p>\n\n\n\n<p>Certains patients peuvent ressentir une asym\u00e9trie au niveau de la poitrine apr\u00e8s l&rsquo;intervention, souvent due au manque d&rsquo;expertise du chirurgien.<br>Un engourdissement ou des picotements au niveau de la poitrine peuvent survenir apr\u00e8s l&rsquo;intervention.<br>De petites cicatrices peuvent appara\u00eetre, mais elles peuvent souvent \u00eatre att\u00e9nu\u00e9es gr\u00e2ce \u00e0 des pommades prescrites par votre m\u00e9decin.<\/p>\n\n\n\n<h3 class=\"wp-block-heading\">Gyn\u00e9comastie en Turquie, Istanbul<\/h3>\n\n\n\n<p>La Turquie, et plus particuli\u00e8rement Istanbul, est une destination pris\u00e9e des touristes en qu\u00eate de soins m\u00e9dicaux et de loisirs. Cela s&rsquo;explique par de nombreux avantages, notamment un large choix d&rsquo;options, des m\u00e9decins experts, des services de haute qualit\u00e9 et des prix raisonnables.<\/p>\n\n\n\n<p>La gyn\u00e9comastie est une intervention esth\u00e9tique pratiqu\u00e9e en Turquie, dont le co\u00fbt varie selon la clinique, g\u00e9n\u00e9ralement entre 2&nbsp;500 et 3&nbsp;500 \u20ac.<\/p>\n\n\n\n<h4 class=\"wp-block-heading\">Co\u00fbt d&rsquo;une chirurgie de gyn\u00e9comastie en Turquie, Istanbul<\/h4>\n\n\n\n<p>Le co\u00fbt d&rsquo;une gyn\u00e9comastie en Turquie d\u00e9pend de plusieurs facteurs&nbsp;:<\/p>\n\n\n\n<p>La r\u00e9putation de la clinique ou de l&rsquo;h\u00f4pital&nbsp;;<br>L&rsquo;exp\u00e9rience du m\u00e9decin&nbsp;;<br>Le type d&rsquo;anesth\u00e9sie utilis\u00e9&nbsp;;<br>Des services suppl\u00e9mentaires sont inclus dans le forfait, car certaines cliniques proposent des formules compl\u00e8tes comprenant le traitement, l&rsquo;h\u00e9bergement et le transport.<br>Chez Turk Aesthetic \u00e0 Istanbul, le co\u00fbt d&rsquo;une chirurgie de gyn\u00e9comastie est d&rsquo;environ 2&nbsp;500 \u00e0 3&nbsp;500 \u20ac pour une anesth\u00e9sie locale et 2&nbsp;500 \u20ac pour une anesth\u00e9sie g\u00e9n\u00e9rale. Vous pouvez contacter l&rsquo;\u00e9quipe de Turk Aesthetic via la page de contact pour vous renseigner sur les tarifs des forfaits, incluant l&rsquo;h\u00e9bergement et le transport.rgement et le transport, vous pouvez contacter l\u2019\u00e9quipe de Turk Aesthetic via la page de contact.<\/p>\n\n\n\n<h2 class=\"wp-block-heading\">FAQ &#8211; Chirurgie de gyn\u00e9comastie<\/h2>\n\n\n<div id=\"rank-math-faq\" class=\"rank-math-block\">\n<div class=\"rank-math-list \">\n<div id=\"faq-question-1678736093369\" class=\"rank-math-list-item\">\n<h3 class=\"rank-math-question \"><strong>Combien de temps dure une op\u00e9ration de gyn\u00e9comastie\u00a0?<\/strong><\/h3>\n<div class=\"rank-math-answer \">\n\n<p>L&rsquo;intervention dure g\u00e9n\u00e9ralement entre 2 et 3\u00a0heures, selon la gravit\u00e9 et le type de gyn\u00e9comastie.<\/p>\n\n<\/div>\n<\/div>\n<div id=\"faq-question-1742990566290\" class=\"rank-math-list-item\">\n<h3 class=\"rank-math-question \">Quand verrai-je les r\u00e9sultats apr\u00e8s une r\u00e9duction mammaire masculine\u00a0?<\/h3>\n<div class=\"rank-math-answer \">\n\n<p>Les r\u00e9sultats sont g\u00e9n\u00e9ralement imm\u00e9diats et deviennent plus visibles une fois les effets de l&rsquo;op\u00e9ration dissip\u00e9s.<\/p>\n\n<\/div>\n<\/div>\n<div id=\"faq-question-1742990586400\" class=\"rank-math-list-item\">\n<h3 class=\"rank-math-question \">Quel est le taux de r\u00e9ussite d&rsquo;une gyn\u00e9comastie\u00a0?<\/h3>\n<div class=\"rank-math-answer \">\n\n<p>Le r\u00e9sultat d\u00e9pend en grande partie de la comp\u00e9tence du m\u00e9decin et du respect des consignes postop\u00e9ratoires par le patient. En g\u00e9n\u00e9ral, le taux de r\u00e9ussite de cette intervention est sup\u00e9rieur \u00e0 celui des autres interventions chirurgicales.<\/p>\n\n<\/div>\n<\/div>\n<div id=\"faq-question-1742990589017\" class=\"rank-math-list-item\">\n<h3 class=\"rank-math-question \">Quel type d&rsquo;anesth\u00e9sie est utilis\u00e9 pour une r\u00e9duction mammaire masculine\u00a0?<\/h3>\n<div class=\"rank-math-answer \">\n\n<p>L&rsquo;op\u00e9ration de gyn\u00e9comastie peut \u00eatre r\u00e9alis\u00e9e sous anesth\u00e9sie g\u00e9n\u00e9rale ou locale.<\/p>\n\n<\/div>\n<\/div>\n<div id=\"faq-question-1742990594987\" class=\"rank-math-list-item\">\n<h3 class=\"rank-math-question \">Quel est le co\u00fbt d&rsquo;une gyn\u00e9comastie en Turquie\u00a0?<\/h3>\n<div class=\"rank-math-answer \">\n\n<p>Chez Turk Aesthetic \u00e0 Istanbul, le co\u00fbt varie entre 2\u00a0500\u00a0\u20ac et 3\u00a0500\u00a0\u20ac.<\/p>\n\n<\/div>\n<\/div>\n<div id=\"faq-question-1742990622513\" class=\"rank-math-list-item\">\n<h3 class=\"rank-math-question \">Quelle est la p\u00e9riode de convalescence apr\u00e8s une r\u00e9duction mammaire masculine\u00a0?<\/h3>\n<div class=\"rank-math-answer \">\n\n<p>La convalescence dure g\u00e9n\u00e9ralement entre 5 et 7\u00a0jours.<\/p>\n\n<\/div>\n<\/div>\n<div id=\"faq-question-1742990626089\" class=\"rank-math-list-item\">\n<h3 class=\"rank-math-question \">Ma poitrine peut-elle augmenter de volume ou s&rsquo;affaisser apr\u00e8s une gyn\u00e9comastie\u00a0?<\/h3>\n<div class=\"rank-math-answer \">\n\n<p>Non, les r\u00e9sultats de la chirurgie de la gyn\u00e9comastie sont permanents.<\/p>\n\n<\/div>\n<\/div>\n<div id=\"faq-question-1742990632009\" class=\"rank-math-list-item\">\n<h3 class=\"rank-math-question \">Combien de temps dois-je porter un corset apr\u00e8s une r\u00e9duction mammaire masculine\u00a0?<\/h3>\n<div class=\"rank-math-answer \">\n\n<p>La dur\u00e9e recommand\u00e9e pour le port d&rsquo;un corset est de 45 \u00e0 60\u00a0jours.<\/p>\n\n<\/div>\n<\/div>\n<\/div>\n<\/div>\n\n\n<p>Enfin, vous pouvez <a href=\"http:\/\/turkaesthetic.com\/fr\/contact-us\/\" target=\"_blank\" rel=\"noreferrer noopener\"><strong>contacter<\/strong> <\/a>directement notre \u00e9quipe d\u2019assistance pour demander des informations et des prix au <a href=\"https:\/\/www.youtube.com\/channel\/UC0zggzdm5CFwpRMmn_CPpFQ\" data-type=\"URL\" data-id=\"https:\/\/www.youtube.com\/channel\/UC0zggzdm5CFwpRMmn_CPpFQ\" target=\"_blank\" rel=\"noreferrer noopener\"><strong>Turk Aesthetic<\/strong><\/a>.<\/p>\n\n\n\n<p><\/p>\n","protected":false},"excerpt":{"rendered":"<p>La gyn\u00e9comastie est une intervention chirurgicale visant \u00e0 retirer l&rsquo;exc\u00e8s de tissu mammaire chez l&rsquo;homme, ce qui peut lui donner une forme ressemblant \u00e0 celle des seins f\u00e9minins. Cette affection peut engendrer g\u00eane et perte de confiance en soi. La gyn\u00e9comastie peut \u00eatre class\u00e9e en diff\u00e9rents degr\u00e9s\u00a0: l\u00e9g\u00e8re, mod\u00e9r\u00e9e et s\u00e9v\u00e8re. L&rsquo;approche chirurgicale varie selon [&hellip;]<\/p>\n","protected":false},"author":1,"featured_media":24925,"parent":0,"menu_order":0,"comment_status":"closed","ping_status":"closed","template":"","meta":{"footnotes":""},"dep":[],"class_list":["post-15765","page","type-page","status-publish","has-post-thumbnail","hentry"],"_links":{"self":[{"href":"https:\/\/www.turkaesthetic.com\/fr\/wp-json\/wp\/v2\/pages\/15765","targetHints":{"allow":["GET"]}}],"collection":[{"href":"https:\/\/www.turkaesthetic.com\/fr\/wp-json\/wp\/v2\/pages"}],"about":[{"href":"https:\/\/www.turkaesthetic.com\/fr\/wp-json\/wp\/v2\/types\/page"}],"author":[{"embeddable":true,"href":"https:\/\/www.turkaesthetic.com\/fr\/wp-json\/wp\/v2\/users\/1"}],"replies":[{"embeddable":true,"href":"https:\/\/www.turkaesthetic.com\/fr\/wp-json\/wp\/v2\/comments?post=15765"}],"version-history":[{"count":0,"href":"https:\/\/www.turkaesthetic.com\/fr\/wp-json\/wp\/v2\/pages\/15765\/revisions"}],"wp:featuredmedia":[{"embeddable":true,"href":"https:\/\/www.turkaesthetic.com\/fr\/wp-json\/wp\/v2\/media\/24925"}],"wp:attachment":[{"href":"https:\/\/www.turkaesthetic.com\/fr\/wp-json\/wp\/v2\/media?parent=15765"}],"wp:term":[{"taxonomy":"dep","embeddable":true,"href":"https:\/\/www.turkaesthetic.com\/fr\/wp-json\/wp\/v2\/dep?post=15765"}],"curies":[{"name":"wp","href":"https:\/\/api.w.org\/{rel}","templated":true}]}}