{"id":15650,"date":"2022-01-03T13:56:25","date_gmt":"2022-01-03T10:56:25","guid":{"rendered":"http:\/\/turkaesthetic.com\/tummy-tuck\/"},"modified":"2025-03-07T13:46:01","modified_gmt":"2025-03-07T10:46:01","slug":"tummy-tuck","status":"publish","type":"page","link":"https:\/\/www.turkaesthetic.com\/fr\/tummy-tuck\/","title":{"rendered":"Abdominoplastie"},"content":{"rendered":"\n<p><strong>L&rsquo;abdominoplastie<\/strong> est une chirurgie plastique qui consiste \u00e0 retirer l&rsquo;exc\u00e8s de graisse et de peau tout en resserrant les muscles affaiss\u00e9s pour cr\u00e9er un abdomen plus plat et plus tonique. De plus, la proc\u00e9dure permet d&rsquo;\u00e9liminer les rides et l&rsquo;affaissement caus\u00e9s par la prise de poids, ce qui donne une apparence plus jeune.<\/p>\n\n\n\n<p>L&rsquo;op\u00e9ration dure g\u00e9n\u00e9ralement 2 \u00e0 3 heures, selon le cas, et est r\u00e9alis\u00e9e sous anesth\u00e9sie g\u00e9n\u00e9rale, n\u00e9cessitant une hospitalisation d&rsquo;une nuit. Les r\u00e9sultats deviennent visibles imm\u00e9diatement une fois les effets post-op\u00e9ratoires att\u00e9nu\u00e9s.<\/p>\n\n\n\n<figure class=\"wp-block-table\"><table><tbody><tr><td>Anesth\u00e9sie<\/td><td>G\u00e9n\u00e9ral&nbsp;<\/td><\/tr><tr><td>Dur\u00e9e du processus<\/td><td>2-3 heures<\/td><\/tr><tr><td>R\u00e9sultats<\/td><td>Imm\u00e9diat<\/td><\/tr><tr><td>Convalescence<\/td><td>7-10 jours<\/td><\/tr><tr><td>Hospitalisation<\/td><td>1 Nuit<\/td><\/tr><\/tbody><\/table><figcaption class=\"wp-element-caption\">Abdominoplastie en Turquie<\/figcaption><\/figure>\n\n\n\n<h2 class=\"wp-block-heading\">Comment se d\u00e9roule une abdominoplastie ?<\/h2>\n\n\n\n<p>De nombreuses personnes s&rsquo;efforcent d&rsquo;avoir un ventre plat avec des muscles abdominaux bien d\u00e9finis gr\u00e2ce \u00e0 l&rsquo;exercice, au r\u00e9gime alimentaire et au contr\u00f4le du poids. Cependant, ces m\u00e9thodes ne sont pas toujours suffisantes. Dans de tels cas, une abdominoplastie peut \u00eatre la solution id\u00e9ale.<br>Le but de la proc\u00e9dure n&rsquo;est pas la perte de poids, mais plut\u00f4t l&rsquo;\u00e9limination de l&rsquo;exc\u00e8s de graisse et de la peau affaiss\u00e9e caus\u00e9e par le vieillissement, les changements post-grossesse, une perte de poids importante ou des interventions chirurgicales ant\u00e9rieures. Par cons\u00e9quent, cette proc\u00e9dure est souvent consid\u00e9r\u00e9e comme un traitement compl\u00e9mentaire pour am\u00e9liorer le contour du corps.<\/p>\n\n\n\n<h3 class=\"wp-block-heading\">Vid\u00e9o<\/h3>\n\n\n\n<p>Vous trouverez ci-dessous une vid\u00e9o de la proc\u00e9dure en Turquie.<\/p>\n\n\n\n<figure class=\"wp-block-embed is-type-video is-provider-youtube wp-block-embed-youtube wp-embed-aspect-16-9 wp-has-aspect-ratio\"><div class=\"wp-block-embed__wrapper\">\n<iframe loading=\"lazy\" title=\"Tummy Tuck - Turk Aesthetic\" width=\"800\" height=\"450\" src=\"https:\/\/www.youtube.com\/embed\/yTb9Q0EpUOw?feature=oembed\" frameborder=\"0\" allow=\"accelerometer; autoplay; clipboard-write; encrypted-media; gyroscope; picture-in-picture; web-share\" referrerpolicy=\"strict-origin-when-cross-origin\" allowfullscreen><\/iframe>\n<\/div><figcaption class=\"wp-element-caption\">Abdominoplastie<\/figcaption><\/figure>\n\n\n\n<h3 class=\"wp-block-heading\">Qui peut subir une abdominoplastie&nbsp;?<\/h3>\n\n\n\n<p>Les personnes qui r\u00e9pondent aux crit\u00e8res suivants peuvent subir l&rsquo;intervention&nbsp;:<\/p>\n\n\n\n<ul class=\"wp-block-list\">\n<li>En bonne sant\u00e9 g\u00e9n\u00e9rale et \u00e2g\u00e9es de plus de 20 ans.<\/li>\n\n\n\n<li>Souffrant de peau flasque et d&rsquo;exc\u00e8s de graisse dans la r\u00e9gion abdominale en raison d&rsquo;une perte de poids, d&rsquo;un accouchement ou de changements corporels soudains.<\/li>\n\n\n\n<li>Souffrant d&rsquo;un impact n\u00e9gatif sur la confiance en soi en raison d&rsquo;un affaissement abdominal.<\/li>\n<\/ul>\n\n\n\n<h4 class=\"wp-block-heading\">Qui ne devrait pas subir une abdominoplastie&nbsp;?<\/h4>\n\n\n\n<ul class=\"wp-block-list\">\n<li>Les personnes \u00e2g\u00e9es de moins de 20 ans.<\/li>\n\n\n\n<li>Les personnes atteintes de maladies chroniques ou contagieuses qui pourraient pr\u00e9senter des risques chirurgicaux.<\/li>\n\n\n\n<li>Les personnes ayant un exc\u00e8s de poids important doivent d&rsquo;abord perdre le poids suppl\u00e9mentaire avant de subir l&rsquo;intervention pour rem\u00e9dier \u00e0 l&rsquo;affaissement caus\u00e9 par la perte de poids.<\/li>\n<\/ul>\n\n\n\n<h3 class=\"wp-block-heading\">Le chirurgien qui effectue <\/h3>\n\n\n\n<p>Une abdominoplastie est effectu\u00e9e par un chirurgien plasticien qualifi\u00e9 ayant une grande exp\u00e9rience dans ce type d&rsquo;intervention. Aucun m\u00e9decin d&rsquo;une autre sp\u00e9cialit\u00e9 n&rsquo;est autoris\u00e9 \u00e0 pratiquer cette intervention.<br>Lors du choix d\u2019un h\u00f4pital ou d\u2019une clinique m\u00e9dicale, il est essentiel de s\u00e9lectionner un \u00e9tablissement fiable avec des normes de st\u00e9rilisation \u00e9lev\u00e9es et un chirurgien hautement qualifi\u00e9. Parfois, un co\u00fbt d\u2019intervention plus \u00e9lev\u00e9 refl\u00e8te la cr\u00e9dibilit\u00e9 et l\u2019expertise de la clinique, il est donc conseill\u00e9 de ne pas compromettre la qualit\u00e9 en n\u00e9gociant ou en marchandant le prix.<\/p>\n\n\n\n<h4 class=\"wp-block-heading\">Types d\u2019anesth\u00e9sie utilis\u00e9s pendant la chirurgie<\/h4>\n\n\n\n<p>Une abdominoplastie est r\u00e9alis\u00e9e uniquement sous anesth\u00e9sie g\u00e9n\u00e9rale. Les patients doivent arr\u00eater de manger et de boire au moins 6 heures avant l\u2019intervention pour \u00e9viter tout inconfort ou complications au r\u00e9veil.<br>Apr\u00e8s l\u2019op\u00e9ration, les patients restent g\u00e9n\u00e9ralement \u00e0 l\u2019h\u00f4pital pendant une \u00e0 deux nuits pour surveillance et r\u00e9cup\u00e9ration.<\/p>\n\n\n\n<h3 class=\"wp-block-heading\">\u00c9tapes <\/h3>\n\n\n<div id=\"rank-math-howto\" class=\"rank-math-block\" >\n<div class=\"rank-math-howto-description\">\n\n<p>L\u2019op\u00e9ration d\u2019abdominoplastie passe par trois \u00e9tapes, comme d\u2019autres op\u00e9rations<\/p>\n\n<\/div>\n<p class=\"rank-math-howto-duration\"><strong>Temps total\u00a0:<\/strong> <span>3 heures<\/span><\/p>\n<div class=\"rank-math-steps \">\n<div id=\"howto-step-1678363934886\" class=\"rank-math-step\">\n<h3 class=\"rank-math-step-title \"><strong>Avant le processus<\/strong><\/h3>\n<div class=\"rank-math-step-content \"><p>Avant de subir une abdominoplastie, il est essentiel de fournir au m\u00e9decin des informations m\u00e9dicales d\u00e9taill\u00e9es, notamment\u00a0:<br \/>\u2013 Toute maladie chronique ou m\u00e9dicament pris.<br \/>\u2013 Toute intervention chirurgicale ant\u00e9rieure effectu\u00e9e.<br \/>De plus, les patients doivent suivre ces instructions pr\u00e9op\u00e9ratoires\u00a0:<br \/>\u2013 Discutez des attentes et des r\u00e9sultats potentiels avec le m\u00e9decin.<br \/>\u2013 Abstenez-vous de manger ou de boire pendant au moins 6\u00a0heures avant l&rsquo;intervention en raison de l&rsquo;anesth\u00e9sie g\u00e9n\u00e9rale.<br \/>\u2013 Informez le m\u00e9decin de tout m\u00e9dicament r\u00e9guli\u00e8rement utilis\u00e9.<br \/>\u2013 \u00c9vitez l&rsquo;alcool et le tabac pendant au moins une semaine avant l&rsquo;intervention.<br \/>\u2013 Arr\u00eatez les m\u00e9dicaments anticoagulants (par exemple, l&rsquo;aspirine) apr\u00e8s avoir consult\u00e9 le m\u00e9decin.<br \/>\u2013 Portez des v\u00eatements amples et confortables le jour de l&rsquo;intervention.<\/p>\n<\/div>\n<\/div>\n<div id=\"howto-step-1678363968655\" class=\"rank-math-step\">\n<h3 class=\"rank-math-step-title \"><strong>Pendant le processus<\/strong><\/h3>\n<div class=\"rank-math-step-content \"><p>Apr\u00e8s avoir administr\u00e9 une anesth\u00e9sie g\u00e9n\u00e9rale, le chirurgien pratique une incision horizontale entre la r\u00e9gion pubienne et le nombril, la forme et la longueur de l&rsquo;incision d\u00e9pendant de la quantit\u00e9 de peau exc\u00e9dentaire \u00e0 retirer. Si n\u00e9cessaire, une deuxi\u00e8me incision autour du nombril peut \u00eatre pratiqu\u00e9e pour \u00e9liminer l&rsquo;exc\u00e8s de peau de la partie sup\u00e9rieure de l&rsquo;abdomen. Le chirurgien tire ensuite la peau de la partie sup\u00e9rieure de l&rsquo;abdomen vers le bas, retire l&rsquo;exc\u00e8s de peau et resserre et remod\u00e8le les muscles abdominaux. Ce repositionnement cr\u00e9e une nouvelle ouverture circulaire pour le nombril dans sa position ajust\u00e9e. Enfin, l&rsquo;incision est ferm\u00e9e \u00e0 l&rsquo;aide de sutures cosm\u00e9tiques ou d&rsquo;un adh\u00e9sif de qualit\u00e9 m\u00e9dicale con\u00e7u sp\u00e9cifiquement pour la chirurgie plastique.<\/p>\n<\/div>\n<\/div>\n<div id=\"howto-step-1678363996002\" class=\"rank-math-step\">\n<h3 class=\"rank-math-step-title \"><strong>Apr\u00e8s le processus<\/strong><\/h3>\n<div class=\"rank-math-step-content \"><p>Apr\u00e8s l&rsquo;intervention, des bandages sont appliqu\u00e9s sur la zone chirurgicale et les patients doivent porter un v\u00eatement de compression, comme un corset, pour aider \u00e0 r\u00e9duire les ecchymoses et l&rsquo;enflure tout en favorisant la gu\u00e9rison. Un tube de drainage temporaire peut \u00eatre plac\u00e9 sous la peau pour \u00e9liminer l&rsquo;exc\u00e8s de sang ou de liquides. Le m\u00e9decin fournira des instructions postop\u00e9ratoires d\u00e9taill\u00e9es et le respect strict de ces directives est essentiel pour obtenir les meilleurs r\u00e9sultats. Une hospitalisation d&rsquo;une \u00e0 deux nuits est \u00e9galement n\u00e9cessaire pour le suivi et la convalescence.<\/p>\n<\/div>\n<\/div>\n<\/div>\n<\/div>\n<p class=\"rank-math-howto-estimatedCost\"><strong>Co\u00fbt estim\u00e9\u00a0:<\/strong> <span>3450 Euro<\/span><\/p>\n\n\n\n\n\n<h3 class=\"wp-block-heading\">Avant et apr\u00e8s l&rsquo;abdominoplastie<\/h3>\n\n\n\n<p>Vous trouverez ci-dessous quelques photos avant et apr\u00e8s l&rsquo;abdominoplastie r\u00e9alis\u00e9e chez Turk Aesthetic \u00e0 Istanbul.<\/p>\n\n\n\n<figure class=\"wp-block-gallery has-nested-images columns-default is-cropped wp-block-gallery-1 is-layout-flex wp-block-gallery-is-layout-flex\">\n<figure class=\"wp-block-image size-large\"><img loading=\"lazy\" decoding=\"async\" width=\"1200\" height=\"800\" data-id=\"50583\" src=\"https:\/\/www.turkaesthetic.com\/wp-content\/uploads\/2024\/01\/Tummy-tuck-before-after-8.webp\" alt=\"avant apr\u00e8s Abdominoplastie en Turquie\" class=\"wp-image-50583\"\/><figcaption class=\"wp-element-caption\">avant apr\u00e8s Abdominoplastie en Turquie<\/figcaption><\/figure>\n\n\n\n<figure class=\"wp-block-image size-large\"><img loading=\"lazy\" decoding=\"async\" width=\"1200\" height=\"800\" data-id=\"50574\" src=\"https:\/\/www.turkaesthetic.com\/wp-content\/uploads\/2024\/01\/Tummy-tuck-before-after-7.webp\" alt=\"avant apr\u00e8s Abdominoplastie en Turquie\" class=\"wp-image-50574\"\/><figcaption class=\"wp-element-caption\">avant apr\u00e8s Abdominoplastie en Turquie<\/figcaption><\/figure>\n\n\n\n<figure class=\"wp-block-image size-large\"><img loading=\"lazy\" decoding=\"async\" width=\"1200\" height=\"800\" data-id=\"50565\" src=\"https:\/\/www.turkaesthetic.com\/wp-content\/uploads\/2024\/01\/Tummy-tuck-before-after-5.webp\" alt=\"avant apr\u00e8s Abdominoplastie en Turquie\" class=\"wp-image-50565\"\/><figcaption class=\"wp-element-caption\">avant apr\u00e8s Abdominoplastie en Turquie<\/figcaption><\/figure>\n<\/figure>\n\n\n\n<h3 class=\"wp-block-heading\">Consignes postop\u00e9ratoires pour <\/h3>\n\n\n\n<p>Pour assurer une r\u00e9cup\u00e9ration en douceur et des r\u00e9sultats optimaux, suivez ces directives de soins postop\u00e9ratoires&nbsp;:<\/p>\n\n\n\n<p>Reposez-vous compl\u00e8tement et prenez tous les m\u00e9dicaments prescrits, analg\u00e9siques et anti-inflammatoires pour minimiser l\u2019inconfort et les complications.<br>R\u00e9duisez ou \u00e9vitez compl\u00e8tement de fumer et arr\u00eatez les m\u00e9dicaments anticoagulants selon les conseils du m\u00e9decin.<br>Buvez beaucoup de liquides pour acc\u00e9l\u00e9rer la cicatrisation et la r\u00e9cup\u00e9ration de la plaie.<br>Dormez suffisamment et allongez-vous sur le dos uniquement pendant la dur\u00e9e recommand\u00e9e par le m\u00e9decin.<br>Prenez soin de la plaie chirurgicale pour pr\u00e9venir les infections.<br>Utilisez le v\u00eatement de compression (corset) pour favoriser la cicatrisation et minimiser l\u2019enflure.<br>Allongez-vous sur le dos avec le haut du corps l\u00e9g\u00e8rement sur\u00e9lev\u00e9 pour r\u00e9duire la tension sur la r\u00e9gion abdominale.<\/p>\n\n\n\n<h3 class=\"wp-block-heading\">Avantages et inconv\u00e9nients de l\u2019abdominoplastie<\/h3>\n\n\n\n<p><strong>Inconv\u00e9nients<\/strong><\/p>\n\n\n\n<p>Les risques et complications de l\u2019intervention d\u00e9pendent de l\u2019expertise du chirurgien et du respect par le patient des instructions de soins postop\u00e9ratoires.<\/p>\n\n\n\n<p><strong>Avantages<\/strong><\/p>\n\n\n\n<p>Une abdominoplastie r\u00e9ussie am\u00e9liore la confiance en soi en \u00e9liminant l\u2019exc\u00e8s de peau affaiss\u00e9e.<br>Le patient obtient une apparence plus ferme, plus jeune et sculpt\u00e9e.<\/p>\n\n\n\n<h3 class=\"wp-block-heading\">Mini-abdominoplastie<\/h3>\n\n\n\n<p>La mini-abdominoplastie gagne rapidement en popularit\u00e9 en Turquie. C&rsquo;est une option efficace pour les personnes qui cherchent \u00e0 am\u00e9liorer leur apparence abdominale sans la r\u00e9cup\u00e9ration prolong\u00e9e associ\u00e9e \u00e0 une abdominoplastie traditionnelle. Voici les principales caract\u00e9ristiques qui distinguent cette proc\u00e9dure&nbsp;:<\/p>\n\n\n\n<ul class=\"wp-block-list\">\n<li>Incision plus petite&nbsp;: l&rsquo;un des principaux avantages d&rsquo;une mini-abdominoplastie est la taille de l&rsquo;incision chirurgicale. L&rsquo;incision est nettement plus petite qu&rsquo;une abdominoplastie compl\u00e8te, mesurant g\u00e9n\u00e9ralement 5 \u00e0 6 pouces. Cela minimise les cicatrices visibles et r\u00e9duit le traumatisme global des tissus environnants.<\/li>\n\n\n\n<li>Aucune liposuccion requise\u00a0: contrairement aux abdominoplasties traditionnelles, qui associent souvent le remodelage abdominal \u00e0 la <a href=\"https:\/\/www.turkaesthetic.com\/fr\/liposuction\/\" target=\"_blank\" data-type=\"page\" data-id=\"15280\" rel=\"noreferrer noopener\">liposuccion<\/a>, la mini-abdominoplastie peut \u00eatre r\u00e9alis\u00e9e sans cette proc\u00e9dure suppl\u00e9mentaire si le principal probl\u00e8me est l&rsquo;affaissement de la peau dans la r\u00e9gion abdominale inf\u00e9rieure. Cela en fait un excellent choix pour les patients qui ont maintenu un poids sant\u00e9 mais qui luttent contre le rel\u00e2chement cutan\u00e9 d\u00fb \u00e0 la g\u00e9n\u00e9tique ou aux changements post-grossesse.<\/li>\n\n\n\n<li>R\u00e9alis\u00e9e sous anesth\u00e9sie g\u00e9n\u00e9rale : l&rsquo;intervention est r\u00e9alis\u00e9e sous anesth\u00e9sie g\u00e9n\u00e9rale, ce qui garantit que les patients sont \u00e0 l&rsquo;aise et sans douleur tout au long de l&rsquo;intervention. Cela permet une exp\u00e9rience chirurgicale plus sereine et contribue \u00e0 faciliter le processus de r\u00e9cup\u00e9ration.<\/li>\n\n\n\n<li>Incision abdominale inf\u00e9rieure : le processus chirurgical consiste \u00e0 pratiquer une petite incision juste au-dessus de la zone pubienne dans le bas-ventre. Apr\u00e8s avoir retir\u00e9 l&rsquo;exc\u00e8s de peau, l&rsquo;incision est m\u00e9ticuleusement ferm\u00e9e avec des techniques de suture esth\u00e9tique con\u00e7ues pour cr\u00e9er une cicatrice discr\u00e8te qui s&rsquo;estompe avec le temps. Le placement plus bas de l&rsquo;incision garantit en outre qu&rsquo;elle peut \u00eatre facilement dissimul\u00e9e par un maillot de bain ou des sous-v\u00eatements.<\/li>\n\n\n\n<li>R\u00e9cup\u00e9ration rapide : les patients connaissent g\u00e9n\u00e9ralement un temps de r\u00e9cup\u00e9ration plus court qu&rsquo;une abdominoplastie compl\u00e8te. De nombreuses personnes peuvent reprendre des activit\u00e9s l\u00e9g\u00e8res en une semaine, ce qui en fait une option attrayante pour les personnes ayant un mode de vie charg\u00e9.<\/li>\n<\/ul>\n\n\n\n<figure class=\"wp-block-image size-full\"><img loading=\"lazy\" decoding=\"async\" width=\"1024\" height=\"336\" src=\"http:\/\/turkaesthetic.com\/wp-content\/uploads\/2022\/01\/mini-tummy-tuck.webp\" alt=\"abdominoplastie en Turquie\" class=\"wp-image-14725\" srcset=\"https:\/\/www.turkaesthetic.com\/wp-content\/uploads\/2022\/01\/mini-tummy-tuck.webp 1024w, https:\/\/www.turkaesthetic.com\/wp-content\/uploads\/2022\/01\/mini-tummy-tuck-300x98.webp 300w, https:\/\/www.turkaesthetic.com\/wp-content\/uploads\/2022\/01\/mini-tummy-tuck-768x252.webp 768w\" sizes=\"auto, (max-width: 1024px) 100vw, 1024px\" \/><figcaption class=\"wp-element-caption\">abdominoplastie en Turquie<\/figcaption><\/figure>\n\n\n\n<h3 class=\"wp-block-heading\">Options d&rsquo;abdominoplastie non chirurgicales<\/h3>\n\n\n\n<p>Pour les personnes qui pr\u00e9f\u00e8rent une approche non chirurgicale, il existe plusieurs techniques mini-invasives&nbsp;:<\/p>\n\n\n\n<p>Appareils \u00e0 ultrasons ou laser&nbsp;: ces m\u00e9thodes aident \u00e0 resserrer la peau et \u00e0 r\u00e9duire la graisse sans chirurgie.<br>R\u00e9cup\u00e9ration plus rapide&nbsp;: les patients peuvent reprendre imm\u00e9diatement leur vie quotidienne sans longue p\u00e9riode de r\u00e9cup\u00e9ration.<br>Ces techniques sont efficaces sauf en cas d&rsquo;affaissement s\u00e9v\u00e8re ou d&rsquo;accumulation excessive de graisse, auquel cas une intervention chirurgicale peut \u00eatre n\u00e9cessaire.<\/p>\n\n\n\n<h3 class=\"wp-block-heading\">R\u00e9cup\u00e9ration et effets secondaires de la chirurgie de plastie abdominale<\/h3>\n\n\n\n<p>La p\u00e9riode de r\u00e9cup\u00e9ration de l&rsquo;abdominoplastie prend environ 10 \u00e0 15 jours, vous pouvez remarquer certains effets secondaires tels que&nbsp;:<\/p>\n\n\n\n<p>L\u00e9ger gonflement et ecchymoses.<br>D\u00e9mangeaisons autour du site de suture chirurgicale.<br>Inconfort la premi\u00e8re semaine, en particulier difficult\u00e9 \u00e0 se tenir debout pendant deux semaines.<br>Engourdissement temporaire dans la zone trait\u00e9e.<\/p>\n\n\n\n<h4 class=\"wp-block-heading\">Abdominoplastie en Turquie, Istanbul<\/h4>\n\n\n\n<p>La Turquie (en particulier Istanbul) est devenue une destination de choix pour le tourisme m\u00e9dical, attirant les visiteurs qui recherchent \u00e0 la fois un traitement et du tourisme. La ville offre plusieurs avantages, notamment :<\/p>\n\n\n\n<ul class=\"wp-block-list\">\n<li>Une large gamme d&rsquo;options m\u00e9dicales.<\/li>\n\n\n\n<li>Des m\u00e9decins hautement qualifi\u00e9s et exp\u00e9riment\u00e9s.<\/li>\n\n\n\n<li>Des services de haute qualit\u00e9 \u00e0 des prix comp\u00e9titifs.<\/li>\n\n\n\n<li>Parmi les diff\u00e9rentes options de chirurgie esth\u00e9tique, l&rsquo;abdominoplastie est l&rsquo;une des interventions les plus recherch\u00e9es. Le co\u00fbt d&rsquo;une abdominoplastie en Turquie varie en fonction de la clinique m\u00e9dicale et du cas du patient, allant g\u00e9n\u00e9ralement de 3 500 \u20ac \u00e0 4 500 \u20ac.<\/li>\n<\/ul>\n\n\n\n<h4 class=\"wp-block-heading\">Co\u00fbt d&rsquo;une abdominoplastie en Turquie Istanbul<\/h4>\n\n\n\n<p>Le co\u00fbt d&rsquo;une abdominoplastie d\u00e9pend de plusieurs facteurs, notamment :<\/p>\n\n\n\n<ul class=\"wp-block-list\">\n<li>La r\u00e9putation de la clinique m\u00e9dicale ou de l&rsquo;h\u00f4pital.<\/li>\n\n\n\n<li>L&rsquo;exp\u00e9rience et les qualifications du chirurgien.<\/li>\n\n\n\n<li>La complexit\u00e9 du cas du patient.<\/li>\n\n\n\n<li>Services suppl\u00e9mentaires : Certaines cliniques proposent des forfaits complets qui incluent le traitement, l&rsquo;h\u00e9bergement et le transport.<\/li>\n\n\n\n<li>Chez Turk Aesthetic Istanbul, le co\u00fbt varie de 3 500 \u20ac \u00e0 4 500 \u20ac.<\/li>\n<\/ul>\n\n\n\n<p>Contactez l&rsquo;\u00e9quipe de <strong>Turk Aesthetic<\/strong> via la page de contact pour vous renseigner sur les forfaits, y compris l&rsquo;h\u00e9bergement et le transport.enant l\u2019h\u00e9bergement et le transport, vous pouvez contacter l\u2019\u00e9quipe de Turk Aesthetic via la page de contact.<\/p>\n\n\n\n<h2 class=\"wp-block-heading\">FAQ &#8211; Abdominoplastie<\/h2>\n\n\n<div id=\"rank-math-faq\" class=\"rank-math-block\">\n<div class=\"rank-math-list \">\n<div id=\"faq-question-1678364144372\" class=\"rank-math-list-item\">\n<h3 class=\"rank-math-question \"><strong>Combien de temps dure une abdominoplastie ?<\/strong><\/h3>\n<div class=\"rank-math-answer \">\n\n<p>2 \u00e0 3 heures, selon le cas.<\/p>\n\n<\/div>\n<\/div>\n<div id=\"faq-question-1741343642905\" class=\"rank-math-list-item\">\n<h3 class=\"rank-math-question \">Quand verrai-je les r\u00e9sultats de mon abdominoplastie ?<\/h3>\n<div class=\"rank-math-answer \">\n\n<p>Les r\u00e9sultats sont imm\u00e9diats et deviennent plus apparents \u00e0 mesure que les effets postop\u00e9ratoires s&rsquo;att\u00e9nuent.<\/p>\n\n<\/div>\n<\/div>\n<div id=\"faq-question-1741343648477\" class=\"rank-math-list-item\">\n<h3 class=\"rank-math-question \">Quel est le taux de r\u00e9ussite d&rsquo;une abdominoplastie ?<\/h3>\n<div class=\"rank-math-answer \">\n\n<p>La proc\u00e9dure a un taux de r\u00e9ussite \u00e9lev\u00e9 par rapport aux autres chirurgies esth\u00e9tiques.<\/p>\n\n<\/div>\n<\/div>\n<div id=\"faq-question-1741343654503\" class=\"rank-math-list-item\">\n<h3 class=\"rank-math-question \">Quel type d&rsquo;anesth\u00e9sie est utilis\u00e9 pour une abdominoplastie ?<\/h3>\n<div class=\"rank-math-answer \">\n\n<p>Les abdominoplasties sont r\u00e9alis\u00e9es uniquement sous anesth\u00e9sie g\u00e9n\u00e9rale.<\/p>\n\n<\/div>\n<\/div>\n<div id=\"faq-question-1741343660292\" class=\"rank-math-list-item\">\n<h3 class=\"rank-math-question \">Quel est le co\u00fbt d&rsquo;une abdominoplastie en Turquie ?<\/h3>\n<div class=\"rank-math-answer \">\n\n<p>Chez Turk Aesthetic Istanbul, le co\u00fbt est de 3 500 \u00e0 4 500 \u20ac.<\/p>\n\n<\/div>\n<\/div>\n<div id=\"faq-question-1741343665852\" class=\"rank-math-list-item\">\n<h3 class=\"rank-math-question \">Quelle est la p\u00e9riode de r\u00e9cup\u00e9ration apr\u00e8s une abdominoplastie ?<\/h3>\n<div class=\"rank-math-answer \">\n\n<p>La r\u00e9cup\u00e9ration prend g\u00e9n\u00e9ralement 7 \u00e0 10 jours.<\/p>\n\n<\/div>\n<\/div>\n<div id=\"faq-question-1741343671953\" class=\"rank-math-list-item\">\n<h3 class=\"rank-math-question \">Les r\u00e9sultats d&rsquo;une abdominoplastie sont-ils permanents ?<\/h3>\n<div class=\"rank-math-answer \">\n\n<p>L&rsquo;abdominoplastie permet d&rsquo;\u00e9liminer d\u00e9finitivement l&rsquo;exc\u00e8s de peau, avec des r\u00e9sultats qui durent de 5 \u00e0 15 ans, \u00e0 condition que le patient maintienne un poids stable.<\/p>\n\n<\/div>\n<\/div>\n<div id=\"faq-question-1741343679517\" class=\"rank-math-list-item\">\n<h3 class=\"rank-math-question \">L&rsquo;abdominoplastie aide-t-elle \u00e0 perdre du poids ?<\/h3>\n<div class=\"rank-math-answer \">\n\n<p>Non, une abdominoplastie permet d&rsquo;\u00e9liminer l&rsquo;exc\u00e8s de peau d\u00fb \u00e0 une perte de poids ou \u00e0 un accouchement. Il ne s&rsquo;agit pas d&rsquo;une intervention de perte de poids.<\/p>\n\n<\/div>\n<\/div>\n<\/div>\n<\/div>\n\n\n<p>Enfin, vous pouvez <a href=\"http:\/\/turkaesthetic.com\/fr\/contact-us\/\" target=\"_blank\" rel=\"noreferrer noopener\"><strong>contacter <\/strong><\/a>directement l\u2019\u00e9quipe de pour demander des informations et des prix au <a href=\"https:\/\/www.youtube.com\/channel\/UC0zggzdm5CFwpRMmn_CPpFQ\" data-type=\"URL\" data-id=\"https:\/\/www.youtube.com\/channel\/UC0zggzdm5CFwpRMmn_CPpFQ\" target=\"_blank\" rel=\"noreferrer noopener\">Turk Aesthetic<\/a>.<\/p>\n","protected":false},"excerpt":{"rendered":"<p>L&rsquo;abdominoplastie est une chirurgie plastique qui consiste \u00e0 retirer l&rsquo;exc\u00e8s de graisse et de peau tout en resserrant les muscles affaiss\u00e9s pour cr\u00e9er un abdomen plus plat et plus tonique. De plus, la proc\u00e9dure permet d&rsquo;\u00e9liminer les rides et l&rsquo;affaissement caus\u00e9s par la prise de poids, ce qui donne une apparence plus jeune. L&rsquo;op\u00e9ration dure [&hellip;]<\/p>\n","protected":false},"author":1,"featured_media":14717,"parent":0,"menu_order":0,"comment_status":"closed","ping_status":"closed","template":"","meta":{"footnotes":""},"dep":[1354],"class_list":["post-15650","page","type-page","status-publish","has-post-thumbnail","hentry","dep-plastic-surgeries"],"_links":{"self":[{"href":"https:\/\/www.turkaesthetic.com\/fr\/wp-json\/wp\/v2\/pages\/15650","targetHints":{"allow":["GET"]}}],"collection":[{"href":"https:\/\/www.turkaesthetic.com\/fr\/wp-json\/wp\/v2\/pages"}],"about":[{"href":"https:\/\/www.turkaesthetic.com\/fr\/wp-json\/wp\/v2\/types\/page"}],"author":[{"embeddable":true,"href":"https:\/\/www.turkaesthetic.com\/fr\/wp-json\/wp\/v2\/users\/1"}],"replies":[{"embeddable":true,"href":"https:\/\/www.turkaesthetic.com\/fr\/wp-json\/wp\/v2\/comments?post=15650"}],"version-history":[{"count":0,"href":"https:\/\/www.turkaesthetic.com\/fr\/wp-json\/wp\/v2\/pages\/15650\/revisions"}],"wp:featuredmedia":[{"embeddable":true,"href":"https:\/\/www.turkaesthetic.com\/fr\/wp-json\/wp\/v2\/media\/14717"}],"wp:attachment":[{"href":"https:\/\/www.turkaesthetic.com\/fr\/wp-json\/wp\/v2\/media?parent=15650"}],"wp:term":[{"taxonomy":"dep","embeddable":true,"href":"https:\/\/www.turkaesthetic.com\/fr\/wp-json\/wp\/v2\/dep?post=15650"}],"curies":[{"name":"wp","href":"https:\/\/api.w.org\/{rel}","templated":true}]}}