{"id":15432,"date":"2022-01-08T10:14:05","date_gmt":"2022-01-08T07:14:05","guid":{"rendered":"http:\/\/turkaesthetic.com\/labiaplasty\/"},"modified":"2025-03-20T16:34:41","modified_gmt":"2025-03-20T13:34:41","slug":"labiaplasty","status":"publish","type":"page","link":"https:\/\/www.turkaesthetic.com\/fr\/labiaplasty\/","title":{"rendered":"Nymphoplastie"},"content":{"rendered":"\n<p>La <strong>Nymphoplastie<\/strong> est une intervention chirurgicale esth\u00e9tique con\u00e7ue pour remodeler ou r\u00e9duire la taille des l\u00e8vres afin de cr\u00e9er une apparence plus proportionn\u00e9e et esth\u00e9tique. Cette proc\u00e9dure peut \u00eatre r\u00e9alis\u00e9e sous anesth\u00e9sie g\u00e9n\u00e9rale ou locale, selon la pr\u00e9f\u00e9rence de la patiente et les recommandations m\u00e9dicales.<\/p>\n\n\n\n<p>De nombreuses femmes souffrent de l\u00e8vres \u00e9largies ou affaiss\u00e9es, ce qui peut provoquer \u00e0 la fois un inconfort physique et une d\u00e9tresse psychologique. L&rsquo;exc\u00e8s de tissu peut entra\u00eener une irritation, une g\u00eane pendant les activit\u00e9s physiques ou un manque d&rsquo;estime de soi. La Nymphoplastie permet de r\u00e9pondre \u00e0 ces pr\u00e9occupations, am\u00e9liorant \u00e0 la fois le confort physique et la confiance en soi.<\/p>\n\n\n\n<p>La demande pour cette proc\u00e9dure augmente r\u00e9guli\u00e8rement dans le monde entier, car de plus en plus de femmes recherchent des solutions pour des raisons \u00e0 la fois fonctionnelles et esth\u00e9tiques. Gr\u00e2ce aux progr\u00e8s de la chirurgie esth\u00e9tique, cette proc\u00e9dure est devenue une option s\u00fbre et efficace pour celles qui cherchent \u00e0 am\u00e9liorer leur qualit\u00e9 de vie.<\/p>\n\n\n\n<figure class=\"wp-block-table\"><table><tbody><tr><td>Anesth\u00e9sie&nbsp;<\/td><td>Local \/ G\u00e9n\u00e9ral<\/td><\/tr><tr><td>Dur\u00e9e de la proc\u00e9dure<\/td><td>1 &#8211; 2 heures<\/td><\/tr><tr><td>R\u00e9sultats<\/td><td>Imm\u00e9diat&nbsp;<\/td><\/tr><tr><td>Convalescence<\/td><td>4 jours&nbsp;<\/td><\/tr><tr><td>Hospitalisation&nbsp;<\/td><td>1 nuit en cas d\u2019anesth\u00e9sie g\u00e9n\u00e9rale<\/td><\/tr><\/tbody><\/table><figcaption class=\"wp-element-caption\">Nymphoplastie<\/figcaption><\/figure>\n\n\n\n<h2 class=\"wp-block-heading\">Comment se d\u00e9roule la Nymphoplastie?<\/h2>\n\n\n\n<p>De nombreuses femmes optent pour la labiaplastie en raison de l&rsquo;inconfort caus\u00e9 par des l\u00e8vres \u00e9largies, qui peuvent entra\u00eener une irritation pendant les activit\u00e9s physiques, une g\u00eane lors du port de v\u00eatements serr\u00e9s ou des douleurs pendant les rapports sexuels. D\u2019un point de vue m\u00e9dical, cette intervention permet de rem\u00e9dier \u00e0 ces probl\u00e8mes, en apportant des avantages \u00e0 la fois fonctionnels et esth\u00e9tiques.<\/p>\n\n\n\n<p>Avant de subir une intervention chirurgicale, il est essentiel de consulter un chirurgien plasticien qualifi\u00e9 pour d\u00e9terminer si l\u2019intervention est n\u00e9cessaire. Les patients doivent \u00eatre bien inform\u00e9s sur l\u2019intervention et ses r\u00e9sultats potentiels avant de prendre une d\u00e9cision.<\/p>\n\n\n\n<p>Le jour de l\u2019intervention, le chirurgien plasticien marque soigneusement les zones \u00e0 remodeler, garantissant un r\u00e9sultat naturel et sym\u00e9trique. L\u2019approche finale d\u00e9pend des besoins sp\u00e9cifiques de la patiente et de l\u2019\u00e9valuation du chirurgien lors de la consultation pr\u00e9op\u00e9ratoire.<\/p>\n\n\n\n<h3 class=\"wp-block-heading\">Vid\u00e9o de la Nymphoplastie<\/h3>\n\n\n\n<p>Vous trouverez ci-dessous une vid\u00e9o de la Nymphoplastie.<\/p>\n\n\n\n<figure class=\"wp-block-embed is-type-video is-provider-youtube wp-block-embed-youtube wp-embed-aspect-16-9 wp-has-aspect-ratio\"><div class=\"wp-block-embed__wrapper\">\n<iframe loading=\"lazy\" title=\"Labiaplasty - Turk Aesthetic\" width=\"800\" height=\"450\" src=\"https:\/\/www.youtube.com\/embed\/WkJY_9-bobo?feature=oembed\" frameborder=\"0\" allow=\"accelerometer; autoplay; clipboard-write; encrypted-media; gyroscope; picture-in-picture; web-share\" referrerpolicy=\"strict-origin-when-cross-origin\" allowfullscreen><\/iframe>\n<\/div><\/figure>\n\n\n\n<h3 class=\"wp-block-heading\">Qui peut subir une Nymphoplastie&nbsp;?<\/h3>\n\n\n\n<p>La labiaplastie convient aux femmes qui ressentent une g\u00eane physique ou une insatisfaction quant \u00e0 l&rsquo;apparence de leurs l\u00e8vres. Les raisons les plus courantes pour envisager cette proc\u00e9dure sont les suivantes&nbsp;:<\/p>\n\n\n\n<ul class=\"wp-block-list\">\n<li>L\u00e8vres \u00e9largies qui provoquent une g\u00eane ou une irritation.<\/li>\n\n\n\n<li>G\u00eane pendant les activit\u00e9s physiques, comme le sport.<\/li>\n\n\n\n<li>Forme des l\u00e8vres d\u00e9sagr\u00e9able qui affecte la confiance en soi.<\/li>\n\n\n\n<li>L\u00e8vres affaiss\u00e9es ou asym\u00e9triques qui peuvent provoquer une g\u00eane.<\/li>\n\n\n\n<li>Pigmentation fonc\u00e9e des l\u00e8vres qui affecte l&rsquo;esth\u00e9tique.<\/li>\n\n\n\n<li>Douleur ou g\u00eane pendant les rapports sexuels en raison d&rsquo;un exc\u00e8s de tissu.<\/li>\n\n\n\n<li>Attentes r\u00e9alistes quant au r\u00e9sultat de la chirurgie.<\/li>\n<\/ul>\n\n\n\n<h3 class=\"wp-block-heading\">Qui ne devrait pas subir une Nymphoplastie&nbsp;?<\/h3>\n\n\n\n<p>Bien que la plupart des femmes pr\u00e9sentant les pr\u00e9occupations ci-dessus puissent \u00eatre des candidates appropri\u00e9es, tout le monde n&rsquo;est pas \u00e9ligible \u00e0 la labiaplastie. Il est essentiel de consulter un chirurgien plasticien qualifi\u00e9 avant de d\u00e9cider de la chirurgie.<br>Les patients qui n&rsquo;ont pas besoin d&rsquo;une intervention m\u00e9dicale ou esth\u00e9tique doivent \u00e9viter une intervention chirurgicale inutile. De plus, les femmes souffrant de certaines conditions m\u00e9dicales ou d&rsquo;attentes irr\u00e9alistes peuvent ne pas \u00eatre des candidates id\u00e9ales. Il est fortement recommand\u00e9 de consulter un sp\u00e9cialiste ou un conseiller m\u00e9dical avant de subir une intervention esth\u00e9tique.<\/p>\n\n\n\n<h4 class=\"wp-block-heading\">Qui pratique la Nymphoplastie ?<\/h4>\n\n\n\n<p>L&rsquo;intervention est r\u00e9alis\u00e9e soit par un chirurgien plasticien qualifi\u00e9, soit par un gyn\u00e9cologue exp\u00e9riment\u00e9 sp\u00e9cialis\u00e9 dans les interventions esth\u00e9tiques. Les deux sp\u00e9cialistes sont form\u00e9s pour pratiquer cette intervention de mani\u00e8re s\u00fbre et efficace. Cependant, dans de nombreux cas, un chirurgien plasticien est pr\u00e9f\u00e9r\u00e9 en raison de sa grande expertise en chirurgie esth\u00e9tique et en am\u00e9liorations esth\u00e9tiques.<\/p>\n\n\n\n<h5 class=\"wp-block-heading\">Types d&rsquo;anesth\u00e9sie utilis\u00e9s dans l&rsquo;intervention<\/h5>\n\n\n\n<p>L&rsquo;op\u00e9ration est r\u00e9alis\u00e9e sous anesth\u00e9sie locale ou g\u00e9n\u00e9rale, l&rsquo;anesth\u00e9sie g\u00e9n\u00e9rale \u00e9tant r\u00e9alis\u00e9e si la labiaplastie est accompagn\u00e9e d&rsquo;autres op\u00e9rations. Les m\u00e9decins recommandent g\u00e9n\u00e9ralement l&rsquo;anesth\u00e9sie locale en raison de sa s\u00e9curit\u00e9, de sa r\u00e9cup\u00e9ration plus rapide et des risques r\u00e9duits par rapport \u00e0 l&rsquo;anesth\u00e9sie g\u00e9n\u00e9rale.<\/p>\n\n\n\n<h3 class=\"wp-block-heading\">\u00c9tapes de La nymphoplastie<\/h3>\n\n\n<div id=\"rank-math-howto\" class=\"rank-math-block\" >\n<div class=\"rank-math-howto-description\">\n\n<p>La chirurgie de <strong>nymphoplastie<\/strong> passe par trois \u00e9tapes, comme d\u2019autres op\u00e9rations :<\/p>\n\n<\/div>\n<p class=\"rank-math-howto-duration\"><strong>Temps total\u00a0:<\/strong> <span>1 heure<\/span><\/p>\n<div class=\"rank-math-steps \">\n<div id=\"howto-step-1677816401224\" class=\"rank-math-step\">\n<h3 class=\"rank-math-step-title \">Avant le processus<\/h3>\n<div class=\"rank-math-step-content \"><img loading=\"lazy\" decoding=\"async\" width=\"1200\" height=\"630\" src=\"https:\/\/www.turkaesthetic.com\/wp-content\/uploads\/2022\/01\/before-Labiaplasty.jpeg\" class=\"attachment-full size-full\" alt=\"Nymphoplastie en Turquie\" srcset=\"https:\/\/www.turkaesthetic.com\/wp-content\/uploads\/2022\/01\/before-Labiaplasty.jpeg 1200w, https:\/\/www.turkaesthetic.com\/wp-content\/uploads\/2022\/01\/before-Labiaplasty-300x158.jpeg 300w, https:\/\/www.turkaesthetic.com\/wp-content\/uploads\/2022\/01\/before-Labiaplasty-1024x538.jpeg 1024w, https:\/\/www.turkaesthetic.com\/wp-content\/uploads\/2022\/01\/before-Labiaplasty-768x403.jpeg 768w\" sizes=\"auto, (max-width: 1200px) 100vw, 1200px\" \/><p>Avant de subir l&rsquo;op\u00e9ration, le m\u00e9decin proc\u00e8de \u00e0 une consultation et \u00e0 un examen physique pour d\u00e9terminer l&rsquo;intervention chirurgicale n\u00e9cessaire. Les zones \u00e0 traiter sont ensuite marqu\u00e9es. Les patients doivent \u00e9galement informer l&rsquo;\u00e9quipe m\u00e9dicale de tout m\u00e9dicament, de toute intervention chirurgicale ant\u00e9rieure ou de tout probl\u00e8me de sant\u00e9 existant.<br \/>Pour les personnes subissant une anesth\u00e9sie g\u00e9n\u00e9rale, les instructions pr\u00e9op\u00e9ratoires suivantes doivent \u00eatre suivies\u00a0:<br \/>\u2013 Consultez votre m\u00e9decin sur les r\u00e9sultats attendus de l&rsquo;intervention.<br \/>\u2013 Abstenez-vous de manger ou de boire pendant au moins six heures avant l&rsquo;intervention.<br \/>\u2013 Informez votre m\u00e9decin des m\u00e9dicaments que vous prenez r\u00e9guli\u00e8rement.<br \/>\u2013 \u00c9vitez l&rsquo;alcool et le tabac pendant au moins une semaine avant l&rsquo;intervention.<br \/>\u2013 Arr\u00eatez les m\u00e9dicaments anticoagulants (comme l&rsquo;aspirine) apr\u00e8s avoir consult\u00e9 votre m\u00e9decin.<br \/>\u2013 Portez des v\u00eatements confortables le jour de l&rsquo;intervention.<\/p>\n<\/div>\n<\/div>\n<div id=\"howto-step-1677816457176\" class=\"rank-math-step\">\n<h3 class=\"rank-math-step-title \">Pendant le processus<\/h3>\n<div class=\"rank-math-step-content \"><p>L&rsquo;intervention commence par l&rsquo;application de l&rsquo;anesth\u00e9sie choisie (locale ou g\u00e9n\u00e9rale). Le chirurgien retire ensuite l&rsquo;exc\u00e8s de tissu labial et effectue une suture esth\u00e9tique de la zone trait\u00e9e.<br \/>En cas d\u2019asym\u00e9trie labiale, que ce soit en raison de facteurs g\u00e9n\u00e9tiques ou d\u2019une intervention chirurgicale ant\u00e9rieure, le chirurgien veille \u00e0 ce que les l\u00e8vres soient remodel\u00e9es de mani\u00e8re sym\u00e9trique pour une apparence naturelle.<br \/>L\u2019intervention dure g\u00e9n\u00e9ralement entre 1 et 2 heures. Les patients peuvent g\u00e9n\u00e9ralement reprendre leurs activit\u00e9s normales le jour m\u00eame ou, dans le cas d\u2019une anesth\u00e9sie g\u00e9n\u00e9rale, peuvent devoir rester \u00e0 l\u2019h\u00f4pital pendant quelques heures ou jusqu\u2019\u00e0 une journ\u00e9e enti\u00e8re.<\/p>\n<\/div>\n<\/div>\n<div id=\"howto-step-1677816482221\" class=\"rank-math-step\">\n<h3 class=\"rank-math-step-title \">Apr\u00e8s le processus<\/h3>\n<div class=\"rank-math-step-content \"><img loading=\"lazy\" decoding=\"async\" width=\"1200\" height=\"630\" src=\"https:\/\/www.turkaesthetic.com\/wp-content\/uploads\/2022\/01\/during-Labiaplasty.jpeg\" class=\"attachment-full size-full\" alt=\"Nymphoplastie en Turquie\" srcset=\"https:\/\/www.turkaesthetic.com\/wp-content\/uploads\/2022\/01\/during-Labiaplasty.jpeg 1200w, https:\/\/www.turkaesthetic.com\/wp-content\/uploads\/2022\/01\/during-Labiaplasty-300x158.jpeg 300w, https:\/\/www.turkaesthetic.com\/wp-content\/uploads\/2022\/01\/during-Labiaplasty-1024x538.jpeg 1024w, https:\/\/www.turkaesthetic.com\/wp-content\/uploads\/2022\/01\/during-Labiaplasty-768x403.jpeg 768w\" sizes=\"auto, (max-width: 1200px) 100vw, 1200px\" \/><p>Comme pour toute intervention esth\u00e9tique, les soins postop\u00e9ratoires sont essentiels pour obtenir des r\u00e9sultats optimaux. Suivre attentivement les instructions du m\u00e9decin contribuera \u00e0 assurer une gu\u00e9rison en douceur et un r\u00e9sultat positif.<\/p>\n<\/div>\n<\/div>\n<\/div>\n<\/div>\n<p class=\"rank-math-howto-estimatedCost\"><strong>Co\u00fbt estim\u00e9\u00a0:<\/strong> <span>1950 EUR<\/span><\/p>\n\n\n\n\n\n<h3 class=\"wp-block-heading\">Avant et apr\u00e8s La nymphoplastie<\/h3>\n\n\n\n<p>Voici quelques photos avant et apr\u00e8s de La nymphoplastie qui ont \u00e9t\u00e9 r\u00e9alis\u00e9es au Turk Aesthetic Center \u00e0 Istanbul.<\/p>\n\n\n\n<h3 class=\"wp-block-heading\">Instructions de soins postop\u00e9ratoires de la Nymphoplastie<\/h3>\n\n\n\n<p>Des soins postop\u00e9ratoires appropri\u00e9s sont essentiels pour une r\u00e9cup\u00e9ration en douceur apr\u00e8s une Nymphoplastie. Vous trouverez ci-dessous les instructions de soins postop\u00e9ratoires les plus importantes&nbsp;:<\/p>\n\n\n\n<ul class=\"wp-block-list\">\n<li>Utilisez des protections dans vos sous-v\u00eatements pendant les premiers jours.<\/li>\n\n\n\n<li>St\u00e9rilisez la zone apr\u00e8s chaque miction.<\/li>\n\n\n\n<li>Portez des v\u00eatements amples en coton pendant au moins trois semaines pour minimiser l&rsquo;irritation.<\/li>\n\n\n\n<li>\u00c9vitez toute activit\u00e9 sexuelle pendant un mois apr\u00e8s l&rsquo;intervention.<\/li>\n\n\n\n<li>Reprenez le sport et les activit\u00e9s physiques apr\u00e8s trois semaines \u00e0 un mois, selon l&rsquo;\u00e9volution de la gu\u00e9rison.<\/li>\n\n\n\n<li>Prenez suffisamment de repos et pr\u00e9voyez de ne pas travailler pendant 24 heures \u00e0 cinq jours, selon la r\u00e9cup\u00e9ration de chacun.<\/li>\n\n\n\n<li>\u00c9vitez les piscines et les bains pendant au moins trois semaines pour pr\u00e9venir les infections.<\/li>\n\n\n\n<li>Maintenez une hygi\u00e8ne stricte et st\u00e9rilisez la zone trait\u00e9e.<\/li>\n\n\n\n<li>\u00c9vitez les activit\u00e9s intenses pendant au moins un mois pour favoriser une bonne gu\u00e9rison.<\/li>\n<\/ul>\n\n\n\n<h3 class=\"wp-block-heading\">Avantages et inconv\u00e9nients<\/h3>\n\n\n\n<p><strong>Inconv\u00e9nients<\/strong><\/p>\n\n\n\n<p>Bien que les complications soient rares, certains patients peuvent ressentir les effets suivants&nbsp;:<\/p>\n\n\n\n<ul class=\"wp-block-list\">\n<li>Retard de cicatrisation des sutures, souvent li\u00e9 au tabagisme.<\/li>\n\n\n\n<li>Gonflement excessif ou saignement mineur au-del\u00e0 de la p\u00e9riode de r\u00e9cup\u00e9ration habituelle.<\/li>\n\n\n\n<li>Asym\u00e9trie entre les l\u00e8vres si la cicatrisation ne se produit pas uniform\u00e9ment.<\/li>\n\n\n\n<li>Cas rares d&rsquo;infection dans la zone trait\u00e9e.<\/li>\n\n\n\n<li>G\u00eane temporaire pendant les rapports sexuels ou lors du port de v\u00eatements serr\u00e9s.<\/li>\n\n\n\n<li>R\u00e9actions allergiques l\u00e9g\u00e8res \u00e0 l&rsquo;anesth\u00e9sie ou aux m\u00e9dicaments postop\u00e9ratoires.<\/li>\n\n\n\n<li>Pour minimiser les risques, il est essentiel de suivre attentivement les instructions de suivi et de rester en contact avec votre \u00e9quipe m\u00e9dicale pour obtenir de l&rsquo;aide.<\/li>\n<\/ul>\n\n\n\n<p><strong>Avantages<\/strong><\/p>\n\n\n\n<p>Lorsqu&rsquo;elle est r\u00e9alis\u00e9e avec succ\u00e8s, cette proc\u00e9dure offre plusieurs avantages physiques et psychologiques&nbsp;:<\/p>\n\n\n\n<ul class=\"wp-block-list\">\n<li>Confiance en soi accrue et image corporelle am\u00e9lior\u00e9e.<\/li>\n\n\n\n<li><a href=\"https:\/\/www.turkaesthetic.com\/fr\/genital-aesthetic\/\" target=\"_blank\" data-type=\"page\" data-id=\"53405\" rel=\"noreferrer noopener\">Esth\u00e9tique vaginale <\/a>am\u00e9lior\u00e9e, ce qui peut avoir un impact positif sur l&rsquo;excitation sexuelle du partenaire.<\/li>\n\n\n\n<li>Soulagement de l&rsquo;inconfort caus\u00e9 par les v\u00eatements serr\u00e9s.<\/li>\n\n\n\n<li>R\u00e9duction du risque d&rsquo;ulc\u00e8res et d&rsquo;infections fongiques gr\u00e2ce \u00e0 une meilleure hygi\u00e8ne.<\/li>\n\n\n\n<li>Relations intimes plus satisfaisantes, conduisant \u00e0 un meilleur plaisir de l&rsquo;activit\u00e9 sexuelle.<\/li>\n<\/ul>\n\n\n\n<h3 class=\"wp-block-heading\">Nymphoplastie en Turquie Istanbul<\/h3>\n\n\n\n<p>La Turquie, et plus particuli\u00e8rement Istanbul, est devenue une destination de choix pour le tourisme m\u00e9dical, attirant de nombreux visiteurs \u00e0 la recherche de soins et de tourisme. Le pays offre plusieurs avantages, notamment&nbsp;:<\/p>\n\n\n\n<ul class=\"wp-block-list\">\n<li>Un large \u00e9ventail d&rsquo;options m\u00e9dicales et de cliniques sp\u00e9cialis\u00e9es.<\/li>\n\n\n\n<li>Des m\u00e9decins hautement qualifi\u00e9s et exp\u00e9riment\u00e9s en chirurgie esth\u00e9tique.<\/li>\n\n\n\n<li>Des services m\u00e9dicaux de haute qualit\u00e9 \u00e0 des prix comp\u00e9titifs.<\/li>\n\n\n\n<li>La labiaplastie est une proc\u00e9dure populaire visant \u00e0 am\u00e9liorer le confort et la confiance, avec des prix variant entre 1450 et 1950 \u20ac selon la clinique m\u00e9dicale et les services suppl\u00e9mentaires fournis.<\/li>\n<\/ul>\n\n\n\n<h3 class=\"wp-block-heading\">Co\u00fbt de la Nymphoplastie<\/h3>\n\n\n\n<p>Le co\u00fbt de la labiaplastie varie en fonction de plusieurs facteurs, notamment\u00a0:<\/p>\n\n\n\n<p>La r\u00e9putation de la clinique m\u00e9dicale ou de l&rsquo;h\u00f4pital.<br>L&rsquo;exp\u00e9rience et l&rsquo;expertise du m\u00e9decin.<br>Des services suppl\u00e9mentaires inclus dans le forfait, tels que l&rsquo;h\u00e9bergement et le transport.<br>D&rsquo;autres facteurs qui influencent le prix, tels que le type d&rsquo;anesth\u00e9sie utilis\u00e9 (locale ou g\u00e9n\u00e9rale), la dur\u00e9e du s\u00e9jour \u00e0 l&rsquo;h\u00f4pital et toute proc\u00e9dure suppl\u00e9mentaire effectu\u00e9e parall\u00e8lement \u00e0 la Nymphoplastie.<\/p>\n\n\n\n<p>Pour une estimation personnalis\u00e9e des co\u00fbts, il est recommand\u00e9 de consulter directement l&rsquo;\u00e9quipe m\u00e9dicale..<\/p>\n\n\n\n<h2 class=\"wp-block-heading\">FAQ<\/h2>\n\n\n<div id=\"rank-math-faq\" class=\"rank-math-block\">\n<div class=\"rank-math-list \">\n<div id=\"faq-question-1677816674809\" class=\"rank-math-list-item\">\n<h3 class=\"rank-math-question \">Combien de temps dure une nymphoplastie?<\/h3>\n<div class=\"rank-math-answer \">\n\n<p>La labiaplastie dure g\u00e9n\u00e9ralement 1 \u00e0 2 heures, selon la complexit\u00e9 de l&rsquo;intervention.<\/p>\n\n<\/div>\n<\/div>\n<div id=\"faq-question-1741692706651\" class=\"rank-math-list-item\">\n<h3 class=\"rank-math-question \">Quand les r\u00e9sultats d&rsquo;une <strong>Nymphoplastie<\/strong> apparaissent-ils?<\/h3>\n<div class=\"rank-math-answer \">\n\n<p>Les r\u00e9sultats de l&rsquo;intervention sont imm\u00e9diatement visibles et peuvent \u00eatre clairement vus une fois les effets de l&rsquo;intervention dissip\u00e9s.<\/p>\n\n<\/div>\n<\/div>\n<div id=\"faq-question-1741692712240\" class=\"rank-math-list-item\">\n<h3 class=\"rank-math-question \">Quel est le taux de r\u00e9ussite d&rsquo;une nymphoplastie?<\/h3>\n<div class=\"rank-math-answer \">\n\n<p>Tant que l&rsquo;intervention est r\u00e9alis\u00e9e par un chirurgien exp\u00e9riment\u00e9 et que la patiente suit les instructions de soins postop\u00e9ratoires, le taux de r\u00e9ussite est \u00e9lev\u00e9.<\/p>\n\n<\/div>\n<\/div>\n<div id=\"faq-question-1741692718025\" class=\"rank-math-list-item\">\n<h3 class=\"rank-math-question \">Quel type d&rsquo;anesth\u00e9sie est utilis\u00e9 pour la nymphoplastie?<\/h3>\n<div class=\"rank-math-answer \">\n\n<p>L&rsquo;intervention peut \u00eatre r\u00e9alis\u00e9e sous anesth\u00e9sie locale ou g\u00e9n\u00e9rale, selon la pr\u00e9f\u00e9rence de la patiente et les conseils du m\u00e9decin.<\/p>\n\n<\/div>\n<\/div>\n<div id=\"faq-question-1741692737110\" class=\"rank-math-list-item\">\n<h3 class=\"rank-math-question \">Combien co\u00fbte une nymphoplastie?<\/h3>\n<div class=\"rank-math-answer \">\n\n<p>La labiaplastie co\u00fbte entre 1450 et 1950 \u20ac.<\/p>\n\n<\/div>\n<\/div>\n<div id=\"faq-question-1741692738406\" class=\"rank-math-list-item\">\n<h3 class=\"rank-math-question \">Quelle est la p\u00e9riode de r\u00e9cup\u00e9ration apr\u00e8s l&rsquo;intervention?<\/h3>\n<div class=\"rank-math-answer \">\n\n<p>Environ 5 jours.<\/p>\n\n<\/div>\n<\/div>\n<div id=\"faq-question-1741692743372\" class=\"rank-math-list-item\">\n<h3 class=\"rank-math-question \">A quel \u00e2ge cette intervention peut-elle \u00eatre r\u00e9alis\u00e9e?<\/h3>\n<div class=\"rank-math-answer \">\n\n<p>Cette chirurgie plastique peut \u00eatre pratiqu\u00e9e apr\u00e8s la pubert\u00e9 et il n&rsquo;y a pas de limite d&rsquo;\u00e2ge sup\u00e9rieure.<\/p>\n\n<\/div>\n<\/div>\n<div id=\"faq-question-1741692747560\" class=\"rank-math-list-item\">\n<h3 class=\"rank-math-question \">La labiaplastie affecte-t-elle les rapports sexuels?<\/h3>\n<div class=\"rank-math-answer \">\n\n<p>\u00c9tant donn\u00e9 que l&rsquo;intervention se concentre sur l&rsquo;esth\u00e9tique externe plut\u00f4t que sur les structures internes, les rapports sexuels peuvent \u00eatre repris apr\u00e8s 10 jours.<\/p>\n\n<\/div>\n<\/div>\n<div id=\"faq-question-1741692752488\" class=\"rank-math-list-item\">\n<h3 class=\"rank-math-question \">La patiente ressent-elle de la douleur apr\u00e8s une labiaplastie?<\/h3>\n<div class=\"rank-math-answer \">\n\n<p>La douleur est minime et peut \u00eatre contr\u00f4l\u00e9e avec des analg\u00e9siques simples. La p\u00e9riode de r\u00e9cup\u00e9ration est g\u00e9n\u00e9ralement courte.<\/p>\n\n<\/div>\n<\/div>\n<div id=\"faq-question-1741692758481\" class=\"rank-math-list-item\">\n<h3 class=\"rank-math-question \">Les r\u00e9sultats de la labiaplastie sont-ils permanents?<\/h3>\n<div class=\"rank-math-answer \">\n\n<p>Oui, ils sont permanents.<\/p>\n\n<\/div>\n<\/div>\n<div id=\"faq-question-1741692763715\" class=\"rank-math-list-item\">\n<h3 class=\"rank-math-question \">Que dois-je faire avant la nymphoplastie?<\/h3>\n<div class=\"rank-math-answer \">\n\n<p>Un anesth\u00e9siste est consult\u00e9 au moins 48 heures avant l&rsquo;intervention et une analyse sanguine est recommand\u00e9e.<\/p>\n\n<\/div>\n<\/div>\n<div id=\"faq-question-1741692770921\" class=\"rank-math-list-item\">\n<h3 class=\"rank-math-question \">Quand puis-je reprendre l&rsquo;activit\u00e9 sexuelle apr\u00e8s une labiaplastie?<\/h3>\n<div class=\"rank-math-answer \">\n\n<p>\u00c9tant donn\u00e9 que l&rsquo;intervention n&rsquo;affecte pas les structures internes du vagin, les rapports sexuels peuvent \u00eatre repris apr\u00e8s une p\u00e9riode de 10 jours.<\/p>\n\n<\/div>\n<\/div>\n<\/div>\n<\/div>\n\n\n<p>Enfin, vous pouvez <a href=\"http:\/\/turkaesthetic.com\/fr\/contact-us\/\" data-type=\"page\" data-id=\"15940\" target=\"_blank\" rel=\"noreferrer noopener\"><strong>contacter<\/strong><\/a> directement pour demander des informations et des prix au <strong><a href=\"https:\/\/www.youtube.com\/channel\/UC0zggzdm5CFwpRMmn_CPpFQ\" data-type=\"URL\" data-id=\"https:\/\/www.youtube.com\/channel\/UC0zggzdm5CFwpRMmn_CPpFQ\" target=\"_blank\" rel=\"noreferrer noopener\">Turk Aesthetic<\/a> .<\/strong><\/p>\n","protected":false},"excerpt":{"rendered":"<p>La Nymphoplastie est une intervention chirurgicale esth\u00e9tique con\u00e7ue pour remodeler ou r\u00e9duire la taille des l\u00e8vres afin de cr\u00e9er une apparence plus proportionn\u00e9e et esth\u00e9tique. Cette proc\u00e9dure peut \u00eatre r\u00e9alis\u00e9e sous anesth\u00e9sie g\u00e9n\u00e9rale ou locale, selon la pr\u00e9f\u00e9rence de la patiente et les recommandations m\u00e9dicales. De nombreuses femmes souffrent de l\u00e8vres \u00e9largies ou affaiss\u00e9es, ce [&hellip;]<\/p>\n","protected":false},"author":1,"featured_media":14844,"parent":0,"menu_order":0,"comment_status":"closed","ping_status":"closed","template":"","meta":{"footnotes":""},"dep":[],"class_list":["post-15432","page","type-page","status-publish","has-post-thumbnail","hentry"],"_links":{"self":[{"href":"https:\/\/www.turkaesthetic.com\/fr\/wp-json\/wp\/v2\/pages\/15432","targetHints":{"allow":["GET"]}}],"collection":[{"href":"https:\/\/www.turkaesthetic.com\/fr\/wp-json\/wp\/v2\/pages"}],"about":[{"href":"https:\/\/www.turkaesthetic.com\/fr\/wp-json\/wp\/v2\/types\/page"}],"author":[{"embeddable":true,"href":"https:\/\/www.turkaesthetic.com\/fr\/wp-json\/wp\/v2\/users\/1"}],"replies":[{"embeddable":true,"href":"https:\/\/www.turkaesthetic.com\/fr\/wp-json\/wp\/v2\/comments?post=15432"}],"version-history":[{"count":0,"href":"https:\/\/www.turkaesthetic.com\/fr\/wp-json\/wp\/v2\/pages\/15432\/revisions"}],"wp:featuredmedia":[{"embeddable":true,"href":"https:\/\/www.turkaesthetic.com\/fr\/wp-json\/wp\/v2\/media\/14844"}],"wp:attachment":[{"href":"https:\/\/www.turkaesthetic.com\/fr\/wp-json\/wp\/v2\/media?parent=15432"}],"wp:term":[{"taxonomy":"dep","embeddable":true,"href":"https:\/\/www.turkaesthetic.com\/fr\/wp-json\/wp\/v2\/dep?post=15432"}],"curies":[{"name":"wp","href":"https:\/\/api.w.org\/{rel}","templated":true}]}}