{"id":15325,"date":"2022-01-10T13:28:53","date_gmt":"2022-01-10T10:28:53","guid":{"rendered":"http:\/\/turkaesthetic.com\/prp\/"},"modified":"2024-01-26T12:47:27","modified_gmt":"2024-01-26T09:47:27","slug":"prp","status":"publish","type":"page","link":"https:\/\/www.turkaesthetic.com\/fr\/prp\/","title":{"rendered":"Le Traitement PRP"},"content":{"rendered":"\n<p><strong>Le traitement PRP en Turquie Istanbul<\/strong> est une technique utilis\u00e9e pour traiter plusieurs probl\u00e8mes de sant\u00e9 tels que la <strong><a href=\"https:\/\/fr.wikipedia.org\/wiki\/Cheveu#:~:text=Chute%20des%20cheveux,-Nous%20perdons%20en&amp;text=Elles%20peuvent%20%C3%AAtre%20divis%C3%A9es%20en,pour%20cause%20un%20trouble%20organique).\" target=\"_blank\" rel=\"noreferrer noopener\">chute des cheveux<\/a><\/strong>, le traitement des probl\u00e8mes de peau, les blessures articulaires, la tendinite et d\u2019autres choses que nous mentionnerons dans cet article.<\/p>\n\n\n\n<p>Le plasma est extrait du sang et r\u00e9inject\u00e9 dans la zone \u00e0 traiter. La s\u00e9ance de PRP (Plated Rich Plasma) est tr\u00e8s simple avec de grands avantages effectu\u00e9s seulement dans les 30 minutes sans aucun besoin d\u2019anesth\u00e9sie. Ci-dessous quelques informations rapides sur prp.<\/p>\n\n\n\n<figure class=\"wp-block-table\"><table><tbody><tr><td>Anesth\u00e9sie&nbsp;<\/td><td>No Need (cr\u00e8me anesth\u00e9siante)<\/td><\/tr><tr><td>procedure<\/td><td>20 minutes<\/td><\/tr><tr><td>Cas particuliers<\/td><td>Parfois, selon le traitement pour chaque maladie&nbsp;<\/td><\/tr><tr><td>R\u00e9sultats<\/td><td>Selon chaque cas<\/td><\/tr><tr><td>Convalescence<\/td><td>Pas besoin<\/td><\/tr><tr><td>Co\u00fbt chez Turk Aesthetic&nbsp;<\/td><td>175 EUR<\/td><\/tr><\/tbody><\/table><figcaption class=\"wp-element-caption\">Le traitement PRP en Turquie <\/figcaption><\/figure>\n\n\n\n<h2 class=\"wp-block-heading\">Comment se d\u00e9roule la session Le Traitement PRP en Turquie?<\/h2>\n\n\n\n<p>Le plasma est fabriqu\u00e9 en prenant une petite quantit\u00e9 de sang du patient et en le pla\u00e7ant dans un tube sp\u00e9cial, puis ce tube est plac\u00e9 dans un dispositif sp\u00e9cial appel\u00e9 centrifugeuse, o\u00f9 cet appareil s\u00e9pare le plasma sanguin du reste des autres composants sanguins.<\/p>\n\n\n\n<p>Ensuite, ce plasma est plac\u00e9 dans une petite seringue pour commencer \u00e0 l\u2019injecter dans la zone o\u00f9 la proc\u00e9dure doit \u00eatre appliqu\u00e9e. Cette proc\u00e9dure prend en moyenne 10 \u00e0 20 minutes.<\/p>\n\n\n\n<h3 class=\"wp-block-heading\">Vid\u00e9o sur le traitement PRP en Turquie<\/h3>\n\n\n\n<p>La vid\u00e9o suivante montre comment fonctionne le traitement au plasma.<\/p>\n\n\n\n<figure class=\"wp-block-embed is-type-video is-provider-youtube wp-block-embed-youtube wp-embed-aspect-16-9 wp-has-aspect-ratio\"><div class=\"wp-block-embed__wrapper\">\n<iframe loading=\"lazy\" title=\"PRP injection in Turkey (20) minutes - Turk Aesthetic\" width=\"800\" height=\"450\" src=\"https:\/\/www.youtube.com\/embed\/JP3km_SrDaY?feature=oembed\" frameborder=\"0\" allow=\"accelerometer; autoplay; clipboard-write; encrypted-media; gyroscope; picture-in-picture; web-share\" allowfullscreen><\/iframe>\n<\/div><\/figure>\n\n\n\n<h3 class=\"wp-block-heading\">Qui peut subir un traitement PRP en Turquie ?<\/h3>\n\n\n\n<p>De nombreux hommes et femmes de diff\u00e9rents groupes d\u2019\u00e2ge ont recours \u00e0 des s\u00e9ances de PRP pour plusieurs raisons, et les personnes les plus importantes adapt\u00e9es \u00e0 cette proc\u00e9dure sont :<\/p>\n\n\n\n<ul class=\"wp-block-list\">\n<li>Personnes \u00e2g\u00e9es de plus de 18 ans.<\/li>\n\n\n\n<li>Ils sont en bonne sant\u00e9.<\/li>\n\n\n\n<li>Ils ne souffrent pas de maladies graves ou contagieuses.<\/li>\n<\/ul>\n\n\n\n<h3 class=\"wp-block-heading\">Qui ne peut pas effectuer un traitement PRP en Turquie ?<\/h3>\n\n\n\n<p>L\u2019injection de plasma (PRP) est une proc\u00e9dure simple et ne provoque aucun risque significatif, mais il est toujours pr\u00e9f\u00e9rable d\u2019informer le m\u00e9decin de toute maladie chronique dont vous pourriez souffrir ou de tout m\u00e9dicament utilis\u00e9, le cas \u00e9ch\u00e9ant, et certains peuvent \u00eatre exclus de cette proc\u00e9dure, tels que les personnes qui souffrent de maladies infectieuses ou de maladies S\u00e9rieusement apr\u00e8s avoir consult\u00e9 un m\u00e9decin.<\/p>\n\n\n\n<h3 class=\"wp-block-heading\">Le m\u00e9decin qui effectue une s\u00e9ance de PRP ?<\/h3>\n\n\n\n<p>L\u2019injection de plasma, comme toute autre proc\u00e9dure, ne doit \u00eatre effectu\u00e9e que par des sp\u00e9cialistes dans ce domaine. En raison de la simplicit\u00e9 de la proc\u00e9dure, toute personne dans le domaine m\u00e9dical ayant une formation suffisante ou soumise \u00e0 un cours de formation accr\u00e9dit\u00e9 tel que les chirurgiens plasticiens, les chirurgiens plasticiens non chirurgicaux ou les dermatologues peut effectuer de telles proc\u00e9dures.<\/p>\n\n\n\n<h3 class=\"wp-block-heading\">Type d\u2019anesth\u00e9sie utilis\u00e9 pendant Le Traitement PRP en Turquie<\/h3>\n\n\n\n<p>Le Traitement PRP est une proc\u00e9dure qui ne provoque pas de douleur importante. Cependant, parfois une cr\u00e8me anesth\u00e9siante locale peut \u00eatre appliqu\u00e9e pour soulager la sensation de picotement de l\u2019aiguille, et parfois la s\u00e9ance peut \u00eatre effectu\u00e9e sans recourir \u00e0 aucune m\u00e9thode d\u2019anesth\u00e9sie.<\/p>\n\n\n\n<h3 class=\"wp-block-heading\">Utilisations du Le Traitement PRP en Turquie<\/h3>\n\n\n\n<h4 class=\"wp-block-heading\">Plasma pour la chute des cheveux&nbsp;<\/h4>\n\n\n\n<p>Les injections de plasma sont faites dans plusieurs zones du corps, et parmi les zones les plus importantes pour lesquelles des injections de plasma sont appliqu\u00e9es est la zone du cuir chevelu, ou comme on l\u2019appelle les injections de plasma pour les cheveux, car les injections de plasma aident tr\u00e8s grandement \u00e0 renforcer les follicules pileux et \u00e0 arr\u00eater la perte de cheveux.<\/p>\n\n\n\n<p>Les m\u00e9decins recommandent de r\u00e9p\u00e9ter les s\u00e9ances de traitement des cheveux de 4 \u00e0 8 s\u00e9ances, en fonction de la quantit\u00e9 de retomb\u00e9es dont souffre la personne, et les hommes et les femmes peuvent effectuer ces s\u00e9ances. Il est \u00e9galement possible d\u2019effectuer des s\u00e9ances apr\u00e8s le processus <a href=\"http:\/\/turkaesthetic.com\/fr\/hair-transplant\/\" data-type=\"page\" data-id=\"15900\" target=\"_blank\" rel=\"noreferrer noopener\"><strong>de greffe de cheveux<\/strong><\/a> pour renforcer les follicules pileux trans plant\u00e9s et obtenir de meilleurs r\u00e9sultats.<\/p>\n\n\n\n<figure class=\"wp-block-image size-full\"><img loading=\"lazy\" decoding=\"async\" width=\"1024\" height=\"599\" src=\"http:\/\/turkaesthetic.com\/wp-content\/uploads\/2022\/01\/PRP-hair-in-Turkey.webp\" alt=\"Traitement PRP en Turquie\" class=\"wp-image-14941\" srcset=\"https:\/\/www.turkaesthetic.com\/wp-content\/uploads\/2022\/01\/PRP-hair-in-Turkey.webp 1024w, https:\/\/www.turkaesthetic.com\/wp-content\/uploads\/2022\/01\/PRP-hair-in-Turkey-300x175.webp 300w, https:\/\/www.turkaesthetic.com\/wp-content\/uploads\/2022\/01\/PRP-hair-in-Turkey-768x449.webp 768w\" sizes=\"auto, (max-width: 1024px) 100vw, 1024px\" \/><figcaption class=\"wp-element-caption\">Le Traitement PRP en Turquie<\/figcaption><\/figure>\n\n\n\n<h4 class=\"wp-block-heading\">Plasma pour le visage<\/h4>\n\n\n\n<p>Apr\u00e8s l\u2019injection de plasma pour les cheveux, l\u2019injection faciale vient en deuxi\u00e8me place en termes de quantit\u00e9 et en termes d\u2019importance, car l\u2019injection de plasma pour le visage stimule les cellules dans ce sont un pour r\u00e9g\u00e9n\u00e9rer et stimuler le collag\u00e8ne existant.<\/p>\n\n\n\n<p>Cette proc\u00e9dure donne des r\u00e9sultats positifs pour obtenir une peau parfaite. Il est pr\u00e9f\u00e9rable de r\u00e9p\u00e9ter cette session pour atteindre le r\u00e9sultat souhait\u00e9 car une seule session ne suffit pas pour obtenir les r\u00e9sultats souhait\u00e9s.<\/p>\n\n\n\n<figure class=\"wp-block-image size-full\"><img loading=\"lazy\" decoding=\"async\" width=\"1024\" height=\"682\" src=\"http:\/\/turkaesthetic.com\/wp-content\/uploads\/2022\/01\/PRP-face-in-Turkey.webp\" alt=\"Traitement PRP en Turquie\" class=\"wp-image-14935\" srcset=\"https:\/\/www.turkaesthetic.com\/wp-content\/uploads\/2022\/01\/PRP-face-in-Turkey.webp 1024w, https:\/\/www.turkaesthetic.com\/wp-content\/uploads\/2022\/01\/PRP-face-in-Turkey-300x200.webp 300w, https:\/\/www.turkaesthetic.com\/wp-content\/uploads\/2022\/01\/PRP-face-in-Turkey-768x512.webp 768w\" sizes=\"auto, (max-width: 1024px) 100vw, 1024px\" \/><figcaption class=\"wp-element-caption\">Le Traitement PRP en Turquie<\/figcaption><\/figure>\n\n\n\n<h4 class=\"wp-block-heading\">Le Traitement PRP pour la dysfonction \u00e9rectile du p\u00e9nis<\/h4>\n\n\n\n<p>L\u2019une des utilisations courantes du plasma PRP est d\u2019injecter le p\u00e9nis, comme on l\u2019appelle <a href=\"http:\/\/turkaesthetic.com\/fr\/treatment-fr\/p-shot-treatment-in-turkey\/\" data-type=\"post\" data-id=\"27293\" target=\"_blank\" rel=\"noreferrer noopener\"><strong>P-Shot<\/strong><\/a>, o\u00f9 cette technique est l\u2019une des techniques les plus importantes utilis\u00e9es pour traiter la <strong><a href=\"http:\/\/turkaesthetic.com\/fr\/surgeries-fr\/erection-treatment-in-turkey\/\" data-type=\"post\" data-id=\"26863\">dysfonction \u00e9rectile<\/a><\/strong>, car elle s\u2019est av\u00e9r\u00e9e efficace \u00e0 cet \u00e9gard pour les personnes souffrant de dysfonction \u00e9rectile.<\/p>\n\n\n\n<p>Il est pr\u00e9f\u00e9rable de consulter un m\u00e9decin avant de subir une telle proc\u00e9dure pour d\u00e9terminer la m\u00e9thode L\u2019occasion et le nombre de s\u00e9ances ad\u00e9quates pour le patient.<\/p>\n\n\n\n<h4 class=\"wp-block-heading\">Autres utilisations du PRP<\/h4>\n\n\n\n<p>Le plasma peut \u00eatre utilis\u00e9 dans de nombreux contre-indiques, tels que le renforcement de l\u2019os de la m\u00e2choire. Le plasma est \u00e9galement utilis\u00e9 lors d\u2019op\u00e9rations chirurgicales et de traitements de ruptures ligamentaires et de douleurs articulaires.<\/p>\n\n\n\n<figure class=\"wp-block-image size-full\"><img loading=\"lazy\" decoding=\"async\" width=\"1024\" height=\"576\" src=\"http:\/\/turkaesthetic.com\/wp-content\/uploads\/2022\/01\/PRP-knee-in-Turkey.webp\" alt=\"Traitement PRP en Turquie\" class=\"wp-image-14930\" srcset=\"https:\/\/www.turkaesthetic.com\/wp-content\/uploads\/2022\/01\/PRP-knee-in-Turkey.webp 1024w, https:\/\/www.turkaesthetic.com\/wp-content\/uploads\/2022\/01\/PRP-knee-in-Turkey-300x169.webp 300w, https:\/\/www.turkaesthetic.com\/wp-content\/uploads\/2022\/01\/PRP-knee-in-Turkey-768x432.webp 768w\" sizes=\"auto, (max-width: 1024px) 100vw, 1024px\" \/><figcaption class=\"wp-element-caption\">Traitement PRP en Turquie<\/figcaption><\/figure>\n\n\n\n<h2 class=\"wp-block-heading\">\u00c9tapes du Traitement PRP en Turquie Istanbul<\/h2>\n\n\n<div id=\"rank-math-howto\" class=\"rank-math-block\" >\n<div class=\"rank-math-howto-description\">\n\n<p>Le processus d\u2019extraction et d\u2019injection de plasma passe par trois \u00e9tapes principales, une \u00e9tape avant la proc\u00e9dure, pendant la proc\u00e9dure, et une \u00e9tape apr\u00e8s la proc\u00e9dure, que nous mentionnerons en d\u00e9tail :<\/p>\n\n<\/div>\n<p class=\"rank-math-howto-duration\"><strong>Temps total\u00a0:<\/strong> <span>20 minutes<\/span><\/p>\n<div class=\"rank-math-steps \">\n<div id=\"howto-step-1676674334137\" class=\"rank-math-step\">\n<h3 class=\"rank-math-step-title \"><strong>Avant la session<\/strong><\/h3>\n<div class=\"rank-math-step-content \"><p>Le cas est discut\u00e9 avec le m\u00e9decin sp\u00e9cialiste pour d\u00e9terminer le probl\u00e8me et d\u00e9terminer le nombre de s\u00e9ances \u00e0 effectuer, l\u2019intervalle de temps entre chaque s\u00e9ance et l\u2019autre s\u00e9ance, et le but de la s\u00e9ance, o\u00f9 les n\u00e9gatifs et les positifs sont clairement \u00e9nonc\u00e9s, et il est pr\u00e9f\u00e9rable d\u2019informer le m\u00e9decin de toute question li\u00e9e \u00e0 l\u2019\u00e9tat de sant\u00e9 de la personne avant de commencer la s\u00e9ance. Une cr\u00e8me anesth\u00e9siante locale est appliqu\u00e9e sur la zone \u00e0 injecter, si n\u00e9cessaire.<\/p>\n<\/div>\n<\/div>\n<div id=\"howto-step-1676674364981\" class=\"rank-math-step\">\n<h3 class=\"rank-math-step-title \"><strong>Pendant la session<\/strong><\/h3>\n<div class=\"rank-math-step-content \"><p>Au cours de la s\u00e9ance, une quantit\u00e9 suffisante de sang du patient est pr\u00e9lev\u00e9e et plac\u00e9e dans un tube sp\u00e9cial, o\u00f9 le tube est plac\u00e9 dans un dispositif sp\u00e9cial dont la fonction est de s\u00e9parer le plasma dans le sang du reste des composants sanguins, puis le plasma extrait est plac\u00e9 dans une injection sp\u00e9ciale et la proc\u00e9dure d\u2019injection commence. La s\u00e9ance moyenne dure de 10 \u00e0 20 minutes.<\/p>\n<\/div>\n<\/div>\n<div id=\"howto-step-1676674383749\" class=\"rank-math-step\">\n<h3 class=\"rank-math-step-title \"><strong>Apr\u00e8s la session<\/strong><\/h3>\n<div class=\"rank-math-step-content \"><p>Apr\u00e8s avoir termin\u00e9 l\u2019injection de plasma, le patient est inform\u00e9 des instructions \u00e0 suivre apr\u00e8s la s\u00e9ance. Il est \u00e9galement pr\u00e9f\u00e9rable de ne pas laver les zones sur lesquelles le plasma a \u00e9t\u00e9 appliqu\u00e9 dans les premi\u00e8res heures ou jusqu\u2019au lendemain de la s\u00e9ance afin que la s\u00e9ance en b\u00e9n\u00e9ficie au plus haut degr\u00e9 possible. La date de la prochaine session sera \u00e9galement d\u00e9termin\u00e9e.<\/p>\n<\/div>\n<\/div>\n<\/div>\n<\/div>\n<p class=\"rank-math-howto-estimatedCost\"><strong>Co\u00fbt estim\u00e9\u00a0:<\/strong> <span>175 EUR<\/span><\/p>\n\n\n\n\n\n<h3 class=\"wp-block-heading\">Instructions de suivi PRP&nbsp;&nbsp;<\/h3>\n\n\n\n<p>Voici quelques-unes des instructions et des lignes directrices \u00e0 suivre apr\u00e8s chaque s\u00e9ance :<\/p>\n\n\n\n<ul class=\"wp-block-list\">\n<li>Suivez attentivement les instructions initiales donn\u00e9es par le m\u00e9decin.<\/li>\n\n\n\n<li>Ne l\u2019avez pas la zone o\u00f9 le plasma a \u00e9t\u00e9 inject\u00e9 pour le lendemain.<\/li>\n\n\n\n<li>N\u2019utilisez aucun produit chimique dans les premiers jours.<\/li>\n\n\n\n<li>Consultez votre m\u00e9decin si vous souhaitez effectuer une proc\u00e9dure suppl\u00e9mentaire pendant la p\u00e9riode de traitement.<\/li>\n\n\n\n<li>Utilisez un \u00e9cran solaire dans les premiers jours si des injections de plasma sont effectu\u00e9es pour le visage.<\/li>\n<\/ul>\n\n\n\n<h3 class=\"wp-block-heading\">Avantages et inconv\u00e9nients de Traitement PRP<\/h3>\n\n\n\n<h4 class=\"wp-block-heading\">Positifs<\/h4>\n\n\n\n<ul class=\"wp-block-list\">\n<li>Facilit\u00e9 d\u2019action.<\/li>\n\n\n\n<li>Courte dur\u00e9e de la session.<\/li>\n\n\n\n<li>Moins d\u2019effets secondaires.<\/li>\n\n\n\n<li>Des r\u00e9sultats efficaces.<\/li>\n<\/ul>\n\n\n\n<h4 class=\"wp-block-heading\">N\u00e9gatifs<\/h4>\n\n\n\n<ul class=\"wp-block-list\">\n<li>La n\u00e9cessit\u00e9 de r\u00e9p\u00e9ter la session la plupart du temps.<\/li>\n\n\n\n<li>La p\u00e9riode entre les s\u00e9ances peut parfois \u00eatre longue.<\/li>\n\n\n\n<li>Le plan de traitement peut n\u00e9cessiter une longue p\u00e9riode de temps.<\/li>\n<\/ul>\n\n\n\n<h4 class=\"wp-block-heading\">Effets secondaires du traitement PRP en Turquie<\/h4>\n\n\n\n<ul class=\"wp-block-list\">\n<li>Rougeur l\u00e9g\u00e8re qui peut durer des heures apr\u00e8s l\u2019injection.<\/li>\n\n\n\n<li>Une l\u00e9g\u00e8re douleur dans les sites d\u2019injection dispara\u00eet rapidement.<\/li>\n\n\n\n<li>D\u00e9mangeaison simple.<\/li>\n<\/ul>\n\n\n\n<h2 class=\"wp-block-heading\">Le traitement PRP en Turquie Istanbul<\/h2>\n\n\n\n<p>La Turquie est aujourd\u2019hui en t\u00eate de nombreux pays en raison de plusieurs raisons dans le domaine de la cosm\u00e9tique et du tourisme m\u00e9dical, de sorte que de nombreuses personnes se rendent quotidiennement dans des cliniques de beaut\u00e9 et des h\u00f4pitaux pour effectuer des s\u00e9ances de PRP, soit pour traiter la perte de cheveux, soit pour effectuer des injections faciales ou pour d\u2019autres domaines que nous avons mentionn\u00e9s pr\u00e9c\u00e9demment.<\/p>\n\n\n\n<p>La Turquie est la destination de nombreuses personnes pour des raisons pr\u00e9cises, dont les plus importantes sont le co\u00fbt appropri\u00e9, la situation g\u00e9ographique de la Turquie et l\u2019exp\u00e9rience \u00e9lev\u00e9e et avanc\u00e9e dans le domaine de la m\u00e9decine esth\u00e9tique et d\u2019autres proc\u00e9dures cosm\u00e9tiques. O\u00f9 beaucoup peuvent mener des s\u00e9ances de plasma dans leur tour \u00e0 Istanbul.<\/p>\n\n\n\n<h3 class=\"wp-block-heading\">Co\u00fbt du traitement PRP en Turquie Istanbul<\/h3>\n\n\n\n<p>Le co\u00fbt de l\u2019injection de plasma en Turquie convient \u00e0 de nombreux segments de la soci\u00e9t\u00e9 par rapport \u00e0 d\u2019autres pays, o\u00f9 le co\u00fbt varie entre 100 et 200 euros par s\u00e9ance. Chez Turk Aesthetic, nous nous effor\u00e7ons toujours de fournir des offres comp\u00e9titives de haute qualit\u00e9, car le co\u00fbt dans notre centre est estim\u00e9 \u00e0 180 euros par session.<\/p>\n\n\n\n<h2 class=\"wp-block-heading\">FAQ &#8211; Le traitement PRP en Turquie Istanbul<\/h2>\n\n\n<div id=\"rank-math-faq\" class=\"rank-math-block\">\n<div class=\"rank-math-list \">\n<div id=\"faq-question-1676674470698\" class=\"rank-math-list-item\">\n<h3 class=\"rank-math-question \">Quel est l\u2019\u00e2ge appropri\u00e9 pour une injection de plasma ?<\/h3>\n<div class=\"rank-math-answer \">\n\n<p>18-20 ans est le minimum pour le Traitement PRP.<\/p>\n\n<\/div>\n<\/div>\n<div id=\"faq-question-1676674477228\" class=\"rank-math-list-item\">\n<h3 class=\"rank-math-question \">Les injections de plasma causent-elles de la douleur ?<\/h3>\n<div class=\"rank-math-answer \">\n\n<p>Le Traitement PRP en Turquie provoque une l\u00e9g\u00e8re douleur qui dispara\u00eet \u00e0 la fin de la s\u00e9ance.<\/p>\n\n<\/div>\n<\/div>\n<div id=\"faq-question-1676674487353\" class=\"rank-math-list-item\">\n<h3 class=\"rank-math-question \">Des saignements peuvent-ils survenir apr\u00e8s l\u2019injection de plasma ?<\/h3>\n<div class=\"rank-math-answer \">\n\n<p>Le Traitement PRP en Turquie laisse de petites gouttes de sang au site d\u2019injection, qui passent presque inaper\u00e7ues, et elles disparaissent rapidement dans les premi\u00e8res minutes apr\u00e8s l\u2019injection.<\/p>\n\n<\/div>\n<\/div>\n<div id=\"faq-question-1676674497317\" class=\"rank-math-list-item\">\n<h3 class=\"rank-math-question \">Quels sont les avantages de l\u2019injection de plasma ?<\/h3>\n<div class=\"rank-math-answer \">\n\n<p>L\u2019utilisation la plus importante du plasma est d\u2019activer le sang lorsqu\u2019il est inject\u00e9 dans la peau pour lui donner une couleur saine. L\u2019injection de plasma aide \u00e9galement \u00e0 renforcer les follicules pileux et \u00e0 renouveler les cellules \u00e0 l\u2019endroit o\u00f9 l\u2019injection a \u00e9t\u00e9 faite. R\u00e9cemment, le plasma a prouv\u00e9 son r\u00f4le efficace dans le traitement de la dysfonction \u00e9rectile du p\u00e9nis.<\/p>\n\n<\/div>\n<\/div>\n<div id=\"faq-question-1676674510640\" class=\"rank-math-list-item\">\n<h3 class=\"rank-math-question \">Quel est le co\u00fbt d\u2019une s\u00e9ance de plasma ?<\/h3>\n<div class=\"rank-math-answer \">\n\n<p>Avec Turk Aesthetic, le co\u00fbt d\u2019une s\u00e9ance de plasma est de 175 euros.<\/p>\n\n<\/div>\n<\/div>\n<div id=\"faq-question-1676674526399\" class=\"rank-math-list-item\">\n<h3 class=\"rank-math-question \">Combien d\u2019injections de plasma peuvent \u00eatre inject\u00e9es en une seule s\u00e9ance ?<\/h3>\n<div class=\"rank-math-answer \">\n\n<p>La s\u00e9ance de plasma ne d\u00e9pend pas du nombre d\u2019injections, mais de l\u2019extraction d\u2019une quantit\u00e9 de sang de la personne, de la s\u00e9paration des globules rouges et blancs et de l\u2019utilisation de l\u2019extrait utile pour traiter les probl\u00e8mes.<\/p>\n\n<\/div>\n<\/div>\n<\/div>\n<\/div>\n\n\n<p><strong>Enfin, vous pouvez nous <a href=\"http:\/\/turkaesthetic.com\/fr\/contact-us\/\" target=\"_blank\" rel=\"noreferrer noopener\">contacter <\/a>via un lien directement pour plus d\u2019informations du <a href=\"https:\/\/www.youtube.com\/channel\/UC0zggzdm5CFwpRMmn_CPpFQ\" target=\"_blank\" data-type=\"URL\" data-id=\"https:\/\/www.youtube.com\/channel\/UC0zggzdm5CFwpRMmn_CPpFQ\" rel=\"noreferrer noopener\">Turk Aesthetic<\/a> en Turquie Istanbul.<\/strong><\/p>\n","protected":false},"excerpt":{"rendered":"<p>Le traitement PRP en Turquie Istanbul est une technique utilis\u00e9e pour traiter plusieurs probl\u00e8mes de sant\u00e9 tels que la chute des cheveux, le traitement des probl\u00e8mes de peau, les blessures articulaires, la tendinite et d\u2019autres choses que nous mentionnerons dans cet article. Le plasma est extrait du sang et r\u00e9inject\u00e9 dans la zone \u00e0 traiter. [&hellip;]<\/p>\n","protected":false},"author":1,"featured_media":14946,"parent":0,"menu_order":0,"comment_status":"closed","ping_status":"closed","template":"","meta":{"footnotes":""},"dep":[1357],"class_list":["post-15325","page","type-page","status-publish","has-post-thumbnail","hentry","dep-treatment"],"_links":{"self":[{"href":"https:\/\/www.turkaesthetic.com\/fr\/wp-json\/wp\/v2\/pages\/15325","targetHints":{"allow":["GET"]}}],"collection":[{"href":"https:\/\/www.turkaesthetic.com\/fr\/wp-json\/wp\/v2\/pages"}],"about":[{"href":"https:\/\/www.turkaesthetic.com\/fr\/wp-json\/wp\/v2\/types\/page"}],"author":[{"embeddable":true,"href":"https:\/\/www.turkaesthetic.com\/fr\/wp-json\/wp\/v2\/users\/1"}],"replies":[{"embeddable":true,"href":"https:\/\/www.turkaesthetic.com\/fr\/wp-json\/wp\/v2\/comments?post=15325"}],"version-history":[{"count":0,"href":"https:\/\/www.turkaesthetic.com\/fr\/wp-json\/wp\/v2\/pages\/15325\/revisions"}],"wp:featuredmedia":[{"embeddable":true,"href":"https:\/\/www.turkaesthetic.com\/fr\/wp-json\/wp\/v2\/media\/14946"}],"wp:attachment":[{"href":"https:\/\/www.turkaesthetic.com\/fr\/wp-json\/wp\/v2\/media?parent=15325"}],"wp:term":[{"taxonomy":"dep","embeddable":true,"href":"https:\/\/www.turkaesthetic.com\/fr\/wp-json\/wp\/v2\/dep?post=15325"}],"curies":[{"name":"wp","href":"https:\/\/api.w.org\/{rel}","templated":true}]}}