{"id":15145,"date":"2022-01-15T10:10:33","date_gmt":"2022-01-15T07:10:33","guid":{"rendered":"http:\/\/turkaesthetic.com\/brow-lift\/"},"modified":"2025-03-27T13:19:48","modified_gmt":"2025-03-27T10:19:48","slug":"brow-lift","status":"publish","type":"page","link":"https:\/\/www.turkaesthetic.com\/fr\/brow-lift\/","title":{"rendered":"Lifting Des Sourcils"},"content":{"rendered":"\n<p>Le <strong>Lifting Des Sourcils <\/strong>est une intervention esth\u00e9tique visant \u00e0 am\u00e9liorer la forme des sourcils et \u00e0 augmenter leur distance par rapport \u00e0 l&rsquo;\u0153il, am\u00e9liorant ainsi la beaut\u00e9 et l&rsquo;attractivit\u00e9. Un sourcil externe plus \u00e9lev\u00e9 que le sourcil interne contribue \u00e0 un visage plus attrayant.<\/p>\n\n\n\n<p>Des sourcils bas peuvent donner un air fatigu\u00e9 ou triste. Cette intervention est souvent associ\u00e9e \u00e0 un lifting, et plusieurs techniques sont disponibles, notamment la chirurgie et les injections non chirurgicales. Voici quelques informations essentielles sur l&rsquo;intervention&nbsp;:<\/p>\n\n\n\n<figure class=\"wp-block-table\"><table><tbody><tr><td>Anesth\u00e9sie&nbsp;<\/td><td>G\u00e9n\u00e9ral \/ Local<\/td><\/tr><tr><td>Dur\u00e9e du processus<\/td><td>1 &#8211; 2 heures<\/td><\/tr><tr><td>S\u00e9jour \u00e0 l\u2019h\u00f4pital<\/td><td>1 nuit en cas d\u2019anesth\u00e9sie g\u00e9n\u00e9rale<\/td><\/tr><tr><td>R\u00e9sultats<\/td><td>Imm\u00e9diat \/ D\u2019une dur\u00e9e de 5 \u00e0 10 ans environ.<\/td><\/tr><tr><td>Convalescence<\/td><td>3 &#8211; 4 Jours<\/td><\/tr><\/tbody><\/table><figcaption class=\"wp-element-caption\">Lifting Des Sourcils en Turquie<\/figcaption><\/figure>\n\n\n\n<h2 class=\"wp-block-heading\">Comment se d\u00e9roule un lifting frontal\u00a0?<\/h2>\n\n\n\n<p>G\u00e9n\u00e9ralement r\u00e9alis\u00e9 sous anesth\u00e9sie g\u00e9n\u00e9rale, le lifting frontal chirurgical offre des r\u00e9sultats radicaux et pr\u00e9cis par rapport aux techniques non chirurgicales, qui peuvent n\u00e9cessiter des traitements r\u00e9p\u00e9t\u00e9s, comme les s\u00e9ances de Botox. Bien que l&rsquo;intervention chirurgicale soit plus co\u00fbteuse, ses r\u00e9sultats sont plus durables.<\/p>\n\n\n\n<p>Lors de l&rsquo;intervention, des incisions sont pratiqu\u00e9es le long de la ligne des cheveux pour retendre la peau, et les sourcils sont relev\u00e9s \u00e0 l&rsquo;aide de fils permanents. Les points de suture \u00e9tant situ\u00e9s \u00e0 la racine des cheveux, ils restent discrets. Apr\u00e8s l&rsquo;intervention, les patients restent g\u00e9n\u00e9ralement une nuit \u00e0 l&rsquo;h\u00f4pital sous anesth\u00e9sie g\u00e9n\u00e9rale.<\/p>\n\n\n\n<h3 class=\"wp-block-heading\">Vid\u00e9o sur le lifting des sourcils<\/h3>\n\n\n\n<p>Veuillez consulter la vid\u00e9o de chirurgie de lifting des sourcils ci-dessous.<\/p>\n\n\n\n<figure class=\"wp-block-embed is-type-video is-provider-youtube wp-block-embed-youtube wp-embed-aspect-16-9 wp-has-aspect-ratio\"><div class=\"wp-block-embed__wrapper\">\n<iframe loading=\"lazy\" title=\"Brow Lift - Turk Aesthetic\" width=\"800\" height=\"450\" src=\"https:\/\/www.youtube.com\/embed\/PPNSWTsoIWk?feature=oembed\" frameborder=\"0\" allow=\"accelerometer; autoplay; clipboard-write; encrypted-media; gyroscope; picture-in-picture; web-share\" referrerpolicy=\"strict-origin-when-cross-origin\" allowfullscreen><\/iframe>\n<\/div><figcaption class=\"wp-element-caption\">Lifting Des Sourcils<\/figcaption><\/figure>\n\n\n\n<h3 class=\"wp-block-heading\">Techniques de lifting des sourcils<\/h3>\n\n\n\n<p>Les techniques de lifting des sourcils peuvent \u00eatre class\u00e9es en deux cat\u00e9gories\u00a0: chirurgicales et non chirurgicales, chacune variant en termes de r\u00e9sultats, de temps de r\u00e9cup\u00e9ration et de co\u00fbt.<\/p>\n\n\n\n<h4 class=\"wp-block-heading\">Botox<\/h4>\n\n\n\n<p>Le <a href=\"https:\/\/www.turkaesthetic.com\/fr\/botox\/\" target=\"_blank\" data-type=\"page\" data-id=\"15910\" rel=\"noreferrer noopener\">Botox<\/a> peut \u00eatre utilis\u00e9 pour le lifting des sourcils. Apr\u00e8s anesth\u00e9sie locale, le m\u00e9decin s\u00e9lectionne les points d&rsquo;injection autour des yeux, administre le Botox et peut r\u00e9p\u00e9ter l&rsquo;intervention si n\u00e9cessaire. Cette technique d\u00e9tend les nerfs et permet d&rsquo;obtenir un lifting naturel des sourcils.<\/p>\n\n\n\n<p>Les avantages incluent un co\u00fbt r\u00e9duit et des r\u00e9sultats rapides, bien que les effets durent g\u00e9n\u00e9ralement entre 6 mois et un an. Les soins postop\u00e9ratoires comprennent l&rsquo;\u00e9vitement du soleil, des frottements sur les zones inject\u00e9es, l&rsquo;application de glace en cas de gonflement et l&rsquo;absence de maquillage.<\/p>\n\n\n\n<figure class=\"wp-block-image size-full is-style-default\"><img loading=\"lazy\" decoding=\"async\" width=\"1024\" height=\"576\" src=\"http:\/\/turkaesthetic.com\/wp-content\/uploads\/2022\/01\/botox-Brow-lift.webp\" alt=\"T\u00fcrkiye de Ka\u015f kald\u0131rma\" class=\"wp-image-15051\" srcset=\"https:\/\/www.turkaesthetic.com\/wp-content\/uploads\/2022\/01\/botox-Brow-lift.webp 1024w, https:\/\/www.turkaesthetic.com\/wp-content\/uploads\/2022\/01\/botox-Brow-lift-300x169.webp 300w, https:\/\/www.turkaesthetic.com\/wp-content\/uploads\/2022\/01\/botox-Brow-lift-768x432.webp 768w\" sizes=\"auto, (max-width: 1024px) 100vw, 1024px\" \/><figcaption class=\"wp-element-caption\">Lifting Des Sourcils<\/figcaption><\/figure>\n\n\n\n<h4 class=\"wp-block-heading\">Laser<\/h4>\n\n\n\n<p>Le lifting des sourcils au laser utilise la <a href=\"https:\/\/www.turkaesthetic.com\/fr\/non-surgical-fr\/hifu-in-turkey\/\" target=\"_blank\" data-type=\"post\" data-id=\"26243\" rel=\"noreferrer noopener\">radiofr\u00e9quence<\/a> pour retendre la peau jusqu&rsquo;\u00e0 l&rsquo;obtention de l&rsquo;effet souhait\u00e9. Une anesth\u00e9sie locale peut \u00e9galement \u00eatre utilis\u00e9e pour le confort.<\/p>\n\n\n\n<p>Cependant, la chirurgie est g\u00e9n\u00e9ralement recommand\u00e9e pour les cas plus avanc\u00e9s de sourcils tombants. Le traitement au laser est g\u00e9n\u00e9ralement moins co\u00fbteux que la chirurgie, mais plus co\u00fbteux que les injections.<\/p>\n\n\n\n<figure class=\"wp-block-image size-full is-style-default\"><img loading=\"lazy\" decoding=\"async\" width=\"1024\" height=\"576\" src=\"http:\/\/turkaesthetic.com\/wp-content\/uploads\/2022\/01\/laser-Brow-lift-in-Turkey.webp\" alt=\"T\u00fcrkiye de Ka\u015f kald\u0131rma\" class=\"wp-image-15041\" srcset=\"https:\/\/www.turkaesthetic.com\/wp-content\/uploads\/2022\/01\/laser-Brow-lift-in-Turkey.webp 1024w, https:\/\/www.turkaesthetic.com\/wp-content\/uploads\/2022\/01\/laser-Brow-lift-in-Turkey-300x169.webp 300w, https:\/\/www.turkaesthetic.com\/wp-content\/uploads\/2022\/01\/laser-Brow-lift-in-Turkey-768x432.webp 768w\" sizes=\"auto, (max-width: 1024px) 100vw, 1024px\" \/><figcaption class=\"wp-element-caption\">T\u00fcrkiye de Ka\u015f kald\u0131rma<\/figcaption><\/figure>\n\n\n\n<h4 class=\"wp-block-heading\">Lifting des sourcils avec fils tenseurs<\/h4>\n\n\n\n<p>Le lifting des sourcils avec fils tenseurs est une technique non chirurgicale qui n\u00e9cessite l&rsquo;utilisation de fils tenseurs et dure g\u00e9n\u00e9ralement environ une demi-heure. Les r\u00e9sultats sont imm\u00e9diatement visibles et peuvent durer jusqu&rsquo;\u00e0 trois ans. Le co\u00fbt est comparable \u00e0 celui d&rsquo;un traitement au laser.<\/p>\n\n\n\n<p>Cette m\u00e9thode pr\u00e9sente peu de risques et de complications, car les fils tenseurs se dissolvent naturellement dans la peau.<\/p>\n\n\n\n<figure class=\"wp-block-image size-full is-style-default\"><img loading=\"lazy\" decoding=\"async\" width=\"1024\" height=\"576\" src=\"http:\/\/turkaesthetic.com\/wp-content\/uploads\/2022\/01\/Brow-lift-with-threads.webp\" alt=\"T\u00fcrkiye de Ka\u015f kald\u0131rma\" class=\"wp-image-15080\" srcset=\"https:\/\/www.turkaesthetic.com\/wp-content\/uploads\/2022\/01\/Brow-lift-with-threads.webp 1024w, https:\/\/www.turkaesthetic.com\/wp-content\/uploads\/2022\/01\/Brow-lift-with-threads-300x169.webp 300w, https:\/\/www.turkaesthetic.com\/wp-content\/uploads\/2022\/01\/Brow-lift-with-threads-768x432.webp 768w\" sizes=\"auto, (max-width: 1024px) 100vw, 1024px\" \/><\/figure>\n\n\n\n<h3 class=\"wp-block-heading\">Lifting des sourcils<\/h3>\n\n\n\n<p>Une m\u00e9thode chirurgicale permet de corriger les sourcils tombants que les m\u00e9thodes non chirurgicales ne permettent pas de corriger. Les approches chirurgicales pour le lifting des sourcils bas sont adapt\u00e9es \u00e0 la situation de chaque patient.<\/p>\n\n\n\n<h4 class=\"wp-block-heading\">Qui peut b\u00e9n\u00e9ficier de cette intervention&nbsp;?<\/h4>\n\n\n\n<ul class=\"wp-block-list\">\n<li>Les personnes \u00e2g\u00e9es de 18\u00a0ans et plus.<\/li>\n\n\n\n<li>Les personnes souhaitant am\u00e9liorer l&rsquo;apparence de leurs sourcils bas.<\/li>\n\n\n\n<li>Les personnes \u00e2g\u00e9es souhaitant rajeunir leur apparence.<\/li>\n<\/ul>\n\n\n\n<h5 class=\"wp-block-heading\">Qui ne peut pas b\u00e9n\u00e9ficier de cette intervention&nbsp;?<\/h5>\n\n\n\n<ul class=\"wp-block-list\">\n<li>Les personnes de moins de 20\u00a0ans.<\/li>\n\n\n\n<li>Les personnes atteintes de maladies chroniques ou contagieuses.<\/li>\n\n\n\n<li>Les patients cardiaques \u00e0 un stade avanc\u00e9 ou les personnes atteintes de diab\u00e8te irr\u00e9gulier.<\/li>\n<\/ul>\n\n\n\n<h3 class=\"wp-block-heading\">Le m\u00e9decin qui pratique le lifting des sourcils<\/h3>\n\n\n\n<p>Le lifting des sourcils est une intervention esth\u00e9tique r\u00e9alis\u00e9e par un chirurgien plasticien qualifi\u00e9 et exp\u00e9riment\u00e9 dans ce type de chirurgie. Il est crucial de choisir un h\u00f4pital ou une clinique m\u00e9dicale r\u00e9put\u00e9, dot\u00e9 d&rsquo;un niveau de st\u00e9rilisation \u00e9lev\u00e9 et de m\u00e9decins qualifi\u00e9s. Bien que les co\u00fbts \u00e9lev\u00e9s puissent refl\u00e9ter l&rsquo;efficacit\u00e9 et la cr\u00e9dibilit\u00e9 de la clinique, il est conseill\u00e9 de ne pas n\u00e9gocier les prix.<\/p>\n\n\n\n<h5 class=\"wp-block-heading\">Type d&rsquo;anesth\u00e9sie utilis\u00e9 lors de l&rsquo;intervention<\/h5>\n\n\n\n<p>Le lifting frontal est g\u00e9n\u00e9ralement r\u00e9alis\u00e9 sous anesth\u00e9sie g\u00e9n\u00e9rale. Les patients doivent s&rsquo;abstenir de manger et de boire pendant les 6 heures pr\u00e9c\u00e9dant l&rsquo;intervention afin d&rsquo;\u00e9viter toute g\u00eane post-anesth\u00e9sie.<\/p>\n\n\n\n<p>Pour les m\u00e9thodes non chirurgicales, telles que le Botox, le laser et les fils tenseurs, une anesth\u00e9sie locale est utilis\u00e9e et une hospitalisation est possible apr\u00e8s l&rsquo;intervention.<\/p>\n\n\n\n<h3 class=\"wp-block-heading\">\u00c9tapes de la chirurgie<\/h3>\n\n\n<div id=\"rank-math-howto\" class=\"rank-math-block\" >\n<div class=\"rank-math-howto-description\">\n\n<p>Les \u00e9tapes de la chirurgie de lifting des sourcils \u00e0 Istanbul en Turquie sont les suivantes :<\/p>\n\n<\/div>\n<p class=\"rank-math-howto-duration\"><strong>Temps total\u00a0:<\/strong> <span>2 heures<\/span><\/p>\n<div class=\"rank-math-steps \">\n<div id=\"howto-step-1678619690619\" class=\"rank-math-step\">\n<h3 class=\"rank-math-step-title \"><strong>Avant la proc\u00e9dure<\/strong><\/h3>\n<div class=\"rank-math-step-content \"><p>Avant l&rsquo;intervention, le patient doit informer le m\u00e9decin de ses maladies chroniques, de ses m\u00e9dicaments et de ses ant\u00e9c\u00e9dents chirurgicaux. Les instructions suivantes doivent \u00e9galement \u00eatre respect\u00e9es\u00a0:<br \/>\u2013 Discuter avec son m\u00e9decin des r\u00e9sultats escompt\u00e9s de l&rsquo;intervention.<br \/>\u2013 En cas d&rsquo;anesth\u00e9sie g\u00e9n\u00e9rale, s&rsquo;abstenir de manger et de boire au moins six heures avant l&rsquo;intervention.<br \/>\u2013 Informer son m\u00e9decin de tout m\u00e9dicament pris r\u00e9guli\u00e8rement.<br \/>\u2013 \u00c9viter l&rsquo;alcool et le tabac pendant au moins une semaine avant l&rsquo;intervention.<br \/>\u2013 Consulter son m\u00e9decin pour l&rsquo;arr\u00eat des anticoagulants, comme l&rsquo;aspirine.<br \/>\u2013 Porter des v\u00eatements confortables le jour de l&rsquo;intervention.<\/p>\n<\/div>\n<\/div>\n<div id=\"howto-step-1678619726261\" class=\"rank-math-step\">\n<h3 class=\"rank-math-step-title \"><strong>Pendant la proc\u00e9dure\u00a0<\/strong><\/h3>\n<div class=\"rank-math-step-content \"><p>Apr\u00e8s l&rsquo;anesth\u00e9sie, le chirurgien pratiquera des incisions de 2\u00a0cm le long de la ligne des cheveux du front. L&rsquo;exc\u00e8s de graisse sera retir\u00e9 pour retendre la peau. Les sourcils seront ensuite repositionn\u00e9s \u00e0 l&rsquo;aide de points de suture permanents, ce qui leur donnera une apparence plus ferme et plus relev\u00e9e. Apr\u00e8s l&rsquo;intervention, le chirurgien retirera les points de suture exc\u00e9dentaires, visibles initialement, mais qui s&rsquo;att\u00e9nueront avec la repousse des cheveux.<\/p>\n<\/div>\n<\/div>\n<div id=\"howto-step-1678619744943\" class=\"rank-math-step\">\n<h3 class=\"rank-math-step-title \"><strong>Apr\u00e8s la proc\u00e9dure<\/strong><\/h3>\n<div class=\"rank-math-step-content \"><p>Un s\u00e9jour d\u2019une nuit \u00e0 l\u2019h\u00f4pital peut \u00eatre n\u00e9cessaire apr\u00e8s la chirurgie au cours de laquelle l\u2019\u00e9tat du patient est surveill\u00e9 et la p\u00e9riode de r\u00e9cup\u00e9ration est d\u2019une semaine. Le m\u00e9decin peut donner un pansement ou un corset pour r\u00e9duire l\u2019enflure apr\u00e8s la chirurgie.<br \/>Quant aux r\u00e9sultats, ils apparaissent imm\u00e9diatement apr\u00e8s les premi\u00e8res semaines apr\u00e8s l\u2019op\u00e9ration, d\u00e8s que les effets de la chirurgie disparaissent.<\/p>\n<\/div>\n<\/div>\n<\/div>\n<\/div>\n<p class=\"rank-math-howto-estimatedCost\"><strong>Co\u00fbt estim\u00e9\u00a0:<\/strong> <span>2500 Euro<\/span><\/p>\n\n\n\n\n\n<h3 class=\"wp-block-heading\">Avant et apr\u00e8s lifting des sourcils<\/h3>\n\n\n\n<figure class=\"wp-block-gallery has-nested-images columns-default is-cropped wp-block-gallery-1 is-layout-flex wp-block-gallery-is-layout-flex\">\n<figure class=\"wp-block-image size-large\"><img loading=\"lazy\" decoding=\"async\" width=\"1200\" height=\"800\" data-id=\"45215\" src=\"https:\/\/www.turkaesthetic.com\/wp-content\/uploads\/2023\/11\/before-after-brow-lift-4.jpg\" alt=\"avant apr\u00e8s lifting des sourcils en Turquie\" class=\"wp-image-45215\"\/><figcaption class=\"wp-element-caption\">avant apr\u00e8s lifting des sourcils en Turquie<\/figcaption><\/figure>\n\n\n\n<figure class=\"wp-block-image size-large\"><img loading=\"lazy\" decoding=\"async\" width=\"1200\" height=\"800\" data-id=\"45206\" src=\"https:\/\/www.turkaesthetic.com\/wp-content\/uploads\/2023\/11\/before-after-brow-lift-3.jpg\" alt=\"avant apr\u00e8s lifting des sourcils en Turquie\" class=\"wp-image-45206\"\/><figcaption class=\"wp-element-caption\">avant apr\u00e8s lifting des sourcils en Turquie<\/figcaption><\/figure>\n\n\n\n<figure class=\"wp-block-image size-large\"><img loading=\"lazy\" decoding=\"async\" width=\"1200\" height=\"800\" data-id=\"45197\" src=\"https:\/\/www.turkaesthetic.com\/wp-content\/uploads\/2023\/11\/before-after-brow-lift-2.jpg\" alt=\"avant apr\u00e8s lifting des sourcils en Turquie\" class=\"wp-image-45197\"\/><figcaption class=\"wp-element-caption\">avant apr\u00e8s lifting des sourcils en Turquie<\/figcaption><\/figure>\n<\/figure>\n\n\n\n<h4 class=\"wp-block-heading\">Conseils de soins post-lifting des sourcils<\/h4>\n\n\n\n<ul class=\"wp-block-list\">\n<li>Assurez-vous un repos complet et prenez tous vos m\u00e9dicaments, y compris les analg\u00e9siques et les anti-inflammatoires prescrits, afin de minimiser les complications.<\/li>\n\n\n\n<li>Limitez ou \u00e9vitez de fumer.<\/li>\n\n\n\n<li>Hydratez-vous r\u00e9guli\u00e8rement, car cela favorise la r\u00e9cup\u00e9ration et la cicatrisation.<\/li>\n\n\n\n<li>Surveillez vos habitudes de sommeil et essayez de dormir sur le dos.<\/li>\n\n\n\n<li>Soignez vos plaies avec soin.<\/li>\n\n\n\n<li>Reposez-vous pendant au moins 15 jours pour \u00e9viter les complications.<\/li>\n\n\n\n<li>Utilisez le bandage pendant les 10 premiers jours pour un r\u00e9sultat optimal.<\/li>\n\n\n\n<li>\u00c9vitez l&rsquo;exposition directe au soleil pendant 10 jours et le port de chapeaux pendant un certain temps.<\/li>\n\n\n\n<li>Soyez prudent(e) avec les v\u00eatements, tels que les vestes ou les chemises.<\/li>\n<\/ul>\n\n\n\n<h4 class=\"wp-block-heading\">Avantages et inconv\u00e9nients<\/h4>\n\n\n\n<p><strong>Avantages<\/strong><\/p>\n\n\n\n<p>Apr\u00e8s un r\u00e9sultat positif, le patient retrouve confiance en lui gr\u00e2ce \u00e0 la disparition des sourcils bas et \u00e0 une apparence plus jeune et plus belle.<\/p>\n\n\n\n<p><strong>Inconv\u00e9nients<\/strong><\/p>\n\n\n\n<p>L&rsquo;inexp\u00e9rience du chirurgien dans l&rsquo;\u00e9valuation des techniques appropri\u00e9es peut entra\u00eener des inconv\u00e9nients. De plus, le non-respect des instructions postop\u00e9ratoires peut entra\u00eener des cons\u00e9quences n\u00e9gatives, notamment des r\u00e9sultats inattendus et, dans de rares cas, une asym\u00e9trie entre les deux c\u00f4t\u00e9s.<\/p>\n\n\n\n<p><strong>Effets secondaires<\/strong><\/p>\n\n\n\n<p>Les effets secondaires courants peuvent inclure&nbsp;:<\/p>\n\n\n\n<ul class=\"wp-block-list\">\n<li>Gonflement et rougeurs du <a href=\"https:\/\/www.turkaesthetic.com\/fr\/skincare\/\" target=\"_blank\" data-type=\"page\" data-id=\"14964\" rel=\"noreferrer noopener\">visage<\/a>.<\/li>\n\n\n\n<li>L\u00e9g\u00e8res d\u00e9mangeaisons au niveau des incisions.<\/li>\n\n\n\n<li>G\u00eane pendant la premi\u00e8re semaine.<\/li>\n\n\n\n<li>Engourdissement temporaire.<\/li>\n\n\n\n<li>L\u00e9g\u00e8re douleur.<\/li>\n\n\n\n<li>Mouvements faciaux initialement limit\u00e9s.<\/li>\n\n\n\n<li>Le respect des instructions de soins peut minimiser ces effets et contribuer \u00e0 une gu\u00e9rison r\u00e9ussie.<\/li>\n<\/ul>\n\n\n\n<h3 class=\"wp-block-heading\">Lifting frontal en Turquie, Istanbul<\/h3>\n\n\n\n<p>La Turquie, et plus particuli\u00e8rement Istanbul, est une destination pris\u00e9e par de nombreux touristes souhaitant combiner soins m\u00e9dicaux et tourisme. Cela s&rsquo;explique par ses nombreux avantages, notamment un large \u00e9ventail d&rsquo;options, l&rsquo;expertise des m\u00e9decins et la qualit\u00e9 des soins. Le lifting frontal en Turquie est une intervention esth\u00e9tique disponible, dont les prix varient entre 2&nbsp;500&nbsp;\u20ac et 3&nbsp;500&nbsp;\u20ac selon l&rsquo;intervention chirurgicale ou non chirurgicale et la clinique.<\/p>\n\n\n\n<h4 class=\"wp-block-heading\">Co\u00fbt d&rsquo;un lifting frontal en Turquie, Istanbul<\/h4>\n\n\n\n<p>Le co\u00fbt d&rsquo;un lifting frontal en Turquie peut varier consid\u00e9rablement en fonction de plusieurs facteurs&nbsp;:<\/p>\n\n\n\n<p>R\u00e9putation de la clinique ou de l&rsquo;h\u00f4pital&nbsp;;<br>Exp\u00e9rience du m\u00e9decin&nbsp;;<br>Sp\u00e9cificit\u00e9s de l&rsquo;intervention&nbsp;;<br>Disponibilit\u00e9 de services compl\u00e9mentaires, certaines cliniques proposant des forfaits incluant le traitement, l&rsquo;h\u00e9bergement et le transport.<br>Chez Turk Aesthetic \u00e0 Istanbul, le co\u00fbt d&rsquo;un lifting frontal chirurgical varie de 2&nbsp;500&nbsp;\u20ac \u00e0 3&nbsp;500&nbsp;\u20ac. Pour les options non chirurgicales, les tarifs sont les suivants&nbsp;:<\/p>\n\n\n\n<p>190&nbsp;\u20ac pour une injection de Botox&nbsp;;<br>1&nbsp;500&nbsp;\u20ac \u00e0 2&nbsp;500&nbsp;\u20ac pour un lifting frontal avec fils tenseurs.<br>Pour toute question concernant les forfaits incluant l&rsquo;h\u00e9bergement et le transport, n&rsquo;h\u00e9sitez pas \u00e0 nous contacter.us contacter pour le co\u00fbt du forfait de traitement (h\u00e9bergement et transport).<\/p>\n\n\n\n<h2 class=\"wp-block-heading\">FAQ<\/h2>\n\n\n<div id=\"rank-math-faq\" class=\"rank-math-block\">\n<div class=\"rank-math-list \">\n<div id=\"faq-question-1678619837193\" class=\"rank-math-list-item\">\n<h3 class=\"rank-math-question \"><strong><strong>Combien de temps dure un lifting frontal\u00a0?<\/strong><\/strong><\/h3>\n<div class=\"rank-math-answer \">\n\n<p>L&rsquo;intervention dure g\u00e9n\u00e9ralement entre 1 et 2 heures, selon les sp\u00e9cificit\u00e9s de l&rsquo;op\u00e9ration.<\/p>\n\n<\/div>\n<\/div>\n<div id=\"faq-question-1743070410940\" class=\"rank-math-list-item\">\n<h3 class=\"rank-math-question \">Quand les r\u00e9sultats d&rsquo;un lifting frontal apparaissent-ils\u00a0?<\/h3>\n<div class=\"rank-math-answer \">\n\n<p>Les r\u00e9sultats sont imm\u00e9diats et deviennent visibles une fois les premiers effets de l&rsquo;intervention att\u00e9nu\u00e9s.<\/p>\n\n<\/div>\n<\/div>\n<div id=\"faq-question-1743070438584\" class=\"rank-math-list-item\">\n<h3 class=\"rank-math-question \">Quel est le taux de r\u00e9ussite d&rsquo;un lifting frontal\u00a0?<\/h3>\n<div class=\"rank-math-answer \">\n\n<p>La r\u00e9ussite de l&rsquo;intervention d\u00e9pend en grande partie de la comp\u00e9tence du chirurgien et du respect des consignes postop\u00e9ratoires par le patient. En g\u00e9n\u00e9ral, le taux de r\u00e9ussite d&rsquo;un lifting frontal est sup\u00e9rieur \u00e0 celui de nombreuses autres interventions chirurgicales.<\/p>\n\n<\/div>\n<\/div>\n<div id=\"faq-question-1743070441468\" class=\"rank-math-list-item\">\n<h3 class=\"rank-math-question \">Quel type d&rsquo;anesth\u00e9sie est utilis\u00e9 pour un lifting frontal\u00a0?<\/h3>\n<div class=\"rank-math-answer \">\n\n<p>L&rsquo;anesth\u00e9sie locale est utilis\u00e9e pour les options non chirurgicales, tandis que l&rsquo;anesth\u00e9sie g\u00e9n\u00e9rale est utilis\u00e9e pour les interventions chirurgicales.<\/p>\n\n<\/div>\n<\/div>\n<div id=\"faq-question-1743070446802\" class=\"rank-math-list-item\">\n<h3 class=\"rank-math-question \">Quel est le co\u00fbt d&rsquo;un lifting frontal en Turquie\u00a0?<\/h3>\n<div class=\"rank-math-answer \">\n\n<p>Le co\u00fbt d&rsquo;un lifting frontal en Turquie varie entre 2\u00a0500 et 3\u00a0500\u00a0\u20ac.<\/p>\n\n<\/div>\n<\/div>\n<div id=\"faq-question-1743070452988\" class=\"rank-math-list-item\">\n<h3 class=\"rank-math-question \">Quelle est la p\u00e9riode de convalescence apr\u00e8s un lifting frontal\u00a0?<\/h3>\n<div class=\"rank-math-answer \">\n\n<p>La p\u00e9riode de convalescence typique est d&rsquo;environ 3 \u00e0 4\u00a0jours.<\/p>\n\n<\/div>\n<\/div>\n<div id=\"faq-question-1743070458746\" class=\"rank-math-list-item\">\n<h3 class=\"rank-math-question \">Les r\u00e9sultats d&rsquo;un lifting frontal sont-ils permanents\u00a0?<\/h3>\n<div class=\"rank-math-answer \">\n\n<p>La dur\u00e9e des r\u00e9sultats d\u00e9pend du type d&rsquo;intervention pratiqu\u00e9e. Les r\u00e9sultats chirurgicaux peuvent durer environ 5\u00a0ans, tandis que les options non chirurgicales durent g\u00e9n\u00e9ralement entre 6 et 24\u00a0mois.<\/p>\n\n<\/div>\n<\/div>\n<\/div>\n<\/div>\n\n\n<p>Enfin, vous pouvez <a href=\"http:\/\/turkaesthetic.com\/fr\/contact-us\/\" target=\"_blank\" rel=\"noreferrer noopener\"><strong>contacter<\/strong> <\/a>directement notre \u00e9quipe d\u2019assistance pour demander des informations et des prix \u00e0 <strong><a href=\"https:\/\/www.youtube.com\/channel\/UC0zggzdm5CFwpRMmn_CPpFQ\" data-type=\"URL\" data-id=\"https:\/\/www.youtube.com\/channel\/UC0zggzdm5CFwpRMmn_CPpFQ\" target=\"_blank\" rel=\"noreferrer noopener\">Turk Aesthetic<\/a> <\/strong>Istanbul Turquie.<\/p>\n","protected":false},"excerpt":{"rendered":"<p>Le Lifting Des Sourcils est une intervention esth\u00e9tique visant \u00e0 am\u00e9liorer la forme des sourcils et \u00e0 augmenter leur distance par rapport \u00e0 l&rsquo;\u0153il, am\u00e9liorant ainsi la beaut\u00e9 et l&rsquo;attractivit\u00e9. Un sourcil externe plus \u00e9lev\u00e9 que le sourcil interne contribue \u00e0 un visage plus attrayant. Des sourcils bas peuvent donner un air fatigu\u00e9 ou triste. [&hellip;]<\/p>\n","protected":false},"author":1,"featured_media":15073,"parent":0,"menu_order":0,"comment_status":"closed","ping_status":"closed","template":"","meta":{"footnotes":""},"dep":[1354],"class_list":["post-15145","page","type-page","status-publish","has-post-thumbnail","hentry","dep-plastic-surgeries"],"_links":{"self":[{"href":"https:\/\/www.turkaesthetic.com\/fr\/wp-json\/wp\/v2\/pages\/15145","targetHints":{"allow":["GET"]}}],"collection":[{"href":"https:\/\/www.turkaesthetic.com\/fr\/wp-json\/wp\/v2\/pages"}],"about":[{"href":"https:\/\/www.turkaesthetic.com\/fr\/wp-json\/wp\/v2\/types\/page"}],"author":[{"embeddable":true,"href":"https:\/\/www.turkaesthetic.com\/fr\/wp-json\/wp\/v2\/users\/1"}],"replies":[{"embeddable":true,"href":"https:\/\/www.turkaesthetic.com\/fr\/wp-json\/wp\/v2\/comments?post=15145"}],"version-history":[{"count":0,"href":"https:\/\/www.turkaesthetic.com\/fr\/wp-json\/wp\/v2\/pages\/15145\/revisions"}],"wp:featuredmedia":[{"embeddable":true,"href":"https:\/\/www.turkaesthetic.com\/fr\/wp-json\/wp\/v2\/media\/15073"}],"wp:attachment":[{"href":"https:\/\/www.turkaesthetic.com\/fr\/wp-json\/wp\/v2\/media?parent=15145"}],"wp:term":[{"taxonomy":"dep","embeddable":true,"href":"https:\/\/www.turkaesthetic.com\/fr\/wp-json\/wp\/v2\/dep?post=15145"}],"curies":[{"name":"wp","href":"https:\/\/api.w.org\/{rel}","templated":true}]}}