{"id":15100,"date":"2022-01-18T10:02:46","date_gmt":"2022-01-18T07:02:46","guid":{"rendered":"http:\/\/turkaesthetic.com\/fat-transfer\/"},"modified":"2025-03-25T15:51:28","modified_gmt":"2025-03-25T12:51:28","slug":"fat-transfer","status":"publish","type":"page","link":"https:\/\/www.turkaesthetic.com\/fr\/fat-transfer\/","title":{"rendered":"Transfert de Graisse"},"content":{"rendered":"\n<p>Le <strong>transfert de graisse <\/strong>est une intervention de chirurgie plastique qui consiste \u00e0 pr\u00e9lever de la graisse des zones du corps o\u00f9 elle n&rsquo;est pas souhait\u00e9e et \u00e0 la r\u00e9injecter ailleurs \u00e0 diverses fins, comme le raffermissement de la peau et l&rsquo;att\u00e9nuation des rides et cicatrices profondes.<\/p>\n\n\n\n<p>Le transfert de graisse peut \u00e9galement \u00eatre effectu\u00e9 au niveau des fesses pour cr\u00e9er une apparence plus harmonieuse avec le reste du corps. Dans certains cas, les hommes peuvent opter pour un transfert de graisse afin d&rsquo;augmenter la taille du p\u00e9nis. L&rsquo;intervention dure g\u00e9n\u00e9ralement entre 2 et 3 heures, selon le cas, et est r\u00e9alis\u00e9e sous anesth\u00e9sie g\u00e9n\u00e9rale, n\u00e9cessitant une nuit d&rsquo;hospitalisation.<\/p>\n\n\n\n<p>Les r\u00e9sultats sont g\u00e9n\u00e9ralement visibles d\u00e8s la disparition des effets de la chirurgie. Voici quelques informations rapides sur la proc\u00e9dure&nbsp;:<\/p>\n\n\n\n<figure class=\"wp-block-table\"><table><tbody><tr><td>Anesth\u00e9sie&nbsp;<\/td><td>G\u00e9n\u00e9ralit\u00e9s<\/td><\/tr><tr><td>Dur\u00e9e de la proc\u00e9dure<\/td><td>2-3 heures<\/td><\/tr><tr><td>R\u00e9sultats<\/td><td>Imm\u00e9diat &#8211; D\u2019une dur\u00e9e de 5 \u00e0 10 ans environ.<\/td><\/tr><tr><td>Convalescence<\/td><td>5-7 jours&nbsp;<\/td><\/tr><tr><td>S\u00e9jour \u00e0 l\u2019h\u00f4pital<\/td><td>1 Nuit<\/td><\/tr><\/tbody><\/table><figcaption class=\"wp-element-caption\">Lipofilling en Turquie<\/figcaption><\/figure>\n\n\n\n<h2 class=\"wp-block-heading\">Comment se d\u00e9roule le transfert de graisse (lipofilling)&nbsp;?<\/h2>\n\n\n\n<p>Le lipofilling est g\u00e9n\u00e9ralement associ\u00e9 \u00e0 la liposuccion, ce qui signifie que la graisse non autologue ne peut pas \u00eatre utilis\u00e9e. Une fois l&rsquo;objectif de l&rsquo;injection de graisse d\u00e9termin\u00e9 (visage ou autres zones du corps), les sites sp\u00e9cifiques de liposuccion sont identifi\u00e9s \u00e0 l&rsquo;aide de directives simples qui aident le chirurgien. Le patient est compl\u00e8tement anesth\u00e9si\u00e9, puis la graisse est extraite \u00e0 l&rsquo;aide de petits tubes ins\u00e9r\u00e9s par des incisions de 0,5 cm maximum. Cette graisse est pr\u00e9lev\u00e9e \u00e0 l&rsquo;aide d&rsquo;un dispositif d&rsquo;aspiration. Apr\u00e8s extraction, la graisse est purifi\u00e9e pour \u00e9liminer les impuret\u00e9s avant d&rsquo;\u00eatre inject\u00e9e dans la zone cibl\u00e9e pour le traitement.<\/p>\n\n\n\n<h3 class=\"wp-block-heading\">Vid\u00e9o sur le transfert de graisse (lipofilling)<\/h3>\n\n\n\n<figure class=\"wp-block-embed is-type-video is-provider-youtube wp-block-embed-youtube wp-embed-aspect-16-9 wp-has-aspect-ratio\"><div class=\"wp-block-embed__wrapper\">\n<iframe loading=\"lazy\" title=\"Fat Transfer - Turk Aesthetic\" width=\"800\" height=\"450\" src=\"https:\/\/www.youtube.com\/embed\/_yc4DO-5CU0?feature=oembed\" frameborder=\"0\" allow=\"accelerometer; autoplay; clipboard-write; encrypted-media; gyroscope; picture-in-picture; web-share\" referrerpolicy=\"strict-origin-when-cross-origin\" allowfullscreen><\/iframe>\n<\/div><\/figure>\n\n\n\n<h4 class=\"wp-block-heading\">Admissibilit\u00e9 au transfert de graisse<\/h4>\n\n\n\n<ul class=\"wp-block-list\">\n<li>Les personnes doivent \u00eatre en bonne sant\u00e9.<\/li>\n\n\n\n<li>Les candidats doivent \u00eatre \u00e2g\u00e9s d&rsquo;au moins 20 ans.<\/li>\n\n\n\n<li>Les personnes insatisfaites de probl\u00e8mes de peau au visage, tels que des rides profondes ou des cicatrices que les produits de comblement ne peuvent pas traiter, sont admissibles.<\/li>\n\n\n\n<li>Les femmes souhaitant des fesses plus rebondies et plus galb\u00e9es, adapt\u00e9es \u00e0 leur silhouette, peuvent \u00e9galement \u00eatre admissibles.<\/li>\n\n\n\n<li>Les hommes souhaitant une augmentation du p\u00e9nis peuvent \u00e9galement \u00eatre admissibles au transfert de graisse.<\/li>\n<\/ul>\n\n\n\n<h3 class=\"wp-block-heading\">Qui ne peut pas b\u00e9n\u00e9ficier du transfert de graisse&nbsp;?<\/h3>\n\n\n\n<p>Les personnes qui ne peuvent pas b\u00e9n\u00e9ficier du transfert de graisse sont&nbsp;:<\/p>\n\n\n\n<p>les moins de 20&nbsp;ans&nbsp;;<br>les personnes souffrant de maladies chroniques ou contagieuses.<br>Les personnes souffrant de probl\u00e8mes de peau peuvent \u00eatre trait\u00e9es efficacement par des options non chirurgicales telles que les injections et les lasers.<\/p>\n\n\n\n<h4 class=\"wp-block-heading\">Le m\u00e9decin qui pratique le lipofilling<\/h4>\n\n\n\n<p>L&rsquo;intervention est r\u00e9alis\u00e9e par un chirurgien plasticien exp\u00e9riment\u00e9 dans ce type d&rsquo;op\u00e9ration. Les m\u00e9decins d&rsquo;autres sp\u00e9cialit\u00e9s ne sont pas qualifi\u00e9s pour pratiquer le lipofilling. Lors du choix d&rsquo;un h\u00f4pital ou d&rsquo;une clinique, il est essentiel de rechercher des \u00e9tablissements fiables, garantissant un niveau \u00e9lev\u00e9 de st\u00e9rilisation et employant des m\u00e9decins hautement qualifi\u00e9s. Bien que le co\u00fbt \u00e9lev\u00e9 de l&rsquo;intervention puisse parfois refl\u00e9ter l&rsquo;efficacit\u00e9 et la cr\u00e9dibilit\u00e9 de la clinique, il est conseill\u00e9 de ne pas n\u00e9gocier ni remettre en question le prix.<\/p>\n\n\n\n<h3 class=\"wp-block-heading\">Types d&rsquo;anesth\u00e9sie utilis\u00e9s<\/h3>\n\n\n\n<p>Le lipofilling ne peut \u00eatre pratiqu\u00e9 que sous anesth\u00e9sie g\u00e9n\u00e9rale. Les patients doivent s&rsquo;abstenir de manger et de boire au moins six heures avant l&rsquo;intervention afin d&rsquo;\u00e9viter toute g\u00eane gastrique au r\u00e9veil. En g\u00e9n\u00e9ral, les patients restent \u00e0 l&rsquo;h\u00f4pital une ou deux nuits sous anesth\u00e9sie g\u00e9n\u00e9rale.<\/p>\n\n\n\n<h3 class=\"wp-block-heading\">Utilisations et avantages du lipofilling<\/h3>\n\n\n\n<h4 class=\"wp-block-heading\">Transfert de graisse au visage<\/h4>\n\n\n\n<p>La greffe de <a href=\"https:\/\/www.turkaesthetic.com\/fr\/surgeries-fr\/facial-fat-grafting\/\" target=\"_blank\" data-type=\"post\" data-id=\"52327\" rel=\"noreferrer noopener\">graisse au visage<\/a>, ou injection de graisse, vise \u00e0 raffermir et \u00e0 tonifier le visage, notamment au niveau des joues. Cette intervention permet d&rsquo;agrandir la m\u00e2choire inf\u00e9rieure et de lui donner une forme plus large, et peut \u00e9galement donner aux l\u00e8vres un aspect plus pulpeux et plus attrayant.<\/p>\n\n\n\n<h4 class=\"wp-block-heading\">Transfert de graisse aux fesses<\/h4>\n\n\n\n<p>Le lifting des fesses est une option id\u00e9ale pour les personnes souhaitant un changement plus marqu\u00e9 de l&rsquo;apparence de leurs fesses, notamment les femmes aux fesses plates qui souhaitent une silhouette plus f\u00e9minine et plus attrayante. L&rsquo;une des m\u00e9thodes les plus courantes pour y parvenir est le lipofilling, qui consiste \u00e0 pr\u00e9lever de la graisse d&rsquo;une zone du corps puis \u00e0 l&rsquo;injecter dans les fesses.<\/p>\n\n\n\n<h4 class=\"wp-block-heading\">Transfert de graisse pour l&rsquo;agrandissement du p\u00e9nis<\/h4>\n\n\n\n<p>L&rsquo;<a href=\"https:\/\/www.turkaesthetic.com\/fr\/penis-enlargement\/\" target=\"_blank\" data-type=\"page\" data-id=\"15895\" rel=\"noreferrer noopener\">agrandissement du p\u00e9nis <\/a>peut \u00eatre obtenu par lipofilling, qui consiste \u00e0 retirer l&rsquo;exc\u00e8s de graisse au-dessus du pubis (graisse pouvant affecter la longueur per\u00e7ue du p\u00e9nis). Si la graisse au-dessus du pubis est insuffisante, on peut \u00e9galement pr\u00e9lever de la graisse ailleurs. Cette graisse r\u00e9colt\u00e9e est ensuite inject\u00e9e dans le p\u00e9nis pour augmenter son \u00e9paisseur et sa largeur.<\/p>\n\n\n\n<figure class=\"wp-block-image size-full\"><img loading=\"lazy\" decoding=\"async\" width=\"800\" height=\"600\" src=\"http:\/\/turkaesthetic.com\/wp-content\/uploads\/2021\/12\/penis-enlargement-5.webp\" alt=\"chirurgie d'agrandissement du p\u00e9nis en Turquie\" class=\"wp-image-14240\"\/><figcaption class=\"wp-element-caption\">chirurgie d&rsquo;agrandissement du p\u00e9nis en Turquie<\/figcaption><\/figure>\n\n\n\n<h3 class=\"wp-block-heading\">\u00c9tapes du processus de lipofilling en Turquie<\/h3>\n\n\n<div id=\"rank-math-howto\" class=\"rank-math-block\" >\n<div class=\"rank-math-howto-description\">\n\n<p>Le processus de transfert des graisses passe par trois \u00e9tapes, comme d\u2019autres op\u00e9rations :<\/p>\n\n<\/div>\n<p class=\"rank-math-howto-duration\"><strong>Temps total\u00a0:<\/strong> <span>2 heures<\/span><\/p>\n<div class=\"rank-math-steps \">\n<div id=\"howto-step-1677050920585\" class=\"rank-math-step\">\n<h3 class=\"rank-math-step-title \"><strong>Avant l\u2019op\u00e9ration<\/strong><\/h3>\n<div class=\"rank-math-step-content \"><img loading=\"lazy\" decoding=\"async\" width=\"1024\" height=\"576\" src=\"https:\/\/www.turkaesthetic.com\/wp-content\/uploads\/2022\/01\/fat-transfer-1.webp\" class=\"attachment-full size-full\" alt=\"Lipofilling en Turquie\" srcset=\"https:\/\/www.turkaesthetic.com\/wp-content\/uploads\/2022\/01\/fat-transfer-1.webp 1024w, https:\/\/www.turkaesthetic.com\/wp-content\/uploads\/2022\/01\/fat-transfer-1-300x169.webp 300w, https:\/\/www.turkaesthetic.com\/wp-content\/uploads\/2022\/01\/fat-transfer-1-768x432.webp 768w\" sizes=\"auto, (max-width: 1024px) 100vw, 1024px\" \/><p>Avant le transfert de graisse, il est essentiel d&rsquo;informer le m\u00e9decin de toute maladie chronique, de tout traitement m\u00e9dicamenteux et de toute intervention chirurgicale ant\u00e9rieure. Il est crucial de fournir des informations m\u00e9dicales compl\u00e8tes. Voici quelques \u00e9tapes essentielles \u00e0 suivre\u00a0:<br \/>\u2013 Discuter avec le m\u00e9decin de l&rsquo;objectif de l&rsquo;intervention et des r\u00e9sultats escompt\u00e9s.<br \/>\u2013 \u00c9viter de manger et de boire au moins six heures avant l&rsquo;op\u00e9ration en raison de l&rsquo;anesth\u00e9sie g\u00e9n\u00e9rale.<br \/>\u2013 Informer le m\u00e9decin de tout m\u00e9dicament que vous prenez r\u00e9guli\u00e8rement.<br \/>\u2013 S&rsquo;abstenir de consommer de l&rsquo;alcool et de fumer au moins une semaine avant l&rsquo;op\u00e9ration.<br \/>\u2013 Consulter le m\u00e9decin pour savoir si vous pouvez arr\u00eater les anticoagulants, comme l&rsquo;aspirine.<br \/>\u2013 Porter des v\u00eatements confortables le jour de l&rsquo;intervention.<\/p>\n<\/div>\n<\/div>\n<div id=\"howto-step-1677050964472\" class=\"rank-math-step\">\n<h3 class=\"rank-math-step-title \"><strong>Pendant le fonctionnement<\/strong><\/h3>\n<div class=\"rank-math-step-content \"><p>de graisse se d\u00e9roule en trois \u00e9tapes principales\u00a0:<br \/>Liposuccion.<br \/>Purification de la graisse.<br \/>R\u00e9injection de graisse dans la zone trait\u00e9e.<br \/>Le m\u00e9decin identifie d&rsquo;abord la zone \u00e0 pr\u00e9lever, comme l&rsquo;abdomen, les fesses, les cuisses, le torse ou les mains, et d\u00e9termine la quantit\u00e9 de graisse n\u00e9cessaire en fonction de l&rsquo;objectif de l&rsquo;intervention. Lors de la liposuccion, le chirurgien utilise un \u00e9quipement sp\u00e9cialis\u00e9 pour aspirer les cellules graisseuses du corps tout en s&rsquo;assurant qu&rsquo;elles restent vivantes.<br \/>Ces cellules graisseuses sont ensuite purifi\u00e9es pour \u00e9liminer les impuret\u00e9s. Enfin, le chirurgien r\u00e9injecte la graisse purifi\u00e9e dans la zone \u00e0 traiter. Ces interventions sont r\u00e9alis\u00e9es avec la plus grande pr\u00e9cision afin de pr\u00e9server la qualit\u00e9 des cellules graisseuses et de minimiser les dommages.<\/p>\n<\/div>\n<\/div>\n<div id=\"howto-step-1677050987163\" class=\"rank-math-step\">\n<h3 class=\"rank-math-step-title \"><strong>Apr\u00e8s l\u2019op\u00e9ration<\/strong><\/h3>\n<div class=\"rank-math-step-content \"><p>Apr\u00e8s l&rsquo;op\u00e9ration, des bandages sont appliqu\u00e9s sur la zone affect\u00e9e et les m\u00e9decins recommandent le port d&rsquo;un corset serr\u00e9 pour comprimer les ecchymoses, r\u00e9duire l&rsquo;\u0153d\u00e8me et acc\u00e9l\u00e9rer la cicatrisation. Un petit tube absorbant peut \u00eatre plac\u00e9 temporairement sous la peau pour drainer le liquide accumul\u00e9. Le chirurgien donnera des instructions sp\u00e9cifiques, et le respect de ces consignes par le patient est essentiel pour une r\u00e9cup\u00e9ration optimale. Le patient devra rester hospitalis\u00e9 une nuit.<\/p>\n<\/div>\n<\/div>\n<\/div>\n<\/div>\n<p class=\"rank-math-howto-estimatedCost\"><strong>Co\u00fbt estim\u00e9\u00a0:<\/strong> <span>2200 Euro<\/span><\/p>\n\n\n\n\n\n<h4 class=\"wp-block-heading\">Transfert de graisse vers d&rsquo;autres zones du corps<\/h4>\n\n\n\n<p>Dans certains cas, la graisse peut \u00e9galement \u00eatre inject\u00e9e ailleurs. Par exemple, elle peut \u00eatre utilis\u00e9e pour am\u00e9liorer l&rsquo;apparence des cicatrices sur les mains, les pieds ou d&rsquo;autres parties du corps, r\u00e9sultant d&rsquo;accidents. De plus, le transfert de graisse peut contribuer \u00e0 att\u00e9nuer les rides profondes au niveau du cou, des mains ou de la poitrine, mais cette pratique doit \u00eatre pratiqu\u00e9e avec prudence et mod\u00e9ration.<\/p>\n\n\n\n<h4 class=\"wp-block-heading\">Avant et apr\u00e8s le transfert de graisse<\/h4>\n\n\n\n<p>Voici quelques photos avant et apr\u00e8s d&rsquo;une greffe de graisse r\u00e9alis\u00e9e chez Turk Aesthetic \u00e0 Istanbul.<\/p>\n\n\n\n<figure class=\"wp-block-gallery has-nested-images columns-default is-cropped wp-block-gallery-1 is-layout-flex wp-block-gallery-is-layout-flex\">\n<figure class=\"wp-block-image size-large\"><img loading=\"lazy\" decoding=\"async\" width=\"1200\" height=\"800\" data-id=\"50268\" src=\"https:\/\/www.turkaesthetic.com\/wp-content\/uploads\/2023\/12\/Fat-transfer-before-after-5.webp\" alt=\"avant apr\u00e8s transfert de graisse en Turquie\" class=\"wp-image-50268\"\/><figcaption class=\"wp-element-caption\">avant apr\u00e8s transfert de graisse en Turquie<\/figcaption><\/figure>\n\n\n\n<figure class=\"wp-block-image size-large\"><img loading=\"lazy\" decoding=\"async\" width=\"1200\" height=\"800\" data-id=\"45539\" src=\"https:\/\/www.turkaesthetic.com\/wp-content\/uploads\/2023\/11\/before-after-fat-transfer-1.jpg\" alt=\"avant apr\u00e8s transfert de graisse en Turquie\" class=\"wp-image-45539\"\/><figcaption class=\"wp-element-caption\">avant apr\u00e8s transfert de graisse en Turquie<\/figcaption><\/figure>\n\n\n\n<figure class=\"wp-block-image size-large\"><img loading=\"lazy\" decoding=\"async\" width=\"1200\" height=\"800\" data-id=\"45548\" src=\"https:\/\/www.turkaesthetic.com\/wp-content\/uploads\/2023\/11\/before-after-fat-transfer-2.jpg\" alt=\"avant apr\u00e8s transfert de graisse en Turquie\" class=\"wp-image-45548\"\/><figcaption class=\"wp-element-caption\">avant apr\u00e8s transfert de graisse en Turquie<\/figcaption><\/figure>\n<\/figure>\n\n\n\n<h3 class=\"wp-block-heading\">Conseils postop\u00e9ratoires pour le transfert de graisse<\/h3>\n\n\n\n<p>Voici quelques points importants \u00e0 retenir apr\u00e8s l&rsquo;intervention&nbsp;:<\/p>\n\n\n\n<ul class=\"wp-block-list\">\n<li>Assurez-vous de bien vous reposer et de prendre tous les m\u00e9dicaments, y compris les analg\u00e9siques et les anti-inflammatoires, prescrits par votre m\u00e9decin afin de minimiser les complications et de soulager la douleur.<\/li>\n\n\n\n<li>Essayez de r\u00e9duire ou d&rsquo;\u00e9viter de fumer et d&rsquo;arr\u00eater tout m\u00e9dicament anticoagulant.<\/li>\n\n\n\n<li>Buvez beaucoup de liquides, ce qui favorise la r\u00e9cup\u00e9ration et une meilleure cicatrisation.<\/li>\n\n\n\n<li>Assurez-vous de bien dormir apr\u00e8s l&rsquo;intervention. Allongez-vous dans la position indiqu\u00e9e par votre m\u00e9decin, en fonction de la zone op\u00e9r\u00e9e.<\/li>\n\n\n\n<li>Suivez scrupuleusement les instructions de soins des plaies pour favoriser la cicatrisation.<\/li>\n\n\n\n<li>Engagez-vous \u00e0 porter le corset fourni par votre m\u00e9decin pendant la dur\u00e9e indiqu\u00e9e.<\/li>\n<\/ul>\n\n\n\n<h4 class=\"wp-block-heading\">Avantages et inconv\u00e9nients<\/h4>\n\n\n\n<p><strong>Inconv\u00e9nients<\/strong><\/p>\n\n\n\n<p>Apr\u00e8s l&rsquo;intervention, des complications peuvent survenir, notamment en fonction de l&rsquo;exp\u00e9rience du chirurgien et du respect des consignes postop\u00e9ratoires par le patient. Dans de rares cas, une asym\u00e9trie peut appara\u00eetre au niveau des zones trait\u00e9es.<\/p>\n\n\n\n<p><strong>Avantages<\/strong><\/p>\n\n\n\n<p>Si l&rsquo;intervention est r\u00e9ussie, les patients retrouvent souvent confiance en eux gr\u00e2ce \u00e0 une apparence plus jeune et plus attrayante. De plus, elle peut aider \u00e0 \u00e9liminer l&rsquo;exc\u00e8s de graisse ind\u00e9sirable dans certaines zones du corps.<\/p>\n\n\n\n<p><strong>Effets secondaires possibles<\/strong><\/p>\n\n\n\n<p>Vous pouvez ressentir les effets secondaires suivants&nbsp;:<\/p>\n\n\n\n<ul class=\"wp-block-list\">\n<li>Gonflement et ecchymoses cutan\u00e9es.<\/li>\n\n\n\n<li>L\u00e9g\u00e8res d\u00e9mangeaisons au niveau de la suture chirurgicale.<\/li>\n\n\n\n<li>G\u00eane pendant la premi\u00e8re semaine.<\/li>\n\n\n\n<li>Engourdissement l\u00e9ger et temporaire dans certaines zones.<\/li>\n\n\n\n<li>Rougeurs ou d\u00e9coloration bleut\u00e9e temporaires au niveau des zones de transfert.<\/li>\n\n\n\n<li>Veuillez contacter votre professionnel de sant\u00e9 pour toute question concernant votre convalescence.<\/li>\n<\/ul>\n\n\n\n<h3 class=\"wp-block-heading\">Chirurgie de transfert de graisse en Turquie, Istanbul<\/h3>\n\n\n\n<p>La Turquie, et plus particuli\u00e8rement Istanbul, est une destination pris\u00e9e des touristes en qu\u00eate de soins m\u00e9dicaux et de tourisme en raison de ses nombreux avantages. Parmi ceux-ci, on compte un large \u00e9ventail d&rsquo;options, l&rsquo;expertise des m\u00e9decins, des services de haute qualit\u00e9 et des prix raisonnables. La chirurgie esth\u00e9tique en Turquie est l&rsquo;une des options les plus pris\u00e9es, avec des co\u00fbts g\u00e9n\u00e9ralement compris entre 2&nbsp;000 et 2&nbsp;500 \u20ac selon la clinique et le cas.<\/p>\n\n\n\n<h4 class=\"wp-block-heading\">Co\u00fbt d&rsquo;une intervention de transfert de graisse en Turquie, Istanbul<\/h4>\n\n\n\n<p>Le co\u00fbt d&rsquo;une intervention de transfert de graisse en Turquie varie selon la r\u00e9gion et d\u00e9pend de plusieurs facteurs&nbsp;:<\/p>\n\n\n\n<p>La r\u00e9putation de la clinique ou de l&rsquo;h\u00f4pital&nbsp;;<br>L&rsquo;exp\u00e9rience du m\u00e9decin&nbsp;;<br>La zone du corps trait\u00e9e&nbsp;;<br>Les services suppl\u00e9mentaires propos\u00e9s par la clinique, certains \u00e9tablissements proposant des forfaits incluant le traitement, l&rsquo;h\u00e9bergement et le transport.<br>Chez Turk Aesthetic \u00e0 Istanbul, le co\u00fbt d&rsquo;une intervention de transfert de graisse est de 2&nbsp;200 \u20ac.<\/p>\n\n\n\n<p>Vous pouvez contacter l&rsquo;\u00e9quipe Turk Aesthetic via leur page de contact pour toute demande de forfait comprenant l&rsquo;h\u00e9bergement et le transport.t l\u2019h\u00e9bergement et le transport, vous pouvez contacter l\u2019\u00e9quipe de Turk Aesthetic via la page de contact.<\/p>\n\n\n\n<h2 class=\"wp-block-heading\">FAQ &#8211; lipofilling en Turquie Istanbul<\/h2>\n\n\n<div id=\"rank-math-faq\" class=\"rank-math-block\">\n<div class=\"rank-math-list \">\n<div id=\"faq-question-1677051302039\" class=\"rank-math-list-item\">\n<h3 class=\"rank-math-question \"><strong>Combien de temps dure une intervention de transfert de graisse\u00a0?<\/strong><\/h3>\n<div class=\"rank-math-answer \">\n\n<p>L&rsquo;intervention dure g\u00e9n\u00e9ralement entre 2 et 3 heures, selon le cas.<\/p>\n\n<\/div>\n<\/div>\n<div id=\"faq-question-1742906947795\" class=\"rank-math-list-item\">\n<h3 class=\"rank-math-question \">Quand verrai-je les r\u00e9sultats\u00a0?<\/h3>\n<div class=\"rank-math-answer \">\n\n<p>Les r\u00e9sultats sont visibles imm\u00e9diatement apr\u00e8s l&rsquo;intervention, mais ils s&rsquo;accentueront \u00e0 mesure que les effets chirurgicaux s&rsquo;estompent.<\/p>\n\n<\/div>\n<\/div>\n<div id=\"faq-question-1742906953876\" class=\"rank-math-list-item\">\n<h3 class=\"rank-math-question \">Quel est le taux de r\u00e9ussite d&rsquo;une intervention de transfert de graisse\u00a0?<\/h3>\n<div class=\"rank-math-answer \">\n\n<p>Le taux de r\u00e9ussite de cette intervention est \u00e9lev\u00e9 par rapport \u00e0 d&rsquo;autres.<\/p>\n\n<\/div>\n<\/div>\n<div id=\"faq-question-1742906959892\" class=\"rank-math-list-item\">\n<h3 class=\"rank-math-question \">Quel type d&rsquo;anesth\u00e9sie est utilis\u00e9 lors d&rsquo;une intervention de transfert de graisse\u00a0?<\/h3>\n<div class=\"rank-math-answer \">\n\n<p>La transplantation de graisse est r\u00e9alis\u00e9e sous anesth\u00e9sie g\u00e9n\u00e9rale.<\/p>\n\n<\/div>\n<\/div>\n<div id=\"faq-question-1742906966308\" class=\"rank-math-list-item\">\n<h3 class=\"rank-math-question \">Quel est le co\u00fbt d&rsquo;une intervention de transfert de graisse en Turquie\u00a0?<\/h3>\n<div class=\"rank-math-answer \">\n\n<p>Le co\u00fbt chez Turk Aesthetic Istanbul varie selon les sp\u00e9cificit\u00e9s de l&rsquo;intervention, \u00e0 partir de 2\u00a0500\u00a0\u20ac.<\/p>\n\n<\/div>\n<\/div>\n<div id=\"faq-question-1742906989683\" class=\"rank-math-list-item\">\n<h3 class=\"rank-math-question \">Quelle est la p\u00e9riode de r\u00e9cup\u00e9ration apr\u00e8s une injection de graisse\u00a0?<\/h3>\n<div class=\"rank-math-answer \">\n\n<p>En g\u00e9n\u00e9ral, une p\u00e9riode de r\u00e9cup\u00e9ration d&rsquo;environ une semaine est suffisante apr\u00e8s une intervention de transfert de graisse.<\/p>\n\n<\/div>\n<\/div>\n<div id=\"faq-question-1742906993313\" class=\"rank-math-list-item\">\n<h3 class=\"rank-math-question \">Les r\u00e9sultats d&rsquo;une intervention de transfert de graisse sont-ils permanents\u00a0?<\/h3>\n<div class=\"rank-math-answer \">\n\n<p>Oui, les r\u00e9sultats d&rsquo;une intervention de transfert de graisse sont consid\u00e9r\u00e9s comme une solution \u00e0 long terme. Les effets durent g\u00e9n\u00e9ralement entre 5 et 10\u00a0ans.<\/p>\n\n<\/div>\n<\/div>\n<div id=\"faq-question-1742907000211\" class=\"rank-math-list-item\">\n<h3 class=\"rank-math-question \">Le r\u00e9gime alimentaire affecte-t-il les r\u00e9sultats\u00a0?<\/h3>\n<div class=\"rank-math-answer \">\n\n<p>Oui, il est recommand\u00e9 de suivre un r\u00e9gime riche en glucides apr\u00e8s l\u2019intervention pour garantir que les r\u00e9sultats ne soient pas affect\u00e9s n\u00e9gativement par une nutrition inad\u00e9quate.<\/p>\n\n<\/div>\n<\/div>\n<\/div>\n<\/div>\n\n\n<p>Enfin, vous pouvez nous <a href=\"http:\/\/turkaesthetic.com\/fr\/contact-us\/\" data-type=\"page\" data-id=\"15940\" target=\"_blank\" rel=\"noreferrer noopener\"><strong>contacter<\/strong><\/a> directement via le lien pour demander des informations et des prix \u00e0 <a href=\"https:\/\/www.youtube.com\/channel\/UC0zggzdm5CFwpRMmn_CPpFQ\" data-type=\"URL\" data-id=\"https:\/\/www.youtube.com\/channel\/UC0zggzdm5CFwpRMmn_CPpFQ\" target=\"_blank\" rel=\"noreferrer noopener\"><strong>Turk Aesthetic<\/strong><\/a> Istanbul Turquie.<\/p>\n\n\n\n<p><\/p>\n","protected":false},"excerpt":{"rendered":"<p>Le transfert de graisse est une intervention de chirurgie plastique qui consiste \u00e0 pr\u00e9lever de la graisse des zones du corps o\u00f9 elle n&rsquo;est pas souhait\u00e9e et \u00e0 la r\u00e9injecter ailleurs \u00e0 diverses fins, comme le raffermissement de la peau et l&rsquo;att\u00e9nuation des rides et cicatrices profondes. Le transfert de graisse peut \u00e9galement \u00eatre effectu\u00e9 [&hellip;]<\/p>\n","protected":false},"author":1,"featured_media":15091,"parent":0,"menu_order":0,"comment_status":"closed","ping_status":"closed","template":"","meta":{"footnotes":""},"dep":[1354],"class_list":["post-15100","page","type-page","status-publish","has-post-thumbnail","hentry","dep-plastic-surgeries"],"_links":{"self":[{"href":"https:\/\/www.turkaesthetic.com\/fr\/wp-json\/wp\/v2\/pages\/15100","targetHints":{"allow":["GET"]}}],"collection":[{"href":"https:\/\/www.turkaesthetic.com\/fr\/wp-json\/wp\/v2\/pages"}],"about":[{"href":"https:\/\/www.turkaesthetic.com\/fr\/wp-json\/wp\/v2\/types\/page"}],"author":[{"embeddable":true,"href":"https:\/\/www.turkaesthetic.com\/fr\/wp-json\/wp\/v2\/users\/1"}],"replies":[{"embeddable":true,"href":"https:\/\/www.turkaesthetic.com\/fr\/wp-json\/wp\/v2\/comments?post=15100"}],"version-history":[{"count":0,"href":"https:\/\/www.turkaesthetic.com\/fr\/wp-json\/wp\/v2\/pages\/15100\/revisions"}],"wp:featuredmedia":[{"embeddable":true,"href":"https:\/\/www.turkaesthetic.com\/fr\/wp-json\/wp\/v2\/media\/15091"}],"wp:attachment":[{"href":"https:\/\/www.turkaesthetic.com\/fr\/wp-json\/wp\/v2\/media?parent=15100"}],"wp:term":[{"taxonomy":"dep","embeddable":true,"href":"https:\/\/www.turkaesthetic.com\/fr\/wp-json\/wp\/v2\/dep?post=15100"}],"curies":[{"name":"wp","href":"https:\/\/api.w.org\/{rel}","templated":true}]}}