{"id":14964,"date":"2022-01-21T13:21:57","date_gmt":"2022-01-21T10:21:57","guid":{"rendered":"http:\/\/turkaesthetic.com\/skincare\/"},"modified":"2024-04-24T00:42:14","modified_gmt":"2024-04-23T21:42:14","slug":"skincare","status":"publish","type":"page","link":"https:\/\/www.turkaesthetic.com\/fr\/skincare\/","title":{"rendered":"Soins de Visage"},"content":{"rendered":"\n<p><strong>Soins de visage en Turquie Istanbul<\/strong> sont une proc\u00e9dure simple qui am\u00e9liore et rajeunit le peau. Tout le monde a des types de peau diff\u00e9rents, certains types de peau \u00e9tant secs et d\u2019autres gras. Au cours de la vie et \u00e0 la suite de nombreux facteurs tels que le changement \u00e9vident et rapide de l\u2019apparence de notre peau, visage perd sa fra\u00eecheur et des facteurs irritants tels que l\u2019acn\u00e9 et les points noirs apparaissent.<\/p>\n\n\n\n<p>D\u2019autres facteurs tels que le tabagisme, les dommages cutan\u00e9s, l\u2019exposition au soleil ou des conditions m\u00e9t\u00e9orologiques d\u00e9favorables affectent \u00e9galement la sant\u00e9 de visage.<\/p>\n\n\n\n<p>Le facteur le plus important \u00e0 consid\u00e9rer dans cette proc\u00e9dure&nbsp;est le type de peau. Les probl\u00e8mes peuvent \u00eatre \u00e9limin\u00e9s et la vitalit\u00e9 ajout\u00e9e suite \u00e0 une s\u00e9ance de soins de peau. Voici quelques informations rapides:<\/p>\n\n\n\n<figure class=\"wp-block-table\"><table><tbody><tr><td>Anesth\u00e9sie&nbsp;<\/td><td>Pas besoin&nbsp;<\/td><\/tr><tr><td>Dur\u00e9e du processus<\/td><td>1 heure<\/td><\/tr><tr><td>Objectif de la session&nbsp;<\/td><td>Purifiez visage des points noirs, de l\u2019acn\u00e9 et des cellules mortes et donnez \u00e0 visage un aspect lumineux et vibrant.<\/td><\/tr><tr><td>R\u00e9sultats<\/td><td>Imm\u00e9diat &#8211; Dur\u00e9e de 30 \u00e0 45 jours<\/td><\/tr><tr><td>Num\u00e9ro de session<\/td><td>Selon chaque cas<\/td><\/tr><tr><td>Co\u00fbt en turc Esth\u00e9tique<\/td><td>90 EUR<\/td><\/tr><\/tbody><\/table><figcaption class=\"wp-element-caption\"><strong>Soins de Visage en Turquie<\/strong><\/figcaption><\/figure>\n\n\n\n<h2 class=\"wp-block-heading\">Comment se d\u00e9roule la s\u00e9ance ?<\/h2>\n\n\n\n<p>Les soins sont effectu\u00e9s par un chirurgien plasticien ou un cosm\u00e9tologue. La s\u00e9ance commence par le choix des bons mat\u00e9riaux pour votre type de peau et votre forme. Ensuite, ces composants sont appliqu\u00e9s avec un bain de vapeur doux et des masques faciaux.<\/p>\n\n\n\n<p>Des techniques telles que Dermapen, <a href=\"http:\/\/turkaesthetic.com\/fr\/non-surgical-fr\/dermabrasion-in-turkey\/\" data-type=\"post\" data-id=\"26474\" target=\"_blank\" rel=\"noreferrer noopener\"><strong>Dermabrasion<\/strong><\/a>, PRP (<a href=\"http:\/\/turkaesthetic.com\/fr\/prp\/\" data-type=\"page\" data-id=\"15325\" target=\"_blank\" rel=\"noreferrer noopener\"><strong>Plasma<\/strong><\/a>), <strong><a href=\"http:\/\/turkaesthetic.com\/fr\/non-surgical-fr\/hydrafacial-in-turkey\/\" target=\"_blank\" data-type=\"post\" data-id=\"26467\" rel=\"noreferrer noopener\">Hydrafacial<\/a><\/strong> et Peeling peuvent \u00eatre utilis\u00e9es en conjonction avec les soins personnels de visage. Enfin, un massage doux du visage est appliqu\u00e9 \u00e0 l\u2019aide de quelques huiles sp\u00e9ciales qui aident visage \u00e0 se d\u00e9tendre.<\/p>\n\n\n\n<h3 class=\"wp-block-heading\">Vid\u00e9o de la s\u00e9ance de soins de visage en Turquie<\/h3>\n\n\n\n<p>Vous pouvez regarder la vid\u00e9o qui montre comment faire une s\u00e9ance de soins de visage en Turquie Istanbul.<\/p>\n\n\n\n<figure class=\"wp-block-embed is-type-video is-provider-youtube wp-block-embed-youtube wp-embed-aspect-16-9 wp-has-aspect-ratio\"><div class=\"wp-block-embed__wrapper\">\n<iframe loading=\"lazy\" title=\"Skin Care in Turkey (45) Minutes - Turk Aesthetic\" width=\"800\" height=\"450\" src=\"https:\/\/www.youtube.com\/embed\/BkRAs41IWgw?feature=oembed\" frameborder=\"0\" allow=\"accelerometer; autoplay; clipboard-write; encrypted-media; gyroscope; picture-in-picture; web-share\" allowfullscreen><\/iframe>\n<\/div><figcaption class=\"wp-element-caption\"><strong>Soins de Visage en Turquie<\/strong><\/figcaption><\/figure>\n\n\n\n<h3 class=\"wp-block-heading\">Le m\u00e9decin qui fait une s\u00e9ance de soins de visage en Turquie<\/h3>\n\n\n\n<p>Les soins de visage sont un processus cosm\u00e9tique effectu\u00e9 par un m\u00e9decin cosm\u00e9tique suffisamment exp\u00e9riment\u00e9 ou une esth\u00e9ticienne form\u00e9e dans un centre de confiance, un environnement clinique hautement st\u00e9rile et un m\u00e9decin hautement qualifi\u00e9 sont tous pris en compte lors du choix d\u2019un centre m\u00e9dical.<\/p>\n\n\n\n<p>Un co\u00fbt \u00e9lev\u00e9 peut parfois refl\u00e9ter la grande efficacit\u00e9 et la fiabilit\u00e9 du centre, il est donc pr\u00e9f\u00e9rable de ne pas discuter ou n\u00e9gocier le co\u00fbt.<\/p>\n\n\n\n<h3 class=\"wp-block-heading\">Techniques de soins de visage en Turquie<\/h3>\n\n\n\n<p>En plus des mat\u00e9riaux utilis\u00e9s dans les soins de visage en Turquie, de nombreuses techniques diff\u00e9rentes peuvent \u00eatre utilis\u00e9es. Ci-dessous, nous parlerons des techniques utilis\u00e9es:<\/p>\n\n\n\n<h4 class=\"wp-block-heading\">Dermapen<\/h4>\n\n\n\n<p>C\u2019est une proc\u00e9dure pour stimuler la surface de visage avec un stylo sp\u00e9cial \u00e0 travers de fines aiguilles. Aide \u00e0 \u00e9liminer les formations telles que les taches claires, les rides et les cicatrices d\u2019acn\u00e9. La proc\u00e9dure ajoute de la vitalit\u00e9 et de la fra\u00eecheur \u00e0 visage et aide \u00e0 la resserrer.<\/p>\n\n\n\n<p>La dur\u00e9e de la proc\u00e9dure prend en moyenne 20-30 minutes. Une cr\u00e8me anesth\u00e9siante locale peut \u00eatre appliqu\u00e9e avant la proc\u00e9dure pour r\u00e9duire la sensation d\u2019une piq\u00fbre d\u2019aiguille.<\/p>\n\n\n\n<figure class=\"wp-block-image size-full\"><img loading=\"lazy\" decoding=\"async\" width=\"1024\" height=\"724\" src=\"http:\/\/turkaesthetic.com\/wp-content\/uploads\/2022\/01\/skincare-Dermapen.webp\" alt=\"Soin m\u00e9dical de la peau en Turquie\" class=\"wp-image-15165\" srcset=\"https:\/\/www.turkaesthetic.com\/wp-content\/uploads\/2022\/01\/skincare-Dermapen.webp 1024w, https:\/\/www.turkaesthetic.com\/wp-content\/uploads\/2022\/01\/skincare-Dermapen-300x212.webp 300w, https:\/\/www.turkaesthetic.com\/wp-content\/uploads\/2022\/01\/skincare-Dermapen-768x543.webp 768w\" sizes=\"auto, (max-width: 1024px) 100vw, 1024px\" \/><figcaption class=\"wp-element-caption\">Soins de Visage en Turquie<\/figcaption><\/figure>\n\n\n\n<h4 class=\"wp-block-heading\">Dermabrasion&nbsp;<\/h4>\n\n\n\n<p>C\u2019est une proc\u00e9dure pour peler la surface de visage. Il peut \u00eatre appliqu\u00e9 avec une s\u00e9ance de soins de visage en Turquie pour \u00e9liminer les cicatrices, l\u2019acn\u00e9, les rides l\u00e9g\u00e8res et les fosses sur visage. De nouveaux tissus et cellules remplacent visage exfoli\u00e9e, ce qui donne une nouvelle peau brillante et sans taches. \u00c9tant donn\u00e9 que la surface de visage est peeling, une cr\u00e8me anesth\u00e9sique locale peut \u00eatre utilis\u00e9e avant la proc\u00e9dure afin que la personne ne ressente aucun inconfort.<\/p>\n\n\n\n<p>Cela peut prendre 7-10 jours pour que visage apr\u00e8s une s\u00e9ance de grossesse dermique gu\u00e9risse compl\u00e8tement. La dur\u00e9e de la proc\u00e9dure est de 30 \u00e0 40 minutes et le nombre de s\u00e9ances peut varier en fonction du type de peau et de l\u2019\u00e9tat.<\/p>\n\n\n\n<h4 class=\"wp-block-heading\">Plasma (PRP)<\/h4>\n\n\n\n<p>Lorsque le plasma est appliqu\u00e9 sur le visage lors d\u2019une s\u00e9ance de soins de visage, la s\u00e9ance donne d\u2019excellents r\u00e9sultats car le plasma r\u00e9g\u00e9n\u00e8re les cellules et stimule le collag\u00e8ne. Il est pr\u00e9f\u00e9rable de r\u00e9p\u00e9ter cette proc\u00e9dure pour obtenir des r\u00e9sultats plus permanents car une s\u00e9ance ne suffit pas pour obtenir un r\u00e9sultat id\u00e9al.<\/p>\n\n\n\n<h4 class=\"wp-block-heading\">Hydra facial<\/h4>\n\n\n\n<p>Une technique qui combine les nombreux avantages des cristaux et des peelings chimiques en m\u00eame temps. C\u2019est une alternative non chirurgicale \u00e0 un traitement efficace qui ne d\u00e9passe pas une demi-heure, sans l\u2019utilisation d\u2019antioxydants, avec des r\u00e9sultats surprenants pour rajeunir et hydrater visage, sans complications ni risques. Gr\u00e2ce aux t\u00eates d\u2019aspirateur, il nettoie les points noirs et l\u2019acn\u00e9. Il comprend plusieurs m\u00e9thodes telles que l\u2019administration de s\u00e9rum sous visage, le resserrement de visage gr\u00e2ce \u00e0 la lumi\u00e8re LED rouge, l\u2019exfoliation des peaux mortes et le teint de visage.<\/p>\n\n\n\n<figure class=\"wp-block-image size-full\"><img loading=\"lazy\" decoding=\"async\" width=\"1024\" height=\"768\" src=\"http:\/\/turkaesthetic.com\/wp-content\/uploads\/2022\/01\/during-skincare.webp\" alt=\"Soin m\u00e9dical de la peau en Turquie\" class=\"wp-image-15137\" srcset=\"https:\/\/www.turkaesthetic.com\/wp-content\/uploads\/2022\/01\/during-skincare.webp 1024w, https:\/\/www.turkaesthetic.com\/wp-content\/uploads\/2022\/01\/during-skincare-300x225.webp 300w, https:\/\/www.turkaesthetic.com\/wp-content\/uploads\/2022\/01\/during-skincare-768x576.webp 768w\" sizes=\"auto, (max-width: 1024px) 100vw, 1024px\" \/><figcaption class=\"wp-element-caption\">Soin m\u00e9dical de la peau en Turquie<\/figcaption><\/figure>\n\n\n\n<h4 class=\"wp-block-heading\">\u00c9plucher \u00c0 Ultrasons&nbsp;<\/h4>\n\n\n\n<p>L\u2019exfoliation est un moyen de purifier visage des cellules qui ont perdu sa vitalit\u00e9. De cette fa\u00e7on, visage retrouve son ancienne vitalit\u00e9 et sa fra\u00eecheur. Il existe diff\u00e9rents types de peeling, tels que les produits chimiques et le carbone.<\/p>\n\n\n\n<p>Les peelings chimiques \u00e9liminent les cellules mortes qui ont perdu leur vitalit\u00e9 dans visage \u00e0 cause de certains produits chimiques. Quant au peeling au charbon, il agit pour purifier visage \u00e0 l\u2019aide de charbon actif. L\u2019une des m\u00e9thodes de peeling peut \u00eatre utilis\u00e9e en fonction du type de peau et de la recommandation du m\u00e9decin.<\/p>\n\n\n\n<figure class=\"wp-block-image size-full\"><img loading=\"lazy\" decoding=\"async\" width=\"1024\" height=\"683\" src=\"http:\/\/turkaesthetic.com\/wp-content\/uploads\/2022\/01\/carbon-facial-peeling.webp\" alt=\"Soin m\u00e9dical de la peau en Turquie\" class=\"wp-image-14965\" srcset=\"https:\/\/www.turkaesthetic.com\/wp-content\/uploads\/2022\/01\/carbon-facial-peeling.webp 1024w, https:\/\/www.turkaesthetic.com\/wp-content\/uploads\/2022\/01\/carbon-facial-peeling-300x200.webp 300w, https:\/\/www.turkaesthetic.com\/wp-content\/uploads\/2022\/01\/carbon-facial-peeling-768x512.webp 768w\" sizes=\"auto, (max-width: 1024px) 100vw, 1024px\" \/><figcaption class=\"wp-element-caption\">Soin m\u00e9dical de la peau en Turquie<\/figcaption><\/figure>\n\n\n\n<h4 class=\"wp-block-heading\">Masques de soins de visage<\/h4>\n\n\n\n<p>Apr\u00e8s avoir s\u00e9lectionn\u00e9 les produits utilis\u00e9es appropri\u00e9s pour votre type de peau, l\u2019une des techniques ci-dessus est appliqu\u00e9e si n\u00e9cessaire. Apr\u00e8s avoir termin\u00e9 toutes les proc\u00e9dures, les masques sont utilis\u00e9s pour maintenir l\u2019\u00e9quilibre et l\u2019humidit\u00e9 de visage et donner \u00e0 visage un \u00e9clat.<\/p>\n\n\n\n<figure class=\"wp-block-image size-full\"><img loading=\"lazy\" decoding=\"async\" width=\"1024\" height=\"681\" src=\"http:\/\/turkaesthetic.com\/wp-content\/uploads\/2022\/01\/skincare-mask-.webp\" alt=\"Soin m\u00e9dical de la peau en Turquie\" class=\"wp-image-15170\" srcset=\"https:\/\/www.turkaesthetic.com\/wp-content\/uploads\/2022\/01\/skincare-mask-.webp 1024w, https:\/\/www.turkaesthetic.com\/wp-content\/uploads\/2022\/01\/skincare-mask--300x200.webp 300w, https:\/\/www.turkaesthetic.com\/wp-content\/uploads\/2022\/01\/skincare-mask--768x511.webp 768w\" sizes=\"auto, (max-width: 1024px) 100vw, 1024px\" \/><figcaption class=\"wp-element-caption\">Soin m\u00e9dical de la peau en Turquie<\/figcaption><\/figure>\n\n\n\n<h2 class=\"wp-block-heading\">\u00c9tapes de la s\u00e9ance de soins de visage en Turquie<\/h2>\n\n\n<div id=\"rank-math-howto\" class=\"rank-math-block\" >\n<div class=\"rank-math-howto-description\">\n\n<p>Une s\u00e9ance de traitement pour toutes type de visages \u00e0 Istanbul, en Turquie, passe par trois \u00e9tapes :<\/p>\n\n<\/div>\n<p class=\"rank-math-howto-duration\"><strong>Temps total\u00a0:<\/strong> <span>45 minutes<\/span><\/p>\n<div class=\"rank-math-steps \">\n<div id=\"howto-step-1676670538421\" class=\"rank-math-step\">\n<h3 class=\"rank-math-step-title \"><strong>Avant la session<\/strong><\/h3>\n<div class=\"rank-math-step-content \"><p>Avant cette s\u00e9ance le but de la proc\u00e9dure est discut\u00e9 en fonction du type de peau, des probl\u00e8mes de peau, du nombre de s\u00e9ances \u00e0 effectuer et de l\u2019intervalle de temps entre chaque s\u00e9ance. Il est pr\u00e9f\u00e9rable de mener une s\u00e9ance de soins de visage avec plasma, dermapen ou peeling selon chaque cas. Une cr\u00e8me anesth\u00e9siante locale peut \u00eatre utilis\u00e9e avant la proc\u00e9dure si elle est faite Adopter l\u2019une des techniques accompagnant cette derni\u00e8re.<\/p>\n<\/div>\n<\/div>\n<div id=\"howto-step-1676670571269\" class=\"rank-math-step\">\n<h3 class=\"rank-math-step-title \"><strong>Pendant la session<\/strong><\/h3>\n<div class=\"rank-math-step-content \"><p>La s\u00e9ance commence par l\u2019\u00e9limination du maquillage et de la cr\u00e8me sur visage, et les taches noires, l\u2019acn\u00e9, les cicatrices et les fosses, le cas \u00e9ch\u00e9ant, sont \u00e9limin\u00e9es en utilisant les techniques que nous avons mentionn\u00e9es avec les soins de peaux. Enfin, les masques appropri\u00e9s sont utilis\u00e9s pour le type de peau. Enfin, le visage est mass\u00e9 avec des huiles sp\u00e9ciales.<\/p>\n<\/div>\n<\/div>\n<div id=\"howto-step-1676670589319\" class=\"rank-math-step\">\n<h3 class=\"rank-math-step-title \"><strong>Apr\u00e8s la session<\/strong><\/h3>\n<div class=\"rank-math-step-content \"><p>Une personne peut retourner \u00e0 sa vie normale imm\u00e9diatement avec l\u2019utilisation de cr\u00e8mes recommand\u00e9es par le sp\u00e9cialiste et en suivant les instructions d\u2019entretien pour des r\u00e9sultats plus efficaces et durables. Si des techniques telles que Dermapen ou le plasma cutan\u00e9 sont utilis\u00e9es, un \u00e9cran solaire doit \u00eatre utilis\u00e9.<\/p>\n<\/div>\n<\/div>\n<\/div>\n<\/div>\n<p class=\"rank-math-howto-estimatedCost\"><strong>Co\u00fbt estim\u00e9\u00a0:<\/strong> <span>90 EUR<\/span><\/p>\n\n\n\n\n\n<h2 class=\"wp-block-heading\">Avant et apr\u00e8s la s\u00e9ance de soins de visage<\/h2>\n\n\n\n<p>Ci-dessous, vous pouvez voir les photos avant et apr\u00e8s de nos patients qui ont subi des soins de visage.<\/p>\n\n\n\n<figure class=\"wp-block-gallery has-nested-images columns-default is-cropped wp-block-gallery-1 is-layout-flex wp-block-gallery-is-layout-flex\">\n<figure class=\"wp-block-image size-large\"><img loading=\"lazy\" decoding=\"async\" width=\"1200\" height=\"800\" data-id=\"46530\" src=\"http:\/\/turkaesthetic.com\/wp-content\/uploads\/2023\/11\/before-after-skin-care-1.jpg\" alt=\"avant apr\u00e8s soins de la peau en Turquie\" class=\"wp-image-46530\"\/><figcaption class=\"wp-element-caption\">avant apr\u00e8s soins de la peau en Turquie<\/figcaption><\/figure>\n\n\n\n<figure class=\"wp-block-image size-large\"><img loading=\"lazy\" decoding=\"async\" width=\"1200\" height=\"800\" data-id=\"46539\" src=\"http:\/\/turkaesthetic.com\/wp-content\/uploads\/2023\/11\/before-after-skin-care-2.jpg\" alt=\"avant apr\u00e8s soins de la peau en Turquie\" class=\"wp-image-46539\"\/><figcaption class=\"wp-element-caption\">avant apr\u00e8s soins de la peau en Turquie<\/figcaption><\/figure>\n\n\n\n<figure class=\"wp-block-image size-large\"><img loading=\"lazy\" decoding=\"async\" width=\"1200\" height=\"800\" data-id=\"46548\" src=\"http:\/\/turkaesthetic.com\/wp-content\/uploads\/2023\/11\/before-after-skin-care-3.jpg\" alt=\"avant apr\u00e8s soins de la peau en Turquie\" class=\"wp-image-46548\"\/><figcaption class=\"wp-element-caption\">avant apr\u00e8s soins de la peau en Turquie<\/figcaption><\/figure>\n\n\n\n<figure class=\"wp-block-image size-large\"><img loading=\"lazy\" decoding=\"async\" width=\"1200\" height=\"800\" data-id=\"46557\" src=\"http:\/\/turkaesthetic.com\/wp-content\/uploads\/2023\/11\/before-after-skin-care-4.jpg\" alt=\"avant apr\u00e8s soins de la peau en Turquie\" class=\"wp-image-46557\"\/><figcaption class=\"wp-element-caption\">avant apr\u00e8s soins de la peau en Turquie<\/figcaption><\/figure>\n<\/figure>\n\n\n\n<h3 class=\"wp-block-heading\">Instructions apr\u00e8s le traitement visage &nbsp;<\/h3>\n\n\n\n<ul class=\"wp-block-list\">\n<li>Respectez les instructions du m\u00e9decin<\/li>\n\n\n\n<li>Si du plasma, du dermapen ou de la dermabrasion est appliqu\u00e9, la zone ne doit pas \u00eatre lav\u00e9e avant le lendemain.<\/li>\n\n\n\n<li>N\u2019utilisez aucun produit chimique dans les premiers jours.<\/li>\n\n\n\n<li>Consultez votre m\u00e9decin si vous souhaitez prendre une proc\u00e9dure suppl\u00e9mentaire telle que des charges ou du botox.<\/li>\n\n\n\n<li>Si du plasma, du dermapen ou de la dermabrasion est appliqu\u00e9, aucun \u00e9cran solaire ne doit \u00eatre utilis\u00e9.<\/li>\n<\/ul>\n\n\n\n<h3 class=\"wp-block-heading\">Avantages &#8211; D\u00e9fauts<\/h3>\n\n\n\n<h4 class=\"wp-block-heading\">Avantages<\/h4>\n\n\n\n<p>Une fois la s\u00e9ance de soin et de nettoyage termin\u00e9e, une personne remarquera une am\u00e9lioration significative du teint, de la texture et de l\u2019\u00e9clat de peau. Il vous permet d\u2019avoir un visage vif et propre sans taches noires, acn\u00e9 et cellules mortes.<\/p>\n\n\n\n<h4 class=\"wp-block-heading\">D\u00e9fauts<\/h4>\n\n\n\n<p>Peut n\u00e9cessiter une nouvelle session au fil du temps en raison de facteurs personnels et environnementaux. Les soins de visage qui sont effectu\u00e9s par des non-experts dans des conditions non st\u00e9riles et qui n\u2019utilisent pas un bon \u00e9quipement peuvent avoir des effets n\u00e9gatifs sur les r\u00e9sultats.<\/p>\n\n\n\n<h4 class=\"wp-block-heading\">Effets secondaires<\/h4>\n\n\n\n<p>Dans de tr\u00e8s rares cas, il peut y avoir une allergie aux substances utilis\u00e9es dans les masques \u00e0 base de plantes et autres huiles organiques. S\u2019il existe des techniques utilis\u00e9es avec ce type de traitement, telles que le plasma cutan\u00e9 ou le peeling, il peut y avoir une l\u00e9g\u00e8re rougeur apr\u00e8s la s\u00e9ance.<\/p>\n\n\n\n<h3 class=\"wp-block-heading\">Soins de visage en Turquie Istanbul<\/h3>\n\n\n\n<p>La Turquie en g\u00e9n\u00e9ral, et Istanbul en particulier, est la destination de nombreux touristes qui visitent la Turquie pour le traitement et le tourisme en m\u00eame temps, en raison de ses nombreux avantages tels que l\u2019abondance des options, l\u2019expertise des m\u00e9decins et la qualit\u00e9 des soins de sant\u00e9. Les soins de peau en Turquie sont l\u2019une des options cosm\u00e9tiques les plus importantes disponibles, et son co\u00fbt varie entre 90 et 120 euros, en fonction de chaque centre et des d\u00e9tails de la session.<\/p>\n\n\n\n<h3 class=\"wp-block-heading\">Co\u00fbt de la s\u00e9ance de soins de visage en Turquie Istanbul<\/h3>\n\n\n\n<p>Le co\u00fbt des soins de visage en Turquie varie d\u2019un endroit \u00e0 l\u2019autre en fonction de certaines choses :<\/p>\n\n\n\n<ul class=\"wp-block-list\">\n<li>La r\u00e9putation du centre m\u00e9dical ou de l\u2019h\u00f4pital.<\/li>\n\n\n\n<li>Exp\u00e9rience du m\u00e9decin.<\/li>\n\n\n\n<li>D\u00e9tails de la proc\u00e9dure.<\/li>\n\n\n\n<li>Le centre offre des services suppl\u00e9mentaires, car certains centres offrent des forfaits qui comprennent le traitement, l\u2019h\u00e9bergement et le transport.<\/li>\n<\/ul>\n\n\n\n<p>Turk Aesthetic Istanbul &#8211; Le co\u00fbt d\u2019une s\u00e9ance de soins de visage en Turquie est de 90 euros<\/p>\n\n\n\n<p>Vous pouvez contacter l\u2019\u00e9quipe d\u2019esth\u00e9tique turque sur la page de contact pour demander des frais de forfait comprenant l\u2019h\u00e9bergement et le transport.<\/p>\n\n\n\n<h2 class=\"wp-block-heading\">FAQ &#8211; Soins de visage en Turquie<\/h2>\n\n\n<div id=\"rank-math-faq\" class=\"rank-math-block\">\n<div class=\"rank-math-list \">\n<div id=\"faq-question-1676670687579\" class=\"rank-math-list-item\">\n<h3 class=\"rank-math-question \">Quel est l\u2019\u00e2ge appropri\u00e9 pour les soins de visage ?<\/h3>\n<div class=\"rank-math-answer \">\n\n<p>Toute personne de plus de 20 ans.<\/p>\n\n<\/div>\n<\/div>\n<div id=\"faq-question-1676670699450\" class=\"rank-math-list-item\">\n<h3 class=\"rank-math-question \">Combien de temps dure une s\u00e9ance de soins de visage ?<\/h3>\n<div class=\"rank-math-answer \">\n\n<p>Cela prend environ 45-60 minutes, selon la technique \u00e0 utiliser.<\/p>\n\n<\/div>\n<\/div>\n<div id=\"faq-question-1676670706485\" class=\"rank-math-list-item\">\n<h3 class=\"rank-math-question \">Y aura-t-il de la douleur pendant la s\u00e9ance de soins de visage ?<\/h3>\n<div class=\"rank-math-answer \">\n\n<p>Il n\u2019y a pas de douleur.<\/p>\n\n<\/div>\n<\/div>\n<div id=\"faq-question-1676670718005\" class=\"rank-math-list-item\">\n<h3 class=\"rank-math-question \">Quels sont les avantages de ce type de traitement pour visage?<\/h3>\n<div class=\"rank-math-answer \">\n\n<p>Le but principal est de purifier visage des points noirs, de l\u2019acn\u00e9 et des cellules mortes et de donner \u00e0 visage un aspect lumineux et vibrant.<\/p>\n\n<\/div>\n<\/div>\n<div id=\"faq-question-1676670730825\" class=\"rank-math-list-item\">\n<h3 class=\"rank-math-question \">Quel est le co\u00fbt d\u2019une s\u00e9ance de soins de visage en Turquie?<\/h3>\n<div class=\"rank-math-answer \">\n\n<p>Le prix d\u2019une s\u00e9ance de soin avec T\u00fcrk Aesthetic est de 90 \u20ac.<\/p>\n\n<\/div>\n<\/div>\n<div id=\"faq-question-1676670749502\" class=\"rank-math-list-item\">\n<h3 class=\"rank-math-question \">Quelles techniques peuvent \u00eatre utilis\u00e9es pour les soins de visage en Turquie?<\/h3>\n<div class=\"rank-math-answer \">\n\n<p>Des techniques telles que le plasma, le dermapen, la dermabrasion, l\u2019Hydra facial ou le peeling peuvent \u00eatre utilis\u00e9es avec cette s\u00e9ance.<\/p>\n\n<\/div>\n<\/div>\n<\/div>\n<\/div>\n\n\n<p><strong>Enfin, vous pouvez <a href=\"http:\/\/turkaesthetic.com\/fr\/contact-us\/\" target=\"_blank\" data-type=\"page\" data-id=\"15940\" rel=\"noreferrer noopener\">contacter<\/a> notre \u00e9quipe directement via le lien pour demander des informations et des prix au <a href=\"https:\/\/www.youtube.com\/channel\/UC0zggzdm5CFwpRMmn_CPpFQ\" target=\"_blank\" data-type=\"URL\" data-id=\"https:\/\/www.youtube.com\/channel\/UC0zggzdm5CFwpRMmn_CPpFQ\" rel=\"noreferrer noopener\">Turk Aesthetic<\/a> istanbul beauty center.<\/strong><\/p>\n","protected":false},"excerpt":{"rendered":"<p>Soins de visage en Turquie Istanbul sont une proc\u00e9dure simple qui am\u00e9liore et rajeunit le peau. Tout le monde a des types de peau diff\u00e9rents, certains types de peau \u00e9tant secs et d\u2019autres gras. Au cours de la vie et \u00e0 la suite de nombreux facteurs tels que le changement \u00e9vident et rapide de l\u2019apparence [&hellip;]<\/p>\n","protected":false},"author":1,"featured_media":14966,"parent":0,"menu_order":0,"comment_status":"closed","ping_status":"closed","template":"","meta":{"footnotes":""},"dep":[1355],"class_list":["post-14964","page","type-page","status-publish","has-post-thumbnail","hentry","dep-medical-aesthetic"],"_links":{"self":[{"href":"https:\/\/www.turkaesthetic.com\/fr\/wp-json\/wp\/v2\/pages\/14964","targetHints":{"allow":["GET"]}}],"collection":[{"href":"https:\/\/www.turkaesthetic.com\/fr\/wp-json\/wp\/v2\/pages"}],"about":[{"href":"https:\/\/www.turkaesthetic.com\/fr\/wp-json\/wp\/v2\/types\/page"}],"author":[{"embeddable":true,"href":"https:\/\/www.turkaesthetic.com\/fr\/wp-json\/wp\/v2\/users\/1"}],"replies":[{"embeddable":true,"href":"https:\/\/www.turkaesthetic.com\/fr\/wp-json\/wp\/v2\/comments?post=14964"}],"version-history":[{"count":0,"href":"https:\/\/www.turkaesthetic.com\/fr\/wp-json\/wp\/v2\/pages\/14964\/revisions"}],"wp:featuredmedia":[{"embeddable":true,"href":"https:\/\/www.turkaesthetic.com\/fr\/wp-json\/wp\/v2\/media\/14966"}],"wp:attachment":[{"href":"https:\/\/www.turkaesthetic.com\/fr\/wp-json\/wp\/v2\/media?parent=14964"}],"wp:term":[{"taxonomy":"dep","embeddable":true,"href":"https:\/\/www.turkaesthetic.com\/fr\/wp-json\/wp\/v2\/dep?post=14964"}],"curies":[{"name":"wp","href":"https:\/\/api.w.org\/{rel}","templated":true}]}}