{"id":14854,"date":"2022-01-26T12:59:23","date_gmt":"2022-01-26T09:59:23","guid":{"rendered":"http:\/\/turkaesthetic.com\/dental-lumineers\/"},"modified":"2025-08-25T20:04:55","modified_gmt":"2025-08-25T17:04:55","slug":"dental-lumineers","status":"publish","type":"page","link":"https:\/\/www.turkaesthetic.com\/fr\/dental-lumineers\/","title":{"rendered":"Facettes Lumineers"},"content":{"rendered":"\n<p><strong>Les facettes Lumineers<\/strong> est en t\u00eate de liste des traitements dentaires cosm\u00e9tiques d\u00e9riv\u00e9s du mot Laminate <strong><a href=\"https:\/\/www.turkaesthetic.com\/fr\/dental-veneer\/\" target=\"_blank\" data-type=\"link\" data-id=\"https:\/\/www.turkaesthetic.com\/fr\/dental-veneer\/\" rel=\"noreferrer noopener\">Veneers<\/a><\/strong>, qui signifie (facettes amincies). Elles sont install\u00e9es sur les dents pour obtenir une forme de sourire coh\u00e9rente et parfaite apr\u00e8s s&rsquo;\u00eatre assur\u00e9 que l&rsquo;\u00e9tat des dents est adapt\u00e9 \u00e0 l&rsquo;installation de lentilles.<\/p>\n\n\n\n<figure class=\"wp-block-table\"><table><tbody><tr><td>Anesth\u00e9sie<\/td><td>Local<\/td><\/tr><tr><td>Dur\u00e9e du processus<\/td><td>2 heures<\/td><\/tr><tr><td>R\u00e9sultats<\/td><td>Imm\u00e9diat &#8211; 10&nbsp; ans<\/td><\/tr><tr><td>Convalescence<\/td><td>7 jours<\/td><\/tr><\/tbody><\/table><figcaption class=\"wp-element-caption\">Facettes Lumineers<\/figcaption><\/figure>\n\n\n\n<h2 class=\"wp-block-heading\">Comment se fait facettes Lumineers?<\/h2>\n\n\n\n<p>Les Lumineers dentaires sont similaires aux facettes dentaires. Tout d&rsquo;abord, le dentiste examine le cas et prend des radiographies pour s&rsquo;assurer qu&rsquo;il convient aux Lumineers. Ensuite, le dentiste pr\u00e9pare les lentilles en prenant des mesures, en choisissant la forme et la couleur appropri\u00e9es pour correspondre aux dents d&rsquo;origine et en les envoyant au laboratoire. Au cours de la derni\u00e8re \u00e9tape, le dentiste installe d\u00e9finitivement les lentilles.<\/p>\n\n\n\n<h3 class=\"wp-block-heading\">Vid\u00e9o sur facettes Lumineers<\/h3>\n\n\n\n<p>A traves ce vid\u00e9o, vous pouvez visualiser comment le chirurgien-dentiste pr\u00e9pare les dents pour Lumineers.<\/p>\n\n\n\n<figure class=\"wp-block-embed is-type-video is-provider-youtube wp-block-embed-youtube wp-embed-aspect-16-9 wp-has-aspect-ratio\"><div class=\"wp-block-embed__wrapper\">\n<iframe loading=\"lazy\" title=\"Dental Lumineers in Turkey (7) Days - Turk Aesthetic\" width=\"800\" height=\"450\" src=\"https:\/\/www.youtube.com\/embed\/3ZNN6r8v7q4?feature=oembed\" frameborder=\"0\" allow=\"accelerometer; autoplay; clipboard-write; encrypted-media; gyroscope; picture-in-picture; web-share\" referrerpolicy=\"strict-origin-when-cross-origin\" allowfullscreen><\/iframe>\n<\/div><figcaption class=\"wp-element-caption\">Facettes lumineers<\/figcaption><\/figure>\n\n\n\n<h3 class=\"wp-block-heading\">Qui peut b\u00e9n\u00e9ficier de Facettes Lumineers?<\/h3>\n\n\n\n<p>Toute personne de plus de 18 ans en bonne sant\u00e9 et ne souffrant pas de maladies graves ou infectieuses est consid\u00e9r\u00e9e comme apte \u00e0 b\u00e9n\u00e9ficier de cette proc\u00e9dure. Les personnes aptes au traitement sont :<\/p>\n\n\n\n<ul class=\"wp-block-list\">\n<li>Ceux qui souffrent d&rsquo;une forme irr\u00e9guli\u00e8re des dents.<\/li>\n\n\n\n<li>Ceux qui souffrent d&rsquo;un jaunissement permanent des dents.<\/li>\n<\/ul>\n\n\n\n<h3 class=\"wp-block-heading\">Qui ne peut pas b\u00e9n\u00e9ficier de Facettes Lumineers?<\/h3>\n\n\n\n<p>Ils conviennent \u00e0 un large segment de personnes qui souhaitent avoir un sourire distinctif et harmonieux, et nous pouvons exclure certains cas qui peuvent \u00eatre class\u00e9s comme inadapt\u00e9s \u00e0 cette proc\u00e9dure, tels que :<\/p>\n\n\n\n<ul class=\"wp-block-list\">\n<li>Ceux qui ont des maladies contagieuses.<\/li>\n\n\n\n<li>Ceux qui souffrent d&rsquo;une inad\u00e9quation parfaite des dents.<\/li>\n\n\n\n<li>Ceux qui souffrent de caries dentaires profondes.<\/li>\n\n\n\n<li>Ceux qui ont des couronnes dentaires ant\u00e9rieures.<\/li>\n\n\n\n<li>Ceux qui souffrent d&rsquo;un recul important des gencives.<\/li>\n<\/ul>\n\n\n\n<h4 class=\"wp-block-heading\">Qui effectue le processus ?<\/h4>\n\n\n\n<p>Les Lumineers dentaires font partie de la liste des proc\u00e9dures dentaires, le dentiste est donc le seul autoris\u00e9 \u00e0 effectuer ce processus et doit de pr\u00e9f\u00e9rence avoir une grande exp\u00e9rience dans ce domaine pour obtenir les r\u00e9sultats souhait\u00e9s. Turk Aesthetic Center conseille \u00e0 ses clients de choisir le bon m\u00e9decin avec une expertise dans ce domaine et de s&rsquo;abstenir de recourir \u00e0 un sp\u00e9cialiste de laboratoire dentaire pour r\u00e9duire les co\u00fbts ou pour d&rsquo;autres raisons pouvant entra\u00eener des complications futures.<\/p>\n\n\n\n<h5 class=\"wp-block-heading\">Types d&rsquo;anesth\u00e9sie utilis\u00e9s pendant le processus<\/h5>\n\n\n\n<p>Un mod\u00e8le personnalis\u00e9 est appropri\u00e9 pour la m\u00e9thode d&rsquo;anesth\u00e9sie utilis\u00e9e pendant chaque proc\u00e9dure cosm\u00e9tique ou de <a href=\"https:\/\/www.turkaesthetic.com\/fr\/treatment\/\" target=\"_blank\" data-type=\"link\" data-id=\"https:\/\/www.turkaesthetic.com\/fr\/treatment\/\" rel=\"noreferrer noopener\"><strong>traitement<\/strong><\/a>. L&rsquo;anesth\u00e9sie locale est utilis\u00e9e pour les Lumineers dentaires ou les facettes dentaires cosm\u00e9tiques. Cependant, l&rsquo;anesth\u00e9sie locale est suffisante pour les facettes dentaires. Dans des cas sporadiques, une anesth\u00e9sie temporaire (s\u00e9dation) peut \u00eatre utilis\u00e9e pour les patients qui ont une phobie de l&rsquo;anesth\u00e9sie locale.le est utilis\u00e9e. Alors que l\u2019anesth\u00e9sie locale est suffisante pour ce cas. Dans de tr\u00e8s rares cas, une anesth\u00e9sie temporaire (s\u00e9dation) peut \u00eatre utilis\u00e9e chez les patients qui ont une phobie de l\u2019anesth\u00e9sie locale.<\/p>\n\n\n\n<h2 class=\"wp-block-heading\">\u00c9tapes de la proc\u00e9dure Facettes Lumineers<\/h2>\n\n\n<div id=\"rank-math-howto\" class=\"rank-math-block\" >\n<div class=\"rank-math-howto-description\">\n\n<p>Les \u00e9tapes du travail des Facettes Lumineers seront expliqu\u00e9es en d\u00e9tail dans les paragraphes suivants, en commen\u00e7ant par les premi\u00e8res \u00e9tapes et en terminant par les derni\u00e8res \u00e9tapes de la proc\u00e9dure :<\/p>\n\n<\/div>\n<p class=\"rank-math-howto-duration\"><strong>Temps total\u00a0:<\/strong> <span>7 jours<\/span><\/p>\n<div class=\"rank-math-steps \">\n<div id=\"howto-step-1676144777683\" class=\"rank-math-step\">\n<h3 class=\"rank-math-step-title \">Avant facettes lumineers<\/h3>\n<div class=\"rank-math-step-content \"><img loading=\"lazy\" decoding=\"async\" width=\"800\" height=\"600\" src=\"https:\/\/www.turkaesthetic.com\/wp-content\/uploads\/2022\/01\/lumineer-colores.webp\" class=\"attachment-full size-full\" alt=\"Avant le traitement dentaire Lumineer\" \/><p>Dans un premier temps, le patient contacte l\u2019\u00e9quipe m\u00e9dicale de Turk Aesthetic. Le dentiste sp\u00e9cialis\u00e9 discute ensuite du cas et \u00e9labore un plan initial approximatif, qu\u2019il partage avec le patient. Lors de la visite du patient \u00e0 la clinique Turk Aesthetic, l\u2019\u00e9quipe recueille des informations personnelles et de sant\u00e9 importantes et prend des radiographies. Le dentiste \u00e9value ces informations pour s\u2019assurer que tout est pr\u00eat \u00e0 \u00eatre con\u00e7u.<\/p>\n<\/div>\n<\/div>\n<div id=\"howto-step-1676144833733\" class=\"rank-math-step\">\n<h3 class=\"rank-math-step-title \">Pendant la proc\u00e9dure<\/h3>\n<div class=\"rank-math-step-content \"><p>Le patient choisit le nombre de dents qu\u2019il souhaite obtenir. Ensuite, le dentiste pr\u00e9pare les dents et s\u00e9lectionne la couleur et la forme appropri\u00e9es des facettes. Le dentiste prend les tailles et les empreintes des dents et les envoie au laboratoire pour concevoir les lentilles Lumineer. Lorsque les lentilles sont pr\u00eates, le dentiste les installe pendant votre s\u00e9jour.<\/p>\n<\/div>\n<\/div>\n<div id=\"howto-step-1676144848977\" class=\"rank-math-step\">\n<h3 class=\"rank-math-step-title \">Apr\u00e8s facettes lumineers<\/h3>\n<div class=\"rank-math-step-content \"><img loading=\"lazy\" decoding=\"async\" width=\"800\" height=\"600\" src=\"https:\/\/www.turkaesthetic.com\/wp-content\/uploads\/2022\/01\/lumineer.webp\" class=\"attachment-full size-full\" alt=\"Apr\u00e8s le traitement dentaire Lumineer\" \/><p>Comme pour toute proc\u00e9dure, vous devez pr\u00eater une attention maximale aux instructions qui vous sont donn\u00e9es par le dentiste et l\u2019\u00e9quipe de Turk Aesthetic pour obtenir des r\u00e9sultats aussi positifs que possible. Si vous avez des questions suppl\u00e9mentaires, n\u2019h\u00e9sitez pas \u00e0 contacter le conseiller m\u00e9dical pour obtenir de l\u2019aide et des conseils.<\/p>\n<\/div>\n<\/div>\n<\/div>\n<\/div>\n<p class=\"rank-math-howto-estimatedCost\"><strong>Co\u00fbt estim\u00e9\u00a0:<\/strong> <span>190 EUR<\/span><\/p>\n\n\n\n\n\n<h3 class=\"wp-block-heading\">Avant et apr\u00e8s facettes Lumineers<\/h3>\n\n\n\n<p>Ici, nous allons vous montrer quelques photos avant et apr\u00e8s pour le travail de facettes lumineers \u00e0 Turk Aesthetic.<\/p>\n\n\n<style>.kb-gallery-id-14854_decdcc-d5 .kadence-blocks-gallery-item .kb-gal-image-radius, .kb-gallery-id-14854_decdcc-d5 .kb-slide-item .kb-gal-image-radius img{border-radius:0px 0px 0px 0px;;}.kb-gallery-wrap-id-14854_decdcc-d5.wp-block-kadence-advancedgallery{overflow:visible;}.kb-gallery-wrap-id-14854_decdcc-d5.wp-block-kadence-advancedgallery .kt-blocks-carousel{overflow:visible;}<\/style><div class=\"kb-gallery-wrap-id-14854_decdcc-d5 alignnone wp-block-kadence-advancedgallery\"><div class=\"kb-gallery-ul kb-gallery-non-static kb-gallery-type-slider kb-gallery-id-14854_decdcc-d5 kb-gallery-caption-style-bottom-hover kb-gallery-filter-none\" data-image-filter=\"none\" data-lightbox-caption=\"true\"><div class=\"kt-blocks-carousel splide kt-carousel-container-dotstyle-dark kt-carousel-arrowstyle-whiteondark kt-carousel-dotstyle-dark kb-slider-group-arrow kb-slider-arrow-position-center\" data-slider-anim-speed=\"400\" data-slider-scroll=\"1\" data-slider-arrows=\"true\" data-slider-fade=\"true\" data-slider-dots=\"true\" data-slider-type=\"slider\" data-slider-hover-pause=\"false\" data-slider-auto=\"\" data-slider-speed=\"7000\" data-show-pause-button=\"false\"><div class=\"splide__track\"><ul class=\"kt-blocks-carousel-init kb-blocks-slider splide__list\"><li class=\"kb-slide-item kb-gallery-slide-item splide__slide\"><div class=\"kadence-blocks-gallery-item\"><div class=\"kadence-blocks-gallery-item-inner\"><figure class=\"kb-gallery-figure kadence-blocks-gallery-item-hide-caption\"><div class=\"kb-gal-image-radius\"><div class=\"kb-gallery-image-contain kadence-blocks-gallery-intrinsic kb-gallery-image-ratio-land32 kb-has-image-ratio-land32\" ><img loading=\"lazy\" decoding=\"async\" src=\"https:\/\/www.turkaesthetic.com\/wp-content\/uploads\/2023\/12\/Hollywood-smile-before-after-17.webp\" width=\"1200\" height=\"800\" alt=\"avant apr\u00e8s lumineer\" data-full-image=\"https:\/\/www.turkaesthetic.com\/wp-content\/uploads\/2023\/12\/Hollywood-smile-before-after-17.webp\" data-light-image=\"https:\/\/www.turkaesthetic.com\/wp-content\/uploads\/2023\/12\/Hollywood-smile-before-after-17.webp\" data-id=\"49561\" class=\"wp-image-49561 skip-lazy\"\/><\/div><\/div><\/figure><\/div><\/div><\/li><li class=\"kb-slide-item kb-gallery-slide-item splide__slide\"><div class=\"kadence-blocks-gallery-item\"><div class=\"kadence-blocks-gallery-item-inner\"><figure class=\"kb-gallery-figure kadence-blocks-gallery-item-hide-caption\"><div class=\"kb-gal-image-radius\"><div class=\"kb-gallery-image-contain kadence-blocks-gallery-intrinsic kb-gallery-image-ratio-land32 kb-has-image-ratio-land32\" ><img loading=\"lazy\" decoding=\"async\" src=\"https:\/\/www.turkaesthetic.com\/wp-content\/uploads\/2023\/12\/Hollywood-smile-before-after-16.webp\" width=\"1200\" height=\"800\" alt=\"avant apr\u00e8s lumineer\" data-full-image=\"https:\/\/www.turkaesthetic.com\/wp-content\/uploads\/2023\/12\/Hollywood-smile-before-after-16.webp\" data-light-image=\"https:\/\/www.turkaesthetic.com\/wp-content\/uploads\/2023\/12\/Hollywood-smile-before-after-16.webp\" data-id=\"49552\" class=\"wp-image-49552 skip-lazy\"\/><\/div><\/div><\/figure><\/div><\/div><\/li><li class=\"kb-slide-item kb-gallery-slide-item splide__slide\"><div class=\"kadence-blocks-gallery-item\"><div class=\"kadence-blocks-gallery-item-inner\"><figure class=\"kb-gallery-figure kadence-blocks-gallery-item-hide-caption\"><div class=\"kb-gal-image-radius\"><div class=\"kb-gallery-image-contain kadence-blocks-gallery-intrinsic kb-gallery-image-ratio-land32 kb-has-image-ratio-land32\" ><img loading=\"lazy\" decoding=\"async\" src=\"https:\/\/www.turkaesthetic.com\/wp-content\/uploads\/2023\/12\/Hollywood-smile-before-after-15.webp\" width=\"1200\" height=\"800\" alt=\"avant apr\u00e8s lumineer\" data-full-image=\"https:\/\/www.turkaesthetic.com\/wp-content\/uploads\/2023\/12\/Hollywood-smile-before-after-15.webp\" data-light-image=\"https:\/\/www.turkaesthetic.com\/wp-content\/uploads\/2023\/12\/Hollywood-smile-before-after-15.webp\" data-id=\"49543\" class=\"wp-image-49543 skip-lazy\"\/><\/div><\/div><\/figure><\/div><\/div><\/li><li class=\"kb-slide-item kb-gallery-slide-item splide__slide\"><div class=\"kadence-blocks-gallery-item\"><div class=\"kadence-blocks-gallery-item-inner\"><figure class=\"kb-gallery-figure kadence-blocks-gallery-item-hide-caption\"><div class=\"kb-gal-image-radius\"><div class=\"kb-gallery-image-contain kadence-blocks-gallery-intrinsic kb-gallery-image-ratio-land32 kb-has-image-ratio-land32\" ><img loading=\"lazy\" decoding=\"async\" src=\"https:\/\/www.turkaesthetic.com\/wp-content\/uploads\/2023\/12\/Hollywood-smile-before-after-14.webp\" width=\"1200\" height=\"800\" alt=\"avant apr\u00e8s lumineer\" data-full-image=\"https:\/\/www.turkaesthetic.com\/wp-content\/uploads\/2023\/12\/Hollywood-smile-before-after-14.webp\" data-light-image=\"https:\/\/www.turkaesthetic.com\/wp-content\/uploads\/2023\/12\/Hollywood-smile-before-after-14.webp\" data-id=\"49534\" class=\"wp-image-49534 skip-lazy\"\/><\/div><\/div><\/figure><\/div><\/div><\/li><li class=\"kb-slide-item kb-gallery-slide-item splide__slide\"><div class=\"kadence-blocks-gallery-item\"><div class=\"kadence-blocks-gallery-item-inner\"><figure class=\"kb-gallery-figure kadence-blocks-gallery-item-hide-caption\"><div class=\"kb-gal-image-radius\"><div class=\"kb-gallery-image-contain kadence-blocks-gallery-intrinsic kb-gallery-image-ratio-land32 kb-has-image-ratio-land32\" ><img loading=\"lazy\" decoding=\"async\" src=\"https:\/\/www.turkaesthetic.com\/wp-content\/uploads\/2023\/12\/Hollywood-smile-before-after-12.webp\" width=\"1200\" height=\"800\" alt=\"avant apr\u00e8s lumineer\" data-full-image=\"https:\/\/www.turkaesthetic.com\/wp-content\/uploads\/2023\/12\/Hollywood-smile-before-after-12.webp\" data-light-image=\"https:\/\/www.turkaesthetic.com\/wp-content\/uploads\/2023\/12\/Hollywood-smile-before-after-12.webp\" data-id=\"49525\" class=\"wp-image-49525 skip-lazy\"\/><\/div><\/div><\/figure><\/div><\/div><\/li><\/ul><\/div><\/div><\/div><\/div>\n\n\n<h3 class=\"wp-block-heading\">Instructions de soins postop\u00e9ratoires des Facettes Lumineers<\/h3>\n\n\n\n<p>Chaque traitement ou proc\u00e9dure esth\u00e9tique a des instructions sp\u00e9ciales pour obtenir les meilleurs r\u00e9sultats. Nous mentionnerons les instructions les plus importantes que le patient doit suivre&nbsp;:<\/p>\n\n\n\n<ul class=\"wp-block-list\">\n<li>Suivez les instructions du dentiste et de l&rsquo;\u00e9quipe Turk Aesthetic avec une grande pr\u00e9cision.<\/li>\n\n\n\n<li>\u00c9vitez les choses qui peuvent provoquer une sensibilit\u00e9 des dents ou des gencives dans les premiers jours.<\/li>\n\n\n\n<li>\u00c9vitez d&rsquo;utiliser les dents de mani\u00e8re brutale en mangeant ou dans d&rsquo;autres cas.<\/li>\n\n\n\n<li>Veillez \u00e0 la s\u00e9curit\u00e9 et \u00e0 la sant\u00e9 de la bouche en visitant le dentiste p\u00e9riodiquement et r\u00e9guli\u00e8rement.<\/li>\n\n\n\n<li>Se brosser les dents tous les jours \u00e0 la maison.<\/li>\n<\/ul>\n\n\n\n<h3 class=\"wp-block-heading\">Avantages et inconv\u00e9nients<\/h3>\n\n\n\n<p>Nous mentionnerons ici les avantages et les inconv\u00e9nients les plus importants des Lumineers dentaires&nbsp;:<\/p>\n\n\n\n<h4 class=\"wp-block-heading\">Inconv\u00e9nients<\/h4>\n\n\n\n<p>L&rsquo;un des inconv\u00e9nients les plus importants dont peuvent souffrir les personnes qui envisagent de se faire poser des Lumineers dentaires est leur sensibilit\u00e9. Vous devez faire attention pendant les repas, car une mauvaise utilisation peut r\u00e9duire leur dur\u00e9e de vie ou entra\u00eener des fractures.<\/p>\n\n\n\n<h4 class=\"wp-block-heading\">Avantages<\/h4>\n\n\n\n<p>L&rsquo;un des avantages les plus importants qu&rsquo;une personne peut obtenir apr\u00e8s des Lumineers dentaires cosm\u00e9tiques, ou comme on les appelle, des lentilles dentaires, est d&rsquo;\u00e9liminer la forme incoh\u00e9rente des dents et d&rsquo;obtenir une couleur plus blanche dans un d\u00e9lai tr\u00e8s court. Un autre avantage important est qu&rsquo;il ne n\u00e9cessite pas beaucoup de limage des dents, comme les couronnes dentaires ordinaires.<\/p>\n\n\n\n<h4 class=\"wp-block-heading\">Effets secondaires<\/h4>\n\n\n\n<p>Les effets secondaires des lentilles dentaires Lumineer sont simples. Une sensibilit\u00e9 peut survenir rarement au niveau des gencives et dispara\u00eetre au cours des premiers jours. Il peut \u00e9galement y avoir une rougeur au niveau des gencives ou une l\u00e9g\u00e8re d\u00e9mangeaison en mangeant ou en buvant uniquement au cours des premiers jours.<\/p>\n\n\n\n<h4 class=\"wp-block-heading\">Lumineers dentaires en Turquie Istanbul<\/h4>\n\n\n\n<p>Aujourd&rsquo;hui, la Turquie, en particulier Istanbul, est l&rsquo;une des destinations touristiques et m\u00e9dicales les plus c\u00e9l\u00e8bres, et de nombreuses personnes des pays arabes et europ\u00e9ens la visitent \u00e0 des fins touristiques ou th\u00e9rapeutiques. Les traitements dentaires en g\u00e9n\u00e9ral et les Lumineers cosm\u00e9tiques en particulier sont class\u00e9s parmi les traitements dentaires les plus c\u00e9l\u00e8bres effectu\u00e9s dans les cliniques dentaires d&rsquo;Istanbul, en Turquie.<\/p>\n\n\n\n<h3 class=\"wp-block-heading\">Co\u00fbt des Lumineers dentaires<\/h3>\n\n\n\n<p>Plusieurs facteurs d\u00e9terminent le co\u00fbt, dont les plus importants sont&nbsp;:<\/p>\n\n\n\n<ul class=\"wp-block-list\">\n<li>Le nombre de dents.<\/li>\n\n\n\n<li>La qualit\u00e9.<\/li>\n\n\n\n<li>L&rsquo;exp\u00e9rience du m\u00e9decin.<\/li>\n\n\n\n<li>La r\u00e9putation de l&rsquo;h\u00f4pital ou de la clinique.<\/li>\n\n\n\n<li>Les services associ\u00e9s au forfait de traitement.<\/li>\n\n\n\n<li>Le co\u00fbt est abordable pour de nombreuses personnes par rapport aux prix pratiqu\u00e9s dans d&rsquo;autres pays arabes et \u00e9trangers. Chez Turk Aesthetic, le co\u00fbt par dent est de 190 euros.s et \u00e9trangers. Chez Turk Aesthetic, le co\u00fbt par dent lumineuse est de 190 euros.<\/li>\n<\/ul>\n\n\n\n<h2 class=\"wp-block-heading\">FAQ &#8211; Facettes Lumineers<\/h2>\n\n\n<div id=\"rank-math-faq\" class=\"rank-math-block\">\n<div class=\"rank-math-list \">\n<div id=\"faq-question-1725272615468\" class=\"rank-math-list-item\">\n<h3 class=\"rank-math-question \">Quelle est la diff\u00e9rence entre Lumineers et Veneers ?<\/h3>\n<div class=\"rank-math-answer \">\n\n<p>Les Lumineers sont consid\u00e9r\u00e9s comme moins \u00e9pais que les facettes, ce qui n\u00e9cessite moins de limage des dents que les facettes.<\/p>\n\n<\/div>\n<\/div>\n<div id=\"faq-question-1725272618795\" class=\"rank-math-list-item\">\n<h3 class=\"rank-math-question \">Quels mat\u00e9riaux sont utilis\u00e9s pour fabriquer des Lumineers dentaires?<\/h3>\n<div class=\"rank-math-answer \">\n\n<p>Le zircon et l&rsquo;Emax sont utilis\u00e9s comme mat\u00e9riaux de base pour fabriquer ces lentilles.<\/p>\n\n<\/div>\n<\/div>\n<div id=\"faq-question-1725272623666\" class=\"rank-math-list-item\">\n<h3 class=\"rank-math-question \">Combien de temps dure le processus de Lumineers dentaires?<\/h3>\n<div class=\"rank-math-answer \">\n\n<p>Il dure 5 \u00e0 7 jours.<\/p>\n\n<\/div>\n<\/div>\n<div id=\"faq-question-1725272629258\" class=\"rank-math-list-item\">\n<h3 class=\"rank-math-question \">De combien de visites un patient a-t-il besoin pour des Lumineers dentaires?<\/h3>\n<div class=\"rank-math-answer \">\n\n<p>Le patient a besoin de trois visites p\u00e9riodiques \u00e0 la clinique pour terminer le processus.<\/p>\n\n<\/div>\n<\/div>\n<div id=\"faq-question-1725272635032\" class=\"rank-math-list-item\">\n<h3 class=\"rank-math-question \">Les Lumineers provoquent-ils une mauvaise haleine ?<\/h3>\n<div class=\"rank-math-answer \">\n\n<p>Non, ils ne provoquent pas d&rsquo;odeurs buccales d\u00e9sagr\u00e9ables car ils sont tr\u00e8s fins.<\/p>\n\n<\/div>\n<\/div>\n<div id=\"faq-question-1725272644008\" class=\"rank-math-list-item\">\n<h3 class=\"rank-math-question \">Quel est le co\u00fbt du processus de Lumineers dentaires ?<\/h3>\n<div class=\"rank-math-answer \">\n\n<p>Le co\u00fbt varie en fonction du mat\u00e9riau, comme la zircone ou l&rsquo;Emax.<\/p>\n\n<\/div>\n<\/div>\n<div id=\"faq-question-1725272649955\" class=\"rank-math-list-item\">\n<h3 class=\"rank-math-question \">Quel est le co\u00fbt du Lumineer?<\/h3>\n<div class=\"rank-math-answer \">\n\n<p>Le co\u00fbt chez Turk Aesthetic est de 190 euros.<\/p>\n\n<\/div>\n<\/div>\n<div id=\"faq-question-1725272655886\" class=\"rank-math-list-item\">\n<h3 class=\"rank-math-question \">Est-ce que cela provoque des douleurs?<\/h3>\n<div class=\"rank-math-answer \">\n\n<p>Non, cela ne provoque pas de douleur importante car c&rsquo;est une proc\u00e9dure simple.<\/p>\n\n<\/div>\n<\/div>\n<\/div>\n<\/div>\n\n\n<p>Enfin, vous pouvez <a href=\"https:\/\/www.turkaesthetic.com\/fr\/contact-us\/\" target=\"_blank\" data-type=\"link\" data-id=\"https:\/\/www.turkaesthetic.com\/fr\/contact-us\/\" rel=\"noreferrer noopener\"><strong>contacter<\/strong><\/a> directement depuis <a href=\"https:\/\/www.youtube.com\/channel\/UC0zggzdm5CFwpRMmn_CPpFQ\" data-type=\"URL\" data-id=\"https:\/\/www.youtube.com\/channel\/UC0zggzdm5CFwpRMmn_CPpFQ\" target=\"_blank\" rel=\"noreferrer noopener\"><strong>Turk Aesthetic<\/strong><\/a> pour demander des informations et le prix pour votre cas.<\/p>\n","protected":false},"excerpt":{"rendered":"<p>Les facettes Lumineers est en t\u00eate de liste des traitements dentaires cosm\u00e9tiques d\u00e9riv\u00e9s du mot Laminate Veneers, qui signifie (facettes amincies). Elles sont install\u00e9es sur les dents pour obtenir une forme de sourire coh\u00e9rente et parfaite apr\u00e8s s&rsquo;\u00eatre assur\u00e9 que l&rsquo;\u00e9tat des dents est adapt\u00e9 \u00e0 l&rsquo;installation de lentilles. Anesth\u00e9sie Local Dur\u00e9e du processus 2 [&hellip;]<\/p>\n","protected":false},"author":1,"featured_media":14856,"parent":0,"menu_order":0,"comment_status":"closed","ping_status":"closed","template":"","meta":{"footnotes":""},"dep":[1356],"class_list":["post-14854","page","type-page","status-publish","has-post-thumbnail","hentry","dep-cosmetic-dentistry"],"_links":{"self":[{"href":"https:\/\/www.turkaesthetic.com\/fr\/wp-json\/wp\/v2\/pages\/14854","targetHints":{"allow":["GET"]}}],"collection":[{"href":"https:\/\/www.turkaesthetic.com\/fr\/wp-json\/wp\/v2\/pages"}],"about":[{"href":"https:\/\/www.turkaesthetic.com\/fr\/wp-json\/wp\/v2\/types\/page"}],"author":[{"embeddable":true,"href":"https:\/\/www.turkaesthetic.com\/fr\/wp-json\/wp\/v2\/users\/1"}],"replies":[{"embeddable":true,"href":"https:\/\/www.turkaesthetic.com\/fr\/wp-json\/wp\/v2\/comments?post=14854"}],"version-history":[{"count":0,"href":"https:\/\/www.turkaesthetic.com\/fr\/wp-json\/wp\/v2\/pages\/14854\/revisions"}],"wp:featuredmedia":[{"embeddable":true,"href":"https:\/\/www.turkaesthetic.com\/fr\/wp-json\/wp\/v2\/media\/14856"}],"wp:attachment":[{"href":"https:\/\/www.turkaesthetic.com\/fr\/wp-json\/wp\/v2\/media?parent=14854"}],"wp:term":[{"taxonomy":"dep","embeddable":true,"href":"https:\/\/www.turkaesthetic.com\/fr\/wp-json\/wp\/v2\/dep?post=14854"}],"curies":[{"name":"wp","href":"https:\/\/api.w.org\/{rel}","templated":true}]}}