{"id":14804,"date":"2022-01-27T10:26:45","date_gmt":"2022-01-27T07:26:45","guid":{"rendered":"http:\/\/turkaesthetic.com\/gastric-balloon-2\/"},"modified":"2026-04-20T15:32:21","modified_gmt":"2026-04-20T12:32:21","slug":"gastric-balloon","status":"publish","type":"page","link":"https:\/\/www.turkaesthetic.com\/fr\/gastric-balloon\/","title":{"rendered":"Ballon Gastrique"},"content":{"rendered":"\n<p>Le <strong>ballon gastrique en Turquie<\/strong> Istanbul est une proc\u00e9dure simple qui ne d\u00e9passe pas 10 minutes, en ins\u00e9rant un ballon de la bouche et en le laissant dans l\u2019estomac, puis en le remplissant d\u2019une substance (gaz ou liquide) afin de r\u00e9duire la r\u00e9gion de l\u2019estomac afin que le patient se sente pleine en mangeant un quart de la quantit\u00e9 de nourriture qu\u2019il mange habituellement pour se sentir rassasi\u00e9 rapidement.<\/p>\n\n\n\n<p>Le ballon ne reste pas dans l\u2019estomac toute une vie, mais est une proc\u00e9dure temporaire pendant environ six mois, au cours de laquelle le patient s\u2019habitue \u00e0 manger une petite quantit\u00e9 de nourriture, r\u00e9duisant ainsi le poids des ob\u00e8ses. Voici quelques informations rapides sur la proc\u00e9dure de ballon gastrique.<\/p>\n\n\n\n<figure class=\"wp-block-table\"><table><tbody><tr><td>Anesth\u00e9sie&nbsp;<\/td><td>S\u00e9dation&nbsp;<\/td><\/tr><tr><td>Dur\u00e9e du processus<\/td><td>10 minutes<\/td><\/tr><tr><td>Objectif du processus<\/td><td>Maigrir&nbsp;<\/td><\/tr><tr><td>R\u00e9sultats<\/td><td>Commencer apr\u00e8s 2 semaines &#8211; Durer 6 mois<\/td><\/tr><tr><td>Convalescence<\/td><td>Pas besoin<\/td><\/tr><tr><td>Co\u00fbt en Turk Aesthetic<\/td><td>1400 &#8211; 2800 EUR<\/td><\/tr><\/tbody><\/table><figcaption class=\"wp-element-caption\">Ballon Gastrique en Turquie<\/figcaption><\/figure>\n\n\n\n<h2 class=\"wp-block-heading\">Comment se d\u00e9roule le processus de ballon gastrique en Turquie ?<\/h2>\n\n\n\n<p>Le ballon gastrique pour la perte de poids est une proc\u00e9dure tr\u00e8s simple qui ne prend qu\u2019environ 10 minutes sous anesth\u00e9sie s\u00e9dative en utilisant la m\u00e9thode endoscopique, le ballon est ins\u00e9r\u00e9 dans l\u2019estomac, puis le ballon est rempli d\u2019un liquide sp\u00e9cial pour prendre une zone d\u2019environ 70% du volume de l\u2019estomac, de sorte que la sensation de faim diminue et que l\u2019apport alimentaire diminue, m\u00eame les quantit\u00e9s consomm\u00e9es sont peu nombreuses par rapport \u00e0 avant la proc\u00e9dure.<\/p>\n\n\n\n<p>Une personne peut retourner \u00e0 sa vie normale imm\u00e9diatement apr\u00e8s l\u2019op\u00e9ration du ballon gastrique le m\u00eame jour, avec la n\u00e9cessit\u00e9 de respecter les instructions recommand\u00e9es par le m\u00e9decin.<\/p>\n\n\n\n<figure class=\"wp-block-embed is-type-video is-provider-youtube wp-block-embed-youtube wp-embed-aspect-16-9 wp-has-aspect-ratio\"><div class=\"wp-block-embed__wrapper\">\n<iframe loading=\"lazy\" title=\"Gastric Balloon in Turkey (45) Minutes - Turk Aesthetic\" width=\"800\" height=\"450\" src=\"https:\/\/www.youtube.com\/embed\/BcKsJowf4_A?feature=oembed\" frameborder=\"0\" allow=\"accelerometer; autoplay; clipboard-write; encrypted-media; gyroscope; picture-in-picture; web-share\" allowfullscreen><\/iframe>\n<\/div><figcaption class=\"wp-element-caption\">Ballon gastrique en Turquie<\/figcaption><\/figure>\n\n\n\n<h3 class=\"wp-block-heading\">Qui peut effectuer un ballon gastrique en Turquie?<\/h3>\n\n\n\n<ul class=\"wp-block-list\">\n<li>Les personnes qui veulent perdre un poids limit\u00e9 comme 10 \u00e0 15 ou m\u00eame 20 kilos.<\/li>\n\n\n\n<li>Ceux qui sont incapables de perdre du poids connu sous le nom de stabilisation de poids auront un bon r\u00e9sultat apr\u00e8s l\u2019op\u00e9ration.<\/li>\n\n\n\n<li>Ceux qui souffrent de douleurs vert\u00e9brales et osseuses dues \u00e0 un exc\u00e8s de poids peuvent faire cette op\u00e9ration pour se d\u00e9barrasser de cette douleur g\u00eanante.<\/li>\n\n\n\n<li>Les personnes qui ne souffrent d\u2019aucun probl\u00e8me d\u2019estomac ou de corps en g\u00e9n\u00e9ral.<\/li>\n<\/ul>\n\n\n\n<h3 class=\"wp-block-heading\">Qui ne peut pas effectuer un ballon gastrique en Turquie?<\/h3>\n\n\n\n<ul class=\"wp-block-list\">\n<li>Personnes de moins de 20 ans.<\/li>\n\n\n\n<li>Ceux qui ont une maladie chronique ou contagieuse.<\/li>\n\n\n\n<li>Les personnes ob\u00e8ses et ayant plus de 25 kilogrammes d\u2019exc\u00e8s de poids.<\/li>\n\n\n\n<li>Ils ont une masse corporelle de plus de 40.<\/li>\n\n\n\n<li>Les personnes ayant un probl\u00e8me d\u2019ulc\u00e8re d\u2019estomac peuvent effectuer un ballon gastrique apr\u00e8s le traitement de l\u2019ulc\u00e8re&nbsp;<\/li>\n\n\n\n<li>Le ballon ne peut pas \u00eatre consid\u00e9r\u00e9 comme une solution pour ceux qui souffrent de l\u2019exc\u00e8s de graisse dans le corps. Le ballon n\u2019enl\u00e8ve pas la graisse, mais aide seulement \u00e0 perdre du poids.<\/li>\n<\/ul>\n\n\n\n<figure class=\"wp-block-image size-full\"><img loading=\"lazy\" decoding=\"async\" width=\"1024\" height=\"683\" src=\"http:\/\/turkaesthetic.com\/wp-content\/uploads\/2022\/01\/Gastric-Balloon-istanbul.webp\" alt=\"Ballon gastrique en Turquie\" class=\"wp-image-15244\" srcset=\"https:\/\/www.turkaesthetic.com\/wp-content\/uploads\/2022\/01\/Gastric-Balloon-istanbul.webp 1024w, https:\/\/www.turkaesthetic.com\/wp-content\/uploads\/2022\/01\/Gastric-Balloon-istanbul-300x200.webp 300w, https:\/\/www.turkaesthetic.com\/wp-content\/uploads\/2022\/01\/Gastric-Balloon-istanbul-768x512.webp 768w\" sizes=\"auto, (max-width: 1024px) 100vw, 1024px\" \/><figcaption class=\"wp-element-caption\">Ballon gastrique en Turquie<\/figcaption><\/figure>\n\n\n\n<h3 class=\"wp-block-heading\">Le m\u00e9decin qui effectue le processus de ballon gastrique<\/h3>\n\n\n\n<p>Le ballon gastrique est une proc\u00e9dure effectu\u00e9e par des chirurgiens de l\u2019ob\u00e9sit\u00e9 et des chirurgiens g\u00e9n\u00e9raux tr\u00e8s exp\u00e9riment\u00e9s. Aucun m\u00e9decin d\u2019une autre sp\u00e9cialit\u00e9 ne peut effectuer ce type de chirurgie. Le centre doit \u00eatre fiable avec un environnement clinique hautement st\u00e9rile, et un m\u00e9decin hautement qualifi\u00e9 sont toutes des choses \u00e0 consid\u00e9rer lors du choix d\u2019un h\u00f4pital ou d\u2019un centre m\u00e9dical<\/p>\n\n\n\n<h3 class=\"wp-block-heading\">Types d\u2019anesth\u00e9sie utilis\u00e9s dans le processus de ballon gastrique<\/h3>\n\n\n\n<p>Le ballon gastrique est r\u00e9alis\u00e9 sous anesth\u00e9sie s\u00e9dative du corps. avec l\u2019anesth\u00e9sie par s\u00e9dation, vous devez arr\u00eater de manger et de boire 6 heures avant l\u2019op\u00e9ration et il n\u2019est pas n\u00e9cessaire de rester \u00e0 l\u2019h\u00f4pital. Le processus prend environ 10 minutes.<\/p>\n\n\n\n<h2 class=\"wp-block-heading\">\u00c9tapes de la proc\u00e9dure de ballon gastrique en Turquie<\/h2>\n\n\n<div id=\"rank-math-howto\" class=\"rank-math-block\" >\n<div class=\"rank-math-howto-description\">\n\n<p>La proc\u00e9dure de ballon gastrique passe par trois \u00e9tapes, comme d\u2019autres chirurgies :<\/p>\n\n<\/div>\n<p class=\"rank-math-howto-duration\"><strong>Temps total\u00a0:<\/strong> <span>10 minutes<\/span><\/p>\n<div class=\"rank-math-steps \">\n<div id=\"howto-step-1676399045133\" class=\"rank-math-step\">\n<h3 class=\"rank-math-step-title \">Avant le processus<\/h3>\n<div class=\"rank-math-step-content \"><img loading=\"lazy\" decoding=\"async\" width=\"1024\" height=\"682\" src=\"https:\/\/www.turkaesthetic.com\/wp-content\/uploads\/2022\/01\/befor-Gastric-Balloon.webp\" class=\"attachment-full size-full\" alt=\"Ballon gastrique en Turquie\" srcset=\"https:\/\/www.turkaesthetic.com\/wp-content\/uploads\/2022\/01\/befor-Gastric-Balloon.webp 1024w, https:\/\/www.turkaesthetic.com\/wp-content\/uploads\/2022\/01\/befor-Gastric-Balloon-300x200.webp 300w, https:\/\/www.turkaesthetic.com\/wp-content\/uploads\/2022\/01\/befor-Gastric-Balloon-768x512.webp 768w\" sizes=\"auto, (max-width: 1024px) 100vw, 1024px\" \/><p>Il y a quelques \u00e9tapes importantes \u00e0 suivre avant la chirurgie :<br \/>Vous devez informer le m\u00e9decin si vous \u00eates allergique \u00e0 un m\u00e9dicament ou \u00e0 une substance particuli\u00e8re.<br \/>Si vous souffrez de probl\u00e8mes d\u2019estomac ou de maladies li\u00e9es \u00e0 l\u2019\u0153sophage, vous devez absolument en informer votre m\u00e9decin.<br \/>Informez le m\u00e9decin des m\u00e9dicaments utilis\u00e9s p\u00e9riodiquement.<br \/>Afin d\u2019\u00e9viter toute complication ind\u00e9sirable, vous devez arr\u00eater de prendre des anticoagulants une semaine avant la proc\u00e9dure.<br \/>Arr\u00eatez de fumer et de boire de l\u2019alcool une semaine avant la proc\u00e9dure.<br \/>Le m\u00e9decin effectue une sigmo\u00efdoscopie pour v\u00e9rifier la sant\u00e9 de l\u2019estomac avant la proc\u00e9dure.<\/p>\n<\/div>\n<\/div>\n<div id=\"howto-step-1676399083905\" class=\"rank-math-step\">\n<h3 class=\"rank-math-step-title \">Pendant le processus\u00a0<\/h3>\n<div class=\"rank-math-step-content \"><p>Le processus commence par une anesth\u00e9sie locale en plus de donner au patient un s\u00e9datif nerveux qui aide \u00e0 se d\u00e9tendre afin que les muscles de l\u2019\u0153sophage ne se contractent pas lorsque l\u2019endoscope est ins\u00e9r\u00e9 par la bouche. \u00c0 la fin de l\u2019endoscope, une capsule (ballon) est plac\u00e9e et laiss\u00e9e dans l\u2019estomac du patient. De couleur bleue, un avertissement au patient que le ballon est perfor\u00e9 et expir\u00e9, ou il peut \u00eatre rempli d\u2019un gaz l\u00e9ger, l\u2019op\u00e9ration se termine apr\u00e8s cela et il n\u2019est pas n\u00e9cessaire de rester \u00e0 l\u2019h\u00f4pital.<\/p>\n<\/div>\n<\/div>\n<div id=\"howto-step-1676399114280\" class=\"rank-math-step\">\n<h3 class=\"rank-math-step-title \">Apr\u00e8s le processus<\/h3>\n<div class=\"rank-math-step-content \"><img loading=\"lazy\" decoding=\"async\" width=\"1024\" height=\"682\" src=\"https:\/\/www.turkaesthetic.com\/wp-content\/uploads\/2022\/01\/after-Gastric-Balloon.webp\" class=\"attachment-full size-full\" alt=\"Ballon gastrique en Turquie\" srcset=\"https:\/\/www.turkaesthetic.com\/wp-content\/uploads\/2022\/01\/after-Gastric-Balloon.webp 1024w, https:\/\/www.turkaesthetic.com\/wp-content\/uploads\/2022\/01\/after-Gastric-Balloon-300x200.webp 300w, https:\/\/www.turkaesthetic.com\/wp-content\/uploads\/2022\/01\/after-Gastric-Balloon-768x512.webp 768w\" sizes=\"auto, (max-width: 1024px) 100vw, 1024px\" \/><p>Apr\u00e8s avoir donn\u00e9 les instructions \u00e0 respecter apr\u00e8s la proc\u00e9dure, vous pouvez quitter l\u2019h\u00f4pital le jour m\u00eame apr\u00e8s que les effets de l\u2019anesth\u00e9sie ont compl\u00e8tement disparu, et il est pr\u00e9f\u00e9rable d\u2019\u00eatre accompagn\u00e9 d\u2019un parent ou d\u2019un ami en quittant l\u2019h\u00f4pital. Il est \u00e9galement recommand\u00e9 de ne pas conduire apr\u00e8s l\u2019op\u00e9ration. Vous devriez \u00e9galement suivre un r\u00e9gime qui contient des fibres et des prot\u00e9ines.<\/p>\n<\/div>\n<\/div>\n<\/div>\n<\/div>\n<p class=\"rank-math-howto-estimatedCost\"><strong>Co\u00fbt estim\u00e9\u00a0:<\/strong> <span>1400 EUR<\/span><\/p>\n\n\n\n\n\n<h3 class=\"wp-block-heading\">Types de ballon gastrique en Turquie<\/h3>\n\n\n\n<p>Les types de ballons d\u2019estomac varient en fonction de la dur\u00e9e pendant laquelle ils restent \u00e0 l\u2019int\u00e9rieur de l\u2019estomac, certains types restent pendant 6 mois et d\u2019autres restent pendant une p\u00e9riode plus longue d\u2019environ 12 mois. Cependant, le ballon gastrique de toutes sortes est commun au fait que la p\u00e9riode de temps pendant laquelle il reste dans l\u2019estomac n\u2019est que temporaire et non permanente. En outre, les types de ballon gastrique diff\u00e8rent selon le mat\u00e9riau du ballon.<\/p>\n\n\n\n<p>Certains ballons sont en silicone et d\u2019autres en polyur\u00e9thane. Les types diff\u00e8rent \u00e9galement selon la substance qui est inject\u00e9e dans le ballon pour augmenter sa taille \u00e0 l\u2019int\u00e9rieur de l\u2019estomac. Certains types sont inject\u00e9s avec des liquides et d\u2019autres sont inject\u00e9s avec du gaz. Tous les types partagent la proc\u00e9dure et sont g\u00e9n\u00e9ralement laparoscopiques.&nbsp; Voici les noms des types les plus courants :<\/p>\n\n\n\n<ul class=\"wp-block-list\">\n<li>Orbera balloon<\/li>\n\n\n\n<li>ReShape Balloon<\/li>\n\n\n\n<li>Obalon balloon<\/li>\n<\/ul>\n\n\n\n<h3 class=\"wp-block-heading\">Instructions de suivi du ballon gastrique en Turquie<\/h3>\n\n\n\n<ul class=\"wp-block-list\">\n<li>Commencez \u00e0 manger et \u00e0 boire 2 &#8211; 3 heures apr\u00e8s l\u2019op\u00e9ration.<\/li>\n\n\n\n<li>\u00c9vitez les aliments solides le premier jour.<\/li>\n\n\n\n<li>Vous devez suivre le programme de r\u00e9gime fourni par le m\u00e9decin apr\u00e8s le ballon gastrique.<\/li>\n\n\n\n<li>\u00c9vitez de manger des aliments gras et glucidiques et des boissons acides.<\/li>\n\n\n\n<li>Restez \u00e0 l\u2019\u00e9cart des cigarettes, du narguil\u00e9 et de l\u2019alcool.<\/li>\n\n\n\n<li>Respect total de toutes les instruction donn\u00e9es par le m\u00e9decin.<\/li>\n<\/ul>\n\n\n\n<figure class=\"wp-block-gallery has-nested-images columns-default is-cropped wp-block-gallery-1 is-layout-flex wp-block-gallery-is-layout-flex\">\n<figure class=\"wp-block-image size-large\"><img loading=\"lazy\" decoding=\"async\" width=\"1200\" height=\"800\" data-id=\"45575\" src=\"https:\/\/www.turkaesthetic.com\/wp-content\/uploads\/2023\/11\/before-after-gastric-balloon-1.jpg\" alt=\"avant apr\u00e8s ballon gastrique en Turquie\" class=\"wp-image-45575\"\/><figcaption class=\"wp-element-caption\">avant apr\u00e8s ballon gastrique en Turquie<\/figcaption><\/figure>\n\n\n\n<figure class=\"wp-block-image size-large\"><img loading=\"lazy\" decoding=\"async\" width=\"1200\" height=\"800\" data-id=\"45603\" src=\"https:\/\/www.turkaesthetic.com\/wp-content\/uploads\/2023\/11\/before-after-gastric-balloon-4.jpg\" alt=\"avant apr\u00e8s ballon gastrique en Turquie\" class=\"wp-image-45603\"\/><figcaption class=\"wp-element-caption\">avant apr\u00e8s ballon gastrique en Turquie<\/figcaption><\/figure>\n\n\n\n<figure class=\"wp-block-image size-large\"><img loading=\"lazy\" decoding=\"async\" width=\"1200\" height=\"800\" data-id=\"45594\" src=\"https:\/\/www.turkaesthetic.com\/wp-content\/uploads\/2023\/11\/before-after-gastric-balloon-3.jpg\" alt=\"avant apr\u00e8s ballon gastrique en Turquie\" class=\"wp-image-45594\"\/><figcaption class=\"wp-element-caption\">avant apr\u00e8s ballon gastrique en Turquie<\/figcaption><\/figure>\n\n\n\n<figure class=\"wp-block-image size-large\"><img loading=\"lazy\" decoding=\"async\" width=\"1200\" height=\"800\" data-id=\"45584\" src=\"https:\/\/www.turkaesthetic.com\/wp-content\/uploads\/2023\/11\/before-after-gastric-balloon-2.jpg\" alt=\"avant apr\u00e8s ballon gastrique en Turquie\" class=\"wp-image-45584\"\/><figcaption class=\"wp-element-caption\">avant apr\u00e8s ballon gastrique en Turquie<\/figcaption><\/figure>\n<\/figure>\n\n\n\n<h3 class=\"wp-block-heading\">Avantages et inconv\u00e9nients<\/h3>\n\n\n\n<h4 class=\"wp-block-heading\">Avantages<\/h4>\n\n\n\n<p>L\u2019effet le plus important et le plus d\u00e9sir\u00e9 du ballon gastrique est la perte de poids de 10 \u00e0 15 kilogrammes, et dans le cas d\u2019une alimentation saine, il peut atteindre 20 kilogrammes. Un corps sain et mince est obtenu, augmentant ainsi la confiance en soi de la personne gr\u00e2ce \u00e0 une proc\u00e9dure simple loin de la chirurgie, des complications et du co\u00fbt \u00e9lev\u00e9.<\/p>\n\n\n\n<h4 class=\"wp-block-heading\">D\u00e9fauts<\/h4>\n\n\n\n<p>Bien qu\u2019il n\u2019y ait pas d\u2019inconv\u00e9nients significatifs \u00e0 la proc\u00e9dure de ballon gastrique, il convient de noter que si la personne ne suit pas les instructions donn\u00e9es avec le programme de r\u00e9gime, elle ne pourra pas perdre le poids qu\u2019elle veut. Le ballon peut \u00e9galement \u00eatre perfor\u00e9 \u00e0 la suite du non-respect des instructions du m\u00e9decin, n\u2019atteignant ainsi pas les r\u00e9sultats souhait\u00e9s.<\/p>\n\n\n\n<h4 class=\"wp-block-heading\">Effets secondaires<\/h4>\n\n\n\n<p>Le ballon peut causer des probl\u00e8mes aux personnes souffrant d\u2019allergies, car le patient peut se sentir mal \u00e0 l\u2019aise dans l\u2019estomac et des naus\u00e9es pendant la premi\u00e8re p\u00e9riode.<\/p>\n\n\n\n<h3 class=\"wp-block-heading\">Ballon gastrique en Turquie Istanbul<\/h3>\n\n\n\n<p>La Turquie en g\u00e9n\u00e9ral, et Istanbul en particulier, est la destination de nombreux touristes qui visitent la Turquie pour le traitement et le tourisme en m\u00eame temps en raison de ses nombreux avantages tels que les nombreuses options, l\u2019expertise des m\u00e9decins et la qualit\u00e9 des soins de sant\u00e9.<\/p>\n\n\n\n<p>Le ballon gastrique est l\u2019une des options les plus importantes disponibles pour la perte de poids en Turquie, et son prix varie entre 1800 euros et 2100 euros, en fonction de chaque centre et des d\u00e9tails de l\u2019op\u00e9ration.<\/p>\n\n\n\n<h3 class=\"wp-block-heading\">Co\u00fbt du ballon gastrique en Turquie Istanbul<\/h3>\n\n\n\n<p>Le co\u00fbt de la balle gastrique en Turquie varie d\u2019un endroit \u00e0 l\u2019autre en fonction de plusieurs choses:<\/p>\n\n\n\n<ul class=\"wp-block-list\">\n<li>Le nom du centre m\u00e9dical ou de l\u2019h\u00f4pital.<\/li>\n\n\n\n<li>Exp\u00e9rience du m\u00e9decin.<\/li>\n\n\n\n<li>Le type de ballon utilis\u00e9<\/li>\n\n\n\n<li>Services suppl\u00e9mentaires, car certains centres offrent des forfaits qui comprennent le traitement, l\u2019h\u00e9bergement et le transport.<\/li>\n<\/ul>\n\n\n\n<p>Dans Turk Aesthetic Istanbul, le co\u00fbt de la proc\u00e9dure de ballon gastrique est de 1400 &#8211; 2800 euros<\/p>\n\n\n\n<p>Vous pouvez contacter l\u2019\u00e9quipe de Turk Aesthetic sur la page de contact pour demander le co\u00fbt du forfait de traitement avec h\u00e9bergement et transport.<\/p>\n\n\n\n<h2 class=\"wp-block-heading\">FAQ &#8211; Ballon gastrique en Turquie<\/h2>\n\n\n<div id=\"rank-math-faq\" class=\"rank-math-block\">\n<div class=\"rank-math-list \">\n<div id=\"faq-question-1676399206759\" class=\"rank-math-list-item\">\n<h3 class=\"rank-math-question \">Quel est le but du ballon gastrique en Turquie?<\/h3>\n<div class=\"rank-math-answer \">\n\n<p>Le but de la proc\u00e9dure de plongeon huard gastrique est de perdre de l\u2019exc\u00e8s de poids et d\u2019obtenir un corps plus en forme.<\/p>\n\n<\/div>\n<\/div>\n<div id=\"faq-question-1676399214243\" class=\"rank-math-list-item\">\n<h3 class=\"rank-math-question \">Qui peut effectuer la proc\u00e9dure de ballon gastrique en Turquie?<\/h3>\n<div class=\"rank-math-answer \">\n\n<p>Toute personne qui a un fort d\u00e9sir de manger, a un poids stable, ou a des douleurs dans les os et a un poids de plus de 20 kg.<\/p>\n\n<\/div>\n<\/div>\n<div id=\"faq-question-1676399226364\" class=\"rank-math-list-item\">\n<h3 class=\"rank-math-question \">Combien de temps dure l\u2019op\u00e9ration du ballon gastrique en Turquie?<\/h3>\n<div class=\"rank-math-answer \">\n\n<p>La proc\u00e9dure est tr\u00e8s simple et peut \u00eatre effectu\u00e9e en moins de 10 minutes, et la personne peut retourner \u00e0 sa vie normale dans la m\u00eame journ\u00e9e.<\/p>\n\n<\/div>\n<\/div>\n<div id=\"faq-question-1676399239896\" class=\"rank-math-list-item\">\n<h3 class=\"rank-math-question \">Le ballon gastrique est-il une proc\u00e9dure difficile ou dangereuse?<\/h3>\n<div class=\"rank-math-answer \">\n\n<p>Non, le ballon gastrique est une proc\u00e9dure facile qui ne mettra pas votre vie en danger.<\/p>\n\n<\/div>\n<\/div>\n<div id=\"faq-question-1676399256171\" class=\"rank-math-list-item\">\n<h3 class=\"rank-math-question \">Combien de poids puis-je perdre si j\u2019ai une proc\u00e9dure de ballon gastrique en Turquie?<\/h3>\n<div class=\"rank-math-answer \">\n\n<p>Vous pouvez perdre 10 \u00e0 15 kilogrammes en moyenne, et les personnes qui suivent le programme de r\u00e9gime et les instructions donn\u00e9es par le m\u00e9decin peuvent perdre jusqu\u2019\u00e0 20 kilogrammes.<\/p>\n\n<\/div>\n<\/div>\n<div id=\"faq-question-1676399308567\" class=\"rank-math-list-item\">\n<h3 class=\"rank-math-question \">Quand la proc\u00e9dure de ballon gastrique commence-t-elle ?<\/h3>\n<div class=\"rank-math-answer \">\n\n<p>Le r\u00e9sultat commence apr\u00e8s une semaine et se termine \u00e0 la fin du sixi\u00e8me mois ou du 12e mois, selon le type de ballon.<\/p>\n\n<\/div>\n<\/div>\n<div id=\"faq-question-1676399327218\" class=\"rank-math-list-item\">\n<h3 class=\"rank-math-question \">La proc\u00e9dure de ballon gastrique est-elle douloureuse ?<\/h3>\n<div class=\"rank-math-answer \">\n\n<p>Le patient ne ressent pas de douleur pendant l\u2019ach\u00e8vement du ballon gastrique, gr\u00e2ce \u00e0 l\u2019anesth\u00e9sie temporaire du corps et \u00e0 un s\u00e9datif nerveux qui r\u00e9duit la sensation de spasme.<\/p>\n\n<\/div>\n<\/div>\n<div id=\"faq-question-1676399337896\" class=\"rank-math-list-item\">\n<h3 class=\"rank-math-question \">Est-il possible de r\u00e9p\u00e9ter la proc\u00e9dure du ballon gastrique deux fois ?<\/h3>\n<div class=\"rank-math-answer \">\n\n<p>Les m\u00e9decins ne recommandent pas de r\u00e9p\u00e9ter la proc\u00e9dure du ballon gastrique, car la r\u00e9p\u00e9ter peut entra\u00eener des complications ind\u00e9sirables.<\/p>\n\n<\/div>\n<\/div>\n<div id=\"faq-question-1676399355834\" class=\"rank-math-list-item\">\n<h3 class=\"rank-math-question \">Est-il possible de boire des boissons gazeuses apr\u00e8s la proc\u00e9dure de ballon gastrique en Turquie?<\/h3>\n<div class=\"rank-math-answer \">\n\n<p>Les m\u00e9decins ne recommandent pas que les boissons gazeuses soient une source de liquide dans le corps, mais d\u00e9pendent plut\u00f4t de l\u2019eau et des jus naturels, et les boissons gazeuses endommagent le ballon.<\/p>\n\n<\/div>\n<\/div>\n<\/div>\n<\/div>\n\n\n<p><strong>Enfin, vous pouvez nous <a href=\"http:\/\/turkaesthetic.com\/fr\/contact-us\/\" target=\"_blank\" rel=\"noreferrer noopener\">contacter <\/a>via le lien pour plus d\u2019informations avec <a href=\"https:\/\/www.youtube.com\/channel\/UC0zggzdm5CFwpRMmn_CPpFQ\" data-type=\"URL\" data-id=\"https:\/\/www.youtube.com\/channel\/UC0zggzdm5CFwpRMmn_CPpFQ\" target=\"_blank\" rel=\"noreferrer noopener\">Turk Aesthetic<\/a> Istanbul Turquie<\/strong><\/p>\n","protected":false},"excerpt":{"rendered":"<p>Le ballon gastrique en Turquie Istanbul est une proc\u00e9dure simple qui ne d\u00e9passe pas 10 minutes, en ins\u00e9rant un ballon de la bouche et en le laissant dans l\u2019estomac, puis en le remplissant d\u2019une substance (gaz ou liquide) afin de r\u00e9duire la r\u00e9gion de l\u2019estomac afin que le patient se sente pleine en mangeant un [&hellip;]<\/p>\n","protected":false},"author":1,"featured_media":15283,"parent":0,"menu_order":0,"comment_status":"closed","ping_status":"closed","template":"","meta":{"footnotes":""},"dep":[1607],"class_list":["post-14804","page","type-page","status-publish","has-post-thumbnail","hentry","dep-weight-loss"],"_links":{"self":[{"href":"https:\/\/www.turkaesthetic.com\/fr\/wp-json\/wp\/v2\/pages\/14804","targetHints":{"allow":["GET"]}}],"collection":[{"href":"https:\/\/www.turkaesthetic.com\/fr\/wp-json\/wp\/v2\/pages"}],"about":[{"href":"https:\/\/www.turkaesthetic.com\/fr\/wp-json\/wp\/v2\/types\/page"}],"author":[{"embeddable":true,"href":"https:\/\/www.turkaesthetic.com\/fr\/wp-json\/wp\/v2\/users\/1"}],"replies":[{"embeddable":true,"href":"https:\/\/www.turkaesthetic.com\/fr\/wp-json\/wp\/v2\/comments?post=14804"}],"version-history":[{"count":1,"href":"https:\/\/www.turkaesthetic.com\/fr\/wp-json\/wp\/v2\/pages\/14804\/revisions"}],"predecessor-version":[{"id":74205,"href":"https:\/\/www.turkaesthetic.com\/fr\/wp-json\/wp\/v2\/pages\/14804\/revisions\/74205"}],"wp:featuredmedia":[{"embeddable":true,"href":"https:\/\/www.turkaesthetic.com\/fr\/wp-json\/wp\/v2\/media\/15283"}],"wp:attachment":[{"href":"https:\/\/www.turkaesthetic.com\/fr\/wp-json\/wp\/v2\/media?parent=14804"}],"wp:term":[{"taxonomy":"dep","embeddable":true,"href":"https:\/\/www.turkaesthetic.com\/fr\/wp-json\/wp\/v2\/dep?post=14804"}],"curies":[{"name":"wp","href":"https:\/\/api.w.org\/{rel}","templated":true}]}}