{"id":14762,"date":"2022-01-27T12:23:14","date_gmt":"2022-01-27T09:23:14","guid":{"rendered":"http:\/\/turkaesthetic.com\/dental-veneer\/"},"modified":"2025-08-18T18:57:51","modified_gmt":"2025-08-18T15:57:51","slug":"dental-veneer","status":"publish","type":"page","link":"https:\/\/www.turkaesthetic.com\/fr\/dental-veneer\/","title":{"rendered":"Facettes Veneers"},"content":{"rendered":"\n<p>Les <strong>facettes veneers<\/strong> sont consid\u00e9r\u00e9es comme l&rsquo;une des options cosm\u00e9tiques les plus essentielles en<strong> <a href=\"https:\/\/www.turkaesthetic.com\/fr\/aesthetic-dentistry\/\" target=\"_blank\" data-type=\"link\" data-id=\"https:\/\/www.turkaesthetic.com\/fr\/aesthetic-dentistry\/\" rel=\"noreferrer noopener\">esth\u00e9tique dentaire<\/a><\/strong> pour obtenir un sourire parfait. Elles font partie de la cat\u00e9gorie des coques cosm\u00e9tiques et sont appliqu\u00e9es sur les dents apr\u00e8s un l\u00e9ger limage de la surface de la dent. Le terme \u00ab facette \u00bb est d\u00e9riv\u00e9 de la langue anglaise et signifie \u00ab coquilles \u00bb.<\/p>\n\n\n\n<figure class=\"wp-block-table\"><table><tbody><tr><td>Anesth\u00e9sie&nbsp;<\/td><td>Local&nbsp;<\/td><\/tr><tr><td>Dur\u00e9e du processus<\/td><td>2 heures&nbsp;<\/td><\/tr><tr><td>R\u00e9sultats<\/td><td>Imm\u00e9diat &#8211; 10 ans<\/td><\/tr><tr><td>Convalescence<\/td><td>7 jours&nbsp;<\/td><\/tr><\/tbody><\/table><figcaption class=\"wp-element-caption\"><strong>facettes veneers<\/strong><\/figcaption><\/figure>\n\n\n\n<h2 class=\"wp-block-heading\">Comment se fait les facettes veneers?<\/h2>\n\n\n\n<p>Le processus commence par une discussion du cas avec le dentiste. Ensuite, des radiographies et un examen clinique sont effectu\u00e9s. La proc\u00e9dure commence une fois que le dentiste s&rsquo;assure que le cas convient aux facettes veneers. Tout d&rsquo;abord, la surface des dents est lim\u00e9e, puis la forme et les couleurs sont s\u00e9lectionn\u00e9es. Des empreintes ou des mesures des dents sont prises et envoy\u00e9es au laboratoire pour les pr\u00e9parer. Enfin, dans la derni\u00e8re \u00e9tape, elles sont install\u00e9es.<\/p>\n\n\n\n<h3 class=\"wp-block-heading\">Vid\u00e9o sur les facettes veneers<\/h3>\n\n\n\n<p>Dans cette courte vid\u00e9o, vous verrez comment fonctionne la session de placage<\/p>\n\n\n\n<figure class=\"wp-block-embed is-type-video is-provider-youtube wp-block-embed-youtube wp-embed-aspect-16-9 wp-has-aspect-ratio\"><div class=\"wp-block-embed__wrapper\">\n<iframe loading=\"lazy\" title=\"Dental Veneers - Turk Aesthetic\" width=\"800\" height=\"450\" src=\"https:\/\/www.youtube.com\/embed\/03FDckdC-Ew?feature=oembed\" frameborder=\"0\" allow=\"accelerometer; autoplay; clipboard-write; encrypted-media; gyroscope; picture-in-picture; web-share\" referrerpolicy=\"strict-origin-when-cross-origin\" allowfullscreen><\/iframe>\n<\/div><figcaption class=\"wp-element-caption\"><strong>facettes dentaires<\/strong><\/figcaption><\/figure>\n\n\n\n<h3 class=\"wp-block-heading\">Qui peut en b\u00e9n\u00e9ficier ?<\/h3>\n\n\n\n<p>Toute personne \u00e2g\u00e9e de plus de 18 ans et en bonne sant\u00e9 est consid\u00e9r\u00e9e comme apte au <a href=\"https:\/\/www.turkaesthetic.com\/fr\/treatment-2\/\" target=\"_blank\" data-type=\"link\" data-id=\"https:\/\/www.turkaesthetic.com\/fr\/treatment\/\" rel=\"noreferrer noopener\"><strong>traitement<\/strong><\/a> esth\u00e9tique par facettes. Les personnes les plus aptes sont :<\/p>\n\n\n\n<p>Qui souffre d&rsquo;un mauvais alignement des dents.<br>Qui souffre d&rsquo;une d\u00e9coloration ou d&rsquo;une pigmentation permanente des dents.<\/p>\n\n\n\n<h3 class=\"wp-block-heading\">Qui ne peut pas l&rsquo;obtenir ?<\/h3>\n\n\n\n<p>Ce traitement convient \u00e0 un grand nombre de personnes qui souhaitent obtenir un sourire distinctif et harmonieux. Cependant, certains cas peuvent \u00eatre consid\u00e9r\u00e9s comme inadapt\u00e9s \u00e0 cette proc\u00e9dure, comme :<\/p>\n\n\n\n<ul class=\"wp-block-list\">\n<li>Ceux qui souffrent de maladies infectieuses.<\/li>\n\n\n\n<li>Ceux qui ont des dents qui ne s&rsquo;alignent pas parfaitement.<\/li>\n\n\n\n<li>Ceux qui ont des caries dentaires profondes.<\/li>\n\n\n\n<li>Ceux qui ont des couronnes dentaires ant\u00e9rieures.<\/li>\n\n\n\n<li>Ceux qui ont une r\u00e9cession gingivale importante. \u00bb<\/li>\n<\/ul>\n\n\n\n<h4 class=\"wp-block-heading\">Qui effectue les facettes veneers<\/h4>\n\n\n\n<p>Ce <a href=\"https:\/\/www.turkaesthetic.com\/fr\/treatment-2\/\" target=\"_blank\" data-type=\"link\" data-id=\"https:\/\/www.turkaesthetic.com\/fr\/treatment\/\" rel=\"noreferrer noopener\">traitement<\/a> est inclus dans la liste des proc\u00e9dures dentaires, donc seuls les dentistes sont autoris\u00e9s \u00e0 effectuer ce type de traitement. Une vaste exp\u00e9rience dans ce domaine est fortement recommand\u00e9e pour garantir que les patients obtiennent les r\u00e9sultats souhait\u00e9s. Turk Aesthetic conseille aux clients de choisir un dentiste tr\u00e8s exp\u00e9riment\u00e9 et d&rsquo;\u00e9viter de se rendre chez un sp\u00e9cialiste de laboratoire dentaire pour r\u00e9duire les prix ou pour d&rsquo;autres raisons, car cela peut entra\u00eener des complications futures.<\/p>\n\n\n\n<h5 class=\"wp-block-heading\">Types d&rsquo;anesth\u00e9sie utilis\u00e9s pendant le traitement<\/h5>\n\n\n\n<p>Une m\u00e9thode d&rsquo;anesth\u00e9sie personnalis\u00e9e est appropri\u00e9e pour chaque proc\u00e9dure cosm\u00e9tique ou de traitement. L&rsquo;anesth\u00e9sie locale est g\u00e9n\u00e9ralement utilis\u00e9e. L&rsquo;anesth\u00e9sie locale est g\u00e9n\u00e9ralement suffisante pour les facettes veneers. Cependant, dans de rares cas, une anesth\u00e9sie temporaire (s\u00e9dation) peut \u00eatre utilis\u00e9e pour les patients ayant une phobie de l\u2019anesth\u00e9sie locale. le cas des facettes veneers Dans de tr\u00e8s rares cas, une anesth\u00e9sie temporaire (s\u00e9dation) peut \u00eatre utilis\u00e9e chez les patients qui ont une phobie de l\u2019anesth\u00e9sie locale.<\/p>\n\n\n\n<h2 class=\"wp-block-heading\">\u00c9tapes de la proc\u00e9dure de facettes veneers<\/h2>\n\n\n<div id=\"rank-math-howto\" class=\"rank-math-block\" >\n<div class=\"rank-math-howto-description\">\n\n<p>Les \u00e9tapes des facettes veneers seront expliqu\u00e9es en d\u00e9tail dans les paragraphes suivants, en commen\u00e7ant par les premi\u00e8res \u00e9tapes et en terminant par les derni\u00e8res \u00e9tapes de la proc\u00e9dure :<\/p>\n\n<\/div>\n<p class=\"rank-math-howto-duration\"><strong>Temps total\u00a0:<\/strong> <span>7 jours<\/span><\/p>\n<div class=\"rank-math-steps \">\n<div id=\"howto-step-1676142566538\" class=\"rank-math-step\">\n<h3 class=\"rank-math-step-title \">Avant le processus<\/h3>\n<div class=\"rank-math-step-content \"><p>Dans un premier temps, le patient contacte l\u2019\u00e9quipe m\u00e9dicale de Turk Aesthetic. Le dentiste sp\u00e9cialis\u00e9 discute ensuite du cas et \u00e9labore un plan initial approximatif, qu\u2019il partage avec le patient. Lors de la visite du patient \u00e0 la clinique Turk Aesthetic, l\u2019\u00e9quipe recueille des informations personnelles et de sant\u00e9 importantes et prend des radiographies. Le dentiste \u00e9value ces informations pour s\u2019assurer que tout est pr\u00eat pour concevoir les facettes.<\/p>\n<\/div>\n<\/div>\n<div id=\"howto-step-1676142683036\" class=\"rank-math-step\">\n<h3 class=\"rank-math-step-title \">Pendant le processus<\/h3>\n<div class=\"rank-math-step-content \"><p>Le patient choisit le nombre de dents qu\u2019il souhaite obtenir. Ensuite, le dentiste pr\u00e9pare les dents et s\u00e9lectionne la couleur et la forme appropri\u00e9es. Le dentiste prend les tailles et les empreintes des dents et les envoie au laboratoire pour concevoir les lentilles.<\/p>\n<\/div>\n<\/div>\n<div id=\"howto-step-1676142755980\" class=\"rank-math-step\">\n<h3 class=\"rank-math-step-title \">Apr\u00e8s le processus<\/h3>\n<div class=\"rank-math-step-content \"><p>Comme pour toute proc\u00e9dure, vous devez pr\u00eater autant que possible attention aux instructions qui vous sont donn\u00e9es par le dentiste et l\u2019\u00e9quipe de Turk Aesthetic pour obtenir les meilleurs r\u00e9sultats possibles. Si vous avez des questions suppl\u00e9mentaires, n\u2019h\u00e9sitez pas \u00e0 contacter le conseiller m\u00e9dical pour obtenir le soutien et les conseils n\u00e9cessaires.<\/p>\n<\/div>\n<\/div>\n<\/div>\n<\/div>\n<p class=\"rank-math-howto-estimatedCost\"><strong>Co\u00fbt estim\u00e9\u00a0:<\/strong> <span>190 EUR<\/span><\/p>\n\n\n\n\n\n<h3 class=\"wp-block-heading\">Avant et apr\u00e8s les facettes veneers<\/h3>\n\n\n\n<p>Ici, nous allons vous montrer quelques photos avant et apr\u00e8s de ses facettes veneers Turk Aesthetic.<\/p>\n\n\n<style>.kb-gallery-id-14762_ce62df-b0 .kadence-blocks-gallery-item .kb-gal-image-radius, .kb-gallery-id-14762_ce62df-b0 .kb-slide-item .kb-gal-image-radius img{border-radius:0px 0px 0px 0px;;}.kb-gallery-wrap-id-14762_ce62df-b0.wp-block-kadence-advancedgallery{overflow:visible;}.kb-gallery-wrap-id-14762_ce62df-b0.wp-block-kadence-advancedgallery .kt-blocks-carousel{overflow:visible;}<\/style><div class=\"kb-gallery-wrap-id-14762_ce62df-b0 alignnone wp-block-kadence-advancedgallery\"><div class=\"kb-gallery-ul kb-gallery-non-static kb-gallery-type-slider kb-gallery-id-14762_ce62df-b0 kb-gallery-caption-style-bottom-hover kb-gallery-filter-none\" data-image-filter=\"none\" data-lightbox-caption=\"true\"><div class=\"kt-blocks-carousel splide kt-carousel-container-dotstyle-dark kt-carousel-arrowstyle-whiteondark kt-carousel-dotstyle-dark kb-slider-group-arrow kb-slider-arrow-position-center\" data-slider-anim-speed=\"400\" data-slider-scroll=\"1\" data-slider-arrows=\"true\" data-slider-fade=\"true\" data-slider-dots=\"true\" data-slider-type=\"slider\" data-slider-hover-pause=\"false\" data-slider-auto=\"\" data-slider-speed=\"7000\" data-show-pause-button=\"false\"><div class=\"splide__track\"><ul class=\"kt-blocks-carousel-init kb-blocks-slider splide__list\"><li class=\"kb-slide-item kb-gallery-slide-item splide__slide\"><div class=\"kadence-blocks-gallery-item\"><div class=\"kadence-blocks-gallery-item-inner\"><figure class=\"kb-gallery-figure kadence-blocks-gallery-item-hide-caption\"><div class=\"kb-gal-image-radius\"><div class=\"kb-gallery-image-contain kadence-blocks-gallery-intrinsic kb-gallery-image-ratio-land32 kb-has-image-ratio-land32\" ><img loading=\"lazy\" decoding=\"async\" src=\"https:\/\/www.turkaesthetic.com\/wp-content\/uploads\/2023\/11\/before-after-veneer-1.jpg\" width=\"1200\" height=\"800\" alt=\"avant apr\u00e8s facette dentaire\" data-full-image=\"https:\/\/www.turkaesthetic.com\/wp-content\/uploads\/2023\/11\/before-after-veneer-1.jpg\" data-light-image=\"https:\/\/www.turkaesthetic.com\/wp-content\/uploads\/2023\/11\/before-after-veneer-1.jpg\" data-id=\"46827\" class=\"wp-image-46827 skip-lazy\"\/><\/div><\/div><\/figure><\/div><\/div><\/li><li class=\"kb-slide-item kb-gallery-slide-item splide__slide\"><div class=\"kadence-blocks-gallery-item\"><div class=\"kadence-blocks-gallery-item-inner\"><figure class=\"kb-gallery-figure kadence-blocks-gallery-item-hide-caption\"><div class=\"kb-gal-image-radius\"><div class=\"kb-gallery-image-contain kadence-blocks-gallery-intrinsic kb-gallery-image-ratio-land32 kb-has-image-ratio-land32\" ><img loading=\"lazy\" decoding=\"async\" src=\"https:\/\/www.turkaesthetic.com\/wp-content\/uploads\/2023\/11\/before-after-veneer-2.jpg\" width=\"1200\" height=\"800\" alt=\"avant apr\u00e8s facette dentaire\" data-full-image=\"https:\/\/www.turkaesthetic.com\/wp-content\/uploads\/2023\/11\/before-after-veneer-2.jpg\" data-light-image=\"https:\/\/www.turkaesthetic.com\/wp-content\/uploads\/2023\/11\/before-after-veneer-2.jpg\" data-id=\"46836\" class=\"wp-image-46836 skip-lazy\"\/><\/div><\/div><\/figure><\/div><\/div><\/li><li class=\"kb-slide-item kb-gallery-slide-item splide__slide\"><div class=\"kadence-blocks-gallery-item\"><div class=\"kadence-blocks-gallery-item-inner\"><figure class=\"kb-gallery-figure kadence-blocks-gallery-item-hide-caption\"><div class=\"kb-gal-image-radius\"><div class=\"kb-gallery-image-contain kadence-blocks-gallery-intrinsic kb-gallery-image-ratio-land32 kb-has-image-ratio-land32\" ><img loading=\"lazy\" decoding=\"async\" src=\"https:\/\/www.turkaesthetic.com\/wp-content\/uploads\/2023\/11\/before-after-veneer-2-1.jpg\" width=\"1200\" height=\"800\" alt=\"avant apr\u00e8s facette dentaire\" data-full-image=\"https:\/\/www.turkaesthetic.com\/wp-content\/uploads\/2023\/11\/before-after-veneer-2-1.jpg\" data-light-image=\"https:\/\/www.turkaesthetic.com\/wp-content\/uploads\/2023\/11\/before-after-veneer-2-1.jpg\" data-id=\"47102\" class=\"wp-image-47102 skip-lazy\"\/><\/div><\/div><\/figure><\/div><\/div><\/li><li class=\"kb-slide-item kb-gallery-slide-item splide__slide\"><div class=\"kadence-blocks-gallery-item\"><div class=\"kadence-blocks-gallery-item-inner\"><figure class=\"kb-gallery-figure kadence-blocks-gallery-item-hide-caption\"><div class=\"kb-gal-image-radius\"><div class=\"kb-gallery-image-contain kadence-blocks-gallery-intrinsic kb-gallery-image-ratio-land32 kb-has-image-ratio-land32\" ><img loading=\"lazy\" decoding=\"async\" src=\"https:\/\/www.turkaesthetic.com\/wp-content\/uploads\/2023\/11\/before-after-veneer-3.jpg\" width=\"1200\" height=\"800\" alt=\"avant apr\u00e8s facette dentaire\" data-full-image=\"https:\/\/www.turkaesthetic.com\/wp-content\/uploads\/2023\/11\/before-after-veneer-3.jpg\" data-light-image=\"https:\/\/www.turkaesthetic.com\/wp-content\/uploads\/2023\/11\/before-after-veneer-3.jpg\" data-id=\"46854\" class=\"wp-image-46854 skip-lazy\"\/><\/div><\/div><\/figure><\/div><\/div><\/li><li class=\"kb-slide-item kb-gallery-slide-item splide__slide\"><div class=\"kadence-blocks-gallery-item\"><div class=\"kadence-blocks-gallery-item-inner\"><figure class=\"kb-gallery-figure kadence-blocks-gallery-item-hide-caption\"><div class=\"kb-gal-image-radius\"><div class=\"kb-gallery-image-contain kadence-blocks-gallery-intrinsic kb-gallery-image-ratio-land32 kb-has-image-ratio-land32\" ><img loading=\"lazy\" decoding=\"async\" src=\"https:\/\/www.turkaesthetic.com\/wp-content\/uploads\/2023\/11\/before-after-veneer-4.jpg\" width=\"1200\" height=\"800\" alt=\"avant apr\u00e8s facette dentaire\" data-full-image=\"https:\/\/www.turkaesthetic.com\/wp-content\/uploads\/2023\/11\/before-after-veneer-4.jpg\" data-light-image=\"https:\/\/www.turkaesthetic.com\/wp-content\/uploads\/2023\/11\/before-after-veneer-4.jpg\" data-id=\"46863\" class=\"wp-image-46863 skip-lazy\"\/><\/div><\/div><\/figure><\/div><\/div><\/li><\/ul><\/div><\/div><\/div><\/div>\n\n\n<h3 class=\"wp-block-heading\">Instructions de suivi <strong>facettes veneers<\/strong><\/h3>\n\n\n\n<p>Chaque traitement ou proc\u00e9dure cosm\u00e9tique a des instructions sp\u00e9ciales pour obtenir les meilleurs r\u00e9sultats. Nous mentionnerons les instructions les plus importantes que le patient doit suivre&nbsp;:<\/p>\n\n\n\n<p>Suivez m\u00e9ticuleusement les instructions du dentiste et de l&rsquo;\u00e9quipe de Turk Aesthetic.<br>\u00c9vitez les aliments et les boissons qui peuvent provoquer une sensibilit\u00e9 des dents ou des gencives dans les premiers jours.<br>\u00c9vitez d&rsquo;utiliser les dents de mani\u00e8re brutale en mangeant ou dans d&rsquo;autres cas.<br>Il est possible de faire attention \u00e0 la s\u00e9curit\u00e9 et \u00e0 la sant\u00e9 de la bouche en visitant r\u00e9guli\u00e8rement et p\u00e9riodiquement le dentiste.<br>Nettoyage quotidien des dents \u00e0 domicile.<\/p>\n\n\n\n<h3 class=\"wp-block-heading\">Avantages et inconv\u00e9nients<\/h3>\n\n\n\n<p>Nous mentionnerons ici les principaux avantages et inconv\u00e9nients des facettes dentaires:<\/p>\n\n\n\n<h4 class=\"wp-block-heading\">Inconv\u00e9nients<\/h4>\n\n\n\n<p>L&rsquo;un des inconv\u00e9nients les plus importants est que les personnes qui envisagent de porter des lentilles dentaires peuvent souffrir de sensibilit\u00e9. Vous devez faire attention en mangeant, car une mauvaise utilisation de ces lentilles peut r\u00e9duire leur dur\u00e9e de vie ou entra\u00eener des fractures.<\/p>\n\n\n\n<h4 class=\"wp-block-heading\">Avantages<\/h4>\n\n\n\n<p>L&rsquo;un des avantages les plus importants qu&rsquo;une personne peut obtenir apr\u00e8s des facettes dentaires, ou des lentilles dentaires, est d&rsquo;\u00e9liminer la forme incoh\u00e9rente des dents et d&rsquo;obtenir une couleur plus blanche dans un d\u00e9lai tr\u00e8s court.<\/p>\n\n\n\n<h5 class=\"wp-block-heading\">Effets secondaires<\/h5>\n\n\n\n<p>Les effets secondaires de la pose de lentilles dentaires sont simples. Une sensibilit\u00e9 peut survenir rarement au niveau des gencives et dispara\u00eetre au cours des premiers jours. Il peut \u00e9galement y avoir une rougeur au niveau des gencives ou une l\u00e9g\u00e8re d\u00e9mangeaison en mangeant ou en buvant au cours des premiers jours.<\/p>\n\n\n\n<h3 class=\"wp-block-heading\"><strong>facettes veneers en Turquie<\/strong> Istanbul<\/h3>\n\n\n\n<p>Aujourd&rsquo;hui, la Turquie, en particulier Istanbul, est l&rsquo;une des destinations touristiques et m\u00e9dicales les plus c\u00e9l\u00e8bres, et de nombreuses personnes des pays arabes et europ\u00e9ens la visitent \u00e0 des fins touristiques ou th\u00e9rapeutiques. Les traitements dentaires en g\u00e9n\u00e9ral et les facettes esth\u00e9tiques en particulier sont class\u00e9s parmi les traitements dentaires les plus c\u00e9l\u00e8bres effectu\u00e9s dans les cliniques dentaires en Turquie, \u00e0 Istanbul.<\/p>\n\n\n\n<h4 class=\"wp-block-heading\">Co\u00fbt des Facettes Veneers<\/h4>\n\n\n\n<p>Plusieurs facteurs d\u00e9terminent le <a href=\"https:\/\/www.turkaesthetic.com\/fr\/dental\/veneer-cost\/\" data-type=\"link\" data-id=\"https:\/\/www.turkaesthetic.com\/fr\/dentistry-fr\/veneer-cost\/\" target=\"_blank\" rel=\"noreferrer noopener\">co\u00fbt des facettes veneers<\/a>, dont les plus importants sont :<\/p>\n\n\n\n<p>Le nombre de dents.<br>La qualit\u00e9.<br>L&rsquo;exp\u00e9rience du m\u00e9decin.<br>La r\u00e9putation de l\u2019h\u00f4pital ou de la clinique.<br>Les services fournis dans le cadre du forfait de traitement.<br>Le co\u00fbt est abordable pour de nombreuses personnes par rapport aux prix pratiqu\u00e9s dans d\u2019autres pays arabes et \u00e9trangers. Chez <strong>Turk Aesthetic<\/strong>, le co\u00fbt par dent est de 190 euros.pays arabes et \u00e9trangers. Chez Turk Aesthetic, le co\u00fbt par dent de placage est de 190 euros.<\/p>\n\n\n\n<h2 class=\"wp-block-heading\">FAQ &#8211; Facettes Veneers<\/h2>\n\n\n<div id=\"rank-math-faq\" class=\"rank-math-block\">\n<div class=\"rank-math-list \">\n<div id=\"faq-question-1725101624927\" class=\"rank-math-list-item\">\n<h3 class=\"rank-math-question \">Combien co\u00fbtent les facettes veneers?<\/h3>\n<div class=\"rank-math-answer \">\n\n<p>Le prix est de 190 euros par dent en moyenne.<\/p>\n\n<\/div>\n<\/div>\n<div id=\"faq-question-1725101627853\" class=\"rank-math-list-item\">\n<h3 class=\"rank-math-question \">Combien de temps durent les r\u00e9sultats ?<\/h3>\n<div class=\"rank-math-answer \">\n\n<p>Ils durent au moins 10 ans.<\/p>\n\n<\/div>\n<\/div>\n<div id=\"faq-question-1725101632840\" class=\"rank-math-list-item\">\n<h3 class=\"rank-math-question \">Quelle est la diff\u00e9rence entre les facettes veneers et les couronnes dentaires ?<\/h3>\n<div class=\"rank-math-answer \">\n\n<p>La diff\u00e9rence entre les facettes dentaires et les couronnes dentaires est que les facettes dentaires impliquent de minuscules lentilles install\u00e9es sur la surface ext\u00e9rieure des dents. Quant aux couronnes dentaires, elles recouvrent enti\u00e8rement les dents avec des mat\u00e9riaux en zircon ou en c\u00e9ramique.<\/p>\n\n<\/div>\n<\/div>\n<div id=\"faq-question-1725101637906\" class=\"rank-math-list-item\">\n<h3 class=\"rank-math-question \">Quel mat\u00e9riau est utilis\u00e9 pour fabriquer les lentilles dentaires?<\/h3>\n<div class=\"rank-math-answer \">\n\n<p>Le zircon allemand et l&rsquo;Emax am\u00e9ricain sont les mat\u00e9riaux les plus connus pour les lentilles dentaires.<\/p>\n\n<\/div>\n<\/div>\n<div id=\"faq-question-1725101642726\" class=\"rank-math-list-item\">\n<h3 class=\"rank-math-question \">Les dents sont-elles lim\u00e9es pour les facettes veneers?<\/h3>\n<div class=\"rank-math-answer \">\n\n<p>Les dents sont l\u00e9g\u00e8rement lim\u00e9es avant la pose des facettes.<\/p>\n\n<\/div>\n<\/div>\n<div id=\"faq-question-1725101647520\" class=\"rank-math-list-item\">\n<h3 class=\"rank-math-question \">Combien de temps dure le traitement ?<\/h3>\n<div class=\"rank-math-answer \">\n\n<p>Environ sept jours<\/p>\n\n<\/div>\n<\/div>\n<\/div>\n<\/div>\n\n\n<p>Enfin, vous pouvez nous <a href=\"https:\/\/www.turkaesthetic.com\/fr\/contact-us\/\" target=\"_blank\" data-type=\"link\" data-id=\"https:\/\/www.turkaesthetic.com\/fr\/contact-us\/\" rel=\"noreferrer noopener\"><strong>contacter<\/strong> <\/a>via le lien pour plus d\u2019informations avec <a href=\"https:\/\/www.youtube.com\/channel\/UC0zggzdm5CFwpRMmn_CPpFQ\" data-type=\"URL\" data-id=\"https:\/\/www.youtube.com\/channel\/UC0zggzdm5CFwpRMmn_CPpFQ\" target=\"_blank\" rel=\"noreferrer noopener\"><strong>Turk Aesthetic<\/strong><\/a>.<\/p>\n","protected":false},"excerpt":{"rendered":"<p>Les facettes veneers sont consid\u00e9r\u00e9es comme l&rsquo;une des options cosm\u00e9tiques les plus essentielles en esth\u00e9tique dentaire pour obtenir un sourire parfait. Elles font partie de la cat\u00e9gorie des coques cosm\u00e9tiques et sont appliqu\u00e9es sur les dents apr\u00e8s un l\u00e9ger limage de la surface de la dent. Le terme \u00ab facette \u00bb est d\u00e9riv\u00e9 de la [&hellip;]<\/p>\n","protected":false},"author":1,"featured_media":14769,"parent":0,"menu_order":0,"comment_status":"closed","ping_status":"closed","template":"","meta":{"footnotes":""},"dep":[1356],"class_list":["post-14762","page","type-page","status-publish","has-post-thumbnail","hentry","dep-cosmetic-dentistry"],"_links":{"self":[{"href":"https:\/\/www.turkaesthetic.com\/fr\/wp-json\/wp\/v2\/pages\/14762","targetHints":{"allow":["GET"]}}],"collection":[{"href":"https:\/\/www.turkaesthetic.com\/fr\/wp-json\/wp\/v2\/pages"}],"about":[{"href":"https:\/\/www.turkaesthetic.com\/fr\/wp-json\/wp\/v2\/types\/page"}],"author":[{"embeddable":true,"href":"https:\/\/www.turkaesthetic.com\/fr\/wp-json\/wp\/v2\/users\/1"}],"replies":[{"embeddable":true,"href":"https:\/\/www.turkaesthetic.com\/fr\/wp-json\/wp\/v2\/comments?post=14762"}],"version-history":[{"count":0,"href":"https:\/\/www.turkaesthetic.com\/fr\/wp-json\/wp\/v2\/pages\/14762\/revisions"}],"wp:featuredmedia":[{"embeddable":true,"href":"https:\/\/www.turkaesthetic.com\/fr\/wp-json\/wp\/v2\/media\/14769"}],"wp:attachment":[{"href":"https:\/\/www.turkaesthetic.com\/fr\/wp-json\/wp\/v2\/media?parent=14762"}],"wp:term":[{"taxonomy":"dep","embeddable":true,"href":"https:\/\/www.turkaesthetic.com\/fr\/wp-json\/wp\/v2\/dep?post=14762"}],"curies":[{"name":"wp","href":"https:\/\/api.w.org\/{rel}","templated":true}]}}