{"id":14612,"date":"2022-01-27T13:25:46","date_gmt":"2022-01-27T10:25:46","guid":{"rendered":"http:\/\/turkaesthetic.com\/gastric-sleeve-2\/"},"modified":"2026-04-20T15:32:10","modified_gmt":"2026-04-20T12:32:10","slug":"gastric-sleeve","status":"publish","type":"page","link":"https:\/\/www.turkaesthetic.com\/fr\/gastric-sleeve\/","title":{"rendered":"Sleeve Gastrectomie en Turquie"},"content":{"rendered":"\n<p>La sleeve gastrectomie en Turquie Istanbul est une proc\u00e9dure dans laquelle une partie de l\u2019estomac est coup\u00e9e afin de r\u00e9duire sa taille. En cons\u00e9quence, il n\u2019est pas permis de manger la m\u00eame quantit\u00e9 de nourriture que le patient avait l\u2019habitude de manger avant l\u2019op\u00e9ration parce que la taille de l\u2019estomac est devenue petite et ne s\u2019adapte pas \u00e0 la grande quantit\u00e9 de nourriture qu\u2019il avait auparavant, o\u00f9 il se sent rassasi\u00e9 en ne mangeant qu\u2019une petite quantit\u00e9 de nourriture, de sorte que le patient perd progressivement une grande partie de son poids apr\u00e8s la proc\u00e9dure.<\/p>\n\n\n\n<p>Il convient de noter que la proc\u00e9dure de sleeve gastrectomie est une solution radicale et permanente \u00e0 l\u2019ob\u00e9sit\u00e9 et que ce qui a \u00e9t\u00e9 coup\u00e9 de l\u2019estomac ne peut pas \u00eatre retourn\u00e9. Voici quelques informations rapides sur la sleeve gastrique :<\/p>\n\n\n\n<figure class=\"wp-block-table\"><table><tbody><tr><td>Anesth\u00e9sie&nbsp;<\/td><td>General<\/td><\/tr><tr><td>Dur\u00e9e du processus<\/td><td>3 heures<\/td><\/tr><tr><td>Objectif du processus<\/td><td>Lose poids&nbsp;<\/td><\/tr><tr><td>R\u00e9sultats<\/td><td>Rapide et progressif &#8211; Durer toute la vie<\/td><\/tr><tr><td>Convalescence<\/td><td>2 semaines<\/td><\/tr><tr><td>Co\u00fbt en turc Esth\u00e9tique<\/td><td>4000 &#8211; 5000 EUR<\/td><\/tr><\/tbody><\/table><figcaption class=\"wp-element-caption\">Sleeve Gastrectomie en Turquie<\/figcaption><\/figure>\n\n\n\n<h2 class=\"wp-block-heading\">Comment se d\u00e9roule l\u2019op\u00e9ration du sleeve gastrectomie?<\/h2>\n\n\n\n<p>La sleeve gastrectomie pour la perte de poids est une proc\u00e9dure qui r\u00e9duit la fonction de l\u2019estomac et prend environ deux ou trois heures sous anesth\u00e9sie compl\u00e8te du corps. Cela peut \u00eatre fait par chirurgie traditionnelle ou par endoscopie, ce qui est la meilleure option. Apr\u00e8s la perte d\u2019une partie de l\u2019estomac, la capacit\u00e9 de l\u2019estomac a \u00e9t\u00e9 r\u00e9duite \u00e0 la moiti\u00e9 ou au quart, ce qui signifie que le patient ne peut pas manger la m\u00eame quantit\u00e9 de nourriture apr\u00e8s la proc\u00e9dure de manchon gastrique.<\/p>\n\n\n\n<p>En outre, une partie coup\u00e9e de l\u2019estomac entra\u00eene une diminution de la quantit\u00e9 de l\u2019hormone du sens de la faim s\u00e9cr\u00e9t\u00e9e par l\u2019estomac, ce qui signifie que la personne ne se sent pas rassasi\u00e9e en ne mangeant qu\u2019une petite quantit\u00e9 de nourriture, mais ne ressent pas non plus de faim fr\u00e9quente en raison de la diminution de la s\u00e9cr\u00e9tion de cette hormone.<\/p>\n\n\n\n<h3 class=\"wp-block-heading\">Vid\u00e9o de la sleeve gastrectomie en T\u00fcrkiye<\/h3>\n\n\n\n<p>Une vid\u00e9o montrant la m\u00e9thode de chirurgie du sleeve gastrectomie \u00e0 Istanbul, en Turquie.<\/p>\n\n\n\n<h3 class=\"wp-block-heading\">Qui peut subir une sleeve gastrectomie en Turquie ?<\/h3>\n\n\n\n<ul class=\"wp-block-list\">\n<li>Les personnes qui veulent perdre du poids de 20 \u00e0 60 kilos.<\/li>\n\n\n\n<li>Ceux qui sont incapables de perdre du poids avec des m\u00e9thodes traditionnelles.<\/li>\n\n\n\n<li>Pour tous ceux qui souffrent de douleurs \u00e0 la colonne vert\u00e9brale et aux os dues \u00e0 un exc\u00e8s de poids<\/li>\n\n\n\n<li>Les personnes qui souffrent de certains probl\u00e8mes associ\u00e9s \u00e0 l\u2019ob\u00e9sit\u00e9, tels que l\u2019essoufflement et le diab\u00e8te de type 2, l\u2019option d\u2019un sleeve gastrectomie leur convient tr\u00e8s bien.<\/li>\n\n\n\n<li>Ceux qui souffrent d\u2019ulce d\u2019estomac, leur \u00e9tat peut convenir pour le manchon de l\u2019estomac et se d\u00e9barrasser de la partie de l\u2019estomac causant l\u2019ulc\u00e8re.<\/li>\n<\/ul>\n\n\n\n<h3 class=\"wp-block-heading\">Qui ne peut pas subir une sleeve gastrectomie ?<\/h3>\n\n\n\n<ul class=\"wp-block-list\">\n<li>Pour les moins de 18 ans (peut \u00eatre fait, mais pas pr\u00e9f\u00e9r\u00e9)<\/li>\n\n\n\n<li>Patients atteints de malaise chronique avanc\u00e9 ou contagieux.<\/li>\n\n\n\n<li>Les personnes qui souffrent d\u2019ob\u00e9sit\u00e9 simple n\u2019ont pas besoin d\u2019une solution radicale comme le manchon gastrique.<\/li>\n\n\n\n<li>La sleeve gastrectomie ne peut pas \u00eatre consid\u00e9r\u00e9 comme une solution pour ceux qui souffrent d\u2019exc\u00e8s de graisse dans le corps, le manchon n\u2019\u00e9limine pas la graisse, mais aide seulement \u00e0 perdre du poids.<\/li>\n<\/ul>\n\n\n\n<h3 class=\"wp-block-heading\">Le m\u00e9decin qui effectue la sleeve gastrectomie<\/h3>\n\n\n\n<p>La sleeve gastrectomie est une intervention chirurgicale pratiqu\u00e9e par des m\u00e9decins exp\u00e9riment\u00e9s en ob\u00e9sit\u00e9 et un service de chirurgie g\u00e9n\u00e9rale. Aucun m\u00e9decin d\u2019une autre sp\u00e9cialit\u00e9 ne peut effectuer ce type de chirurgie. Le centre doit \u00eatre fiable avec un environnement clinique hautement st\u00e9rile, et un m\u00e9decin hautement qualifi\u00e9 sont toutes des choses \u00e0 consid\u00e9rer lors du choix d\u2019un h\u00f4pital ou d\u2019un centre m\u00e9dical.<\/p>\n\n\n\n<h3 class=\"wp-block-heading\">Diff\u00e9rences entre une sleeve gastrectomie et by-pass gastrique<\/h3>\n\n\n\n<p>La&nbsp;<strong>sleeve<\/strong>&nbsp;et le&nbsp;<strong>bypass<\/strong>&nbsp;sont r\u00e9alis\u00e9es sous coelioscopie (une technique permettant d&rsquo;acc\u00e9der \u00e0 l&rsquo;int\u00e9rieur de l&rsquo;abdomen par de petites incisions de la paroi abdominale) Pour le bypass, le chirurgien va r\u00e9duire la volume de l&rsquo;estomac pour les deux cas alors que le&nbsp;<strong>bypass<\/strong>&nbsp;est r\u00e9versible, ce n\u2019est pas le cas avec la&nbsp;<strong>sleeve<\/strong>&nbsp;qui est irr\u00e9versible.<\/p>\n\n\n\n<h3 class=\"wp-block-heading\">Types d\u2019anesth\u00e9sie utilis\u00e9s<\/h3>\n\n\n\n<p>La gastrectomie en manchon peut \u00eatre r\u00e9alis\u00e9e sous anesth\u00e9sie g\u00e9n\u00e9rale du corps. Le patient doit cesser de manger et de boire 6 heures avant l\u2019op\u00e9ration pour se sentir mal \u00e0 l\u2019aise dans l\u2019estomac apr\u00e8s s\u2019\u00eatre r\u00e9veill\u00e9 de l\u2019op\u00e9ration. Le patient reste \u00e0 l\u2019h\u00f4pital pendant une ou deux nuits en cas d\u2019anesth\u00e9sie g\u00e9n\u00e9rale.<\/p>\n\n\n\n<h2 class=\"wp-block-heading\">\u00c9tapes de la proc\u00e9dure du sleeve gastrectomie en Turquie<\/h2>\n\n\n<div id=\"rank-math-howto\" class=\"rank-math-block\" >\n<div class=\"rank-math-howto-description\">\n\n<p>La proc\u00e9dure de sleeve gastrectomie passe par trois \u00e9tapes, comme dans d\u2019autres chirurgies :<\/p>\n\n<\/div>\n<p class=\"rank-math-howto-duration\"><strong>Temps total\u00a0:<\/strong> <span>3 heures<\/span><\/p>\n<div class=\"rank-math-steps \">\n<div id=\"howto-step-1676373695481\" class=\"rank-math-step\">\n<h3 class=\"rank-math-step-title \"><strong>Avant l\u2019op\u00e9ration<\/strong><\/h3>\n<div class=\"rank-math-step-content \"><img loading=\"lazy\" decoding=\"async\" width=\"1024\" height=\"682\" src=\"https:\/\/www.turkaesthetic.com\/wp-content\/uploads\/2022\/01\/befor-Gastric-Balloon.webp\" class=\"attachment-full size-full\" alt=\"Ballon gastrique en Turquie\" srcset=\"https:\/\/www.turkaesthetic.com\/wp-content\/uploads\/2022\/01\/befor-Gastric-Balloon.webp 1024w, https:\/\/www.turkaesthetic.com\/wp-content\/uploads\/2022\/01\/befor-Gastric-Balloon-300x200.webp 300w, https:\/\/www.turkaesthetic.com\/wp-content\/uploads\/2022\/01\/befor-Gastric-Balloon-768x512.webp 768w\" sizes=\"auto, (max-width: 1024px) 100vw, 1024px\" \/><p>Apr\u00e8s avoir d\u00e9cid\u00e9 de la proc\u00e9dure, le patient doit adh\u00e9rer \u00e0 de nouvelles habitudes avant la proc\u00e9dure. Les plus importantes de ces habitudes sont :<br \/>R\u00e9duisez progressivement la nourriture afin que le corps remplace sa part en lib\u00e9rant de la graisse.<br \/>Mouvement et exercice.<br \/>Le m\u00e9decin doit \u00eatre inform\u00e9 des m\u00e9dicaments qu\u2019il utilise ou de tout sympt\u00f4me de sant\u00e9, le cas \u00e9ch\u00e9ant.<br \/>Vous devez informer le m\u00e9decin si vous \u00eates allergique \u00e0 un m\u00e9dicament ou \u00e0 une substance particuli\u00e8re.<br \/>Si vous souffrez de probl\u00e8mes d\u2019estomac ou de maladies li\u00e9es \u00e0 l\u2019\u0153sophage, vous devez absolument en informer votre m\u00e9decin.<br \/>Afin d\u2019\u00e9viter toute complication ind\u00e9sirable, vous devez arr\u00eater de prendre des anticoagulants une semaine avant la proc\u00e9dure.<br \/>Arr\u00eatez de fumer et de boire de l\u2019alcool une semaine avant la proc\u00e9dure.<br \/>Le m\u00e9decin perform\u00e9s une sigmo\u00efdoscopie pour v\u00e9rifier la sant\u00e9 de l\u2019estomac avant la proc\u00e9dure.<\/p>\n<\/div>\n<\/div>\n<div id=\"howto-step-1676373748558\" class=\"rank-math-step\">\n<h3 class=\"rank-math-step-title \"><strong>Durant l\u2019op\u00e9ration\u00a0<\/strong><\/h3>\n<div class=\"rank-math-step-content \"><p>Il convient de noter que l\u2019op\u00e9ration du sleeve gastrectomie peut se faire par chirurgie ou endoscopie, et dans les deux cas, le corps re\u00e7oit une anesth\u00e9sie g\u00e9n\u00e9rale<br \/>Le processus chirurgical est le plus courant, mais il n\u2019est pas pr\u00e9f\u00e9r\u00e9 car il laisse des cicatrices chirurgicales qui n\u00e9cessitent une autre chirurgie plastique.<br \/>En ce qui concerne la proc\u00e9dure laparoscopique, elle se fait \u00e0 travers de minuscules incisions pour ins\u00e9rer l\u2019endoscope \u00e0 travers elle et terminer la proc\u00e9dure sans avoir besoin de chirurgie et d\u2019autres complications. Seul le m\u00e9decin d\u00e9cide finalement de la mani\u00e8re dont la proc\u00e9dure sera effectu\u00e9e en fonction du cas de chaque patient. La coupe est g\u00e9n\u00e9ralement faite longitudinalement \u00e0 partir de la r\u00e9gion pylorique et se termine au fond.<\/p>\n<\/div>\n<\/div>\n<div id=\"howto-step-1676373767322\" class=\"rank-math-step\">\n<h3 class=\"rank-math-step-title \"><strong>Apr\u00e8s l\u2019op\u00e9ration<\/strong><\/h3>\n<div class=\"rank-math-step-content \"><img loading=\"lazy\" decoding=\"async\" width=\"1024\" height=\"682\" src=\"https:\/\/www.turkaesthetic.com\/wp-content\/uploads\/2022\/01\/after-Gastric-Balloon.webp\" class=\"attachment-full size-full\" alt=\"Ballon gastrique en Turquie\" srcset=\"https:\/\/www.turkaesthetic.com\/wp-content\/uploads\/2022\/01\/after-Gastric-Balloon.webp 1024w, https:\/\/www.turkaesthetic.com\/wp-content\/uploads\/2022\/01\/after-Gastric-Balloon-300x200.webp 300w, https:\/\/www.turkaesthetic.com\/wp-content\/uploads\/2022\/01\/after-Gastric-Balloon-768x512.webp 768w\" sizes=\"auto, (max-width: 1024px) 100vw, 1024px\" \/><p>Apr\u00e8s l\u2019op\u00e9ration, le patient reste \u00e0 l\u2019h\u00f4pital pendant deux jours, au cours desquels il commence une \u00e9tape de la vie avec une nouvelle routine et des habitudes qui commencent par une douleur qui peut durer une semaine et peut \u00eatre \u00e9limin\u00e9e par des analg\u00e9siques. Le mouvement et l\u2019effort doivent \u00eatre \u00e9vit\u00e9s car cela prolonge la p\u00e9riode de r\u00e9cup\u00e9ration, surtout si la proc\u00e9dure est chirurgicale et non par endoscope ; Le patient peut ressentir une certaine douleur apr\u00e8s avoir mang\u00e9, mais il doit \u00eatre patient pendant un certain temps pour s\u2019habituer au nouveau r\u00e9gime. La quantit\u00e9 de nourriture doit \u00eatre r\u00e9duite, surtout pendant le premier mois. Pendant la premi\u00e8re semaine, vous devriez vous en tenir \u00e0 la nourriture l\u00e9g\u00e8re, \u00e0 la soupe et aux l\u00e9gumes seulement.<\/p>\n<\/div>\n<\/div>\n<\/div>\n<\/div>\n\n\n\n\n\n\n<h3 class=\"wp-block-heading\">Instructions de suivi du sleeve gastrectomie<\/h3>\n\n\n\n<ul class=\"wp-block-list\">\n<li>Commencez \u00e0 manger et \u00e0 boire 4 \u00e0 6 heures apr\u00e8s l\u2019op\u00e9ration.<\/li>\n\n\n\n<li>\u00c9vitez les aliments solides au cours du premier mois.<\/li>\n\n\n\n<li>Vous devez suivre le programme de r\u00e9gime fourni par le m\u00e9decin apr\u00e8s un pontage gastrique.<\/li>\n\n\n\n<li>\u00c9vitez de manger des aliments gras et glucidiques et des boissons acides.<\/li>\n\n\n\n<li>Restez \u00e0 l\u2019\u00e9cart des cigarettes, du narguil\u00e9 et de l\u2019alcool.<\/li>\n\n\n\n<li>Respect total de toutes les instructions donn\u00e9es par le m\u00e9decin.<\/li>\n<\/ul>\n\n\n\n<h3 class=\"wp-block-heading\">Avantages et inconv\u00e9nients<\/h3>\n\n\n\n<h4 class=\"wp-block-heading\">Avantages<\/h4>\n\n\n\n<ul class=\"wp-block-list\">\n<li>La proc\u00e9dure du sleeve gastrectomie est une solution radicale pour se d\u00e9barrasser de l\u2019exc\u00e8s de poids, dont toutes les solutions traditionnelles et les tentatives de se d\u00e9barrasser ont \u00e9chou\u00e9.<\/li>\n\n\n\n<li>Avec le manchon gastrique, le patient se d\u00e9barrassera des probl\u00e8mes associ\u00e9s \u00e0 l\u2019exc\u00e8s de poids, dont les plus importants sont la douleur osseuseet la colonne vert\u00e9brale, l\u2019essoufflement et la fatigue de tout simple mouvement.<\/li>\n\n\n\n<li>Le patient obtiendra une forme progressive rapide \u00e0 un corps mince et sain.<\/li>\n\n\n\n<li>D\u00e9barrassez-vous de la paresse et du manque de mouvement.<\/li>\n\n\n\n<li>Avoir confiance en soi et porter les v\u00eatements dont il r\u00eavait avant de perdrenotre vue.<\/li>\n<\/ul>\n\n\n\n<h4 class=\"wp-block-heading\">D\u00e9fauts<\/h4>\n\n\n\n<p>Apr\u00e8s la proc\u00e9dure, il peut \u00eatre accompagn\u00e9 d\u2019un sentiment de d\u00e9pression d\u2019adopter un nouveau mode de vie et une nouvelle routine, mais il s\u2019y habitue rapidement. Il n\u2019est pas possible d\u2019inverser la proc\u00e9dure de pontage gastrique avec le passage du temps en cas d\u2019aigrette r.<\/p>\n\n\n\n<h4 class=\"wp-block-heading\">Effets secondaires apr\u00e8s un pontage gastrique<\/h4>\n\n\n\n<p>Inconfort dans l\u2019estomac, naus\u00e9es et vomissements apr\u00e8s avoir mang\u00e9, surtout pendant la premi\u00e8re p\u00e9riode.<\/p>\n\n\n\n<p>La d\u00e9pression postop\u00e9ratoire est un ph\u00e9nom\u00e8ne courant avec ce type d\u2019op\u00e9ration.<\/p>\n\n\n\n<h2 class=\"wp-block-heading\">Sleeve gastrectomie en Turquie <\/h2>\n\n\n\n<p>La Turquie en g\u00e9n\u00e9ral, et Istanbul en particulier, est la destination de nombreux touristes qui visitent la Turquie pour le traitement et le tourisme en m\u00eame temps en raison de ses nombreux avantages tels que les nombreuses options, l\u2019expertise des m\u00e9decins et la qualit\u00e9 des soins de sant\u00e9. La gastrectomie en manchon est l\u2019une des options les plus importantes disponibles pour la perte de poids en Turquie, et son prix varie entre 3 500 et 4 500 euros, selon chaque centre et les d\u00e9tails de l\u2019op\u00e9ration.<\/p>\n\n\n\n<h3 class=\"wp-block-heading\">Co\u00fbt de la chirurgie du sleeve gastrectomie en Turquie Istanbul<\/h3>\n\n\n\n<p>Le co\u00fbt du sleeve gastrectomie en Turquie varie d\u2019un endroit \u00e0 l\u2019autre en fonction de plusieurs choses :<\/p>\n\n\n\n<ul class=\"wp-block-list\">\n<li>Centre m\u00e9dical ou h\u00f4pital.<\/li>\n\n\n\n<li>Exp\u00e9rience du m\u00e9decin.<\/li>\n\n\n\n<li>Le type de sleeve gastrectomie est chirurgical ou laparoscopique<\/li>\n\n\n\n<li>Services suppl\u00e9mentaires, car certains centres offrent des forfaits qui comprennent le traitement, l\u2019h\u00e9bergement et le transport.<\/li>\n<\/ul>\n\n\n\n<p>Dans Turk Aesthetic Istanbul, le co\u00fbt de la proc\u00e9dure de gastrectomie en manchon varie de 4000 \u00e0 5000 euros.<\/p>\n\n\n\n<p>Vous pouvez contacter l\u2019\u00e9quipe de Turk Aesthetic sur la page de contact pour demander le co\u00fbt du forfait de traitement avec h\u00e9bergement et transport.<\/p>\n\n\n\n<h2 class=\"wp-block-heading\">FAQ \u2013 Sleeve gastrectomie en Turquie Istanbul<\/h2>\n\n\n<div id=\"rank-math-faq\" class=\"rank-math-block\">\n<div class=\"rank-math-list \">\n<div id=\"faq-question-1676373864728\" class=\"rank-math-list-item\">\n<h3 class=\"rank-math-question \"><strong>Quel est le but d\u2019une sleeve gastrectomie ?<\/strong><\/h3>\n<div class=\"rank-math-answer \">\n\n<p>Le but de la proc\u00e9dure de sleeve gastrectomie est de perdre de l\u2019exc\u00e8s de poids et d\u2019obtenir un corps plus en forme.<\/p>\n\n<\/div>\n<\/div>\n<div id=\"faq-question-1676373872123\" class=\"rank-math-list-item\">\n<h3 class=\"rank-math-question \"><strong>Qui peut effectuer la proc\u00e9dure du sleeve gastrectomie ?<\/strong><\/h3>\n<div class=\"rank-math-answer \">\n\n<p>Tous ceux qui ont un exc\u00e8s de poids et qui n\u2019ont en aucun cas r\u00e9ussi \u00e0 s\u2019en d\u00e9barrasser, en plus de tous ceux qui souffrent de probl\u00e8mes associ\u00e9s \u00e0 l\u2019exc\u00e8s de poids.<\/p>\n\n<\/div>\n<\/div>\n<div id=\"faq-question-1676373886976\" class=\"rank-math-list-item\">\n<h3 class=\"rank-math-question \"><strong>Combien de temps dure la chirurgie du sleeve gastrectomie\u00a0?<\/strong><\/h3>\n<div class=\"rank-math-answer \">\n\n<p>La proc\u00e9dure du sleeve gastrectomie prend environ deux \u00e0 trois heures.<\/p>\n\n<\/div>\n<\/div>\n<div id=\"faq-question-1676373901742\" class=\"rank-math-list-item\">\n<h3 class=\"rank-math-question \"><strong>Le sleeve gastrectomie est-il une proc\u00e9dure difficile ou dangereuse ?<\/strong><\/h3>\n<div class=\"rank-math-answer \">\n\n<p>La proc\u00e9dure du sleeve gastrectomie est consid\u00e9r\u00e9e comme une solution radicale et irr\u00e9versible avec des r\u00e9sultats progressifs rapides. D\u2019autre part, il est consid\u00e9r\u00e9 comme une proc\u00e9dure compliqu\u00e9e par rapport au <a href=\"http:\/\/turkaesthetic.com\/fr\/gastric-balloon\/\" target=\"_blank\" data-type=\"page\" data-id=\"14804\" rel=\"noreferrer noopener\">ballon<\/a>.<\/p>\n\n<\/div>\n<\/div>\n<div id=\"faq-question-1676373917761\" class=\"rank-math-list-item\">\n<h3 class=\"rank-math-question \"><strong>Combien de poids puis-je perdre si j\u2019ai une sleeve gastrectomie ?<\/strong><\/h3>\n<div class=\"rank-math-answer \">\n\n<p>Environ 30 &#8211; 70 kilos.<\/p>\n\n<\/div>\n<\/div>\n<div id=\"faq-question-1676373931854\" class=\"rank-math-list-item\">\n<h3 class=\"rank-math-question \"><strong>Quand la proc\u00e9dure de sleeve gastrectomie commence-t-elle ?<\/strong><\/h3>\n<div class=\"rank-math-answer \">\n\n<p>Les r\u00e9sultats commencent progressivement et rapidement dans un mois, la diff\u00e9rence peut \u00eatre vue.<\/p>\n\n<\/div>\n<\/div>\n<div id=\"faq-question-1676373947449\" class=\"rank-math-list-item\">\n<h3 class=\"rank-math-question \"><strong>La proc\u00e9dure du sleeve gastrectomie est-elle douloureuse ?<\/strong><\/h3>\n<div class=\"rank-math-answer \">\n\n<p>Le patient ne ressent pas de douleur pendant l\u2019op\u00e9ration de l\u2019ongle gr\u00e2ce \u00e0 l\u2019anesth\u00e9sie compl\u00e8te du corps, mais apr\u00e8s la proc\u00e9dure, il peut ressentir une douleur qui peut \u00eatre surmont\u00e9e avec des analg\u00e9siques.<\/p>\n\n<\/div>\n<\/div>\n<div id=\"faq-question-1676373967497\" class=\"rank-math-list-item\">\n<h3 class=\"rank-math-question \"><strong>Est-il possible de boire des boissons gazeuses apr\u00e8s une proc\u00e9dure de\u00a0 la sleeve gastrectomie?<\/strong><\/h3>\n<div class=\"rank-math-answer \">\n\n<p>Les m\u00e9decins ne recommandent pas que les boissons gazeuses soient une source de liquide dans le corps, mais d\u00e9pendent plut\u00f4t de l\u2019eau et des jus naturels uniquement.<\/p>\n\n<\/div>\n<\/div>\n<\/div>\n<\/div>\n\n\n<p><strong>Enfin, vous pouvez <a href=\"http:\/\/turkaesthetic.com\/fr\/contact-us\/\" target=\"_blank\" rel=\"noreferrer noopener\">contacter <\/a>via un lien pour plus d\u2019informations de <a href=\"https:\/\/www.youtube.com\/channel\/UC0zggzdm5CFwpRMmn_CPpFQ\" target=\"_blank\" data-type=\"URL\" data-id=\"https:\/\/www.youtube.com\/channel\/UC0zggzdm5CFwpRMmn_CPpFQ\" rel=\"noreferrer noopener\">Turk Aesthetic<\/a> Istanbul.<\/strong><\/p>\n","protected":false},"excerpt":{"rendered":"<p>La sleeve gastrectomie en Turquie Istanbul est une proc\u00e9dure dans laquelle une partie de l\u2019estomac est coup\u00e9e afin de r\u00e9duire sa taille. En cons\u00e9quence, il n\u2019est pas permis de manger la m\u00eame quantit\u00e9 de nourriture que le patient avait l\u2019habitude de manger avant l\u2019op\u00e9ration parce que la taille de l\u2019estomac est devenue petite et ne [&hellip;]<\/p>\n","protected":false},"author":1,"featured_media":15288,"parent":0,"menu_order":0,"comment_status":"closed","ping_status":"closed","template":"","meta":{"footnotes":""},"dep":[1607],"class_list":["post-14612","page","type-page","status-publish","has-post-thumbnail","hentry","dep-weight-loss"],"_links":{"self":[{"href":"https:\/\/www.turkaesthetic.com\/fr\/wp-json\/wp\/v2\/pages\/14612","targetHints":{"allow":["GET"]}}],"collection":[{"href":"https:\/\/www.turkaesthetic.com\/fr\/wp-json\/wp\/v2\/pages"}],"about":[{"href":"https:\/\/www.turkaesthetic.com\/fr\/wp-json\/wp\/v2\/types\/page"}],"author":[{"embeddable":true,"href":"https:\/\/www.turkaesthetic.com\/fr\/wp-json\/wp\/v2\/users\/1"}],"replies":[{"embeddable":true,"href":"https:\/\/www.turkaesthetic.com\/fr\/wp-json\/wp\/v2\/comments?post=14612"}],"version-history":[{"count":1,"href":"https:\/\/www.turkaesthetic.com\/fr\/wp-json\/wp\/v2\/pages\/14612\/revisions"}],"predecessor-version":[{"id":74203,"href":"https:\/\/www.turkaesthetic.com\/fr\/wp-json\/wp\/v2\/pages\/14612\/revisions\/74203"}],"wp:featuredmedia":[{"embeddable":true,"href":"https:\/\/www.turkaesthetic.com\/fr\/wp-json\/wp\/v2\/media\/15288"}],"wp:attachment":[{"href":"https:\/\/www.turkaesthetic.com\/fr\/wp-json\/wp\/v2\/media?parent=14612"}],"wp:term":[{"taxonomy":"dep","embeddable":true,"href":"https:\/\/www.turkaesthetic.com\/fr\/wp-json\/wp\/v2\/dep?post=14612"}],"curies":[{"name":"wp","href":"https:\/\/api.w.org\/{rel}","templated":true}]}}