{"id":14029,"date":"2022-01-28T13:00:25","date_gmt":"2022-01-28T10:00:25","guid":{"rendered":"http:\/\/turkaesthetic.com\/clitoris-aesthetics\/"},"modified":"2025-03-27T16:08:35","modified_gmt":"2025-03-27T13:08:35","slug":"clitoris-aesthetics","status":"publish","type":"page","link":"https:\/\/www.turkaesthetic.com\/fr\/clitoris-aesthetics\/","title":{"rendered":"Esth\u00e9tique du Clitoris"},"content":{"rendered":"\n<p><strong>L&rsquo;esth\u00e9tique du clitoris<\/strong> est l&rsquo;une des interventions de <a href=\"https:\/\/www.turkaesthetic.com\/fr\/plastic-surgeries\/\" target=\"_blank\" data-type=\"page\" data-id=\"28017\" rel=\"noreferrer noopener\">chirurgie<\/a> plastique les plus reconnues li\u00e9es \u00e0 l&rsquo;appareil reproducteur f\u00e9minin. Le clitoris est un petit organe \u00e9rectile situ\u00e9 \u00e0 l&rsquo;avant des organes g\u00e9nitaux f\u00e9minins.<\/p>\n\n\n\n<p>Bien que cela puisse para\u00eetre mineur, le clitoris joue un r\u00f4le important dans l&rsquo;excitation et le plaisir f\u00e9minins. Tout probl\u00e8me dans cette zone peut affecter la capacit\u00e9 d&rsquo;une femme \u00e0 ressentir du plaisir, n\u00e9cessitant des interventions correctives pour retrouver un plaisir sexuel complet. De plus, une intervention chirurgicale inappropri\u00e9e dans cette zone peut entra\u00eener une d\u00e9tresse psychologique.<\/p>\n\n\n\n<figure class=\"wp-block-table\"><table><tbody><tr><td>Anesth\u00e9sie&nbsp;<\/td><td>S\u00e9dation ou g\u00e9n\u00e9rale&nbsp;<\/td><\/tr><tr><td>Dur\u00e9e du processus<\/td><td>1 h vers 2 h selon le cas&nbsp;<\/td><\/tr><tr><td>Objectif du processus<\/td><td>Sexuel sensation et apparence\u00a0\u00c0 vie<\/td><\/tr><tr><td>R\u00e9sultats<\/td><td>Imm\u00e9diate&nbsp;<\/td><\/tr><tr><td>Convalescence<\/td><td>Pas besoin mais accouplement qu\u2019apr\u00e8s un mois&nbsp;<\/td><\/tr><\/tbody><\/table><figcaption class=\"wp-element-caption\">Clitoridoplastie<\/figcaption><\/figure>\n\n\n\n<h2 class=\"wp-block-heading\">Anatomie du clitoris<\/h2>\n\n\n\n<p>Le clitoris f\u00e9minin est comparable au p\u00e9nis masculin. Sa partie visible mesure g\u00e9n\u00e9ralement entre 3 et 6 mm, mais peut s&rsquo;\u00e9largir jusqu&rsquo;\u00e0 6 \u00e0 10 mm lors de l&rsquo;excitation. Le capuchon clitoridien est une couche de peau qui recouvre et prot\u00e8ge le clitoris, contrairement au p\u00e9nis, qui est g\u00e9n\u00e9ralement d\u00e9couvert. Le clitoris s&rsquo;\u00e9tend \u00e9galement dans les petites zones du vagin.<\/p>\n\n\n\n<p>En r\u00e9sum\u00e9, la partie visible du clitoris est relativement petite compar\u00e9e \u00e0 celle du p\u00e9nis masculin et sa taille augmente lors de l&rsquo;excitation, comme lors d&rsquo;une \u00e9rection. La structure interne du clitoris est constitu\u00e9e d&rsquo;un tronc et de deux racines plus grosses, situ\u00e9es \u00e0 l&rsquo;int\u00e9rieur du vagin et sous les petites l\u00e8vres. L&rsquo;ensemble de cette structure clitoridienne joue un r\u00f4le important dans le plaisir f\u00e9minin&nbsp;; la stimulation de la partie externe peut provoquer une excitation, compl\u00e9tant les sensations internes ressenties lors de la p\u00e9n\u00e9tration.<\/p>\n\n\n\n<figure class=\"wp-block-embed is-type-video is-provider-youtube wp-block-embed-youtube wp-embed-aspect-16-9 wp-has-aspect-ratio\"><div class=\"wp-block-embed__wrapper\">\n<iframe loading=\"lazy\" title=\"Labiaplasty - Turk Aesthetic\" width=\"800\" height=\"450\" src=\"https:\/\/www.youtube.com\/embed\/WkJY_9-bobo?feature=oembed\" frameborder=\"0\" allow=\"accelerometer; autoplay; clipboard-write; encrypted-media; gyroscope; picture-in-picture; web-share\" referrerpolicy=\"strict-origin-when-cross-origin\" allowfullscreen><\/iframe>\n<\/div><figcaption class=\"wp-element-caption\">Esth\u00e9tique du Clitoris<\/figcaption><\/figure>\n\n\n\n<h3 class=\"wp-block-heading\">Comment se d\u00e9roule une intervention esth\u00e9tique du clitoris&nbsp;?<\/h3>\n\n\n\n<p>Les interventions esth\u00e9tiques du clitoris sont g\u00e9n\u00e9ralement consid\u00e9r\u00e9es comme simples, contrairement \u00e0 d&rsquo;autres interventions chirurgicales qui peuvent n\u00e9cessiter une convalescence prolong\u00e9e. Suivre les recommandations du chirurgien plasticien peut am\u00e9liorer la s\u00e9curit\u00e9 de l&rsquo;intervention.<\/p>\n\n\n\n<p>Pendant l&rsquo;intervention, le chirurgien engourdit la zone sous anesth\u00e9sie appropri\u00e9e avant d&rsquo;ajuster la taille du clitoris. Il retire l&rsquo;exc\u00e9dent de tissu tout en lui donnant une forme plus esth\u00e9tique et uniforme, en l&rsquo;alignant sur sa taille ou sa longueur naturelle. Une fois cette op\u00e9ration termin\u00e9e, la plaie mineure est sutur\u00e9e avec des fils biod\u00e9gradables, et la zone est band\u00e9e apr\u00e8s une courte p\u00e9riode.<\/p>\n\n\n\n<h4 class=\"wp-block-heading\">Qui peut b\u00e9n\u00e9ficier d&rsquo;une chirurgie esth\u00e9tique du clitoris&nbsp;?<\/h4>\n\n\n\n<ul class=\"wp-block-list\">\n<li>Les femmes pr\u00e9sentant une anomalie clitoridienne cong\u00e9nitale peuvent recourir \u00e0 une chirurgie esth\u00e9tique du clitoris apr\u00e8s avoir b\u00e9n\u00e9fici\u00e9 de conseils avis\u00e9s de m\u00e9decins sp\u00e9cialis\u00e9s et de l&rsquo;\u00e9quipe m\u00e9dicale de Turk Aesthetic.<\/li>\n\n\n\n<li>Ce traitement est \u00e9galement pertinent pour les femmes ayant subi des malformations suite \u00e0 l&rsquo;excision, une pratique pratiqu\u00e9e dans certaines cultures pour des raisons id\u00e9ologiques. La circoncision peut entra\u00eener des risques importants, tels que des saignements, des infections et des complications lors des rapports sexuels et de l&rsquo;accouchement, susceptibles d&rsquo;entra\u00eener d&rsquo;autres anomalies.<\/li>\n\n\n\n<li>Les femmes souffrant d&rsquo;irritation, de douleurs chroniques ou de s\u00e9cr\u00e9tions continues dans cette zone peuvent \u00e9galement envisager cette intervention, mais uniquement apr\u00e8s consultation d&rsquo;un m\u00e9decin qualifi\u00e9.<\/li>\n<\/ul>\n\n\n\n<h3 class=\"wp-block-heading\">Qui ne peut pas b\u00e9n\u00e9ficier d&rsquo;une chirurgie esth\u00e9tique du clitoris&nbsp;?<\/h3>\n\n\n\n<ul class=\"wp-block-list\">\n<li>Les jeunes filles de moins de 18\u00a0ans.<\/li>\n\n\n\n<li>Les personnes atteintes de maladies chroniques ou infectieuses.<\/li>\n\n\n\n<li>Les femmes atteintes de diab\u00e8te non contr\u00f4l\u00e9.<\/li>\n\n\n\n<li>Les personnes ob\u00e8ses, n\u00e9cessitant une modification des contours avant de se concentrer sur l&rsquo;esth\u00e9tique du clitoris.<\/li>\n<\/ul>\n\n\n\n<figure class=\"wp-block-image size-full\"><img loading=\"lazy\" decoding=\"async\" width=\"1024\" height=\"576\" src=\"http:\/\/turkaesthetic.com\/wp-content\/uploads\/2022\/01\/ClitorisAesthetic.webp\" alt=\"Esth\u00e9tique du clitoris en Turquie\" class=\"wp-image-14030\" srcset=\"https:\/\/www.turkaesthetic.com\/wp-content\/uploads\/2022\/01\/ClitorisAesthetic.webp 1024w, https:\/\/www.turkaesthetic.com\/wp-content\/uploads\/2022\/01\/ClitorisAesthetic-300x169.webp 300w, https:\/\/www.turkaesthetic.com\/wp-content\/uploads\/2022\/01\/ClitorisAesthetic-768x432.webp 768w\" sizes=\"auto, (max-width: 1024px) 100vw, 1024px\" \/><figcaption class=\"wp-element-caption\">Esth\u00e9tique du clitoris en Turquie<\/figcaption><\/figure>\n\n\n\n<h3 class=\"wp-block-heading\">Le chirurgien qui pratique la clitoroplastie&nbsp;?<\/h3>\n\n\n\n<p>L&rsquo;intervention d&rsquo;esth\u00e9tique clitoridienne est pratiqu\u00e9e simultan\u00e9ment par des gyn\u00e9cologues et des chirurgiens plasticiens. Il est essentiel que seuls des sp\u00e9cialistes de ces domaines pratiquent ce type de chirurgie. Lors du choix d&rsquo;un h\u00f4pital ou d&rsquo;une clinique, il est important de s&rsquo;assurer que l&rsquo;\u00e9tablissement est r\u00e9put\u00e9 et offre un environnement clinique hautement st\u00e9rile. De plus, l&rsquo;exp\u00e9rience du m\u00e9decin ou du chirurgien doit \u00eatre un crit\u00e8re essentiel.<\/p>\n\n\n\n<h4 class=\"wp-block-heading\">Types d&rsquo;anesth\u00e9sie utilis\u00e9s pour l&rsquo;esth\u00e9tique clitoridienne<\/h4>\n\n\n\n<p>Cette intervention peut \u00eatre r\u00e9alis\u00e9e sous anesth\u00e9sie locale ou g\u00e9n\u00e9rale, selon la pr\u00e9f\u00e9rence de la patiente et les recommandations du chirurgien. Si vous optez pour l&rsquo;anesth\u00e9sie g\u00e9n\u00e9rale, vous devez vous abstenir de manger et de boire pendant les 6 heures pr\u00e9c\u00e9dant l&rsquo;intervention. Si vous optez pour l&rsquo;anesth\u00e9sie locale, aucune nuit d&rsquo;hospitalisation n&rsquo;est n\u00e9cessaire. Cependant, l&rsquo;anesth\u00e9sie g\u00e9n\u00e9rale n\u00e9cessite g\u00e9n\u00e9ralement une nuit d&rsquo;hospitalisation. L&rsquo;intervention compl\u00e8te dure g\u00e9n\u00e9ralement une \u00e0 deux heures.st locale ou s\u00e9datif bien sur ce n\u2019est pas le cas avec l\u2019anesth\u00e9sie g\u00e9n\u00e9rale qui n\u00e9cessite strictement d\u2019hospitalisation. Le processus ne prend que 15 minutes environ.<\/p>\n\n\n\n<h3 class=\"wp-block-heading\">\u00c9tapes de la proc\u00e9dure Clitoridoplastie<\/h3>\n\n\n<div id=\"rank-math-howto\" class=\"rank-math-block\" >\n<div class=\"rank-math-howto-description\">\n\n<p>La chirurgie du clitoris passe \u00e0 travers trois \u00e9tapes comme d\u2019autres chirurgies :<\/p>\n\n<\/div>\n<p class=\"rank-math-howto-duration\"><strong>Temps total\u00a0:<\/strong> <span>50 minutes<\/span><\/p>\n<div class=\"rank-math-steps \">\n<div id=\"howto-step-1677874946899\" class=\"rank-math-step\">\n<h3 class=\"rank-math-step-title \">Avant la session<\/h3>\n<div class=\"rank-math-step-content \"><p>Il y a quelques \u00e9tapes importantes \u00e0 suivre avant la chirurgiAvant l&rsquo;intervention, il est important de suivre ces \u00e9tapes cl\u00e9s\u00a0:<br \/>\u2013 Informez votre m\u00e9decin de toute allergie \u00e0 un m\u00e9dicament ou \u00e0 une substance.<br \/>\u2013 Informez votre m\u00e9decin de toute hypertension art\u00e9rielle ou de toute maladie sexuellement transmissible.<br \/>\u2013 Fournissez-lui des informations sur les m\u00e9dicaments que vous prenez r\u00e9guli\u00e8rement.<br \/>\u2013 Pour pr\u00e9venir les saignements excessifs pendant une chirurgie clitoridienne et \u00e9viter les complications, consultez votre m\u00e9decin au moins une semaine avant l&rsquo;intervention pour savoir s&rsquo;il est possible d&rsquo;arr\u00eater les anticoagulants.<br \/>\u2013 Abstenez-vous de fumer et de boire de l&rsquo;alcool pendant une semaine avant l&rsquo;intervention.<\/p>\n<\/div>\n<\/div>\n<div id=\"howto-step-1677874978664\" class=\"rank-math-step\">\n<h3 class=\"rank-math-step-title \">Pendant la proc\u00e9dure\u00a0<\/h3>\n<div class=\"rank-math-step-content \"><p>Apr\u00e8s s&rsquo;\u00eatre assur\u00e9 que la patiente ne rencontre aucun obstacle \u00e0 l&rsquo;intervention, une anesth\u00e9sie est administr\u00e9e. Le chirurgien ajuste ensuite la taille du clitoris, en retirant l&rsquo;exc\u00e8s de tissu et en cr\u00e9ant une forme plus marqu\u00e9e et sym\u00e9trique, respectant sa taille et sa longueur naturelles. Une fois l&rsquo;intervention termin\u00e9e, la plaie est sutur\u00e9e avec des sutures biod\u00e9gradables et la zone est band\u00e9e. Une sonde urinaire est pos\u00e9e et laiss\u00e9e en place pendant 24\u00a0heures.<\/p>\n<\/div>\n<\/div>\n<div id=\"howto-step-1677875014136\" class=\"rank-math-step\">\n<h3 class=\"rank-math-step-title \">Apr\u00e8s la proc\u00e9dure<\/h3>\n<div class=\"rank-math-step-content \"><img loading=\"lazy\" decoding=\"async\" width=\"999\" height=\"768\" src=\"https:\/\/www.turkaesthetic.com\/wp-content\/uploads\/2022\/01\/after-Clitoris-Aesthetic.webp\" class=\"attachment-full size-full\" alt=\"Esth\u00e9tique du clitoris en Turquie\" srcset=\"https:\/\/www.turkaesthetic.com\/wp-content\/uploads\/2022\/01\/after-Clitoris-Aesthetic.webp 999w, https:\/\/www.turkaesthetic.com\/wp-content\/uploads\/2022\/01\/after-Clitoris-Aesthetic-300x231.webp 300w, https:\/\/www.turkaesthetic.com\/wp-content\/uploads\/2022\/01\/after-Clitoris-Aesthetic-768x590.webp 768w\" sizes=\"auto, (max-width: 999px) 100vw, 999px\" \/><p>Apr\u00e8s avoir re\u00e7u les instructions postop\u00e9ratoires, le patient peut quitter l&rsquo;h\u00f4pital le jour m\u00eame, une fois les effets de l&rsquo;anesth\u00e9sie compl\u00e8tement dissip\u00e9s. Il est conseill\u00e9 de se faire accompagner d&rsquo;un proche lors de la sortie, en raison des effets persistants de l&rsquo;anesth\u00e9sie. Il n&rsquo;est pas n\u00e9cessaire de rester \u00e0 l&rsquo;h\u00f4pital, mais il est recommand\u00e9 d&rsquo;\u00e9viter de conduire apr\u00e8s l&rsquo;intervention. De plus, pendant la p\u00e9riode initiale de convalescence, il est recommand\u00e9 de suivre un r\u00e9gime alimentaire riche en fibres et en prot\u00e9ines.<\/p>\n<\/div>\n<\/div>\n<\/div>\n<\/div>\n<p class=\"rank-math-howto-estimatedCost\"><strong>Co\u00fbt estim\u00e9\u00a0:<\/strong> <span>1450 EUR<\/span><\/p>\n\n\n\n\n\n<h3 class=\"wp-block-heading\">Conseils postop\u00e9ratoires pour l&rsquo;esth\u00e9tique du clitoris<\/h3>\n\n\n\n<p>Afin de pr\u00e9venir tout risque d&rsquo;infection, veuillez suivre scrupuleusement les recommandations du chirurgien&nbsp;:<\/p>\n\n\n\n<ul class=\"wp-block-list\">\n<li>Abstenez-vous de toute activit\u00e9 sexuelle pendant 30\u00a0jours.<\/li>\n\n\n\n<li>\u00c9vitez de boire de l&rsquo;alcool et de fumer.<\/li>\n\n\n\n<li>Respectez scrupuleusement les instructions du m\u00e9decin concernant la prise de m\u00e9dicaments.<\/li>\n<\/ul>\n\n\n\n<figure class=\"wp-block-gallery has-nested-images columns-default is-cropped wp-block-gallery-1 is-layout-flex wp-block-gallery-is-layout-flex\">\n<figure class=\"wp-block-image size-large\"><img loading=\"lazy\" decoding=\"async\" width=\"1024\" height=\"1024\" data-id=\"45287\" src=\"https:\/\/www.turkaesthetic.com\/wp-content\/uploads\/2023\/11\/before-after-clitoris-aesthetic-4-1024x1024.jpg\" alt=\"avant apr\u00e8s esth\u00e9tique du clitoris en Turquie\" class=\"wp-image-45287\" srcset=\"https:\/\/www.turkaesthetic.com\/wp-content\/uploads\/2023\/11\/before-after-clitoris-aesthetic-4-1024x1024.jpg 1024w, https:\/\/www.turkaesthetic.com\/wp-content\/uploads\/2023\/11\/before-after-clitoris-aesthetic-4-300x300.jpg 300w, https:\/\/www.turkaesthetic.com\/wp-content\/uploads\/2023\/11\/before-after-clitoris-aesthetic-4-150x150.jpg 150w, https:\/\/www.turkaesthetic.com\/wp-content\/uploads\/2023\/11\/before-after-clitoris-aesthetic-4-768x768.jpg 768w, https:\/\/www.turkaesthetic.com\/wp-content\/uploads\/2023\/11\/before-after-clitoris-aesthetic-4-1536x1536.jpg 1536w, https:\/\/www.turkaesthetic.com\/wp-content\/uploads\/2023\/11\/before-after-clitoris-aesthetic-4.jpg 2000w\" sizes=\"auto, (max-width: 1024px) 100vw, 1024px\" \/><figcaption class=\"wp-element-caption\">avant apr\u00e8s esth\u00e9tique du clitoris en Turquie<\/figcaption><\/figure>\n\n\n\n<figure class=\"wp-block-image size-large\"><img loading=\"lazy\" decoding=\"async\" width=\"1024\" height=\"1024\" data-id=\"45278\" src=\"https:\/\/www.turkaesthetic.com\/wp-content\/uploads\/2023\/11\/before-after-clitoris-aesthetic-3-1024x1024.jpg\" alt=\"avant apr\u00e8s esth\u00e9tique du clitoris en Turquie\" class=\"wp-image-45278\" srcset=\"https:\/\/www.turkaesthetic.com\/wp-content\/uploads\/2023\/11\/before-after-clitoris-aesthetic-3-1024x1024.jpg 1024w, https:\/\/www.turkaesthetic.com\/wp-content\/uploads\/2023\/11\/before-after-clitoris-aesthetic-3-300x300.jpg 300w, https:\/\/www.turkaesthetic.com\/wp-content\/uploads\/2023\/11\/before-after-clitoris-aesthetic-3-150x150.jpg 150w, https:\/\/www.turkaesthetic.com\/wp-content\/uploads\/2023\/11\/before-after-clitoris-aesthetic-3-768x768.jpg 768w, https:\/\/www.turkaesthetic.com\/wp-content\/uploads\/2023\/11\/before-after-clitoris-aesthetic-3-1536x1536.jpg 1536w, https:\/\/www.turkaesthetic.com\/wp-content\/uploads\/2023\/11\/before-after-clitoris-aesthetic-3.jpg 2000w\" sizes=\"auto, (max-width: 1024px) 100vw, 1024px\" \/><figcaption class=\"wp-element-caption\">avant apr\u00e8s esth\u00e9tique du clitoris en Turquie<\/figcaption><\/figure>\n\n\n\n<figure class=\"wp-block-image size-large\"><img loading=\"lazy\" decoding=\"async\" width=\"1024\" height=\"1024\" data-id=\"45269\" src=\"https:\/\/www.turkaesthetic.com\/wp-content\/uploads\/2023\/11\/before-after-clitoris-aesthetic-2-1024x1024.jpg\" alt=\"avant apr\u00e8s esth\u00e9tique du clitoris en Turquie\" class=\"wp-image-45269\" srcset=\"https:\/\/www.turkaesthetic.com\/wp-content\/uploads\/2023\/11\/before-after-clitoris-aesthetic-2-1024x1024.jpg 1024w, https:\/\/www.turkaesthetic.com\/wp-content\/uploads\/2023\/11\/before-after-clitoris-aesthetic-2-300x300.jpg 300w, https:\/\/www.turkaesthetic.com\/wp-content\/uploads\/2023\/11\/before-after-clitoris-aesthetic-2-150x150.jpg 150w, https:\/\/www.turkaesthetic.com\/wp-content\/uploads\/2023\/11\/before-after-clitoris-aesthetic-2-768x768.jpg 768w, https:\/\/www.turkaesthetic.com\/wp-content\/uploads\/2023\/11\/before-after-clitoris-aesthetic-2-1536x1536.jpg 1536w, https:\/\/www.turkaesthetic.com\/wp-content\/uploads\/2023\/11\/before-after-clitoris-aesthetic-2.jpg 2000w\" sizes=\"auto, (max-width: 1024px) 100vw, 1024px\" \/><figcaption class=\"wp-element-caption\">avant apr\u00e8s esth\u00e9tique du clitoris en Turquie<\/figcaption><\/figure>\n<\/figure>\n\n\n\n<h3 class=\"wp-block-heading\">Avantages et inconv\u00e9nients de la chirurgie esth\u00e9tique du clitoris<\/h3>\n\n\n\n<p><strong>Avantages<\/strong><\/p>\n\n\n\n<ul class=\"wp-block-list\">\n<li>Apr\u00e8s l&rsquo;intervention, l&rsquo;anatomie f\u00e9minine retrouve sa forme optimale et naturelle.<\/li>\n\n\n\n<li>Les patientes peuvent ressentir un plaisir accru et une plus grande intimit\u00e9.<\/li>\n\n\n\n<li>L&rsquo;intervention aide \u00e9galement \u00e0 \u00e9liminer les d\u00e9mangeaisons et les pertes d\u00e9sagr\u00e9ables.<\/li>\n\n\n\n<li>Apr\u00e8s au moins 30\u00a0jours, la patiente peut reprendre une vie sexuelle \u00e9panouie.<\/li>\n\n\n\n<li><\/li>\n<\/ul>\n\n\n\n<p><strong>Anomalies<\/strong><\/p>\n\n\n\n<ul class=\"wp-block-list\">\n<li>Les interventions esth\u00e9tiques du clitoris peuvent \u00eatre douloureuses, mais elles disparaissent g\u00e9n\u00e9ralement rapidement apr\u00e8s la prise des m\u00e9dicaments prescrits.<\/li>\n<\/ul>\n\n\n\n<p><strong>Effets secondaires possibles<\/strong><\/p>\n\n\n\n<p>Les interventions esth\u00e9tiques du clitoris peuvent entra\u00eener des effets secondaires, dont les plus notables&nbsp;:<\/p>\n\n\n\n<ul class=\"wp-block-list\">\n<li>Infections rares, qui peuvent survenir en cas de mauvaise hygi\u00e8ne ou de non-utilisation des m\u00e9dicaments n\u00e9cessaires, tels que les antibiotiques.<\/li>\n\n\n\n<li>L\u00e9g\u00e8re rougeur <a href=\"https:\/\/www.turkaesthetic.com\/fr\/genital-aesthetic\/\" target=\"_blank\" data-type=\"page\" data-id=\"53405\" rel=\"noreferrer noopener\">vaginale<\/a> dans les premiers jours suivant l&rsquo;intervention.<\/li>\n\n\n\n<li>D\u00e9mangeaisons l\u00e9g\u00e8res.<\/li>\n\n\n\n<li>L\u00e9g\u00e8re difficult\u00e9 \u00e0 marcher.<\/li>\n<\/ul>\n\n\n\n<h3 class=\"wp-block-heading\">Esth\u00e9tique du clitoris en Turquie \u00e0 Istanbul<\/h3>\n\n\n\n<p>La Turquie, et plus particuli\u00e8rement Istanbul, est devenue une destination pris\u00e9e des touristes \u00e0 la recherche de soins m\u00e9dicaux et de loisirs. Cette popularit\u00e9 s&rsquo;explique par plusieurs avantages, notamment une grande vari\u00e9t\u00e9 d&rsquo;options, l&rsquo;expertise des m\u00e9decins et la qualit\u00e9 des services de sant\u00e9. La clitoroplastie est une intervention importante en Turquie, dont les prix varient g\u00e9n\u00e9ralement entre 1&nbsp;000 et 2&nbsp;000 euros, selon la clinique et les modalit\u00e9s de l&rsquo;intervention.<\/p>\n\n\n\n<h4 class=\"wp-block-heading\">Co\u00fbt d&rsquo;une chirurgie esth\u00e9tique du clitoris en Turquie \u00e0 Istanbul<\/h4>\n\n\n\n<p>Le co\u00fbt d&rsquo;une chirurgie esth\u00e9tique du clitoris en Turquie varie en fonction de plusieurs facteurs, notamment&nbsp;:<\/p>\n\n\n\n<p>Le nom de la clinique ou de l&rsquo;h\u00f4pital&nbsp;;<br>L&rsquo;exp\u00e9rience du m\u00e9decin&nbsp;;<br>Les sp\u00e9cificit\u00e9s de l&rsquo;intervention&nbsp;;<br>Les services compl\u00e9mentaires, car certaines cliniques proposent des forfaits incluant le traitement, l&rsquo;h\u00e9bergement et le transport.<br>Chez Turk Aesthetic \u00e0 Istanbul, en Turquie, le co\u00fbt d&rsquo;une intervention d&rsquo;esth\u00e9tique clitoridienne varie de 1&nbsp;450 \u20ac \u00e0 2&nbsp;250 \u20ac.<\/p>\n\n\n\n<p>Pour conna\u00eetre les tarifs de l&rsquo;h\u00e9bergement, du transport et des autres services, vous pouvez contacter l&rsquo;\u00e9quipe de Turk Aesthetic via sa page de contact. Turk Aesthetic sur la page de contact pour demander le co\u00fbt du forfait de traitement avec h\u00e9bergement et transport.<\/p>\n\n\n\n<h2 class=\"wp-block-heading\">FAQ &#8211; Clitoridoplastie<\/h2>\n\n\n<div id=\"rank-math-faq\" class=\"rank-math-block\">\n<div class=\"rank-math-list \">\n<div id=\"faq-question-1677875189115\" class=\"rank-math-list-item\">\n<h3 class=\"rank-math-question \">Qu&rsquo;est-ce qu&rsquo;une intervention esth\u00e9tique du clitoris\u00a0?<\/h3>\n<div class=\"rank-math-answer \">\n\n<p>Une intervention esth\u00e9tique du clitoris est une chirurgie plastique visant \u00e0 remodeler l&rsquo;appareil reproducteur f\u00e9minin.<\/p>\n\n<\/div>\n<\/div>\n<div id=\"faq-question-1743080747301\" class=\"rank-math-list-item\">\n<h3 class=\"rank-math-question \">Qui peut b\u00e9n\u00e9ficier d&rsquo;une chirurgie esth\u00e9tique du clitoris\u00a0?<\/h3>\n<div class=\"rank-math-answer \">\n\n<p>Cette intervention convient aux femmes pr\u00e9sentant une malformation clitoridienne.<\/p>\n\n<\/div>\n<\/div>\n<div id=\"faq-question-1743080759636\" class=\"rank-math-list-item\">\n<h3 class=\"rank-math-question \">Combien de temps dure une intervention esth\u00e9tique du clitoris\u00a0?<\/h3>\n<div class=\"rank-math-answer \">\n\n<p>L&rsquo;intervention dure g\u00e9n\u00e9ralement entre une et deux heures, selon le cas.<\/p>\n\n<\/div>\n<\/div>\n<div id=\"faq-question-1743080762742\" class=\"rank-math-list-item\">\n<h3 class=\"rank-math-question \">La chirurgie esth\u00e9tique du clitoris est-elle difficile ou risqu\u00e9e\u00a0?<\/h3>\n<div class=\"rank-math-answer \">\n\n<p>Bien que la chirurgie esth\u00e9tique du clitoris soit g\u00e9n\u00e9ralement une intervention simple, il est essentiel de garantir la propret\u00e9, une st\u00e9rilisation ad\u00e9quate de la zone et l&rsquo;utilisation d&rsquo;antibiotiques au moment prescrit.<\/p>\n\n<\/div>\n<\/div>\n<div id=\"faq-question-1743080770348\" class=\"rank-math-list-item\">\n<h3 class=\"rank-math-question \">Combien de temps faut-il \u00e9viter les rapports sexuels apr\u00e8s l&rsquo;intervention\u00a0?<\/h3>\n<div class=\"rank-math-answer \">\n\n<p>Il est recommand\u00e9 d&rsquo;\u00e9viter les rapports sexuels pendant les 30\u00a0jours suivant l&rsquo;op\u00e9ration.<\/p>\n\n<\/div>\n<\/div>\n<div id=\"faq-question-1743080778624\" class=\"rank-math-list-item\">\n<h3 class=\"rank-math-question \">Cette intervention est-elle douloureuse\u00a0?<\/h3>\n<div class=\"rank-math-answer \">\n\n<p>Toutes les interventions chirurgicales peuvent provoquer une l\u00e9g\u00e8re douleur. Cependant, cet inconfort est g\u00e9n\u00e9ralement g\u00e9rable avec des analg\u00e9siques, qui aident \u00e0 le minimiser.<\/p>\n\n<\/div>\n<\/div>\n<\/div>\n<\/div>\n\n\n<p>Enfin, vous pouvez nous <a href=\"http:\/\/turkaesthetic.com\/fr\/contact-us\/\" target=\"_blank\" rel=\"noreferrer noopener\"><strong>contacter<\/strong> <\/a>via le lien pour demander des informations et des prix au <a href=\"https:\/\/www.youtube.com\/channel\/UC0zggzdm5CFwpRMmn_CPpFQ\" data-type=\"URL\" data-id=\"https:\/\/www.youtube.com\/channel\/UC0zggzdm5CFwpRMmn_CPpFQ\" target=\"_blank\" rel=\"noreferrer noopener\"><strong>Turk Aesthetic<\/strong><\/a>.<\/p>\n\n\n\n<p><\/p>\n","protected":false},"excerpt":{"rendered":"<p>L&rsquo;esth\u00e9tique du clitoris est l&rsquo;une des interventions de chirurgie plastique les plus reconnues li\u00e9es \u00e0 l&rsquo;appareil reproducteur f\u00e9minin. Le clitoris est un petit organe \u00e9rectile situ\u00e9 \u00e0 l&rsquo;avant des organes g\u00e9nitaux f\u00e9minins. Bien que cela puisse para\u00eetre mineur, le clitoris joue un r\u00f4le important dans l&rsquo;excitation et le plaisir f\u00e9minins. Tout probl\u00e8me dans cette zone [&hellip;]<\/p>\n","protected":false},"author":1,"featured_media":14031,"parent":0,"menu_order":0,"comment_status":"closed","ping_status":"closed","template":"","meta":{"footnotes":""},"dep":[],"class_list":["post-14029","page","type-page","status-publish","has-post-thumbnail","hentry"],"_links":{"self":[{"href":"https:\/\/www.turkaesthetic.com\/fr\/wp-json\/wp\/v2\/pages\/14029","targetHints":{"allow":["GET"]}}],"collection":[{"href":"https:\/\/www.turkaesthetic.com\/fr\/wp-json\/wp\/v2\/pages"}],"about":[{"href":"https:\/\/www.turkaesthetic.com\/fr\/wp-json\/wp\/v2\/types\/page"}],"author":[{"embeddable":true,"href":"https:\/\/www.turkaesthetic.com\/fr\/wp-json\/wp\/v2\/users\/1"}],"replies":[{"embeddable":true,"href":"https:\/\/www.turkaesthetic.com\/fr\/wp-json\/wp\/v2\/comments?post=14029"}],"version-history":[{"count":0,"href":"https:\/\/www.turkaesthetic.com\/fr\/wp-json\/wp\/v2\/pages\/14029\/revisions"}],"wp:featuredmedia":[{"embeddable":true,"href":"https:\/\/www.turkaesthetic.com\/fr\/wp-json\/wp\/v2\/media\/14031"}],"wp:attachment":[{"href":"https:\/\/www.turkaesthetic.com\/fr\/wp-json\/wp\/v2\/media?parent=14029"}],"wp:term":[{"taxonomy":"dep","embeddable":true,"href":"https:\/\/www.turkaesthetic.com\/fr\/wp-json\/wp\/v2\/dep?post=14029"}],"curies":[{"name":"wp","href":"https:\/\/api.w.org\/{rel}","templated":true}]}}