{"id":74143,"date":"2022-10-10T01:11:31","date_gmt":"2022-10-09T22:11:31","guid":{"rendered":"https:\/\/www.turkaesthetic.com\/treatment\/"},"modified":"2026-04-20T13:29:22","modified_gmt":"2026-04-20T10:29:22","slug":"medical-treatments","status":"publish","type":"page","link":"https:\/\/www.turkaesthetic.com\/es\/medical-treatments\/","title":{"rendered":"Tratamientos m\u00e9dicos"},"content":{"rendered":"\t\t<div data-elementor-type=\"wp-page\" data-elementor-id=\"74143\" class=\"elementor elementor-74143 elementor-27999\" data-elementor-post-type=\"page\">\n\t\t\t\t<div class=\"elementor-element elementor-element-b1fe79c e-flex e-con-boxed e-con e-parent\" data-id=\"b1fe79c\" data-element_type=\"container\" data-e-type=\"container\" data-settings=\"{&quot;jet_parallax_layout_list&quot;:[]}\">\n\t\t\t\t\t<div class=\"e-con-inner\">\n\t\t\t\t<div class=\"elementor-element elementor-element-c7872e0 elementor-widget elementor-widget-text-editor\" data-id=\"c7872e0\" data-element_type=\"widget\" data-e-type=\"widget\" data-widget_type=\"text-editor.default\">\n\t\t\t\t\t\t\t\t\t<p data-start=\"379\" data-end=\"531\">Los tratamientos m\u00e9dicos incluyen m\u00e9todos modernos para diagnosticar y tratar diversas condiciones de salud, ofreciendo soluciones adecuadas para cada paciente.<\/p>\t\t\t\t\t\t\t\t<\/div>\n\t\t\t\t<div class=\"elementor-element elementor-element-f5d95bb elementor-widget elementor-widget-heading\" data-id=\"f5d95bb\" data-element_type=\"widget\" data-e-type=\"widget\" data-widget_type=\"heading.default\">\n\t\t\t\t\t<h2 class=\"elementor-heading-title elementor-size-default\">Tipos de tratamientos m\u00e9dicos<\/h2>\t\t\t\t<\/div>\n\t\t\t\t<div class=\"elementor-element elementor-element-3c7136c elementor-grid-3 elementor-grid-tablet-2 elementor-grid-mobile-1 elementor-widget elementor-widget-loop-grid\" data-id=\"3c7136c\" data-element_type=\"widget\" data-e-type=\"widget\" data-settings=\"{&quot;template_id&quot;:42592,&quot;_skin&quot;:&quot;post&quot;,&quot;columns&quot;:&quot;3&quot;,&quot;columns_tablet&quot;:&quot;2&quot;,&quot;columns_mobile&quot;:&quot;1&quot;,&quot;edit_handle_selector&quot;:&quot;[data-elementor-type=\\&quot;loop-item\\&quot;]&quot;,&quot;row_gap&quot;:{&quot;unit&quot;:&quot;px&quot;,&quot;size&quot;:&quot;&quot;,&quot;sizes&quot;:[]},&quot;row_gap_tablet&quot;:{&quot;unit&quot;:&quot;px&quot;,&quot;size&quot;:&quot;&quot;,&quot;sizes&quot;:[]},&quot;row_gap_mobile&quot;:{&quot;unit&quot;:&quot;px&quot;,&quot;size&quot;:&quot;&quot;,&quot;sizes&quot;:[]}}\" data-widget_type=\"loop-grid.post\">\n\t\t\t\t<div class=\"elementor-widget-container\">\n\t\t\t\t\t\t\t<div class=\"elementor-loop-container elementor-grid\" role=\"list\">\n\t\t<style id=\"loop-42592\">.elementor-42592 .elementor-element.elementor-element-bf732c9:not(.elementor-motion-effects-element-type-background), .elementor-42592 .elementor-element.elementor-element-bf732c9 > .elementor-motion-effects-container > .elementor-motion-effects-layer{background-color:var( --e-global-color-e1468c1 );}.elementor-42592 .elementor-element.elementor-element-bf732c9{transition:background 0.3s, border 0.3s, border-radius 0.3s, box-shadow 0.3s;}.elementor-42592 .elementor-element.elementor-element-bf732c9 > .elementor-background-overlay{transition:background 0.3s, border-radius 0.3s, opacity 0.3s;}.elementor-42592 .elementor-element.elementor-element-e498a3e > .elementor-element-populated{transition:background 0.3s, border 0.3s, border-radius 0.3s, box-shadow 0.3s;}.elementor-42592 .elementor-element.elementor-element-e498a3e > .elementor-element-populated > .elementor-background-overlay{transition:background 0.3s, border-radius 0.3s, opacity 0.3s;}.elementor-widget-theme-post-featured-image .widget-image-caption{color:var( --e-global-color-text );font-family:var( --e-global-typography-text-font-family );font-size:var( --e-global-typography-text-font-size );}.elementor-42592 .elementor-element.elementor-element-5df8c95 img{border-style:solid;border-width:1px 1px 1px 1px;border-color:var( --e-global-color-primary );box-shadow:0px 0px 10px 0px rgba(0,0,0,0.5);}.elementor-widget-theme-post-title .elementor-heading-title{font-family:var( --e-global-typography-primary-font-family );font-size:var( --e-global-typography-primary-font-size );color:var( --e-global-color-primary );}.elementor-42592 .elementor-element.elementor-element-021ba80{text-align:center;padding:10px 0px 0px 0px;}.elementor-42592 .elementor-element.elementor-element-021ba80 .elementor-heading-title{font-size:18px;color:var( --e-global-color-c299597 );}.elementor-42592 .elementor-element.elementor-element-021ba80 .elementor-heading-title a:hover, .elementor-42592 .elementor-element.elementor-element-021ba80 .elementor-heading-title a:focus{color:var( --e-global-color-1603d91 );}.elementor-42592 .elementor-element.elementor-element-021ba80.elementor-element{--order:99999 \/* order end hack *\/;}@media(max-width:1024px){.elementor-widget-theme-post-featured-image .widget-image-caption{font-size:var( --e-global-typography-text-font-size );}.elementor-widget-theme-post-title .elementor-heading-title{font-size:var( --e-global-typography-primary-font-size );}.elementor-42592 .elementor-element.elementor-element-021ba80 .elementor-heading-title{font-size:16px;}}@media(max-width:767px){.elementor-widget-theme-post-featured-image .widget-image-caption{font-size:var( --e-global-typography-text-font-size );}.elementor-widget-theme-post-title .elementor-heading-title{font-size:var( --e-global-typography-primary-font-size );}.elementor-42592 .elementor-element.elementor-element-021ba80 .elementor-heading-title{font-size:14px;}}<\/style>\t\t<div data-elementor-type=\"loop-item\" data-elementor-id=\"42592\" class=\"elementor elementor-42592 e-loop-item e-loop-item-32989 post-32989 page type-page status-publish has-post-thumbnail hentry dep-treatment\" data-elementor-post-type=\"elementor_library\" data-custom-edit-handle=\"1\">\n\t\t\t\t\t<section class=\"elementor-section elementor-top-section elementor-element elementor-element-bf732c9 elementor-section-boxed elementor-section-height-default elementor-section-height-default\" data-id=\"bf732c9\" data-element_type=\"section\" data-e-type=\"section\" data-settings=\"{&quot;jet_parallax_layout_list&quot;:[],&quot;background_background&quot;:&quot;classic&quot;}\">\n\t\t\t\t\t\t<div class=\"elementor-container elementor-column-gap-default\">\n\t\t\t\t\t<div class=\"elementor-column elementor-col-100 elementor-top-column elementor-element elementor-element-e498a3e\" data-id=\"e498a3e\" data-element_type=\"column\" data-e-type=\"column\" data-settings=\"{&quot;background_background&quot;:&quot;classic&quot;}\">\n\t\t\t<div class=\"elementor-widget-wrap elementor-element-populated\">\n\t\t\t\t\t\t<div class=\"elementor-element elementor-element-5df8c95 elementor-widget elementor-widget-theme-post-featured-image elementor-widget-image\" data-id=\"5df8c95\" data-element_type=\"widget\" data-e-type=\"widget\" data-widget_type=\"theme-post-featured-image.default\">\n\t\t\t\t\t\t\t\t\t\t\t\t\t\t\t\t<a href=\"https:\/\/www.turkaesthetic.com\/es\/prp\/\">\n\t\t\t\t\t\t\t<img loading=\"lazy\" decoding=\"async\" width=\"800\" height=\"450\" src=\"https:\/\/www.turkaesthetic.com\/wp-content\/uploads\/2022\/01\/PRP-in-Turkey.webp\" class=\"elementor-animation-grow attachment-large size-large wp-image-19795\" alt=\"Tratamiento PRP en Turqu\u00eda\" srcset=\"https:\/\/www.turkaesthetic.com\/wp-content\/uploads\/2022\/01\/PRP-in-Turkey.webp 1024w, https:\/\/www.turkaesthetic.com\/wp-content\/uploads\/2022\/01\/PRP-in-Turkey-300x169.webp 300w, https:\/\/www.turkaesthetic.com\/wp-content\/uploads\/2022\/01\/PRP-in-Turkey-768x432.webp 768w\" sizes=\"auto, (max-width: 800px) 100vw, 800px\" \/>\t\t\t\t\t\t\t\t<\/a>\n\t\t\t\t\t\t\t\t\t\t\t\t\t\t\t<\/div>\n\t\t\t\t<div class=\"elementor-element elementor-element-021ba80 elementor-widget elementor-widget-theme-post-title elementor-page-title elementor-widget-heading\" data-id=\"021ba80\" data-element_type=\"widget\" data-e-type=\"widget\" data-widget_type=\"theme-post-title.default\">\n\t\t\t\t\t<h3 class=\"elementor-heading-title elementor-size-default\"><a href=\"https:\/\/www.turkaesthetic.com\/es\/prp\/\">Tratamiento PRP<\/a><\/h3>\t\t\t\t<\/div>\n\t\t\t\t\t<\/div>\n\t\t<\/div>\n\t\t\t\t\t<\/div>\n\t\t<\/section>\n\t\t\t\t<\/div>\n\t\t\t\t<div data-elementor-type=\"loop-item\" data-elementor-id=\"42592\" class=\"elementor elementor-42592 e-loop-item e-loop-item-33712 post-33712 page type-page status-publish has-post-thumbnail hentry dep-treatment\" data-elementor-post-type=\"elementor_library\" data-custom-edit-handle=\"1\">\n\t\t\t\t\t<section class=\"elementor-section elementor-top-section elementor-element elementor-element-bf732c9 elementor-section-boxed elementor-section-height-default elementor-section-height-default\" data-id=\"bf732c9\" data-element_type=\"section\" data-e-type=\"section\" data-settings=\"{&quot;jet_parallax_layout_list&quot;:[],&quot;background_background&quot;:&quot;classic&quot;}\">\n\t\t\t\t\t\t<div class=\"elementor-container elementor-column-gap-default\">\n\t\t\t\t\t<div class=\"elementor-column elementor-col-100 elementor-top-column elementor-element elementor-element-e498a3e\" data-id=\"e498a3e\" data-element_type=\"column\" data-e-type=\"column\" data-settings=\"{&quot;background_background&quot;:&quot;classic&quot;}\">\n\t\t\t<div class=\"elementor-widget-wrap elementor-element-populated\">\n\t\t\t\t\t\t<div class=\"elementor-element elementor-element-5df8c95 elementor-widget elementor-widget-theme-post-featured-image elementor-widget-image\" data-id=\"5df8c95\" data-element_type=\"widget\" data-e-type=\"widget\" data-widget_type=\"theme-post-featured-image.default\">\n\t\t\t\t\t\t\t\t\t\t\t\t\t\t\t\t<a href=\"https:\/\/www.turkaesthetic.com\/es\/test-tube-baby\/\">\n\t\t\t\t\t\t\t<img loading=\"lazy\" decoding=\"async\" width=\"800\" height=\"450\" src=\"https:\/\/www.turkaesthetic.com\/wp-content\/uploads\/2022\/01\/test-Tube-Baby-in-Turkey.webp\" class=\"elementor-animation-grow attachment-large size-large wp-image-19861\" alt=\"Fiv en Turquia\" srcset=\"https:\/\/www.turkaesthetic.com\/wp-content\/uploads\/2022\/01\/test-Tube-Baby-in-Turkey.webp 1024w, https:\/\/www.turkaesthetic.com\/wp-content\/uploads\/2022\/01\/test-Tube-Baby-in-Turkey-300x169.webp 300w, https:\/\/www.turkaesthetic.com\/wp-content\/uploads\/2022\/01\/test-Tube-Baby-in-Turkey-768x432.webp 768w\" sizes=\"auto, (max-width: 800px) 100vw, 800px\" \/>\t\t\t\t\t\t\t\t<\/a>\n\t\t\t\t\t\t\t\t\t\t\t\t\t\t\t<\/div>\n\t\t\t\t<div class=\"elementor-element elementor-element-021ba80 elementor-widget elementor-widget-theme-post-title elementor-page-title elementor-widget-heading\" data-id=\"021ba80\" data-element_type=\"widget\" data-e-type=\"widget\" data-widget_type=\"theme-post-title.default\">\n\t\t\t\t\t<h3 class=\"elementor-heading-title elementor-size-default\"><a href=\"https:\/\/www.turkaesthetic.com\/es\/test-tube-baby\/\">Fiv en Turqu\u00eda<\/a><\/h3>\t\t\t\t<\/div>\n\t\t\t\t\t<\/div>\n\t\t<\/div>\n\t\t\t\t\t<\/div>\n\t\t<\/section>\n\t\t\t\t<\/div>\n\t\t\t\t<div data-elementor-type=\"loop-item\" data-elementor-id=\"42592\" class=\"elementor elementor-42592 e-loop-item e-loop-item-42391 post-42391 page type-page status-publish has-post-thumbnail hentry dep-treatment\" data-elementor-post-type=\"elementor_library\" data-custom-edit-handle=\"1\">\n\t\t\t\t\t<section class=\"elementor-section elementor-top-section elementor-element elementor-element-bf732c9 elementor-section-boxed elementor-section-height-default elementor-section-height-default\" data-id=\"bf732c9\" data-element_type=\"section\" data-e-type=\"section\" data-settings=\"{&quot;jet_parallax_layout_list&quot;:[],&quot;background_background&quot;:&quot;classic&quot;}\">\n\t\t\t\t\t\t<div class=\"elementor-container elementor-column-gap-default\">\n\t\t\t\t\t<div class=\"elementor-column elementor-col-100 elementor-top-column elementor-element elementor-element-e498a3e\" data-id=\"e498a3e\" data-element_type=\"column\" data-e-type=\"column\" data-settings=\"{&quot;background_background&quot;:&quot;classic&quot;}\">\n\t\t\t<div class=\"elementor-widget-wrap elementor-element-populated\">\n\t\t\t\t\t\t<div class=\"elementor-element elementor-element-5df8c95 elementor-widget elementor-widget-theme-post-featured-image elementor-widget-image\" data-id=\"5df8c95\" data-element_type=\"widget\" data-e-type=\"widget\" data-widget_type=\"theme-post-featured-image.default\">\n\t\t\t\t\t\t\t\t\t\t\t\t\t\t\t\t<a href=\"https:\/\/www.turkaesthetic.com\/es\/premature-ejaculation-treatment\/\">\n\t\t\t\t\t\t\t<img loading=\"lazy\" decoding=\"async\" width=\"800\" height=\"450\" src=\"https:\/\/www.turkaesthetic.com\/wp-content\/uploads\/2023\/09\/premature-ejaculation-treatment-1024x576.webp\" class=\"elementor-animation-grow attachment-large size-large wp-image-42346\" alt=\"Tratamiento de eyaculaci\u00f3n precoz en Turqu\u00eda\" srcset=\"https:\/\/www.turkaesthetic.com\/wp-content\/uploads\/2023\/09\/premature-ejaculation-treatment-1024x576.webp 1024w, https:\/\/www.turkaesthetic.com\/wp-content\/uploads\/2023\/09\/premature-ejaculation-treatment-300x169.webp 300w, https:\/\/www.turkaesthetic.com\/wp-content\/uploads\/2023\/09\/premature-ejaculation-treatment-768x432.webp 768w, https:\/\/www.turkaesthetic.com\/wp-content\/uploads\/2023\/09\/premature-ejaculation-treatment.webp 1366w\" sizes=\"auto, (max-width: 800px) 100vw, 800px\" \/>\t\t\t\t\t\t\t\t<\/a>\n\t\t\t\t\t\t\t\t\t\t\t\t\t\t\t<\/div>\n\t\t\t\t<div class=\"elementor-element elementor-element-021ba80 elementor-widget elementor-widget-theme-post-title elementor-page-title elementor-widget-heading\" data-id=\"021ba80\" data-element_type=\"widget\" data-e-type=\"widget\" data-widget_type=\"theme-post-title.default\">\n\t\t\t\t\t<h3 class=\"elementor-heading-title elementor-size-default\"><a href=\"https:\/\/www.turkaesthetic.com\/es\/premature-ejaculation-treatment\/\">Tratamiento de Eyaculaci\u00f3n Precoz en Turqu\u00eda<\/a><\/h3>\t\t\t\t<\/div>\n\t\t\t\t\t<\/div>\n\t\t<\/div>\n\t\t\t\t\t<\/div>\n\t\t<\/section>\n\t\t\t\t<\/div>\n\t\t\t\t<div data-elementor-type=\"loop-item\" data-elementor-id=\"42592\" class=\"elementor elementor-42592 e-loop-item e-loop-item-51543 post-51543 page type-page status-publish has-post-thumbnail hentry dep-treatment\" data-elementor-post-type=\"elementor_library\" data-custom-edit-handle=\"1\">\n\t\t\t\t\t<section class=\"elementor-section elementor-top-section elementor-element elementor-element-bf732c9 elementor-section-boxed elementor-section-height-default elementor-section-height-default\" data-id=\"bf732c9\" data-element_type=\"section\" data-e-type=\"section\" data-settings=\"{&quot;jet_parallax_layout_list&quot;:[],&quot;background_background&quot;:&quot;classic&quot;}\">\n\t\t\t\t\t\t<div class=\"elementor-container elementor-column-gap-default\">\n\t\t\t\t\t<div class=\"elementor-column elementor-col-100 elementor-top-column elementor-element elementor-element-e498a3e\" data-id=\"e498a3e\" data-element_type=\"column\" data-e-type=\"column\" data-settings=\"{&quot;background_background&quot;:&quot;classic&quot;}\">\n\t\t\t<div class=\"elementor-widget-wrap elementor-element-populated\">\n\t\t\t\t\t\t<div class=\"elementor-element elementor-element-5df8c95 elementor-widget elementor-widget-theme-post-featured-image elementor-widget-image\" data-id=\"5df8c95\" data-element_type=\"widget\" data-e-type=\"widget\" data-widget_type=\"theme-post-featured-image.default\">\n\t\t\t\t\t\t\t\t\t\t\t\t\t\t\t\t<a href=\"https:\/\/www.turkaesthetic.com\/es\/urinary-incontinence\/\">\n\t\t\t\t\t\t\t<img loading=\"lazy\" decoding=\"async\" width=\"800\" height=\"450\" src=\"https:\/\/www.turkaesthetic.com\/wp-content\/uploads\/2024\/02\/urinary-incontinence-in-Turkey-1024x576.webp\" class=\"elementor-animation-grow attachment-large size-large wp-image-51448\" alt=\"\u0130ncontinencia Urinaria Tratamiento en Turqu\u00eda\" srcset=\"https:\/\/www.turkaesthetic.com\/wp-content\/uploads\/2024\/02\/urinary-incontinence-in-Turkey-1024x576.webp 1024w, https:\/\/www.turkaesthetic.com\/wp-content\/uploads\/2024\/02\/urinary-incontinence-in-Turkey-300x169.webp 300w, https:\/\/www.turkaesthetic.com\/wp-content\/uploads\/2024\/02\/urinary-incontinence-in-Turkey-768x432.webp 768w, https:\/\/www.turkaesthetic.com\/wp-content\/uploads\/2024\/02\/urinary-incontinence-in-Turkey.webp 1366w\" sizes=\"auto, (max-width: 800px) 100vw, 800px\" \/>\t\t\t\t\t\t\t\t<\/a>\n\t\t\t\t\t\t\t\t\t\t\t\t\t\t\t<\/div>\n\t\t\t\t<div class=\"elementor-element elementor-element-021ba80 elementor-widget elementor-widget-theme-post-title elementor-page-title elementor-widget-heading\" data-id=\"021ba80\" data-element_type=\"widget\" data-e-type=\"widget\" data-widget_type=\"theme-post-title.default\">\n\t\t\t\t\t<h3 class=\"elementor-heading-title elementor-size-default\"><a href=\"https:\/\/www.turkaesthetic.com\/es\/urinary-incontinence\/\">\u0130ncontinencia Urinaria Tratamiento<\/a><\/h3>\t\t\t\t<\/div>\n\t\t\t\t\t<\/div>\n\t\t<\/div>\n\t\t\t\t\t<\/div>\n\t\t<\/section>\n\t\t\t\t<\/div>\n\t\t\t\t<div data-elementor-type=\"loop-item\" data-elementor-id=\"42592\" class=\"elementor elementor-42592 e-loop-item e-loop-item-66460 post-66460 page type-page status-publish has-post-thumbnail hentry dep-treatment\" data-elementor-post-type=\"elementor_library\" data-custom-edit-handle=\"1\">\n\t\t\t\t\t<section class=\"elementor-section elementor-top-section elementor-element elementor-element-bf732c9 elementor-section-boxed elementor-section-height-default elementor-section-height-default\" data-id=\"bf732c9\" data-element_type=\"section\" data-e-type=\"section\" data-settings=\"{&quot;jet_parallax_layout_list&quot;:[],&quot;background_background&quot;:&quot;classic&quot;}\">\n\t\t\t\t\t\t<div class=\"elementor-container elementor-column-gap-default\">\n\t\t\t\t\t<div class=\"elementor-column elementor-col-100 elementor-top-column elementor-element elementor-element-e498a3e\" data-id=\"e498a3e\" data-element_type=\"column\" data-e-type=\"column\" data-settings=\"{&quot;background_background&quot;:&quot;classic&quot;}\">\n\t\t\t<div class=\"elementor-widget-wrap elementor-element-populated\">\n\t\t\t\t\t\t<div class=\"elementor-element elementor-element-5df8c95 elementor-widget elementor-widget-theme-post-featured-image elementor-widget-image\" data-id=\"5df8c95\" data-element_type=\"widget\" data-e-type=\"widget\" data-widget_type=\"theme-post-featured-image.default\">\n\t\t\t\t\t\t\t\t\t\t\t\t\t\t\t\t<a href=\"https:\/\/www.turkaesthetic.com\/es\/p-shot\/\">\n\t\t\t\t\t\t\t<img loading=\"lazy\" decoding=\"async\" width=\"800\" height=\"419\" src=\"https:\/\/www.turkaesthetic.com\/wp-content\/uploads\/2025\/09\/p-shot.webp\" class=\"elementor-animation-grow attachment-large size-large wp-image-66287\" alt=\"P-Shot en Estambul\" \/>\t\t\t\t\t\t\t\t<\/a>\n\t\t\t\t\t\t\t\t\t\t\t\t\t\t\t<\/div>\n\t\t\t\t<div class=\"elementor-element elementor-element-021ba80 elementor-widget elementor-widget-theme-post-title elementor-page-title elementor-widget-heading\" data-id=\"021ba80\" data-element_type=\"widget\" data-e-type=\"widget\" data-widget_type=\"theme-post-title.default\">\n\t\t\t\t\t<h3 class=\"elementor-heading-title elementor-size-default\"><a href=\"https:\/\/www.turkaesthetic.com\/es\/p-shot\/\">Tratamiento P-Shot<\/a><\/h3>\t\t\t\t<\/div>\n\t\t\t\t\t<\/div>\n\t\t<\/div>\n\t\t\t\t\t<\/div>\n\t\t<\/section>\n\t\t\t\t<\/div>\n\t\t\t\t<div data-elementor-type=\"loop-item\" data-elementor-id=\"42592\" class=\"elementor elementor-42592 e-loop-item e-loop-item-66577 post-66577 page type-page status-publish has-post-thumbnail hentry dep-treatment\" data-elementor-post-type=\"elementor_library\" data-custom-edit-handle=\"1\">\n\t\t\t\t\t<section class=\"elementor-section elementor-top-section elementor-element elementor-element-bf732c9 elementor-section-boxed elementor-section-height-default elementor-section-height-default\" data-id=\"bf732c9\" data-element_type=\"section\" data-e-type=\"section\" data-settings=\"{&quot;jet_parallax_layout_list&quot;:[],&quot;background_background&quot;:&quot;classic&quot;}\">\n\t\t\t\t\t\t<div class=\"elementor-container elementor-column-gap-default\">\n\t\t\t\t\t<div class=\"elementor-column elementor-col-100 elementor-top-column elementor-element elementor-element-e498a3e\" data-id=\"e498a3e\" data-element_type=\"column\" data-e-type=\"column\" data-settings=\"{&quot;background_background&quot;:&quot;classic&quot;}\">\n\t\t\t<div class=\"elementor-widget-wrap elementor-element-populated\">\n\t\t\t\t\t\t<div class=\"elementor-element elementor-element-5df8c95 elementor-widget elementor-widget-theme-post-featured-image elementor-widget-image\" data-id=\"5df8c95\" data-element_type=\"widget\" data-e-type=\"widget\" data-widget_type=\"theme-post-featured-image.default\">\n\t\t\t\t\t\t\t\t\t\t\t\t\t\t\t\t<a href=\"https:\/\/www.turkaesthetic.com\/es\/penile-implant\/\">\n\t\t\t\t\t\t\t<img loading=\"lazy\" decoding=\"async\" width=\"800\" height=\"419\" src=\"https:\/\/www.turkaesthetic.com\/wp-content\/uploads\/2025\/09\/Penis-protezi.webp\" class=\"elementor-animation-grow attachment-large size-large wp-image-66543\" alt=\"Implante de Pene\" \/>\t\t\t\t\t\t\t\t<\/a>\n\t\t\t\t\t\t\t\t\t\t\t\t\t\t\t<\/div>\n\t\t\t\t<div class=\"elementor-element elementor-element-021ba80 elementor-widget elementor-widget-theme-post-title elementor-page-title elementor-widget-heading\" data-id=\"021ba80\" data-element_type=\"widget\" data-e-type=\"widget\" data-widget_type=\"theme-post-title.default\">\n\t\t\t\t\t<h3 class=\"elementor-heading-title elementor-size-default\"><a href=\"https:\/\/www.turkaesthetic.com\/es\/penile-implant\/\">Implante de Pene<\/a><\/h3>\t\t\t\t<\/div>\n\t\t\t\t\t<\/div>\n\t\t<\/div>\n\t\t\t\t\t<\/div>\n\t\t<\/section>\n\t\t\t\t<\/div>\n\t\t\t\t<\/div>\n\t\t\n\t\t\t\t\t\t<\/div>\n\t\t\t\t<\/div>\n\t\t\t\t<div class=\"elementor-element elementor-element-1e2311f elementor-widget elementor-widget-heading\" data-id=\"1e2311f\" data-element_type=\"widget\" data-e-type=\"widget\" data-widget_type=\"heading.default\">\n\t\t\t\t\t<h2 class=\"elementor-heading-title elementor-size-default\">M\u00e1s informaci\u00f3n<\/h2>\t\t\t\t<\/div>\n\t\t\t\t<div class=\"elementor-element elementor-element-d92d8a4 elementor-widget elementor-widget-text-editor\" data-id=\"d92d8a4\" data-element_type=\"widget\" data-e-type=\"widget\" data-widget_type=\"text-editor.default\">\n\t\t\t\t\t\t\t\t\t<p data-start=\"792\" data-end=\"914\">Para conocer m\u00e1s sobre los tratamientos m\u00e9dicos y explorar todos los detalles, puedes consultar los art\u00edculos relacionados con cada condici\u00f3n.<\/p>\t\t\t\t\t\t\t\t<\/div>\n\t\t\t\t<div class=\"elementor-element elementor-element-56f7106 elementor-widget elementor-widget-button\" data-id=\"56f7106\" data-element_type=\"widget\" data-e-type=\"widget\" data-widget_type=\"button.default\">\n\t\t\t\t\t\t\t\t\t\t<a class=\"elementor-button elementor-button-link elementor-size-sm\" href=\"https:\/\/www.turkaesthetic.com\/es\/category\/treatment\/\">\n\t\t\t\t\t\t<span class=\"elementor-button-content-wrapper\">\n\t\t\t\t\t\t\t\t\t<span class=\"elementor-button-text\">Ver todos los art\u00edculos de tratamientos m\u00e9dicos<\/span>\n\t\t\t\t\t<\/span>\n\t\t\t\t\t<\/a>\n\t\t\t\t\t\t\t\t<\/div>\n\t\t\t\t\t<\/div>\n\t\t\t\t<\/div>\n\t\t\t\t<\/div>\n\t\t","protected":false},"excerpt":{"rendered":"<p>Los tratamientos m\u00e9dicos incluyen m\u00e9todos modernos para diagnosticar y tratar diversas condiciones de salud, ofreciendo soluciones adecuadas para cada paciente. Tipos de tratamientos m\u00e9dicos M\u00e1s informaci\u00f3n Para conocer m\u00e1s sobre los tratamientos m\u00e9dicos y explorar todos los detalles, puedes consultar los art\u00edculos relacionados con cada condici\u00f3n. Ver todos los art\u00edculos de tratamientos m\u00e9dicos<\/p>\n","protected":false},"author":1,"featured_media":74081,"parent":0,"menu_order":0,"comment_status":"closed","ping_status":"closed","template":"","meta":{"footnotes":""},"dep":[],"class_list":["post-74143","page","type-page","status-publish","has-post-thumbnail","hentry"],"_links":{"self":[{"href":"https:\/\/www.turkaesthetic.com\/es\/wp-json\/wp\/v2\/pages\/74143","targetHints":{"allow":["GET"]}}],"collection":[{"href":"https:\/\/www.turkaesthetic.com\/es\/wp-json\/wp\/v2\/pages"}],"about":[{"href":"https:\/\/www.turkaesthetic.com\/es\/wp-json\/wp\/v2\/types\/page"}],"author":[{"embeddable":true,"href":"https:\/\/www.turkaesthetic.com\/es\/wp-json\/wp\/v2\/users\/1"}],"replies":[{"embeddable":true,"href":"https:\/\/www.turkaesthetic.com\/es\/wp-json\/wp\/v2\/comments?post=74143"}],"version-history":[{"count":4,"href":"https:\/\/www.turkaesthetic.com\/es\/wp-json\/wp\/v2\/pages\/74143\/revisions"}],"predecessor-version":[{"id":74147,"href":"https:\/\/www.turkaesthetic.com\/es\/wp-json\/wp\/v2\/pages\/74143\/revisions\/74147"}],"wp:featuredmedia":[{"embeddable":true,"href":"https:\/\/www.turkaesthetic.com\/es\/wp-json\/wp\/v2\/media\/74081"}],"wp:attachment":[{"href":"https:\/\/www.turkaesthetic.com\/es\/wp-json\/wp\/v2\/media?parent=74143"}],"wp:term":[{"taxonomy":"dep","embeddable":true,"href":"https:\/\/www.turkaesthetic.com\/es\/wp-json\/wp\/v2\/dep?post=74143"}],"curies":[{"name":"wp","href":"https:\/\/api.w.org\/{rel}","templated":true}]}}