{"id":65712,"date":"2025-08-25T13:42:49","date_gmt":"2025-08-25T10:42:49","guid":{"rendered":"https:\/\/www.turkaesthetic.com\/?page_id=65712"},"modified":"2025-08-27T13:48:27","modified_gmt":"2025-08-27T10:48:27","slug":"e-max","status":"publish","type":"page","link":"https:\/\/www.turkaesthetic.com\/es\/e-max\/","title":{"rendered":"Carillas Dentales E Max"},"content":{"rendered":"\n<p>Las <strong>Carillas dentales E max <\/strong>se destacan como una de las soluciones m\u00e1s modernas y est\u00e9ticas en cosm\u00e9tica dental. Este m\u00e9todo, especialmente preferido por quienes buscan una apariencia natural en sus dientes frontales, est\u00e1 elaborado con material vitrocer\u00e1mico de disilicato de litio. Gracias a su durabilidad y transmisi\u00f3n de luz, proporciona resultados que se asemejan mucho a los dientes naturales. Hoy en d\u00eda, est\u00e1 ganando r\u00e1pidamente popularidad en la odontolog\u00eda mundial, ya que cumple con las expectativas tanto est\u00e9ticas como funcionales.<\/p>\n\n\n\n<h2 class=\"wp-block-heading\">\u00bfQu\u00e9 son las Carillas Dentales E Max?<\/h2>\n\n\n\n<p>Las Carillas Dentales E Max son un material mucho m\u00e1s fino, transl\u00facido y duradero que las carillas de porcelana tradicionales. Al reflejar la luz como un diente natural, proporcionan resultados est\u00e9ticos impecables, especialmente en los dientes frontales. Su perfecta coincidencia de color garantiza una armon\u00eda completamente natural con los dientes del paciente. Adem\u00e1s, a diferencia de las carillas con soporte met\u00e1lico, no produce reflejos grises en la l\u00ednea de las enc\u00edas.<\/p>\n\n\n\n<figure class=\"wp-block-embed is-type-video is-provider-youtube wp-block-embed-youtube wp-embed-aspect-16-9 wp-has-aspect-ratio\"><div class=\"wp-block-embed__wrapper\">\n<iframe loading=\"lazy\" title=\"Dental Veneers - Turk Aesthetic\" width=\"800\" height=\"450\" src=\"https:\/\/www.youtube.com\/embed\/03FDckdC-Ew?list=PLcqCyZU2kPzX40Ehz1mZX0ph89SD7Wz6v\" frameborder=\"0\" allow=\"accelerometer; autoplay; clipboard-write; encrypted-media; gyroscope; picture-in-picture; web-share\" referrerpolicy=\"strict-origin-when-cross-origin\" allowfullscreen><\/iframe>\n<\/div><figcaption class=\"wp-element-caption\"><strong>E Max \u0412\u0438\u043d\u0438\u0440\u044b<\/strong><\/figcaption><\/figure>\n\n\n\n<h4 class=\"wp-block-heading\">\u00bfPor qu\u00e9 elegir las Carillas Dentales E Max<\/h4>\n\n\n\n<p>Las principales razones por las que los pacientes prefieren E-Max son:<\/p>\n\n\n\n<ul class=\"wp-block-list\">\n<li>Apariencia natural: Ofrece una transmisi\u00f3n de luz similar a la de los dientes naturales.<\/li>\n\n\n\n<li>Durabilidad: A pesar de ser delgada, es muy resistente y puede durar muchos a\u00f1os.<\/li>\n\n\n\n<li>Sin metal: Sin riesgo de alergias y con alta compatibilidad con las enc\u00edas.<\/li>\n\n\n\n<li>Reducci\u00f3n m\u00ednima: Requiere muy poca eliminaci\u00f3n de la estructura dental natural.<\/li>\n\n\n\n<li>Estabilidad del color: No se mancha ni se decolora con el tiempo.<\/li>\n<\/ul>\n\n\n\n<h4 class=\"wp-block-heading\">\u00bfPara qui\u00e9n es adecuada?<\/h4>\n\n\n\n<p>Las carillas E-Max son una de las mejores soluciones para quienes buscan la est\u00e9tica de los dientes frontales. Suelen ser la opci\u00f3n preferida en los siguientes casos:<\/p>\n\n\n\n<ul class=\"wp-block-list\">\n<li>Decoloraci\u00f3n permanente de los dientes.<\/li>\n\n\n\n<li>Dientes frontales rotos, agrietados o deformados.<\/li>\n\n\n\n<li>Problemas de diastemas (espacios entre los dientes).<\/li>\n\n\n\n<li>Quienes desean una sonrisa m\u00e1s blanca y sim\u00e9trica.<\/li>\n\n\n\n<li>Pacientes al\u00e9rgicos a las carillas con soporte met\u00e1lico.<\/li>\n\n\n\n<li>Sin embargo, E-Max no siempre es adecuada para los dientes posteriores que soportan una fuerte presi\u00f3n masticatoria. En estos casos, la evaluaci\u00f3n del dentista es crucial.<\/li>\n<\/ul>\n\n\n\n<h2 class=\"wp-block-heading\">\u00bfC\u00f3mo se aplican las Carillas Dentales E Max?<\/h2>\n\n\n<div id=\"rank-math-howto\" class=\"rank-math-block\" >\n<div class=\"rank-math-howto-description\">\n\n<p>Aunque el proceso de tratamiento puede variar seg\u00fan las necesidades del paciente, generalmente consta de los siguientes pasos:<\/p>\n\n<\/div>\n<p class=\"rank-math-howto-duration\"><strong>Tiempo total:<\/strong> <span>5 d\u00edas<\/span><\/p>\n<div class=\"rank-math-steps \">\n<div id=\"howto-step-1756118023023\" class=\"rank-math-step\">\n<h3 class=\"rank-math-step-title \">Examen y planificaci\u00f3n:<\/h3>\n<div class=\"rank-math-step-content \"><p>El dentista examina los dientes y determina las expectativas est\u00e9ticas. Si es necesario, se crea un dise\u00f1o digital de la sonrisa.<\/p>\n<\/div>\n<\/div>\n<div id=\"howto-step-1756127110811\" class=\"rank-math-step\">\n<h3 class=\"rank-math-step-title \">Preparaci\u00f3n del diente:<\/h3>\n<div class=\"rank-math-step-content \"><p>Se retira una cantidad m\u00ednima de esmalte de la superficie dental para asegurar la correcta colocaci\u00f3n de la carilla.<\/p>\n<\/div>\n<\/div>\n<div id=\"howto-step-1756127115569\" class=\"rank-math-step\">\n<h3 class=\"rank-math-step-title \">Toma de impresi\u00f3n:<\/h3>\n<div class=\"rank-math-step-content \"><p>Se toman medidas de los dientes mediante un esc\u00e1ner digital o m\u00e9todos de impresi\u00f3n tradicionales.<\/p>\n<\/div>\n<\/div>\n<div id=\"howto-step-1756127120290\" class=\"rank-math-step\">\n<h3 class=\"rank-math-step-title \">Aplicaci\u00f3n permanente:<\/h3>\n<div class=\"rank-math-step-content \"><p>Las carillas E-Max se adhieren a los dientes con adhesivos especiales. El proceso completo suele completarse en un plazo de 5 a 7 d\u00edas.<\/p>\n<\/div>\n<\/div>\n<\/div>\n<\/div>\n<p class=\"rank-math-howto-estimatedCost\"><strong>Coste estimado:<\/strong> <span>190 Euro<\/span><\/p>\n\n\n\n\n\n<h3 class=\"wp-block-heading\">Ventajas<\/h3>\n\n\n\n<p>Ofrece el resultado est\u00e9tico m\u00e1s natural.<br>De larga duraci\u00f3n, se puede utilizar hasta 15 a\u00f1os sin problemas.<br>No da\u00f1a las enc\u00edas y es biocompatible.<br>No causa amarilleamiento ni decoloraci\u00f3n. Una de las soluciones m\u00e1s populares en dise\u00f1o de sonrisas.<\/p>\n\n\n\n<h4 class=\"wp-block-heading\">Antes y despu\u00e9s de las Carillas Dentales E Max<\/h4>\n\n\n\n<p>Antes de las carillas E-Max, los pacientes pod\u00edan presentar decoloraci\u00f3n, espacios o formas irregulares en los dientes. Despu\u00e9s del tratamiento:<\/p>\n\n\n\n<ul class=\"wp-block-list\">\n<li>Se consiguen dientes m\u00e1s blancos, est\u00e9ticos y de aspecto natural.<\/li>\n\n\n\n<li>La expresi\u00f3n facial se vuelve m\u00e1s joven y equilibrada.<\/li>\n\n\n\n<li>La <a href=\"https:\/\/www.turkaesthetic.com\/es\/hollywood-smile\/\" target=\"_blank\" data-type=\"page\" data-id=\"33382\" rel=\"noreferrer noopener\">est\u00e9tica de la sonrisa <\/a>mejora significativamente.<\/li>\n\n\n\n<li>La confianza en s\u00ed mismo del paciente aumenta<\/li>\n<\/ul>\n\n\n<style>.kb-gallery-id-65712_fbb4ec-25 .kadence-blocks-gallery-item .kb-gal-image-radius, .kb-gallery-id-65712_fbb4ec-25 .kb-slide-item .kb-gal-image-radius img{border-radius:0px 0px 0px 0px;;}.kb-gallery-wrap-id-65712_fbb4ec-25.wp-block-kadence-advancedgallery{overflow:visible;}.kb-gallery-wrap-id-65712_fbb4ec-25.wp-block-kadence-advancedgallery .kt-blocks-carousel{overflow:visible;}<\/style><div class=\"kb-gallery-wrap-id-65712_fbb4ec-25 alignnone wp-block-kadence-advancedgallery\"><div class=\"kb-gallery-ul kb-gallery-non-static kb-gallery-type-slider kb-gallery-id-65712_fbb4ec-25 kb-gallery-caption-style-bottom-hover kb-gallery-filter-none\" data-image-filter=\"none\" data-lightbox-caption=\"true\"><div class=\"kt-blocks-carousel splide kt-carousel-container-dotstyle-dark kt-carousel-arrowstyle-whiteondark kt-carousel-dotstyle-dark kb-slider-group-arrow kb-slider-arrow-position-center\" data-slider-anim-speed=\"400\" data-slider-scroll=\"1\" data-slider-arrows=\"true\" data-slider-fade=\"true\" data-slider-dots=\"true\" data-slider-type=\"slider\" data-slider-hover-pause=\"false\" data-slider-auto=\"\" data-slider-speed=\"7000\" data-show-pause-button=\"false\"><div class=\"splide__track\"><ul class=\"kt-blocks-carousel-init kb-blocks-slider splide__list\"><li class=\"kb-slide-item kb-gallery-slide-item splide__slide\"><div class=\"kadence-blocks-gallery-item\"><div class=\"kadence-blocks-gallery-item-inner\"><figure class=\"kb-gallery-figure kadence-blocks-gallery-item-hide-caption\"><div class=\"kb-gal-image-radius\"><div class=\"kb-gallery-image-contain kadence-blocks-gallery-intrinsic kb-gallery-image-ratio-land32 kb-has-image-ratio-land32\" ><img loading=\"lazy\" decoding=\"async\" src=\"https:\/\/www.turkaesthetic.com\/wp-content\/uploads\/2023\/12\/Hollywood-smile-before-after-8.webp\" width=\"1200\" height=\"800\" alt=\"emax kaplama \u00f6ncesi ve sonras\u0131\" data-full-image=\"https:\/\/www.turkaesthetic.com\/wp-content\/uploads\/2023\/12\/Hollywood-smile-before-after-8.webp\" data-light-image=\"https:\/\/www.turkaesthetic.com\/wp-content\/uploads\/2023\/12\/Hollywood-smile-before-after-8.webp\" data-id=\"49486\" class=\"wp-image-49486 skip-lazy\"\/><\/div><\/div><\/figure><\/div><\/div><\/li><li class=\"kb-slide-item kb-gallery-slide-item splide__slide\"><div class=\"kadence-blocks-gallery-item\"><div class=\"kadence-blocks-gallery-item-inner\"><figure class=\"kb-gallery-figure kadence-blocks-gallery-item-hide-caption\"><div class=\"kb-gal-image-radius\"><div class=\"kb-gallery-image-contain kadence-blocks-gallery-intrinsic kb-gallery-image-ratio-land32 kb-has-image-ratio-land32\" ><img loading=\"lazy\" decoding=\"async\" src=\"https:\/\/www.turkaesthetic.com\/wp-content\/uploads\/2023\/12\/Hollywood-smile-before-after-9.webp\" width=\"1200\" height=\"800\" alt=\"emax kaplama \u00f6ncesi ve sonras\u0131\" data-full-image=\"https:\/\/www.turkaesthetic.com\/wp-content\/uploads\/2023\/12\/Hollywood-smile-before-after-9.webp\" data-light-image=\"https:\/\/www.turkaesthetic.com\/wp-content\/uploads\/2023\/12\/Hollywood-smile-before-after-9.webp\" data-id=\"49495\" class=\"wp-image-49495 skip-lazy\"\/><\/div><\/div><\/figure><\/div><\/div><\/li><li class=\"kb-slide-item kb-gallery-slide-item splide__slide\"><div class=\"kadence-blocks-gallery-item\"><div class=\"kadence-blocks-gallery-item-inner\"><figure class=\"kb-gallery-figure kadence-blocks-gallery-item-hide-caption\"><div class=\"kb-gal-image-radius\"><div class=\"kb-gallery-image-contain kadence-blocks-gallery-intrinsic kb-gallery-image-ratio-land32 kb-has-image-ratio-land32\" ><img loading=\"lazy\" decoding=\"async\" src=\"https:\/\/www.turkaesthetic.com\/wp-content\/uploads\/2023\/12\/Hollywood-smile-before-after-10.webp\" width=\"1200\" height=\"800\" alt=\"emax kaplama \u00f6ncesi ve sonras\u0131\" data-full-image=\"https:\/\/www.turkaesthetic.com\/wp-content\/uploads\/2023\/12\/Hollywood-smile-before-after-10.webp\" data-light-image=\"https:\/\/www.turkaesthetic.com\/wp-content\/uploads\/2023\/12\/Hollywood-smile-before-after-10.webp\" data-id=\"49504\" class=\"wp-image-49504 skip-lazy\"\/><\/div><\/div><\/figure><\/div><\/div><\/li><li class=\"kb-slide-item kb-gallery-slide-item splide__slide\"><div class=\"kadence-blocks-gallery-item\"><div class=\"kadence-blocks-gallery-item-inner\"><figure class=\"kb-gallery-figure kadence-blocks-gallery-item-hide-caption\"><div class=\"kb-gal-image-radius\"><div class=\"kb-gallery-image-contain kadence-blocks-gallery-intrinsic kb-gallery-image-ratio-land32 kb-has-image-ratio-land32\" ><img loading=\"lazy\" decoding=\"async\" src=\"https:\/\/www.turkaesthetic.com\/wp-content\/uploads\/2023\/12\/Hollywood-smile-before-after-11.webp\" width=\"1200\" height=\"800\" alt=\"emax kaplama \u00f6ncesi ve sonras\u0131\" data-full-image=\"https:\/\/www.turkaesthetic.com\/wp-content\/uploads\/2023\/12\/Hollywood-smile-before-after-11.webp\" data-light-image=\"https:\/\/www.turkaesthetic.com\/wp-content\/uploads\/2023\/12\/Hollywood-smile-before-after-11.webp\" data-id=\"49513\" class=\"wp-image-49513 skip-lazy\"\/><\/div><\/div><\/figure><\/div><\/div><\/li><\/ul><\/div><\/div><\/div><\/div>\n\n\n<h3 class=\"wp-block-heading\">\u00bfC\u00f3mo cuidar las Carillas Dentales E Max?<\/h3>\n\n\n\n<p>Las carillas E-Max no requieren ning\u00fan cuidado especial. Con el cepillado diario, el uso de hilo dental y las revisiones dentales regulares, pueden usarse durante muchos a\u00f1os sin problemas.<br>Evitar el h\u00e1bito de romper alimentos \u00e1speros con los dientes tambi\u00e9n ayuda a prolongar la vida \u00fatil de las carillas.<\/p>\n\n\n\n<h4 class=\"wp-block-heading\">El costo de las carillas E-Max<\/h4>\n\n\n\n<p>Los precios var\u00edan seg\u00fan el material utilizado, la experiencia del dentista y la ubicaci\u00f3n de la cl\u00ednica. En general, las carillas E-Max son ligeramente m\u00e1s caras que las de porcelana y zirconio. Sin embargo, considerando sus resultados est\u00e9ticos y duraderos, la mayor\u00eda de los pacientes consideran que vale la pena la inversi\u00f3n.<\/p>\n\n\n\n<p>En Turk Aesthetic, el precio de una carilla E-Max es de 190 \u20ac por diente.<\/p>\n\n\n\n<h2 class=\"wp-block-heading\">Preguntas frecuentes sobre Carillas Dentales E Max<\/h2>\n\n\n<div id=\"rank-math-faq\" class=\"rank-math-block\">\n<div class=\"rank-math-list \">\n<div id=\"faq-question-1756118181771\" class=\"rank-math-list-item\">\n<h3 class=\"rank-math-question \">\u00bfSon duraderas las Carillas Dentales E Max?<\/h3>\n<div class=\"rank-math-answer \">\n\n<p>S\u00ed, si se aplican correctamente y se mantienen con un cuidado regular, duran muchos a\u00f1os.<\/p>\n\n<\/div>\n<\/div>\n<div id=\"faq-question-1756127179438\" class=\"rank-math-list-item\">\n<h3 class=\"rank-math-question \">\u00bfCu\u00e1ntos d\u00edas dura el tratamiento?<\/h3>\n<div class=\"rank-math-answer \">\n\n<p> Generalmente se completan en 5 a 7 d\u00edas.<\/p>\n\n<\/div>\n<\/div>\n<div id=\"faq-question-1756127185636\" class=\"rank-math-list-item\">\n<h3 class=\"rank-math-question \">\u00bfTienen un aspecto natural?<\/h3>\n<div class=\"rank-math-answer \">\n\n<p>S\u00ed, gracias a su transmisi\u00f3n de luz, ofrecen el aspecto m\u00e1s natural, similar al de los dientes reales.<\/p>\n\n<\/div>\n<\/div>\n<div id=\"faq-question-1756127190798\" class=\"rank-math-list-item\">\n<h3 class=\"rank-math-question \">\u00bfCambian de color con el tiempo?<\/h3>\n<div class=\"rank-math-answer \">\n\n<p>No, con el cuidado adecuado, mantienen el color estable.<\/p>\n\n<\/div>\n<\/div>\n<div id=\"faq-question-1756127196294\" class=\"rank-math-list-item\">\n<h3 class=\"rank-math-question \">\u00bfSe pueden aplicar en todos los dientes?<\/h3>\n<div class=\"rank-math-answer \">\n\n<p>Se prefieren principalmente para los dientes frontales. Para los dientes posteriores, es necesaria la evaluaci\u00f3n del dentista.<\/p>\n\n<\/div>\n<\/div>\n<\/div>\n<\/div>\n\n\n<p><strong>Conclusi\u00f3n<\/strong><\/p>\n\n\n\n<p>Las carillas E-Max son uno de los tipos de carillas m\u00e1s avanzados, que cumplen con las expectativas tanto est\u00e9ticas como funcionales. Gracias a su transmisi\u00f3n de luz natural, durabilidad y biocompatibilidad, se destacan como una excelente opci\u00f3n. Son especialmente ideales para quienes desean dientes frontales naturales, blancos y sim\u00e9tricos para una sonrisa per.<\/p>\n\n\n\n<p>Para m\u00e1s informaci\u00f3n o solicitar precios, puede&nbsp;<a href=\"https:\/\/www.turkaesthetic.com\/es\/contact-us\/\" target=\"_blank\" rel=\"noreferrer noopener\">contactar<\/a>&nbsp;con&nbsp;<a href=\"https:\/\/www.youtube.com\/channel\/UC0zggzdm5CFwpRMmn_CPpFQ\" target=\"_blank\" rel=\"noreferrer noopener\">Turk Aesthetic<\/a>&nbsp;en Estambul, Turqu\u00eda, a trav\u00e9s de sus canales oficiales.<br><br><br><br><\/p>\n","protected":false},"excerpt":{"rendered":"<p>Las Carillas dentales E max se destacan como una de las soluciones m\u00e1s modernas y est\u00e9ticas en cosm\u00e9tica dental. Este m\u00e9todo, especialmente preferido por quienes buscan una apariencia natural en sus dientes frontales, est\u00e1 elaborado con material vitrocer\u00e1mico de disilicato de litio. Gracias a su durabilidad y transmisi\u00f3n de luz, proporciona resultados que se asemejan [&hellip;]<\/p>\n","protected":false},"author":4,"featured_media":65679,"parent":0,"menu_order":0,"comment_status":"closed","ping_status":"closed","template":"","meta":{"footnotes":""},"dep":[1356],"class_list":["post-65712","page","type-page","status-publish","has-post-thumbnail","hentry","dep-cosmetic-dentistry"],"_links":{"self":[{"href":"https:\/\/www.turkaesthetic.com\/es\/wp-json\/wp\/v2\/pages\/65712","targetHints":{"allow":["GET"]}}],"collection":[{"href":"https:\/\/www.turkaesthetic.com\/es\/wp-json\/wp\/v2\/pages"}],"about":[{"href":"https:\/\/www.turkaesthetic.com\/es\/wp-json\/wp\/v2\/types\/page"}],"author":[{"embeddable":true,"href":"https:\/\/www.turkaesthetic.com\/es\/wp-json\/wp\/v2\/users\/4"}],"replies":[{"embeddable":true,"href":"https:\/\/www.turkaesthetic.com\/es\/wp-json\/wp\/v2\/comments?post=65712"}],"version-history":[{"count":0,"href":"https:\/\/www.turkaesthetic.com\/es\/wp-json\/wp\/v2\/pages\/65712\/revisions"}],"wp:featuredmedia":[{"embeddable":true,"href":"https:\/\/www.turkaesthetic.com\/es\/wp-json\/wp\/v2\/media\/65679"}],"wp:attachment":[{"href":"https:\/\/www.turkaesthetic.com\/es\/wp-json\/wp\/v2\/media?parent=65712"}],"wp:term":[{"taxonomy":"dep","embeddable":true,"href":"https:\/\/www.turkaesthetic.com\/es\/wp-json\/wp\/v2\/dep?post=65712"}],"curies":[{"name":"wp","href":"https:\/\/api.w.org\/{rel}","templated":true}]}}