{"id":65177,"date":"2025-08-01T12:10:06","date_gmt":"2025-08-01T09:10:06","guid":{"rendered":"https:\/\/www.turkaesthetic.com\/?page_id=65177"},"modified":"2025-08-08T15:36:04","modified_gmt":"2025-08-08T12:36:04","slug":"teeth-cleaning","status":"publish","type":"page","link":"https:\/\/www.turkaesthetic.com\/es\/teeth-cleaning\/","title":{"rendered":"Limpieza Dental"},"content":{"rendered":"\n<p>La <strong>limpieza dental<\/strong> es el proceso de eliminar la placa, el sarro y las manchas acumuladas en la boca mediante dispositivos especiales realizados por dentistas profesionales. Aunque a menudo se considera \u00absencilla\u00bb, la limpieza dental regular desempe\u00f1a un papel fundamental en la prevenci\u00f3n de enfermedades de las enc\u00edas y la p\u00e9rdida de dientes. Gracias a los avances tecnol\u00f3gicos, la limpieza del sarro ahora se realiza de forma m\u00e1s r\u00e1pida, c\u00f3moda y eficaz.<\/p>\n\n\n\n<h2 class=\"wp-block-heading\">\u00bfPor qu\u00e9 es necesaria la limpieza dental?<\/h2>\n\n\n\n<p>Las bacterias en la boca conducen gradualmente a la formaci\u00f3n de placa, que con el tiempo se endurece y se convierte en sarro (tambi\u00e9n conocido como c\u00e1lculo) en la superficie dental. Estos dep\u00f3sitos pueden causar:<\/p>\n\n\n\n<ul class=\"wp-block-list\">\n<li>Inflamaci\u00f3n de las enc\u00edas (gingivitis).<\/li>\n\n\n\n<li>Recesi\u00f3n <a href=\"https:\/\/www.turkaesthetic.com\/es\/dentistry-es\/gummy-smile\/\" target=\"_blank\" data-type=\"post\" data-id=\"34949\" rel=\"noreferrer noopener\">gingival<\/a>.<\/li>\n\n\n\n<li>Mal aliento.<\/li>\n\n\n\n<li>P\u00e9rdida de dientes.<\/li>\n\n\n\n<li>Coloraci\u00f3n amarillenta de la superficie dental.<\/li>\n\n\n\n<li>El cepillado y el uso de hilo dental en casa no pueden prevenir por completo estas formaciones. En este punto, la limpieza profesional se vuelve esencial.<\/li>\n<\/ul>\n\n\n\n<h2 class=\"wp-block-heading\">\u00bfC\u00f3mo se realiza?<\/h2>\n\n\n<div id=\"rank-math-howto\" class=\"rank-math-block\" >\n<div class=\"rank-math-howto-description\">\n\n<p>El procedimiento generalmente incluye los siguientes pasos:<\/p>\n\n<\/div>\n<p class=\"rank-math-howto-duration\"><strong>Tiempo total:<\/strong> <span>15 minutos<\/span><\/p>\n<div class=\"rank-math-steps \">\n<div id=\"howto-step-1754038907495\" class=\"rank-math-step\">\n<h3 class=\"rank-math-step-title \">Examen<\/h3>\n<div class=\"rank-math-step-content \"><p>El dentista o higienista examina los dientes.<\/p>\n<\/div>\n<\/div>\n<div id=\"howto-step-1754560479173\" class=\"rank-math-step\">\n<h3 class=\"rank-math-step-title \">Limpieza ultras\u00f3nica<\/h3>\n<div class=\"rank-math-step-content \"><p>Los dispositivos ultras\u00f3nicos que funcionan con vibraciones de alta frecuencia eliminan los dep\u00f3sitos de sarro m\u00e1s grandes.<\/p>\n<\/div>\n<\/div>\n<div id=\"howto-step-1754560484481\" class=\"rank-math-step\">\n<h3 class=\"rank-math-step-title \">Limpieza manual<\/h3>\n<div class=\"rank-math-step-content \"><p>La placa y el sarro restantes se eliminan con herramientas manuales especiales.<\/p>\n<\/div>\n<\/div>\n<div id=\"howto-step-1754560489079\" class=\"rank-math-step\">\n<h3 class=\"rank-math-step-title \">Pulido<\/h3>\n<div class=\"rank-math-step-content \"><p>La superficie dental se pule con cepillos de baja velocidad.<\/p>\n<\/div>\n<\/div>\n<div id=\"howto-step-1754560501341\" class=\"rank-math-step\">\n<h3 class=\"rank-math-step-title \">Aplicaci\u00f3n de fl\u00faor<\/h3>\n<div class=\"rank-math-step-content \"><p>Se puede aplicar un gel de fl\u00faor para fortalecer el esmalte dental.<\/p>\n<\/div>\n<\/div>\n<\/div>\n<\/div>\n<p class=\"rank-math-howto-estimatedCost\"><strong>Coste estimado:<\/strong> <span>50 Euro<\/span><\/p>\n\n\n\n\n\n<figure class=\"wp-block-embed is-type-video is-provider-youtube wp-block-embed-youtube wp-embed-aspect-16-9 wp-has-aspect-ratio\"><div class=\"wp-block-embed__wrapper\">\n<iframe loading=\"lazy\" title=\"Teeth Cleaning - Turk Aesthetic\" width=\"800\" height=\"450\" src=\"https:\/\/www.youtube.com\/embed\/WTg4TjfAHX4?feature=oembed\" frameborder=\"0\" allow=\"accelerometer; autoplay; clipboard-write; encrypted-media; gyroscope; picture-in-picture; web-share\" referrerpolicy=\"strict-origin-when-cross-origin\" allowfullscreen><\/iframe>\n<\/div><figcaption class=\"wp-element-caption\">Limpieza Dental<\/figcaption><\/figure>\n\n\n\n<h4 class=\"wp-block-heading\">\u00bfQui\u00e9n deber\u00eda hacerse una limpieza dental?<\/h4>\n\n\n\n<ul class=\"wp-block-list\">\n<li>Personas con sangrado de enc\u00edas.<\/li>\n\n\n\n<li>Personas con mal aliento.<\/li>\n\n\n\n<li>Personas con acumulaci\u00f3n visible de sarro.<\/li>\n\n\n\n<li>Fumadores empedernidos y bebedores frecuentes de caf\u00e9 o t\u00e9.<\/li>\n\n\n\n<li>Personas en tratamiento de ortodoncia.<\/li>\n\n\n\n<li>La limpieza dental es un tratamiento preventivo que se recomienda cada 6 meses. Sin embargo, dado que la formaci\u00f3n de sarro var\u00eda de persona a persona, algunos pacientes pueden necesitarla cada 3 meses.<\/li>\n<\/ul>\n\n\n\n<h5 class=\"wp-block-heading\">Ventajas<\/h5>\n\n\n\n<ul class=\"wp-block-list\">\n<li>Mantiene la salud de las enc\u00edas.<\/li>\n\n\n\n<li>Reduce el riesgo de p\u00e9rdida de dientes.<\/li>\n\n\n\n<li>Previene el mal aliento.<\/li>\n\n\n\n<li>Elimina manchas superficiales, mejorando la est\u00e9tica dental.<\/li>\n\n\n\n<li>Mejora la eficacia del cuidado en casa.<\/li>\n<\/ul>\n\n\n\n<h3 class=\"wp-block-heading\">Antes y despu\u00e9s<\/h3>\n\n\n\n<p>Antes de la limpieza, los dientes pueden verse amarillos, tener acumulaci\u00f3n de sarro y, ocasionalmente, sangrar. Despu\u00e9s de la limpieza:<\/p>\n\n\n\n<ul class=\"wp-block-list\">\n<li>Los dientes lucen m\u00e1s brillantes y suaves.<\/li>\n\n\n\n<li>Las enc\u00edas se vuelven rosadas y el sangrado disminuye.<\/li>\n\n\n\n<li>Se nota una ligera sensaci\u00f3n de frescor en la boca.<\/li>\n\n\n\n<li>Una leve sensibilidad el primer d\u00eda es normal y suele desaparecer r\u00e1pidamente.<\/li>\n<\/ul>\n\n\n<style>.kb-gallery-id-65177_a061ea-55 .kadence-blocks-gallery-item .kb-gal-image-radius, .kb-gallery-id-65177_a061ea-55 .kb-slide-item .kb-gal-image-radius img{border-radius:0px 0px 0px 0px;;}.kb-gallery-wrap-id-65177_a061ea-55.wp-block-kadence-advancedgallery{overflow:visible;}.kb-gallery-wrap-id-65177_a061ea-55.wp-block-kadence-advancedgallery .kt-blocks-carousel{overflow:visible;}<\/style><div class=\"kb-gallery-wrap-id-65177_a061ea-55 alignnone wp-block-kadence-advancedgallery\"><div class=\"kb-gallery-ul kb-gallery-non-static kb-gallery-type-slider kb-gallery-id-65177_a061ea-55 kb-gallery-caption-style-bottom-hover kb-gallery-filter-none\" data-image-filter=\"none\" data-lightbox-caption=\"true\"><div class=\"kt-blocks-carousel splide kt-carousel-container-dotstyle-dark kt-carousel-arrowstyle-whiteondark kt-carousel-dotstyle-dark kb-slider-group-arrow kb-slider-arrow-position-center\" data-slider-anim-speed=\"400\" data-slider-scroll=\"1\" data-slider-arrows=\"true\" data-slider-fade=\"true\" data-slider-dots=\"true\" data-slider-type=\"slider\" data-slider-hover-pause=\"false\" data-slider-auto=\"\" data-slider-speed=\"7000\" data-show-pause-button=\"false\"><div class=\"splide__track\"><ul class=\"kt-blocks-carousel-init kb-blocks-slider splide__list\"><li class=\"kb-slide-item kb-gallery-slide-item splide__slide\"><div class=\"kadence-blocks-gallery-item\"><div class=\"kadence-blocks-gallery-item-inner\"><figure class=\"kb-gallery-figure kadence-blocks-gallery-item-hide-caption\"><div class=\"kb-gal-image-radius\"><div class=\"kb-gallery-image-contain kadence-blocks-gallery-intrinsic kb-gallery-image-ratio-land32 kb-has-image-ratio-land32\" ><img loading=\"lazy\" decoding=\"async\" src=\"https:\/\/www.turkaesthetic.com\/wp-content\/uploads\/2023\/11\/before-after-teeth-cleaning-1.jpg\" width=\"1200\" height=\"800\" alt=\"Antes y despu\u00e9s de la limpieza dental\" data-full-image=\"https:\/\/www.turkaesthetic.com\/wp-content\/uploads\/2023\/11\/before-after-teeth-cleaning-1.jpg\" data-light-image=\"https:\/\/www.turkaesthetic.com\/wp-content\/uploads\/2023\/11\/before-after-teeth-cleaning-1.jpg\" data-id=\"46643\" class=\"wp-image-46643 skip-lazy\"\/><\/div><\/div><\/figure><\/div><\/div><\/li><li class=\"kb-slide-item kb-gallery-slide-item splide__slide\"><div class=\"kadence-blocks-gallery-item\"><div class=\"kadence-blocks-gallery-item-inner\"><figure class=\"kb-gallery-figure kadence-blocks-gallery-item-hide-caption\"><div class=\"kb-gal-image-radius\"><div class=\"kb-gallery-image-contain kadence-blocks-gallery-intrinsic kb-gallery-image-ratio-land32 kb-has-image-ratio-land32\" ><img loading=\"lazy\" decoding=\"async\" src=\"https:\/\/www.turkaesthetic.com\/wp-content\/uploads\/2023\/11\/before-after-teeth-cleaning-2.jpg\" width=\"1200\" height=\"800\" alt=\"Antes y despu\u00e9s de la limpieza dental\" data-full-image=\"https:\/\/www.turkaesthetic.com\/wp-content\/uploads\/2023\/11\/before-after-teeth-cleaning-2.jpg\" data-light-image=\"https:\/\/www.turkaesthetic.com\/wp-content\/uploads\/2023\/11\/before-after-teeth-cleaning-2.jpg\" data-id=\"46652\" class=\"wp-image-46652 skip-lazy\"\/><\/div><\/div><\/figure><\/div><\/div><\/li><li class=\"kb-slide-item kb-gallery-slide-item splide__slide\"><div class=\"kadence-blocks-gallery-item\"><div class=\"kadence-blocks-gallery-item-inner\"><figure class=\"kb-gallery-figure kadence-blocks-gallery-item-hide-caption\"><div class=\"kb-gal-image-radius\"><div class=\"kb-gallery-image-contain kadence-blocks-gallery-intrinsic kb-gallery-image-ratio-land32 kb-has-image-ratio-land32\" ><img loading=\"lazy\" decoding=\"async\" src=\"https:\/\/www.turkaesthetic.com\/wp-content\/uploads\/2023\/11\/before-after-teeth-cleaning-3.jpg\" width=\"1200\" height=\"800\" alt=\"Antes y despu\u00e9s de la limpieza dental\" data-full-image=\"https:\/\/www.turkaesthetic.com\/wp-content\/uploads\/2023\/11\/before-after-teeth-cleaning-3.jpg\" data-light-image=\"https:\/\/www.turkaesthetic.com\/wp-content\/uploads\/2023\/11\/before-after-teeth-cleaning-3.jpg\" data-id=\"46661\" class=\"wp-image-46661 skip-lazy\"\/><\/div><\/div><\/figure><\/div><\/div><\/li><li class=\"kb-slide-item kb-gallery-slide-item splide__slide\"><div class=\"kadence-blocks-gallery-item\"><div class=\"kadence-blocks-gallery-item-inner\"><figure class=\"kb-gallery-figure kadence-blocks-gallery-item-hide-caption\"><div class=\"kb-gal-image-radius\"><div class=\"kb-gallery-image-contain kadence-blocks-gallery-intrinsic kb-gallery-image-ratio-land32 kb-has-image-ratio-land32\" ><img loading=\"lazy\" decoding=\"async\" src=\"https:\/\/www.turkaesthetic.com\/wp-content\/uploads\/2023\/11\/before-after-teeth-cleaning-4.jpg\" width=\"1200\" height=\"800\" alt=\"Antes y despu\u00e9s de la limpieza dental\" data-full-image=\"https:\/\/www.turkaesthetic.com\/wp-content\/uploads\/2023\/11\/before-after-teeth-cleaning-4.jpg\" data-light-image=\"https:\/\/www.turkaesthetic.com\/wp-content\/uploads\/2023\/11\/before-after-teeth-cleaning-4.jpg\" data-id=\"46670\" class=\"wp-image-46670 skip-lazy\"\/><\/div><\/div><\/figure><\/div><\/div><\/li><\/ul><\/div><\/div><\/div><\/div>\n\n\n<h4 class=\"wp-block-heading\">Coste de la limpieza dental en 2025<\/h4>\n\n\n\n<p>En Estambul, el coste de la limpieza dental var\u00eda seg\u00fan la ubicaci\u00f3n de la cl\u00ednica, la tecnolog\u00eda utilizada y la experiencia del dentista que realiza el procedimiento:<\/p>\n\n\n\n<p>Limpieza dental est\u00e1ndar: 50 \u20ac<br>Limpieza profunda de enc\u00edas (cura): 75 \u20ac<\/p>\n\n\n\n<h2 class=\"wp-block-heading\"><strong><strong>Preguntas frecuentes<\/strong><\/strong><\/h2>\n\n\n<div id=\"rank-math-faq\" class=\"rank-math-block\">\n<div class=\"rank-math-list \">\n<div id=\"faq-question-1754039176908\" class=\"rank-math-list-item\">\n<h3 class=\"rank-math-question \">\u00bfLa limpieza dental da\u00f1a el esmalte dental?<\/h3>\n<div class=\"rank-math-answer \">\n\n<p>No. Si se realiza con el equipo adecuado y por un dentista experimentado, no da\u00f1a los dientes.<\/p>\n\n<\/div>\n<\/div>\n<div id=\"faq-question-1754560615017\" class=\"rank-math-list-item\">\n<h3 class=\"rank-math-question \">\u00bfEstar\u00e1n mis dientes m\u00e1s sensibles despu\u00e9s de la limpieza?<\/h3>\n<div class=\"rank-math-answer \">\n\n<p>Puede presentarse sensibilidad temporal, pero suele desaparecer en 1 o 2 d\u00edas.<\/p>\n\n<\/div>\n<\/div>\n<div id=\"faq-question-1754560618930\" class=\"rank-math-list-item\">\n<h3 class=\"rank-math-question \">Fumo, \u00bfseguir\u00e1 siendo efectiva la limpieza dental?<\/h3>\n<div class=\"rank-math-answer \">\n\n<p>S\u00ed, las manchas causadas por el tabaco se pueden eliminar. Sin embargo, para obtener resultados duraderos, se recomienda reducir el consumo de tabaco.<\/p>\n\n<\/div>\n<\/div>\n<div id=\"faq-question-1754560624472\" class=\"rank-math-list-item\">\n<h3 class=\"rank-math-question \">\u00bfNo es suficiente el cuidado en casa?<\/h3>\n<div class=\"rank-math-answer \">\n\n<p>La limpieza en casa solo elimina aproximadamente el 70 % de la placa. El sarro restante requiere intervenci\u00f3n profesional.<\/p>\n\n<\/div>\n<\/div>\n<div id=\"faq-question-1754560631236\" class=\"rank-math-list-item\">\n<h3 class=\"rank-math-question \">\u00bfPueden las mujeres embarazadas hacerse una limpieza dental?<\/h3>\n<div class=\"rank-math-answer \">\n\n<p>S\u00ed. Especialmente durante el segundo trimestre, se recomienda para la salud de las enc\u00edas.<\/p>\n\n<\/div>\n<\/div>\n<\/div>\n<\/div>\n\n\n<h2 class=\"wp-block-heading\">Conclusi\u00f3n<\/h2>\n\n\n\n<p>La limpieza dental no es solo un procedimiento est\u00e9tico; es fundamental para la salud bucal a largo plazo. Con limpiezas profesionales regulares, puede prevenir enfermedades de las enc\u00edas, evitar la p\u00e9rdida de dientes y disfrutar de una sonrisa m\u00e1s saludable. Le damos la bienvenida a nuestra cl\u00ednica en Estambul para una limpieza c\u00f3moda y eficaz realizada por nuestros dentistas expertos.<\/p>\n\n\n\n<p>Para m\u00e1s informaci\u00f3n o solicitar precios, puede&nbsp;<a href=\"https:\/\/www.turkaesthetic.com\/es\/contact-us\/\" target=\"_blank\" rel=\"noreferrer noopener\">contactar<\/a>&nbsp;con&nbsp;<a href=\"https:\/\/www.youtube.com\/channel\/UC0zggzdm5CFwpRMmn_CPpFQ\" target=\"_blank\" rel=\"noreferrer noopener\">Turk Aesthetic<\/a>&nbsp;en Estambul, Turqu\u00eda, a trav\u00e9s de sus canales oficiales.<\/p>\n","protected":false},"excerpt":{"rendered":"<p>La limpieza dental es el proceso de eliminar la placa, el sarro y las manchas acumuladas en la boca mediante dispositivos especiales realizados por dentistas profesionales. Aunque a menudo se considera \u00absencilla\u00bb, la limpieza dental regular desempe\u00f1a un papel fundamental en la prevenci\u00f3n de enfermedades de las enc\u00edas y la p\u00e9rdida de dientes. Gracias a [&hellip;]<\/p>\n","protected":false},"author":4,"featured_media":64918,"parent":0,"menu_order":0,"comment_status":"closed","ping_status":"closed","template":"","meta":{"footnotes":""},"dep":[1356],"class_list":["post-65177","page","type-page","status-publish","has-post-thumbnail","hentry","dep-cosmetic-dentistry"],"_links":{"self":[{"href":"https:\/\/www.turkaesthetic.com\/es\/wp-json\/wp\/v2\/pages\/65177","targetHints":{"allow":["GET"]}}],"collection":[{"href":"https:\/\/www.turkaesthetic.com\/es\/wp-json\/wp\/v2\/pages"}],"about":[{"href":"https:\/\/www.turkaesthetic.com\/es\/wp-json\/wp\/v2\/types\/page"}],"author":[{"embeddable":true,"href":"https:\/\/www.turkaesthetic.com\/es\/wp-json\/wp\/v2\/users\/4"}],"replies":[{"embeddable":true,"href":"https:\/\/www.turkaesthetic.com\/es\/wp-json\/wp\/v2\/comments?post=65177"}],"version-history":[{"count":0,"href":"https:\/\/www.turkaesthetic.com\/es\/wp-json\/wp\/v2\/pages\/65177\/revisions"}],"wp:featuredmedia":[{"embeddable":true,"href":"https:\/\/www.turkaesthetic.com\/es\/wp-json\/wp\/v2\/media\/64918"}],"wp:attachment":[{"href":"https:\/\/www.turkaesthetic.com\/es\/wp-json\/wp\/v2\/media?parent=65177"}],"wp:term":[{"taxonomy":"dep","embeddable":true,"href":"https:\/\/www.turkaesthetic.com\/es\/wp-json\/wp\/v2\/dep?post=65177"}],"curies":[{"name":"wp","href":"https:\/\/api.w.org\/{rel}","templated":true}]}}