{"id":65111,"date":"2025-07-31T16:00:24","date_gmt":"2025-07-31T13:00:24","guid":{"rendered":"https:\/\/www.turkaesthetic.com\/?page_id=65111"},"modified":"2025-09-17T12:11:14","modified_gmt":"2025-09-17T09:11:14","slug":"dental-bridge","status":"publish","type":"page","link":"https:\/\/www.turkaesthetic.com\/es\/dental-bridge\/","title":{"rendered":"Puente Dental"},"content":{"rendered":"\n<p>Un<strong> puente dental <\/strong>es un m\u00e9todo prot\u00e9sico fijo que se utiliza para reemplazar uno o m\u00e1s dientes faltantes mediante el soporte de los dientes adyacentes. Si se aplica correctamente, restaura tanto la funci\u00f3n masticatoria como la apariencia est\u00e9tica. Para quienes han sufrido p\u00e9rdida dental, es una de las alternativas m\u00e1s comunes y econ\u00f3micas a los implantes.<\/p>\n\n\n\n<figure class=\"wp-block-embed is-type-video is-provider-youtube wp-block-embed-youtube wp-embed-aspect-16-9 wp-has-aspect-ratio\"><div class=\"wp-block-embed__wrapper\">\n<iframe loading=\"lazy\" title=\"Dental Bridge - Turk Aesthetic\" width=\"800\" height=\"450\" src=\"https:\/\/www.youtube.com\/embed\/ckjgB178zvU?feature=oembed\" frameborder=\"0\" allow=\"accelerometer; autoplay; clipboard-write; encrypted-media; gyroscope; picture-in-picture; web-share\" referrerpolicy=\"strict-origin-when-cross-origin\" allowfullscreen><\/iframe>\n<\/div><figcaption class=\"wp-element-caption\">Puente Dental<\/figcaption><\/figure>\n\n\n\n<h2 class=\"wp-block-heading\">\u00bfC\u00f3mo se realiza un puente dental?<\/h2>\n\n\n<div id=\"rank-math-howto\" class=\"rank-math-block\" >\n<div class=\"rank-math-howto-description\">\n\n<p>El objetivo del tratamiento con puente es rellenar el espacio dejado por un diente faltante utilizando los dientes sanos de ambos lados como soporte. Los pasos del tratamiento son los siguientes:<\/p>\n\n<\/div>\n<p class=\"rank-math-howto-duration\"><strong>Tiempo total:<\/strong> <span>3 d\u00edas<\/span><\/p>\n<div class=\"rank-math-steps \">\n<div id=\"howto-step-1753965018487\" class=\"rank-math-step\">\n<h3 class=\"rank-math-step-title \">Examen y planificaci\u00f3n<\/h3>\n<div class=\"rank-math-step-content \"><p>Se eval\u00faa el n\u00famero de dientes faltantes y el estado de los dientes vecinos.<\/p>\n<\/div>\n<\/div>\n<div id=\"howto-step-1754312360154\" class=\"rank-math-step\">\n<h3 class=\"rank-math-step-title \">Preparaci\u00f3n de los dientes de soporte<\/h3>\n<div class=\"rank-math-step-content \"><p>Se reduce el tama\u00f1o de los dientes que soportar\u00e1n el puente para que sean aptos para las coronas.<\/p>\n<\/div>\n<\/div>\n<div id=\"howto-step-1754312366042\" class=\"rank-math-step\">\n<h3 class=\"rank-math-step-title \">Toma de impresi\u00f3n<\/h3>\n<div class=\"rank-math-step-content \"><p>Se toma una impresi\u00f3n de los dientes mediante m\u00e9todos digitales o tradicionales.<\/p>\n<\/div>\n<\/div>\n<div id=\"howto-step-1754312373176\" class=\"rank-math-step\">\n<h3 class=\"rank-math-step-title \">Puente temporal<\/h3>\n<div class=\"rank-math-step-content \"><p>Se coloca una pr\u00f3tesis temporal para proteger los dientes hasta que el puente permanente est\u00e9 listo.<\/p>\n<\/div>\n<\/div>\n<div id=\"howto-step-1754312380186\" class=\"rank-math-step\">\n<h3 class=\"rank-math-step-title \">Colocaci\u00f3n del puente<\/h3>\n<div class=\"rank-math-step-content \"><p>El puente preparado se fija a los dientes de soporte mediante adhesivos especiales.<\/p>\n<\/div>\n<\/div>\n<\/div>\n<\/div>\n<p class=\"rank-math-howto-estimatedCost\"><strong>Coste estimado:<\/strong> <span>130 Euro<\/span><\/p>\n\n\n\n\n\n<hr class=\"wp-block-separator has-alpha-channel-opacity\"\/>\n\n\n\n<h3 class=\"wp-block-heading\">Para qui\u00e9n es adecuado un puente dental?<\/h3>\n\n\n\n<ul class=\"wp-block-list\">\n<li>Personas con uno o m\u00e1s dientes faltantes.<\/li>\n\n\n\n<li>Aquellos sin suficiente soporte \u00f3seo para implantes dentales.<\/li>\n\n\n\n<li>Pacientes que buscan una soluci\u00f3n econ\u00f3mica y r\u00e1pida.<\/li>\n\n\n\n<li>Personas que experimentan p\u00e9rdida funcional tras una extracci\u00f3n dental.<\/li>\n\n\n\n<li>Sin embargo, los dientes de soporte deben estar sanos. Si existen enfermedades periodontales o caries severas, estos problemas deben tratarse antes de colocar el puente.<\/li>\n<\/ul>\n\n\n\n<h4 class=\"wp-block-heading\">Tipos de puentes dentales y comparaciones<\/h4>\n\n\n\n<p><strong>Puente dental tradicional:<br><\/strong>Este es el tipo m\u00e1s com\u00fan. Se reducen los dientes a ambos lados del diente faltante y se aplica un puente fijo de tres piezas.<br><strong>Puente dental de <a href=\"https:\/\/www.turkaesthetic.com\/es\/zirconium-crown\/\" data-type=\"page\" data-id=\"50760\" target=\"_blank\" rel=\"noreferrer noopener\">zirconio<\/a>:<br><\/strong>Ofrece el resultado est\u00e9tico m\u00e1s natural. No contiene metal, es biocompatible y tiene una alta transmitancia de luz.<\/p>\n\n\n\n<p><br>Puente <a href=\"https:\/\/www.turkaesthetic.com\/es\/dentistry-es\/emax-veneer\/\" data-type=\"post\" data-id=\"51649\" target=\"_blank\" rel=\"noreferrer noopener\">E-Max<\/a>:<br>Generalmente se prefiere en la regi\u00f3n frontal. Fabricado en material vitrocer\u00e1mico que se adapta perfectamente al diente natural.<br><strong>Puente Maryland (con alas):<br><\/strong>Se aplica con m\u00ednima intervenci\u00f3n a los dientes de soporte. Se utiliza a menudo como soluci\u00f3n temporal o en pacientes j\u00f3venes. Puente sobre implantes:<br>Se coloca un implante en la zona del diente faltante y el puente se fija sobre \u00e9l. Los dientes adyacentes se mantienen intactos<\/p>\n\n\n\n<hr class=\"wp-block-separator has-alpha-channel-opacity\"\/>\n\n\n\n<h3 class=\"wp-block-heading\">Instrucciones antes y despu\u00e9s del puente dental:<\/h3>\n\n\n\n<p><strong>Antes del procedimiento:<\/strong><\/p>\n\n\n\n<ul class=\"wp-block-list\">\n<li>Se debe revisar la salud de las enc\u00edas.<\/li>\n\n\n\n<li>Se debe tratar cualquier caries o infecci\u00f3n en los dientes de soporte.<\/li>\n\n\n\n<li>Se debe tomar una radiograf\u00eda dental para analizar el hueso y los tejidos circundantes.<\/li>\n<\/ul>\n\n\n\n<p><strong>Despu\u00e9s del procedimiento:<\/strong><\/p>\n\n\n\n<ul class=\"wp-block-list\">\n<li>Evite los alimentos excesivamente duros.<\/li>\n\n\n\n<li>Limpie regularmente la zona alrededor del puente con cepillo de dientes e hilo dental.<\/li>\n\n\n\n<li>No se salte las revisiones regulares cada 6 meses.<\/li>\n<\/ul>\n\n\n\n<h4 class=\"wp-block-heading\">Antes y despu\u00e9s de los puentes dentales<\/h4>\n\n\n\n<p>La diferencia entre el antes y el despu\u00e9s del procedimiento de puente dental es bastante notable. Una vez restaurado el diente faltante, tanto la est\u00e9tica de la sonrisa como la funci\u00f3n masticatoria mejoran significativamente. Las fotos del antes y el despu\u00e9s ayudan a los pacientes a comprender mejor el proceso del tratamiento y muestran claramente los resultados naturales y sim\u00e9tricos.<\/p>\n\n\n\n<hr class=\"wp-block-separator has-alpha-channel-opacity\"\/>\n\n\n\n<h3 class=\"wp-block-heading\">Precios de puentes dentales en Turqu\u00eda<\/h3>\n\n\n\n<p>Los precios de los <strong><a href=\"https:\/\/www.turkaesthetic.com\/es\/dentistry-es\/dental-bridge\/\" target=\"_blank\" data-type=\"post\" data-id=\"33363\" rel=\"noreferrer noopener\">puentes dentales en Turqu\u00eda<\/a><\/strong> var\u00edan seg\u00fan la longitud del puente, los materiales utilizados, la experiencia del dentista y la ubicaci\u00f3n de la cl\u00ednica:<\/p>\n\n\n\n<p>Puente de zirconio: 130 \u20ac por diente<br>Puente E-Max: 190 \u20ac por diente<br>Para puentes de 3 o 4 unidades, se pueden aplicar precios especiales con descuento al calcular el coste total.<\/p>\n\n\n\n<h2 class=\"wp-block-heading\">Preguntas frecuentes<\/h2>\n\n\n<div id=\"rank-math-faq\" class=\"rank-math-block\">\n<div class=\"rank-math-list \">\n<div id=\"faq-question-1753964773469\" class=\"rank-math-list-item\">\n<h3 class=\"rank-math-question \">\u00bfEs doloroso un puente dental?<\/h3>\n<div class=\"rank-math-answer \">\n\n<p>No. Se realiza con anestesia local y es indoloro. Solo puede presentarse una ligera sensibilidad durante los primeros d\u00edas.<\/p>\n\n<\/div>\n<\/div>\n<div id=\"faq-question-1754312563819\" class=\"rank-math-list-item\">\n<h3 class=\"rank-math-question \">\u00bfCu\u00e1nto dura un puente?<\/h3>\n<div class=\"rank-math-answer \">\n\n<p>Con el cuidado adecuado, puede durar de media entre 10 y 15 a\u00f1os.<\/p>\n\n<\/div>\n<\/div>\n<div id=\"faq-question-1754312568627\" class=\"rank-math-list-item\">\n<h3 class=\"rank-math-question \">\u00bfSe pueden formar caries debajo del puente?<\/h3>\n<div class=\"rank-math-answer \">\n\n<p>Si no se limpia con regularidad, pueden aparecer caries alrededor de los dientes de soporte. Por eso es fundamental una buena higiene bucal.<\/p>\n\n<\/div>\n<\/div>\n<div id=\"faq-question-1754312573667\" class=\"rank-math-list-item\">\n<h3 class=\"rank-math-question \">\u00bfAfectar\u00e1 al habla o a la masticaci\u00f3n?<\/h3>\n<div class=\"rank-math-answer \">\n\n<p>No. Al contrario, reemplazar el diente faltante mejora tanto la masticaci\u00f3n como el habla.<\/p>\n\n<\/div>\n<\/div>\n<div id=\"faq-question-1754312582515\" class=\"rank-math-list-item\">\n<h3 class=\"rank-math-question \">\u00bfEl puente tiene un aspecto natural?<\/h3>\n<div class=\"rank-math-answer \">\n\n<p>Al utilizar materiales como el zirconio y E-Max, la apariencia es tan natural que es casi indistinguible de los dientes reales.<\/p>\n\n<\/div>\n<\/div>\n<\/div>\n<\/div>\n\n\n<hr class=\"wp-block-separator has-alpha-channel-opacity\"\/>\n\n\n\n<p><strong>Conclusi\u00f3n<\/strong><\/p>\n\n\n\n<p>Un puente dental es una soluci\u00f3n r\u00e1pida y eficaz para personas con dientes faltantes, tanto est\u00e9tica como funcionalmente. Con opciones de materiales avanzados y la experiencia de dentistas expertos, lograr una sonrisa de aspecto natural ahora es m\u00e1s f\u00e1cil que nunca. Como equipo especializado en Estambul, estamos aqu\u00ed para ofrecerle el plan de tratamiento m\u00e1s preciso y adaptado a sus necesidades.<\/p>\n\n\n\n<p>Para m\u00e1s informaci\u00f3n o solicitar precios, puede&nbsp;<a href=\"https:\/\/www.turkaesthetic.com\/es\/contact-us\/\" target=\"_blank\" rel=\"noreferrer noopener\">contactar<\/a>&nbsp;con&nbsp;<a href=\"https:\/\/www.youtube.com\/channel\/UC0zggzdm5CFwpRMmn_CPpFQ\" target=\"_blank\" rel=\"noreferrer noopener\">Turk Aesthetic<\/a>&nbsp;en Estambul, Turqu\u00eda, a trav\u00e9s de sus canales oficiales.<\/p>\n","protected":false},"excerpt":{"rendered":"<p>Un puente dental es un m\u00e9todo prot\u00e9sico fijo que se utiliza para reemplazar uno o m\u00e1s dientes faltantes mediante el soporte de los dientes adyacentes. Si se aplica correctamente, restaura tanto la funci\u00f3n masticatoria como la apariencia est\u00e9tica. Para quienes han sufrido p\u00e9rdida dental, es una de las alternativas m\u00e1s comunes y econ\u00f3micas a los [&hellip;]<\/p>\n","protected":false},"author":4,"featured_media":64905,"parent":0,"menu_order":0,"comment_status":"closed","ping_status":"closed","template":"","meta":{"footnotes":""},"dep":[1356],"class_list":["post-65111","page","type-page","status-publish","has-post-thumbnail","hentry","dep-cosmetic-dentistry"],"_links":{"self":[{"href":"https:\/\/www.turkaesthetic.com\/es\/wp-json\/wp\/v2\/pages\/65111","targetHints":{"allow":["GET"]}}],"collection":[{"href":"https:\/\/www.turkaesthetic.com\/es\/wp-json\/wp\/v2\/pages"}],"about":[{"href":"https:\/\/www.turkaesthetic.com\/es\/wp-json\/wp\/v2\/types\/page"}],"author":[{"embeddable":true,"href":"https:\/\/www.turkaesthetic.com\/es\/wp-json\/wp\/v2\/users\/4"}],"replies":[{"embeddable":true,"href":"https:\/\/www.turkaesthetic.com\/es\/wp-json\/wp\/v2\/comments?post=65111"}],"version-history":[{"count":0,"href":"https:\/\/www.turkaesthetic.com\/es\/wp-json\/wp\/v2\/pages\/65111\/revisions"}],"wp:featuredmedia":[{"embeddable":true,"href":"https:\/\/www.turkaesthetic.com\/es\/wp-json\/wp\/v2\/media\/64905"}],"wp:attachment":[{"href":"https:\/\/www.turkaesthetic.com\/es\/wp-json\/wp\/v2\/media?parent=65111"}],"wp:term":[{"taxonomy":"dep","embeddable":true,"href":"https:\/\/www.turkaesthetic.com\/es\/wp-json\/wp\/v2\/dep?post=65111"}],"curies":[{"name":"wp","href":"https:\/\/api.w.org\/{rel}","templated":true}]}}