{"id":64961,"date":"2025-07-31T13:11:09","date_gmt":"2025-07-31T10:11:09","guid":{"rendered":"https:\/\/www.turkaesthetic.com\/?page_id=64961"},"modified":"2026-03-15T13:26:23","modified_gmt":"2026-03-15T10:26:23","slug":"all-on-8","status":"publish","type":"page","link":"https:\/\/www.turkaesthetic.com\/es\/all-on-8\/","title":{"rendered":"Implantes Dentales All on 8"},"content":{"rendered":"\n<p>La t\u00e9cnica de <strong>implantes dentales all on 8<\/strong> es un m\u00e9todo de tratamiento avanzado desarrollado para pacientes con p\u00e9rdida dental completa. En \u00e9l, se colocan ocho implantes en un maxilar para soportar una pr\u00f3tesis fija. Ofrece m\u00e1xima durabilidad y longevidad. Este sistema est\u00e1 dise\u00f1ado espec\u00edficamente para pacientes con alto volumen \u00f3seo, personas j\u00f3venes o quienes buscan una soluci\u00f3n a largo plazo.<\/p>\n\n\n\n<p>Gracias a la estructura prot\u00e9sica soportada por ocho implantes de titanio distribuidos uniformemente en el hueso maxilar, All on 8 proporciona resultados superiores tanto est\u00e9ticos como funcionales. El objetivo de este tratamiento es lograr una fuerza masticatoria similar a la de los dientes naturales y permitir que el paciente contin\u00fae con su vida diaria c\u00f3modamente, sin quedarse sin dientes durante el proceso.<\/p>\n\n\n\n<h2 class=\"wp-block-heading\">\u00bfPara qui\u00e9n es adecuada la t\u00e9cnica de Implantes Dentales All on 8?<\/h2>\n\n\n\n<p>All on 8 puede no ser adecuada para todos, pero es un tratamiento ideal para los siguientes grupos:<\/p>\n\n\n\n<ul class=\"wp-block-list\">\n<li>Personas que han sufrido una p\u00e9rdida dental total a largo plazo.<\/li>\n\n\n\n<li>Pacientes con suficiente volumen \u00f3seo.<\/li>\n\n\n\n<li>Quienes no desean pr\u00f3tesis removibles.<\/li>\n\n\n\n<li>Personas que buscan una alta fuerza masticatoria. Pacientes que priorizan tanto la est\u00e9tica como la durabilidad.<\/li>\n\n\n\n<li>Quienes buscan una inversi\u00f3n a largo plazo y desean una soluci\u00f3n que dure a\u00f1os con un solo procedimiento.<\/li>\n<\/ul>\n\n\n\n<figure class=\"wp-block-embed is-type-video is-provider-youtube wp-block-embed-youtube wp-embed-aspect-16-9 wp-has-aspect-ratio\"><div class=\"wp-block-embed__wrapper\">\n<iframe loading=\"lazy\" title=\"Dental Implants in Turkey: 20 Years Guarantee\" width=\"800\" height=\"450\" src=\"https:\/\/www.youtube.com\/embed\/TBysQr_RQJA?feature=oembed\" frameborder=\"0\" allow=\"accelerometer; autoplay; clipboard-write; encrypted-media; gyroscope; picture-in-picture; web-share\" referrerpolicy=\"strict-origin-when-cross-origin\" allowfullscreen><\/iframe>\n<\/div><figcaption class=\"wp-element-caption\">Implantes Dentales All on 8<\/figcaption><\/figure>\n\n\n\n<hr class=\"wp-block-separator has-alpha-channel-opacity\"\/>\n\n\n\n<h3 class=\"wp-block-heading\"><strong>\u00bfC\u00f3mo se aplica la t\u00e9cnica Implantes Dentales All on 8?<\/strong><\/h3>\n\n\n<div id=\"rank-math-howto\" class=\"rank-math-block\" >\n<div class=\"rank-math-howto-description\">\n\n<p>Etapas del proceso:<\/p>\n\n<\/div>\n<p class=\"rank-math-howto-duration\"><strong>Tiempo total:<\/strong> <span>5 minutos<\/span><\/p>\n<div class=\"rank-math-steps \">\n<div id=\"howto-step-1753702713122\" class=\"rank-math-step\">\n<h3 class=\"rank-math-step-title \">Evaluaci\u00f3n avanzada<\/h3>\n<div class=\"rank-math-step-content \"><p>El dentista realiza una radiograf\u00eda panor\u00e1mica y una tomograf\u00eda 3D para analizar el volumen \u00f3seo, la calidad y las zonas de colocaci\u00f3n de los implantes.<\/p>\n<\/div>\n<\/div>\n<div id=\"howto-step-1754052593408\" class=\"rank-math-step\">\n<h3 class=\"rank-math-step-title \">Planificaci\u00f3n del tratamiento<\/h3>\n<div class=\"rank-math-step-content \"><p>La posici\u00f3n de los implantes se determina seg\u00fan la distribuci\u00f3n de la carga. Las simulaciones digitales ayudan a minimizar los m\u00e1rgenes de error.<\/p>\n<\/div>\n<\/div>\n<div id=\"howto-step-1754052598251\" class=\"rank-math-step\">\n<h3 class=\"rank-math-step-title \">Colocaci\u00f3n de los implantes<\/h3>\n<div class=\"rank-math-step-content \"><p>Bajo anestesia local, se colocan ocho implantes en el hueso maxilar. Se distribuyen uniformemente por la mand\u00edbula, a veces con implantes angulados en las regiones posteriores.<\/p>\n<\/div>\n<\/div>\n<div id=\"howto-step-1754052603889\" class=\"rank-math-step\">\n<h3 class=\"rank-math-step-title \">Aplicaci\u00f3n de la pr\u00f3tesis provisional<\/h3>\n<div class=\"rank-math-step-content \"><p>En casos adecuados, se colocan dientes fijos provisionales el mismo d\u00eda, lo que permite al paciente continuar con su vida diaria con comodidad.<\/p>\n<\/div>\n<\/div>\n<div id=\"howto-step-1754052609953\" class=\"rank-math-step\">\n<h3 class=\"rank-math-step-title \">Proceso de cicatrizaci\u00f3n y dientes permanentes<\/h3>\n<div class=\"rank-math-step-content \"><p>Tras un periodo de cicatrizaci\u00f3n de 3 a 4 meses, los implantes se fusionan con el hueso. A continuaci\u00f3n, se colocan pr\u00f3tesis fijas permanentes a medida con propiedades est\u00e9ticas y funcionales.<\/p>\n<\/div>\n<\/div>\n<\/div>\n<\/div>\n<p class=\"rank-math-howto-estimatedCost\"><strong>Coste estimado:<\/strong> <span>360 Euro<\/span><\/p>\n\n\n\n\n\n<h4 class=\"wp-block-heading\">\u00bfPor qu\u00e9 elegir Implantes Dentales All on 8?<\/h4>\n\n\n\n<p>A diferencia de otras opciones de implantes, la t\u00e9cnica All on 8 Implants proporciona una distribuci\u00f3n de carga m\u00e1s equilibrada en el hueso maxilar, lo que ayuda a preservar la estructura \u00f3sea a largo plazo y prolonga la vida \u00fatil de la pr\u00f3tesis.<\/p>\n\n\n\n<p><strong>Ventajas:<\/strong><\/p>\n\n\n\n<ul class=\"wp-block-list\">\n<li>M\u00e1xima estabilidad y durabilidad.<\/li>\n\n\n\n<li>Amplio soporte masticatorio.<\/li>\n\n\n\n<li>Mayor resistencia a la p\u00e9rdida \u00f3sea.<\/li>\n\n\n\n<li>Experiencia masticatoria c\u00f3moda similar a la de los dientes naturales.<\/li>\n\n\n\n<li>Soluci\u00f3n duradera, especialmente para pacientes mayores.<\/li>\n\n\n\n<li>Resultados est\u00e9ticos de alta calidad con m\u00e1s implantes por maxilar.<\/li>\n\n\n\n<li>A menudo se puede realizar sin injerto \u00f3seo.<\/li>\n<\/ul>\n\n\n\n<hr class=\"wp-block-separator has-alpha-channel-opacity\"\/>\n\n\n\n<h3 class=\"wp-block-heading\"> All oAspectos a considerar despu\u00e9s del procedimiento de implantes All on 8<\/h3>\n\n\n\n<ul class=\"wp-block-list\">\n<li>Durante los primeros d\u00edas despu\u00e9s del procedimiento, solo se deben consumir alimentos blandos.<\/li>\n\n\n\n<li>La higiene es fundamental: se deben usar cepillos especiales para limpiar los espacios entre los implantes e irrigadores bucales.<\/li>\n\n\n\n<li>El tabaco y el alcohol pueden prolongar el proceso de cicatrizaci\u00f3n y reducir el \u00e9xito del implante.<\/li>\n\n\n\n<li>No se deben descuidar las citas de seguimiento.<\/li>\n\n\n\n<li>Antes de colocar la pr\u00f3tesis permanente, se deben evitar los alimentos muy duros y con c\u00e1scara.<\/li>\n<\/ul>\n\n\n\n<h3 class=\"wp-block-heading\">\ud83e\uddb7 Antes y despu\u00e9s de los Implantes Dentales All on 8<\/h3>\n\n\n\n<p>La t\u00e9cnica <a href=\"https:\/\/www.turkaesthetic.com\/es\/dentistry-es\/all-on-8-implants\/\" target=\"_blank\" data-type=\"post\" data-id=\"52501\" rel=\"noreferrer noopener\">All on 8<\/a> es una soluci\u00f3n est\u00e9tica y funcional revolucionaria para personas sin dientes o insatisfechas con sus pr\u00f3tesis dentales antiguas. En la imagen a continuaci\u00f3n, puede ver claramente la diferencia entre el antes y el despu\u00e9s del tratamiento:<br>Le esperan una mand\u00edbula fuerte, una masticaci\u00f3n equilibrada y una sonrisa segura<\/p>\n\n\n<style>.kb-gallery-id-64961_9f8aa5-f1 .kadence-blocks-gallery-item .kb-gal-image-radius, .kb-gallery-id-64961_9f8aa5-f1 .kb-slide-item .kb-gal-image-radius img{border-radius:0px 0px 0px 0px;;}.kb-gallery-wrap-id-64961_9f8aa5-f1.wp-block-kadence-advancedgallery{overflow:visible;}.kb-gallery-wrap-id-64961_9f8aa5-f1.wp-block-kadence-advancedgallery .kt-blocks-carousel{overflow:visible;}<\/style><div class=\"kb-gallery-wrap-id-64961_9f8aa5-f1 alignnone wp-block-kadence-advancedgallery\"><div class=\"kb-gallery-ul kb-gallery-non-static kb-gallery-type-slider kb-gallery-id-64961_9f8aa5-f1 kb-gallery-caption-style-bottom-hover kb-gallery-filter-none\" data-image-filter=\"none\" data-lightbox-caption=\"true\"><div class=\"kt-blocks-carousel splide kt-carousel-container-dotstyle-dark kt-carousel-arrowstyle-whiteondark kt-carousel-dotstyle-dark kb-slider-group-arrow kb-slider-arrow-position-center\" data-slider-anim-speed=\"400\" data-slider-scroll=\"1\" data-slider-arrows=\"true\" data-slider-fade=\"true\" data-slider-dots=\"true\" data-slider-type=\"slider\" data-slider-hover-pause=\"false\" data-slider-auto=\"\" data-slider-speed=\"7000\" data-show-pause-button=\"false\"><div class=\"splide__track\"><ul class=\"kt-blocks-carousel-init kb-blocks-slider splide__list\"><li class=\"kb-slide-item kb-gallery-slide-item splide__slide\"><div class=\"kadence-blocks-gallery-item\"><div class=\"kadence-blocks-gallery-item-inner\"><figure class=\"kb-gallery-figure kadence-blocks-gallery-item-hide-caption\"><div class=\"kb-gal-image-radius\"><div class=\"kb-gallery-image-contain kadence-blocks-gallery-intrinsic kb-gallery-image-ratio-land32 kb-has-image-ratio-land32\" ><img loading=\"lazy\" decoding=\"async\" src=\"https:\/\/www.turkaesthetic.com\/wp-content\/uploads\/2023\/11\/before-after-dental-implant-4.jpg\" width=\"1200\" height=\"800\" alt=\"Di\u015f implant\u0131 \u00f6ncesi ve sonras\u0131\" data-full-image=\"https:\/\/www.turkaesthetic.com\/wp-content\/uploads\/2023\/11\/before-after-dental-implant-4.jpg\" data-light-image=\"https:\/\/www.turkaesthetic.com\/wp-content\/uploads\/2023\/11\/before-after-dental-implant-4.jpg\" data-id=\"45374\" class=\"wp-image-45374 skip-lazy\"\/><\/div><\/div><\/figure><\/div><\/div><\/li><li class=\"kb-slide-item kb-gallery-slide-item splide__slide\"><div class=\"kadence-blocks-gallery-item\"><div class=\"kadence-blocks-gallery-item-inner\"><figure class=\"kb-gallery-figure kadence-blocks-gallery-item-hide-caption\"><div class=\"kb-gal-image-radius\"><div class=\"kb-gallery-image-contain kadence-blocks-gallery-intrinsic kb-gallery-image-ratio-land32 kb-has-image-ratio-land32\" ><img loading=\"lazy\" decoding=\"async\" src=\"https:\/\/www.turkaesthetic.com\/wp-content\/uploads\/2023\/11\/before-after-dental-implant-3.jpg\" width=\"1200\" height=\"800\" alt=\"Di\u015f implant\u0131 \u00f6ncesi ve sonras\u0131\" data-full-image=\"https:\/\/www.turkaesthetic.com\/wp-content\/uploads\/2023\/11\/before-after-dental-implant-3.jpg\" data-light-image=\"https:\/\/www.turkaesthetic.com\/wp-content\/uploads\/2023\/11\/before-after-dental-implant-3.jpg\" data-id=\"45365\" class=\"wp-image-45365 skip-lazy\"\/><\/div><\/div><\/figure><\/div><\/div><\/li><li class=\"kb-slide-item kb-gallery-slide-item splide__slide\"><div class=\"kadence-blocks-gallery-item\"><div class=\"kadence-blocks-gallery-item-inner\"><figure class=\"kb-gallery-figure kadence-blocks-gallery-item-hide-caption\"><div class=\"kb-gal-image-radius\"><div class=\"kb-gallery-image-contain kadence-blocks-gallery-intrinsic kb-gallery-image-ratio-land32 kb-has-image-ratio-land32\" ><img loading=\"lazy\" decoding=\"async\" src=\"https:\/\/www.turkaesthetic.com\/wp-content\/uploads\/2023\/11\/before-after-dental-implant-2.jpg\" width=\"1200\" height=\"800\" alt=\"Di\u015f implant\u0131 \u00f6ncesi ve sonras\u0131\" data-full-image=\"https:\/\/www.turkaesthetic.com\/wp-content\/uploads\/2023\/11\/before-after-dental-implant-2.jpg\" data-light-image=\"https:\/\/www.turkaesthetic.com\/wp-content\/uploads\/2023\/11\/before-after-dental-implant-2.jpg\" data-id=\"45356\" class=\"wp-image-45356 skip-lazy\"\/><\/div><\/div><\/figure><\/div><\/div><\/li><li class=\"kb-slide-item kb-gallery-slide-item splide__slide\"><div class=\"kadence-blocks-gallery-item\"><div class=\"kadence-blocks-gallery-item-inner\"><figure class=\"kb-gallery-figure kadence-blocks-gallery-item-hide-caption\"><div class=\"kb-gal-image-radius\"><div class=\"kb-gallery-image-contain kadence-blocks-gallery-intrinsic kb-gallery-image-ratio-land32 kb-has-image-ratio-land32\" ><img loading=\"lazy\" decoding=\"async\" src=\"https:\/\/www.turkaesthetic.com\/wp-content\/uploads\/2023\/11\/before-after-dental-implant-1.jpg\" width=\"1200\" height=\"800\" alt=\"Di\u015f implant\u0131 \u00f6ncesi ve sonras\u0131\" data-full-image=\"https:\/\/www.turkaesthetic.com\/wp-content\/uploads\/2023\/11\/before-after-dental-implant-1.jpg\" data-light-image=\"https:\/\/www.turkaesthetic.com\/wp-content\/uploads\/2023\/11\/before-after-dental-implant-1.jpg\" data-id=\"45347\" class=\"wp-image-45347 skip-lazy\"\/><\/div><\/div><\/figure><\/div><\/div><\/li><\/ul><\/div><\/div><\/div><\/div>\n\n\n<hr class=\"wp-block-separator has-alpha-channel-opacity\"\/>\n\n\n\n<h2 class=\"wp-block-heading\">Preguntas frecuentes: Implantes Dentales All on 8<br><\/h2>\n\n\n<div id=\"rank-math-faq\" class=\"rank-math-block\">\n<div class=\"rank-math-list \">\n<div id=\"faq-question-1753702820957\" class=\"rank-math-list-item\">\n<h3 class=\"rank-math-question \">\u00bfQui\u00e9n no es candidato para los Implantes Dentales All on 8?<\/h3>\n<div class=\"rank-math-answer \">\n\n<p> No se recomienda para personas con volumen \u00f3seo gravemente insuficiente o enfermedades sist\u00e9micas no controladas.<\/p>\n\n<\/div>\n<\/div>\n<div id=\"faq-question-1754052830525\" class=\"rank-math-list-item\">\n<h3 class=\"rank-math-question \">\u00bfPor qu\u00e9 Implantes Dentales All on 8?<\/h3>\n<div class=\"rank-math-answer \">\n\n<p>Ocho implantes proporcionan un soporte firme para la pr\u00f3tesis fija en cada punto. Es ideal para una durabilidad a largo plazo y m\u00e1xima estabilidad.<\/p>\n\n<\/div>\n<\/div>\n<div id=\"faq-question-1754052836385\" class=\"rank-math-list-item\">\n<h3 class=\"rank-math-question \">\u00bfCu\u00e1l es la duraci\u00f3n del tratamiento?<\/h3>\n<div class=\"rank-math-answer \">\n\n<p>Una estancia de 3 a 4 d\u00edas en Estambul es suficiente para la fase inicial. Deber\u00e1 regresar de 3 a 4 meses despu\u00e9s para la colocaci\u00f3n de los dientes permanentes.<\/p>\n\n<\/div>\n<\/div>\n<div id=\"faq-question-1754052840971\" class=\"rank-math-list-item\">\n<h3 class=\"rank-math-question \">\u00bfCu\u00e1l es la diferencia entre Implantes Dentales All on 8 y All-on-4?<\/h3>\n<div class=\"rank-math-answer \">\n\n<p>All-on-4 utiliza menos implantes. All-on-8 Implant refuerza la estructura mandibular con m\u00e1s implantes y proporciona una base m\u00e1s estable para la pr\u00f3tesis.<\/p>\n\n<\/div>\n<\/div>\n<\/div>\n<\/div>\n\n\n<p>Para m\u00e1s informaci\u00f3n o solicitar precios, puede&nbsp;<a href=\"https:\/\/www.turkaesthetic.com\/es\/contact-us\/\" target=\"_blank\" rel=\"noreferrer noopener\">contactar<\/a>&nbsp;con&nbsp;<a href=\"https:\/\/www.youtube.com\/channel\/UC0zggzdm5CFwpRMmn_CPpFQ\" target=\"_blank\" rel=\"noreferrer noopener\">Turk Aesthetic<\/a>&nbsp;en Estambul, Turqu\u00eda, a trav\u00e9s de sus canales oficiales.<br><\/p>\n","protected":false},"excerpt":{"rendered":"<p>La t\u00e9cnica de implantes dentales all on 8 es un m\u00e9todo de tratamiento avanzado desarrollado para pacientes con p\u00e9rdida dental completa. En \u00e9l, se colocan ocho implantes en un maxilar para soportar una pr\u00f3tesis fija. Ofrece m\u00e1xima durabilidad y longevidad. Este sistema est\u00e1 dise\u00f1ado espec\u00edficamente para pacientes con alto volumen \u00f3seo, personas j\u00f3venes o quienes [&hellip;]<\/p>\n","protected":false},"author":4,"featured_media":64843,"parent":0,"menu_order":0,"comment_status":"closed","ping_status":"closed","template":"","meta":{"footnotes":""},"dep":[1356],"class_list":["post-64961","page","type-page","status-publish","has-post-thumbnail","hentry","dep-cosmetic-dentistry"],"_links":{"self":[{"href":"https:\/\/www.turkaesthetic.com\/es\/wp-json\/wp\/v2\/pages\/64961","targetHints":{"allow":["GET"]}}],"collection":[{"href":"https:\/\/www.turkaesthetic.com\/es\/wp-json\/wp\/v2\/pages"}],"about":[{"href":"https:\/\/www.turkaesthetic.com\/es\/wp-json\/wp\/v2\/types\/page"}],"author":[{"embeddable":true,"href":"https:\/\/www.turkaesthetic.com\/es\/wp-json\/wp\/v2\/users\/4"}],"replies":[{"embeddable":true,"href":"https:\/\/www.turkaesthetic.com\/es\/wp-json\/wp\/v2\/comments?post=64961"}],"version-history":[{"count":1,"href":"https:\/\/www.turkaesthetic.com\/es\/wp-json\/wp\/v2\/pages\/64961\/revisions"}],"predecessor-version":[{"id":71347,"href":"https:\/\/www.turkaesthetic.com\/es\/wp-json\/wp\/v2\/pages\/64961\/revisions\/71347"}],"wp:featuredmedia":[{"embeddable":true,"href":"https:\/\/www.turkaesthetic.com\/es\/wp-json\/wp\/v2\/media\/64843"}],"wp:attachment":[{"href":"https:\/\/www.turkaesthetic.com\/es\/wp-json\/wp\/v2\/media?parent=64961"}],"wp:term":[{"taxonomy":"dep","embeddable":true,"href":"https:\/\/www.turkaesthetic.com\/es\/wp-json\/wp\/v2\/dep?post=64961"}],"curies":[{"name":"wp","href":"https:\/\/api.w.org\/{rel}","templated":true}]}}