{"id":64941,"date":"2025-07-28T14:59:17","date_gmt":"2025-07-28T11:59:17","guid":{"rendered":"https:\/\/www.turkaesthetic.com\/?page_id=64941"},"modified":"2026-03-15T13:18:39","modified_gmt":"2026-03-15T10:18:39","slug":"all-on-6","status":"publish","type":"page","link":"https:\/\/www.turkaesthetic.com\/es\/all-on-6\/","title":{"rendered":"Implantes Dentales All on 6"},"content":{"rendered":"\n<p>La t\u00e9cnica de <strong>Implantes Dentales All on 6<\/strong> un m\u00e9todo de tratamiento avanzado desarrollado para pacientes con p\u00e9rdida dental completa. Consiste en la colocaci\u00f3n de seis implantes en un maxilar para soportar una pr\u00f3tesis dental fija. En comparaci\u00f3n con las pr\u00f3tesis dentales tradicionales, es m\u00e1s estable, est\u00e9tica y duradera. La t\u00e9cnica de implantes All on 6 es especialmente recomendable para pacientes sin p\u00e9rdida \u00f3sea avanzada, ya que proporciona mayor soporte a la estructura mandibular y prolonga la vida \u00fatil de la pr\u00f3tesis fija.<\/p>\n\n\n\n<p>En este m\u00e9todo, se colocan quir\u00fargicamente seis implantes de titanio en el maxilar superior o inferior. Estos implantes crean una base s\u00f3lida para sujetar la pr\u00f3tesis. En la mayor\u00eda de los casos, se colocan los dientes temporales el mismo d\u00eda, lo que permite al paciente continuar con su vida diaria sin quedarse sin dientes.<\/p>\n\n\n\n<figure class=\"wp-block-embed is-type-video is-provider-youtube wp-block-embed-youtube wp-embed-aspect-16-9 wp-has-aspect-ratio\"><div class=\"wp-block-embed__wrapper\">\n<iframe loading=\"lazy\" title=\"Dental Implants in Turkey: 20 Years Guarantee\" width=\"800\" height=\"450\" src=\"https:\/\/www.youtube.com\/embed\/TBysQr_RQJA?feature=oembed\" frameborder=\"0\" allow=\"accelerometer; autoplay; clipboard-write; encrypted-media; gyroscope; picture-in-picture; web-share\" referrerpolicy=\"strict-origin-when-cross-origin\" allowfullscreen><\/iframe>\n<\/div><figcaption class=\"wp-element-caption\"><strong>Implantes Dentales All on 6<\/strong><\/figcaption><\/figure>\n\n\n\n<hr class=\"wp-block-separator has-alpha-channel-opacity\"\/>\n\n\n\n<h3 class=\"wp-block-heading\">\u00bfQui\u00e9n es apto para la t\u00e9cnica de Implantes Dentales All on 6?<\/h3>\n\n\n\n<ul class=\"wp-block-list\">\n<li>Personas que han perdido todos sus dientes.<\/li>\n\n\n\n<li>Pacientes que desean una dentadura fija pero no son aptos para la colocaci\u00f3n completa de implantes.<\/li>\n\n\n\n<li>Quienes no est\u00e1n satisfechos con las pr\u00f3tesis removibles.<\/li>\n\n\n\n<li>Pacientes con suficiente volumen \u00f3seo.<\/li>\n\n\n\n<li>Personas que buscan una sonrisa fija de aspecto natural por motivos est\u00e9ticos.<\/li>\n\n\n\n<li>Personas que buscan una soluci\u00f3n a largo plazo para mejorar su calidad de vida.<\/li>\n\n\n\n<li>La t\u00e9cnica de <a href=\"https:\/\/www.turkaesthetic.com\/es\/dentistry-es\/all-on-6-dental-implants\/\" target=\"_blank\" data-type=\"post\" data-id=\"52797\" rel=\"noreferrer noopener\">implantes All on 6<\/a> ofrece una alternativa m\u00e1s segura y pr\u00e1ctica a los implantes tradicionales para pacientes con una estructura \u00f3sea mandibular adecuada.<\/li>\n<\/ul>\n\n\n\n<h3 class=\"wp-block-heading\">Pasos del procedimiento de Implantes Dentales All on 6<\/h3>\n\n\n<div id=\"rank-math-howto\" class=\"rank-math-block\" >\n<div class=\"rank-math-howto-description\">\n\n<p>Los pasos del procedimiento de implantes All on 6 son los siguientes:<\/p>\n\n<\/div>\n<p class=\"rank-math-howto-duration\"><strong>Tiempo total:<\/strong> <span>5 minutos<\/span><\/p>\n<div class=\"rank-math-steps \">\n<div id=\"howto-step-1753701693683\" class=\"rank-math-step\">\n<h3 class=\"rank-math-step-title \">Examen y planificaci\u00f3n digital<\/h3>\n<div class=\"rank-math-step-content \"><p>Se analiza el hueso mandibular mediante tomograf\u00eda digital 3D. Se determinan los puntos de colocaci\u00f3n de los implantes.<\/p>\n<\/div>\n<\/div>\n<div id=\"howto-step-1754042323249\" class=\"rank-math-step\">\n<h3 class=\"rank-math-step-title \">Colocaci\u00f3n de los implantes<\/h3>\n<div class=\"rank-math-step-content \"><p>Se realiza bajo anestesia local para la comodidad del paciente. Se insertan cuidadosamente seis implantes en la mand\u00edbula. Si es necesario, algunos implantes pueden colocarse en \u00e1ngulo.<\/p>\n<\/div>\n<\/div>\n<div id=\"howto-step-1754042335717\" class=\"rank-math-step\">\n<h3 class=\"rank-math-step-title \"> Dientes fijos temporales<\/h3>\n<div class=\"rank-math-step-content \"><p>El primer d\u00eda, se colocan dientes prot\u00e9sicos temporales para que el paciente pueda retomar su vida diaria con dientes fijos.<\/p>\n<\/div>\n<\/div>\n<div id=\"howto-step-1754042340223\" class=\"rank-math-step\">\n<h3 class=\"rank-math-step-title \">Proceso de cicatrizaci\u00f3n y dientes permanentes<\/h3>\n<div class=\"rank-math-step-content \"><p>Los implantes se fusionan con el hueso en un plazo de 3 a 4 meses. Posteriormente, se colocan dientes fijos permanentes de porcelana o zirconio, especialmente dise\u00f1ados.<\/p>\n<\/div>\n<\/div>\n<\/div>\n<\/div>\n<p class=\"rank-math-howto-estimatedCost\"><strong>Coste estimado:<\/strong> <span>360 Euro<\/span><\/p>\n\n\n\n\n\n<h4 class=\"wp-block-heading\">\u00bfPor qu\u00e9 elegir los Implantes Dentales All on 6?<\/h4>\n\n\n\n<p>La t\u00e9cnica de implantes All on 6 ofrece varias ventajas sobre los m\u00e9todos tradicionales:<\/p>\n\n\n\n<ul class=\"wp-block-list\">\n<li>Mayor soporte: Seis implantes distribuyen las fuerzas masticatorias de forma m\u00e1s uniforme, proporcionando una estructura m\u00e1s estable.<\/li>\n\n\n\n<li>Alta durabilidad: La pr\u00f3tesis se mantiene fuerte y funcional durante muchos a\u00f1os.<\/li>\n\n\n\n<li>Apariencia natural: El dise\u00f1o est\u00e9tico imita fielmente la l\u00ednea natural de las enc\u00edas.<\/li>\n\n\n\n<li>Dientes el mismo d\u00eda: Los dientes fijos temporales se colocan el mismo d\u00eda del procedimiento.<\/li>\n\n\n\n<li>Mayor comodidad al hablar y masticar: La pr\u00f3tesis no se desliza ni se mueve.<\/li>\n\n\n\n<li>Adi\u00f3s a las pr\u00f3tesis removibles: No requiere adhesivos ni extracci\u00f3n diaria. Resultados duraderos: con el cuidado adecuado, All on 6 puede durar toda la vida.<\/li>\n<\/ul>\n\n\n\n<hr class=\"wp-block-separator has-alpha-channel-opacity\"\/>\n\n\n\n<h5 class=\"wp-block-heading\">Cuidados postratamiento para Implantes Dentales All on 6<\/h5>\n\n\n\n<p>Consuma alimentos blandos y tibios durante la primera semana.<br>Mantenga una excelente higiene bucal con cepillos interdentales e irrigadores bucales.<br>Evite el alcohol y el tabaco, ya que pueden retrasar la cicatrizaci\u00f3n.<br>Siga al pie de la letra las instrucciones de limpieza y cuidado de su dentista.<br>No falte a las citas de seguimiento.<br>Evite los alimentos duros hasta que tenga colocadas las pr\u00f3tesis permanentes.<\/p>\n\n\n\n<h3 class=\"wp-block-heading\">\ud83e\uddb7 Antes y despu\u00e9s \u2013 Implantes Dentales All on 6<\/h3>\n\n\n\n<p>Gracias a All on 6, la transici\u00f3n de una sonrisa sin dientes a una dentadura fija y hermosa toma solo unos d\u00edas.<br>Puede ver la dr\u00e1stica transformaci\u00f3n en la imagen a continuaci\u00f3n:<br>Una mand\u00edbula m\u00e1s fuerte, una sonrisa m\u00e1s natural y una mayor comodidad y confianza.<\/p>\n\n\n<style>.kb-gallery-id-64941_d50556-a6 .kadence-blocks-gallery-item .kb-gal-image-radius, .kb-gallery-id-64941_d50556-a6 .kb-slide-item .kb-gal-image-radius img{border-radius:0px 0px 0px 0px;;}.kb-gallery-wrap-id-64941_d50556-a6.wp-block-kadence-advancedgallery{overflow:visible;}.kb-gallery-wrap-id-64941_d50556-a6.wp-block-kadence-advancedgallery .kt-blocks-carousel{overflow:visible;}<\/style><div class=\"kb-gallery-wrap-id-64941_d50556-a6 alignnone wp-block-kadence-advancedgallery\"><div class=\"kb-gallery-ul kb-gallery-non-static kb-gallery-type-slider kb-gallery-id-64941_d50556-a6 kb-gallery-caption-style-bottom-hover kb-gallery-filter-none\" data-image-filter=\"none\" data-lightbox-caption=\"true\"><div class=\"kt-blocks-carousel splide kt-carousel-container-dotstyle-dark kt-carousel-arrowstyle-whiteondark kt-carousel-dotstyle-dark kb-slider-group-arrow kb-slider-arrow-position-center\" data-slider-anim-speed=\"400\" data-slider-scroll=\"1\" data-slider-arrows=\"true\" data-slider-fade=\"true\" data-slider-dots=\"true\" data-slider-type=\"slider\" data-slider-hover-pause=\"false\" data-slider-auto=\"\" data-slider-speed=\"7000\" data-show-pause-button=\"false\"><div class=\"splide__track\"><ul class=\"kt-blocks-carousel-init kb-blocks-slider splide__list\"><li class=\"kb-slide-item kb-gallery-slide-item splide__slide\"><div class=\"kadence-blocks-gallery-item\"><div class=\"kadence-blocks-gallery-item-inner\"><figure class=\"kb-gallery-figure kadence-blocks-gallery-item-hide-caption\"><div class=\"kb-gal-image-radius\"><div class=\"kb-gallery-image-contain kadence-blocks-gallery-intrinsic kb-gallery-image-ratio-land32 kb-has-image-ratio-land32\" ><img loading=\"lazy\" decoding=\"async\" src=\"https:\/\/www.turkaesthetic.com\/wp-content\/uploads\/2023\/11\/before-after-dental-implant-4.jpg\" width=\"1200\" height=\"800\" alt=\"Di\u015f implant\u0131 \u00f6ncesi ve sonras\u0131\" data-full-image=\"https:\/\/www.turkaesthetic.com\/wp-content\/uploads\/2023\/11\/before-after-dental-implant-4.jpg\" data-light-image=\"https:\/\/www.turkaesthetic.com\/wp-content\/uploads\/2023\/11\/before-after-dental-implant-4.jpg\" data-id=\"45374\" class=\"wp-image-45374 skip-lazy\"\/><\/div><\/div><\/figure><\/div><\/div><\/li><li class=\"kb-slide-item kb-gallery-slide-item splide__slide\"><div class=\"kadence-blocks-gallery-item\"><div class=\"kadence-blocks-gallery-item-inner\"><figure class=\"kb-gallery-figure kadence-blocks-gallery-item-hide-caption\"><div class=\"kb-gal-image-radius\"><div class=\"kb-gallery-image-contain kadence-blocks-gallery-intrinsic kb-gallery-image-ratio-land32 kb-has-image-ratio-land32\" ><img loading=\"lazy\" decoding=\"async\" src=\"https:\/\/www.turkaesthetic.com\/wp-content\/uploads\/2023\/11\/before-after-dental-implant-3.jpg\" width=\"1200\" height=\"800\" alt=\"Di\u015f implant\u0131 \u00f6ncesi ve sonras\u0131\" data-full-image=\"https:\/\/www.turkaesthetic.com\/wp-content\/uploads\/2023\/11\/before-after-dental-implant-3.jpg\" data-light-image=\"https:\/\/www.turkaesthetic.com\/wp-content\/uploads\/2023\/11\/before-after-dental-implant-3.jpg\" data-id=\"45365\" class=\"wp-image-45365 skip-lazy\"\/><\/div><\/div><\/figure><\/div><\/div><\/li><li class=\"kb-slide-item kb-gallery-slide-item splide__slide\"><div class=\"kadence-blocks-gallery-item\"><div class=\"kadence-blocks-gallery-item-inner\"><figure class=\"kb-gallery-figure kadence-blocks-gallery-item-hide-caption\"><div class=\"kb-gal-image-radius\"><div class=\"kb-gallery-image-contain kadence-blocks-gallery-intrinsic kb-gallery-image-ratio-land32 kb-has-image-ratio-land32\" ><img loading=\"lazy\" decoding=\"async\" src=\"https:\/\/www.turkaesthetic.com\/wp-content\/uploads\/2023\/11\/before-after-dental-implant-2.jpg\" width=\"1200\" height=\"800\" alt=\"Di\u015f implant\u0131 \u00f6ncesi ve sonras\u0131\" data-full-image=\"https:\/\/www.turkaesthetic.com\/wp-content\/uploads\/2023\/11\/before-after-dental-implant-2.jpg\" data-light-image=\"https:\/\/www.turkaesthetic.com\/wp-content\/uploads\/2023\/11\/before-after-dental-implant-2.jpg\" data-id=\"45356\" class=\"wp-image-45356 skip-lazy\"\/><\/div><\/div><\/figure><\/div><\/div><\/li><li class=\"kb-slide-item kb-gallery-slide-item splide__slide\"><div class=\"kadence-blocks-gallery-item\"><div class=\"kadence-blocks-gallery-item-inner\"><figure class=\"kb-gallery-figure kadence-blocks-gallery-item-hide-caption\"><div class=\"kb-gal-image-radius\"><div class=\"kb-gallery-image-contain kadence-blocks-gallery-intrinsic kb-gallery-image-ratio-land32 kb-has-image-ratio-land32\" ><img loading=\"lazy\" decoding=\"async\" src=\"https:\/\/www.turkaesthetic.com\/wp-content\/uploads\/2023\/11\/before-after-dental-implant-1.jpg\" width=\"1200\" height=\"800\" alt=\"Di\u015f implant\u0131 \u00f6ncesi ve sonras\u0131\" data-full-image=\"https:\/\/www.turkaesthetic.com\/wp-content\/uploads\/2023\/11\/before-after-dental-implant-1.jpg\" data-light-image=\"https:\/\/www.turkaesthetic.com\/wp-content\/uploads\/2023\/11\/before-after-dental-implant-1.jpg\" data-id=\"45347\" class=\"wp-image-45347 skip-lazy\"\/><\/div><\/div><\/figure><\/div><\/div><\/li><\/ul><\/div><\/div><\/div><\/div>\n\n\n<hr class=\"wp-block-separator has-alpha-channel-opacity\"\/>\n\n\n\n<h2 class=\"wp-block-heading\">Preguntas frecuentes \u2013 Implantes Dentales All on 6<\/h2>\n\n\n<div id=\"rank-math-faq\" class=\"rank-math-block\">\n<div class=\"rank-math-list \">\n<div id=\"faq-question-1753701866213\" class=\"rank-math-list-item\">\n<h3 class=\"rank-math-question \">\u00bfEs el procedimiento All on 6 doloroso?<\/h3>\n<div class=\"rank-math-answer \">\n\n<p>No. Se realiza con anestesia local y es indoloro. Puede experimentar una leve sensibilidad.<\/p>\n\n<\/div>\n<\/div>\n<div id=\"faq-question-1754042418367\" class=\"rank-math-list-item\">\n<h3 class=\"rank-math-question \">\u00bfCu\u00e1ntos implantes se necesitan?<\/h3>\n<div class=\"rank-math-answer \">\n\n<p>Normalmente, se colocan seis implantes por mand\u00edbula. La cantidad puede variar seg\u00fan la evaluaci\u00f3n de su dentista.<\/p>\n\n<\/div>\n<\/div>\n<div id=\"faq-question-1754042423265\" class=\"rank-math-list-item\">\n<h3 class=\"rank-math-question \">\u00bfCu\u00e1nto dura el tratamiento<\/h3>\n<div class=\"rank-math-answer \">\n\n<p>La primera etapa dura aproximadamente de 2 a 3 d\u00edas. La dentadura permanente se coloca despu\u00e9s de 3 a 4 meses.<\/p>\n\n<\/div>\n<\/div>\n<div id=\"faq-question-1754042429351\" class=\"rank-math-list-item\">\n<h3 class=\"rank-math-question \">\u00bfEs adecuado para todos?<\/h3>\n<div class=\"rank-math-answer \">\n\n<p>S\u00ed, para pacientes con buena salud general y una estructura \u00f3sea mandibular adecuada.<\/p>\n\n<\/div>\n<\/div>\n<div id=\"faq-question-1754042434503\" class=\"rank-math-list-item\">\n<h3 class=\"rank-math-question \">\u00bfEn qu\u00e9 se diferencia de All-on-4?<\/h3>\n<div class=\"rank-math-answer \">\n\n<p>All-on-6 utiliza m\u00e1s implantes para un mayor soporte, lo que resulta en una pr\u00f3tesis m\u00e1s resistente y duradera. \u00e0 All-on-6, passer d&#8217;un sourire \u00e9dent\u00e9 \u00e0 une belle dentition fixe ne prend que quelques jours.<\/p>\n\n<\/div>\n<\/div>\n<\/div>\n<\/div>\n\n\n<p>Para m\u00e1s informaci\u00f3n o solicitar precios, puede\u00a0<a href=\"https:\/\/www.turkaesthetic.com\/es\/contact-us\/\" target=\"_blank\" rel=\"noreferrer noopener\">contactar<\/a>\u00a0con\u00a0<a href=\"https:\/\/www.youtube.com\/channel\/UC0zggzdm5CFwpRMmn_CPpFQ\" target=\"_blank\" rel=\"noreferrer noopener\">Turk Aesthetic<\/a>\u00a0en Estambul, Turqu\u00eda, a trav\u00e9s de sus canales oficiales.<br><\/p>\n","protected":false},"excerpt":{"rendered":"<p>La t\u00e9cnica de Implantes Dentales All on 6 un m\u00e9todo de tratamiento avanzado desarrollado para pacientes con p\u00e9rdida dental completa. Consiste en la colocaci\u00f3n de seis implantes en un maxilar para soportar una pr\u00f3tesis dental fija. En comparaci\u00f3n con las pr\u00f3tesis dentales tradicionales, es m\u00e1s estable, est\u00e9tica y duradera. La t\u00e9cnica de implantes All on [&hellip;]<\/p>\n","protected":false},"author":4,"featured_media":64763,"parent":0,"menu_order":0,"comment_status":"closed","ping_status":"closed","template":"","meta":{"footnotes":""},"dep":[1356],"class_list":["post-64941","page","type-page","status-publish","has-post-thumbnail","hentry","dep-cosmetic-dentistry"],"_links":{"self":[{"href":"https:\/\/www.turkaesthetic.com\/es\/wp-json\/wp\/v2\/pages\/64941","targetHints":{"allow":["GET"]}}],"collection":[{"href":"https:\/\/www.turkaesthetic.com\/es\/wp-json\/wp\/v2\/pages"}],"about":[{"href":"https:\/\/www.turkaesthetic.com\/es\/wp-json\/wp\/v2\/types\/page"}],"author":[{"embeddable":true,"href":"https:\/\/www.turkaesthetic.com\/es\/wp-json\/wp\/v2\/users\/4"}],"replies":[{"embeddable":true,"href":"https:\/\/www.turkaesthetic.com\/es\/wp-json\/wp\/v2\/comments?post=64941"}],"version-history":[{"count":1,"href":"https:\/\/www.turkaesthetic.com\/es\/wp-json\/wp\/v2\/pages\/64941\/revisions"}],"predecessor-version":[{"id":71338,"href":"https:\/\/www.turkaesthetic.com\/es\/wp-json\/wp\/v2\/pages\/64941\/revisions\/71338"}],"wp:featuredmedia":[{"embeddable":true,"href":"https:\/\/www.turkaesthetic.com\/es\/wp-json\/wp\/v2\/media\/64763"}],"wp:attachment":[{"href":"https:\/\/www.turkaesthetic.com\/es\/wp-json\/wp\/v2\/media?parent=64941"}],"wp:term":[{"taxonomy":"dep","embeddable":true,"href":"https:\/\/www.turkaesthetic.com\/es\/wp-json\/wp\/v2\/dep?post=64941"}],"curies":[{"name":"wp","href":"https:\/\/api.w.org\/{rel}","templated":true}]}}