{"id":64850,"date":"2025-07-26T13:09:01","date_gmt":"2025-07-26T10:09:01","guid":{"rendered":"https:\/\/www.turkaesthetic.com\/?page_id=64850"},"modified":"2025-08-04T15:10:28","modified_gmt":"2025-08-04T12:10:28","slug":"all-on-4","status":"publish","type":"page","link":"https:\/\/www.turkaesthetic.com\/es\/all-on-4\/","title":{"rendered":"Implantes All On 4"},"content":{"rendered":"\n<p>La t\u00e9cnica de <strong>Implantes All on 4 <\/strong>es un innovador m\u00e9todo de tratamiento especialmente desarrollado para pacientes con p\u00e9rdida dental completa. En este m\u00e9todo, se aplica una pr\u00f3tesis fija en un solo maxilar colocando solo cuatro implantes. En comparaci\u00f3n con los tratamientos tradicionales con implantes, este sistema es mucho m\u00e1s r\u00e1pido, econ\u00f3mico y c\u00f3modo. Es una excelente soluci\u00f3n, especialmente para pacientes que han sufrido p\u00e9rdida \u00f3sea o que no est\u00e1n satisfechos con las pr\u00f3tesis removibles.<\/p>\n\n\n\n<p>En una sola sesi\u00f3n quir\u00fargica, se colocan cuatro implantes de titanio en el maxilar. Estos implantes sirven como base para una pr\u00f3tesis dental fija y est\u00e9tica. Los dientes fijos temporales se colocan el mismo d\u00eda, para que el paciente no quede desdentado.<\/p>\n\n\n\n<h2 class=\"wp-block-heading\">\u00bfPara qui\u00e9n es adecuada la t\u00e9cnica de implantes All on 4?<\/h2>\n\n\n\n<ul class=\"wp-block-list\">\n<li>Personas con p\u00e9rdida <a href=\"https:\/\/www.turkaesthetic.com\/es\/laser-teeth-whitening\/\" target=\"_blank\" data-type=\"page\" data-id=\"64575\" rel=\"noreferrer noopener\">dental<\/a> completa.<\/li>\n\n\n\n<li>Aquellos con suficiente volumen \u00f3seo en el maxilar superior o inferior.<\/li>\n\n\n\n<li>Pacientes que no se sienten c\u00f3modos con las pr\u00f3tesis removibles.<\/li>\n\n\n\n<li>Pacientes que disponen de poco tiempo y desean una soluci\u00f3n r\u00e1pida.<\/li>\n\n\n\n<li>Casos en los que se recomienda el injerto \u00f3seo para implantes convencionales. Este tratamiento es ideal para quienes desean una dentadura est\u00e9tica y funcional en un solo d\u00eda, sin perder tiempo con procedimientos quir\u00fargicos avanzados.<\/li>\n<\/ul>\n\n\n\n<h3 class=\"wp-block-heading\">\u201c\u00bfC\u00f3mo conseguir una dentadura fija en un d\u00eda con la t\u00e9cnica de implantes All on 4?\u201d<\/h3>\n\n\n\n<p>En el siguiente video, puede ver todas las etapas de los implantes All on 4 en detalle. Se explica visualmente el proceso de examen, la colocaci\u00f3n del implante, la fijaci\u00f3n de los dientes temporales y la transici\u00f3n a la dentadura fija permanente. Adem\u00e1s, el video incluye las tecnolog\u00edas utilizadas durante el procedimiento, testimonios de pacientes y las explicaciones del doctor sobre el proceso. Si busca una soluci\u00f3n permanente, est\u00e9tica y c\u00f3moda para la p\u00e9rdida de dientes, este video es ideal para conocer el tratamiento m\u00e1s de cerca. \u00a1Vea ahora para ver experiencias reales de pacientes y cada detalle del proceso!<\/p>\n\n\n\n<figure class=\"wp-block-embed is-type-video is-provider-youtube wp-block-embed-youtube wp-embed-aspect-16-9 wp-has-aspect-ratio\"><div class=\"wp-block-embed__wrapper\">\n<iframe loading=\"lazy\" title=\"Dental Implants in Turkey: 20 Years Guarantee\" width=\"800\" height=\"450\" src=\"https:\/\/www.youtube.com\/embed\/TBysQr_RQJA?feature=oembed\" frameborder=\"0\" allow=\"accelerometer; autoplay; clipboard-write; encrypted-media; gyroscope; picture-in-picture; web-share\" referrerpolicy=\"strict-origin-when-cross-origin\" allowfullscreen><\/iframe>\n<\/div><figcaption class=\"wp-element-caption\">Implantes All on 4<\/figcaption><\/figure>\n\n\n\n<hr class=\"wp-block-separator has-alpha-channel-opacity\"\/>\n\n\n\n<h3 class=\"wp-block-heading\"><strong>\u00bfC\u00f3mo se aplica?<\/strong><\/h3>\n\n\n<div id=\"rank-math-howto\" class=\"rank-math-block\" >\n<div class=\"rank-math-howto-description\">\n\n<p>Los pasos del proceso son los siguientes:<\/p>\n\n<\/div>\n<p class=\"rank-math-howto-duration\"><strong>Tiempo total:<\/strong> <span>10 minutos<\/span><\/p>\n<div class=\"rank-math-steps \">\n<div id=\"howto-step-1753522438757\" class=\"rank-math-step\">\n<h3 class=\"rank-math-step-title \">Antes del procedimiento<\/h3>\n<div class=\"rank-math-step-content \"><p>Examen detallado e im\u00e1genes 3D: Su dentista examinar\u00e1 el interior de su boca y tomar\u00e1 una tomograf\u00eda digital (radiograf\u00eda 3D) para evaluar el estado de su mand\u00edbula.<br \/>Planificaci\u00f3n del tratamiento: Las \u00e1reas y los \u00e1ngulos para la colocaci\u00f3n de los implantes se planifican mediante un software especial.<\/p>\n<\/div>\n<\/div>\n<div id=\"howto-step-1753958493154\" class=\"rank-math-step\">\n<h3 class=\"rank-math-step-title \">Durante el procedimiento<\/h3>\n<div class=\"rank-math-step-content \"><p>Procedimiento quir\u00fargico: Generalmente se realiza bajo anestesia local y se colocan un total de 4 implantes (2 en la parte frontal y 2 en la posterior de la mand\u00edbula). Los implantes posteriores se colocan en \u00e1ngulo para maximizar el soporte \u00f3seo.<br \/>Dientes fijos temporales: El mismo d\u00eda, el paciente recibe una pr\u00f3tesis fija temporal. Esto significa que el paciente puede seguir con su vida sin quedarse sin dientes.<\/p>\n<\/div>\n<\/div>\n<div id=\"howto-step-1753958499670\" class=\"rank-math-step\">\n<h3 class=\"rank-math-step-title \">Despu\u00e9s del procedimiento<\/h3>\n<div class=\"rank-math-step-content \"><p>Aplicaci\u00f3n de la pr\u00f3tesis permanente: Despu\u00e9s de 3 a 4 meses, una vez que los implantes se hayan fusionado completamente con el hueso, se colocan los dientes fijos permanentes, est\u00e9tica y funcionalmente perfectos.<\/p>\n<\/div>\n<\/div>\n<\/div>\n<\/div>\n<p class=\"rank-math-howto-estimatedCost\"><strong>Coste estimado:<\/strong> <span>360 Euro<\/span><\/p>\n\n\n\n\n\n<h4 class=\"wp-block-heading\">\u00bfPor qu\u00e9 implantes All On 4?<\/h4>\n\n\n\n<p>El tratamiento con implantes All On 4 no solo proporciona una sonrisa est\u00e9tica, sino que tambi\u00e9n recupera la comodidad en la vida diaria:<\/p>\n\n\n\n<ul class=\"wp-block-list\">\n<li>Dientes fijos en un solo d\u00eda: Tanto los implantes como los dientes temporales se colocan el mismo d\u00eda.<\/li>\n\n\n\n<li>Menos implantes, tratamiento m\u00e1s econ\u00f3mico: Solo 4 implantes en lugar de 8 o 10.<\/li>\n\n\n\n<li>A menudo, no es necesario el injerto \u00f3seo: La colocaci\u00f3n angulada de los implantes reduce la necesidad de procedimientos quir\u00fargicos adicionales.<\/li>\n\n\n\n<li>Ahorro de tiempo: Resultados m\u00e1s r\u00e1pidos.<\/li>\n\n\n\n<li>Limpieza m\u00e1s sencilla: Dise\u00f1ado para un uso higi\u00e9nico.<\/li>\n\n\n\n<li>Alta satisfacci\u00f3n del paciente: Mejora la masticaci\u00f3n, el habla y la est\u00e9tica de la sonrisa.<\/li>\n<\/ul>\n\n\n\n<h5 class=\"wp-block-heading\">Cuidado postratamiento para implantes All On 4<\/h5>\n\n\n\n<ul class=\"wp-block-list\">\n<li>Durante los primeros d\u00edas, consuma alimentos blandos.<\/li>\n\n\n\n<li>Mantenga la higiene bucal con cepillos especiales y cepillos interdentales.<\/li>\n\n\n\n<li>Evite fumar y beber alcohol, ya que pueden afectar negativamente la cicatrizaci\u00f3n.<\/li>\n\n\n\n<li>No se salte las revisiones peri\u00f3dicas.<\/li>\n\n\n\n<li>Evite los alimentos extremadamente duros hasta la colocaci\u00f3n de los dientes definitivos<\/li>\n<\/ul>\n\n\n\n<h3 class=\"wp-block-heading\"> Antes y despu\u00e9s de los implantes All-on-4<\/h3>\n\n\n\n<p>Los pacientes con p\u00e9rdida dental completa logran una dentadura est\u00e9tica, fija y de aspecto natural tras los implantes All-on-4. Puede apreciar esta transformaci\u00f3n en la foto a continuaci\u00f3n:<\/p>\n\n\n<style>.kb-gallery-id-64850_4640b9-06 .kadence-blocks-gallery-item .kb-gal-image-radius, .kb-gallery-id-64850_4640b9-06 .kb-slide-item .kb-gal-image-radius img{border-radius:0px 0px 0px 0px;;}.kb-gallery-wrap-id-64850_4640b9-06.wp-block-kadence-advancedgallery{overflow:visible;}.kb-gallery-wrap-id-64850_4640b9-06.wp-block-kadence-advancedgallery .kt-blocks-carousel{overflow:visible;}<\/style><div class=\"kb-gallery-wrap-id-64850_4640b9-06 alignnone wp-block-kadence-advancedgallery\"><div class=\"kb-gallery-ul kb-gallery-non-static kb-gallery-type-slider kb-gallery-id-64850_4640b9-06 kb-gallery-caption-style-bottom-hover kb-gallery-filter-none\" data-image-filter=\"none\" data-lightbox-caption=\"true\"><div class=\"kt-blocks-carousel splide kt-carousel-container-dotstyle-dark kt-carousel-arrowstyle-whiteondark kt-carousel-dotstyle-dark kb-slider-group-arrow kb-slider-arrow-position-center\" data-slider-anim-speed=\"400\" data-slider-scroll=\"1\" data-slider-arrows=\"true\" data-slider-fade=\"true\" data-slider-dots=\"true\" data-slider-type=\"slider\" data-slider-hover-pause=\"false\" data-slider-auto=\"\" data-slider-speed=\"7000\" data-show-pause-button=\"false\"><div class=\"splide__track\"><ul class=\"kt-blocks-carousel-init kb-blocks-slider splide__list\"><li class=\"kb-slide-item kb-gallery-slide-item splide__slide\"><div class=\"kadence-blocks-gallery-item\"><div class=\"kadence-blocks-gallery-item-inner\"><figure class=\"kb-gallery-figure kadence-blocks-gallery-item-hide-caption\"><div class=\"kb-gal-image-radius\"><div class=\"kb-gallery-image-contain kadence-blocks-gallery-intrinsic kb-gallery-image-ratio-land32 kb-has-image-ratio-land32\" ><img loading=\"lazy\" decoding=\"async\" src=\"https:\/\/www.turkaesthetic.com\/wp-content\/uploads\/2023\/11\/before-after-dental-implant-4.jpg\" width=\"1200\" height=\"800\" alt=\"Di\u015f implant\u0131 \u00f6ncesi ve sonras\u0131\" data-full-image=\"https:\/\/www.turkaesthetic.com\/wp-content\/uploads\/2023\/11\/before-after-dental-implant-4.jpg\" data-light-image=\"https:\/\/www.turkaesthetic.com\/wp-content\/uploads\/2023\/11\/before-after-dental-implant-4.jpg\" data-id=\"45374\" class=\"wp-image-45374 skip-lazy\"\/><\/div><\/div><\/figure><\/div><\/div><\/li><li class=\"kb-slide-item kb-gallery-slide-item splide__slide\"><div class=\"kadence-blocks-gallery-item\"><div class=\"kadence-blocks-gallery-item-inner\"><figure class=\"kb-gallery-figure kadence-blocks-gallery-item-hide-caption\"><div class=\"kb-gal-image-radius\"><div class=\"kb-gallery-image-contain kadence-blocks-gallery-intrinsic kb-gallery-image-ratio-land32 kb-has-image-ratio-land32\" ><img loading=\"lazy\" decoding=\"async\" src=\"https:\/\/www.turkaesthetic.com\/wp-content\/uploads\/2023\/11\/before-after-dental-implant-3.jpg\" width=\"1200\" height=\"800\" alt=\"Di\u015f implant\u0131 \u00f6ncesi ve sonras\u0131\" data-full-image=\"https:\/\/www.turkaesthetic.com\/wp-content\/uploads\/2023\/11\/before-after-dental-implant-3.jpg\" data-light-image=\"https:\/\/www.turkaesthetic.com\/wp-content\/uploads\/2023\/11\/before-after-dental-implant-3.jpg\" data-id=\"45365\" class=\"wp-image-45365 skip-lazy\"\/><\/div><\/div><\/figure><\/div><\/div><\/li><li class=\"kb-slide-item kb-gallery-slide-item splide__slide\"><div class=\"kadence-blocks-gallery-item\"><div class=\"kadence-blocks-gallery-item-inner\"><figure class=\"kb-gallery-figure kadence-blocks-gallery-item-hide-caption\"><div class=\"kb-gal-image-radius\"><div class=\"kb-gallery-image-contain kadence-blocks-gallery-intrinsic kb-gallery-image-ratio-land32 kb-has-image-ratio-land32\" ><img loading=\"lazy\" decoding=\"async\" src=\"https:\/\/www.turkaesthetic.com\/wp-content\/uploads\/2023\/11\/before-after-dental-implant-2.jpg\" width=\"1200\" height=\"800\" alt=\"Di\u015f implant\u0131 \u00f6ncesi ve sonras\u0131\" data-full-image=\"https:\/\/www.turkaesthetic.com\/wp-content\/uploads\/2023\/11\/before-after-dental-implant-2.jpg\" data-light-image=\"https:\/\/www.turkaesthetic.com\/wp-content\/uploads\/2023\/11\/before-after-dental-implant-2.jpg\" data-id=\"45356\" class=\"wp-image-45356 skip-lazy\"\/><\/div><\/div><\/figure><\/div><\/div><\/li><li class=\"kb-slide-item kb-gallery-slide-item splide__slide\"><div class=\"kadence-blocks-gallery-item\"><div class=\"kadence-blocks-gallery-item-inner\"><figure class=\"kb-gallery-figure kadence-blocks-gallery-item-hide-caption\"><div class=\"kb-gal-image-radius\"><div class=\"kb-gallery-image-contain kadence-blocks-gallery-intrinsic kb-gallery-image-ratio-land32 kb-has-image-ratio-land32\" ><img loading=\"lazy\" decoding=\"async\" src=\"https:\/\/www.turkaesthetic.com\/wp-content\/uploads\/2023\/11\/before-after-dental-implant-1.jpg\" width=\"1200\" height=\"800\" alt=\"Di\u015f implant\u0131 \u00f6ncesi ve sonras\u0131\" data-full-image=\"https:\/\/www.turkaesthetic.com\/wp-content\/uploads\/2023\/11\/before-after-dental-implant-1.jpg\" data-light-image=\"https:\/\/www.turkaesthetic.com\/wp-content\/uploads\/2023\/11\/before-after-dental-implant-1.jpg\" data-id=\"45347\" class=\"wp-image-45347 skip-lazy\"\/><\/div><\/div><\/figure><\/div><\/div><\/li><\/ul><\/div><\/div><\/div><\/div>\n\n\n<hr class=\"wp-block-separator has-alpha-channel-opacity\"\/>\n\n\n\n<h2 class=\"wp-block-heading\">Preguntas frecuentes \u2013 Implantes All on 4<\/h2>\n\n\n<div id=\"rank-math-faq\" class=\"rank-math-block\">\n<div class=\"rank-math-list \">\n<div id=\"faq-question-1753522615956\" class=\"rank-math-list-item\">\n<h3 class=\"rank-math-question \">\u00bfEs doloroso el procedimiento de implantes All on 4?<\/h3>\n<div class=\"rank-math-answer \">\n\n<p>No. Se realiza con anestesia local y es indoloro. Puede haber una ligera sensibilidad posterior.<\/p>\n\n<\/div>\n<\/div>\n<div id=\"faq-question-1753958607418\" class=\"rank-math-list-item\">\n<h3 class=\"rank-math-question \">\u00bfSe colocan los dientes el mismo d\u00eda?<\/h3>\n<div class=\"rank-math-answer \">\n\n<p>S\u00ed. En casos adecuados, se colocan dientes fijos temporales el mismo d\u00eda, para que el paciente no quede sin dientes.<\/p>\n\n<\/div>\n<\/div>\n<div id=\"faq-question-1753958612056\" class=\"rank-math-list-item\">\n<h3 class=\"rank-math-question \">\u00bfCu\u00e1nto duran los implantes All on 4?<\/h3>\n<div class=\"rank-math-answer \">\n\n<p>Con un cuidado adecuado y revisiones regulares, pueden durar toda la vida.<\/p>\n\n<\/div>\n<\/div>\n<div id=\"faq-question-1753958617672\" class=\"rank-math-list-item\">\n<h3 class=\"rank-math-question \">\u00bfCu\u00e1ntos d\u00edas necesito permanecer en Estambul?<\/h3>\n<div class=\"rank-math-answer \">\n\n<p>Para la primera etapa, suelen ser suficientes de 2 a 3 d\u00edas. Para la segunda visita para colocar los dientes definitivos, son suficientes de 5 a 7 d\u00edas.<\/p>\n\n<\/div>\n<\/div>\n<div id=\"faq-question-1753958622170\" class=\"rank-math-list-item\">\n<h3 class=\"rank-math-question \">\u00bfSe puede realizar All on 4 en un solo maxilar?<\/h3>\n<div class=\"rank-math-answer \">\n\n<p>S\u00ed. Se puede aplicar solo en el maxilar superior o solo en el inferior.<\/p>\n\n<\/div>\n<\/div>\n<\/div>\n<\/div>\n\n\n<p>Para m\u00e1s informaci\u00f3n o solicitar precios, puede\u00a0<a href=\"https:\/\/www.turkaesthetic.com\/es\/contact-us\/\" target=\"_blank\" rel=\"noreferrer noopener\">contactar<\/a>\u00a0con\u00a0<a href=\"https:\/\/www.youtube.com\/channel\/UC0zggzdm5CFwpRMmn_CPpFQ\" target=\"_blank\" rel=\"noreferrer noopener\">Turk Aesthetic<\/a>\u00a0en Estambul, Turqu\u00eda, a trav\u00e9s de sus canales oficiales.<\/p>\n","protected":false},"excerpt":{"rendered":"<p>La t\u00e9cnica de Implantes All on 4 es un innovador m\u00e9todo de tratamiento especialmente desarrollado para pacientes con p\u00e9rdida dental completa. En este m\u00e9todo, se aplica una pr\u00f3tesis fija en un solo maxilar colocando solo cuatro implantes. En comparaci\u00f3n con los tratamientos tradicionales con implantes, este sistema es mucho m\u00e1s r\u00e1pido, econ\u00f3mico y c\u00f3modo. Es [&hellip;]<\/p>\n","protected":false},"author":4,"featured_media":64746,"parent":0,"menu_order":0,"comment_status":"closed","ping_status":"closed","template":"","meta":{"footnotes":""},"dep":[1356],"class_list":["post-64850","page","type-page","status-publish","has-post-thumbnail","hentry","dep-cosmetic-dentistry"],"_links":{"self":[{"href":"https:\/\/www.turkaesthetic.com\/es\/wp-json\/wp\/v2\/pages\/64850","targetHints":{"allow":["GET"]}}],"collection":[{"href":"https:\/\/www.turkaesthetic.com\/es\/wp-json\/wp\/v2\/pages"}],"about":[{"href":"https:\/\/www.turkaesthetic.com\/es\/wp-json\/wp\/v2\/types\/page"}],"author":[{"embeddable":true,"href":"https:\/\/www.turkaesthetic.com\/es\/wp-json\/wp\/v2\/users\/4"}],"replies":[{"embeddable":true,"href":"https:\/\/www.turkaesthetic.com\/es\/wp-json\/wp\/v2\/comments?post=64850"}],"version-history":[{"count":0,"href":"https:\/\/www.turkaesthetic.com\/es\/wp-json\/wp\/v2\/pages\/64850\/revisions"}],"wp:featuredmedia":[{"embeddable":true,"href":"https:\/\/www.turkaesthetic.com\/es\/wp-json\/wp\/v2\/media\/64746"}],"wp:attachment":[{"href":"https:\/\/www.turkaesthetic.com\/es\/wp-json\/wp\/v2\/media?parent=64850"}],"wp:term":[{"taxonomy":"dep","embeddable":true,"href":"https:\/\/www.turkaesthetic.com\/es\/wp-json\/wp\/v2\/dep?post=64850"}],"curies":[{"name":"wp","href":"https:\/\/api.w.org\/{rel}","templated":true}]}}