{"id":64775,"date":"2025-07-25T16:44:06","date_gmt":"2025-07-25T13:44:06","guid":{"rendered":"https:\/\/www.turkaesthetic.com\/?page_id=64775"},"modified":"2025-09-04T20:05:28","modified_gmt":"2025-09-04T17:05:28","slug":"invisalign","status":"publish","type":"page","link":"https:\/\/www.turkaesthetic.com\/es\/invisalign\/","title":{"rendered":"Tratamiento Invisalign"},"content":{"rendered":"\n<p>El <strong>Tratamiento Invisalign<\/strong> es un m\u00e9todo moderno de ortodoncia que alinea los dientes mediante alineadores transparentes hechos a medida en lugar de los tradicionales brackets met\u00e1licos. Estos alineadores se fabrican a medida para cada persona y mueven los dientes de forma gradual y precisa para corregir api\u00f1amientos, espacios y desalineaciones.<\/p>\n\n\n\n<p>Es una alternativa est\u00e9tica y c\u00f3moda para adultos y adolescentes que no se sienten c\u00f3modos con la apariencia de los brackets tradicionales. Con <a href=\"https:\/\/www.turkaesthetic.com\/es\/dentistry-es\/orthodontics-in-turkey\/\" target=\"_blank\" data-type=\"post\" data-id=\"34976\" rel=\"noreferrer noopener\">Invisalign<\/a>, puede continuar con su vida diaria sin comprometer la est\u00e9tica, a la vez que obtiene resultados de ortodoncia efectivos.<\/p>\n\n\n\n<h2 class=\"wp-block-heading\">\u00bfC\u00f3mo funciona?<\/h2>\n\n\n\n<p>El tratamiento comienza con un escaneo digital de la boca. Las medidas tomadas se transfieren al software especial de Invisalign y se crea un plan de tratamiento 3D personalizado. Esto permite al paciente visualizar c\u00f3mo se mover\u00e1n sus dientes semana a semana en un entorno digital.<\/p>\n\n\n\n<p>Durante el <a href=\"https:\/\/www.turkaesthetic.com\/es\/treatment\/\" target=\"_blank\" data-type=\"page\" data-id=\"37325\" rel=\"noreferrer noopener\">tratamiento<\/a>, se usa un nuevo juego de alineadores transparentes aproximadamente cada 7 a 10 d\u00edas, guiando gradualmente los dientes a la posici\u00f3n deseada. Los alineadores se usan d\u00eda y noche y solo se quitan para comer y cepillarse los dientes.<\/p>\n\n\n\n<figure class=\"wp-block-embed is-type-video is-provider-youtube wp-block-embed-youtube wp-embed-aspect-16-9 wp-has-aspect-ratio\"><div class=\"wp-block-embed__wrapper\">\n<iframe loading=\"lazy\" title=\"Invisalign - Turk Aesthetic\" width=\"800\" height=\"450\" src=\"https:\/\/www.youtube.com\/embed\/nJAUptz465w?feature=oembed\" frameborder=\"0\" allow=\"accelerometer; autoplay; clipboard-write; encrypted-media; gyroscope; picture-in-picture; web-share\" referrerpolicy=\"strict-origin-when-cross-origin\" allowfullscreen><\/iframe>\n<\/div><figcaption class=\"wp-element-caption\">Tratamiento Invisalign<\/figcaption><\/figure>\n\n\n\n<h3 class=\"wp-block-heading\">Invisalign ofrece muchas ventajas en comparaci\u00f3n con la ortodoncia tradicional:<\/h3>\n\n\n\n<ul class=\"wp-block-list\">\n<li>Est\u00e9tica: Al ser transparentes, los alineadores son pr\u00e1cticamente imperceptibles desde el exterior.<\/li>\n\n\n\n<li>Removibles: Se pueden quitar para comer, beber o en ocasiones especiales.<\/li>\n\n\n\n<li>Comodidad: Al no usar brackets ni alambres met\u00e1licos, no produce dolor, llagas ni pinchazos.<\/li>\n\n\n\n<li>Higiene: Cepillarse los dientes y usar hilo dental es m\u00e1s f\u00e1cil, lo que permite una mejor higiene bucal.<\/li>\n\n\n\n<li>Previsibilidad: Puede ver los resultados esperados con antelaci\u00f3n mediante una simulaci\u00f3n 3D antes de comenzar el tratamiento.<\/li>\n\n\n\n<li>Menores visitas a la cl\u00ednica: Requiere menos citas en comparaci\u00f3n con la ortodoncia tradicional.<\/li>\n<\/ul>\n\n\n\n<h4 class=\"wp-block-heading\">\u00bfPara qui\u00e9n es adecuado?<\/h4>\n\n\n\n<ul class=\"wp-block-list\">\n<li>Personas con api\u00f1amiento leve o moderado.<\/li>\n\n\n\n<li>Personas con espacios entre los dientes.<\/li>\n\n\n\n<li>Personas que se han sometido a un tratamiento de ortodoncia anteriormente, pero cuyos dientes se han movido de nuevo.<\/li>\n\n\n\n<li>Adultos y adolescentes que no se sienten c\u00f3modos con la apariencia de la ortodoncia met\u00e1lica. Para trastornos mandibulares o problemas de ortodoncia graves, se pueden recomendar aparatos tradicionales. Se requiere una revisi\u00f3n dental para determinar su idoneidad.<\/li>\n<\/ul>\n\n\n\n<h2 class=\"wp-block-heading\">Pasos del Tratamiento Invisalign<\/h2>\n\n\n<div id=\"rank-math-howto\" class=\"rank-math-block\" >\n<div class=\"rank-math-howto-description\">\n\n<p>Las etapas son las siguientes:<\/p>\n\n<\/div>\n<p class=\"rank-math-howto-duration\"><strong>Tiempo total:<\/strong> <span>4 d\u00edas<\/span><\/p>\n<div class=\"rank-math-steps \">\n<div id=\"howto-step-1753450779874\" class=\"rank-math-step\">\n<h3 class=\"rank-math-step-title \">Paso uno<\/h3>\n<div class=\"rank-math-step-content \"><p>Untersuchung und 3D-Mundscan: Mit einem digitalen Intraoralscanner wird ein dreidimensionales ModExamen y escaneo oral 3D: Se toma un modelo tridimensional de los dientes con un esc\u00e1ner digital intraoral.<br \/>Plan de tratamiento y simulaci\u00f3n: Se planifica el movimiento de los dientes mediante el software especial de Invisalign.<\/p>\n<\/div>\n<\/div>\n<div id=\"howto-step-1753710145166\" class=\"rank-math-step\">\n<h3 class=\"rank-math-step-title \">Paso dos<\/h3>\n<div class=\"rank-math-step-content \"><p>Fabricaci\u00f3n de alineadores: Los alineadores se fabrican a medida y se entregan en un plazo de 4 d\u00edas.<\/p>\n<\/div>\n<\/div>\n<div id=\"howto-step-1753710154609\" class=\"rank-math-step\">\n<h3 class=\"rank-math-step-title \">Paso final<\/h3>\n<div class=\"rank-math-step-content \"><p>Uso de los alineadores: Los alineadores deben usarse durante al menos 20 a 22 horas al d\u00eda y retirarse solo durante las comidas y la limpieza.<br \/>Revisiones regulares: Se realizan revisiones cada 6 a 8 semanas y se proporcionan nuevos alineadores.<br \/>Fin del tratamiento: Una vez que los dientes han alcanzado la alineaci\u00f3n deseada, el tratamiento finaliza y el resultado se estabiliza con un retenedor.<\/p>\n<\/div>\n<\/div>\n<\/div>\n<\/div>\n<p class=\"rank-math-howto-estimatedCost\"><strong>Coste estimado:<\/strong> <span>50 Euro<\/span><\/p>\n\n\n\n\n\n<h4 class=\"wp-block-heading\">Aspectos a tener en cuenta durante el tratamiento Invisalign<\/h4>\n\n\n\n<ul class=\"wp-block-list\">\n<li>Use los alineadores al menos 20-22 horas al d\u00eda.<\/li>\n\n\n\n<li>Beba solo agua mientras los use; las bebidas con colorantes pueden manchar los alineadores.<\/li>\n\n\n\n<li>Qu\u00edtese los alineadores antes de comer, cep\u00edllese los dientes y vuelva a colocarlos.<\/li>\n\n\n\n<li>Es normal sentir una ligera presi\u00f3n despu\u00e9s de cada cambio de alineadores.<\/li>\n\n\n\n<li>No utilice agua caliente para limpiar los alineadores; podr\u00eda deformarlos.<\/li>\n\n\n\n<li>Es necesario usar un retenedor despu\u00e9s de finalizar el tratamiento.<\/li>\n<\/ul>\n\n\n\n<h3 class=\"wp-block-heading\">Antes y despu\u00e9s del Tratamiento Invisalign<\/h3>\n\n\n\n<p>Con el tratamiento Invisalign, los dientes torcidos, separados o api\u00f1ados se alinean correctamente. La simetr\u00eda de la sonrisa, la alineaci\u00f3n de la mordida y la est\u00e9tica bucal general mejoran significativamente. La diferencia es visible en las fotos y se traduce en una sonrisa m\u00e1s segura en el d\u00eda a d\u00eda.d ist auf Fotos sichtbar und f\u00fchrt zu einem selbstbewussteren L\u00e4cheln im Alltag.<\/p>\n\n\n<style>.kb-gallery-id-64775_bb1e11-f2 .kadence-blocks-gallery-item .kb-gal-image-radius, .kb-gallery-id-64775_bb1e11-f2 .kb-slide-item .kb-gal-image-radius img{border-radius:0px 0px 0px 0px;;}.kb-gallery-wrap-id-64775_bb1e11-f2.wp-block-kadence-advancedgallery{overflow:visible;}.kb-gallery-wrap-id-64775_bb1e11-f2.wp-block-kadence-advancedgallery .kt-blocks-carousel{overflow:visible;}<\/style><div class=\"kb-gallery-wrap-id-64775_bb1e11-f2 alignnone wp-block-kadence-advancedgallery\"><div class=\"kb-gallery-ul kb-gallery-non-static kb-gallery-type-slider kb-gallery-id-64775_bb1e11-f2 kb-gallery-caption-style-bottom-hover kb-gallery-filter-none\" data-image-filter=\"none\" data-lightbox-caption=\"true\"><div class=\"kt-blocks-carousel splide kt-carousel-container-dotstyle-dark kt-carousel-arrowstyle-whiteondark kt-carousel-dotstyle-dark kb-slider-group-arrow kb-slider-arrow-position-center\" data-slider-anim-speed=\"400\" data-slider-scroll=\"1\" data-slider-arrows=\"true\" data-slider-fade=\"true\" data-slider-dots=\"true\" data-slider-type=\"slider\" data-slider-hover-pause=\"false\" data-slider-auto=\"\" data-slider-speed=\"7000\" data-show-pause-button=\"false\"><div class=\"splide__track\"><ul class=\"kt-blocks-carousel-init kb-blocks-slider splide__list\"><li class=\"kb-slide-item kb-gallery-slide-item splide__slide\"><div class=\"kadence-blocks-gallery-item\"><div class=\"kadence-blocks-gallery-item-inner\"><figure class=\"kb-gallery-figure kadence-blocks-gallery-item-hide-caption\"><div class=\"kb-gal-image-radius\"><div class=\"kb-gallery-image-contain kadence-blocks-gallery-intrinsic kb-gallery-image-ratio-land32 kb-has-image-ratio-land32\" ><img loading=\"lazy\" decoding=\"async\" src=\"https:\/\/www.turkaesthetic.com\/wp-content\/uploads\/2023\/11\/before-after-invisalign-1.jpg\" width=\"1200\" height=\"800\" alt=\"Antes y despu\u00e9s de Invisalign\" data-full-image=\"https:\/\/www.turkaesthetic.com\/wp-content\/uploads\/2023\/11\/before-after-invisalign-1.jpg\" data-light-image=\"https:\/\/www.turkaesthetic.com\/wp-content\/uploads\/2023\/11\/before-after-invisalign-1.jpg\" data-id=\"45923\" class=\"wp-image-45923 skip-lazy\"\/><\/div><\/div><\/figure><\/div><\/div><\/li><li class=\"kb-slide-item kb-gallery-slide-item splide__slide\"><div class=\"kadence-blocks-gallery-item\"><div class=\"kadence-blocks-gallery-item-inner\"><figure class=\"kb-gallery-figure kadence-blocks-gallery-item-hide-caption\"><div class=\"kb-gal-image-radius\"><div class=\"kb-gallery-image-contain kadence-blocks-gallery-intrinsic kb-gallery-image-ratio-land32 kb-has-image-ratio-land32\" ><img loading=\"lazy\" decoding=\"async\" src=\"https:\/\/www.turkaesthetic.com\/wp-content\/uploads\/2023\/11\/before-after-invisalign-2.jpg\" width=\"1200\" height=\"800\" alt=\"Antes y despu\u00e9s de Invisalign\" data-full-image=\"https:\/\/www.turkaesthetic.com\/wp-content\/uploads\/2023\/11\/before-after-invisalign-2.jpg\" data-light-image=\"https:\/\/www.turkaesthetic.com\/wp-content\/uploads\/2023\/11\/before-after-invisalign-2.jpg\" data-id=\"45932\" class=\"wp-image-45932 skip-lazy\"\/><\/div><\/div><\/figure><\/div><\/div><\/li><li class=\"kb-slide-item kb-gallery-slide-item splide__slide\"><div class=\"kadence-blocks-gallery-item\"><div class=\"kadence-blocks-gallery-item-inner\"><figure class=\"kb-gallery-figure kadence-blocks-gallery-item-hide-caption\"><div class=\"kb-gal-image-radius\"><div class=\"kb-gallery-image-contain kadence-blocks-gallery-intrinsic kb-gallery-image-ratio-land32 kb-has-image-ratio-land32\" ><img loading=\"lazy\" decoding=\"async\" src=\"https:\/\/www.turkaesthetic.com\/wp-content\/uploads\/2023\/11\/before-after-invisalign-3.jpg\" width=\"1200\" height=\"800\" alt=\"Antes y despu\u00e9s de Invisalign\" data-full-image=\"https:\/\/www.turkaesthetic.com\/wp-content\/uploads\/2023\/11\/before-after-invisalign-3.jpg\" data-light-image=\"https:\/\/www.turkaesthetic.com\/wp-content\/uploads\/2023\/11\/before-after-invisalign-3.jpg\" data-id=\"45941\" class=\"wp-image-45941 skip-lazy\"\/><\/div><\/div><\/figure><\/div><\/div><\/li><li class=\"kb-slide-item kb-gallery-slide-item splide__slide\"><div class=\"kadence-blocks-gallery-item\"><div class=\"kadence-blocks-gallery-item-inner\"><figure class=\"kb-gallery-figure kadence-blocks-gallery-item-hide-caption\"><div class=\"kb-gal-image-radius\"><div class=\"kb-gallery-image-contain kadence-blocks-gallery-intrinsic kb-gallery-image-ratio-land32 kb-has-image-ratio-land32\" ><img loading=\"lazy\" decoding=\"async\" src=\"https:\/\/www.turkaesthetic.com\/wp-content\/uploads\/2023\/11\/before-after-invisalign-4.jpg\" width=\"1200\" height=\"800\" alt=\"Antes y despu\u00e9s de Invisalign\" data-full-image=\"https:\/\/www.turkaesthetic.com\/wp-content\/uploads\/2023\/11\/before-after-invisalign-4.jpg\" data-light-image=\"https:\/\/www.turkaesthetic.com\/wp-content\/uploads\/2023\/11\/before-after-invisalign-4.jpg\" data-id=\"45950\" class=\"wp-image-45950 skip-lazy\"\/><\/div><\/div><\/figure><\/div><\/div><\/li><\/ul><\/div><\/div><\/div><\/div>\n\n\n<hr class=\"wp-block-separator has-alpha-channel-opacity\"\/>\n\n\n\n<h2 class=\"wp-block-heading\">Preguntas frecuentes \u2013 Tratamiento Invisalign<\/h2>\n\n\n<div id=\"rank-math-faq\" class=\"rank-math-block\">\n<div class=\"rank-math-list \">\n<div id=\"faq-question-1753450357858\" class=\"rank-math-list-item\">\n<h3 class=\"rank-math-question \">\u00bfEs m\u00e1s efectivo Tratamiento Invisalign tradicional?<\/h3>\n<div class=\"rank-math-answer \">\n\n<p>En casos adecuados, Invisalign puede ofrecer resultados tan efectivos como la ortodoncia. Su dentista determinar\u00e1 si usted es un buen candidato.<\/p>\n\n<\/div>\n<\/div>\n<div id=\"faq-question-1753710224617\" class=\"rank-math-list-item\">\n<h3 class=\"rank-math-question \">\u00bfCu\u00e1nto dura el Tratamiento Invisalign?<\/h3>\n<div class=\"rank-math-answer \">\n\n<p>Suele durar entre 6 y 18 meses, seg\u00fan el caso.<\/p>\n\n<\/div>\n<\/div>\n<div id=\"faq-question-1753710228942\" class=\"rank-math-list-item\">\n<h3 class=\"rank-math-question \">\u00bfAfectar\u00e1 al habla?<\/h3>\n<div class=\"rank-math-answer \">\n\n<p>Puede haber un breve periodo de adaptaci\u00f3n durante los primeros d\u00edas, pero la mayor\u00eda de las personas vuelven a hablar con normalidad r\u00e1pidamente.<\/p>\n\n<\/div>\n<\/div>\n<div id=\"faq-question-1753710234068\" class=\"rank-math-list-item\">\n<h3 class=\"rank-math-question \">\u00bfEs caro Invisalign?<\/h3>\n<div class=\"rank-math-answer \">\n\n<p>Generalmente es un poco m\u00e1s caro que la ortodoncia tradicional, pero suele ser el preferido por su comodidad, est\u00e9tica e invisibilidad.<\/p>\n\n<\/div>\n<\/div>\n<div id=\"faq-question-1753710239026\" class=\"rank-math-list-item\">\n<h3 class=\"rank-math-question \">\u00bfSe puede aplicar a cualquier edad?<\/h3>\n<div class=\"rank-math-answer \">\n\n<p>S\u00ed, es apto tanto para adolescentes como para adultos. Cualquier persona sin dientes de leche es candidata para el tratamiento.<\/p>\n\n<\/div>\n<\/div>\n<\/div>\n<\/div>\n\n\n<p>Para m\u00e1s informaci\u00f3n o solicitar precios, puede&nbsp;<a href=\"https:\/\/www.turkaesthetic.com\/es\/contact-us\/\" target=\"_blank\" rel=\"noreferrer noopener\">contactar<\/a>&nbsp;con&nbsp;<a href=\"https:\/\/www.youtube.com\/channel\/UC0zggzdm5CFwpRMmn_CPpFQ\" target=\"_blank\" rel=\"noreferrer noopener\">Turk Aesthetic<\/a>&nbsp;en Estambul, Turqu\u00eda, a trav\u00e9s de sus canales oficiales.<\/p>\n","protected":false},"excerpt":{"rendered":"<p>El Tratamiento Invisalign es un m\u00e9todo moderno de ortodoncia que alinea los dientes mediante alineadores transparentes hechos a medida en lugar de los tradicionales brackets met\u00e1licos. Estos alineadores se fabrican a medida para cada persona y mueven los dientes de forma gradual y precisa para corregir api\u00f1amientos, espacios y desalineaciones. Es una alternativa est\u00e9tica y [&hellip;]<\/p>\n","protected":false},"author":4,"featured_media":64701,"parent":0,"menu_order":0,"comment_status":"closed","ping_status":"closed","template":"","meta":{"footnotes":""},"dep":[1356],"class_list":["post-64775","page","type-page","status-publish","has-post-thumbnail","hentry","dep-cosmetic-dentistry"],"_links":{"self":[{"href":"https:\/\/www.turkaesthetic.com\/es\/wp-json\/wp\/v2\/pages\/64775","targetHints":{"allow":["GET"]}}],"collection":[{"href":"https:\/\/www.turkaesthetic.com\/es\/wp-json\/wp\/v2\/pages"}],"about":[{"href":"https:\/\/www.turkaesthetic.com\/es\/wp-json\/wp\/v2\/types\/page"}],"author":[{"embeddable":true,"href":"https:\/\/www.turkaesthetic.com\/es\/wp-json\/wp\/v2\/users\/4"}],"replies":[{"embeddable":true,"href":"https:\/\/www.turkaesthetic.com\/es\/wp-json\/wp\/v2\/comments?post=64775"}],"version-history":[{"count":0,"href":"https:\/\/www.turkaesthetic.com\/es\/wp-json\/wp\/v2\/pages\/64775\/revisions"}],"wp:featuredmedia":[{"embeddable":true,"href":"https:\/\/www.turkaesthetic.com\/es\/wp-json\/wp\/v2\/media\/64701"}],"wp:attachment":[{"href":"https:\/\/www.turkaesthetic.com\/es\/wp-json\/wp\/v2\/media?parent=64775"}],"wp:term":[{"taxonomy":"dep","embeddable":true,"href":"https:\/\/www.turkaesthetic.com\/es\/wp-json\/wp\/v2\/dep?post=64775"}],"curies":[{"name":"wp","href":"https:\/\/api.w.org\/{rel}","templated":true}]}}