{"id":64575,"date":"2025-07-07T15:29:11","date_gmt":"2025-07-07T12:29:11","guid":{"rendered":"https:\/\/www.turkaesthetic.com\/?page_id=64575"},"modified":"2025-08-06T16:40:14","modified_gmt":"2025-08-06T13:40:14","slug":"laser-teeth-whitening","status":"publish","type":"page","link":"https:\/\/www.turkaesthetic.com\/es\/laser-teeth-whitening\/","title":{"rendered":"Blanqueamiento Dental con L\u00e1ser"},"content":{"rendered":"\n<p>El <strong>blanqueamiento dental con l\u00e1ser<\/strong> es un tratamiento <a href=\"https:\/\/www.turkaesthetic.com\/es\/dentistry-es\/dental-cleaning\/\" target=\"_blank\" data-type=\"post\" data-id=\"34597\" rel=\"noreferrer noopener\">dental<\/a> cosm\u00e9tico r\u00e1pido y eficaz que elimina el amarilleo, las manchas y la opacidad de los dientes. Un gel blanqueador especial se aplica a la superficie dental y se activa con luz l\u00e1ser. De esta forma, es posible lograr un color dental varios tonos m\u00e1s blanco sin da\u00f1ar el esmalte.<\/p>\n\n\n\n<p>Hoy en d\u00eda, con el creciente inter\u00e9s en la est\u00e9tica de la sonrisa, los procedimientos de blanqueamiento asistidos por l\u00e1ser son los preferidos tanto por mujeres como por hombres. Ofrecen una soluci\u00f3n r\u00e1pida, especialmente para la decoloraci\u00f3n causada por el consumo de t\u00e9, caf\u00e9 y tabaco.<\/p>\n\n\n\n<figure class=\"wp-block-embed is-type-video is-provider-youtube wp-block-embed-youtube wp-embed-aspect-16-9 wp-has-aspect-ratio\"><div class=\"wp-block-embed__wrapper\">\n<iframe loading=\"lazy\" title=\"Teeth Whitening - Turk Aesthetic\" width=\"800\" height=\"450\" src=\"https:\/\/www.youtube.com\/embed\/p0FJ2ExiKfM?feature=oembed\" frameborder=\"0\" allow=\"accelerometer; autoplay; clipboard-write; encrypted-media; gyroscope; picture-in-picture; web-share\" referrerpolicy=\"strict-origin-when-cross-origin\" allowfullscreen><\/iframe>\n<\/div><figcaption class=\"wp-element-caption\"><strong>Blanqueamiento Dental con L\u00e1ser<\/strong><\/figcaption><\/figure>\n\n\n\n<hr class=\"wp-block-separator has-alpha-channel-opacity\"\/>\n\n\n\n<h2 class=\"wp-block-heading\">M\u00e9todos de Blanqueamiento Dental<\/h2>\n\n\n\n<p>El blanqueamiento dental se realiza generalmente mediante tres m\u00e9todos principales:<\/p>\n\n\n\n<ol class=\"wp-block-list\">\n<li>Blanqueamiento Dental con L\u00e1ser en la Cl\u00ednica<\/li>\n<\/ol>\n\n\n\n<p>Este m\u00e9todo lo realiza un dentista especialista en una cl\u00ednica. Se aplica un gel blanqueador especial sobre los dientes, que se activa con luz l\u00e1ser. El procedimiento dura entre 30 y 45 minutos y los resultados son visibles de inmediato. Es el m\u00e9todo m\u00e1s eficaz y r\u00e1pido.<\/p>\n\n\n\n<ol start=\"2\" class=\"wp-block-list\">\n<li>Blanqueamiento dental en casa<\/li>\n<\/ol>\n\n\n\n<p>Los kits de blanqueamiento dental para uso dom\u00e9stico se pueden encontrar en farmacias o tiendas de productos m\u00e9dicos.<\/p>\n\n\n\n<h2 class=\"wp-block-heading\">\u00bfC\u00f3mo se realiza el blanqueamiento dental con l\u00e1ser?<\/h2>\n\n\n<div id=\"rank-math-howto\" class=\"rank-math-block\" >\n<div class=\"rank-math-howto-description\">\n\n<p>El blanqueamiento dental con l\u00e1ser se realiza en los siguientes pasos:<\/p>\n\n<\/div>\n<p class=\"rank-math-howto-duration\"><strong>Tiempo total:<\/strong> <span>45 minutos<\/span><\/p>\n<div class=\"rank-math-steps \">\n<div id=\"howto-step-1751889456487\" class=\"rank-math-step\">\n<h3 class=\"rank-math-step-title \"><strong>Examen y evaluaci\u00f3n de idoneidad:<\/strong><\/h3>\n<div class=\"rank-math-step-content \"><p>El dentista eval\u00faa las enc\u00edas, la presencia de caries y la salud bucal general.<\/p>\n<\/div>\n<\/div>\n<div id=\"howto-step-1752745232027\" class=\"rank-math-step\">\n<h3 class=\"rank-math-step-title \">Limpieza dental:<\/h3>\n<div class=\"rank-math-step-content \"><p>Si hay acumulaci\u00f3n de sarro, se elimina antes del procedimiento y se garantiza la higiene bucal.<\/p>\n<\/div>\n<\/div>\n<div id=\"howto-step-1752745238942\" class=\"rank-math-step\">\n<h3 class=\"rank-math-step-title \">Aplicaci\u00f3n del gel:<\/h3>\n<div class=\"rank-math-step-content \"><p>Se a\u00edslan las enc\u00edas con un material protector especial y se aplica un gel blanqueador sobre la superficie dental.<\/p>\n<\/div>\n<\/div>\n<div id=\"howto-step-1752745245436\" class=\"rank-math-step\">\n<h3 class=\"rank-math-step-title \">Activaci\u00f3n con luz l\u00e1ser:<\/h3>\n<div class=\"rank-math-step-content \"><p>La luz l\u00e1ser activa los ingredientes del gel, aclarando el color del diente. Esta etapa suele durar entre 15 y 20 minutos y puede repetirse una o dos veces.<\/p>\n<\/div>\n<\/div>\n<\/div>\n<\/div>\n<p class=\"rank-math-howto-estimatedCost\"><strong>Coste estimado:<\/strong> <span>150 Euro<\/span><\/p>\n\n\n\n\n\n<hr class=\"wp-block-separator has-alpha-channel-opacity\"\/>\n\n\n\n<h4 class=\"wp-block-heading\">Ventajas del blanqueamiento dental con l\u00e1ser<\/h4>\n\n\n\n<p>El blanqueamiento dental con l\u00e1ser ofrece muchas ventajas:<\/p>\n\n\n\n<ul class=\"wp-block-list\">\n<li>Resultados r\u00e1pidos: Proporciona dientes visiblemente m\u00e1s blancos en una sola sesi\u00f3n. Indoloro y c\u00f3modo: No requiere anestesia local y, por lo general, no se siente dolor ni molestias.<\/li>\n\n\n\n<li>Procedimiento seguro: Realizado por expertos, no da\u00f1a el esmalte dental.<\/li>\n\n\n\n<li>Mejora est\u00e9tica: Resulta en una sonrisa m\u00e1s brillante y radiante.<\/li>\n\n\n\n<li>Efecto duradero: Con un buen cuidado, los resultados pueden durar de 1 a 2 a\u00f1os.<\/li>\n<\/ul>\n\n\n\n<h5 class=\"wp-block-heading\">Aspectos a considerar despu\u00e9s del blanqueamiento dental con l\u00e1ser<\/h5>\n\n\n\n<p>Despu\u00e9s de una sesi\u00f3n de blanqueamiento dental, el efecto del gel blanqueador contin\u00faa durante un tiempo. Durante este per\u00edodo, los dientes se vuelven m\u00e1s sensibles a los factores externos. Para lograr resultados duraderos y saludables, se recomienda prestar atenci\u00f3n a lo siguiente:<\/p>\n\n\n\n<p><strong>Evite comer y beber durante las primeras 2 horas<br><\/strong>Puede aparecer sensibilidad dental a corto plazo despu\u00e9s del procedimiento. Durante este per\u00edodo, abstenerse de comer y beber ayuda a que el efecto del gel se asiente por completo.<\/p>\n\n\n\n<p><strong>Evite los consumibles calientes y fr\u00edos<\/strong><\/p>\n\n\n\n<p>Durante las primeras 24 horas, evite alimentos y bebidas extremadamente calientes o fr\u00edos. En especial, alimentos como sopa, caf\u00e9 y helado pueden aumentar la sensibilidad dental.<\/p>\n\n\n\n<p><strong>Evite el t\u00e9, el caf\u00e9 y los alimentos con colorantes<\/strong><\/p>\n\n\n\n<p>Durante al menos una semana, evite alimentos y bebidas con colorantes, como t\u00e9, caf\u00e9, vino tinto, jugo de cereza y salsa de tomate. Estas sustancias pueden causar decoloraci\u00f3n dental.<\/p>\n\n\n\n<p><strong>No fume ni use productos de tabaco<\/strong><\/p>\n\n\n\n<p>Fumar no solo reduce la blancura de los dientes, sino que tambi\u00e9n perjudica las enc\u00edas y la salud bucal en general. Especialmente durante los primeros d\u00edas despu\u00e9s del blanqueamiento, es fundamental evitar fumar por completo.<\/p>\n\n\n\n<p><strong>Mantenga una rutina de cepillado regular<\/strong><\/p>\n\n\n\n<p>Cep\u00edllese los dientes al menos dos veces al d\u00eda con un cepillo de dientes de cerdas suaves. Despu\u00e9s del blanqueamiento, es importante prestar especial atenci\u00f3n a la higiene bucal.<\/p>\n\n\n\n<p><strong>Puede usar pasta dental blanqueadora<\/strong><\/p>\n\n\n\n<p>Usar una pasta dental blanqueadora recomendada por su dentista puede ayudar a mantener los resultados por m\u00e1s tiempo.<\/p>\n\n\n\n<h3 class=\"wp-block-heading\">Antes y despu\u00e9s<\/h3>\n\n\n\n<p>Antes del tratamiento, los dientes pod\u00edan verse amarillentos, manchados por el tabaco o el caf\u00e9, y generalmente opacos. Tras el blanqueamiento dental con l\u00e1ser, se consigue un brillo notable, un tono m\u00e1s claro y una apariencia m\u00e1s limpia. Esto marca una diferencia visible en la est\u00e9tica de la sonrisa y aumenta la confianza en uno mismo.<\/p>\n\n\n<style>.kb-gallery-id-64575_e16081-da .kadence-blocks-gallery-item .kb-gal-image-radius, .kb-gallery-id-64575_e16081-da .kb-slide-item .kb-gal-image-radius img{border-radius:0px 0px 0px 0px;;}.kb-gallery-wrap-id-64575_e16081-da.wp-block-kadence-advancedgallery{overflow:visible;}.kb-gallery-wrap-id-64575_e16081-da.wp-block-kadence-advancedgallery .kt-blocks-carousel{overflow:visible;}<\/style><div class=\"kb-gallery-wrap-id-64575_e16081-da alignnone wp-block-kadence-advancedgallery\"><div class=\"kb-gallery-ul kb-gallery-non-static kb-gallery-type-slider kb-gallery-id-64575_e16081-da kb-gallery-caption-style-bottom-hover kb-gallery-filter-none\" data-image-filter=\"none\" data-lightbox-caption=\"true\"><div class=\"kt-blocks-carousel splide kt-carousel-container-dotstyle-dark kt-carousel-arrowstyle-whiteondark kt-carousel-dotstyle-dark kb-slider-group-arrow kb-slider-arrow-position-center\" data-slider-anim-speed=\"400\" data-slider-scroll=\"1\" data-slider-arrows=\"true\" data-slider-fade=\"true\" data-slider-dots=\"true\" data-slider-type=\"slider\" data-slider-hover-pause=\"false\" data-slider-auto=\"\" data-slider-speed=\"7000\" data-show-pause-button=\"false\"><div class=\"splide__track\"><ul class=\"kt-blocks-carousel-init kb-blocks-slider splide__list\"><li class=\"kb-slide-item kb-gallery-slide-item splide__slide\"><div class=\"kadence-blocks-gallery-item\"><div class=\"kadence-blocks-gallery-item-inner\"><figure class=\"kb-gallery-figure kadence-blocks-gallery-item-hide-caption\"><div class=\"kb-gal-image-radius\"><div class=\"kb-gallery-image-contain kadence-blocks-gallery-intrinsic kb-gallery-image-ratio-land32 kb-has-image-ratio-land32\" ><img loading=\"lazy\" decoding=\"async\" src=\"https:\/\/www.turkaesthetic.com\/wp-content\/uploads\/2023\/08\/before-after-laser-teeth-whitening-in-turkey-1.webp\" width=\"1200\" height=\"800\" alt=\"Antes y despu\u00e9s del blanqueamiento dental\" data-full-image=\"https:\/\/www.turkaesthetic.com\/wp-content\/uploads\/2023\/08\/before-after-laser-teeth-whitening-in-turkey-1.webp\" data-light-image=\"https:\/\/www.turkaesthetic.com\/wp-content\/uploads\/2023\/08\/before-after-laser-teeth-whitening-in-turkey-1.webp\" data-id=\"65128\" class=\"wp-image-65128 skip-lazy\"\/><\/div><\/div><\/figure><\/div><\/div><\/li><li class=\"kb-slide-item kb-gallery-slide-item splide__slide\"><div class=\"kadence-blocks-gallery-item\"><div class=\"kadence-blocks-gallery-item-inner\"><figure class=\"kb-gallery-figure kadence-blocks-gallery-item-hide-caption\"><div class=\"kb-gal-image-radius\"><div class=\"kb-gallery-image-contain kadence-blocks-gallery-intrinsic kb-gallery-image-ratio-land32 kb-has-image-ratio-land32\" ><img loading=\"lazy\" decoding=\"async\" src=\"https:\/\/www.turkaesthetic.com\/wp-content\/uploads\/2023\/11\/before-after-teeth-whitening-1.jpg\" width=\"1200\" height=\"800\" alt=\"Antes y despu\u00e9s del blanqueamiento dental\" data-full-image=\"https:\/\/www.turkaesthetic.com\/wp-content\/uploads\/2023\/11\/before-after-teeth-whitening-1.jpg\" data-light-image=\"https:\/\/www.turkaesthetic.com\/wp-content\/uploads\/2023\/11\/before-after-teeth-whitening-1.jpg\" data-id=\"46679\" class=\"wp-image-46679 skip-lazy\"\/><\/div><\/div><\/figure><\/div><\/div><\/li><li class=\"kb-slide-item kb-gallery-slide-item splide__slide\"><div class=\"kadence-blocks-gallery-item\"><div class=\"kadence-blocks-gallery-item-inner\"><figure class=\"kb-gallery-figure kadence-blocks-gallery-item-hide-caption\"><div class=\"kb-gal-image-radius\"><div class=\"kb-gallery-image-contain kadence-blocks-gallery-intrinsic kb-gallery-image-ratio-land32 kb-has-image-ratio-land32\" ><img loading=\"lazy\" decoding=\"async\" src=\"https:\/\/www.turkaesthetic.com\/wp-content\/uploads\/2023\/11\/before-after-teeth-whitening-2.jpg\" width=\"1200\" height=\"800\" alt=\"Antes y despu\u00e9s del blanqueamiento dental\" data-full-image=\"https:\/\/www.turkaesthetic.com\/wp-content\/uploads\/2023\/11\/before-after-teeth-whitening-2.jpg\" data-light-image=\"https:\/\/www.turkaesthetic.com\/wp-content\/uploads\/2023\/11\/before-after-teeth-whitening-2.jpg\" data-id=\"46688\" class=\"wp-image-46688 skip-lazy\"\/><\/div><\/div><\/figure><\/div><\/div><\/li><li class=\"kb-slide-item kb-gallery-slide-item splide__slide\"><div class=\"kadence-blocks-gallery-item\"><div class=\"kadence-blocks-gallery-item-inner\"><figure class=\"kb-gallery-figure kadence-blocks-gallery-item-hide-caption\"><div class=\"kb-gal-image-radius\"><div class=\"kb-gallery-image-contain kadence-blocks-gallery-intrinsic kb-gallery-image-ratio-land32 kb-has-image-ratio-land32\" ><img loading=\"lazy\" decoding=\"async\" src=\"https:\/\/www.turkaesthetic.com\/wp-content\/uploads\/2023\/11\/before-after-teeth-whitening-3.jpg\" width=\"1200\" height=\"800\" alt=\"Antes y despu\u00e9s del blanqueamiento dental\" data-full-image=\"https:\/\/www.turkaesthetic.com\/wp-content\/uploads\/2023\/11\/before-after-teeth-whitening-3.jpg\" data-light-image=\"https:\/\/www.turkaesthetic.com\/wp-content\/uploads\/2023\/11\/before-after-teeth-whitening-3.jpg\" data-id=\"46697\" class=\"wp-image-46697 skip-lazy\"\/><\/div><\/div><\/figure><\/div><\/div><\/li><li class=\"kb-slide-item kb-gallery-slide-item splide__slide\"><div class=\"kadence-blocks-gallery-item\"><div class=\"kadence-blocks-gallery-item-inner\"><figure class=\"kb-gallery-figure kadence-blocks-gallery-item-hide-caption\"><div class=\"kb-gal-image-radius\"><div class=\"kb-gallery-image-contain kadence-blocks-gallery-intrinsic kb-gallery-image-ratio-land32 kb-has-image-ratio-land32\" ><img loading=\"lazy\" decoding=\"async\" src=\"https:\/\/www.turkaesthetic.com\/wp-content\/uploads\/2023\/12\/Teeth-whitening-before-after-4.webp\" width=\"1200\" height=\"800\" alt=\"Antes y despu\u00e9s del blanqueamiento dental\" data-full-image=\"https:\/\/www.turkaesthetic.com\/wp-content\/uploads\/2023\/12\/Teeth-whitening-before-after-4.webp\" data-light-image=\"https:\/\/www.turkaesthetic.com\/wp-content\/uploads\/2023\/12\/Teeth-whitening-before-after-4.webp\" data-id=\"49630\" class=\"wp-image-49630 skip-lazy\"\/><\/div><\/div><\/figure><\/div><\/div><\/li><li class=\"kb-slide-item kb-gallery-slide-item splide__slide\"><div class=\"kadence-blocks-gallery-item\"><div class=\"kadence-blocks-gallery-item-inner\"><figure class=\"kb-gallery-figure kadence-blocks-gallery-item-hide-caption\"><div class=\"kb-gal-image-radius\"><div class=\"kb-gallery-image-contain kadence-blocks-gallery-intrinsic kb-gallery-image-ratio-land32 kb-has-image-ratio-land32\" ><img loading=\"lazy\" decoding=\"async\" src=\"https:\/\/www.turkaesthetic.com\/wp-content\/uploads\/2023\/12\/Teeth-whitening-before-after-5.webp\" width=\"1200\" height=\"800\" alt=\"Antes y despu\u00e9s del blanqueamiento dental\" data-full-image=\"https:\/\/www.turkaesthetic.com\/wp-content\/uploads\/2023\/12\/Teeth-whitening-before-after-5.webp\" data-light-image=\"https:\/\/www.turkaesthetic.com\/wp-content\/uploads\/2023\/12\/Teeth-whitening-before-after-5.webp\" data-id=\"49639\" class=\"wp-image-49639 skip-lazy\"\/><\/div><\/div><\/figure><\/div><\/div><\/li><\/ul><\/div><\/div><\/div><\/div>\n\n\n<h2 class=\"wp-block-heading\">Preguntas frecuentes: Blanqueamiento dental con l\u00e1ser<\/h2>\n\n\n<div id=\"rank-math-faq\" class=\"rank-math-block\">\n<div class=\"rank-math-list \">\n<div id=\"faq-question-1752744965934\" class=\"rank-math-list-item\">\n<h3 class=\"rank-math-question \">\u00bfEs posible realizar el blanqueamiento dental con l\u00e1ser a todas las personas?<\/h3>\n<div class=\"rank-math-answer \">\n\n<p>En general, es apto para personas sanas. Sin embargo, no se recomienda para mujeres embarazadas, madres lactantes ni personas con problemas graves de enc\u00edas.<\/p>\n\n<\/div>\n<\/div>\n<div id=\"faq-question-1752745329622\" class=\"rank-math-list-item\">\n<h3 class=\"rank-math-question \">\u00bfHay sensibilidad despu\u00e9s del blanqueamiento dental con l\u00e1ser?<\/h3>\n<div class=\"rank-math-answer \">\n\n<p>Puede presentarse sensibilidad temporal, pero suele desaparecer por s\u00ed sola en 24-48 horas.<\/p>\n\n<\/div>\n<\/div>\n<div id=\"faq-question-1752745336496\" class=\"rank-math-list-item\">\n<h3 class=\"rank-math-question \">\u00bfCu\u00e1nto dura el efecto blanqueador?<\/h3>\n<div class=\"rank-math-answer \">\n\n<p>Si se limita el consumo de sustancias que manchan, como caf\u00e9, t\u00e9 y cigarrillos, el efecto puede durar entre 1 y 2 a\u00f1os.<\/p>\n\n<\/div>\n<\/div>\n<div id=\"faq-question-1752745341632\" class=\"rank-math-list-item\">\n<h3 class=\"rank-math-question \">\u00bfEs perjudicial el l\u00e1ser?<\/h3>\n<div class=\"rank-math-answer \">\n\n<p>No, los l\u00e1seres dentales est\u00e1n controlados y son seguros. No da\u00f1an el esmalte dental.<\/p>\n\n<\/div>\n<\/div>\n<div id=\"faq-question-1752745346968\" class=\"rank-math-list-item\">\n<h3 class=\"rank-math-question \">\u00bfFunciona el blanqueamiento dental con l\u00e1ser en dientes con carillas o empastes?<\/h3>\n<div class=\"rank-math-answer \">\n\n<p>No, este proceso solo es efectivo en el tejido dental natural. No altera el color de las carillas ni los empastes<\/p>\n\n<\/div>\n<\/div>\n<\/div>\n<\/div>\n\n\n<p>Para m\u00e1s informaci\u00f3n o solicitar precios, puede\u00a0<a href=\"https:\/\/www.turkaesthetic.com\/es\/contact-us\/\" target=\"_blank\" rel=\"noreferrer noopener\"><strong>contactar<\/strong><\/a>\u00a0con\u00a0<strong><a href=\"https:\/\/www.youtube.com\/channel\/UC0zggzdm5CFwpRMmn_CPpFQ\" target=\"_blank\" rel=\"noreferrer noopener\">Turk Aesthetic<\/a>\u00a0<\/strong>en Estambul, Turqu\u00eda, a trav\u00e9s de sus canales oficiales.<\/p>\n","protected":false},"excerpt":{"rendered":"<p>El blanqueamiento dental con l\u00e1ser es un tratamiento dental cosm\u00e9tico r\u00e1pido y eficaz que elimina el amarilleo, las manchas y la opacidad de los dientes. Un gel blanqueador especial se aplica a la superficie dental y se activa con luz l\u00e1ser. De esta forma, es posible lograr un color dental varios tonos m\u00e1s blanco sin [&hellip;]<\/p>\n","protected":false},"author":4,"featured_media":64507,"parent":0,"menu_order":0,"comment_status":"closed","ping_status":"closed","template":"","meta":{"footnotes":""},"dep":[1356],"class_list":["post-64575","page","type-page","status-publish","has-post-thumbnail","hentry","dep-cosmetic-dentistry"],"_links":{"self":[{"href":"https:\/\/www.turkaesthetic.com\/es\/wp-json\/wp\/v2\/pages\/64575","targetHints":{"allow":["GET"]}}],"collection":[{"href":"https:\/\/www.turkaesthetic.com\/es\/wp-json\/wp\/v2\/pages"}],"about":[{"href":"https:\/\/www.turkaesthetic.com\/es\/wp-json\/wp\/v2\/types\/page"}],"author":[{"embeddable":true,"href":"https:\/\/www.turkaesthetic.com\/es\/wp-json\/wp\/v2\/users\/4"}],"replies":[{"embeddable":true,"href":"https:\/\/www.turkaesthetic.com\/es\/wp-json\/wp\/v2\/comments?post=64575"}],"version-history":[{"count":0,"href":"https:\/\/www.turkaesthetic.com\/es\/wp-json\/wp\/v2\/pages\/64575\/revisions"}],"wp:featuredmedia":[{"embeddable":true,"href":"https:\/\/www.turkaesthetic.com\/es\/wp-json\/wp\/v2\/media\/64507"}],"wp:attachment":[{"href":"https:\/\/www.turkaesthetic.com\/es\/wp-json\/wp\/v2\/media?parent=64575"}],"wp:term":[{"taxonomy":"dep","embeddable":true,"href":"https:\/\/www.turkaesthetic.com\/es\/wp-json\/wp\/v2\/dep?post=64575"}],"curies":[{"name":"wp","href":"https:\/\/api.w.org\/{rel}","templated":true}]}}