{"id":64496,"date":"2025-07-05T12:42:16","date_gmt":"2025-07-05T09:42:16","guid":{"rendered":"https:\/\/www.turkaesthetic.com\/?page_id=64496"},"modified":"2025-07-21T16:41:45","modified_gmt":"2025-07-21T13:41:45","slug":"dental-crowns","status":"publish","type":"page","link":"https:\/\/www.turkaesthetic.com\/es\/dental-crowns\/","title":{"rendered":"Coronas Dentales"},"content":{"rendered":"\n<p>Las <strong>coronas dentales<\/strong> son un tratamiento dental especializado que se aplica a la superficie frontal de los dientes con fines est\u00e9ticos y funcionales. Cubren el diente por completo o solo la zona visible. Hoy en d\u00eda, en el campo de la odontolog\u00eda est\u00e9tica, el zirconio, E-max, las carillas y Lumineer se destacan como soluciones que transforman la est\u00e9tica de la sonrisa de los pacientes.<\/p>\n\n\n\n<figure class=\"wp-block-embed is-type-video is-provider-youtube wp-block-embed-youtube wp-embed-aspect-16-9 wp-has-aspect-ratio\"><div class=\"wp-block-embed__wrapper\">\n<iframe loading=\"lazy\" title=\"Dental Crowns - Turk Aesthetic\" width=\"800\" height=\"450\" src=\"https:\/\/www.youtube.com\/embed\/ZXMWDcQCJs0?feature=oembed\" frameborder=\"0\" allow=\"accelerometer; autoplay; clipboard-write; encrypted-media; gyroscope; picture-in-picture; web-share\" referrerpolicy=\"strict-origin-when-cross-origin\" allowfullscreen><\/iframe>\n<\/div><figcaption class=\"wp-element-caption\">Coronas Dentales<br><\/figcaption><\/figure>\n\n\n\n<h2 class=\"wp-block-heading\">\u00bfC\u00f3mo se realiza el procedimiento de corona dental?<\/h2>\n\n\n<div id=\"rank-math-howto\" class=\"rank-math-block\" >\n<div class=\"rank-math-howto-description\">\n\n<p>El procedimiento de corona dental se planifica seg\u00fan la estructura bucal del paciente y sus expectativas est\u00e9ticas. Los pasos generales son los siguientes:<\/p>\n\n<\/div>\n<p class=\"rank-math-howto-duration\"><strong>Tiempo total:<\/strong> <span>5 d\u00edas<\/span><\/p>\n<div class=\"rank-math-steps \">\n<div id=\"howto-step-1751706281662\" class=\"rank-math-step\">\n<h3 class=\"rank-math-step-title \">Examen y planificaci\u00f3n<\/h3>\n<div class=\"rank-math-step-content \"><p>Se utilizan esc\u00e1neres intraorales digitales para tomar medidas de los dientes.<\/p>\n<\/div>\n<\/div>\n<div id=\"howto-step-1751886971586\" class=\"rank-math-step\">\n<h3 class=\"rank-math-step-title \">Preparaci\u00f3n del diente:<\/h3>\n<div class=\"rank-math-step-content \"><p>Si es necesario, se realiza un raspado m\u00ednimo del diente.<\/p>\n<\/div>\n<\/div>\n<div id=\"howto-step-1751886980981\" class=\"rank-math-step\">\n<h3 class=\"rank-math-step-title \">Coronas temporales:<\/h3>\n<div class=\"rank-math-step-content \"><p>Mientras se preparan las carillas permanentes, se aplican las temporales para proteger los dientes.<\/p>\n<\/div>\n<\/div>\n<div id=\"howto-step-1751886990088\" class=\"rank-math-step\">\n<h3 class=\"rank-math-step-title \">Aplicaci\u00f3n de las coronas:<\/h3>\n<div class=\"rank-math-step-content \"><p>Las coronas preparadas se adhieren a los dientes mediante adhesivos especiales. Este procedimiento se puede aplicar tanto a los dientes frontales como a los posteriores. La duraci\u00f3n media del tratamiento es de 4 a 7 d\u00edas.<\/p>\n<\/div>\n<\/div>\n<\/div>\n<\/div>\n<p class=\"rank-math-howto-estimatedCost\"><strong>Coste estimado:<\/strong> <span>130 Euro<\/span><\/p>\n\n\n\n\n\n<h3 class=\"wp-block-heading\">\u00bfPara qui\u00e9n es adecuado?<\/h3>\n\n\n\n<ul class=\"wp-block-list\">\n<li>Personas con dientes descoloridos o manchados.<\/li>\n\n\n\n<li>Personas con estructuras dentales rotas, agrietadas o desgastadas.<\/li>\n\n\n\n<li>Personas que desean mejorar la est\u00e9tica de su sonrisa (Sonrisa Hollywood).<\/li>\n\n\n\n<li>Personas con espacios entre los dientes.<\/li>\n\n\n\n<li>Personas con dientes frontales deformados.<\/li>\n\n\n\n<li>Sin embargo, se recomienda a los pacientes con enfermedad periodontal grave, caries avanzada o bruxismo (rechinar de los dientes) que traten estos problemas antes de someterse a procedimientos de carillas.<\/li>\n<\/ul>\n\n\n\n<h4 class=\"wp-block-heading\">Tipos de carillas dentales y sus comparaciones<\/h4>\n\n\n\n<p><strong>Coronas de <a href=\"https:\/\/www.turkaesthetic.com\/es\/zirconium-crown\/\" target=\"_blank\" data-type=\"page\" data-id=\"50760\" rel=\"noreferrer noopener\">zirconio<\/a><\/strong><\/p>\n\n\n\n<p>Ventajas: Alta durabilidad, sin metal, ofrecen una blancura natural.<br>\u00c1rea de uso: Ideales tanto para dientes posteriores como para dientes frontales est\u00e9ticos.<\/p>\n\n\n\n<p>Coronas <a href=\"https:\/\/www.turkaesthetic.com\/es\/dentistry-es\/emax-veneer\/\" target=\"_blank\" data-type=\"post\" data-id=\"51649\" rel=\"noreferrer noopener\">E-Max<\/a>:<\/p>\n\n\n\n<p>Ventajas: Fabricadas en vitrocer\u00e1mica con la m\u00e1xima transmisi\u00f3n de luz.<br>\u00c1rea de uso: Proporcionan excelentes resultados, especialmente para la est\u00e9tica de los dientes frontales.<\/p>\n\n\n\n<p><strong><a href=\"https:\/\/www.turkaesthetic.com\/es\/dental-veneer\/\" target=\"_blank\" data-type=\"page\" data-id=\"33491\" rel=\"noreferrer noopener\">Carillas<\/a> (Laminado de Porcelana)<\/strong><\/p>\n\n\n\n<p>Ventajas: Requieren una reducci\u00f3n m\u00ednima del diente y ofrecen una apariencia est\u00e9tica.<br>Uso: Ofrecen una soluci\u00f3n cosm\u00e9tica con m\u00ednima intervenci\u00f3n en los dientes frontales.<\/p>\n\n\n\n<p><strong><a href=\"https:\/\/www.turkaesthetic.com\/es\/dental-lumineers\/\" target=\"_blank\" data-type=\"page\" data-id=\"33530\" rel=\"noreferrer noopener\">Lumineers<\/a> Carillas<\/strong><\/p>\n\n\n\n<p>Ventajas: Se pueden aplicar sin raspar los dientes; su estructura es ultrafina.<br>Uso: Ideales para personas con sensibilidad dental; ofrecen un dise\u00f1o de sonrisa sin dolor.<\/p>\n\n\n\n<hr class=\"wp-block-separator has-alpha-channel-opacity\"\/>\n\n\n\n<h3 class=\"wp-block-heading\">Qu\u00e9 hacer antes y despu\u00e9s de las coronas dentales<\/h3>\n\n\n\n<p><strong>Antes del procedimiento:<\/strong><\/p>\n\n\n\n<ul class=\"wp-block-list\">\n<li>Se debe revisar la salud de las enc\u00edas.<\/li>\n\n\n\n<li>Podr\u00eda ser necesaria una limpieza dental profesional.<\/li>\n\n\n\n<li>Evite sustancias que causen decoloraci\u00f3n, como el caf\u00e9 y el tabaco.<\/li>\n<\/ul>\n\n\n\n<p><strong>Despu\u00e9s del procedimiento:<\/strong><\/p>\n\n\n\n<ul class=\"wp-block-list\">\n<li>Evite los alimentos duros.<\/li>\n\n\n\n<li>Mantenga el h\u00e1bito de cepillarse los dientes dos veces al d\u00eda.<\/li>\n\n\n\n<li>Se recomienda el uso de hilo dental e irrigadores bucales.<\/li>\n\n\n\n<li>Las revisiones dentales deben realizarse cada 6 meses.<\/li>\n<\/ul>\n\n\n\n<h3 class=\"wp-block-heading\">Antes y despu\u00e9s de las coronas dentales<\/h3>\n\n\n<style>.kb-gallery-id-64496_51de65-c5 .kadence-blocks-gallery-item .kb-gal-image-radius, .kb-gallery-id-64496_51de65-c5 .kb-slide-item .kb-gal-image-radius img{border-radius:0px 0px 0px 0px;;}.kb-gallery-wrap-id-64496_51de65-c5.wp-block-kadence-advancedgallery{overflow:visible;}.kb-gallery-wrap-id-64496_51de65-c5.wp-block-kadence-advancedgallery .kt-blocks-carousel{overflow:visible;}<\/style><div class=\"kb-gallery-wrap-id-64496_51de65-c5 alignnone wp-block-kadence-advancedgallery\"><div class=\"kb-gallery-ul kb-gallery-non-static kb-gallery-type-slider kb-gallery-id-64496_51de65-c5 kb-gallery-caption-style-bottom-hover kb-gallery-filter-none\" data-image-filter=\"none\" data-lightbox-caption=\"true\"><div class=\"kt-blocks-carousel splide kt-carousel-container-dotstyle-dark kt-carousel-arrowstyle-whiteondark kt-carousel-dotstyle-dark kb-slider-group-arrow kb-slider-arrow-position-center\" data-slider-anim-speed=\"400\" data-slider-scroll=\"1\" data-slider-arrows=\"true\" data-slider-fade=\"true\" data-slider-dots=\"true\" data-slider-type=\"slider\" data-slider-hover-pause=\"false\" data-slider-auto=\"\" data-slider-speed=\"7000\" data-show-pause-button=\"false\"><div class=\"splide__track\"><ul class=\"kt-blocks-carousel-init kb-blocks-slider splide__list\"><li class=\"kb-slide-item kb-gallery-slide-item splide__slide\"><div class=\"kadence-blocks-gallery-item\"><div class=\"kadence-blocks-gallery-item-inner\"><figure class=\"kb-gallery-figure kadence-blocks-gallery-item-hide-caption\"><div class=\"kb-gal-image-radius\"><div class=\"kb-gallery-image-contain kadence-blocks-gallery-intrinsic kb-gallery-image-ratio-land32 kb-has-image-ratio-land32\" ><img loading=\"lazy\" decoding=\"async\" src=\"https:\/\/www.turkaesthetic.com\/wp-content\/uploads\/2023\/12\/Dental-Crown-before-after-1.webp\" width=\"1200\" height=\"800\" alt=\"Di\u015f kaplamas\u0131 \u00f6ncesi ve sonras\u0131\" data-full-image=\"https:\/\/www.turkaesthetic.com\/wp-content\/uploads\/2023\/12\/Dental-Crown-before-after-1.webp\" data-light-image=\"https:\/\/www.turkaesthetic.com\/wp-content\/uploads\/2023\/12\/Dental-Crown-before-after-1.webp\" data-id=\"48886\" class=\"wp-image-48886 skip-lazy\"\/><\/div><\/div><\/figure><\/div><\/div><\/li><li class=\"kb-slide-item kb-gallery-slide-item splide__slide\"><div class=\"kadence-blocks-gallery-item\"><div class=\"kadence-blocks-gallery-item-inner\"><figure class=\"kb-gallery-figure kadence-blocks-gallery-item-hide-caption\"><div class=\"kb-gal-image-radius\"><div class=\"kb-gallery-image-contain kadence-blocks-gallery-intrinsic kb-gallery-image-ratio-land32 kb-has-image-ratio-land32\" ><img loading=\"lazy\" decoding=\"async\" src=\"https:\/\/www.turkaesthetic.com\/wp-content\/uploads\/2023\/12\/Dental-Crown-before-after-2.webp\" width=\"1200\" height=\"800\" alt=\"Di\u015f kaplamas\u0131 \u00f6ncesi ve sonras\u0131\" data-full-image=\"https:\/\/www.turkaesthetic.com\/wp-content\/uploads\/2023\/12\/Dental-Crown-before-after-2.webp\" data-light-image=\"https:\/\/www.turkaesthetic.com\/wp-content\/uploads\/2023\/12\/Dental-Crown-before-after-2.webp\" data-id=\"48895\" class=\"wp-image-48895 skip-lazy\"\/><\/div><\/div><\/figure><\/div><\/div><\/li><li class=\"kb-slide-item kb-gallery-slide-item splide__slide\"><div class=\"kadence-blocks-gallery-item\"><div class=\"kadence-blocks-gallery-item-inner\"><figure class=\"kb-gallery-figure kadence-blocks-gallery-item-hide-caption\"><div class=\"kb-gal-image-radius\"><div class=\"kb-gallery-image-contain kadence-blocks-gallery-intrinsic kb-gallery-image-ratio-land32 kb-has-image-ratio-land32\" ><img loading=\"lazy\" decoding=\"async\" src=\"https:\/\/www.turkaesthetic.com\/wp-content\/uploads\/2023\/12\/Dental-Crown-before-after-3.webp\" width=\"1200\" height=\"800\" alt=\"Di\u015f kaplamas\u0131 \u00f6ncesi ve sonras\u0131\" data-full-image=\"https:\/\/www.turkaesthetic.com\/wp-content\/uploads\/2023\/12\/Dental-Crown-before-after-3.webp\" data-light-image=\"https:\/\/www.turkaesthetic.com\/wp-content\/uploads\/2023\/12\/Dental-Crown-before-after-3.webp\" data-id=\"48904\" class=\"wp-image-48904 skip-lazy\"\/><\/div><\/div><\/figure><\/div><\/div><\/li><li class=\"kb-slide-item kb-gallery-slide-item splide__slide\"><div class=\"kadence-blocks-gallery-item\"><div class=\"kadence-blocks-gallery-item-inner\"><figure class=\"kb-gallery-figure kadence-blocks-gallery-item-hide-caption\"><div class=\"kb-gal-image-radius\"><div class=\"kb-gallery-image-contain kadence-blocks-gallery-intrinsic kb-gallery-image-ratio-land32 kb-has-image-ratio-land32\" ><img loading=\"lazy\" decoding=\"async\" src=\"https:\/\/www.turkaesthetic.com\/wp-content\/uploads\/2023\/12\/Dental-Crown-before-after-4.webp\" width=\"1200\" height=\"800\" alt=\"Di\u015f kaplamas\u0131 \u00f6ncesi ve sonras\u0131\" data-full-image=\"https:\/\/www.turkaesthetic.com\/wp-content\/uploads\/2023\/12\/Dental-Crown-before-after-4.webp\" data-light-image=\"https:\/\/www.turkaesthetic.com\/wp-content\/uploads\/2023\/12\/Dental-Crown-before-after-4.webp\" data-id=\"48913\" class=\"wp-image-48913 skip-lazy\"\/><\/div><\/div><\/figure><\/div><\/div><\/li><li class=\"kb-slide-item kb-gallery-slide-item splide__slide\"><div class=\"kadence-blocks-gallery-item\"><div class=\"kadence-blocks-gallery-item-inner\"><figure class=\"kb-gallery-figure kadence-blocks-gallery-item-hide-caption\"><div class=\"kb-gal-image-radius\"><div class=\"kb-gallery-image-contain kadence-blocks-gallery-intrinsic kb-gallery-image-ratio-land32 kb-has-image-ratio-land32\" ><img loading=\"lazy\" decoding=\"async\" src=\"https:\/\/www.turkaesthetic.com\/wp-content\/uploads\/2023\/12\/Dental-Crown-before-after-5.webp\" width=\"1200\" height=\"800\" alt=\"Di\u015f kaplamas\u0131 \u00f6ncesi ve sonras\u0131\" data-full-image=\"https:\/\/www.turkaesthetic.com\/wp-content\/uploads\/2023\/12\/Dental-Crown-before-after-5.webp\" data-light-image=\"https:\/\/www.turkaesthetic.com\/wp-content\/uploads\/2023\/12\/Dental-Crown-before-after-5.webp\" data-id=\"48922\" class=\"wp-image-48922 skip-lazy\"\/><\/div><\/div><\/figure><\/div><\/div><\/li><\/ul><\/div><\/div><\/div><\/div>\n\n\n<hr class=\"wp-block-separator has-alpha-channel-opacity\"\/>\n\n\n\n<h3 class=\"wp-block-heading\">Costo de las coronas dentales (Estambul 2025)<\/h3>\n\n\n\n<p>El precio de las coronas dentales en Estambul var\u00eda seg\u00fan el material utilizado, la experiencia del dentista, la ubicaci\u00f3n de la cl\u00ednica y el n\u00famero de carillas aplicadas:<\/p>\n\n\n\n<p>Corona de zirconio: 130 \u20ac<br>Corona E-Max: 190 \u20ac<br>Carillas y Lumineer: 130 \u20ac \u2013 190 \u20ac (por diente)<br>Para varias coronas (p. ej., <a href=\"https:\/\/www.turkaesthetic.com\/es\/hollywood-smile\/\" target=\"_blank\" data-type=\"page\" data-id=\"33382\" rel=\"noreferrer noopener\">Hollywood Smile<\/a>), se pueden ofrecer precios de paquetes personalizados.<\/p>\n\n\n\n<h2 class=\"wp-block-heading\">Preguntas frecuentes sobre coronas dentales<\/h2>\n\n\n<div id=\"rank-math-faq\" class=\"rank-math-block\">\n<div class=\"rank-math-list \">\n<div id=\"faq-question-1751706553327\" class=\"rank-math-list-item\">\n<h3 class=\"rank-math-question \">\u00bfEs dolorosa la aplicaci\u00f3n de coronas dentales?<\/h3>\n<div class=\"rank-math-answer \">\n\n<p>No. Se realiza con anestesia local y generalmente es indolora.<\/p>\n\n<\/div>\n<\/div>\n<div id=\"faq-question-1751887168438\" class=\"rank-math-list-item\">\n<h3 class=\"rank-math-question \">\u00bfCu\u00e1nto duran las coronas dentales?<\/h3>\n<div class=\"rank-math-answer \">\n\n<p>Con el cuidado adecuado, pueden durar de 10 a 15 a\u00f1os o incluso m\u00e1s sin problemas.<\/p>\n\n<\/div>\n<\/div>\n<div id=\"faq-question-1751887180527\" class=\"rank-math-list-item\">\n<h3 class=\"rank-math-question \">\u00bfCambian de color las coronas dentales?<\/h3>\n<div class=\"rank-math-answer \">\n\n<p>Las coronas dentales como las de zirconio y E-Max mantienen el color estable, pero el consumo excesivo de t\u00e9, caf\u00e9 y cigarrillos puede afectarlo.<\/p>\n\n<\/div>\n<\/div>\n<\/div>\n<\/div>\n\n\n<hr class=\"wp-block-separator has-alpha-channel-opacity\"\/>\n\n\n\n<h2 class=\"wp-block-heading\">Conclusi\u00f3n<\/h2>\n\n\n\n<p>Las coronas dentales no solo son una soluci\u00f3n est\u00e9tica, sino tambi\u00e9n un tratamiento que ayuda a recuperar la confianza. Con opciones como las de zirconio, E-Max, carillas y Lumineer, es posible encontrar una soluci\u00f3n adaptada a las necesidades de cada persona. Como cl\u00ednica experta en Estambul, estamos aqu\u00ed para ayudarle a conseguir la sonrisa m\u00e1s natural.<\/p>\n\n\n\n<p>Finalmente, puede\u00a0<a href=\"https:\/\/www.turkaesthetic.com\/es\/contact-us\/\" target=\"_blank\" data-type=\"link\" data-id=\"https:\/\/www.turkaesthetic.com\/es\/contact-us\/\" rel=\"noreferrer noopener\"><strong>contactarnos<\/strong>\u00a0<\/a>directamente a trav\u00e9s del enlace para solicitar informaci\u00f3n y precios de\u00a0<strong><a href=\"https:\/\/www.youtube.com\/channel\/UC0zggzdm5CFwpRMmn_CPpFQ\" target=\"_blank\" rel=\"noreferrer noopener\">Turk Aesthetic<\/a>.<\/strong><a href=\"http:\/\/turkaesthetic.com\/ru\/prp\/\"><\/a><br><\/p>\n","protected":false},"excerpt":{"rendered":"<p>Las coronas dentales son un tratamiento dental especializado que se aplica a la superficie frontal de los dientes con fines est\u00e9ticos y funcionales. Cubren el diente por completo o solo la zona visible. Hoy en d\u00eda, en el campo de la odontolog\u00eda est\u00e9tica, el zirconio, E-max, las carillas y Lumineer se destacan como soluciones que [&hellip;]<\/p>\n","protected":false},"author":4,"featured_media":64433,"parent":0,"menu_order":0,"comment_status":"closed","ping_status":"closed","template":"","meta":{"footnotes":""},"dep":[1356],"class_list":["post-64496","page","type-page","status-publish","has-post-thumbnail","hentry","dep-cosmetic-dentistry"],"_links":{"self":[{"href":"https:\/\/www.turkaesthetic.com\/es\/wp-json\/wp\/v2\/pages\/64496","targetHints":{"allow":["GET"]}}],"collection":[{"href":"https:\/\/www.turkaesthetic.com\/es\/wp-json\/wp\/v2\/pages"}],"about":[{"href":"https:\/\/www.turkaesthetic.com\/es\/wp-json\/wp\/v2\/types\/page"}],"author":[{"embeddable":true,"href":"https:\/\/www.turkaesthetic.com\/es\/wp-json\/wp\/v2\/users\/4"}],"replies":[{"embeddable":true,"href":"https:\/\/www.turkaesthetic.com\/es\/wp-json\/wp\/v2\/comments?post=64496"}],"version-history":[{"count":0,"href":"https:\/\/www.turkaesthetic.com\/es\/wp-json\/wp\/v2\/pages\/64496\/revisions"}],"wp:featuredmedia":[{"embeddable":true,"href":"https:\/\/www.turkaesthetic.com\/es\/wp-json\/wp\/v2\/media\/64433"}],"wp:attachment":[{"href":"https:\/\/www.turkaesthetic.com\/es\/wp-json\/wp\/v2\/media?parent=64496"}],"wp:term":[{"taxonomy":"dep","embeddable":true,"href":"https:\/\/www.turkaesthetic.com\/es\/wp-json\/wp\/v2\/dep?post=64496"}],"curies":[{"name":"wp","href":"https:\/\/api.w.org\/{rel}","templated":true}]}}