{"id":62811,"date":"2025-04-29T13:51:10","date_gmt":"2025-04-29T10:51:10","guid":{"rendered":"https:\/\/www.turkaesthetic.com\/?page_id=62811"},"modified":"2026-04-02T13:20:05","modified_gmt":"2026-04-02T10:20:05","slug":"sapphire-fue","status":"publish","type":"page","link":"https:\/\/www.turkaesthetic.com\/es\/sapphire-fue\/","title":{"rendered":"Trasplante de Cabello de Zafiro"},"content":{"rendered":"\n<p><strong>Trasplante de cabello de zafiro<\/strong>: Hoy en d\u00eda, las t\u00e9cnicas de trasplante capilar est\u00e1n en constante evoluci\u00f3n, y en los \u00faltimos a\u00f1os, la t\u00e9cnica de zafiro ha ganado popularidad. En este art\u00edculo, analizaremos las ventajas trasplante de Cabello de Zafiro, c\u00f3mo funciona el proceso y en qu\u00e9 se diferencia de otras t\u00e9cnicas.<\/p>\n\n\n\n<p>\u00bfQu\u00e9 es el trasplante capilar de zafiro? El trasplante capilar de zafiro es una versi\u00f3n especializada de la t\u00e9cnica FUE (Extracci\u00f3n de Unidades Foliculares). En la t\u00e9cnica <a href=\"https:\/\/www.turkaesthetic.com\/es\/fue-hair-transplant\/\" target=\"_blank\" data-type=\"page\" data-id=\"61567\" rel=\"noreferrer noopener\">FUE<\/a> tradicional, se utilizan hendiduras met\u00e1licas para extraer los fol\u00edculos pilosos y crear poros para la implantaci\u00f3n. Sin embargo, en el trasplante capilar de zafiro, se utilizan cuchillas de zafiro especialmente desarrolladas. Esta t\u00e9cnica permite una apertura de poros m\u00e1s precisa, mejorando la retenci\u00f3n del injerto y produciendo un resultado m\u00e1s natural.<\/p>\n\n\n\n<h2 class=\"wp-block-heading\">Ventajas de trasplante de Cabello de Zafiro<\/h2>\n\n\n\n<ul class=\"wp-block-list\">\n<li>Apariencia natural: Gracias a las cuchillas de zafiro, los poros se abren m\u00e1s peque\u00f1os y definidos, permitiendo que el cabello trasplantado crezca de forma m\u00e1s natural. Menor da\u00f1o tisular: En comparaci\u00f3n con las incisiones met\u00e1licas, las puntas de zafiro causan menos da\u00f1o tisular, lo que acelera el proceso de cicatrizaci\u00f3n.<\/li>\n\n\n\n<li>Trasplante m\u00e1s denso: Gracias a la creaci\u00f3n de poros m\u00e1s estrechos y precisos, es posible formar una l\u00ednea capilar m\u00e1s densa y de aspecto m\u00e1s natural.<\/li>\n\n\n\n<li>Cicatrizaci\u00f3n m\u00e1s r\u00e1pida: Los microporos abiertos con hojas de zafiro cicatrizan m\u00e1s r\u00e1pido, minimizando el riesgo de infecci\u00f3n.<\/li>\n\n\n\n<li>Reducci\u00f3n de la formaci\u00f3n de costras: Los procedimientos realizados con puntas de zafiro reducen la formaci\u00f3n de costras y heridas despu\u00e9s del trasplante.<\/li>\n<\/ul>\n\n\n\n<h3 class=\"wp-block-heading\">Proceso de trasplante de cabello de zafiro<\/h3>\n\n\n\n<hr class=\"wp-block-separator has-alpha-channel-opacity\"\/>\n\n\n<div id=\"rank-math-howto\" class=\"rank-math-block\" >\n<div class=\"rank-math-howto-description\">\n\n<p>Etapas de trasplante de Cabello de Zafiro:<\/p>\n\n<\/div>\n<p class=\"rank-math-howto-duration\"><strong>Tiempo total:<\/strong> <span>7 horas<\/span><\/p>\n<div class=\"rank-math-steps \">\n<div id=\"howto-step-1740142238348\" class=\"rank-math-step\">\n<h3 class=\"rank-math-step-title \"><strong>Etapa Inicial<\/strong><\/h3>\n<div class=\"rank-math-step-content \"><img loading=\"lazy\" decoding=\"async\" width=\"800\" height=\"600\" src=\"https:\/\/www.turkaesthetic.com\/wp-content\/uploads\/2025\/02\/safir-2-1.webp\" class=\"attachment-full size-full\" alt=\"Greffe de Cheveux Saphir\" srcset=\"https:\/\/www.turkaesthetic.com\/wp-content\/uploads\/2025\/02\/safir-2-1.webp 800w, https:\/\/www.turkaesthetic.com\/wp-content\/uploads\/2025\/02\/safir-2-1-768x576.webp 768w\" sizes=\"auto, (max-width: 800px) 100vw, 800px\" \/><p>Consulta Previa y Planificaci\u00f3n: Antes del procedimiento de trasplante capilar, un m\u00e9dico especialista eval\u00faa la estructura capilar del paciente, el grado de p\u00e9rdida capilar y la zona donante.<br \/>Extracci\u00f3n de Fol\u00edculos Capilares: Mediante el m\u00e9todo FUE con zafiro, se recolectan fol\u00edculos capilares individualmente con la ayuda de un micromotor.<\/p>\n<\/div>\n<\/div>\n<div id=\"howto-step-1740142244223\" class=\"rank-math-step\">\n<h3 class=\"rank-math-step-title \"><strong>Etapa Intermedia<\/strong><\/h3>\n<div class=\"rank-math-step-content \"><p>Apertura de Poros con Cuchillas de Zafiro: Durante la fase de apertura de poros, se utilizan cuchillas de zafiro para asegurar la direcci\u00f3n y el \u00e1ngulo correctos para el crecimiento natural.<br \/>Implantaci\u00f3n de Fol\u00edculos: Los fol\u00edculos capilares recolectados se colocan en los poros abiertos, completando as\u00ed el proceso de trasplante.<\/p>\n<\/div>\n<\/div>\n<div id=\"howto-step-1740142257044\" class=\"rank-math-step\">\n<h3 class=\"rank-math-step-title \"><strong>Etapa Final<\/strong><\/h3>\n<div class=\"rank-math-step-content \"><p>Vendaje: La zona donante se trata con una crema antibi\u00f3tica y se venda despu\u00e9s del procedimiento.<br \/>Curaci\u00f3n y Resultados: Siguiendo las instrucciones postoperatorias del m\u00e9dico, los pacientes pueden acelerar su recuperaci\u00f3n. Los resultados iniciales se pueden observar en un plazo de 3 a 6 meses, y los resultados completos suelen ser visibles despu\u00e9s de unos 12 meses.<\/p>\n<\/div>\n<\/div>\n<\/div>\n<\/div>\n<p class=\"rank-math-howto-estimatedCost\"><strong>Coste estimado:<\/strong> <span>1200 Euro<\/span><\/p>\n\n\n\n\n\n<h3 class=\"wp-block-heading\">Antes y despu\u00e9s trasplante de Cabello de Zafiro<\/h3>\n\n\n\n<hr class=\"wp-block-separator has-alpha-channel-opacity\"\/>\n\n\n\n<p>En las personas que se someten a trasplante de Cabello de Zafiro, el aspecto ralo y delgado del cabello antes del procedimiento se transforma gradualmente en un aspecto m\u00e1s saludable y natural. Durante los primeros meses, el cabello reci\u00e9n nacido puede parecer delicado y fino, pero con el tiempo se engrosa y desarrolla una estructura m\u00e1s densa.<\/p>\n\n\n<style>.kb-gallery-id-62811_dc70c8-d1 .kadence-blocks-gallery-item .kb-gal-image-radius, .kb-gallery-id-62811_dc70c8-d1 .kb-slide-item .kb-gal-image-radius img{border-radius:0px 0px 0px 0px;;}.kb-gallery-wrap-id-62811_dc70c8-d1.wp-block-kadence-advancedgallery{overflow:visible;}.kb-gallery-wrap-id-62811_dc70c8-d1.wp-block-kadence-advancedgallery .kt-blocks-carousel{overflow:visible;}<\/style><div class=\"kb-gallery-wrap-id-62811_dc70c8-d1 alignnone wp-block-kadence-advancedgallery\"><div class=\"kb-gallery-ul kb-gallery-non-static kb-gallery-type-slider kb-gallery-id-62811_dc70c8-d1 kb-gallery-caption-style-bottom-hover kb-gallery-filter-none\" data-image-filter=\"none\" data-lightbox-caption=\"true\"><div class=\"kt-blocks-carousel splide kt-carousel-container-dotstyle-dark kt-carousel-arrowstyle-whiteondark kt-carousel-dotstyle-dark kb-slider-group-arrow kb-slider-arrow-position-center\" data-slider-anim-speed=\"400\" data-slider-scroll=\"1\" data-slider-arrows=\"true\" data-slider-fade=\"true\" data-slider-dots=\"true\" data-slider-type=\"slider\" data-slider-hover-pause=\"false\" data-slider-auto=\"\" data-slider-speed=\"7000\" data-show-pause-button=\"false\"><div class=\"splide__track\"><ul class=\"kt-blocks-carousel-init kb-blocks-slider splide__list\"><li class=\"kb-slide-item kb-gallery-slide-item splide__slide\"><div class=\"kadence-blocks-gallery-item\"><div class=\"kadence-blocks-gallery-item-inner\"><figure class=\"kb-gallery-figure kadence-blocks-gallery-item-hide-caption\"><div class=\"kb-gal-image-radius\"><div class=\"kb-gallery-image-contain kadence-blocks-gallery-intrinsic kb-gallery-image-ratio-land32 kb-has-image-ratio-land32\" ><img loading=\"lazy\" decoding=\"async\" src=\"https:\/\/www.turkaesthetic.com\/wp-content\/uploads\/2023\/12\/Hair-transplant-before-after-13.webp\" width=\"1200\" height=\"800\" alt=\"Antes y despu\u00e9s del trasplante de cabello sapphire\" data-full-image=\"https:\/\/www.turkaesthetic.com\/wp-content\/uploads\/2023\/12\/Hair-transplant-before-after-13.webp\" data-light-image=\"https:\/\/www.turkaesthetic.com\/wp-content\/uploads\/2023\/12\/Hair-transplant-before-after-13.webp\" data-id=\"49187\" class=\"wp-image-49187 skip-lazy\"\/><\/div><\/div><\/figure><\/div><\/div><\/li><li class=\"kb-slide-item kb-gallery-slide-item splide__slide\"><div class=\"kadence-blocks-gallery-item\"><div class=\"kadence-blocks-gallery-item-inner\"><figure class=\"kb-gallery-figure kadence-blocks-gallery-item-hide-caption\"><div class=\"kb-gal-image-radius\"><div class=\"kb-gallery-image-contain kadence-blocks-gallery-intrinsic kb-gallery-image-ratio-land32 kb-has-image-ratio-land32\" ><img loading=\"lazy\" decoding=\"async\" src=\"https:\/\/www.turkaesthetic.com\/wp-content\/uploads\/2023\/12\/Hair-transplant-before-after-14.webp\" width=\"1200\" height=\"800\" alt=\"Antes y despu\u00e9s del trasplante de cabello sapphire\" data-full-image=\"https:\/\/www.turkaesthetic.com\/wp-content\/uploads\/2023\/12\/Hair-transplant-before-after-14.webp\" data-light-image=\"https:\/\/www.turkaesthetic.com\/wp-content\/uploads\/2023\/12\/Hair-transplant-before-after-14.webp\" data-id=\"49196\" class=\"wp-image-49196 skip-lazy\"\/><\/div><\/div><\/figure><\/div><\/div><\/li><li class=\"kb-slide-item kb-gallery-slide-item splide__slide\"><div class=\"kadence-blocks-gallery-item\"><div class=\"kadence-blocks-gallery-item-inner\"><figure class=\"kb-gallery-figure kadence-blocks-gallery-item-hide-caption\"><div class=\"kb-gal-image-radius\"><div class=\"kb-gallery-image-contain kadence-blocks-gallery-intrinsic kb-gallery-image-ratio-land32 kb-has-image-ratio-land32\" ><img loading=\"lazy\" decoding=\"async\" src=\"https:\/\/www.turkaesthetic.com\/wp-content\/uploads\/2023\/12\/Hair-transplant-before-after-15.webp\" width=\"1200\" height=\"800\" alt=\"Antes y despu\u00e9s del trasplante de cabello sapphire\" data-full-image=\"https:\/\/www.turkaesthetic.com\/wp-content\/uploads\/2023\/12\/Hair-transplant-before-after-15.webp\" data-light-image=\"https:\/\/www.turkaesthetic.com\/wp-content\/uploads\/2023\/12\/Hair-transplant-before-after-15.webp\" data-id=\"49205\" class=\"wp-image-49205 skip-lazy\"\/><\/div><\/div><\/figure><\/div><\/div><\/li><li class=\"kb-slide-item kb-gallery-slide-item splide__slide\"><div class=\"kadence-blocks-gallery-item\"><div class=\"kadence-blocks-gallery-item-inner\"><figure class=\"kb-gallery-figure kadence-blocks-gallery-item-hide-caption\"><div class=\"kb-gal-image-radius\"><div class=\"kb-gallery-image-contain kadence-blocks-gallery-intrinsic kb-gallery-image-ratio-land32 kb-has-image-ratio-land32\" ><img loading=\"lazy\" decoding=\"async\" src=\"https:\/\/www.turkaesthetic.com\/wp-content\/uploads\/2023\/12\/Hair-transplant-before-after-16.webp\" width=\"1200\" height=\"800\" alt=\"Antes y despu\u00e9s del trasplante de cabello sapphire\" data-full-image=\"https:\/\/www.turkaesthetic.com\/wp-content\/uploads\/2023\/12\/Hair-transplant-before-after-16.webp\" data-light-image=\"https:\/\/www.turkaesthetic.com\/wp-content\/uploads\/2023\/12\/Hair-transplant-before-after-16.webp\" data-id=\"49214\" class=\"wp-image-49214 skip-lazy\"\/><\/div><\/div><\/figure><\/div><\/div><\/li><\/ul><\/div><\/div><\/div><\/div>\n\n\n<h4 class=\"wp-block-heading\">V\u00eddeo de la trasplante de cabello de zafiro<\/h4>\n\n\n\n<hr class=\"wp-block-separator has-alpha-channel-opacity\"\/>\n\n\n\n<p>Para obtener m\u00e1s informaci\u00f3n sobre el proceso de trasplante capilar con zafiro y sus resultados, puede ver v\u00eddeos de procedimientos elaborados por expertos, donde podr\u00e1 ver cada paso del procedimiento en detalle.<\/p>\n\n\n\n<figure class=\"wp-block-embed is-type-video is-provider-youtube wp-block-embed-youtube wp-embed-aspect-16-9 wp-has-aspect-ratio\"><div class=\"wp-block-embed__wrapper\">\n<iframe loading=\"lazy\" title=\"Hair Transplant Techniques - Turk Aesthetic\" width=\"800\" height=\"450\" src=\"https:\/\/www.youtube.com\/embed\/rqiNLzLCCPg?feature=oembed\" frameborder=\"0\" allow=\"accelerometer; autoplay; clipboard-write; encrypted-media; gyroscope; picture-in-picture; web-share\" referrerpolicy=\"strict-origin-when-cross-origin\" allowfullscreen><\/iframe>\n<\/div><figcaption class=\"wp-element-caption\"><strong>Trasplante de cabello de zafiro<\/strong><\/figcaption><\/figure>\n\n\n\n<h4 class=\"wp-block-heading\">T\u00e9cnica Zafiro: Comparaci\u00f3n con FUE y DHI<\/h4>\n\n\n\n<p>El trasplante capilar con zafiro se diferencia de los m\u00e9todos tradicionales FUE y DHI en varios aspectos. Mientras que en la t\u00e9cnica FUE est\u00e1ndar se utilizan hendiduras met\u00e1licas, el trasplante de zafiro utiliza hojas de zafiro especialmente dise\u00f1adas, que causan menos da\u00f1o al tejido. En el m\u00e9todo DHI, los fol\u00edculos pilosos se implantan directamente con un instrumento similar a un bol\u00edgrafo despu\u00e9s de la extracci\u00f3n, y suele ser la opci\u00f3n preferida para casos que requieren una implantaci\u00f3n de menor densidad. La t\u00e9cnica zafiro es una opci\u00f3n ideal para quienes buscan un resultado denso y de aspecto natural.<\/p>\n\n\n\n<h3 class=\"wp-block-heading\">Costo de trasplante de cabello de zafiro en Turqu\u00eda, Estambul<\/h3>\n\n\n\n<p>El trasplante capilar con zafiro es una t\u00e9cnica innovadora que ha ganado cada vez m\u00e1s popularidad en Estambul, especialmente por sus resultados de aspecto natural y su r\u00e1pida recuperaci\u00f3n. A diferencia del m\u00e9todo FUE tradicional, esta t\u00e9cnica utiliza cuchillas especiales con punta de zafiro para crear poros de implantaci\u00f3n, lo que permite el trasplante de fol\u00edculos pilosos m\u00e1s densos y sanos.<\/p>\n\n\n\n<p>Muchas cl\u00ednicas de <a href=\"https:\/\/www.turkaesthetic.com\/es\/hair\/hair-transplant-turkey\/\" target=\"_blank\" data-type=\"post\" data-id=\"59028\" rel=\"noreferrer noopener\">trasplante capilar<\/a> en Estambul ofrecen este m\u00e9todo, y los precios var\u00edan seg\u00fan la experiencia de la cl\u00ednica, la pericia del m\u00e9dico y la cantidad de injertos a trasplantar. A partir de 2025, el coste del trasplante capilar con zafiro oscilaba generalmente entre 1200 y 1500 \u20ac. Sin embargo, al elegir una cl\u00ednica, es fundamental considerar no solo el coste, sino tambi\u00e9n la tasa de \u00e9xito, los est\u00e1ndares de esterilizaci\u00f3n y la satisfacci\u00f3n del paciente.<\/p>\n\n\n\n<h2 class=\"wp-block-heading\">FAQ \u2013 Trasplante de cabello de zafiro<\/h2>\n\n\n\n<hr class=\"wp-block-separator has-alpha-channel-opacity\"\/>\n\n\n<div id=\"rank-math-faq\" class=\"rank-math-block\">\n<div class=\"rank-math-list \">\n<div id=\"faq-question-1740142346730\" class=\"rank-math-list-item\">\n<h3 class=\"rank-math-question \">\u00bfDuele el trasplante capilar con Zafiro?<\/h3>\n<div class=\"rank-math-answer \">\n\n<p>No, el procedimiento se realiza con anestesia local, por lo que no suele haber dolor, aunque puede presentarse una leve sensibilidad.<\/p>\n\n<\/div>\n<\/div>\n<div id=\"faq-question-1745920670023\" class=\"rank-math-list-item\">\n<h3 class=\"rank-math-question \">\u00bfCu\u00e1nto dura la recuperaci\u00f3n?<\/h3>\n<div class=\"rank-math-answer \">\n\n<p>Las costras suelen desaparecer en un plazo de 7 a 10 d\u00edas.<\/p>\n\n<\/div>\n<\/div>\n<div id=\"faq-question-1745920676318\" class=\"rank-math-list-item\">\n<h3 class=\"rank-math-question \">\u00bfEs la T\u00e9cnica Zafiro adecuada para todas las personas?<\/h3>\n<div class=\"rank-math-answer \">\n\n<p>La idoneidad depende de factores como la predisposici\u00f3n gen\u00e9tica, la magnitud de la ca\u00edda del cabello y la idoneidad de la zona donante.<\/p>\n\n<\/div>\n<\/div>\n<div id=\"faq-question-1745920681145\" class=\"rank-math-list-item\">\n<h3 class=\"rank-math-question \">\u00bfCu\u00e1ndo empiezan a crecer los cabellos trasplantados?<\/h3>\n<div class=\"rank-math-answer \">\n\n<p>El cabello nuevo suele aparecer en los primeros 3 meses; los resultados completos se aprecian alrededor de los 12 meses posteriores al procedimiento.<\/p>\n\n<\/div>\n<\/div>\n<div id=\"faq-question-1745920686609\" class=\"rank-math-list-item\">\n<h3 class=\"rank-math-question \">\u00bfQu\u00e9 se debe tener en cuenta despu\u00e9s de un trasplante capilar con Zafiro?<\/h3>\n<div class=\"rank-math-answer \">\n\n<p>Evite los impactos f\u00edsicos durante las primeras semanas y siga atentamente las instrucciones de cuidados posteriores que le haya dado su m\u00e9dico.<\/p>\n\n<\/div>\n<\/div>\n<\/div>\n<\/div>\n\n\n<h3 class=\"wp-block-heading\">Conclusi\u00f3n<\/h3>\n\n\n\n<hr class=\"wp-block-separator has-alpha-channel-opacity\"\/>\n\n\n\n<p>Trasplante de Cabello de Zafiro es una t\u00e9cnica avanzada que ofrece resultados naturales y est\u00e9ticos. En comparaci\u00f3n con los m\u00e9todos tradicionales, causa menos da\u00f1o tisular y garantiza una curaci\u00f3n m\u00e1s r\u00e1pida. Es una excelente opci\u00f3n para quienes buscan una l\u00ednea capilar densa y natural. Para quienes cumplen con los requisitos, el trasplante capilar Zafiro ofrece resultados duraderos y satisfactorios.<\/p>\n\n\n\n<p>Para m\u00e1s informaci\u00f3n o solicitar precios, puede <a href=\"https:\/\/www.turkaesthetic.com\/es\/contact-us\/\" target=\"_blank\" data-type=\"link\" data-id=\"https:\/\/www.turkaesthetic.com\/es\/contact-us\/\" rel=\"noreferrer noopener\">contactar<\/a> con <a href=\"https:\/\/www.youtube.com\/channel\/UC0zggzdm5CFwpRMmn_CPpFQ\" target=\"_blank\" data-type=\"link\" data-id=\"https:\/\/www.youtube.com\/channel\/UC0zggzdm5CFwpRMmn_CPpFQ\" rel=\"noreferrer noopener\">Turk Aesthetic<\/a> en Estambul, Turqu\u00eda, a trav\u00e9s de sus canales oficiales.<\/p>\n","protected":false},"excerpt":{"rendered":"<p>Trasplante de cabello de zafiro: Hoy en d\u00eda, las t\u00e9cnicas de trasplante capilar est\u00e1n en constante evoluci\u00f3n, y en los \u00faltimos a\u00f1os, la t\u00e9cnica de zafiro ha ganado popularidad. En este art\u00edculo, analizaremos las ventajas trasplante de Cabello de Zafiro, c\u00f3mo funciona el proceso y en qu\u00e9 se diferencia de otras t\u00e9cnicas. \u00bfQu\u00e9 es el [&hellip;]<\/p>\n","protected":false},"author":1,"featured_media":60828,"parent":0,"menu_order":0,"comment_status":"closed","ping_status":"closed","template":"","meta":{"footnotes":""},"dep":[1352],"class_list":["post-62811","page","type-page","status-publish","has-post-thumbnail","hentry","dep-hair-transplant"],"_links":{"self":[{"href":"https:\/\/www.turkaesthetic.com\/es\/wp-json\/wp\/v2\/pages\/62811","targetHints":{"allow":["GET"]}}],"collection":[{"href":"https:\/\/www.turkaesthetic.com\/es\/wp-json\/wp\/v2\/pages"}],"about":[{"href":"https:\/\/www.turkaesthetic.com\/es\/wp-json\/wp\/v2\/types\/page"}],"author":[{"embeddable":true,"href":"https:\/\/www.turkaesthetic.com\/es\/wp-json\/wp\/v2\/users\/1"}],"replies":[{"embeddable":true,"href":"https:\/\/www.turkaesthetic.com\/es\/wp-json\/wp\/v2\/comments?post=62811"}],"version-history":[{"count":2,"href":"https:\/\/www.turkaesthetic.com\/es\/wp-json\/wp\/v2\/pages\/62811\/revisions"}],"predecessor-version":[{"id":72703,"href":"https:\/\/www.turkaesthetic.com\/es\/wp-json\/wp\/v2\/pages\/62811\/revisions\/72703"}],"wp:featuredmedia":[{"embeddable":true,"href":"https:\/\/www.turkaesthetic.com\/es\/wp-json\/wp\/v2\/media\/60828"}],"wp:attachment":[{"href":"https:\/\/www.turkaesthetic.com\/es\/wp-json\/wp\/v2\/media?parent=62811"}],"wp:term":[{"taxonomy":"dep","embeddable":true,"href":"https:\/\/www.turkaesthetic.com\/es\/wp-json\/wp\/v2\/dep?post=62811"}],"curies":[{"name":"wp","href":"https:\/\/api.w.org\/{rel}","templated":true}]}}