{"id":60780,"date":"2025-02-17T18:06:31","date_gmt":"2025-02-17T15:06:31","guid":{"rendered":"https:\/\/www.turkaesthetic.com\/?page_id=60780"},"modified":"2025-06-08T21:26:25","modified_gmt":"2025-06-08T18:26:25","slug":"women-hair-transplant","status":"publish","type":"page","link":"https:\/\/www.turkaesthetic.com\/es\/women-hair-transplant\/","title":{"rendered":"Trasplante Capilar Para Mujeres"},"content":{"rendered":"\n<p>El <strong>trasplante capilar para mujeres<\/strong> es el proceso de trasplante de fol\u00edculos capilares sanos en zonas donde se ha producido p\u00e9rdida de cabello. Normalmente se utilizan dos t\u00e9cnicas diferentes: FUE (extracci\u00f3n de unidades foliculares) y DHI (implantaci\u00f3n directa de cabello).<\/p>\n\n\n<div id=\"rank-math-howto\" class=\"rank-math-block\" >\n<div class=\"rank-math-howto-description\">\n\n<p>El proceso suele tener lugar en los siguientes pasos:<\/p>\n\n<\/div>\n<p class=\"rank-math-howto-duration\"><strong>Tiempo total:<\/strong> <span>7 horas<\/span><\/p>\n<div class=\"rank-math-steps \">\n<div id=\"howto-step-1739805291705\" class=\"rank-math-step\">\n<h3 class=\"rank-math-step-title \">Primer paso<\/h3>\n<div class=\"rank-math-step-content \"><p>Examen y planificaci\u00f3n: se eval\u00faa el estado de p\u00e9rdida de cabello de la persona y se determina el m\u00e9todo de trasplante capilar m\u00e1s adecuado.<br \/>Selecci\u00f3n de la zona donante: los fol\u00edculos capilares sanos se suelen recoger de la zona donante o de los laterales de la cabeza.<\/p>\n<\/div>\n<\/div>\n<div id=\"howto-step-1739805303045\" class=\"rank-math-step\">\n<h3 class=\"rank-math-step-title \">Siguiente etapa<\/h3>\n<div class=\"rank-math-step-content \"><p>Extracci\u00f3n del injerto: seg\u00fan el m\u00e9todo elegido, los fol\u00edculos se extraen utilizando un micromotor o bol\u00edgrafos especiales.<br \/>Trasplante de fol\u00edculos capilares: los fol\u00edculos se colocan en los poros abiertos o se implantan directamente utilizando un bol\u00edgrafo especial.<\/p>\n<\/div>\n<\/div>\n<div id=\"howto-step-1739805334897\" class=\"rank-math-step\">\n<h3 class=\"rank-math-step-title \">\u00daltimo paso<\/h3>\n<div class=\"rank-math-step-content \"><p>Proceso de recuperaci\u00f3n: los fol\u00edculos capilares trasplantados necesitan tiempo para adaptarse a su nueva zona.<br \/>El trasplante capilar es un procedimiento que suele durar unas 6-8 horas. Despu\u00e9s del procedimiento, el paciente suele recibir el alta el mismo d\u00eda, pero el proceso de recuperaci\u00f3n puede tardar hasta una semana.<\/p>\n<\/div>\n<\/div>\n<\/div>\n<\/div>\n<p class=\"rank-math-howto-estimatedCost\"><strong>Coste estimado:<\/strong> <span>1200 Euro<\/span><\/p>\n\n\n\n\n\n<h2 class=\"wp-block-heading\">V\u00eddeo Trasplante Capilar para Mujeres<\/h2>\n\n\n\n<hr class=\"wp-block-separator has-alpha-channel-opacity\"\/>\n\n\n\n<p>En este v\u00eddeo ver\u00e1s en detalle el procedimiento de <a href=\"https:\/\/www.turkaesthetic.com\/es\/hair-transplant\/\" target=\"_blank\" data-type=\"page\" data-id=\"32955\" rel=\"noreferrer noopener\">trasplante capilar<\/a> para mujeres. Descubre c\u00f3mo se realiza el procedimiento, las t\u00e9cnicas utilizadas y los resultados con fotos de antes y despu\u00e9s. \u00a1No olvides ver el v\u00eddeo para aprender todo lo que necesitas saber sobre el Trasplante Capilar para Mujeres!<\/p>\n\n\n\n<figure class=\"wp-block-embed is-type-video is-provider-youtube wp-block-embed-youtube wp-embed-aspect-16-9 wp-has-aspect-ratio\"><div class=\"wp-block-embed__wrapper\">\n<iframe loading=\"lazy\" title=\"Hair Transplant in Turkey (Details and Results - Before and After)\" width=\"800\" height=\"450\" src=\"https:\/\/www.youtube.com\/embed\/sDaOfQ-2E2w?list=PLcqCyZU2kPzVa-xkNjXOTWRLyaYi9KkAT\" frameborder=\"0\" allow=\"accelerometer; autoplay; clipboard-write; encrypted-media; gyroscope; picture-in-picture; web-share\" referrerpolicy=\"strict-origin-when-cross-origin\" allowfullscreen><\/iframe>\n<\/div><figcaption class=\"wp-element-caption\">Trasplante Capilar para Mujeres<\/figcaption><\/figure>\n\n\n\n<h3 class=\"wp-block-heading\">\u00bfQui\u00e9n realiza el trasplante de cabello?<\/h3>\n\n\n\n<hr class=\"wp-block-separator has-alpha-channel-opacity\"\/>\n\n\n\n<p>El trasplante de cabello debe ser realizado por dermat\u00f3logos, cirujanos pl\u00e1sticos o equipos especializados en trasplante de cabello. El procedimiento debe realizarse en una cl\u00ednica u hospital aprobado por el Ministerio de Salud. Dado que se trata de un procedimiento especializado, si no lo lleva a cabo un equipo experimentado, puede dar lugar a resultados no deseados.<\/p>\n\n\n\n<h4 class=\"wp-block-heading\">\u00bfQui\u00e9n puede someterse a un trasplante de cabello para mujeres?<\/h4>\n\n\n\n<p>El trasplante de cabello para mujeres se puede realizar en los siguientes casos:<\/p>\n\n\n\n<ul class=\"wp-block-list\">\n<li>Aquellas personas con p\u00e9rdida de cabello gen\u00e9tica u hormonal.<\/li>\n\n\n\n<li>Aquellas personas con p\u00e9rdida de cabello debido a quemaduras o traumatismos.<\/li>\n\n\n\n<li>Aquellas personas que experimentan debilitamiento del cabello y p\u00e9rdida de cabello en parches.<\/li>\n\n\n\n<li>Aquellas que desean una apariencia m\u00e1s abundante y gruesa del cabello.<\/li>\n\n\n\n<li>Sin embargo, si la causa de la p\u00e9rdida de cabello se debe a ciertas enfermedades (por ejemplo, enfermedades de la tiroides, anemia o alopecia areata), primero se debe tratar la afecci\u00f3n subyacente.<\/li>\n<\/ul>\n\n\n\n<figure class=\"wp-block-image size-full\"><img loading=\"lazy\" decoding=\"async\" width=\"800\" height=\"600\" src=\"https:\/\/www.turkaesthetic.com\/wp-content\/uploads\/2025\/02\/Women-hair-transplnat-2.webp\" alt=\"Kad\u0131nlara Sa\u00e7 Ekimi\" class=\"wp-image-60540\" srcset=\"https:\/\/www.turkaesthetic.com\/wp-content\/uploads\/2025\/02\/Women-hair-transplnat-2.webp 800w, https:\/\/www.turkaesthetic.com\/wp-content\/uploads\/2025\/02\/Women-hair-transplnat-2-768x576.webp 768w\" sizes=\"auto, (max-width: 800px) 100vw, 800px\" \/><figcaption class=\"wp-element-caption\">Trasplante Capilar para Mujeres<\/figcaption><\/figure>\n\n\n\n<h3 class=\"wp-block-heading\">Trasplante de cabello para mujeres: antes y despu\u00e9s<\/h3>\n\n\n\n<p>Las fotograf\u00edas de antes y despu\u00e9s son cruciales para las personas que est\u00e1n considerando un trasplante de cabello, ya que ayudan a visualizar la eficacia del procedimiento. Estas im\u00e1genes muestran la transformaci\u00f3n en el \u00e1rea tratada, demostrando tanto el \u00e9xito del trasplante como la progresi\u00f3n del proceso de curaci\u00f3n. Los resultados de un trasplante de cabello para mujeres generalmente comienzan a hacerse visibles dentro de los 6 a 12 meses.<\/p>\n\n\n\n<h4 class=\"wp-block-heading\">Aspectos a tener en cuenta antes y despu\u00e9s del procedimiento<\/h4>\n\n\n\n<p><strong>Antes del procedimiento:<\/strong><\/p>\n\n\n\n<ul class=\"wp-block-list\">\n<li>Deben dejarse de tomar anticoagulantes (por recomendaci\u00f3n m\u00e9dica).<\/li>\n\n\n\n<li>Debe reducirse el consumo de tabaco y alcohol.<\/li>\n\n\n\n<li>No deben aplicarse productos cosm\u00e9ticos en el \u00e1rea del trasplante de cabello.<\/li>\n\n\n\n<li>Deben observarse h\u00e1bitos de sue\u00f1o y una dieta saludables.<\/li>\n\n\n\n<li>Evite el consumo de cafe\u00edna antes de la operaci\u00f3n.<\/li>\n\n\n\n<li>Beba mucha agua.<\/li>\n<\/ul>\n\n\n\n<p><strong>Despu\u00e9s del procedimiento:<\/strong><\/p>\n\n\n\n<ul class=\"wp-block-list\">\n<li>Un d\u00eda despu\u00e9s del procedimiento, se realiza un lavado especial del cabello que se contin\u00faa todos los d\u00edas durante 12 d\u00edas.<\/li>\n\n\n\n<li>Tenga cuidado de protegerse la cabeza para protegerla de cualquier impacto.<\/li>\n\n\n\n<li>Evite rascarse o irritar el \u00e1rea trasplantada.<\/li>\n\n\n\n<li>Use los medicamentos y productos de cuidado recetados de manera constante.<\/li>\n\n\n\n<li>Abstenerse de realizar actividades f\u00edsicas intensas, sauna o ba\u00f1os de vapor durante el primer mes.<\/li>\n\n\n\n<li>Prot\u00e9jase de la luz solar directa y evite usar sombrero durante los primeros 7 a 10 d\u00edas.<\/li>\n<\/ul>\n\n\n\n<h3 class=\"wp-block-heading\"><strong>\u00bfQu\u00e9 t\u00e9cnicas se utilizan en el trasplante de cabello para mujeres?<\/strong><\/h3>\n\n\n\n<hr class=\"wp-block-separator has-alpha-channel-opacity\"\/>\n\n\n\n<h4 class=\"wp-block-heading\">T\u00e9cnica FUE (Extracci\u00f3n de Unidades Foliculares)<\/h4>\n\n\n\n<p>En este m\u00e9todo, los fol\u00edculos pilosos se extraen uno a uno y se trasplantan al \u00e1rea donde se ha perdido el cabello. El m\u00e9todo <a href=\"https:\/\/www.turkaesthetic.com\/es\/hair\/fue-technique\/\" target=\"_blank\" data-type=\"post\" data-id=\"35141\" rel=\"noreferrer noopener\">FUE<\/a> sin rasurar es el m\u00e1s preferido por las mujeres, ya que permite un trasplante de cabello de aspecto m\u00e1s natural.<\/p>\n\n\n\n<figure class=\"wp-block-image size-full\"><img loading=\"lazy\" decoding=\"async\" width=\"800\" height=\"600\" src=\"https:\/\/www.turkaesthetic.com\/wp-content\/uploads\/2024\/12\/fue-hair-transplant-turkey.webp\" alt=\"fue Trasplante de cabello en Turqu\u00eda\" class=\"wp-image-58837\" srcset=\"https:\/\/www.turkaesthetic.com\/wp-content\/uploads\/2024\/12\/fue-hair-transplant-turkey.webp 800w, https:\/\/www.turkaesthetic.com\/wp-content\/uploads\/2024\/12\/fue-hair-transplant-turkey-768x576.webp 768w\" sizes=\"auto, (max-width: 800px) 100vw, 800px\" \/><figcaption class=\"wp-element-caption\">fue Trasplante de cabello en Turqu\u00eda<\/figcaption><\/figure>\n\n\n\n<p><strong>Ventajas:<\/strong><\/p>\n\n\n\n<ul class=\"wp-block-list\">\n<li>Es un m\u00e9todo menos invasivo.<\/li>\n\n\n\n<li>El proceso de curaci\u00f3n es m\u00e1s r\u00e1pido.<\/li>\n\n\n\n<li>Es una t\u00e9cnica sin puntos de sutura.<\/li>\n<\/ul>\n\n\n\n<p><strong>Desventajas:<\/strong><\/p>\n\n\n\n<ul class=\"wp-block-list\">\n<li>Tarda m\u00e1s en comparaci\u00f3n con la t\u00e9cnica <a href=\"https:\/\/www.turkaesthetic.com\/es\/dhi-hair-transplant\/\" data-type=\"page\" data-id=\"59849\">D<\/a><a href=\"https:\/\/www.turkaesthetic.com\/es\/dhi-hair-transplant\/\" target=\"_blank\" data-type=\"page\" data-id=\"59849\" rel=\"noreferrer noopener\">H<\/a><a href=\"https:\/\/www.turkaesthetic.com\/es\/dhi-hair-transplant\/\" data-type=\"page\" data-id=\"59849\">I<\/a>.<\/li>\n\n\n\n<li>Requiere una etapa adicional de apertura de canales.<\/li>\n<\/ul>\n\n\n\n<h3 class=\"wp-block-heading\">M\u00e9todo DHI (Implantaci\u00f3n directa del cabello)<\/h3>\n\n\n\n<p>En este m\u00e9todo, los fol\u00edculos pilosos se implantan directamente en el \u00e1rea receptora utilizando un bol\u00edgrafo especial (Choi Implanter). La t\u00e9cnica DHI es ampliamente preferida, especialmente entre las mujeres, ya que proporciona un aspecto m\u00e1s denso y natural.<\/p>\n\n\n\n<figure class=\"wp-block-image size-full\"><img decoding=\"async\" src=\"https:\/\/www.turkaesthetic.com\/wp-content\/uploads\/2024\/12\/dhi-_1_.webp\" alt=\"Trasplante de cabello DHI en Turqu\u00eda\" class=\"wp-image-58846\"\/><figcaption class=\"wp-element-caption\">Trasplante de cabello DHI en Turqu\u00eda<\/figcaption><\/figure>\n\n\n\n<p><strong>Ventajas:<\/strong><\/p>\n\n\n\n<p>Permite resultados m\u00e1s densos y de aspecto m\u00e1s natural.<br>Se puede realizar sin rasurar el cabello. Asegura un proceso de recuperaci\u00f3n m\u00e1s r\u00e1pido.<\/p>\n\n\n\n<h3 class=\"wp-block-heading\">\u00bfCu\u00e1nto cuesta el tTrasplante Capilar para Mujeres?<\/h3>\n\n\n\n<p>El costo de un trasplante de cabello var\u00eda seg\u00fan factores como la ubicaci\u00f3n de la cl\u00ednica, la experiencia del m\u00e9dico y la t\u00e9cnica utilizada. En Turqu\u00eda, el costo del trasplante de cabello para mujeres suele oscilar entre 1200 y 1500 \u20ac.<\/p>\n\n\n\n<h2 class=\"wp-block-heading\">5 preguntas frecuentes sobre el Trasplante Capilar para Mujeres<\/h2>\n\n\n\n<hr class=\"wp-block-separator has-alpha-channel-opacity\"\/>\n\n\n<div id=\"rank-math-faq\" class=\"rank-math-block\">\n<div class=\"rank-math-list \">\n<div id=\"faq-question-1739802198614\" class=\"rank-math-list-item\">\n<h3 class=\"rank-math-question \">\u00bfEl Trasplante Capilar para Mujeres es doloroso?<\/h3>\n<div class=\"rank-math-answer \">\n\n<p>Dado que el procedimiento se realiza con anestesia local, no se siente dolor. Sin embargo, puede haber una ligera sensaci\u00f3n de incomodidad.<\/p>\n\n<\/div>\n<\/div>\n<div id=\"faq-question-1740140429845\" class=\"rank-math-list-item\">\n<h3 class=\"rank-math-question \">\u00bfCu\u00e1ndo crece el Trasplante Capilar para Mujeres?<\/h3>\n<div class=\"rank-math-answer \">\n\n<p>Generalmente comienza a aparecer despu\u00e9s de 3 o 4 meses y los resultados completos se ven dentro de los 12 meses.<\/p>\n\n<\/div>\n<\/div>\n<div id=\"faq-question-1740140435365\" class=\"rank-math-list-item\">\n<h3 class=\"rank-math-question \">\u00bfLas mujeres pueden someterse a un trasplante de cabello sin afeitarse?<\/h3>\n<div class=\"rank-math-answer \">\n\n<p>S\u00ed, el trasplante de cabello se puede realizar sin afeitar a las mujeres, especialmente con los m\u00e9todos DHI o FUE.<\/p>\n\n<\/div>\n<\/div>\n<div id=\"faq-question-1740140440385\" class=\"rank-math-list-item\">\n<h3 class=\"rank-math-question \">\u00bfSe cae el cabello despu\u00e9s del trasplante de cabello en las mujeres?<\/h3>\n<div class=\"rank-math-answer \">\n\n<p>En las primeras semanas, puede ocurrir una \u00abca\u00edda de choque\u00bb. Sin embargo, los fol\u00edculos pilosos trasplantados permanecen intactos y comenzar\u00e1n a crecer nuevamente despu\u00e9s.<\/p>\n\n<\/div>\n<\/div>\n<div id=\"faq-question-1740140445785\" class=\"rank-math-list-item\">\n<h3 class=\"rank-math-question \">\u00bfEl trasplante de cabello es permanente para las mujeres?<\/h3>\n<div class=\"rank-math-answer \">\n\n<p>S\u00ed, el trasplante de cabello para mujeres es permanente, siempre que no haya problemas gen\u00e9ticos u hormonales que afecten el crecimiento del cabello.<\/p>\n\n<\/div>\n<\/div>\n<\/div>\n<\/div>\n\n\n<h3 class=\"wp-block-heading\">Conclusi\u00f3n &#8211; Trasplante Capilar para Mujeres<\/h3>\n\n\n\n<hr class=\"wp-block-separator has-alpha-channel-opacity\"\/>\n\n\n\n<p>El trasplante de cabello para mujeres produce resultados exitosos con la t\u00e9cnica adecuada y un m\u00e9dico experimentado. Los procedimientos realizados con los m\u00e9todos FUE y DHI brindan un aspecto natural y est\u00e9tico. Si sufre p\u00e9rdida de cabello y est\u00e1 considerando un trasplante, es fundamental consultar con un especialista para determinar el mejor m\u00e9todo para usted.<\/p>\n\n\n\n<p>Y finalmente, puede ponerse en&nbsp;<a href=\"http:\/\/turkaesthetic.com\/es\/contact-us\/\" target=\"_blank\" rel=\"noreferrer noopener\">contacto&nbsp;<\/a>directamente con el equipo para solicitar informaci\u00f3n y precios de&nbsp;<a href=\"https:\/\/www.youtube.com\/channel\/UC0zggzdm5CFwpRMmn_CPpFQ\" target=\"_blank\" rel=\"noreferrer noopener\">Turk Aesthetic<\/a>&nbsp;de Turqu\u00eda Estambul.<\/p>\n","protected":false},"excerpt":{"rendered":"<p>El trasplante capilar para mujeres es el proceso de trasplante de fol\u00edculos capilares sanos en zonas donde se ha producido p\u00e9rdida de cabello. Normalmente se utilizan dos t\u00e9cnicas diferentes: FUE (extracci\u00f3n de unidades foliculares) y DHI (implantaci\u00f3n directa de cabello). V\u00eddeo Trasplante Capilar para Mujeres En este v\u00eddeo ver\u00e1s en detalle el procedimiento de trasplante [&hellip;]<\/p>\n","protected":false},"author":4,"featured_media":60539,"parent":0,"menu_order":0,"comment_status":"closed","ping_status":"closed","template":"","meta":{"footnotes":""},"dep":[1352],"class_list":["post-60780","page","type-page","status-publish","has-post-thumbnail","hentry","dep-hair-transplant"],"_links":{"self":[{"href":"https:\/\/www.turkaesthetic.com\/es\/wp-json\/wp\/v2\/pages\/60780","targetHints":{"allow":["GET"]}}],"collection":[{"href":"https:\/\/www.turkaesthetic.com\/es\/wp-json\/wp\/v2\/pages"}],"about":[{"href":"https:\/\/www.turkaesthetic.com\/es\/wp-json\/wp\/v2\/types\/page"}],"author":[{"embeddable":true,"href":"https:\/\/www.turkaesthetic.com\/es\/wp-json\/wp\/v2\/users\/4"}],"replies":[{"embeddable":true,"href":"https:\/\/www.turkaesthetic.com\/es\/wp-json\/wp\/v2\/comments?post=60780"}],"version-history":[{"count":0,"href":"https:\/\/www.turkaesthetic.com\/es\/wp-json\/wp\/v2\/pages\/60780\/revisions"}],"wp:featuredmedia":[{"embeddable":true,"href":"https:\/\/www.turkaesthetic.com\/es\/wp-json\/wp\/v2\/media\/60539"}],"wp:attachment":[{"href":"https:\/\/www.turkaesthetic.com\/es\/wp-json\/wp\/v2\/media?parent=60780"}],"wp:term":[{"taxonomy":"dep","embeddable":true,"href":"https:\/\/www.turkaesthetic.com\/es\/wp-json\/wp\/v2\/dep?post=60780"}],"curies":[{"name":"wp","href":"https:\/\/api.w.org\/{rel}","templated":true}]}}