{"id":53439,"date":"2024-03-31T23:04:30","date_gmt":"2024-03-31T20:04:30","guid":{"rendered":"http:\/\/turkaesthetic.com\/?page_id=53439"},"modified":"2024-04-01T04:58:26","modified_gmt":"2024-04-01T01:58:26","slug":"genital-aesthetic","status":"publish","type":"page","link":"https:\/\/www.turkaesthetic.com\/es\/genital-aesthetic\/","title":{"rendered":"Est\u00e9tica Genital"},"content":{"rendered":"\t\t<div data-elementor-type=\"wp-page\" data-elementor-id=\"53439\" class=\"elementor elementor-53439 elementor-53352\" data-elementor-post-type=\"page\">\n\t\t\t\t\t\t<section class=\"elementor-section elementor-top-section elementor-element elementor-element-21096341 elementor-section-height-min-height elementor-section-boxed elementor-section-height-default elementor-section-items-middle\" data-id=\"21096341\" data-element_type=\"section\" data-e-type=\"section\" data-settings=\"{&quot;background_background&quot;:&quot;classic&quot;,&quot;jet_parallax_layout_list&quot;:[]}\">\n\t\t\t\t\t\t\t<div class=\"elementor-background-overlay\"><\/div>\n\t\t\t\t\t\t\t<div class=\"elementor-container elementor-column-gap-default\">\n\t\t\t\t\t<div class=\"elementor-column elementor-col-50 elementor-top-column elementor-element elementor-element-23fd2736\" data-id=\"23fd2736\" data-element_type=\"column\" data-e-type=\"column\" data-settings=\"{&quot;background_background&quot;:&quot;classic&quot;}\">\n\t\t\t<div class=\"elementor-widget-wrap elementor-element-populated\">\n\t\t\t\t\t\t<div class=\"elementor-element elementor-element-12f236bf elementor-widget elementor-widget-image\" data-id=\"12f236bf\" data-element_type=\"widget\" data-e-type=\"widget\" data-widget_type=\"image.default\">\n\t\t\t\t\t\t\t\t\t\t\t\t\t\t\t<img loading=\"lazy\" decoding=\"async\" width=\"1024\" height=\"682\" src=\"https:\/\/www.turkaesthetic.com\/wp-content\/uploads\/2022\/08\/genital-aesthetic.jpg\" class=\"attachment-full size-full wp-image-25506\" alt=\"Est\u00e9tica genital en Turqu\u00eda\" srcset=\"https:\/\/www.turkaesthetic.com\/wp-content\/uploads\/2022\/08\/genital-aesthetic.jpg 1024w, https:\/\/www.turkaesthetic.com\/wp-content\/uploads\/2022\/08\/genital-aesthetic-300x200.jpg 300w, https:\/\/www.turkaesthetic.com\/wp-content\/uploads\/2022\/08\/genital-aesthetic-768x512.jpg 768w\" sizes=\"auto, (max-width: 1024px) 100vw, 1024px\" \/>\t\t\t\t\t\t\t\t\t\t\t\t\t\t\t<\/div>\n\t\t\t\t\t<\/div>\n\t\t<\/div>\n\t\t\t\t<div class=\"elementor-column elementor-col-50 elementor-top-column elementor-element elementor-element-44ccfca9\" data-id=\"44ccfca9\" data-element_type=\"column\" data-e-type=\"column\">\n\t\t\t<div class=\"elementor-widget-wrap elementor-element-populated\">\n\t\t\t\t\t\t<div class=\"elementor-element elementor-element-69c8c1e0 elementor-widget elementor-widget-heading\" data-id=\"69c8c1e0\" data-element_type=\"widget\" data-e-type=\"widget\" data-widget_type=\"heading.default\">\n\t\t\t\t\t<h1 class=\"elementor-heading-title elementor-size-default\">Est\u00e9tica Genital<\/h1>\t\t\t\t<\/div>\n\t\t\t\t<div class=\"elementor-element elementor-element-7a96efa3 elementor-widget elementor-widget-text-editor\" data-id=\"7a96efa3\" data-element_type=\"widget\" data-e-type=\"widget\" data-widget_type=\"text-editor.default\">\n\t\t\t\t\t\t\t\t\t<p>La est\u00e9tica genital en Turqu\u00eda Estambul incluye muchas operaciones cosm\u00e9ticas diferentes, como el embellecimiento de las l\u00e1minas vaginales externas, el injerto de himen y la cirug\u00eda pl\u00e1stica del cl\u00edtoris, adem\u00e1s del estrechamiento vaginal quir\u00fargico o con l\u00e1ser que realiza un cirujano pl\u00e1stico o un ginec\u00f3logo especializado. Puedes ver los detalles de cada proceso por s\u00ed mismo.<\/p>\t\t\t\t\t\t\t\t<\/div>\n\t\t\t\t\t<\/div>\n\t\t<\/div>\n\t\t\t\t\t<\/div>\n\t\t<\/section>\n\t\t\t\t<section class=\"elementor-section elementor-top-section elementor-element elementor-element-73228922 elementor-section-stretched elementor-section-boxed elementor-section-height-default elementor-section-height-default\" data-id=\"73228922\" data-element_type=\"section\" data-e-type=\"section\" data-settings=\"{&quot;stretch_section&quot;:&quot;section-stretched&quot;,&quot;background_background&quot;:&quot;classic&quot;,&quot;jet_parallax_layout_list&quot;:[]}\">\n\t\t\t\t\t\t<div class=\"elementor-container elementor-column-gap-default\">\n\t\t\t\t\t<div class=\"elementor-column elementor-col-100 elementor-top-column elementor-element elementor-element-2da4f1\" data-id=\"2da4f1\" data-element_type=\"column\" data-e-type=\"column\">\n\t\t\t<div class=\"elementor-widget-wrap elementor-element-populated\">\n\t\t\t\t\t\t<section class=\"elementor-section elementor-inner-section elementor-element elementor-element-41d10d60 elementor-section-content-middle elementor-section-boxed elementor-section-height-default elementor-section-height-default\" data-id=\"41d10d60\" data-element_type=\"section\" data-e-type=\"section\" data-settings=\"{&quot;jet_parallax_layout_list&quot;:[]}\">\n\t\t\t\t\t\t<div class=\"elementor-container elementor-column-gap-default\">\n\t\t\t\t\t<div class=\"elementor-column elementor-col-50 elementor-inner-column elementor-element elementor-element-707c970b\" data-id=\"707c970b\" data-element_type=\"column\" data-e-type=\"column\">\n\t\t\t<div class=\"elementor-widget-wrap elementor-element-populated\">\n\t\t\t\t\t\t<div class=\"elementor-element elementor-element-57a00fbf elementor-position-top elementor-widget elementor-widget-image-box\" data-id=\"57a00fbf\" data-element_type=\"widget\" data-e-type=\"widget\" data-widget_type=\"image-box.default\">\n\t\t\t\t\t<div class=\"elementor-image-box-wrapper\"><figure class=\"elementor-image-box-img\"><a href=\"http:\/\/turkaesthetic.com\/es\/labiaplasty\/\" tabindex=\"-1\"><img decoding=\"async\" src=\"https:\/\/www.turkaesthetic.com\/wp-content\/uploads\/elementor\/thumbs\/Labiaplasty-in-Turkey-r34xmcmbi0sjryso46bpcxuy87781ww6byh0eb3kqg.webp\" title=\"labioplastia en Turqu\u00eda\" alt=\"labioplastia en Turqu\u00eda\" class=\"elementor-animation-hang\" loading=\"lazy\" \/><\/a><\/figure><\/div>\t\t\t\t<\/div>\n\t\t\t\t\t<\/div>\n\t\t<\/div>\n\t\t\t\t<div class=\"elementor-column elementor-col-50 elementor-inner-column elementor-element elementor-element-4cccefaf\" data-id=\"4cccefaf\" data-element_type=\"column\" data-e-type=\"column\">\n\t\t\t<div class=\"elementor-widget-wrap elementor-element-populated\">\n\t\t\t\t\t\t<div class=\"elementor-element elementor-element-4ee38995 elementor-widget elementor-widget-heading\" data-id=\"4ee38995\" data-element_type=\"widget\" data-e-type=\"widget\" data-widget_type=\"heading.default\">\n\t\t\t\t\t<h2 class=\"elementor-heading-title elementor-size-default\">Labioplastia<\/h2>\t\t\t\t<\/div>\n\t\t\t\t<div class=\"elementor-element elementor-element-56bc6581 elementor-widget elementor-widget-heading\" data-id=\"56bc6581\" data-element_type=\"widget\" data-e-type=\"widget\" data-widget_type=\"heading.default\">\n\t\t\t\t\t<h3 class=\"elementor-heading-title elementor-size-default\">\u00bfQu\u00e9 significa labioplastia (est\u00e9tica genital)?<\/h3>\t\t\t\t<\/div>\n\t\t\t\t<div class=\"elementor-element elementor-element-30d23374 elementor-widget elementor-widget-text-editor\" data-id=\"30d23374\" data-element_type=\"widget\" data-e-type=\"widget\" data-widget_type=\"text-editor.default\">\n\t\t\t\t\t\t\t\t\t<p>La labioplastia en Turqu\u00eda Estambul es una cirug\u00eda pl\u00e1stica cuyo objetivo es reducir la labioplastia de la vagina para que se ajuste mejor a la forma de la vagina. Esta operaci\u00f3n se realiza bajo anestesia general o local. Donde algunas mujeres sufren por la ca\u00edda de las om\u00f3platos dentro de la vagina o por su gran tama\u00f1o, y este proceso les brinda consuelo psicol\u00f3gico en t\u00e9rminos de forma y est\u00e9tica por un lado, y confort f\u00edsico por un lado, y algunas mujeres sufren molestias como debido al gran tama\u00f1o de sus palas. La demanda de este tipo de operaciones aumenta d\u00eda a d\u00eda en todo el mundo.<\/p>\t\t\t\t\t\t\t\t<\/div>\n\t\t\t\t\t<\/div>\n\t\t<\/div>\n\t\t\t\t\t<\/div>\n\t\t<\/section>\n\t\t\t\t\t<\/div>\n\t\t<\/div>\n\t\t\t\t\t<\/div>\n\t\t<\/section>\n\t\t\t\t<section class=\"elementor-section elementor-top-section elementor-element elementor-element-1977c71 elementor-section-stretched elementor-section-boxed elementor-section-height-default elementor-section-height-default\" data-id=\"1977c71\" data-element_type=\"section\" data-e-type=\"section\" data-settings=\"{&quot;stretch_section&quot;:&quot;section-stretched&quot;,&quot;jet_parallax_layout_list&quot;:[]}\">\n\t\t\t\t\t\t<div class=\"elementor-container elementor-column-gap-default\">\n\t\t\t\t\t<div class=\"elementor-column elementor-col-100 elementor-top-column elementor-element elementor-element-3f712879\" data-id=\"3f712879\" data-element_type=\"column\" data-e-type=\"column\">\n\t\t\t<div class=\"elementor-widget-wrap elementor-element-populated\">\n\t\t\t\t\t\t<section class=\"elementor-section elementor-inner-section elementor-element elementor-element-675e943a elementor-section-content-middle elementor-section-boxed elementor-section-height-default elementor-section-height-default\" data-id=\"675e943a\" data-element_type=\"section\" data-e-type=\"section\" data-settings=\"{&quot;jet_parallax_layout_list&quot;:[]}\">\n\t\t\t\t\t\t<div class=\"elementor-container elementor-column-gap-default\">\n\t\t\t\t\t<div class=\"elementor-column elementor-col-50 elementor-inner-column elementor-element elementor-element-3bf27231\" data-id=\"3bf27231\" data-element_type=\"column\" data-e-type=\"column\">\n\t\t\t<div class=\"elementor-widget-wrap elementor-element-populated\">\n\t\t\t\t\t\t<div class=\"elementor-element elementor-element-329e7fbb elementor-widget elementor-widget-heading\" data-id=\"329e7fbb\" data-element_type=\"widget\" data-e-type=\"widget\" data-widget_type=\"heading.default\">\n\t\t\t\t\t<h2 class=\"elementor-heading-title elementor-size-default\">Himenoplastia<\/h2>\t\t\t\t<\/div>\n\t\t\t\t<div class=\"elementor-element elementor-element-7f33a872 elementor-widget elementor-widget-heading\" data-id=\"7f33a872\" data-element_type=\"widget\" data-e-type=\"widget\" data-widget_type=\"heading.default\">\n\t\t\t\t\t<h3 class=\"elementor-heading-title elementor-size-default\">\u00bfQu\u00e9 significa himenoplastia (est\u00e9tica genital)?<\/h3>\t\t\t\t<\/div>\n\t\t\t\t<div class=\"elementor-element elementor-element-be86f0b elementor-widget elementor-widget-text-editor\" data-id=\"be86f0b\" data-element_type=\"widget\" data-e-type=\"widget\" data-widget_type=\"text-editor.default\">\n\t\t\t\t\t\t\t\t\t<p>La himenoplastia en Turqu\u00eda Estambul, es un procedimiento quir\u00fargico que realizan mujeres que han perdido la virginidad para recuperarla, como antes del matrimonio o las relaciones sexuales. El objetivo de la cirug\u00eda del himen es restaurar la vagina y el sangrado que se produce en la mujer durante las relaciones sexuales. Una mujer que est\u00e1 a punto de casarse por primera vez quiere realizar este tipo de transacci\u00f3n. Es un procedimiento com\u00fan que se realiza para ayudar a la ni\u00f1a a recuperar la confianza en s\u00ed misma a la hora de plantearse el matrimonio, especialmente como s\u00edmbolo de virginidad en las sociedades orientales.<\/p>\t\t\t\t\t\t\t\t<\/div>\n\t\t\t\t\t<\/div>\n\t\t<\/div>\n\t\t\t\t<div class=\"elementor-column elementor-col-50 elementor-inner-column elementor-element elementor-element-23ef8a56\" data-id=\"23ef8a56\" data-element_type=\"column\" data-e-type=\"column\">\n\t\t\t<div class=\"elementor-widget-wrap elementor-element-populated\">\n\t\t\t\t\t\t<div class=\"elementor-element elementor-element-411911ec elementor-position-top elementor-widget elementor-widget-image-box\" data-id=\"411911ec\" data-element_type=\"widget\" data-e-type=\"widget\" data-widget_type=\"image-box.default\">\n\t\t\t\t\t<div class=\"elementor-image-box-wrapper\"><figure class=\"elementor-image-box-img\"><a href=\"http:\/\/turkaesthetic.com\/es\/hymenoplasty\/\" tabindex=\"-1\"><img decoding=\"async\" src=\"http:\/\/turkaesthetic.com\/wp-content\/uploads\/2021\/12\/after-hymenoplasty.webp\" title=\"\" alt=\"istanbul da k\u0131zl\u0131k zar\u0131 dikimi\" class=\"elementor-animation-hang\" loading=\"lazy\" \/><\/a><\/figure><\/div>\t\t\t\t<\/div>\n\t\t\t\t\t<\/div>\n\t\t<\/div>\n\t\t\t\t\t<\/div>\n\t\t<\/section>\n\t\t\t\t\t<\/div>\n\t\t<\/div>\n\t\t\t\t\t<\/div>\n\t\t<\/section>\n\t\t\t\t<section class=\"elementor-section elementor-top-section elementor-element elementor-element-727f1de elementor-section-stretched elementor-section-boxed elementor-section-height-default elementor-section-height-default\" data-id=\"727f1de\" data-element_type=\"section\" data-e-type=\"section\" data-settings=\"{&quot;stretch_section&quot;:&quot;section-stretched&quot;,&quot;background_background&quot;:&quot;classic&quot;,&quot;jet_parallax_layout_list&quot;:[]}\">\n\t\t\t\t\t\t<div class=\"elementor-container elementor-column-gap-default\">\n\t\t\t\t\t<div class=\"elementor-column elementor-col-100 elementor-top-column elementor-element elementor-element-34b787e4\" data-id=\"34b787e4\" data-element_type=\"column\" data-e-type=\"column\">\n\t\t\t<div class=\"elementor-widget-wrap elementor-element-populated\">\n\t\t\t\t\t\t<section class=\"elementor-section elementor-inner-section elementor-element elementor-element-2cf5bbb4 elementor-section-content-middle elementor-section-boxed elementor-section-height-default elementor-section-height-default\" data-id=\"2cf5bbb4\" data-element_type=\"section\" data-e-type=\"section\" data-settings=\"{&quot;jet_parallax_layout_list&quot;:[]}\">\n\t\t\t\t\t\t<div class=\"elementor-container elementor-column-gap-default\">\n\t\t\t\t\t<div class=\"elementor-column elementor-col-50 elementor-inner-column elementor-element elementor-element-3fb169a0\" data-id=\"3fb169a0\" data-element_type=\"column\" data-e-type=\"column\">\n\t\t\t<div class=\"elementor-widget-wrap elementor-element-populated\">\n\t\t\t\t\t\t<div class=\"elementor-element elementor-element-3ab7114c elementor-position-top elementor-widget elementor-widget-image-box\" data-id=\"3ab7114c\" data-element_type=\"widget\" data-e-type=\"widget\" data-widget_type=\"image-box.default\">\n\t\t\t\t\t<div class=\"elementor-image-box-wrapper\"><figure class=\"elementor-image-box-img\"><a href=\"http:\/\/turkaesthetic.com\/es\/clitoris-aesthetics\/\" tabindex=\"-1\"><img decoding=\"async\" src=\"https:\/\/www.turkaesthetic.com\/wp-content\/uploads\/elementor\/thumbs\/Clitoris-Aesthetic-in-Turkey-pvz7kx1an1dm4433d05absysm4nlrqi5jew223lm7s.webp\" title=\"Est\u00e9tica del cl\u00edtoris en Turqu\u00eda\" alt=\"Est\u00e9tica del cl\u00edtoris en Turqu\u00eda\" class=\"elementor-animation-hang\" loading=\"lazy\" \/><\/a><\/figure><\/div>\t\t\t\t<\/div>\n\t\t\t\t\t<\/div>\n\t\t<\/div>\n\t\t\t\t<div class=\"elementor-column elementor-col-50 elementor-inner-column elementor-element elementor-element-89e5d8\" data-id=\"89e5d8\" data-element_type=\"column\" data-e-type=\"column\">\n\t\t\t<div class=\"elementor-widget-wrap elementor-element-populated\">\n\t\t\t\t\t\t<div class=\"elementor-element elementor-element-49c39d59 elementor-widget elementor-widget-heading\" data-id=\"49c39d59\" data-element_type=\"widget\" data-e-type=\"widget\" data-widget_type=\"heading.default\">\n\t\t\t\t\t<h2 class=\"elementor-heading-title elementor-size-default\">Est\u00e9tica del cl\u00edtoris<\/h2>\t\t\t\t<\/div>\n\t\t\t\t<div class=\"elementor-element elementor-element-6a7ee490 elementor-widget elementor-widget-heading\" data-id=\"6a7ee490\" data-element_type=\"widget\" data-e-type=\"widget\" data-widget_type=\"heading.default\">\n\t\t\t\t\t<h3 class=\"elementor-heading-title elementor-size-default\">\u00bfQu\u00e9 es la est\u00e9tica del cl\u00edtoris (Est\u00e9tica genital)?<\/h3>\t\t\t\t<\/div>\n\t\t\t\t<div class=\"elementor-element elementor-element-4b424572 elementor-widget elementor-widget-text-editor\" data-id=\"4b424572\" data-element_type=\"widget\" data-e-type=\"widget\" data-widget_type=\"text-editor.default\">\n\t\t\t\t\t\t\t\t\t<p>En Turqu\u00eda, la cirug\u00eda est\u00e9tica del cl\u00edtoris es una de las cirug\u00edas pl\u00e1sticas m\u00e1s famosas del sistema reproductor femenino. El cl\u00edtoris es un peque\u00f1o \u00f3rgano er\u00e9ctil del sistema reproductor femenino ubicado en la parte frontal del sistema reproductor femenino. Puede parecer una parte menor o menor del \u00f3rgano genital femenino, pero en realidad, el \u00f3rgano del cl\u00edtoris juega un papel importante en la excitaci\u00f3n y el placer de la mujer, y cualquier problema que se encuentre en esta \u00e1rea puede afectar el placer de la mujer y requerir otros. Es una operaci\u00f3n correctiva para conseguir el m\u00e1ximo placer durante las relaciones sexuales. Cualquier acci\u00f3n incorrecta en esta \u00e1rea puede causar ansiedad psicol\u00f3gica.<\/p>\t\t\t\t\t\t\t\t<\/div>\n\t\t\t\t\t<\/div>\n\t\t<\/div>\n\t\t\t\t\t<\/div>\n\t\t<\/section>\n\t\t\t\t\t<\/div>\n\t\t<\/div>\n\t\t\t\t\t<\/div>\n\t\t<\/section>\n\t\t\t\t<section class=\"elementor-section elementor-top-section elementor-element elementor-element-2d6b8366 elementor-section-stretched elementor-section-boxed elementor-section-height-default elementor-section-height-default\" data-id=\"2d6b8366\" data-element_type=\"section\" data-e-type=\"section\" data-settings=\"{&quot;stretch_section&quot;:&quot;section-stretched&quot;,&quot;jet_parallax_layout_list&quot;:[]}\">\n\t\t\t\t\t\t<div class=\"elementor-container elementor-column-gap-default\">\n\t\t\t\t\t<div class=\"elementor-column elementor-col-100 elementor-top-column elementor-element elementor-element-92f55a7\" data-id=\"92f55a7\" data-element_type=\"column\" data-e-type=\"column\">\n\t\t\t<div class=\"elementor-widget-wrap elementor-element-populated\">\n\t\t\t\t\t\t<section class=\"elementor-section elementor-inner-section elementor-element elementor-element-3b9e45 elementor-section-content-middle elementor-section-boxed elementor-section-height-default elementor-section-height-default\" data-id=\"3b9e45\" data-element_type=\"section\" data-e-type=\"section\" data-settings=\"{&quot;jet_parallax_layout_list&quot;:[]}\">\n\t\t\t\t\t\t<div class=\"elementor-container elementor-column-gap-default\">\n\t\t\t\t\t<div class=\"elementor-column elementor-col-50 elementor-inner-column elementor-element elementor-element-4acecd18\" data-id=\"4acecd18\" data-element_type=\"column\" data-e-type=\"column\">\n\t\t\t<div class=\"elementor-widget-wrap elementor-element-populated\">\n\t\t\t\t\t\t<div class=\"elementor-element elementor-element-7c8981c6 elementor-widget elementor-widget-heading\" data-id=\"7c8981c6\" data-element_type=\"widget\" data-e-type=\"widget\" data-widget_type=\"heading.default\">\n\t\t\t\t\t<h2 class=\"elementor-heading-title elementor-size-default\">Estiramiento vaginal<\/h2>\t\t\t\t<\/div>\n\t\t\t\t<div class=\"elementor-element elementor-element-5effebc7 elementor-widget elementor-widget-heading\" data-id=\"5effebc7\" data-element_type=\"widget\" data-e-type=\"widget\" data-widget_type=\"heading.default\">\n\t\t\t\t\t<h2 class=\"elementor-heading-title elementor-size-default\">\u00bfQu\u00e9 es la cirug\u00eda de estiramiento vaginal (est\u00e9tica genital)?<\/h2>\t\t\t\t<\/div>\n\t\t\t\t<div class=\"elementor-element elementor-element-713c3267 elementor-widget elementor-widget-text-editor\" data-id=\"713c3267\" data-element_type=\"widget\" data-e-type=\"widget\" data-widget_type=\"text-editor.default\">\n\t\t\t\t\t\t\t\t\t<p>La cirug\u00eda de ajuste vaginal en Turqu\u00eda es una soluci\u00f3n para el agrandamiento vaginal causado por el parto y el aborto. Por muy felices que sean los momentos del parto para la pareja, los efectos posteriores al parto, cuando se utiliza un bistur\u00ed para facilitar el proceso normal del parto, muchas veces pueden causar da\u00f1os psicol\u00f3gicos a la madre, que experimenta problemas como flacidez vaginal o deformaci\u00f3n del pene. vagina, prolapso vaginal o deformaci\u00f3n de los labios vaginales.<\/p><p>La est\u00e9tica vaginal puede ocurrir despu\u00e9s de la pubertad, especialmente despu\u00e9s del parto o del aborto, cuando muchas mujeres sienten que la vagina se est\u00e1 expandiendo y necesitan intervenir r\u00e1pidamente para devolverla a su posici\u00f3n normal. Lograr el tama\u00f1o deseado y una vida sexual exitosa puede ser diferente, pero el objetivo es el mismo.<\/p>\t\t\t\t\t\t\t\t<\/div>\n\t\t\t\t\t<\/div>\n\t\t<\/div>\n\t\t\t\t<div class=\"elementor-column elementor-col-50 elementor-inner-column elementor-element elementor-element-cd77160\" data-id=\"cd77160\" data-element_type=\"column\" data-e-type=\"column\">\n\t\t\t<div class=\"elementor-widget-wrap elementor-element-populated\">\n\t\t\t\t\t\t<div class=\"elementor-element elementor-element-3371ee8e elementor-position-top elementor-widget elementor-widget-image-box\" data-id=\"3371ee8e\" data-element_type=\"widget\" data-e-type=\"widget\" data-widget_type=\"image-box.default\">\n\t\t\t\t\t<div class=\"elementor-image-box-wrapper\"><figure class=\"elementor-image-box-img\"><a href=\"http:\/\/turkaesthetic.com\/es\/vaginoplasty\/\" tabindex=\"-1\"><img decoding=\"async\" src=\"https:\/\/www.turkaesthetic.com\/wp-content\/uploads\/elementor\/thumbs\/Vaginoplasty-in-Turkey-rjag6w9gtpcz3y1maod6ev4her5uqwhz64j5iotho8.webp\" title=\"Rejuvenecimiento vaginal en Turqu\u00eda\" alt=\"Rejuvenecimiento vaginal en Turqu\u00eda\" class=\"elementor-animation-hang\" loading=\"lazy\" \/><\/a><\/figure><\/div>\t\t\t\t<\/div>\n\t\t\t\t\t<\/div>\n\t\t<\/div>\n\t\t\t\t\t<\/div>\n\t\t<\/section>\n\t\t\t\t\t<\/div>\n\t\t<\/div>\n\t\t\t\t\t<\/div>\n\t\t<\/section>\n\t\t\t\t<section class=\"elementor-section elementor-top-section elementor-element elementor-element-a81a702 elementor-section-boxed elementor-section-height-default elementor-section-height-default\" data-id=\"a81a702\" data-element_type=\"section\" data-e-type=\"section\" data-settings=\"{&quot;jet_parallax_layout_list&quot;:[]}\">\n\t\t\t\t\t\t<div class=\"elementor-container elementor-column-gap-default\">\n\t\t\t\t\t<div class=\"elementor-column elementor-col-100 elementor-top-column elementor-element elementor-element-5a7016b\" data-id=\"5a7016b\" data-element_type=\"column\" data-e-type=\"column\">\n\t\t\t<div class=\"elementor-widget-wrap elementor-element-populated\">\n\t\t\t\t\t\t<div class=\"elementor-element elementor-element-6c101de elementor-widget elementor-widget-text-editor\" data-id=\"6c101de\" data-element_type=\"widget\" data-e-type=\"widget\" data-widget_type=\"text-editor.default\">\n\t\t\t\t\t\t\t\t\t<p>Para m\u00e1s informaci\u00f3n, puedes seguir nuestro canal de <a href=\"https:\/\/www.youtube.com\/@turkaesthetic\" target=\"_blank\" rel=\"noopener\">YouTube<\/a> o <a href=\"http:\/\/turkaesthetic.com\/es\/contact-us\/\" target=\"_blank\" rel=\"noopener\">contactarnos<\/a> directamente.<\/p>\t\t\t\t\t\t\t\t<\/div>\n\t\t\t\t\t<\/div>\n\t\t<\/div>\n\t\t\t\t\t<\/div>\n\t\t<\/section>\n\t\t\t\t<\/div>\n\t\t","protected":false},"excerpt":{"rendered":"<p>La est\u00e9tica genital en Turqu\u00eda Estambul incluye muchas operaciones cosm\u00e9ticas diferentes, como el embellecimiento de las l\u00e1minas vaginales externas, el injerto de himen y la cirug\u00eda pl\u00e1stica del cl\u00edtoris, adem\u00e1s del estrechamiento vaginal quir\u00fargico o con l\u00e1ser que realiza un cirujano pl\u00e1stico o un ginec\u00f3logo especializado. Puedes ver los detalles de cada proceso por s\u00ed [&hellip;]<\/p>\n","protected":false},"author":1,"featured_media":25506,"parent":0,"menu_order":0,"comment_status":"closed","ping_status":"closed","template":"elementor_header_footer","meta":{"footnotes":""},"dep":[1354],"class_list":["post-53439","page","type-page","status-publish","has-post-thumbnail","hentry","dep-plastic-surgeries"],"_links":{"self":[{"href":"https:\/\/www.turkaesthetic.com\/es\/wp-json\/wp\/v2\/pages\/53439","targetHints":{"allow":["GET"]}}],"collection":[{"href":"https:\/\/www.turkaesthetic.com\/es\/wp-json\/wp\/v2\/pages"}],"about":[{"href":"https:\/\/www.turkaesthetic.com\/es\/wp-json\/wp\/v2\/types\/page"}],"author":[{"embeddable":true,"href":"https:\/\/www.turkaesthetic.com\/es\/wp-json\/wp\/v2\/users\/1"}],"replies":[{"embeddable":true,"href":"https:\/\/www.turkaesthetic.com\/es\/wp-json\/wp\/v2\/comments?post=53439"}],"version-history":[{"count":0,"href":"https:\/\/www.turkaesthetic.com\/es\/wp-json\/wp\/v2\/pages\/53439\/revisions"}],"wp:featuredmedia":[{"embeddable":true,"href":"https:\/\/www.turkaesthetic.com\/es\/wp-json\/wp\/v2\/media\/25506"}],"wp:attachment":[{"href":"https:\/\/www.turkaesthetic.com\/es\/wp-json\/wp\/v2\/media?parent=53439"}],"wp:term":[{"taxonomy":"dep","embeddable":true,"href":"https:\/\/www.turkaesthetic.com\/es\/wp-json\/wp\/v2\/dep?post=53439"}],"curies":[{"name":"wp","href":"https:\/\/api.w.org\/{rel}","templated":true}]}}