{"id":51543,"date":"2024-02-02T17:26:42","date_gmt":"2024-02-02T14:26:42","guid":{"rendered":"http:\/\/turkaesthetic.com\/?page_id=51543"},"modified":"2024-02-06T14:17:29","modified_gmt":"2024-02-06T11:17:29","slug":"urinary-incontinence","status":"publish","type":"page","link":"https:\/\/www.turkaesthetic.com\/es\/urinary-incontinence\/","title":{"rendered":"\u0130ncontinencia Urinaria Tratamiento"},"content":{"rendered":"\n<p><strong>\u0130ncontinencia Urinaria Tratamiento en Turqu\u00eda<\/strong> puede variar seg\u00fan el tipo y la gravedad de la incontinencia urinaria que experimente una persona. Si bien puede provocar una p\u00e9rdida de confianza en uno mismo, al mismo tiempo afecta negativamente la calidad de vida de una persona. El tratamiento generalmente implica uno o m\u00e1s m\u00e9todos y se determina seg\u00fan las recomendaciones del m\u00e9dico. En este art\u00edculo, discutiremos los m\u00e9todos de <a href=\"http:\/\/turkaesthetic.com\/es\/treatment\/\" target=\"_blank\" data-type=\"page\" data-id=\"37325\" rel=\"noreferrer noopener\">tratamiento <\/a>y la cirug\u00eda de incontinencia urinaria.<\/p>\n\n\n\n<h2 class=\"wp-block-heading\">M\u00e9todos de tratamiento de la incontinencia urinaria:<\/h2>\n\n\n\n<p>1. Ejercicios de Kegel: Los ejercicios de Kegel pueden ayudar a fortalecer los m\u00fasculos del suelo p\u00e9lvico. Se pueden realizar bajo la direcci\u00f3n de un fisioterapeuta y pueden ayudar en el tratamiento de varios tipos de incontinencia urinaria.<\/p>\n\n\n\n<p>2. Medicamentos: algunos medicamentos, especialmente aquellos para tratar la incontinencia urinaria involuntaria, pueden aumentar el control de los m\u00fasculos de la vejiga o reducir la hiperactividad de la vejiga.<\/p>\n\n\n\n<p>3. Fisioterapia del suelo p\u00e9lvico: La fisioterapia aplicada por un fisioterapeuta consiste en ejercicios espec\u00edficos para fortalecer y controlar los m\u00fasculos del suelo p\u00e9lvico. Esto puede resultar eficaz en el tratamiento de la incontinencia de esfuerzo y la incontinencia mixta.<\/p>\n\n\n\n<p>4. Electroestimulaci\u00f3n: Los dispositivos de electroestimulaci\u00f3n se pueden utilizar para estimular los m\u00fasculos del suelo p\u00e9lvico, ayudando al fortalecimiento muscular.<\/p>\n\n\n\n<p>5. Inyecciones de toxina botul\u00ednica (<a href=\"http:\/\/turkaesthetic.com\/es\/non-surgical-es\/botox-cost\/\" target=\"_blank\" data-type=\"post\" data-id=\"48283\" rel=\"noreferrer noopener\">Botox<\/a>): en algunos casos, las inyecciones de toxina botul\u00ednica se pueden utilizar para tratar la incontinencia de urgencia. Estas inyecciones pueden relajar los m\u00fasculos de la vejiga, mejorando el control.<\/p>\n\n\n\n<p>6. Cirug\u00eda TOT para incontinencia urinaria: se puede considerar la cirug\u00eda para casos m\u00e1s graves de incontinencia urinaria o cuando otros tratamientos no son efectivos.<\/p>\n\n\n\n<p>7. Productos para la incontinencia urinaria: productos como toallas sanitarias, prendas de vestir y materiales para la incontinencia est\u00e1n disponibles para personas que experimentan incontinencia urinaria.<\/p>\n\n\n\n<p>8. <a href=\"http:\/\/turkaesthetic.com\/es\/fractional-laser\/\" target=\"_blank\" data-type=\"page\" data-id=\"33088\" rel=\"noreferrer noopener\">L\u00e1ser fraccionado<\/a>: Recientemente, la tecnolog\u00eda del l\u00e1ser fraccionado ha avanzado en Turqu\u00eda, particularmente en Estambul. El l\u00e1ser fraccionado, utilizado en diversos m\u00e9todos de tratamiento, es el preferido para las mujeres que experimentan incontinencia urinaria. Este proceso simple y breve permite a las personas regresar a su vida diaria inmediatamente despu\u00e9s.<\/p>\n\n\n\n<h3 class=\"wp-block-heading\">M\u00e9dicos que realizan \u0130ncontinencia Urinaria Tratamiento en Turqu\u00eda<\/h3>\n\n\n\n<p>Este procedimiento lo realizan obstetras y ginec\u00f3logos en el caso de las mujeres y ur\u00f3logos en el caso de los hombres. Un m\u00e9dico de otro campo no puede realizar este procedimiento. Para lograr buenos resultados, es fundamental elegir un m\u00e9dico y un centro m\u00e9dico exitoso en el campo.<\/p>\n\n\n\n<h4 class=\"wp-block-heading\">Cirug\u00eda TOT de incontinencia urinaria en Turqu\u00eda<\/h4>\n\n\n\n<p>\u0130ncontinencia Urinaria Tratamiento en Turqu\u00eda TOT se considera un m\u00e9todo muy eficaz para el tratamiento de la incontinencia urinaria, espec\u00edficamente la incontinencia de esfuerzo que se produce durante actividades como toser, estornudar y re\u00edr. Da resultados exitosos para muchos pacientes. El objetivo del procedimiento es sostener y controlar la uretra mediante la colocaci\u00f3n de una cinta especial.<\/p>\n\n\n<div id=\"rank-math-howto\" class=\"rank-math-block\" >\n<div class=\"rank-math-howto-description\">\n\n<p>\u0130ncontinencia Urinaria Tratamiento en Turqu\u00eda Etapas del procedimiento:<\/p>\n\n<\/div>\n<p class=\"rank-math-howto-duration\"><strong>Tiempo total:<\/strong> <span>20 minutos<\/span><\/p>\n<div class=\"rank-math-steps \">\n<div id=\"howto-step-1707217996472\" class=\"rank-math-step\">\n<h3 class=\"rank-math-step-title \">Procedimiento previo:<\/h3>\n<div class=\"rank-math-step-content \"><p>El m\u00e9dico realiza un examen detallado y realiza todas las pruebas necesarias.<\/p>\n<\/div>\n<\/div>\n<div id=\"howto-step-1707218026229\" class=\"rank-math-step\">\n<h3 class=\"rank-math-step-title \">Durante el Procedimiento:<\/h3>\n<div class=\"rank-math-step-content \"><p>Se utiliza anestesia general o espinal. Luego, el m\u00e9dico hace una peque\u00f1a incisi\u00f3n y coloca la cinta para sostener los m\u00fasculos del suelo p\u00e9lvico, con el objetivo de fijar la uretra y eliminar la incontinencia urinaria. El procedimiento dura aproximadamente 30 minutos.<\/p>\n<\/div>\n<\/div>\n<div id=\"howto-step-1707218033167\" class=\"rank-math-step\">\n<h3 class=\"rank-math-step-title \">Post-Procedimiento:<\/h3>\n<div class=\"rank-math-step-content \"><p>El individuo debe pasar la noche en el hospital. Es fundamental seguir las instrucciones del m\u00e9dico y utilizar medicamentos con regularidad.<\/p>\n<\/div>\n<\/div>\n<\/div>\n<\/div>\n\n\n\n\n\n\n<h5 class=\"wp-block-heading\">Ventajas \u0130ncontinencia Urinaria Tratamiento en Turqu\u00eda<\/h5>\n\n\n\n<ul class=\"wp-block-list\">\n<li>Mejora de la calidad de vida.<\/li>\n\n\n\n<li>Reducci\u00f3n de las infecciones del tracto urinario.<\/li>\n\n\n\n<li>Aumento de la confianza en uno mismo.<\/li>\n<\/ul>\n\n\n\n<h5 class=\"wp-block-heading\">Desventajas<\/h5>\n\n\n\n<ul class=\"wp-block-list\">\n<li>Si lo realizan personas no especialistas, los resultados pueden no ser satisfactorios.<\/li>\n\n\n\n<li>En los casos de algunos pacientes pueden producirse efectos secundarios adicionales.<\/li>\n\n\n\n<li>Cada tratamiento es individualizado, y no todos pueden lograr el mismo resultado exitoso, especialmente en terapias con l\u00e1ser y ejercicio.<\/li>\n<\/ul>\n\n\n\n<h5 class=\"wp-block-heading\">Efectos secundarios \u0130ncontinencia Urinaria Tratamiento en Turqu\u00eda<\/h5>\n\n\n\n<ul class=\"wp-block-list\">\n<li>Dolor leve y sensaci\u00f3n de ardor despu\u00e9s de la cirug\u00eda.<\/li>\n\n\n\n<li>Puede producirse una infecci\u00f3n si no se cuida adecuadamente.<\/li>\n\n\n\n<li>Puede aparecer secreci\u00f3n vaginal durante unos d\u00edas despu\u00e9s del tratamiento con l\u00e1ser fraccionado.<\/li>\n<\/ul>\n\n\n\n<h3 class=\"wp-block-heading\">Costo del \u0130ncontinencia Urinaria Tratamiento en Turqu\u00eda<\/h3>\n\n\n\n<p>\u0130ncontinencia Urinaria Tratamiento en Turqu\u00eda requiere m\u00e9dicos con experiencia en el campo.<\/p>\n\n\n\n<p>Siempre es recomendable elegir un centro m\u00e9dico de confianza para garantizar la experiencia y la esterilizaci\u00f3n.<\/p>\n\n\n\n<p>El coste del tratamiento de la incontinencia urinaria en Turqu\u00eda depende de la t\u00e9cnica utilizada.<\/p>\n\n\n\n<ul class=\"wp-block-list\">\n<li>L\u00e1ser fraccionado: 500 euros.<\/li>\n\n\n\n<li>Cirug\u00eda TOT de incontinencia urinaria en Turqu\u00eda: 2200 euros.<\/li>\n<\/ul>\n\n\n\n<figure class=\"wp-block-gallery has-nested-images columns-default is-cropped wp-block-gallery-1 is-layout-flex wp-block-gallery-is-layout-flex\">\n<figure class=\"wp-block-image size-large\"><img loading=\"lazy\" decoding=\"async\" width=\"1024\" height=\"576\" data-id=\"51448\" src=\"http:\/\/turkaesthetic.com\/wp-content\/uploads\/2024\/02\/urinary-incontinence-in-Turkey-1024x576.webp\" alt=\"\u0130ncontinencia Urinaria Tratamiento en Turqu\u00eda\" class=\"wp-image-51448\" srcset=\"https:\/\/www.turkaesthetic.com\/wp-content\/uploads\/2024\/02\/urinary-incontinence-in-Turkey-1024x576.webp 1024w, https:\/\/www.turkaesthetic.com\/wp-content\/uploads\/2024\/02\/urinary-incontinence-in-Turkey-300x169.webp 300w, https:\/\/www.turkaesthetic.com\/wp-content\/uploads\/2024\/02\/urinary-incontinence-in-Turkey-768x432.webp 768w, https:\/\/www.turkaesthetic.com\/wp-content\/uploads\/2024\/02\/urinary-incontinence-in-Turkey.webp 1366w\" sizes=\"auto, (max-width: 1024px) 100vw, 1024px\" \/><figcaption class=\"wp-element-caption\"><strong>\u0130ncontinencia Urinaria Tratamiento en Turqu\u00eda<\/strong><\/figcaption><\/figure>\n<\/figure>\n\n\n\n<h2 class=\"wp-block-heading\">Preguntas frecuentes: \u0130ncontinencia Urinaria Tratamiento en Turqu\u00eda<\/h2>\n\n\n<div id=\"rank-math-faq\" class=\"rank-math-block\">\n<div class=\"rank-math-list \">\n<div id=\"faq-question-1707218076748\" class=\"rank-math-list-item\">\n<h3 class=\"rank-math-question \">\u00bfEs doloroso \u0130ncontinencia Urinaria Tratamiento en Turqu\u00eda con l\u00e1ser fraccionado?<\/h3>\n<div class=\"rank-math-answer \">\n\n<p>No, el tratamiento con l\u00e1ser se brinda con niveles de intensidad personalizados, con una duraci\u00f3n aproximada de 20 minutos. El paciente puede reincorporarse inmediatamente a la vida diaria.<\/p>\n\n<\/div>\n<\/div>\n<div id=\"faq-question-1707218079772\" class=\"rank-math-list-item\">\n<h3 class=\"rank-math-question \">\u00bfCu\u00e1ntos d\u00edas se necesitan para recuperarse de una cirug\u00eda TOT por incontinencia urinaria en Turqu\u00eda?<\/h3>\n<div class=\"rank-math-answer \">\n\n<p>Todos los efectos secundarios desaparecen en 7 a 10 d\u00edas.<\/p>\n\n<\/div>\n<\/div>\n<div id=\"faq-question-1707218086427\" class=\"rank-math-list-item\">\n<h3 class=\"rank-math-question \">\u00bfQu\u00e9 causa los problemas de incontinencia urinaria?<\/h3>\n<div class=\"rank-math-answer \">\n\n<p>Los m\u00fasculos del suelo p\u00e9lvico sostienen la vejiga y la uretra y controlan la orina. Estos m\u00fasculos pueden debilitarse como resultado del envejecimiento o por motivos como el embarazo, el parto y el aumento excesivo de peso.<\/p>\n\n<\/div>\n<\/div>\n<div id=\"faq-question-1707218093196\" class=\"rank-math-list-item\">\n<h3 class=\"rank-math-question \">\u00bfSe puede realizar el tratamiento de la incontinencia urinaria con l\u00e1ser?<\/h3>\n<div class=\"rank-math-answer \">\n\n<p>S\u00ed, se puede realizar con l\u00e1ser, pero primero el m\u00e9dico debe examinar y evaluar la afecci\u00f3n. Si el paciente es apto para el tratamiento con l\u00e1ser, se puede realizar.<\/p>\n\n<\/div>\n<\/div>\n<div id=\"faq-question-1707218098854\" class=\"rank-math-list-item\">\n<h3 class=\"rank-math-question \">\u00bfCu\u00e1l es la diferencia entre el tratamiento con l\u00e1ser y la cirug\u00eda?<\/h3>\n<div class=\"rank-math-answer \">\n\n<p>Con el tratamiento con l\u00e1ser, es posible volver inmediatamente a la vida diaria y no es necesario permanecer en el hospital. La cirug\u00eda requiere pasar la noche y la recuperaci\u00f3n se logra en 7 a 10 d\u00edas.<\/p>\n\n<\/div>\n<\/div>\n<\/div>\n<\/div>\n\n\n<p><strong>Y finalmente, puede ponerse en <a href=\"http:\/\/turkaesthetic.com\/es\/contact-us\/\" target=\"_blank\" rel=\"noreferrer noopener\">contacto <\/a>directamente con el equipo para solicitar informaci\u00f3n y precios de <a href=\"https:\/\/www.youtube.com\/channel\/UC0zggzdm5CFwpRMmn_CPpFQ\" target=\"_blank\" rel=\"noopener\">Turk Aesthetic <\/a>de Turqu\u00eda Estambul.<\/strong><\/p>\n","protected":false},"excerpt":{"rendered":"<p>\u0130ncontinencia Urinaria Tratamiento en Turqu\u00eda puede variar seg\u00fan el tipo y la gravedad de la incontinencia urinaria que experimente una persona. Si bien puede provocar una p\u00e9rdida de confianza en uno mismo, al mismo tiempo afecta negativamente la calidad de vida de una persona. El tratamiento generalmente implica uno o m\u00e1s m\u00e9todos y se determina [&hellip;]<\/p>\n","protected":false},"author":4,"featured_media":51448,"parent":0,"menu_order":0,"comment_status":"closed","ping_status":"closed","template":"","meta":{"footnotes":""},"dep":[1357],"class_list":["post-51543","page","type-page","status-publish","has-post-thumbnail","hentry","dep-treatment"],"_links":{"self":[{"href":"https:\/\/www.turkaesthetic.com\/es\/wp-json\/wp\/v2\/pages\/51543","targetHints":{"allow":["GET"]}}],"collection":[{"href":"https:\/\/www.turkaesthetic.com\/es\/wp-json\/wp\/v2\/pages"}],"about":[{"href":"https:\/\/www.turkaesthetic.com\/es\/wp-json\/wp\/v2\/types\/page"}],"author":[{"embeddable":true,"href":"https:\/\/www.turkaesthetic.com\/es\/wp-json\/wp\/v2\/users\/4"}],"replies":[{"embeddable":true,"href":"https:\/\/www.turkaesthetic.com\/es\/wp-json\/wp\/v2\/comments?post=51543"}],"version-history":[{"count":0,"href":"https:\/\/www.turkaesthetic.com\/es\/wp-json\/wp\/v2\/pages\/51543\/revisions"}],"wp:featuredmedia":[{"embeddable":true,"href":"https:\/\/www.turkaesthetic.com\/es\/wp-json\/wp\/v2\/media\/51448"}],"wp:attachment":[{"href":"https:\/\/www.turkaesthetic.com\/es\/wp-json\/wp\/v2\/media?parent=51543"}],"wp:term":[{"taxonomy":"dep","embeddable":true,"href":"https:\/\/www.turkaesthetic.com\/es\/wp-json\/wp\/v2\/dep?post=51543"}],"curies":[{"name":"wp","href":"https:\/\/api.w.org\/{rel}","templated":true}]}}