{"id":50760,"date":"2024-01-06T13:17:41","date_gmt":"2024-01-06T10:17:41","guid":{"rendered":"http:\/\/turkaesthetic.com\/?page_id=50760"},"modified":"2025-07-04T17:51:14","modified_gmt":"2025-07-04T14:51:14","slug":"zirconium-crown","status":"publish","type":"page","link":"https:\/\/www.turkaesthetic.com\/es\/zirconium-crown\/","title":{"rendered":"Coronas de Circonio"},"content":{"rendered":"\n<p>Las <strong>coronas de circonio<\/strong> son una opci\u00f3n que puede proporcionar resultados m\u00e1s duraderos y est\u00e9ticos, especialmente en comparaci\u00f3n con las coronas de porcelana. Estas coronas se pueden utilizar para restaurar los dientes de forma natural y corregir varios problemas dentales. Las coronas dentales se pueden aplicar para diferentes prop\u00f3sitos, como fortalecer los dientes, corregir su color, cerrar los espacios entre ellos o cambiar la forma y el tama\u00f1o de los dientes.<\/p>\n\n\n\n<h2 class=\"wp-block-heading\">V\u00eddeo sobre coronas de circonio<\/h2>\n\n\n\n<p>Puede ver las etapas de las coronas dentales de circonio en el v\u00eddeo a continuaci\u00f3n.<\/p>\n\n\n\n<figure class=\"wp-block-embed is-type-video is-provider-youtube wp-block-embed-youtube wp-embed-aspect-16-9 wp-has-aspect-ratio\"><div class=\"wp-block-embed__wrapper\">\n<iframe loading=\"lazy\" title=\"Dental Crowns in Turkey (5) Days - Turk Aesthetic\" width=\"800\" height=\"450\" src=\"https:\/\/www.youtube.com\/embed\/4K8NUpRHABw?feature=oembed\" frameborder=\"0\" allow=\"accelerometer; autoplay; clipboard-write; encrypted-media; gyroscope; picture-in-picture; web-share\" referrerpolicy=\"strict-origin-when-cross-origin\" allowfullscreen><\/iframe>\n<\/div><figcaption class=\"wp-element-caption\">Coronas de Circonio<\/figcaption><\/figure>\n\n\n\n<h3 class=\"wp-block-heading\">Tipos de Coronas de Circonio<\/h3>\n\n\n\n<ul class=\"wp-block-list\">\n<li>Carillas dentales E-Max: <a href=\"https:\/\/www.turkaesthetic.com\/es\/dental-veneer\/\" target=\"_blank\" data-type=\"page\" data-id=\"33491\" rel=\"noreferrer noopener\"><strong>E-Max<\/strong> <\/a>es un tipo de carilla similar a la porcelana. Es conocida por ser est\u00e9tica y duradera. Con sus opciones de color de dientes y apariencia natural, es una opci\u00f3n preferida.<\/li>\n\n\n\n<li><a href=\"https:\/\/www.turkaesthetic.com\/es\/dental-lumineers\/\" target=\"_blank\" data-type=\"link\" data-id=\"https:\/\/www.turkaesthetic.com\/es\/dental-lumineers\/\" rel=\"noreferrer noopener\"><strong>Lumineers<\/strong><\/a>: Las carillas son carillas hechas de una capa fina y particular de porcelana. Se instalan en la superficie frontal de los dientes.<\/li>\n\n\n\n<li>Carillas: Las carillas suelen estar hechas de porcelana o materiales compuestos, tambi\u00e9n se utilizan en coronas dentales. Su gama de opciones de color le permite crear una sonrisa personalizada.<\/li>\n<\/ul>\n\n\n\n<h3 class=\"wp-block-heading\">Etapas del proceso de Coronas de Circonio<\/h3>\n\n\n\n<ul class=\"wp-block-list\">\n<li>Examen y consulta: El primer paso es consultar con el dentista. El dentista examina sus dientes para determinar sus necesidades y eval\u00faa su idoneidad para las coronas de zirconio.<\/li>\n\n\n\n<li>Preparaci\u00f3n de los dientes: Es posible que sea necesario preparar sus dientes para las coronas de zirconio. Es posible que sea necesario limar y afinar algunos dientes antes de este paso.<\/li>\n\n\n\n<li>Paso de impresi\u00f3n: Su dentista utiliza un material de impresi\u00f3n especial para tomar impresiones de los dientes preparados. Estas medidas se utilizan para personalizar la preparaci\u00f3n de las coronas de zirconio en el laboratorio. Las medidas tomadas se env\u00edan al laboratorio.<\/li>\n\n\n\n<li>Coronas temporales: La preparaci\u00f3n del zirconio puede llevar varios d\u00edas. Durante este tiempo, el dentista puede colocar coronas temporales en sus dientes.<\/li>\n\n\n\n<li>Adhesi\u00f3n de las coronas: Despu\u00e9s de que el especialista prepara las coronas en el laboratorio, el dentista las coloca. Luego, las revisa para asegurarse de que se ajusten correctamente y sean est\u00e9ticamente agradables, y luego las adhiere de forma permanente.<\/li>\n\n\n\n<li>Controles finales: Despu\u00e9s de que el dentista instala las coronas, realiza controles finales para completar el proceso. Tambi\u00e9n se asegura de que sus dientes se sientan naturales y se ajusten en cuanto a morder, hablar y apariencia.<\/li>\n<\/ul>\n\n\n\n<h3 class=\"wp-block-heading\">Coronas de Circonio en Turqu\u00eda Estambul<\/h3>\n\n\n\n<p>Existen muchas opciones de coronas de zirconio en Turqu\u00eda y otras aplicaciones est\u00e9ticas dentales en Estambul. Son las preferidas porque brindan una apariencia est\u00e9tica y una restauraci\u00f3n dental duradera. Estambul es una de las ciudades metropolitanas m\u00e1s preferidas, con cl\u00ednicas, hospitales y m\u00e9dicos que son expertos en sus campos. Turqu\u00eda y Estambul tambi\u00e9n son mucho m\u00e1s asequibles que Europa y otros pa\u00edses.<\/p>\n\n\n\n<h4 class=\"wp-block-heading\">Coronas de zirconio sobre implantes<\/h4>\n\n\n\n<p>Las coronas de zirconio soportadas por implantes se colocan sobre el <strong><a href=\"https:\/\/www.turkaesthetic.com\/es\/dental-implants\/\" target=\"_blank\" data-type=\"page\" data-id=\"33400\" rel=\"noreferrer noopener\">implante<\/a><\/strong>, lo que brinda una apariencia similar a los dientes naturales. Son conocidas por su durabilidad, lo que hace que las coronas soportadas por implantes sean m\u00e1s est\u00e9ticamente naturales y atractivas. El zirconio se diferencia de otras coronas solo en la forma. Al mismo tiempo, debido a su biocompatibilidad, el riesgo de alergia es bajo. La instalaci\u00f3n de las coronas sobre los implantes se personaliza de acuerdo con la estructura dental del paciente, el estado del implante y las expectativas est\u00e9ticas.<\/p>\n\n\n\n<h4 class=\"wp-block-heading\">Precio de las Coronas de Circonio<\/h4>\n\n\n\n<p>Los precios de las Coronas de Circonio pueden variar en funci\u00f3n de varios factores, como la experiencia del dentista, la calidad de los materiales utilizados, la complejidad del proceso de tratamiento y la elecci\u00f3n de la cl\u00ednica u hospital.<br>Es mucho m\u00e1s econ\u00f3mico que en otros pa\u00edses. De media, los precios internacionales de las coronas dentales est\u00e1n entre 1000 y 2000 euros por diente. De media, los precios de las coronas dentales de zirconio est\u00e1n entre 100 y 150 euros. Un zirconio dental en Turk Aesthetic cuesta entre 100 y 130 euros.<\/p>\n\n\n\n<h5 class=\"wp-block-heading\">Ventajas Coronas de Circonio<\/h5>\n\n\n\n<ul class=\"wp-block-list\">\n<li>Se presenta como un diente natural con su aspecto est\u00e9tico.<\/li>\n\n\n\n<li>Es el tipo de corona con mayor durabilidad.<\/li>\n\n\n\n<li>Es menos propenso a mancharse y amarillearse.<\/li>\n\n\n\n<li>Es una sustancia compatible con el organismo.<\/li>\n\n\n\n<li>No contiene metal.<\/li>\n<\/ul>\n\n\n\n<h5 class=\"wp-block-heading\">Desventajas<\/h5>\n\n\n\n<ul class=\"wp-block-list\">\n<li>Dependiendo del uso, los dientes pueden desgastarse con el tiempo.<\/li>\n\n\n\n<li>Puede existir la posibilidad de agrietamiento o rotura si se hace un mal uso o se aplica una fuerza excesiva.<\/li>\n\n\n\n<li>El paciente puede utilizarlos durante muchos a\u00f1os si sigue todas las instrucciones dadas por el m\u00e9dico.<\/li>\n<\/ul>\n\n\n\n<h4 class=\"wp-block-heading\">La mejor cl\u00ednica que realiza coronas de circonio<\/h4>\n\n\n\n<p>Hay muchos hospitales y cl\u00ednicas dentales. Se determinan criterios para elegir el mejor entre ellos;<\/p>\n\n\n\n<ul class=\"wp-block-list\">\n<li>Experiencia y referencias del m\u00e9dico.<\/li>\n\n\n\n<li>T\u00e9cnicas y tecnolog\u00eda utilizadas.<\/li>\n\n\n\n<li>Condiciones est\u00e9riles.<\/li>\n\n\n\n<li>Precio.<\/li>\n\n\n\n<li>El paciente debe evaluar todos estos criterios y elegir la cl\u00ednica m\u00e1s adecuada.<\/li>\n<\/ul>\n\n\n\n<h3 class=\"wp-block-heading\">Diferencias entre coronas dentales de zirconio y carillas<\/h3>\n\n\n\n<p>Tiene una estructura que cubre todo el diente. Las carillas solo cubren la superficie frontal de los dientes.<br>Dado que las coronas son m\u00e1s gruesas, son m\u00e1s duraderas que los dientes enchapados.<br>Si bien los dientes de zirconio se prefieren para restauraciones extensas, las carillas se prefieren para cambios m\u00e1s menores.<\/p>\n\n\n\n<h3 class=\"wp-block-heading\">Antes y despu\u00e9s de la corona dental de circonio<\/h3>\n\n\n\n<p>Algunas fotos de antes y despu\u00e9s de las coronas de circonio realizadas por Turk Aesthetic.<\/p>\n\n\n<style>.kb-gallery-id-50760_a31a6d-e2 .kadence-blocks-gallery-item .kb-gal-image-radius, .kb-gallery-id-50760_a31a6d-e2 .kb-slide-item .kb-gal-image-radius img{border-radius:0px 0px 0px 0px;;}.kb-gallery-wrap-id-50760_a31a6d-e2.wp-block-kadence-advancedgallery{overflow:visible;}.kb-gallery-wrap-id-50760_a31a6d-e2.wp-block-kadence-advancedgallery .kt-blocks-carousel{overflow:visible;}<\/style><div class=\"kb-gallery-wrap-id-50760_a31a6d-e2 alignnone wp-block-kadence-advancedgallery\"><div class=\"kb-gallery-ul kb-gallery-non-static kb-gallery-type-slider kb-gallery-id-50760_a31a6d-e2 kb-gallery-caption-style-bottom-hover kb-gallery-filter-none\" data-image-filter=\"none\" data-lightbox-caption=\"true\"><div class=\"kt-blocks-carousel splide kt-carousel-container-dotstyle-dark kt-carousel-arrowstyle-whiteondark kt-carousel-dotstyle-dark kb-slider-group-arrow kb-slider-arrow-position-center\" data-slider-anim-speed=\"400\" data-slider-scroll=\"1\" data-slider-arrows=\"true\" data-slider-fade=\"true\" data-slider-dots=\"true\" data-slider-type=\"slider\" data-slider-hover-pause=\"false\" data-slider-auto=\"\" data-slider-speed=\"7000\" data-show-pause-button=\"false\"><div class=\"splide__track\"><ul class=\"kt-blocks-carousel-init kb-blocks-slider splide__list\"><li class=\"kb-slide-item kb-gallery-slide-item splide__slide\"><div class=\"kadence-blocks-gallery-item\"><div class=\"kadence-blocks-gallery-item-inner\"><figure class=\"kb-gallery-figure kadence-blocks-gallery-item-hide-caption\"><div class=\"kb-gal-image-radius\"><div class=\"kb-gallery-image-contain kadence-blocks-gallery-intrinsic kb-gallery-image-ratio-land32 kb-has-image-ratio-land32\" ><img loading=\"lazy\" decoding=\"async\" src=\"https:\/\/www.turkaesthetic.com\/wp-content\/uploads\/2023\/12\/Dental-Crown-before-after-1.webp\" width=\"1200\" height=\"800\" alt=\"Antes y despu\u00e9s de las coronas dentales.\" data-full-image=\"https:\/\/www.turkaesthetic.com\/wp-content\/uploads\/2023\/12\/Dental-Crown-before-after-1.webp\" data-light-image=\"https:\/\/www.turkaesthetic.com\/wp-content\/uploads\/2023\/12\/Dental-Crown-before-after-1.webp\" data-id=\"48894\" class=\"wp-image-48894 skip-lazy\"\/><\/div><\/div><\/figure><\/div><\/div><\/li><li class=\"kb-slide-item kb-gallery-slide-item splide__slide\"><div class=\"kadence-blocks-gallery-item\"><div class=\"kadence-blocks-gallery-item-inner\"><figure class=\"kb-gallery-figure kadence-blocks-gallery-item-hide-caption\"><div class=\"kb-gal-image-radius\"><div class=\"kb-gallery-image-contain kadence-blocks-gallery-intrinsic kb-gallery-image-ratio-land32 kb-has-image-ratio-land32\" ><img loading=\"lazy\" decoding=\"async\" src=\"https:\/\/www.turkaesthetic.com\/wp-content\/uploads\/2023\/12\/Dental-Crown-before-after-2.webp\" width=\"1200\" height=\"800\" alt=\"Antes y despu\u00e9s de las coronas dentales.\" data-full-image=\"https:\/\/www.turkaesthetic.com\/wp-content\/uploads\/2023\/12\/Dental-Crown-before-after-2.webp\" data-light-image=\"https:\/\/www.turkaesthetic.com\/wp-content\/uploads\/2023\/12\/Dental-Crown-before-after-2.webp\" data-id=\"48903\" class=\"wp-image-48903 skip-lazy\"\/><\/div><\/div><\/figure><\/div><\/div><\/li><li class=\"kb-slide-item kb-gallery-slide-item splide__slide\"><div class=\"kadence-blocks-gallery-item\"><div class=\"kadence-blocks-gallery-item-inner\"><figure class=\"kb-gallery-figure kadence-blocks-gallery-item-hide-caption\"><div class=\"kb-gal-image-radius\"><div class=\"kb-gallery-image-contain kadence-blocks-gallery-intrinsic kb-gallery-image-ratio-land32 kb-has-image-ratio-land32\" ><img loading=\"lazy\" decoding=\"async\" src=\"https:\/\/www.turkaesthetic.com\/wp-content\/uploads\/2023\/12\/Dental-Crown-before-after-3.webp\" width=\"1200\" height=\"800\" alt=\"Antes y despu\u00e9s de las coronas dentales.\" data-full-image=\"https:\/\/www.turkaesthetic.com\/wp-content\/uploads\/2023\/12\/Dental-Crown-before-after-3.webp\" data-light-image=\"https:\/\/www.turkaesthetic.com\/wp-content\/uploads\/2023\/12\/Dental-Crown-before-after-3.webp\" data-id=\"48912\" class=\"wp-image-48912 skip-lazy\"\/><\/div><\/div><\/figure><\/div><\/div><\/li><li class=\"kb-slide-item kb-gallery-slide-item splide__slide\"><div class=\"kadence-blocks-gallery-item\"><div class=\"kadence-blocks-gallery-item-inner\"><figure class=\"kb-gallery-figure kadence-blocks-gallery-item-hide-caption\"><div class=\"kb-gal-image-radius\"><div class=\"kb-gallery-image-contain kadence-blocks-gallery-intrinsic kb-gallery-image-ratio-land32 kb-has-image-ratio-land32\" ><img loading=\"lazy\" decoding=\"async\" src=\"https:\/\/www.turkaesthetic.com\/wp-content\/uploads\/2023\/12\/Dental-Crown-before-after-4.webp\" width=\"1200\" height=\"800\" alt=\"Antes y despu\u00e9s de las coronas dentales.\" data-full-image=\"https:\/\/www.turkaesthetic.com\/wp-content\/uploads\/2023\/12\/Dental-Crown-before-after-4.webp\" data-light-image=\"https:\/\/www.turkaesthetic.com\/wp-content\/uploads\/2023\/12\/Dental-Crown-before-after-4.webp\" data-id=\"48921\" class=\"wp-image-48921 skip-lazy\"\/><\/div><\/div><\/figure><\/div><\/div><\/li><li class=\"kb-slide-item kb-gallery-slide-item splide__slide\"><div class=\"kadence-blocks-gallery-item\"><div class=\"kadence-blocks-gallery-item-inner\"><figure class=\"kb-gallery-figure kadence-blocks-gallery-item-hide-caption\"><div class=\"kb-gal-image-radius\"><div class=\"kb-gallery-image-contain kadence-blocks-gallery-intrinsic kb-gallery-image-ratio-land32 kb-has-image-ratio-land32\" ><img loading=\"lazy\" decoding=\"async\" src=\"https:\/\/www.turkaesthetic.com\/wp-content\/uploads\/2023\/12\/Dental-Crown-before-after-5.webp\" width=\"1200\" height=\"800\" alt=\"Antes y despu\u00e9s de las coronas dentales.\" data-full-image=\"https:\/\/www.turkaesthetic.com\/wp-content\/uploads\/2023\/12\/Dental-Crown-before-after-5.webp\" data-light-image=\"https:\/\/www.turkaesthetic.com\/wp-content\/uploads\/2023\/12\/Dental-Crown-before-after-5.webp\" data-id=\"48930\" class=\"wp-image-48930 skip-lazy\"\/><\/div><\/div><\/figure><\/div><\/div><\/li><\/ul><\/div><\/div><\/div><\/div>\n\n\n<h2 class=\"wp-block-heading\">Preguntas Frecuentes<\/h2>\n\n\n<div id=\"rank-math-faq\" class=\"rank-math-block\">\n<div class=\"rank-math-list \">\n<div id=\"faq-question-1725363937154\" class=\"rank-math-list-item\">\n<h3 class=\"rank-math-question \">\u00bfCu\u00e1ntos d\u00edas debo permanecer?<\/h3>\n<div class=\"rank-math-answer \">\n\n<p>La persona debe permanecer en Estambul una media de 5 a 10 d\u00edas.<\/p>\n\n<\/div>\n<\/div>\n<div id=\"faq-question-1725363940310\" class=\"rank-math-list-item\">\n<h3 class=\"rank-math-question \">\u00bfEs doloroso?<\/h3>\n<div class=\"rank-math-answer \">\n\n<p>Se utiliza anestesia local cuando se hacen las coronas dentales. No se siente dolor ni molestias durante el procedimiento.<\/p>\n\n<\/div>\n<\/div>\n<div id=\"faq-question-1725363944849\" class=\"rank-math-list-item\">\n<h3 class=\"rank-math-question \">\u00bfCu\u00e1les son los precios de las coronas de zirconio?<\/h3>\n<div class=\"rank-math-answer \">\n\n<p>El coste medio es de 100 a 130 euros por diente.<\/p>\n\n<\/div>\n<\/div>\n<div id=\"faq-question-1725363954082\" class=\"rank-math-list-item\">\n<h3 class=\"rank-math-question \">De media, \u00bfcu\u00e1ntos a\u00f1os se utilizan las coronas de zirconio?<\/h3>\n<div class=\"rank-math-answer \">\n\n<p>Las coronas dentales tienen un periodo de garant\u00eda medio de 10 a\u00f1os. Adem\u00e1s, cuando los dientes est\u00e1n bien cuidados, el paciente puede utilizarlas durante muchos a\u00f1os.<\/p>\n\n<\/div>\n<\/div>\n<div id=\"faq-question-1725363960202\" class=\"rank-math-list-item\">\n<h3 class=\"rank-math-question \">\u00bfQui\u00e9n puede tener coronas de zirconio?<\/h3>\n<div class=\"rank-math-answer \">\n\n<p>Cualquier persona mayor de 18 a\u00f1os que sufra problemas de forma y color de los dientes puede tener las coronas dentales.<\/p>\n\n<\/div>\n<\/div>\n<\/div>\n<\/div>\n\n\n<p>Y finalmente, puede ponerse en\u00a0<a href=\"https:\/\/www.turkaesthetic.com\/es\/contact-us\/\" target=\"_blank\" data-type=\"link\" data-id=\"https:\/\/www.turkaesthetic.com\/es\/contact-us\/\" rel=\"noreferrer noopener\"><strong>contacto<\/strong><\/a><a href=\"http:\/\/turkaesthetic.com\/es\/contact-us\/\" target=\"_blank\" rel=\"noreferrer noopener\">\u00a0<\/a>directamente para solicitar informaci\u00f3n y precios de\u00a0<a href=\"https:\/\/www.youtube.com\/channel\/UC0zggzdm5CFwpRMmn_CPpFQ\" target=\"_blank\" rel=\"noreferrer noopener\">Turk Aesthetic<\/a>.<a href=\"http:\/\/turkaesthetic.com\/es\/beard-transplant\/\"><\/a><\/p>\n","protected":false},"excerpt":{"rendered":"<p>Las coronas de circonio son una opci\u00f3n que puede proporcionar resultados m\u00e1s duraderos y est\u00e9ticos, especialmente en comparaci\u00f3n con las coronas de porcelana. Estas coronas se pueden utilizar para restaurar los dientes de forma natural y corregir varios problemas dentales. Las coronas dentales se pueden aplicar para diferentes prop\u00f3sitos, como fortalecer los dientes, corregir su [&hellip;]<\/p>\n","protected":false},"author":4,"featured_media":50684,"parent":0,"menu_order":0,"comment_status":"closed","ping_status":"closed","template":"","meta":{"footnotes":""},"dep":[1356],"class_list":["post-50760","page","type-page","status-publish","has-post-thumbnail","hentry","dep-cosmetic-dentistry"],"_links":{"self":[{"href":"https:\/\/www.turkaesthetic.com\/es\/wp-json\/wp\/v2\/pages\/50760","targetHints":{"allow":["GET"]}}],"collection":[{"href":"https:\/\/www.turkaesthetic.com\/es\/wp-json\/wp\/v2\/pages"}],"about":[{"href":"https:\/\/www.turkaesthetic.com\/es\/wp-json\/wp\/v2\/types\/page"}],"author":[{"embeddable":true,"href":"https:\/\/www.turkaesthetic.com\/es\/wp-json\/wp\/v2\/users\/4"}],"replies":[{"embeddable":true,"href":"https:\/\/www.turkaesthetic.com\/es\/wp-json\/wp\/v2\/comments?post=50760"}],"version-history":[{"count":0,"href":"https:\/\/www.turkaesthetic.com\/es\/wp-json\/wp\/v2\/pages\/50760\/revisions"}],"wp:featuredmedia":[{"embeddable":true,"href":"https:\/\/www.turkaesthetic.com\/es\/wp-json\/wp\/v2\/media\/50684"}],"wp:attachment":[{"href":"https:\/\/www.turkaesthetic.com\/es\/wp-json\/wp\/v2\/media?parent=50760"}],"wp:term":[{"taxonomy":"dep","embeddable":true,"href":"https:\/\/www.turkaesthetic.com\/es\/wp-json\/wp\/v2\/dep?post=50760"}],"curies":[{"name":"wp","href":"https:\/\/api.w.org\/{rel}","templated":true}]}}