{"id":43228,"date":"2021-12-16T10:07:33","date_gmt":"2021-12-16T07:07:33","guid":{"rendered":"http:\/\/turkaesthetic.com\/breast\/"},"modified":"2025-04-07T17:51:36","modified_gmt":"2025-04-07T14:51:36","slug":"breast","status":"publish","type":"page","link":"https:\/\/www.turkaesthetic.com\/es\/breast\/","title":{"rendered":"Est\u00e9tica Mamaria"},"content":{"rendered":"\n<figure class=\"wp-block-gallery has-nested-images columns-4 is-cropped wp-block-gallery-1 is-layout-flex wp-block-gallery-is-layout-flex\">\n<figure class=\"wp-block-image size-large\"><img loading=\"lazy\" decoding=\"async\" width=\"1200\" height=\"628\" data-id=\"11978\" src=\"https:\/\/www.turkaesthetic.com\/wp-content\/uploads\/2021\/12\/Breast-Augmentation.webp\" alt=\"Meme B\u00fcy\u00fctme\" class=\"wp-image-11978\" srcset=\"https:\/\/www.turkaesthetic.com\/wp-content\/uploads\/2021\/12\/Breast-Augmentation.webp 1200w, https:\/\/www.turkaesthetic.com\/wp-content\/uploads\/2021\/12\/Breast-Augmentation-768x402.webp 768w\" sizes=\"auto, (max-width: 1200px) 100vw, 1200px\" \/><figcaption class=\"wp-element-caption\"><a href=\"https:\/\/www.turkaesthetic.com\/es\/breast-enlargement\/\" data-type=\"page\" data-id=\"34056\" target=\"_blank\" rel=\"noreferrer noopener\">Aumento de Senos<\/a><\/figcaption><\/figure>\n\n\n\n<figure class=\"wp-block-image size-large\"><img loading=\"lazy\" decoding=\"async\" width=\"1200\" height=\"628\" data-id=\"11979\" src=\"https:\/\/www.turkaesthetic.com\/wp-content\/uploads\/2021\/12\/breast-lift.webp\" alt=\"Meme Dikle\u015ftirme\" class=\"wp-image-11979\" srcset=\"https:\/\/www.turkaesthetic.com\/wp-content\/uploads\/2021\/12\/breast-lift.webp 1200w, https:\/\/www.turkaesthetic.com\/wp-content\/uploads\/2021\/12\/breast-lift-768x402.webp 768w\" sizes=\"auto, (max-width: 1200px) 100vw, 1200px\" \/><figcaption class=\"wp-element-caption\"><a href=\"https:\/\/www.turkaesthetic.com\/es\/breast-lift\/\" data-type=\"page\" data-id=\"34141\" target=\"_blank\" rel=\"noreferrer noopener\">Levantamiento de Senos<\/a><\/figcaption><\/figure>\n\n\n\n<figure class=\"wp-block-image size-large\"><img loading=\"lazy\" decoding=\"async\" width=\"1200\" height=\"628\" data-id=\"13205\" src=\"https:\/\/www.turkaesthetic.com\/wp-content\/uploads\/2022\/03\/breast-Reduction.webp\" alt=\"meme k\u00fc\u00e7\u00fcltme\" class=\"wp-image-13205\" srcset=\"https:\/\/www.turkaesthetic.com\/wp-content\/uploads\/2022\/03\/breast-Reduction.webp 1200w, https:\/\/www.turkaesthetic.com\/wp-content\/uploads\/2022\/03\/breast-Reduction-768x402.webp 768w\" sizes=\"auto, (max-width: 1200px) 100vw, 1200px\" \/><figcaption class=\"wp-element-caption\"><a href=\"https:\/\/www.turkaesthetic.com\/es\/breast-reduction\/\" data-type=\"page\" data-id=\"34112\" target=\"_blank\" rel=\"noreferrer noopener\">Reducci\u00f3n de Senos<\/a><\/figcaption><\/figure>\n\n\n\n<figure class=\"wp-block-image size-large is-style-default\"><img loading=\"lazy\" decoding=\"async\" width=\"1200\" height=\"628\" data-id=\"11977\" src=\"https:\/\/www.turkaesthetic.com\/wp-content\/uploads\/2021\/12\/Gynecomastia.webp\" alt=\"Jinekomasti\" class=\"wp-image-11977\" srcset=\"https:\/\/www.turkaesthetic.com\/wp-content\/uploads\/2021\/12\/Gynecomastia.webp 1200w, https:\/\/www.turkaesthetic.com\/wp-content\/uploads\/2021\/12\/Gynecomastia-768x402.webp 768w\" sizes=\"auto, (max-width: 1200px) 100vw, 1200px\" \/><figcaption class=\"wp-element-caption\"><a href=\"https:\/\/www.turkaesthetic.com\/es\/gynecomastia\/\" data-type=\"page\" data-id=\"34166\" target=\"_blank\" rel=\"noreferrer noopener\">Ginecomastia<\/a><\/figcaption><\/figure>\n<\/figure>\n\n\n\n<p><strong>Est\u00e9tica Mamaria: Soluciones Integrales para Mujeres y Hombres<\/strong><\/p>\n\n\n\n<p>La est\u00e9tica mamaria es un campo de la cirug\u00eda est\u00e9tica que incluye procedimientos quir\u00fargicos para mejorar la forma, el tama\u00f1o y la simetr\u00eda de los senos. Si bien cirug\u00edas como el aumento, la reducci\u00f3n y el levantamiento de senos son populares entre las mujeres, el tratamiento de la ginecomastia o la cirug\u00eda de reducci\u00f3n mamaria es la preferida por los hombres. Estas intervenciones est\u00e9ticas no solo mejoran la apariencia, sino que tambi\u00e9n aumentan la comodidad f\u00edsica y la confianza en s\u00ed mismos.<\/p>\n\n\n\n<p>La est\u00e9tica mamaria se aplica para equilibrar las l\u00edneas corporales y dar una forma especial a la persona. Mientras que los senos grandes pueden causar dolor de espalda y hombros, los senos peque\u00f1os o ca\u00eddos pueden hacer que una persona se sienta est\u00e9ticamente inadecuada. En los hombres, tener senos prominentes puede afectar negativamente la vida social. Por esta raz\u00f3n, la est\u00e9tica mamaria se planifica espec\u00edficamente seg\u00fan las necesidades personales y garantiza resultados naturales y est\u00e9ticos.<\/p>\n\n\n\n<h2 class=\"wp-block-heading\">1- Est\u00e9tica Mamaria para Mujeres<\/h2>\n\n\n\n<h3 class=\"wp-block-heading\">Aumento de Senos: Senos M\u00e1s Plenos y Delineados<\/h3>\n\n\n\n<p>La cirug\u00eda de aumento de senos es una de las operaciones est\u00e9ticas preferidas por las mujeres que desean aumentar el volumen de sus senos y lograr una apariencia m\u00e1s completa. Se utilizan dos m\u00e9todos b\u00e1sicos: implantes de silicona e inyecci\u00f3n de grasa.<\/p>\n\n\n\n<p>Los implantes de silicona son el m\u00e9todo m\u00e1s com\u00fan para el<a href=\"https:\/\/www.turkaesthetic.com\/es\/breast-enlargement\/\" target=\"_blank\" data-type=\"page\" data-id=\"34056\" rel=\"noreferrer noopener\"> aumento de senos<\/a> y ofrecen resultados naturales y duraderos. Se colocan mediante peque\u00f1as incisiones debajo del seno, alrededor del pez\u00f3n o debajo de la axila. Existen opciones de implantes de diferentes tama\u00f1os y formas que se adaptan a la complexi\u00f3n de cada paciente.<\/p>\n\n\n\n<p>La inyecci\u00f3n de grasa tambi\u00e9n es una alternativa para quienes desean un aumento m\u00e1s natural. En este procedimiento, se purifican c\u00e9lulas grasas extra\u00eddas de diferentes partes del cuerpo y se inyectan en la zona pectoral. Si bien la inyecci\u00f3n de grasa proporciona un menor aumento de volumen en comparaci\u00f3n con los implantes de silicona, es un m\u00e9todo compatible con el tejido natural.<\/p>\n\n\n\n<h3 class=\"wp-block-heading\">Reducci\u00f3n de Senos: Senos M\u00e1s Claros y Proporcionados<\/h3>\n\n\n\n<p>Un seno grande puede causar dolor de espalda, hombros y cuello, trastornos posturales e irritaci\u00f3n de la piel en muchas mujeres. La cirug\u00eda de <a href=\"https:\/\/www.turkaesthetic.com\/es\/breast-reduction\/\" target=\"_blank\" data-type=\"page\" data-id=\"34112\" rel=\"noreferrer noopener\">reducci\u00f3n mamaria <\/a>se realiza para eliminar el exceso de tejido y grasa, logrando que los senos luzcan m\u00e1s ligeros y proporcionados al cuerpo. Gracias a esta cirug\u00eda, las pacientes pueden llevar una vida m\u00e1s c\u00f3moda y sentirse libres al elegir su vestimenta.<\/p>\n\n\n\n<p>La cirug\u00eda de reducci\u00f3n mamaria tambi\u00e9n se prefiere por razones est\u00e9ticas. Tener senos grandes puede parecer incompatible con las l\u00edneas corporales. Esta situaci\u00f3n puede causar incomodidad en la vida social y las actividades diarias. Tras la reducci\u00f3n mamaria, las pacientes logran una apariencia m\u00e1s equilibrada y est\u00e9tica.<\/p>\n\n\n\n<h3 class=\"wp-block-heading\">Levantamiento de Senos: Una Apariencia Juvenil y Firme<\/h3>\n\n\n\n<p>Est\u00e9tica Mamaria : Con el tiempo, la flacidez de los senos puede ocurrir debido al envejecimiento, el embarazo, la lactancia o los cambios bruscos de peso. La cirug\u00eda de <a href=\"https:\/\/www.turkaesthetic.com\/es\/breast-lift\/\" data-type=\"page\" data-id=\"34141\" target=\"_blank\" rel=\"noreferrer noopener\">levantamiento de senos<\/a> tiene como objetivo tensar los senos y darles una apariencia m\u00e1s joven y firme.<\/p>\n\n\n\n<p>Durante este procedimiento, se elimina el exceso de piel, se remodela el tejido mamario y se coloca el pez\u00f3n en su posici\u00f3n ideal. Si tambi\u00e9n hay p\u00e9rdida de volumen en los senos, la cirug\u00eda de levantamiento de senos puede combinarse con implantes de silicona para lograr una apariencia m\u00e1s voluminosa.<\/p>\n\n\n\n<h3 class=\"wp-block-heading\">Correcci\u00f3n de Asimetr\u00eda Mamaria: Senos Sim\u00e9tricos y Equilibrados<\/h3>\n\n\n\n<p>Muchas mujeres tienen senos que no son sim\u00e9tricos por naturaleza. Sin embargo, en algunos casos, un seno puede ser m\u00e1s grande, m\u00e1s fl\u00e1cido o tener una forma diferente al otro. Estas asimetr\u00edas pueden ser cong\u00e9nitas o aparecer despu\u00e9s de la lactancia, cambios de peso o intervenciones quir\u00fargicas.<\/p>\n\n\n\n<p>Se pueden aplicar diferentes m\u00e9todos quir\u00fargicos para corregir la asimetr\u00eda mamaria. Los senos peque\u00f1os se pueden aumentar, los grandes se pueden reducir o, si hay flacidez, se puede lograr la forma ideal mediante un levantamiento de senos. El m\u00e9todo a aplicar se determina seg\u00fan la estructura corporal y los deseos de la paciente.<\/p>\n\n\n\n<h2 class=\"wp-block-heading\">2- Reducci\u00f3n de Senos para Hombres (Cirug\u00eda de Ginecomastia)<\/h2>\n\n\n\n<p>La <a href=\"https:\/\/www.turkaesthetic.com\/es\/gynecomastia\/\" target=\"_blank\" data-type=\"page\" data-id=\"34166\" rel=\"noreferrer noopener\">ginecomastia<\/a> es el crecimiento excesivo de tejido mamario en los hombres. Puede ocurrir debido a desequilibrios hormonales, factores gen\u00e9ticos, aumento de peso o efectos secundarios de algunos medicamentos. Un pecho grande en los hombres puede causar problemas como dificultad para usar camisetas, incomodidad en entornos sociales y limitaci\u00f3n de movimiento al practicar deportes, especialmente en los meses de verano.<\/p>\n\n\n\n<p>El m\u00e9todo m\u00e1s eficaz para tratar la ginecomastia es la intervenci\u00f3n quir\u00fargica. Esta cirug\u00eda se realiza mediante la extirpaci\u00f3n del exceso de tejido graso mediante liposucci\u00f3n y, si es necesario, la extirpaci\u00f3n del exceso de tejido mamario. Tras la operaci\u00f3n, el pecho adquiere una apariencia m\u00e1s plana y masculina.<\/p>\n\n\n\n<p>La recuperaci\u00f3n tras la cirug\u00eda es bastante r\u00e1pida. El paciente suele poder retomar sus actividades cotidianas en pocos d\u00edas. Si bien la inflamaci\u00f3n y el dolor leve disminuyen durante la primera semana, los resultados finales son totalmente visibles en pocos meses. Los hombres que se someten a una cirug\u00eda de ginecomastia no solo tienen una estructura pectoral m\u00e1s atl\u00e9tica, sino que tambi\u00e9n recuperan la confianza en s\u00ed mismos.<\/p>\n\n\n\n<h3 class=\"wp-block-heading\">El proceso de recuperaci\u00f3n despu\u00e9s de la cirug\u00eda est\u00e9tica mamaria<\/h3>\n\n\n\n<p>Est\u00e9tica Mamaria: El proceso de recuperaci\u00f3n despu\u00e9s de la cirug\u00eda est\u00e9tica de mama var\u00eda seg\u00fan el estado de salud general de la paciente y el tipo de procedimiento realizado. Generalmente, se puede sentir dolor leve, inflamaci\u00f3n y sensibilidad durante los primeros d\u00edas despu\u00e9s de la operaci\u00f3n. Este proceso puede ser m\u00e1s c\u00f3modo usando analg\u00e9sicos y sujetadores de soporte recomendados por el m\u00e9dico.<\/p>\n\n\n\n<p>Durante la primera semana, se deben evitar las actividades f\u00edsicas intensas y los movimientos que tensionen el cuerpo. Los puntos despu\u00e9s de la cirug\u00eda se caen y la mayor parte de la inflamaci\u00f3n desaparece durante el primer mes. Los resultados finales suelen ser completamente visibles en un plazo de 3 a 6 meses.<\/p>\n\n\n\n<h3 class=\"wp-block-heading\">Resultado: Est\u00e9tica Mamaria para una apariencia est\u00e9tica y natural<\/h3>\n\n\n\n<p>Est\u00e9tica Mamaria es una soluci\u00f3n que proporciona una apariencia m\u00e1s equilibrada, natural y est\u00e9tica tanto para mujeres como para hombres. Proporciona senos m\u00e1s voluminosos, erguidos y sim\u00e9tricos en las mujeres, mientras que en los hombres ofrece una estructura pectoral m\u00e1s plana y atl\u00e9tica.<\/p>\n\n\n\n<p>Si desea obtener informaci\u00f3n detallada sobre la est\u00e9tica mamaria y determinar el tratamiento m\u00e1s adecuado para usted, puede consultar con un cirujano pl\u00e1stico especialista y recibir una evaluaci\u00f3n personalizada. Una planificaci\u00f3n adecuada y una intervenci\u00f3n realizada por manos expertas pueden ayudarle a lograr la apariencia que desea.<\/p>\n\n\n\n<p>Est\u00e9tica Mamaria Y finalmente, puede contactarnos a trav\u00e9s del <a href=\"https:\/\/www.turkaesthetic.com\/es\/contact-us\/\" data-type=\"page\" data-id=\"33306\" target=\"_blank\" rel=\"noreferrer noopener\">enlace<\/a> para solicitar informaci\u00f3n y precios de<a href=\"https:\/\/www.youtube.com\/@turkaesthetic\" data-type=\"link\" data-id=\"https:\/\/www.youtube.com\/@turkaesthetic\" target=\"_blank\" rel=\"noreferrer noopener\"> Turk Aesthetic.<\/a><\/p>\n","protected":false},"excerpt":{"rendered":"<p>Est\u00e9tica Mamaria: Soluciones Integrales para Mujeres y Hombres La est\u00e9tica mamaria es un campo de la cirug\u00eda est\u00e9tica que incluye procedimientos quir\u00fargicos para mejorar la forma, el tama\u00f1o y la simetr\u00eda de los senos. Si bien cirug\u00edas como el aumento, la reducci\u00f3n y el levantamiento de senos son populares entre las mujeres, el tratamiento de [&hellip;]<\/p>\n","protected":false},"author":1,"featured_media":19970,"parent":0,"menu_order":0,"comment_status":"closed","ping_status":"closed","template":"","meta":{"footnotes":""},"dep":[1354],"class_list":["post-43228","page","type-page","status-publish","has-post-thumbnail","hentry","dep-plastic-surgeries"],"_links":{"self":[{"href":"https:\/\/www.turkaesthetic.com\/es\/wp-json\/wp\/v2\/pages\/43228","targetHints":{"allow":["GET"]}}],"collection":[{"href":"https:\/\/www.turkaesthetic.com\/es\/wp-json\/wp\/v2\/pages"}],"about":[{"href":"https:\/\/www.turkaesthetic.com\/es\/wp-json\/wp\/v2\/types\/page"}],"author":[{"embeddable":true,"href":"https:\/\/www.turkaesthetic.com\/es\/wp-json\/wp\/v2\/users\/1"}],"replies":[{"embeddable":true,"href":"https:\/\/www.turkaesthetic.com\/es\/wp-json\/wp\/v2\/comments?post=43228"}],"version-history":[{"count":0,"href":"https:\/\/www.turkaesthetic.com\/es\/wp-json\/wp\/v2\/pages\/43228\/revisions"}],"wp:featuredmedia":[{"embeddable":true,"href":"https:\/\/www.turkaesthetic.com\/es\/wp-json\/wp\/v2\/media\/19970"}],"wp:attachment":[{"href":"https:\/\/www.turkaesthetic.com\/es\/wp-json\/wp\/v2\/media?parent=43228"}],"wp:term":[{"taxonomy":"dep","embeddable":true,"href":"https:\/\/www.turkaesthetic.com\/es\/wp-json\/wp\/v2\/dep?post=43228"}],"curies":[{"name":"wp","href":"https:\/\/api.w.org\/{rel}","templated":true}]}}