{"id":42391,"date":"2023-09-01T19:37:44","date_gmt":"2023-09-01T19:37:44","guid":{"rendered":"http:\/\/turkaesthetic.com\/premature-ejaculation-treatment\/"},"modified":"2023-09-05T10:23:01","modified_gmt":"2023-09-05T10:23:01","slug":"premature-ejaculation-treatment","status":"publish","type":"page","link":"https:\/\/www.turkaesthetic.com\/es\/premature-ejaculation-treatment\/","title":{"rendered":"Tratamiento de Eyaculaci\u00f3n Precoz en Turqu\u00eda"},"content":{"rendered":"\n<p>Tratamiento de eyaculaci\u00f3n precoz en Turqu\u00eda: La eyaculaci\u00f3n precoz se define como la eyaculaci\u00f3n precoz (eyaculaci\u00f3n) durante las relaciones sexuales. El tratamiento puede incluir muchos m\u00e9todos diferentes y puede variar seg\u00fan la condici\u00f3n del individuo. A continuaci\u00f3n se presentan muchos m\u00e9todos de tratamiento de la eyaculaci\u00f3n precoz.<\/p>\n\n\n\n<h2 class=\"wp-block-heading\">M\u00e9todos de tratamiento de eyaculaci\u00f3n precoz en Turqu\u00eda<\/h2>\n\n\n\n<p>El tratamiento de eyaculaci\u00f3n precoz en Turqu\u00eda a menudo puede incluir m\u00e9todos como terapia cognitivo-conductual, medicaci\u00f3n y terapia sexual. El enfoque del tratamiento puede variar seg\u00fan el estilo de vida, el historial m\u00e9dico y las preferencias del individuo. Un terapeuta sexual especialista o un ur\u00f3logo pueden ayudar a determinar el m\u00e9todo de tratamiento m\u00e1s adecuado evaluando la condici\u00f3n del individuo.<\/p>\n\n\n\n<figure class=\"wp-block-embed is-type-video is-provider-youtube wp-block-embed-youtube wp-embed-aspect-16-9 wp-has-aspect-ratio\"><div class=\"wp-block-embed__wrapper\">\n<iframe loading=\"lazy\" title=\"Premature Ejaculation Treatment (15) Minutes - Turk Aesthetic\" width=\"800\" height=\"450\" src=\"https:\/\/www.youtube.com\/embed\/qe1hSH5CXLg?feature=oembed\" frameborder=\"0\" allow=\"accelerometer; autoplay; clipboard-write; encrypted-media; gyroscope; picture-in-picture; web-share\" allowfullscreen><\/iframe>\n<\/div><figcaption class=\"wp-element-caption\"><em><strong>Tratamiento de eyaculaci\u00f3n precoz en Turqu\u00eda<\/strong><\/em><\/figcaption><\/figure>\n\n\n\n<p><strong>Terapia Cognitivo Conductual (TCC):<\/strong><\/p>\n\n\n\n<p>La TCC es uno de los enfoques psicol\u00f3gicos para solucionar el problema de la eyaculaci\u00f3n precoz. Este tipo de terapia tiene como objetivo cambiar los pensamientos negativos y proporcionar un mejor control mediante el an\u00e1lisis de los pensamientos y comportamientos sexuales del individuo.<\/p>\n\n\n\n<p><strong>Medicamentos<\/strong>:<\/p>\n\n\n\n<p>Se pueden utilizar medicamentos como antidepresivos y cremas o aerosoles que contengan anest\u00e9sicos locales para tratar la eyaculaci\u00f3n precoz. Los antidepresivos pueden aumentar el control de la eyaculaci\u00f3n al afectar los niveles de serotonina. Se pueden aplicar productos que contienen anest\u00e9sicos locales en el pene para reducir la intensidad de la emoci\u00f3n.<\/p>\n\n\n\n<p><strong>Terapia sexual:<\/strong><\/p>\n\n\n\n<p>la terapia sexual eval\u00faa las experiencias y relaciones sexuales de un individuo. Los terapeutas sexuales pueden centrarse en mejorar las habilidades de comunicaci\u00f3n, fortalecer el v\u00ednculo emocional entre las parejas y reducir la ansiedad por el desempe\u00f1o sexual.<\/p>\n\n\n\n<p><strong>Ejercicios de los m\u00fasculos del suelo p\u00e9lvico<\/strong>:<\/p>\n\n\n\n<p>fortalecer los m\u00fasculos del suelo p\u00e9lvico puede ayudar a controlar la eyaculaci\u00f3n. Los ejercicios de Kegel que fortalecen estos m\u00fasculos pueden resultar eficaces en algunos casos de eyaculaci\u00f3n precoz.<\/p>\n\n\n\n<p><strong>Uso de condones:<\/strong><\/p>\n\n\n\n<p>El uso de condones para reducir la intensidad sensorial puede ser beneficioso en algunos casos de eyaculaci\u00f3n precoz.<\/p>\n\n\n\n<p><strong>Relleno de la cabeza del pene:<\/strong><\/p>\n\n\n\n<p>Como resultado de la estimulaci\u00f3n temprana, las personas provocan la eyaculaci\u00f3n precoz, este relleno se inyecta debajo de la piel en la cabeza del pene, permitiendo retrasar la excitaci\u00f3n.<\/p>\n\n\n\n<h3 class=\"wp-block-heading\">\u00bfQu\u00e9 es el relleno de cabeza de pene y c\u00f3mo se hace?<\/h3>\n\n\n\n<p>Fisiol\u00f3gica o psicol\u00f3gicamente, puede haber excitaci\u00f3n en las personas debido a una excesiva sensibilidad en el pene, y esto provoca la eyaculaci\u00f3n precoz en la persona. Tanto hombres como mujeres padecen este problema. En los hombres, esta situaci\u00f3n provoca depresi\u00f3n, falta de confianza en uno mismo y sensaci\u00f3n de insuficiencia, mientras que en las mujeres la satisfacci\u00f3n disminuye.<\/p>\n\n\n\n<p>El objetivo del relleno del glande es crear una barrera subcut\u00e1nea, reduciendo as\u00ed la sensibilidad, aumentando as\u00ed el tiempo de eyaculaci\u00f3n de 3 a 4 veces. Estos empastes se producen especialmente para el \u00f3rgano reproductor masculino y el \u00f3rgano reproductor femenino. Es un procedimiento no quir\u00fargico y se realiza simplemente en un entorno cl\u00ednico. Su eficacia tiene una duraci\u00f3n media de 6 a 12 meses. Se inyectan 3 cc de relleno por <a href=\"http:\/\/turkaesthetic.com\/es\/penis-enlargement\/\" data-type=\"page\" data-id=\"34559\">pene<\/a>. Si es necesario, se puede hacer m\u00e1s o repetir el proceso despu\u00e9s de un cierto per\u00edodo de tiempo.<\/p>\n\n\n\n<h3 class=\"wp-block-heading\">Pasos de procesamiento<\/h3>\n\n\n<div id=\"rank-math-howto\" class=\"rank-math-block\" >\n<div class=\"rank-math-howto-description\">\n\n<p><em><strong>Tratamiento de eyaculaci\u00f3n precoz en Turqu\u00eda<\/strong><\/em><\/p>\n\n<\/div>\n<p class=\"rank-math-howto-duration\"><strong>Tiempo total:<\/strong> <span>15 minutos<\/span><\/p>\n<div class=\"rank-math-steps \">\n<div id=\"howto-step-1693665046908\" class=\"rank-math-step\">\n<h3 class=\"rank-math-step-title \">Consulta<\/h3>\n<div class=\"rank-math-step-content \"><p>En primer lugar, el m\u00e9dico realiza los ex\u00e1menes y ex\u00e1menes necesarios y decide el m\u00e9todo de tratamiento m\u00e1s adecuado para la persona.<\/p>\n<\/div>\n<\/div>\n<div id=\"howto-step-1693665053873\" class=\"rank-math-step\">\n<h3 class=\"rank-math-step-title \">Anestesia<\/h3>\n<div class=\"rank-math-step-content \"><p>Luego, se aplica anestesia local en la parte inferior del pene o crema anest\u00e9sica en la cabeza del pene.<\/p>\n<\/div>\n<\/div>\n<div id=\"howto-step-1693665070907\" class=\"rank-math-step\">\n<h3 class=\"rank-math-step-title \">Inyecci\u00f3n<\/h3>\n<div class=\"rank-math-step-content \"><p>El m\u00e9dico inyecta una cantidad igual de relleno subcut\u00e1neo a la misma profundidad en la cabeza del pene, creando as\u00ed una barrera sobre los nervios.<\/p>\n<\/div>\n<\/div>\n<div id=\"howto-step-1693665076217\" class=\"rank-math-step\">\n<h3 class=\"rank-math-step-title \">Duraci\u00f3n<\/h3>\n<div class=\"rank-math-step-content \"><p>El tiempo total de procesamiento es de 15 a 20 minutos.<\/p>\n<\/div>\n<\/div>\n<div id=\"howto-step-1693665081158\" class=\"rank-math-step\">\n<h3 class=\"rank-math-step-title \">Vendaje<\/h3>\n<div class=\"rank-math-step-content \"><p>Finalmente, se pueden colocar peque\u00f1as cintas en los lugares de inyecci\u00f3n.<\/p>\n<\/div>\n<\/div>\n<\/div>\n<\/div>\n\n\n\n\n\n\n<h4 class=\"wp-block-heading\">Ventajas tratamiento de eyaculaci\u00f3n precoz en Turqu\u00eda<\/h4>\n\n\n\n<ul class=\"wp-block-list\">\n<li>Tratamiento de eyaculaci\u00f3n precoz en Turqu\u00eda es un m\u00e9todo no quir\u00fargico.<\/li>\n\n\n\n<li>Despu\u00e9s de la anestesia local, la persona no siente dolor ni dolor.<\/li>\n\n\n\n<li>El procedimiento dura una media de 15 a 20 minutos.<\/li>\n\n\n\n<li>La excitaci\u00f3n y la eyaculaci\u00f3n de la persona aumenta de 3 a 4 veces.<\/li>\n<\/ul>\n\n\n\n<h4 class=\"wp-block-heading\">Desventaja tratamiento de eyaculaci\u00f3n precoz en Turqu\u00eda<\/h4>\n\n\n\n<p>El relleno es eficaz durante un promedio de 6 a 12 meses y no es una soluci\u00f3n permanente de por vida.<\/p>\n\n\n\n<p>No hay ninguna desventaja cuando el especialista adecuado aplica el tratamiento adecuado a la persona.<\/p>\n\n\n\n<h4 class=\"wp-block-heading\">Efectos secundarios tratamiento de eyaculaci\u00f3n precoz en Turqu\u00eda<\/h4>\n\n\n\n<p>Despu\u00e9s del procedimiento, puede haber una ligera hinchaz\u00f3n, enrojecimiento y hematomas en los lugares de inyecci\u00f3n en el glande del pene. Todos los efectos secundarios desaparecen en unos pocos d\u00edas.<\/p>\n\n\n\n<h3 class=\"wp-block-heading\">Qu\u00e9 hacer despu\u00e9s del llenado de la cabeza del pene<\/h3>\n\n\n\n<ul class=\"wp-block-list\">\n<li>Despu\u00e9s del procedimiento, la persona puede volver a su vida normal.<\/li>\n\n\n\n<li>No se deben duchar el primer d\u00eda.<\/li>\n\n\n\n<li>Se deben evitar las actividades f\u00edsicas intensas durante 1 o 2 d\u00edas.<\/li>\n\n\n\n<li>Despu\u00e9s de un promedio de dos semanas, se deben experimentar las relaciones sexuales.<\/li>\n\n\n\n<li>Se deben consumir muchos l\u00edquidos.<\/li>\n<\/ul>\n\n\n\n<p>Pasadas las dos semanas, se recomienda utilizar el spray retardador durante 15 d\u00edas 15 minutos antes de tener relaciones sexuales.<\/p>\n\n\n\n<h3 class=\"wp-block-heading\">\u00bfQui\u00e9n recibe tratamiento de eyaculaci\u00f3n precoz en Turqu\u00eda?<\/h3>\n\n\n\n<p>Todo tratamiento de eyaculaci\u00f3n precoz en Turqu\u00eda y relleno del glande suele ser realizado por ur\u00f3logos. Los ur\u00f3logos son m\u00e9dicos que se ocupan de problemas de salud urol\u00f3gicos, y la salud sexual tambi\u00e9n se incluye en este campo. Dado que el relleno de la cabeza del pene es un procedimiento que generalmente se realiza con fines est\u00e9ticos, es importante consultar a un ur\u00f3logo que tenga experiencia en este campo.<\/p>\n\n\n\n<p>Sin embargo, antes de cualquier procedimiento m\u00e9dico, es importante investigar detenidamente, consultar a un especialista adecuado y con experiencia y buscar m\u00faltiples opiniones seg\u00fan sea necesario. A la hora de decidir procedimientos m\u00e9dicos, es importante buscar asesoramiento de expertos de confianza para no poner en riesgo su salud.<\/p>\n\n\n\n<h3 class=\"wp-block-heading\">Precio del tratamiento de eyaculaci\u00f3n precoz en Turqu\u00eda<\/h3>\n\n\n\n<p>El <a href=\"http:\/\/turkaesthetic.com\/es\/filler\/\" data-type=\"page\" data-id=\"33798\">relleno<\/a> de la cabeza del pene, que es uno de los m\u00e9todos de tratamiento de la eyaculaci\u00f3n precoz en Turqu\u00eda, requiere m\u00e9dicos con experiencia en el campo.<\/p>\n\n\n\n<p>Siempre se recomienda elegir un centro m\u00e9dico confiable que brinde experiencia y esterilizaci\u00f3n.<\/p>\n\n\n\n<p>En Turqu\u00eda, la cabeza del pene se llena con 3 cc y cuesta 750 euros.<\/p>\n\n\n\n<h2 class=\"wp-block-heading\">Preguntas frecuentes &#8211; Tratamiento de eyaculaci\u00f3n precoz en Turqu\u00eda<\/h2>\n\n\n<div id=\"rank-math-faq\" class=\"rank-math-block\">\n<div class=\"rank-math-list \">\n<div id=\"faq-question-1693662598070\" class=\"rank-math-list-item\">\n<h3 class=\"rank-math-question \">\u00bfQui\u00e9n puede realizarse un relleno de la cabeza del pene, que es un tratamiento de eyaculaci\u00f3n precoz en Turqu\u00eda?<\/h3>\n<div class=\"rank-math-answer \">\n\n<p>Se aplica a personas mayores de 18 a\u00f1os que tengan problemas de eyaculaci\u00f3n precoz.<\/p>\n\n<\/div>\n<\/div>\n<div id=\"faq-question-1693662605558\" class=\"rank-math-list-item\">\n<h3 class=\"rank-math-question \">\u00bfCu\u00e1l es el precio del relleno de cabeza de pene en Turqu\u00eda?<\/h3>\n<div class=\"rank-math-answer \">\n\n<p>En Turqu\u00eda se aplica una media de 3 cc de relleno por pene y el precio es de 750 euros.<\/p>\n\n<\/div>\n<\/div>\n<div id=\"faq-question-1693662611571\" class=\"rank-math-list-item\">\n<h3 class=\"rank-math-question \">\u00bfCu\u00e1nto tiempo retrasa el relleno de cabeza de pene la eyaculaci\u00f3n precoz?<\/h3>\n<div class=\"rank-math-answer \">\n\n<p>Cuando lo realizan de forma segura m\u00e9dicos especialistas, proporciona una eyaculaci\u00f3n retardada de 3 a 4 veces mayor.<\/p>\n\n<\/div>\n<\/div>\n<div id=\"faq-question-1693662623461\" class=\"rank-math-list-item\">\n<h3 class=\"rank-math-question \">\u00bfEs perjudicial el relleno aplicado en el pene?<\/h3>\n<div class=\"rank-math-answer \">\n\n<p>El contenido del relleno es \u00e1cido hialur\u00f3nico, ya que este \u00e1cido tambi\u00e9n est\u00e1 presente en nuestro organismo, es compatible y no da\u00f1a. Dado que se aplica en la cabeza del pene y s\u00f3lo debajo de la piel, no tiene nada que ver con el canal urinario o el canal esperm\u00e1tico y no crea ninguna situaci\u00f3n negativa.<\/p>\n\n<\/div>\n<\/div>\n<\/div>\n<\/div>\n\n\n<p>Y finalmente, puede ponerse en <a href=\"http:\/\/turkaesthetic.com\/es\/contact-us\/\" data-type=\"page\" data-id=\"33306\">contacto<\/a> con el equipo de soporte t\u00e9cnico a trav\u00e9s de un enlace directo para solicitar informaci\u00f3n y precios a Turqu\u00eda \u0130stanbul <a href=\"https:\/\/www.youtube.com\/channel\/UC0zggzdm5CFwpRMmn_CPpFQ\" target=\"_blank\" rel=\"noopener\">Turk Aesthetic<\/a>.<\/p>\n","protected":false},"excerpt":{"rendered":"<p>Tratamiento de eyaculaci\u00f3n precoz en Turqu\u00eda: La eyaculaci\u00f3n precoz se define como la eyaculaci\u00f3n precoz (eyaculaci\u00f3n) durante las relaciones sexuales. El tratamiento puede incluir muchos m\u00e9todos diferentes y puede variar seg\u00fan la condici\u00f3n del individuo. A continuaci\u00f3n se presentan muchos m\u00e9todos de tratamiento de la eyaculaci\u00f3n precoz. M\u00e9todos de tratamiento de eyaculaci\u00f3n precoz en Turqu\u00eda [&hellip;]<\/p>\n","protected":false},"author":1,"featured_media":42346,"parent":0,"menu_order":0,"comment_status":"closed","ping_status":"closed","template":"","meta":{"footnotes":""},"dep":[1357],"class_list":["post-42391","page","type-page","status-publish","has-post-thumbnail","hentry","dep-treatment"],"_links":{"self":[{"href":"https:\/\/www.turkaesthetic.com\/es\/wp-json\/wp\/v2\/pages\/42391","targetHints":{"allow":["GET"]}}],"collection":[{"href":"https:\/\/www.turkaesthetic.com\/es\/wp-json\/wp\/v2\/pages"}],"about":[{"href":"https:\/\/www.turkaesthetic.com\/es\/wp-json\/wp\/v2\/types\/page"}],"author":[{"embeddable":true,"href":"https:\/\/www.turkaesthetic.com\/es\/wp-json\/wp\/v2\/users\/1"}],"replies":[{"embeddable":true,"href":"https:\/\/www.turkaesthetic.com\/es\/wp-json\/wp\/v2\/comments?post=42391"}],"version-history":[{"count":0,"href":"https:\/\/www.turkaesthetic.com\/es\/wp-json\/wp\/v2\/pages\/42391\/revisions"}],"wp:featuredmedia":[{"embeddable":true,"href":"https:\/\/www.turkaesthetic.com\/es\/wp-json\/wp\/v2\/media\/42346"}],"wp:attachment":[{"href":"https:\/\/www.turkaesthetic.com\/es\/wp-json\/wp\/v2\/media?parent=42391"}],"wp:term":[{"taxonomy":"dep","embeddable":true,"href":"https:\/\/www.turkaesthetic.com\/es\/wp-json\/wp\/v2\/dep?post=42391"}],"curies":[{"name":"wp","href":"https:\/\/api.w.org\/{rel}","templated":true}]}}