{"id":34460,"date":"2021-12-04T12:19:08","date_gmt":"2021-12-04T09:19:08","guid":{"rendered":"http:\/\/turkaesthetic.com\/?page_id=34460"},"modified":"2026-03-13T06:03:01","modified_gmt":"2026-03-13T03:03:01","slug":"hymenoplasty","status":"publish","type":"page","link":"https:\/\/www.turkaesthetic.com\/es\/hymenoplasty\/","title":{"rendered":"Himenoplastia"},"content":{"rendered":"\n<p><strong>La cirug\u00eda de reconstrucci\u00f3n del himen<\/strong> se considera un procedimiento relativamente sencillo dentro de la ginecolog\u00eda. En el \u00e1mbito m\u00e9dico se conoce como <strong>himenoplastia<\/strong> y tiene como objetivo reconstruir la fina membrana situada en la entrada de la vagina. Este procedimiento puede realizarse por motivos personales o sociales en algunas mujeres. En los \u00faltimos a\u00f1os, esta intervenci\u00f3n se ha vuelto cada vez m\u00e1s com\u00fan en centros m\u00e9dicos especializados, especialmente gracias al desarrollo de t\u00e9cnicas quir\u00fargicas modernas que permiten realizar el procedimiento con precisi\u00f3n y con un periodo de recuperaci\u00f3n relativamente corto.<\/p>\n\n\n\n<p><strong>La cirug\u00eda de reconstrucci\u00f3n del himen<\/strong> es considerada una intervenci\u00f3n quir\u00fargica relativamente menor en ginecolog\u00eda. Durante la operaci\u00f3n, el especialista reconstruye el tejido himenal restante o lo remodela utilizando tejidos delicados de la zona circundante. El procedimiento generalmente dura poco tiempo y suele realizarse bajo anestesia local, lo que permite a la paciente abandonar el centro m\u00e9dico el mismo d\u00eda despu\u00e9s de la intervenci\u00f3n.<\/p>\n\n\n\n<p>Muchas mujeres buscan informaci\u00f3n fiable sobre la <strong>himenoplastia<\/strong>, incluyendo c\u00f3mo se realiza el procedimiento, su seguridad m\u00e9dica y el tiempo de recuperaci\u00f3n esperado. Por esta raz\u00f3n, es importante apoyarse en informaci\u00f3n m\u00e9dica confiable y comprender los detalles de la <strong>himenoplastia<\/strong> antes de tomar una decisi\u00f3n. Esto ayuda a conocer todos los aspectos relacionados con el procedimiento, incluidos los pasos quir\u00fargicos, los posibles resultados y las indicaciones m\u00e9dicas que deben seguirse despu\u00e9s de la cirug\u00eda.<\/p>\n\n\n\n<figure class=\"wp-block-table is-style-stripes\"><table class=\"has-fixed-layout\"><tbody><tr><td>Tipo de anestesia<\/td><td>Local<\/td><\/tr><tr><td>Duraci\u00f3n del procedimiento<\/td><td>Aproximadamente 45 minutos<\/td><\/tr><tr><td>Resultados<\/td><td>Inmediatos<\/td><\/tr><tr><td>Regreso a las actividades diarias<\/td><td>En 1 a 2 d\u00edas<\/td><\/tr><tr><td>Deporte y actividades intensas<\/td><td>30 a 45 d\u00edas<\/td><\/tr><tr><td>Relaciones sexuales despu\u00e9s del procedimiento<\/td><td>Despu\u00e9s de 4 a 6 semanas<\/td><\/tr><\/tbody><\/table><figcaption class=\"wp-element-caption\">Informaci\u00f3n sobre la cirug\u00eda de reconstrucci\u00f3n del himen<\/figcaption><\/figure>\n\n\n\n<h2 class=\"wp-block-heading\">\u00bfQu\u00e9 es la reconstrucci\u00f3n del himen?<\/h2>\n\n\n\n<p><strong>La reconstrucci\u00f3n del himen<\/strong> es un procedimiento quir\u00fargico sencillo cuyo objetivo es restaurar la fina membrana situada en la entrada de la vagina. Este procedimiento es conocido m\u00e9dicamente como <strong>himenoplastia<\/strong>. Consiste en suturar los restos del himen o reconstruirlo utilizando tejidos delicados de la zona circundante.<\/p>\n\n\n\n<p><strong>La himenoplastia<\/strong> suele realizarse en centros m\u00e9dicos especializados bajo la supervisi\u00f3n de un ginec\u00f3logo. El procedimiento generalmente dura entre 30 y 60 minutos y normalmente se realiza con anestesia local, lo que permite a la paciente abandonar la cl\u00ednica el mismo d\u00eda.<\/p>\n\n\n\n<p>La t\u00e9cnica utilizada en la <strong>himenoplastia<\/strong> puede variar seg\u00fan el estado de los tejidos himenales restantes. El m\u00e9dico selecciona el m\u00e9todo m\u00e1s adecuado para cada caso con el fin de lograr el mejor resultado posible, manteniendo la seguridad de los tejidos y garantizando un periodo de recuperaci\u00f3n corto.<\/p>\n\n\n\n<figure class=\"wp-block-image size-full\"><img loading=\"lazy\" decoding=\"async\" width=\"800\" height=\"533\" src=\"https:\/\/www.turkaesthetic.com\/wp-content\/uploads\/2026\/03\/vulva-hymen-anatomy-diagram.webp\" alt=\"Diagrama anat\u00f3mico m\u00e9dico de los \u00f3rganos genitales femeninos externos y el himen\" class=\"wp-image-70839\" srcset=\"https:\/\/www.turkaesthetic.com\/wp-content\/uploads\/2026\/03\/vulva-hymen-anatomy-diagram.webp 800w, https:\/\/www.turkaesthetic.com\/wp-content\/uploads\/2026\/03\/vulva-hymen-anatomy-diagram-400x267.webp 400w, https:\/\/www.turkaesthetic.com\/wp-content\/uploads\/2026\/03\/vulva-hymen-anatomy-diagram-150x100.webp 150w, https:\/\/www.turkaesthetic.com\/wp-content\/uploads\/2026\/03\/vulva-hymen-anatomy-diagram-768x512.webp 768w\" sizes=\"auto, (max-width: 800px) 100vw, 800px\" \/><figcaption class=\"wp-element-caption\">Diagrama anat\u00f3mico m\u00e9dico que muestra la estructura vaginal y el himen<\/figcaption><\/figure>\n\n\n\n<h2 class=\"wp-block-heading\">Explicaci\u00f3n de la cirug\u00eda de reconstrucci\u00f3n del himen<\/h2>\n\n\n\n<p>Este video ofrece una explicaci\u00f3n sencilla de la <strong>cirug\u00eda de reconstrucci\u00f3n del himen<\/strong>, conocida m\u00e9dicamente como <strong>himenoplastia<\/strong>. En \u00e9l se explica el concepto general del procedimiento, los pasos m\u00e9dicos realizados por el especialista y tambi\u00e9n informaci\u00f3n importante sobre la duraci\u00f3n del procedimiento y el periodo de recuperaci\u00f3n posterior.<\/p>\n\n\n\n<figure class=\"wp-block-embed is-type-video is-provider-youtube wp-block-embed-youtube wp-embed-aspect-16-9 wp-has-aspect-ratio\"><div class=\"wp-block-embed__wrapper\">\n<iframe loading=\"lazy\" title=\"Hymenoplasty Surgery in Turkey | Hymen Repair Procedure Explained\" width=\"800\" height=\"450\" src=\"https:\/\/www.youtube.com\/embed\/6hhh35CUNdc?feature=oembed\" frameborder=\"0\" allow=\"accelerometer; autoplay; clipboard-write; encrypted-media; gyroscope; picture-in-picture; web-share\" referrerpolicy=\"strict-origin-when-cross-origin\" allowfullscreen><\/iframe>\n<\/div><figcaption class=\"wp-element-caption\">Reconstrucci\u00f3n del himen<\/figcaption><\/figure>\n\n\n\n<h2 class=\"wp-block-heading\">Etapas de la cirug\u00eda de reconstrucci\u00f3n del himen<\/h2>\n\n\n<div id=\"rank-math-howto\" class=\"rank-math-block\" >\n<div class=\"rank-math-howto-description\">\n\n<\/div>\n<p class=\"rank-math-howto-duration\"><strong>Tiempo total:<\/strong> <span>30 minutos<\/span><\/p>\n<div class=\"rank-math-steps \">\n<div id=\"howto-step-1\" class=\"rank-math-step\">\n<h3 class=\"rank-math-step-title \">Antes del procedimiento: consulta y preparaci\u00f3n<\/h3>\n<div class=\"rank-math-step-content \"><img loading=\"lazy\" decoding=\"async\" width=\"800\" height=\"533\" src=\"https:\/\/www.turkaesthetic.com\/wp-content\/uploads\/2026\/03\/hymenoplasty-consultation.webp\" class=\"attachment-full size-full\" alt=\"\u0627\u0644\u0645\u0639\u0627\u064a\u0646\u0629 \u0627\u0644\u0637\u0628\u064a\u0629 \u0642\u0628\u0644 \u0639\u0645\u0644\u064a\u0629 \u062a\u0631\u0642\u064a\u0639 \u063a\u0634\u0627\u0621 \u0627\u0644\u0628\u0643\u0627\u0631\u0629\" srcset=\"https:\/\/www.turkaesthetic.com\/wp-content\/uploads\/2026\/03\/hymenoplasty-consultation.webp 800w, https:\/\/www.turkaesthetic.com\/wp-content\/uploads\/2026\/03\/hymenoplasty-consultation-400x267.webp 400w, https:\/\/www.turkaesthetic.com\/wp-content\/uploads\/2026\/03\/hymenoplasty-consultation-150x100.webp 150w, https:\/\/www.turkaesthetic.com\/wp-content\/uploads\/2026\/03\/hymenoplasty-consultation-768x512.webp 768w\" sizes=\"auto, (max-width: 800px) 100vw, 800px\" \/><p>En esta etapa se realiza una consulta m\u00e9dica con un especialista para evaluar el estado de la paciente y asegurarse de que la cirug\u00eda de reconstrucci\u00f3n del himen pueda realizarse de forma segura. El m\u00e9dico habla con la paciente sobre sus expectativas, explica los detalles del procedimiento y describe los pasos m\u00e9dicos del proceso. Tambi\u00e9n se realizan las pruebas necesarias para comprobar el estado general de salud y se proporcionan instrucciones m\u00e9dicas que deben seguirse antes de la operaci\u00f3n.<\/p>\n<\/div>\n<\/div>\n<div id=\"howto-step-2\" class=\"rank-math-step\">\n<h3 class=\"rank-math-step-title \">Durante el procedimiento: pasos de la cirug\u00eda<\/h3>\n<div class=\"rank-math-step-content \"><img loading=\"lazy\" decoding=\"async\" width=\"800\" height=\"533\" src=\"https:\/\/www.turkaesthetic.com\/wp-content\/uploads\/2026\/03\/hymenoplasty-procedure-room.webp\" class=\"attachment-full size-full\" alt=\"\u063a\u0631\u0641\u0629 \u0641\u062d\u0635 \u0646\u0633\u0627\u0626\u064a \u064a\u062a\u0645 \u0641\u064a\u0647\u0627 \u0625\u062c\u0631\u0627\u0621 \u0639\u0645\u0644\u064a\u0629 \u062a\u0631\u0642\u064a\u0639 \u063a\u0634\u0627\u0621 \u0627\u0644\u0628\u0643\u0627\u0631\u0629\" srcset=\"https:\/\/www.turkaesthetic.com\/wp-content\/uploads\/2026\/03\/hymenoplasty-procedure-room.webp 800w, https:\/\/www.turkaesthetic.com\/wp-content\/uploads\/2026\/03\/hymenoplasty-procedure-room-400x267.webp 400w, https:\/\/www.turkaesthetic.com\/wp-content\/uploads\/2026\/03\/hymenoplasty-procedure-room-150x100.webp 150w, https:\/\/www.turkaesthetic.com\/wp-content\/uploads\/2026\/03\/hymenoplasty-procedure-room-768x512.webp 768w\" sizes=\"auto, (max-width: 800px) 100vw, 800px\" \/><p>Durante la operaci\u00f3n, la reconstrucci\u00f3n suele realizarse bajo anestesia local en la mayor\u00eda de los casos. Esto ayuda a reducir las molestias y proporciona mayor comodidad a la paciente durante el procedimiento. El especialista reconstruye cuidadosamente el himen suturando los tejidos restantes con puntos quir\u00fargicos delicados y reabsorbibles. La cirug\u00eda suele durar poco tiempo y se realiza en un entorno m\u00e9dico est\u00e9ril para garantizar la m\u00e1xima seguridad y obtener el mejor resultado posible.<\/p>\n<\/div>\n<\/div>\n<div id=\"howto-step-3\" class=\"rank-math-step\">\n<h3 class=\"rank-math-step-title \">Despu\u00e9s del procedimiento: recuperaci\u00f3n y seguimiento<\/h3>\n<div class=\"rank-math-step-content \"><img loading=\"lazy\" decoding=\"async\" width=\"800\" height=\"533\" src=\"https:\/\/www.turkaesthetic.com\/wp-content\/uploads\/2026\/03\/hymenoplasty-recovery.webp\" class=\"attachment-full size-full\" alt=\"\u0635\u0648\u0631\u0629 \u062a\u0648\u0636\u062d \u0641\u062a\u0631\u0629 \u0627\u0644\u062a\u0639\u0627\u0641\u064a \u0628\u0639\u062f \u0639\u0645\u0644\u064a\u0629 \u062a\u0631\u0642\u064a\u0639 \u063a\u0634\u0627\u0621 \u0627\u0644\u0628\u0643\u0627\u0631\u0629\" srcset=\"https:\/\/www.turkaesthetic.com\/wp-content\/uploads\/2026\/03\/hymenoplasty-recovery.webp 800w, https:\/\/www.turkaesthetic.com\/wp-content\/uploads\/2026\/03\/hymenoplasty-recovery-400x267.webp 400w, https:\/\/www.turkaesthetic.com\/wp-content\/uploads\/2026\/03\/hymenoplasty-recovery-150x100.webp 150w, https:\/\/www.turkaesthetic.com\/wp-content\/uploads\/2026\/03\/hymenoplasty-recovery-768x512.webp 768w\" sizes=\"auto, (max-width: 800px) 100vw, 800px\" \/><p>Despu\u00e9s de la intervenci\u00f3n, la paciente generalmente puede abandonar el centro m\u00e9dico el mismo d\u00eda. Los m\u00e9dicos recomiendan descansar y evitar actividades f\u00edsicas intensas durante aproximadamente 4 a 6 semanas para permitir una correcta cicatrizaci\u00f3n de los tejidos. Tambi\u00e9n es importante seguir las indicaciones m\u00e9dicas sobre el cuidado de la zona tratada. Si aparece cualquier s\u00edntoma inusual, se recomienda contactar con el m\u00e9dico para garantizar una recuperaci\u00f3n adecuada.<\/p>\n<\/div>\n<\/div>\n<\/div>\n<\/div>\n<p class=\"rank-math-howto-estimatedCost\"><strong>Coste estimado:<\/strong> <span>1450 EUR<\/span><\/p>\n\n\n\n\n\n<h2 class=\"wp-block-heading\">\u00bfQui\u00e9n es candidata para la himenoplastia?<\/h2>\n\n\n\n<p>Algunas mujeres pueden considerar la <strong>himenoplastia<\/strong> por motivos personales o sociales. Este procedimiento suele ser adecuado para mujeres que desean reconstruir el himen por razones privadas. Antes de tomar una decisi\u00f3n, es importante consultar con un ginec\u00f3logo cualificado para asegurarse de que el estado de salud permite realizar la cirug\u00eda de forma segura y determinar la t\u00e9cnica m\u00e1s adecuada para cada caso.<\/p>\n\n\n\n<h2 class=\"wp-block-heading\">Posibles efectos secundarios despu\u00e9s de la himenoplastia<\/h2>\n\n\n\n<p>La <strong>cirug\u00eda de reconstrucci\u00f3n del himen<\/strong> se considera un procedimiento relativamente sencillo cuando es realizada por un m\u00e9dico especializado y en un entorno m\u00e9dico est\u00e9ril. Sin embargo, como cualquier intervenci\u00f3n quir\u00fargica, pueden aparecer algunos efectos secundarios temporales como molestias leves, ligera inflamaci\u00f3n o sensibilidad durante los primeros d\u00edas despu\u00e9s de la operaci\u00f3n. En la mayor\u00eda de los casos, estos s\u00edntomas desaparecen gradualmente al seguir las indicaciones del m\u00e9dico y respetar el periodo de reposo recomendado. Es importante contactar con el m\u00e9dico si aparece cualquier s\u00edntoma inusual.<\/p>\n\n\n\n<h2 class=\"wp-block-heading\">Antes y despu\u00e9s de la operaci\u00f3n: resultados esperados<\/h2>\n\n\n\n<p>La siguiente imagen ilustrativa muestra un ejemplo general de la diferencia antes y despu\u00e9s del procedimiento. Es importante tener en cuenta que los resultados pueden variar de una persona a otra, pero el objetivo principal es recuperar la confianza y la comodidad. Estas im\u00e1genes tienen \u00fanicamente fines informativos y no representan un caso individual espec\u00edfico.<\/p>\n\n\n\n<figure class=\"wp-block-image size-full\"><img loading=\"lazy\" decoding=\"async\" width=\"800\" height=\"533\" src=\"https:\/\/www.turkaesthetic.com\/wp-content\/uploads\/2026\/03\/hymenoplasty-before-after-diagram.webp\" alt=\"Ilustraci\u00f3n m\u00e9dica que muestra el himen antes y despu\u00e9s de la cirug\u00eda de reconstrucci\u00f3n\" class=\"wp-image-70848\" srcset=\"https:\/\/www.turkaesthetic.com\/wp-content\/uploads\/2026\/03\/hymenoplasty-before-after-diagram.webp 800w, https:\/\/www.turkaesthetic.com\/wp-content\/uploads\/2026\/03\/hymenoplasty-before-after-diagram-400x267.webp 400w, https:\/\/www.turkaesthetic.com\/wp-content\/uploads\/2026\/03\/hymenoplasty-before-after-diagram-150x100.webp 150w, https:\/\/www.turkaesthetic.com\/wp-content\/uploads\/2026\/03\/hymenoplasty-before-after-diagram-768x512.webp 768w\" sizes=\"auto, (max-width: 800px) 100vw, 800px\" \/><figcaption class=\"wp-element-caption\">Diagrama m\u00e9dico que muestra el resultado antes y despu\u00e9s de la reconstrucci\u00f3n del himen<\/figcaption><\/figure>\n\n\n\n<p>Para muchas mujeres que consideran la <strong>cirug\u00eda de reconstrucci\u00f3n del himen<\/strong>, es normal tener preguntas adicionales sobre d\u00f3nde se realiza el procedimiento y cu\u00e1l puede ser el coste aproximado. Por este motivo, hemos preparado art\u00edculos detallados que ayudan a comprender mejor todos los aspectos relacionados con este procedimiento.<\/p>\n\n\n\n<p>Puedes consultar nuestra gu\u00eda completa sobre <strong><a href=\"https:\/\/www.turkaesthetic.com\/es\/plastic\/hymenoplasty-turkey\/\" data-type=\"link\" data-id=\"https:\/\/www.turkaesthetic.com\/es\/plastic\/hymenoplasty-turkey\/\">cirug\u00eda de reconstrucci\u00f3n del himen en Turqu\u00eda<\/a><\/strong> para descubrir por qu\u00e9 Turqu\u00eda se ha convertido en un destino popular para este tipo de procedimientos. Tambi\u00e9n puedes leer nuestro art\u00edculo sobre <strong><a href=\"https:\/\/www.turkaesthetic.com\/es\/plastic\/hymenoplasty-cost-turkey\/\" data-type=\"link\" data-id=\"https:\/\/www.turkaesthetic.com\/es\/plastic\/hymenoplasty-cost-turkey\/\">el coste de la cirug\u00eda de reconstrucci\u00f3n del himen<\/a><\/strong> para conocer los factores que influyen en el precio.<\/p>\n\n\n\n<h2 class=\"wp-block-heading\">Preguntas frecuentes<\/h2>\n\n\n<div id=\"rank-math-faq\" class=\"rank-math-block\">\n<div class=\"rank-math-list \">\n<div id=\"faq-question-1\" class=\"rank-math-list-item\">\n<h3 class=\"rank-math-question \">\u00bfCu\u00e1ndo se disuelven los puntos despu\u00e9s de la cirug\u00eda permanente de reconstrucci\u00f3n del himen?<\/h3>\n<div class=\"rank-math-answer \">\n\n<p>Los puntos utilizados durante el procedimiento suelen disolverse de forma natural entre 3 y 4 semanas despu\u00e9s de la operaci\u00f3n.<\/p>\n\n<\/div>\n<\/div>\n<div id=\"faq-question-2\" class=\"rank-math-list-item\">\n<h3 class=\"rank-math-question \">\u00bfQu\u00e9 m\u00e9dico puede realizar este procedimiento?<\/h3>\n<div class=\"rank-math-answer \">\n\n<p>Tanto los cirujanos pl\u00e1sticos como los ginec\u00f3logos est\u00e1n cualificados para realizar la cirug\u00eda de reconstrucci\u00f3n del himen.<\/p>\n\n<\/div>\n<\/div>\n<div id=\"faq-question-3\" class=\"rank-math-list-item\">\n<h3 class=\"rank-math-question \">\u00bfPuede una pareja notar que una mujer se ha sometido a una himenoplastia antes?<\/h3>\n<div class=\"rank-math-answer \">\n\n<p>Cuando el procedimiento es realizado por un m\u00e9dico experimentado, normalmente no es posible que la pareja ni siquiera otro m\u00e9dico note que el himen ha sido reconstruido.<\/p>\n\n<\/div>\n<\/div>\n<div id=\"faq-question-4\" class=\"rank-math-list-item\">\n<h3 class=\"rank-math-question \">\u00bfCu\u00e1nto tiempo dura la cirug\u00eda de reconstrucci\u00f3n del himen?<\/h3>\n<div class=\"rank-math-answer \">\n\n<p>Despu\u00e9s de aplicar anestesia local, el procedimiento suele durar aproximadamente entre 30 y 40 minutos.<\/p>\n\n<\/div>\n<\/div>\n<div id=\"faq-question-5\" class=\"rank-math-list-item\">\n<h3 class=\"rank-math-question \">\u00bfSe puede realizar la reconstrucci\u00f3n del himen m\u00e1s de una vez?<\/h3>\n<div class=\"rank-math-answer \">\n\n<p>S\u00ed, la cirug\u00eda puede realizarse m\u00e1s de una vez, aunque repetir el procedimiento puede afectar al \u00edndice de \u00e9xito.<\/p>\n\n<\/div>\n<\/div>\n<div id=\"faq-question-6\" class=\"rank-math-list-item\">\n<h3 class=\"rank-math-question \">\u00bfCu\u00e1ndo se puede hacer deporte despu\u00e9s de la operaci\u00f3n?<\/h3>\n<div class=\"rank-math-answer \">\n\n<p>Las actividades f\u00edsicas ligeras pueden retomarse generalmente despu\u00e9s de una semana, mientras que los deportes intensos deben evitarse durante aproximadamente un mes.<\/p>\n\n<\/div>\n<\/div>\n<div id=\"faq-question-7\" class=\"rank-math-list-item\">\n<h3 class=\"rank-math-question \">\u00bfCu\u00e1nto tiempo antes del matrimonio se recomienda realizar la operaci\u00f3n?<\/h3>\n<div class=\"rank-math-answer \">\n\n<p>Los m\u00e9dicos suelen recomendar esperar entre 4 y 6 semanas antes de mantener relaciones sexuales despu\u00e9s de la cirug\u00eda.<\/p>\n\n<\/div>\n<\/div>\n<div id=\"faq-question-8\" class=\"rank-math-list-item\">\n<h3 class=\"rank-math-question \">\u00bfEs legal la cirug\u00eda de reconstrucci\u00f3n del himen?<\/h3>\n<div class=\"rank-math-answer \">\n\n<p>S\u00ed, el procedimiento es legal. Cualquier mujer mayor de 18 a\u00f1os puede someterse a esta cirug\u00eda si as\u00ed lo desea.<\/p>\n\n<\/div>\n<\/div>\n<div id=\"faq-question-9\" class=\"rank-math-list-item\">\n<h3 class=\"rank-math-question \">\u00bfSe puede realizar la reconstrucci\u00f3n del himen despu\u00e9s de un aborto?<\/h3>\n<div class=\"rank-math-answer \">\n\n<p>S\u00ed, el procedimiento puede realizarse despu\u00e9s de un aborto, pero generalmente se recomienda esperar al menos 10 d\u00edas.<\/p>\n\n<\/div>\n<\/div>\n<\/div>\n<\/div>\n\n\n<p>La <strong>cirug\u00eda de reconstrucci\u00f3n del himen<\/strong> es un procedimiento m\u00e9dico que requiere comprender bien todos sus detalles antes de tomar una decisi\u00f3n. Por ello, siempre se recomienda obtener informaci\u00f3n fiable y consultar con un m\u00e9dico especializado. Conocer el procedimiento, el periodo de recuperaci\u00f3n y otros aspectos importantes puede ayudar a tomar una decisi\u00f3n informada.<\/p>\n","protected":false},"excerpt":{"rendered":"<p>La cirug\u00eda de reconstrucci\u00f3n del himen se considera un procedimiento relativamente sencillo dentro de la ginecolog\u00eda. En el \u00e1mbito m\u00e9dico se conoce como himenoplastia y tiene como objetivo reconstruir la fina membrana situada en la entrada de la vagina. Este procedimiento puede realizarse por motivos personales o sociales en algunas mujeres. En los \u00faltimos a\u00f1os, [&hellip;]<\/p>\n","protected":false},"author":1,"featured_media":70827,"parent":0,"menu_order":0,"comment_status":"closed","ping_status":"closed","template":"","meta":{"footnotes":""},"dep":[],"class_list":["post-34460","page","type-page","status-publish","has-post-thumbnail","hentry"],"_links":{"self":[{"href":"https:\/\/www.turkaesthetic.com\/es\/wp-json\/wp\/v2\/pages\/34460","targetHints":{"allow":["GET"]}}],"collection":[{"href":"https:\/\/www.turkaesthetic.com\/es\/wp-json\/wp\/v2\/pages"}],"about":[{"href":"https:\/\/www.turkaesthetic.com\/es\/wp-json\/wp\/v2\/types\/page"}],"author":[{"embeddable":true,"href":"https:\/\/www.turkaesthetic.com\/es\/wp-json\/wp\/v2\/users\/1"}],"replies":[{"embeddable":true,"href":"https:\/\/www.turkaesthetic.com\/es\/wp-json\/wp\/v2\/comments?post=34460"}],"version-history":[{"count":2,"href":"https:\/\/www.turkaesthetic.com\/es\/wp-json\/wp\/v2\/pages\/34460\/revisions"}],"predecessor-version":[{"id":71184,"href":"https:\/\/www.turkaesthetic.com\/es\/wp-json\/wp\/v2\/pages\/34460\/revisions\/71184"}],"wp:featuredmedia":[{"embeddable":true,"href":"https:\/\/www.turkaesthetic.com\/es\/wp-json\/wp\/v2\/media\/70827"}],"wp:attachment":[{"href":"https:\/\/www.turkaesthetic.com\/es\/wp-json\/wp\/v2\/media?parent=34460"}],"wp:term":[{"taxonomy":"dep","embeddable":true,"href":"https:\/\/www.turkaesthetic.com\/es\/wp-json\/wp\/v2\/dep?post=34460"}],"curies":[{"name":"wp","href":"https:\/\/api.w.org\/{rel}","templated":true}]}}