{"id":34432,"date":"2022-01-28T13:00:25","date_gmt":"2022-01-28T10:00:25","guid":{"rendered":"http:\/\/turkaesthetic.com\/?page_id=34432"},"modified":"2025-03-28T12:38:45","modified_gmt":"2025-03-28T09:38:45","slug":"clitoris-aesthetics","status":"publish","type":"page","link":"https:\/\/www.turkaesthetic.com\/es\/clitoris-aesthetics\/","title":{"rendered":"Est\u00e9tica del Cl\u00edtoris"},"content":{"rendered":"\n<p>La cirug\u00eda <strong>est\u00e9tica del cl\u00edtoris<\/strong> es una de las cirug\u00edas pl\u00e1sticas m\u00e1s reconocidas relacionadas con el sistema reproductor femenino. El cl\u00edtoris es un peque\u00f1o \u00f3rgano er\u00e9ctil ubicado en la parte frontal de los genitales femeninos.<\/p>\n\n\n\n<p>Aunque pueda parecer insignificante, el cl\u00edtoris desempe\u00f1a un papel fundamental en la excitaci\u00f3n y el placer femeninos. Cualquier problema en esta zona puede afectar la capacidad de la mujer para experimentar placer, lo que lleva a la necesidad de procedimientos correctivos para recuperar el placer pleno durante las relaciones sexuales. Adem\u00e1s, una cirug\u00eda inadecuada en esta zona puede provocar angustia psicol\u00f3gica.<\/p>\n\n\n\n<figure class=\"wp-block-table\"><table><tbody><tr><td>Anestesia&nbsp;<\/td><td>General &#8211; Local<\/td><\/tr><tr><td>Duraci\u00f3n del procedimiento<\/td><td>1 &#8211; 2 horas<\/td><\/tr><tr><td>Resultados<\/td><td>Inmediata &#8211; tiempos de vida<\/td><\/tr><tr><td>Convalecencia<\/td><td>No es necesario, pero sexual relaciones sexuales despu\u00e9s de un mes<\/td><\/tr><tr><td>Prop\u00f3sito de la cirug\u00eda<\/td><td>Est\u00e9tica con creciente placer sexual&nbsp;<\/td><\/tr><\/tbody><\/table><figcaption class=\"wp-element-caption\">Est\u00e9tica del Cl\u00edtoris<\/figcaption><\/figure>\n\n\n\n<h2 class=\"wp-block-heading\">Anatom\u00eda del cl\u00edtoris<\/h2>\n\n\n\n<p>El cl\u00edtoris en las mujeres es comparable al pene en los hombres. Normalmente, su parte visible mide entre 3 y 6 mm, pero puede expandirse entre 6 y 10 mm durante la excitaci\u00f3n. El capuch\u00f3n clitoriano es una capa de piel que cubre y protege el cl\u00edtoris, a diferencia del pene, que suele estar descubierto. El cl\u00edtoris tambi\u00e9n se extiende hacia las peque\u00f1as \u00e1reas de la <a href=\"https:\/\/www.turkaesthetic.com\/es\/surgeries-es\/barbie-vagina\/\" target=\"_blank\" data-type=\"post\" data-id=\"38685\" rel=\"noreferrer noopener\">vagina<\/a>.<\/p>\n\n\n\n<p>En resumen, la parte visible del cl\u00edtoris es relativamente peque\u00f1a en comparaci\u00f3n con el pene masculino y su tama\u00f1o aumenta durante la excitaci\u00f3n, similar a una erecci\u00f3n masculina. La estructura interna del cl\u00edtoris consta de un tronco y dos ra\u00edces m\u00e1s grandes ubicadas dentro de la vagina y debajo de los labios menores. Toda esta estructura clitoriana desempe\u00f1a un papel fundamental en el placer femenino; la estimulaci\u00f3n de la parte externa puede provocar excitaci\u00f3n, complementando las sensaciones internas experimentadas durante la penetraci\u00f3n.<\/p>\n\n\n\n<figure class=\"wp-block-embed is-type-video is-provider-youtube wp-block-embed-youtube wp-embed-aspect-16-9 wp-has-aspect-ratio\"><div class=\"wp-block-embed__wrapper\">\n<iframe loading=\"lazy\" title=\"Labiaplasty - Turk Aesthetic\" width=\"800\" height=\"450\" src=\"https:\/\/www.youtube.com\/embed\/WkJY_9-bobo?feature=oembed\" frameborder=\"0\" allow=\"accelerometer; autoplay; clipboard-write; encrypted-media; gyroscope; picture-in-picture; web-share\" referrerpolicy=\"strict-origin-when-cross-origin\" allowfullscreen><\/iframe>\n<\/div><figcaption class=\"wp-element-caption\">Est\u00e9tica del Cl\u00edtoris<\/figcaption><\/figure>\n\n\n\n<h3 class=\"wp-block-heading\">\u00bfC\u00f3mo se realiza un procedimiento de est\u00e9tica del cl\u00edtoris?<\/h3>\n\n\n\n<p>Los procedimientos de est\u00e9tica del cl\u00edtoris generalmente se consideran sencillos en comparaci\u00f3n con otras cirug\u00edas que pueden requerir per\u00edodos de recuperaci\u00f3n prolongados. Seguir las recomendaciones del cirujano pl\u00e1stico puede aumentar la seguridad durante la operaci\u00f3n.<\/p>\n\n\n\n<p>Durante el procedimiento, el cirujano adormece la zona con la anestesia adecuada antes de ajustar el tama\u00f1o del cl\u00edtoris. Recorta el exceso de tejido, asegurando una forma m\u00e1s atractiva y uniforme, aline\u00e1ndola con su tama\u00f1o o longitud natural. Una vez hecho esto, se sutura la herida menor con hilos biodegradables y se venda la zona despu\u00e9s de un breve per\u00edodo.<\/p>\n\n\n\n<h4 class=\"wp-block-heading\">\u00bfQui\u00e9n puede someterse a una cirug\u00eda est\u00e9tica de cl\u00edtoris?<\/h4>\n\n\n\n<p>Las mujeres con una forma anormal del cl\u00edtoris debido a factores cong\u00e9nitos pueden optar por procedimientos est\u00e9ticos de cl\u00edtoris tras recibir asesoramiento integral de m\u00e9dicos especializados y del equipo m\u00e9dico de Turk Aesthetic.<br>Este tratamiento tambi\u00e9n es relevante para mujeres que han sufrido deformidades derivadas de la circuncisi\u00f3n femenina, una pr\u00e1ctica que se practica en algunas culturas por motivos ideol\u00f3gicos. La circuncisi\u00f3n puede conllevar riesgos significativos, como sangrado, infecci\u00f3n y complicaciones durante la actividad sexual y el parto, lo que puede provocar otras anomal\u00edas.<br>Adem\u00e1s, las mujeres que experimentan irritaci\u00f3n, dolor cr\u00f3nico o secreciones continuas en esta zona tambi\u00e9n pueden considerar este procedimiento, pero solo tras consultar con un m\u00e9dico cualificado.<\/p>\n\n\n\n<h5 class=\"wp-block-heading\">\u00bfQui\u00e9nes no pueden someterse a una cirug\u00eda est\u00e9tica de cl\u00edtoris?<\/h5>\n\n\n\n<ul class=\"wp-block-list\">\n<li>Mujeres menores de 18 a\u00f1os.<\/li>\n\n\n\n<li>Personas con enfermedades cr\u00f3nicas o infecciosas.<\/li>\n\n\n\n<li>Mujeres con diabetes no controlada.<\/li>\n\n\n\n<li>Aquellas personas con obesidad, que requiere modificar los contornos antes de centrarse en los aspectos est\u00e9ticos del cl\u00edtoris.<\/li>\n<\/ul>\n\n\n\n<figure class=\"wp-block-image size-full\"><img loading=\"lazy\" decoding=\"async\" width=\"1024\" height=\"576\" src=\"http:\/\/turkaesthetic.com\/wp-content\/uploads\/2022\/01\/ClitorisAesthetic.webp\" alt=\"Est\u00e9tica del cl\u00edtoris en Turqu\u00eda\" class=\"wp-image-19858\" srcset=\"https:\/\/www.turkaesthetic.com\/wp-content\/uploads\/2022\/01\/ClitorisAesthetic.webp 1024w, https:\/\/www.turkaesthetic.com\/wp-content\/uploads\/2022\/01\/ClitorisAesthetic-300x169.webp 300w, https:\/\/www.turkaesthetic.com\/wp-content\/uploads\/2022\/01\/ClitorisAesthetic-768x432.webp 768w\" sizes=\"auto, (max-width: 1024px) 100vw, 1024px\" \/><figcaption class=\"wp-element-caption\">Est\u00e9tica del Cl\u00edtoris<\/figcaption><\/figure>\n\n\n\n<h3 class=\"wp-block-heading\">\u00bfQui\u00e9n realiza la Est\u00e9tica del Cl\u00edtoris?<\/h3>\n\n\n\n<p>El procedimiento de est\u00e9tica de cl\u00edtoris es realizado simult\u00e1neamente por ginec\u00f3logos y cirujanos pl\u00e1sticos. Es fundamental que solo especialistas en estas \u00e1reas realicen este tipo de <a href=\"https:\/\/www.turkaesthetic.com\/es\/plastic-surgeries\/\" target=\"_blank\" data-type=\"page\" data-id=\"37212\" rel=\"noreferrer noopener\">cirug\u00eda<\/a>. Al elegir un hospital o cl\u00ednica m\u00e9dica, es importante asegurarse de que el centro tenga buena reputaci\u00f3n y ofrezca un entorno cl\u00ednico altamente est\u00e9ril. Adem\u00e1s, la experiencia del m\u00e9dico o cirujano debe ser un factor clave.<\/p>\n\n\n\n<h4 class=\"wp-block-heading\">Tipos de anestesia utilizados en la est\u00e9tica de cl\u00edtoris<\/h4>\n\n\n\n<p>Este procedimiento puede realizarse con anestesia local o general, seg\u00fan la preferencia de la paciente y las recomendaciones del cirujano. Si elige anestesia general, deber\u00e1 abstenerse de comer y beber durante 6 horas antes de la operaci\u00f3n. Si opta por anestesia local, no es necesario pasar la noche en el hospital. Sin embargo, la anestesia general suele requerir una noche de hospitalizaci\u00f3n. El proceso completo suele durar entre 1 y 2 horas.<\/p>\n\n\n\n<h2 class=\"wp-block-heading\">Pasos de est\u00e9tica del cl\u00edtoris<\/h2>\n\n\n<div id=\"rank-math-howto\" class=\"rank-math-block\" >\n<div class=\"rank-math-howto-description\">\n\n<p>La est\u00e9tica del cl\u00edtoris en Turqu\u00eda pasa por tres etapas como otras cirug\u00edas:<\/p>\n\n<\/div>\n<p class=\"rank-math-howto-duration\"><strong>Tiempo total:<\/strong> <span>50 minutos<\/span><\/p>\n<div class=\"rank-math-steps \">\n<div id=\"howto-step-1678365929021\" class=\"rank-math-step\">\n<h3 class=\"rank-math-step-title \">Antes de la operaci\u00f3n\u00a0<\/h3>\n<div class=\"rank-math-step-content \"><p>Hay algunos pasos importantes a seguir antes deAntes de someterse a la cirug\u00eda, es importante seguir estos pasos clave:<br \/>\u2013 Informe a su m\u00e9dico si tiene alergia a alg\u00fan medicamento o sustancia.<br \/>\u2013 Informe a su m\u00e9dico si tiene presi\u00f3n arterial alta o alguna enfermedad de transmisi\u00f3n sexual.<br \/>\u2013 Inf\u00f3rmele sobre los medicamentos que toma habitualmente.<br \/>\u2013 Para prevenir el sangrado excesivo durante la cirug\u00eda de cl\u00edtoris y evitar complicaciones, consulte a su m\u00e9dico sobre la posibilidad de suspender los anticoagulantes al menos una semana antes del procedimiento.<br \/>\u2013 Evite fumar y beber alcohol durante una semana antes de la cirug\u00eda.<\/p>\n<\/div>\n<\/div>\n<div id=\"howto-step-1678365949139\" class=\"rank-math-step\">\n<h3 class=\"rank-math-step-title \">Durante la operaci\u00f3n<\/h3>\n<div class=\"rank-math-step-content \"><p>Tras asegurarse de que la paciente no tenga ning\u00fan obst\u00e1culo para la operaci\u00f3n, se administra anestesia. El cirujano ajusta el tama\u00f1o del cl\u00edtoris, eliminando el exceso de tejido y creando una forma m\u00e1s sim\u00e9trica y definida que se alinea con el tama\u00f1o y la longitud naturales. Una vez finalizado el procedimiento, se sutura la herida con suturas biodegradables y se venda la zona. Se coloca una sonda urinaria y se deja colocada durante 24 horas.<\/p>\n<\/div>\n<\/div>\n<div id=\"howto-step-1678365956559\" class=\"rank-math-step\">\n<h3 class=\"rank-math-step-title \">Despu\u00e9s de la operaci\u00f3n<\/h3>\n<div class=\"rank-math-step-content \"><img loading=\"lazy\" decoding=\"async\" width=\"999\" height=\"768\" src=\"https:\/\/www.turkaesthetic.com\/wp-content\/uploads\/2022\/01\/after-Clitoris-Aesthetic.webp\" class=\"attachment-full size-full\" alt=\"Est\u00e9tica del cl\u00edtoris en Turqu\u00eda\" srcset=\"https:\/\/www.turkaesthetic.com\/wp-content\/uploads\/2022\/01\/after-Clitoris-Aesthetic.webp 999w, https:\/\/www.turkaesthetic.com\/wp-content\/uploads\/2022\/01\/after-Clitoris-Aesthetic-300x231.webp 300w, https:\/\/www.turkaesthetic.com\/wp-content\/uploads\/2022\/01\/after-Clitoris-Aesthetic-768x590.webp 768w\" sizes=\"auto, (max-width: 999px) 100vw, 999px\" \/><p>Tras recibir instrucciones postoperatorias, el paciente podr\u00e1 salir del hospital el mismo d\u00eda, una vez que los efectos de la anestesia hayan desaparecido por completo. Es recomendable que un familiar o amigo lo acompa\u00f1e al salir debido a los efectos persistentes de la anestesia. No es necesario permanecer en el hospital, pero se recomienda evitar conducir despu\u00e9s del procedimiento. Adem\u00e1s, durante el per\u00edodo inicial de recuperaci\u00f3n, debe seguir una dieta que incluya fibra y prote\u00ednas.<\/p>\n<\/div>\n<\/div>\n<\/div>\n<\/div>\n<p class=\"rank-math-howto-estimatedCost\"><strong>Coste estimado:<\/strong> <span>1450 EUR<\/span><\/p>\n\n\n\n\n\n<h3 class=\"wp-block-heading\">Instrucciones de cuidado posterior est\u00e9tico del cl\u00edtoris<\/h3>\n\n\n\n<ul class=\"wp-block-list\">\n<li>Hay que seguir las restricciones del cirujano para evitar cualquier tipo de infecci\u00f3n.<\/li>\n\n\n\n<li>Abstenerse de cualquier actividad sexual durante 30 d\u00edas.<\/li>\n\n\n\n<li>Evite beber alcohol y fumar.<\/li>\n\n\n\n<li>Cumplimiento total de todas las instrucciones dadas por el m\u00e9dico con respecto a la toma de medicamentos.<\/li>\n<\/ul>\n\n\n\n<figure class=\"wp-block-gallery has-nested-images columns-default is-cropped wp-block-gallery-1 is-layout-flex wp-block-gallery-is-layout-flex\">\n<figure class=\"wp-block-image size-large\"><img loading=\"lazy\" decoding=\"async\" width=\"1024\" height=\"1024\" data-id=\"45292\" src=\"https:\/\/www.turkaesthetic.com\/wp-content\/uploads\/2023\/11\/before-after-clitoris-aesthetic-4-1024x1024.jpg\" alt=\"Antes y despu\u00e9s de la est\u00e9tica del cl\u00edtoris en T\u00fcrkiye\" class=\"wp-image-45292\" srcset=\"https:\/\/www.turkaesthetic.com\/wp-content\/uploads\/2023\/11\/before-after-clitoris-aesthetic-4-1024x1024.jpg 1024w, https:\/\/www.turkaesthetic.com\/wp-content\/uploads\/2023\/11\/before-after-clitoris-aesthetic-4-300x300.jpg 300w, https:\/\/www.turkaesthetic.com\/wp-content\/uploads\/2023\/11\/before-after-clitoris-aesthetic-4-150x150.jpg 150w, https:\/\/www.turkaesthetic.com\/wp-content\/uploads\/2023\/11\/before-after-clitoris-aesthetic-4-768x768.jpg 768w, https:\/\/www.turkaesthetic.com\/wp-content\/uploads\/2023\/11\/before-after-clitoris-aesthetic-4-1536x1536.jpg 1536w, https:\/\/www.turkaesthetic.com\/wp-content\/uploads\/2023\/11\/before-after-clitoris-aesthetic-4.jpg 2000w\" sizes=\"auto, (max-width: 1024px) 100vw, 1024px\" \/><figcaption class=\"wp-element-caption\">Antes y despu\u00e9s de la est\u00e9tica del cl\u00edtoris en T\u00fcrkiye<\/figcaption><\/figure>\n\n\n\n<figure class=\"wp-block-image size-large\"><img loading=\"lazy\" decoding=\"async\" width=\"1024\" height=\"1024\" data-id=\"45283\" src=\"https:\/\/www.turkaesthetic.com\/wp-content\/uploads\/2023\/11\/before-after-clitoris-aesthetic-3-1024x1024.jpg\" alt=\"Antes y despu\u00e9s de la est\u00e9tica del cl\u00edtoris en T\u00fcrkiye\" class=\"wp-image-45283\" srcset=\"https:\/\/www.turkaesthetic.com\/wp-content\/uploads\/2023\/11\/before-after-clitoris-aesthetic-3-1024x1024.jpg 1024w, https:\/\/www.turkaesthetic.com\/wp-content\/uploads\/2023\/11\/before-after-clitoris-aesthetic-3-300x300.jpg 300w, https:\/\/www.turkaesthetic.com\/wp-content\/uploads\/2023\/11\/before-after-clitoris-aesthetic-3-150x150.jpg 150w, https:\/\/www.turkaesthetic.com\/wp-content\/uploads\/2023\/11\/before-after-clitoris-aesthetic-3-768x768.jpg 768w, https:\/\/www.turkaesthetic.com\/wp-content\/uploads\/2023\/11\/before-after-clitoris-aesthetic-3-1536x1536.jpg 1536w, https:\/\/www.turkaesthetic.com\/wp-content\/uploads\/2023\/11\/before-after-clitoris-aesthetic-3.jpg 2000w\" sizes=\"auto, (max-width: 1024px) 100vw, 1024px\" \/><figcaption class=\"wp-element-caption\">Antes y despu\u00e9s de la est\u00e9tica del cl\u00edtoris en T\u00fcrkiye<\/figcaption><\/figure>\n\n\n\n<figure class=\"wp-block-image size-large\"><img loading=\"lazy\" decoding=\"async\" width=\"1024\" height=\"1024\" data-id=\"45274\" src=\"https:\/\/www.turkaesthetic.com\/wp-content\/uploads\/2023\/11\/before-after-clitoris-aesthetic-2-1024x1024.jpg\" alt=\"Antes y despu\u00e9s de la est\u00e9tica del cl\u00edtoris en Turqu\u00eda\" class=\"wp-image-45274\" srcset=\"https:\/\/www.turkaesthetic.com\/wp-content\/uploads\/2023\/11\/before-after-clitoris-aesthetic-2-1024x1024.jpg 1024w, https:\/\/www.turkaesthetic.com\/wp-content\/uploads\/2023\/11\/before-after-clitoris-aesthetic-2-300x300.jpg 300w, https:\/\/www.turkaesthetic.com\/wp-content\/uploads\/2023\/11\/before-after-clitoris-aesthetic-2-150x150.jpg 150w, https:\/\/www.turkaesthetic.com\/wp-content\/uploads\/2023\/11\/before-after-clitoris-aesthetic-2-768x768.jpg 768w, https:\/\/www.turkaesthetic.com\/wp-content\/uploads\/2023\/11\/before-after-clitoris-aesthetic-2-1536x1536.jpg 1536w, https:\/\/www.turkaesthetic.com\/wp-content\/uploads\/2023\/11\/before-after-clitoris-aesthetic-2.jpg 2000w\" sizes=\"auto, (max-width: 1024px) 100vw, 1024px\" \/><figcaption class=\"wp-element-caption\">Antes y despu\u00e9s de la est\u00e9tica del cl\u00edtoris en T\u00fcrkiye<\/figcaption><\/figure>\n<\/figure>\n\n\n\n<h3 class=\"wp-block-heading\">Instrucciones para el cuidado posterior de la est\u00e9tica del cl\u00edtoris<\/h3>\n\n\n\n<p>Para prevenir cualquier riesgo de infecci\u00f3n, siga atentamente las restricciones del cirujano:<\/p>\n\n\n\n<ul class=\"wp-block-list\">\n<li>Abstenerse de cualquier actividad sexual durante 30 d\u00edas.<\/li>\n\n\n\n<li>Evitar el consumo de alcohol y fumar.<\/li>\n\n\n\n<li>Seguir estrictamente todas las instrucciones del m\u00e9dico con respecto al uso de medicamentos.<\/li>\n<\/ul>\n\n\n\n<h4 class=\"wp-block-heading\">Ventajas y desventajas de la cirug\u00eda est\u00e9tica del cl\u00edtoris<\/h4>\n\n\n\n<p><strong>Ventajas<\/strong><\/p>\n\n\n\n<ul class=\"wp-block-list\">\n<li>Despu\u00e9s del procedimiento, la anatom\u00eda femenina recupera su forma \u00f3ptima y natural.<\/li>\n\n\n\n<li>Las pacientes pueden experimentar un mayor placer y una mayor sensaci\u00f3n de intimidad.<\/li>\n\n\n\n<li>Tambi\u00e9n ayuda a eliminar la picaz\u00f3n y las secreciones molestas.<\/li>\n\n\n\n<li>Despu\u00e9s de un m\u00ednimo de 30 d\u00edas, la paciente puede reanudar una vida sexual plena.<\/li>\n\n\n\n<li>Defectos<\/li>\n\n\n\n<li>Los procedimientos de est\u00e9tica del cl\u00edtoris pueden causar algo de dolor, pero este suele remitir r\u00e1pidamente despu\u00e9s de usar los medicamentos recetados.<\/li>\n<\/ul>\n\n\n\n<p><strong>Posibles efectos secundarios<\/strong><\/p>\n\n\n\n<p>Los procedimientos de est\u00e9tica del cl\u00edtoris pueden estar asociados con algunos efectos secundarios. Los m\u00e1s notables incluyen:<\/p>\n\n\n\n<ul class=\"wp-block-list\">\n<li>Infecciones poco frecuentes, que pueden ocurrir si no se mantiene una higiene adecuada o si no se utilizan los medicamentos necesarios, como los antibi\u00f3ticos. Enrojecimiento leve en la zona vaginal durante los primeros d\u00edas posteriores al procedimiento.<\/li>\n\n\n\n<li>Picaz\u00f3n leve.<\/li>\n\n\n\n<li>Ligera dificultad para caminar.<\/li>\n<\/ul>\n\n\n\n<h3 class=\"wp-block-heading\">Est\u00e9tica de cl\u00edtoris en Estambul, Turqu\u00eda<\/h3>\n\n\n\n<p>Turqu\u00eda, especialmente Estambul, se ha convertido en un destino popular para turistas que buscan tanto tratamientos m\u00e9dicos como actividades de ocio. Esta popularidad se debe a varias ventajas, como la amplia variedad de opciones, la experiencia de los m\u00e9dicos y la alta calidad de los servicios de salud. Un procedimiento importante disponible en Turqu\u00eda es la clitoroplastia, cuyos precios suelen oscilar entre 1000 y 2000 euros, dependiendo de la cl\u00ednica y los detalles de la operaci\u00f3n.<\/p>\n\n\n\n<h4 class=\"wp-block-heading\">Costo de la cirug\u00eda est\u00e9tica de cl\u00edtoris en Estambul, Turqu\u00eda<\/h4>\n\n\n\n<p>El costo de la est\u00e9tica de cl\u00edtoris en Turqu\u00eda var\u00eda seg\u00fan varios factores, entre ellos:<\/p>\n\n\n\n<p>El nombre de la cl\u00ednica u hospital.<br>La experiencia del m\u00e9dico.<br>Los detalles del procedimiento.<br>Servicios adicionales: algunas cl\u00ednicas ofrecen paquetes que incluyen tratamiento, alojamiento y transporte. En Turk Aesthetic en Estambul, Turqu\u00eda, el precio del procedimiento de est\u00e9tica del cl\u00edtoris oscila entre 1450 \u20ac y 2250 \u20ac.<\/p>\n\n\n\n<p>Para consultar el precio del alojamiento, el transporte y otros servicios, puede contactar con el equipo de Turk Aesthetic a trav\u00e9s de su p\u00e1gina de contacto.k Aesthetic a trav\u00e9s de la p\u00e1gina de contacto para solicitar el costo del alojamientocon los servicios de transporte y entrega.<\/p>\n\n\n\n<h2 class=\"wp-block-heading\">Preguntas frecuentes &#8211; Cirug\u00eda est\u00e9tica del cl\u00edtoris<\/h2>\n\n\n<div id=\"rank-math-faq\" class=\"rank-math-block\">\n<div class=\"rank-math-list \">\n<div id=\"faq-question-1678366029962\" class=\"rank-math-list-item\">\n<h3 class=\"rank-math-question \">\u00bfQu\u00e9 es un procedimiento de est\u00e9tica de cl\u00edtoris?<\/h3>\n<div class=\"rank-math-answer \">\n\n<p>Una est\u00e9tica de cl\u00edtoris es una cirug\u00eda pl\u00e1stica que busca crear la forma ideal del aparato reproductor femenino.<\/p>\n\n<\/div>\n<\/div>\n<div id=\"faq-question-1743154550547\" class=\"rank-math-list-item\">\n<h3 class=\"rank-math-question \">\u00bfQui\u00e9n puede someterse a una cirug\u00eda est\u00e9tica de cl\u00edtoris?<\/h3>\n<div class=\"rank-math-answer \">\n\n<p>Este procedimiento es adecuado para mujeres con deformidad del cl\u00edtoris.<\/p>\n\n<\/div>\n<\/div>\n<div id=\"faq-question-1743154556270\" class=\"rank-math-list-item\">\n<h3 class=\"rank-math-question \">\u00bfCu\u00e1nto dura un procedimiento de est\u00e9tica de cl\u00edtoris?<\/h3>\n<div class=\"rank-math-answer \">\n\n<p>La cirug\u00eda suele durar entre una y dos horas, dependiendo del caso.<\/p>\n\n<\/div>\n<\/div>\n<div id=\"faq-question-1743154565298\" class=\"rank-math-list-item\">\n<h3 class=\"rank-math-question \">\u00bfEs la cirug\u00eda est\u00e9tica de cl\u00edtoris dif\u00edcil o riesgosa?<\/h3>\n<div class=\"rank-math-answer \">\n\n<p>Si bien la cirug\u00eda est\u00e9tica de cl\u00edtoris suele ser una operaci\u00f3n sencilla, es fundamental garantizar la higiene, la esterilizaci\u00f3n adecuada de la zona y el uso de antibi\u00f3ticos en el momento prescrito.<\/p>\n\n<\/div>\n<\/div>\n<div id=\"faq-question-1743154586096\" class=\"rank-math-list-item\">\n<h3 class=\"rank-math-question \">\u00bfCu\u00e1nto tiempo despu\u00e9s de la cirug\u00eda se deben evitar las relaciones sexuales?<\/h3>\n<div class=\"rank-math-answer \">\n\n<p>Se recomienda evitar las relaciones sexuales durante los 30 d\u00edas posteriores a la operaci\u00f3n.<\/p>\n\n<\/div>\n<\/div>\n<div id=\"faq-question-1743154591898\" class=\"rank-math-list-item\">\n<h3 class=\"rank-math-question \">\u00bfHabr\u00e1 dolor asociado con este procedimiento?<\/h3>\n<div class=\"rank-math-answer \">\n\n<p>Todas las cirug\u00edas pueden causar dolor leve; sin embargo, esta molestia suele controlarse con analg\u00e9sicos, que ayudan a minimizarlo.<\/p>\n\n<\/div>\n<\/div>\n<\/div>\n<\/div>\n\n\n<p>Y finalmente, puede ponerse en\u00a0<a href=\"http:\/\/turkaesthetic.com\/es\/contact-us\/\" target=\"_blank\" rel=\"noreferrer noopener\"><strong>contacto<\/strong>\u00a0<\/a>directamente con el equipo de para solicitar informaci\u00f3n y precios al Centro de <strong><a href=\"https:\/\/www.youtube.com\/channel\/UC0zggzdm5CFwpRMmn_CPpFQ\" target=\"_blank\" rel=\"noreferrer noopener\">Turk Aesthetic<\/a> <\/strong>\u00a0de Turqu\u00eda Estambul.<\/p>\n\n\n\n<p><\/p>\n","protected":false},"excerpt":{"rendered":"<p>La cirug\u00eda est\u00e9tica del cl\u00edtoris es una de las cirug\u00edas pl\u00e1sticas m\u00e1s reconocidas relacionadas con el sistema reproductor femenino. El cl\u00edtoris es un peque\u00f1o \u00f3rgano er\u00e9ctil ubicado en la parte frontal de los genitales femeninos. Aunque pueda parecer insignificante, el cl\u00edtoris desempe\u00f1a un papel fundamental en la excitaci\u00f3n y el placer femeninos. Cualquier problema en [&hellip;]<\/p>\n","protected":false},"author":1,"featured_media":19860,"parent":0,"menu_order":0,"comment_status":"closed","ping_status":"closed","template":"","meta":{"footnotes":""},"dep":[],"class_list":["post-34432","page","type-page","status-publish","has-post-thumbnail","hentry"],"_links":{"self":[{"href":"https:\/\/www.turkaesthetic.com\/es\/wp-json\/wp\/v2\/pages\/34432","targetHints":{"allow":["GET"]}}],"collection":[{"href":"https:\/\/www.turkaesthetic.com\/es\/wp-json\/wp\/v2\/pages"}],"about":[{"href":"https:\/\/www.turkaesthetic.com\/es\/wp-json\/wp\/v2\/types\/page"}],"author":[{"embeddable":true,"href":"https:\/\/www.turkaesthetic.com\/es\/wp-json\/wp\/v2\/users\/1"}],"replies":[{"embeddable":true,"href":"https:\/\/www.turkaesthetic.com\/es\/wp-json\/wp\/v2\/comments?post=34432"}],"version-history":[{"count":0,"href":"https:\/\/www.turkaesthetic.com\/es\/wp-json\/wp\/v2\/pages\/34432\/revisions"}],"wp:featuredmedia":[{"embeddable":true,"href":"https:\/\/www.turkaesthetic.com\/es\/wp-json\/wp\/v2\/media\/19860"}],"wp:attachment":[{"href":"https:\/\/www.turkaesthetic.com\/es\/wp-json\/wp\/v2\/media?parent=34432"}],"wp:term":[{"taxonomy":"dep","embeddable":true,"href":"https:\/\/www.turkaesthetic.com\/es\/wp-json\/wp\/v2\/dep?post=34432"}],"curies":[{"name":"wp","href":"https:\/\/api.w.org\/{rel}","templated":true}]}}