{"id":34308,"date":"2022-01-03T13:56:25","date_gmt":"2022-01-03T10:56:25","guid":{"rendered":"http:\/\/turkaesthetic.com\/?page_id=34308"},"modified":"2025-03-07T15:37:58","modified_gmt":"2025-03-07T12:37:58","slug":"tummy-tuck","status":"publish","type":"page","link":"https:\/\/www.turkaesthetic.com\/es\/tummy-tuck\/","title":{"rendered":"Abdominoplastia"},"content":{"rendered":"\n<p>La <strong>abdominoplastia<\/strong> es una cirug\u00eda pl\u00e1stica que elimina el exceso de grasa y piel, al mismo tiempo que tensa los m\u00fasculos fl\u00e1cidos para crear un abdomen m\u00e1s plano y tonificado. Adem\u00e1s, el procedimiento ayuda a eliminar las arrugas y la flacidez causadas por el aumento de peso, lo que da como resultado una apariencia m\u00e1s juvenil.<\/p>\n\n\n\n<p>La cirug\u00eda suele durar de 2 a 3 horas, seg\u00fan el caso individual, y se realiza bajo anestesia general, requiriendo una noche de hospitalizaci\u00f3n. Los resultados se hacen visibles de inmediato una vez que desaparecen los efectos posquir\u00fargicos.<\/p>\n\n\n\n<figure class=\"wp-block-table\"><table><tbody><tr><td>Anestesia&nbsp;<\/td><td>General<\/td><\/tr><tr><td>Duraci\u00f3n del procedimiento<\/td><td>2-3 horas<\/td><\/tr><tr><td>Resultados<\/td><td>Inmediato&nbsp;<\/td><\/tr><tr><td>Convalecencia<\/td><td>7-10 d\u00edas&nbsp;<\/td><\/tr><tr><td>Estancia en el hospital<\/td><td>1 noche<\/td><\/tr><\/tbody><\/table><figcaption class=\"wp-element-caption\">Abdominoplastia en Turqu\u00eda<\/figcaption><\/figure>\n\n\n\n<h2 class=\"wp-block-heading\">\u00bfC\u00f3mo se realiza la abdominoplastia?<\/h2>\n\n\n\n<p>Muchas personas luchan por tener un est\u00f3mago plano con m\u00fasculos abdominales bien definidos mediante ejercicio, dieta y control de peso. Sin embargo, estos m\u00e9todos no siempre son suficientes. En tales casos, una abdominoplastia puede ser la soluci\u00f3n ideal.<br>El objetivo del procedimiento no es la p\u00e9rdida de peso, sino la eliminaci\u00f3n del exceso de grasa y la flacidez de la piel causada por el envejecimiento, los cambios posteriores al embarazo, la p\u00e9rdida de peso significativa o las cirug\u00edas previas. Como resultado, este procedimiento a menudo se considera un tratamiento complementario para mejorar el contorno corporal.<\/p>\n\n\n\n<h3 class=\"wp-block-heading\">Video <\/h3>\n\n\n\n<p>A continuaci\u00f3n se muestra un video del procedimiento de abdominoplastia en Turqu\u00eda, Estambul.<\/p>\n\n\n\n<figure class=\"wp-block-embed is-type-video is-provider-youtube wp-block-embed-youtube wp-embed-aspect-16-9 wp-has-aspect-ratio\"><div class=\"wp-block-embed__wrapper\">\n<iframe loading=\"lazy\" title=\"Tummy Tuck - Turk Aesthetic\" width=\"800\" height=\"450\" src=\"https:\/\/www.youtube.com\/embed\/yTb9Q0EpUOw?feature=oembed\" frameborder=\"0\" allow=\"accelerometer; autoplay; clipboard-write; encrypted-media; gyroscope; picture-in-picture; web-share\" referrerpolicy=\"strict-origin-when-cross-origin\" allowfullscreen><\/iframe>\n<\/div><figcaption class=\"wp-element-caption\">Abdominoplastia<\/figcaption><\/figure>\n\n\n\n<h3 class=\"wp-block-heading\">\u00bfQui\u00e9n puede someterse?<\/h3>\n\n\n\n<p>Las personas que cumplan los siguientes criterios pueden someterse al procedimiento:<\/p>\n\n\n\n<p>Tener buena salud general y ser mayores de 20 a\u00f1os.<br>Sufrir de piel fl\u00e1cida y exceso de grasa en la zona abdominal debido a p\u00e9rdida de peso, parto o cambios corporales repentinos.<br>Experimentar un impacto negativo en la confianza en s\u00ed mismo debido a la flacidez abdominal.<\/p>\n\n\n\n<h3 class=\"wp-block-heading\">\u00bfQui\u00e9n no debe someterse a una abdominoplastia?<\/h3>\n\n\n\n<p>Personas menores de 20 a\u00f1os.<br>Aquellas personas con enfermedades cr\u00f3nicas o contagiosas que podr\u00edan suponer riesgos quir\u00fargicos.<br>Las personas con un exceso de peso significativo deben perder primero el peso extra antes de someterse al procedimiento para abordar la flacidez causada por la p\u00e9rdida de peso.<\/p>\n\n\n\n<h4 class=\"wp-block-heading\">El cirujano que realiza <\/h4>\n\n\n\n<p>La abdominoplastia la realiza un cirujano pl\u00e1stico calificado con amplia experiencia en este tipo de procedimiento. Ning\u00fan m\u00e9dico de otra especialidad est\u00e1 autorizado para realizar esta cirug\u00eda. Al elegir un hospital o una cl\u00ednica m\u00e9dica, es fundamental seleccionar un centro de confianza con altos est\u00e1ndares de esterilizaci\u00f3n y un cirujano altamente capacitado. A veces, un costo m\u00e1s alto de un procedimiento refleja la credibilidad y la experiencia de la cl\u00ednica, por lo que es aconsejable no comprometer la calidad negociando o regateando el precio.<\/p>\n\n\n\n<h5 class=\"wp-block-heading\">Tipos de anestesia utilizados durante la cirug\u00eda<\/h5>\n\n\n\n<p>La abdominoplastia se realiza \u00fanicamente con anestesia general. Los pacientes deben dejar de comer y beber al menos 6 horas antes del procedimiento para evitar molestias o complicaciones al despertar.<br>Despu\u00e9s de la cirug\u00eda, los pacientes suelen permanecer en el hospital durante una o dos noches para su control y recuperaci\u00f3n.permanece en el hospital durante una o dos noches en el caso de anestesia general.<\/p>\n\n\n\n<h3 class=\"wp-block-heading\">Pasos de la cirug\u00eda est\u00e9tica de abdomen <\/h3>\n\n\n<div id=\"rank-math-howto\" class=\"rank-math-block\" >\n<div class=\"rank-math-howto-description\">\n\n<p>La operaci\u00f3n de abdominoplastia pasa por tres etapas, al igual que otras operaciones<\/p>\n\n<\/div>\n<p class=\"rank-math-howto-duration\"><strong>Tiempo total:<\/strong> <span>3 horas<\/span><\/p>\n<div class=\"rank-math-steps \">\n<div id=\"howto-step-1677949489449\" class=\"rank-math-step\">\n<h3 class=\"rank-math-step-title \">Antes del proceso<\/h3>\n<div class=\"rank-math-step-content \"><p>Antes de someterse a una abdominoplastia, es fundamental proporcionar al m\u00e9dico informaci\u00f3n m\u00e9dica detallada, que incluya:<br \/>\u2013 Enfermedades cr\u00f3nicas o medicamentos que est\u00e9 tomando.<br \/>\u2013 Cirug\u00edas previas realizadas.<br \/>Adem\u00e1s, los pacientes deben seguir estas instrucciones preoperatorias:<br \/>\u2013 Hable con el m\u00e9dico sobre las expectativas y los posibles resultados.<br \/>\u2013 Abstenerse de comer o beber durante al menos 6 horas antes del procedimiento debido a la anestesia general.<br \/>\u2013 Informar al m\u00e9dico sobre cualquier medicamento que utilice habitualmente.<br \/>\u2013 Evitar el alcohol y el tabaco durante al menos una semana antes de la cirug\u00eda.<br \/>\u2013 Suspender los medicamentos anticoagulantes (p. ej., aspirina) despu\u00e9s de consultar con el m\u00e9dico.<br \/>\u2013 Usar ropa holgada y c\u00f3moda el d\u00eda del procedimiento.<\/p>\n<\/div>\n<\/div>\n<div id=\"howto-step-1677949519385\" class=\"rank-math-step\">\n<h3 class=\"rank-math-step-title \">Durante el proceso<\/h3>\n<div class=\"rank-math-step-content \"><p>Despu\u00e9s de administrar anestesia general, el cirujano realiza una incisi\u00f3n horizontal entre el \u00e1rea p\u00fabica y el ombligo, cuya forma y longitud depender\u00e1n de la cantidad de piel sobrante que se vaya a eliminar. Si es necesario, se puede realizar una segunda incisi\u00f3n alrededor del ombligo para eliminar el exceso de piel de la parte superior del abdomen. Luego, el cirujano tira de la piel de la parte superior del abdomen hacia abajo, elimina el exceso de piel y tensa y remodela los m\u00fasculos abdominales. Este reposicionamiento crea una nueva abertura circular para el ombligo en su posici\u00f3n ajustada. Finalmente, la incisi\u00f3n se cierra utilizando suturas cosm\u00e9ticas o adhesivos de grado m\u00e9dico dise\u00f1ados espec\u00edficamente para cirug\u00eda pl\u00e1stica.<\/p>\n<\/div>\n<\/div>\n<div id=\"howto-step-1677949532847\" class=\"rank-math-step\">\n<h3 class=\"rank-math-step-title \">Despu\u00e9s del proceso<\/h3>\n<div class=\"rank-math-step-content \"><p>Despu\u00e9s de la cirug\u00eda, se aplican vendajes en el \u00e1rea quir\u00fargica y los pacientes deben usar una prenda de compresi\u00f3n, como un cors\u00e9, para ayudar a reducir los hematomas y la hinchaz\u00f3n mientras promueven la curaci\u00f3n. Se puede colocar un tubo de drenaje temporal debajo de la piel para eliminar el exceso de sangre o l\u00edquidos. El m\u00e9dico proporcionar\u00e1 instrucciones postoperatorias detalladas y es esencial seguir estrictamente estas pautas para lograr los mejores resultados. Tambi\u00e9n es necesaria una estancia hospitalaria de una a dos noches para el seguimiento y la recuperaci\u00f3n.<\/p>\n<\/div>\n<\/div>\n<\/div>\n<\/div>\n<p class=\"rank-math-howto-estimatedCost\"><strong>Coste estimado:<\/strong> <span>3450 Euro<\/span><\/p>\n\n\n\n\n\n<h3 class=\"wp-block-heading\">Antes y despu\u00e9s de la abdominoplastia<\/h3>\n\n\n\n<p>A continuaci\u00f3n se muestran algunas fotograf\u00edas del antes y el despu\u00e9s de la abdominoplastia realizada en Turk Aesthetic en Estambul.<\/p>\n\n\n\n<figure class=\"wp-block-gallery has-nested-images columns-default is-cropped wp-block-gallery-1 is-layout-flex wp-block-gallery-is-layout-flex\">\n<figure class=\"wp-block-image size-large\"><img loading=\"lazy\" decoding=\"async\" width=\"1200\" height=\"800\" data-id=\"50588\" src=\"https:\/\/www.turkaesthetic.com\/wp-content\/uploads\/2024\/01\/Tummy-tuck-before-after-8.webp\" alt=\"Antes y despu\u00e9s de la abdominoplastia en Turqu\u00eda\" class=\"wp-image-50588\"\/><figcaption class=\"wp-element-caption\">Antes y despu\u00e9s de la abdominoplastia en Turqu\u00eda<\/figcaption><\/figure>\n\n\n\n<figure class=\"wp-block-image size-large\"><img loading=\"lazy\" decoding=\"async\" width=\"1200\" height=\"800\" data-id=\"50579\" src=\"https:\/\/www.turkaesthetic.com\/wp-content\/uploads\/2024\/01\/Tummy-tuck-before-after-7.webp\" alt=\"Antes y despu\u00e9s de la abdominoplastia en Turqu\u00eda\" class=\"wp-image-50579\"\/><figcaption class=\"wp-element-caption\">Antes y despu\u00e9s de la abdominoplastia en Turqu\u00eda<\/figcaption><\/figure>\n\n\n\n<figure class=\"wp-block-image size-large\"><img loading=\"lazy\" decoding=\"async\" width=\"1200\" height=\"800\" data-id=\"50570\" src=\"https:\/\/www.turkaesthetic.com\/wp-content\/uploads\/2024\/01\/Tummy-tuck-before-after-5.webp\" alt=\"Antes y despu\u00e9s de la abdominoplastia en Turqu\u00eda\" class=\"wp-image-50570\"\/><figcaption class=\"wp-element-caption\">Antes y despu\u00e9s de la abdominoplastia en Turqu\u00eda<\/figcaption><\/figure>\n<\/figure>\n\n\n\n<h3 class=\"wp-block-heading\">Instrucciones posoperatorias para la abdominoplastia<\/h3>\n\n\n\n<p>Para garantizar una recuperaci\u00f3n sin problemas y resultados \u00f3ptimos, siga estas pautas de cuidados posoperatorios:<\/p>\n\n\n\n<ul class=\"wp-block-list\">\n<li>Descanse completamente y tome todos los medicamentos recetados, analg\u00e9sicos y antiinflamatorios para minimizar las molestias y las complicaciones.<\/li>\n\n\n\n<li>Reduzca o evite por completo el h\u00e1bito de fumar y deje de tomar medicamentos anticoagulantes seg\u00fan lo recomendado por el m\u00e9dico.<\/li>\n\n\n\n<li>Beba muchos l\u00edquidos para ayudar a acelerar la cicatrizaci\u00f3n y la recuperaci\u00f3n de la herida.<\/li>\n\n\n\n<li>Duerma lo suficiente y recu\u00e9stese boca arriba solo durante el tiempo recomendado por el m\u00e9dico.<\/li>\n\n\n\n<li>Cuide adecuadamente la herida quir\u00fargica para prevenir infecciones.<\/li>\n\n\n\n<li>Utilice la prenda de compresi\u00f3n (cors\u00e9) para ayudar a la cicatrizaci\u00f3n y minimizar la hinchaz\u00f3n.<\/li>\n\n\n\n<li>Recu\u00e9stese boca arriba con la parte superior del cuerpo ligeramente elevada para reducir la tensi\u00f3n en el \u00e1rea abdominal.<\/li>\n<\/ul>\n\n\n\n<h4 class=\"wp-block-heading\">Pros y contras<\/h4>\n\n\n\n<p><strong>Contras<\/strong><\/p>\n\n\n\n<p>Los riesgos y las complicaciones del procedimiento dependen de la experiencia del cirujano y del cumplimiento por parte del paciente de las instrucciones de cuidados posoperatorios.<\/p>\n\n\n\n<p><strong>Pros<\/strong><\/p>\n\n\n\n<p>Una abdominoplastia exitosa mejora la confianza en uno mismo al eliminar el exceso de piel fl\u00e1cida.<br>El paciente logra una apariencia m\u00e1s firme, juvenil y esculpida.<\/p>\n\n\n\n<h3 class=\"wp-block-heading\">Miniabdominoplastia<\/h3>\n\n\n\n<p>La miniabdominoplastia est\u00e1 ganando popularidad r\u00e1pidamente en Turqu\u00eda. Es una opci\u00f3n eficaz para las personas que buscan mejorar su apariencia abdominal sin la extensa recuperaci\u00f3n asociada con una abdominoplastia tradicional. Estas son las caracter\u00edsticas clave que hacen que este procedimiento sea diferente:<\/p>\n\n\n\n<ul class=\"wp-block-list\">\n<li>Incisi\u00f3n m\u00e1s peque\u00f1a: una de las principales ventajas de una miniabdominoplastia es el tama\u00f1o de la incisi\u00f3n quir\u00fargica. El corte es significativamente m\u00e1s peque\u00f1o que una abdominoplastia completa, y mide t\u00edpicamente de 5 a 6 pulgadas. Esto minimiza las cicatrices visibles y reduce el trauma general en el tejido circundante.<\/li>\n\n\n\n<li>No requiere liposucci\u00f3n: a diferencia de las abdominoplastias tradicionales, que a menudo combinan el contorno abdominal con la liposucci\u00f3n, la miniabdominoplastia se puede realizar sin este procedimiento adicional si la preocupaci\u00f3n principal es la piel fl\u00e1cida en el \u00e1rea abdominal inferior. Esto la convierte en una excelente opci\u00f3n para pacientes que han mantenido un peso saludable pero luchan con la piel fl\u00e1cida debido a la gen\u00e9tica o los cambios posteriores al embarazo. Realizado bajo anestesia general: la cirug\u00eda se lleva a cabo bajo anestesia general, lo que garantiza que los pacientes est\u00e9n c\u00f3modos y sin dolor durante todo el procedimiento. Esto permite una experiencia quir\u00fargica m\u00e1s serena y ayuda a facilitar un proceso de recuperaci\u00f3n m\u00e1s suave.<\/li>\n\n\n\n<li>Incisi\u00f3n abdominal inferior: el proceso quir\u00fargico implica realizar una peque\u00f1a incisi\u00f3n justo por encima del \u00e1rea p\u00fabica en la parte inferior del abdomen. Despu\u00e9s de eliminar el exceso de piel, la incisi\u00f3n se cierra meticulosamente con t\u00e9cnicas de sutura cosm\u00e9tica dise\u00f1adas para crear una cicatriz discreta que se desvanece con el tiempo. La ubicaci\u00f3n m\u00e1s baja de la incisi\u00f3n garantiza adem\u00e1s que se pueda ocultar f\u00e1cilmente con ropa de ba\u00f1o o ropa interior.<\/li>\n\n\n\n<li>Recuperaci\u00f3n r\u00e1pida: los pacientes generalmente experimentan un tiempo de recuperaci\u00f3n m\u00e1s corto que el de una abdominoplastia completa. Muchas personas pueden volver a realizar actividades livianas en una semana, lo que la convierte en una opci\u00f3n atractiva para quienes tienen estilos de vida ocupados.al de abdominoplastia en que la incisi\u00f3n es m\u00e1s peque\u00f1a en comparaci\u00f3n con la operaci\u00f3n tradicional y se realiza sin necesidad de <a href=\"http:\/\/turkaesthetic.com\/es\/liposuction\/\" data-type=\"page\" data-id=\"33987\" target=\"_blank\" rel=\"noreferrer noopener\">liposucci\u00f3n<\/a> en el caso de que la cirug\u00eda est\u00e9tica que solo hay flacidez en la zona abdominal. Se realiza bajo anestesia general, y se distingue de la abdominoplastia que en el caso de una mini abdominoplastia, se realiza una peque\u00f1a incisi\u00f3n en la parte inferior del abdomen cerca del \u00e1rea p\u00fabica, despu\u00e9s de lo cual se realiza una sutura cosm\u00e9tica.<\/li>\n<\/ul>\n\n\n\n<figure class=\"wp-block-image size-full\"><img loading=\"lazy\" decoding=\"async\" width=\"1024\" height=\"336\" src=\"http:\/\/turkaesthetic.com\/wp-content\/uploads\/2022\/01\/mini-tummy-tuck.webp\" alt=\"Abdominoplastia en Turqu\u00eda\" class=\"wp-image-19763\" srcset=\"https:\/\/www.turkaesthetic.com\/wp-content\/uploads\/2022\/01\/mini-tummy-tuck.webp 1024w, https:\/\/www.turkaesthetic.com\/wp-content\/uploads\/2022\/01\/mini-tummy-tuck-300x98.webp 300w, https:\/\/www.turkaesthetic.com\/wp-content\/uploads\/2022\/01\/mini-tummy-tuck-768x252.webp 768w\" sizes=\"auto, (max-width: 1024px) 100vw, 1024px\" \/><figcaption class=\"wp-element-caption\">Abdominoplastia en Turqu\u00eda<\/figcaption><\/figure>\n\n\n\n<h3 class=\"wp-block-heading\">Opciones de abdominoplastia sin cirug\u00eda<\/h3>\n\n\n\n<p>Para las personas que prefieren un enfoque no quir\u00fargico, existen varias t\u00e9cnicas m\u00ednimamente invasivas:<\/p>\n\n\n\n<p>Ultrasonidos o dispositivos l\u00e1ser: estos m\u00e9todos ayudan a tensar la piel y reducir la grasa sin cirug\u00eda.<br>Recuperaci\u00f3n m\u00e1s r\u00e1pida: los pacientes pueden volver a la vida cotidiana de inmediato sin un largo per\u00edodo de recuperaci\u00f3n.<br>Estas t\u00e9cnicas son efectivas a menos que haya flacidez severa o acumulaci\u00f3n excesiva de grasa, en cuyo caso puede ser necesaria la cirug\u00eda.<\/p>\n\n\n\n<h4 class=\"wp-block-heading\">Recuperaci\u00f3n y efectos secundarios de la cirug\u00eda de abdominoplastia<\/h4>\n\n\n\n<p>El per\u00edodo de recuperaci\u00f3n de la abdominoplastia es de alrededor de 10 a 15 d\u00edas. Es posible que notes algunos efectos secundarios como:<\/p>\n\n\n\n<p>Inflamaci\u00f3n leve y hematomas.<br>Picaz\u00f3n alrededor del sitio de sutura quir\u00fargica.<br>Malestar en la primera semana, especialmente dificultad para permanecer de pie durante hasta dos semanas.<br>Entumecimiento temporal en el \u00e1rea tratada.<\/p>\n\n\n\n<h4 class=\"wp-block-heading\">Abdominoplastia en Turqu\u00eda, Estambul<\/h4>\n\n\n\n<p>Turqu\u00eda (en particular Estambul) se ha convertido en un destino principal para el turismo m\u00e9dico, atrayendo a visitantes que buscan tanto tratamiento como turismo. La ciudad ofrece varias ventajas, entre ellas:<\/p>\n\n\n\n<ul class=\"wp-block-list\">\n<li>Una amplia gama de opciones m\u00e9dicas.<\/li>\n\n\n\n<li>M\u00e9dicos altamente capacitados y con experiencia.<\/li>\n\n\n\n<li>Servicios de alta calidad a precios competitivos.<\/li>\n\n\n\n<li>Entre las diversas opciones de cirug\u00eda est\u00e9tica, la abdominoplastia es uno de los procedimientos m\u00e1s solicitados. El coste de una abdominoplastia en Turqu\u00eda var\u00eda seg\u00fan la cl\u00ednica m\u00e9dica y el caso del paciente, y suele oscilar entre 3.500 \u20ac y 4.500 \u20ac.<\/li>\n<\/ul>\n\n\n\n<h4 class=\"wp-block-heading\">Costo de una abdominoplastia en Estambul, Turqu\u00eda<\/h4>\n\n\n\n<p>El coste de una abdominoplastia depende de varios factores, entre ellos:<\/p>\n\n\n\n<ul class=\"wp-block-list\">\n<li>La reputaci\u00f3n de la cl\u00ednica m\u00e9dica o el hospital.<\/li>\n\n\n\n<li>La experiencia y las cualificaciones del cirujano.<\/li>\n\n\n\n<li>La complejidad del caso del paciente.<\/li>\n\n\n\n<li>Servicios adicionales: Algunas cl\u00ednicas ofrecen paquetes integrales que incluyen tratamiento, alojamiento y transporte.<\/li>\n\n\n\n<li>En Turk Aesthetic Istanbul, el coste oscila entre 3.500 \u20ac y 4.500 \u20ac.<\/li>\n<\/ul>\n\n\n\n<p>P\u00f3ngase en contacto con el equipo de Turk Aesthetic a trav\u00e9s de la p\u00e1gina de contacto para solicitar informaci\u00f3n sobre paquetes que incluyan alojamiento y transporte.e contacto.<\/p>\n\n\n\n<h2 class=\"wp-block-heading\">Preguntas frecuentes &#8211; Abdominoplastia<\/h2>\n\n\n<div id=\"rank-math-faq\" class=\"rank-math-block\">\n<div class=\"rank-math-list \">\n<div id=\"faq-question-1677949661742\" class=\"rank-math-list-item\">\n<h3 class=\"rank-math-question \">\u00bfCu\u00e1nto dura una abdominoplastia?<\/h3>\n<div class=\"rank-math-answer \">\n\n<p>2-3 horas, dependiendo del caso individual.<\/p>\n\n<\/div>\n<\/div>\n<div id=\"faq-question-1741350910418\" class=\"rank-math-list-item\">\n<h3 class=\"rank-math-question \">\u00bfCu\u00e1ndo ver\u00e9 los resultados de mi abdominoplastia?<\/h3>\n<div class=\"rank-math-answer \">\n\n<p>Los resultados son inmediatos y se hacen m\u00e1s evidentes a medida que desaparecen los efectos postoperatorios.<\/p>\n\n<\/div>\n<\/div>\n<div id=\"faq-question-1741350918199\" class=\"rank-math-list-item\">\n<h3 class=\"rank-math-question \">\u00bfCu\u00e1l es la tasa de \u00e9xito de una abdominoplastia?<\/h3>\n<div class=\"rank-math-answer \">\n\n<p>El procedimiento tiene una alta tasa de \u00e9xito en comparaci\u00f3n con otras cirug\u00edas est\u00e9ticas.<\/p>\n\n<\/div>\n<\/div>\n<div id=\"faq-question-1741350925238\" class=\"rank-math-list-item\">\n<h3 class=\"rank-math-question \">\u00bfQu\u00e9 tipo de anestesia se utiliza en una abdominoplastia?<\/h3>\n<div class=\"rank-math-answer \">\n\n<p>Las abdominoplastias se realizan \u00fanicamente con anestesia general.<\/p>\n\n<\/div>\n<\/div>\n<div id=\"faq-question-1741350931438\" class=\"rank-math-list-item\">\n<h3 class=\"rank-math-question \">\u00bfCu\u00e1l es el costo de una abdominoplastia en Turqu\u00eda?<\/h3>\n<div class=\"rank-math-answer \">\n\n<p>En Turk Aesthetic Istanbul, el costo es de \u20ac 3.500 a \u20ac 4.500.<\/p>\n\n<\/div>\n<\/div>\n<div id=\"faq-question-1741350938200\" class=\"rank-math-list-item\">\n<h3 class=\"rank-math-question \">\u00bfCu\u00e1l es el per\u00edodo de recuperaci\u00f3n despu\u00e9s de una abdominoplastia?<\/h3>\n<div class=\"rank-math-answer \">\n\n<p>La recuperaci\u00f3n suele tardar entre 7 y 10 d\u00edas.<\/p>\n\n<\/div>\n<\/div>\n<div id=\"faq-question-1741350949402\" class=\"rank-math-list-item\">\n<h3 class=\"rank-math-question \">\u00bfLos resultados de una abdominoplastia son permanentes?<\/h3>\n<div class=\"rank-math-answer \">\n\n<p>El procedimiento elimina de forma permanente el exceso de piel, con resultados que duran entre 5 y 15 a\u00f1os, siempre que el paciente mantenga un peso estable.<\/p>\n\n<\/div>\n<\/div>\n<div id=\"faq-question-1741350952801\" class=\"rank-math-list-item\">\n<h3 class=\"rank-math-question \">\u00bfLa abdominoplastia ayuda a perder peso?<\/h3>\n<div class=\"rank-math-answer \">\n\n<p>No, la abdominoplastia elimina el exceso de piel debido a la p\u00e9rdida de peso o al parto. No es un procedimiento para bajar de peso.<\/p>\n\n<\/div>\n<\/div>\n<\/div>\n<\/div>\n\n\n<p>Y finalmente, puede ponerse en\u00a0<a href=\"http:\/\/turkaesthetic.com\/es\/contact-us\/\" target=\"_blank\" rel=\"noreferrer noopener\"><strong>contacto\u00a0<\/strong><\/a>directamente con el equipo de para solicitar informaci\u00f3n y precios al Centro de\u00a0<a href=\"https:\/\/www.youtube.com\/channel\/UC0zggzdm5CFwpRMmn_CPpFQ\" target=\"_blank\" rel=\"noreferrer noopener\"><strong>Est\u00e9tica Turca<\/strong><\/a>\u00a0de Turqu\u00eda Estambul.<a href=\"http:\/\/turkaesthetic.com\/es\/beard-transplant\/\"><\/a><a href=\"http:\/\/turkaesthetic.com\/es\/prp\/\"><\/a><\/p>\n","protected":false},"excerpt":{"rendered":"<p>La abdominoplastia es una cirug\u00eda pl\u00e1stica que elimina el exceso de grasa y piel, al mismo tiempo que tensa los m\u00fasculos fl\u00e1cidos para crear un abdomen m\u00e1s plano y tonificado. Adem\u00e1s, el procedimiento ayuda a eliminar las arrugas y la flacidez causadas por el aumento de peso, lo que da como resultado una apariencia m\u00e1s [&hellip;]<\/p>\n","protected":false},"author":1,"featured_media":19762,"parent":0,"menu_order":0,"comment_status":"closed","ping_status":"closed","template":"","meta":{"footnotes":""},"dep":[1354],"class_list":["post-34308","page","type-page","status-publish","has-post-thumbnail","hentry","dep-plastic-surgeries"],"_links":{"self":[{"href":"https:\/\/www.turkaesthetic.com\/es\/wp-json\/wp\/v2\/pages\/34308","targetHints":{"allow":["GET"]}}],"collection":[{"href":"https:\/\/www.turkaesthetic.com\/es\/wp-json\/wp\/v2\/pages"}],"about":[{"href":"https:\/\/www.turkaesthetic.com\/es\/wp-json\/wp\/v2\/types\/page"}],"author":[{"embeddable":true,"href":"https:\/\/www.turkaesthetic.com\/es\/wp-json\/wp\/v2\/users\/1"}],"replies":[{"embeddable":true,"href":"https:\/\/www.turkaesthetic.com\/es\/wp-json\/wp\/v2\/comments?post=34308"}],"version-history":[{"count":0,"href":"https:\/\/www.turkaesthetic.com\/es\/wp-json\/wp\/v2\/pages\/34308\/revisions"}],"wp:featuredmedia":[{"embeddable":true,"href":"https:\/\/www.turkaesthetic.com\/es\/wp-json\/wp\/v2\/media\/19762"}],"wp:attachment":[{"href":"https:\/\/www.turkaesthetic.com\/es\/wp-json\/wp\/v2\/media?parent=34308"}],"wp:term":[{"taxonomy":"dep","embeddable":true,"href":"https:\/\/www.turkaesthetic.com\/es\/wp-json\/wp\/v2\/dep?post=34308"}],"curies":[{"name":"wp","href":"https:\/\/api.w.org\/{rel}","templated":true}]}}