{"id":34283,"date":"2022-01-07T09:17:12","date_gmt":"2022-01-07T06:17:12","guid":{"rendered":"http:\/\/turkaesthetic.com\/?page_id=34283"},"modified":"2025-03-06T17:15:33","modified_gmt":"2025-03-06T14:15:33","slug":"arm-lift","status":"publish","type":"page","link":"https:\/\/www.turkaesthetic.com\/es\/arm-lift\/","title":{"rendered":"Lifting de Brazos"},"content":{"rendered":"\n<p>El<strong> lifting de brazos<\/strong> (braquioplastia) es un procedimiento cosm\u00e9tico que implica la <a href=\"https:\/\/www.turkaesthetic.com\/es\/liposuction\/\" target=\"_blank\" data-type=\"page\" data-id=\"33987\" rel=\"noreferrer noopener\">liposucci\u00f3n<\/a> y el estiramiento de la piel fl\u00e1cida causada por la p\u00e9rdida de peso, el envejecimiento u otros factores. Las causas comunes de la flacidez de los brazos incluyen el envejecimiento, la obesidad, la p\u00e9rdida repentina de peso, la gen\u00e9tica, los cambios hormonales como el aumento de la secreci\u00f3n de estr\u00f3geno, la mala alimentaci\u00f3n que carece de vitaminas y minerales esenciales, la falta de ejercicio y la deshidrataci\u00f3n.<\/p>\n\n\n\n<p>El procedimiento suele durar de 2 a 3 horas y se realiza con anestesia general. Los pacientes deben permanecer en el hospital durante una noche despu\u00e9s de la cirug\u00eda. Los resultados son inmediatos y se vuelven m\u00e1s evidentes a medida que disminuye la hinchaz\u00f3n posoperatoria. Con el cuidado adecuado, los resultados de un lifting de brazos pueden durar entre 10 y 20 a\u00f1os.<\/p>\n\n\n\n<p>A continuaci\u00f3n, puede encontrar informaci\u00f3n breve sobre la cirug\u00eda:<\/p>\n\n\n\n<figure class=\"wp-block-table\"><table><tbody><tr><td>Anestesia&nbsp;<\/td><td>General<\/td><\/tr><tr><td>Duraci\u00f3n del procedimiento<\/td><td>2-3 horas<\/td><\/tr><tr><td>Resultados<\/td><td>Inmediata \/ 10 -20 a\u00f1os Aprox.&nbsp;<\/td><\/tr><tr><td>Convalecencia<\/td><td>7-10 d\u00edas&nbsp;<\/td><\/tr><tr><td>Estancia en el hospital<\/td><td>1 Noche<\/td><\/tr><\/tbody><\/table><\/figure>\n\n\n\n<h2 class=\"wp-block-heading\">\u00bfC\u00f3mo se realiza el lifting de brazos (braquioplastia)?<\/h2>\n\n\n\n<p>Antes del procedimiento, el m\u00e9dico recopila informaci\u00f3n detallada sobre el historial m\u00e9dico del paciente, incluidos los medicamentos que toma regularmente y las condiciones de salud existentes. A continuaci\u00f3n, se habla sobre la forma esperada de los brazos despu\u00e9s de la cirug\u00eda, para garantizar que los resultados se alineen armoniosamente con las proporciones del cuerpo. Tambi\u00e9n se informa al paciente sobre el tipo de anestesia que se utilizar\u00e1 y las precauciones necesarias antes de someterse a la anestesia.<\/p>\n\n\n\n<p>Se realizan una serie de ex\u00e1menes m\u00e9dicos generales para confirmar que el paciente se encuentra en buen estado de salud y apto para el procedimiento. Las \u00e1reas a tratar se marcan en consecuencia. Durante la cirug\u00eda, el m\u00e9dico realiza una incisi\u00f3n quir\u00fargica en un \u00e1rea oculta de los brazos, elimina el exceso de piel y realiza una liposucci\u00f3n si es necesario. Finalmente, se tensan los tejidos y se cierran las incisiones utilizando suturas cosm\u00e9ticas disolubles para promover un proceso de curaci\u00f3n sin problemas.<\/p>\n\n\n\n<h3 class=\"wp-block-heading\">Video<\/h3>\n\n\n\n<p>A continuaci\u00f3n, se muestra un video que explica la cirug\u00eda de levantamiento de brazos en detalle:<\/p>\n\n\n\n<p>Tipos de procedimientos de levantamiento de brazos (braquioplastia)<\/p>\n\n\n\n<p>Existen tres tipos principales de este procedimiento, cada uno adaptado a la condici\u00f3n del paciente y al grado de flacidez y acumulaci\u00f3n de grasa:<\/p>\n\n\n\n<figure class=\"wp-block-embed is-type-video is-provider-youtube wp-block-embed-youtube wp-embed-aspect-16-9 wp-has-aspect-ratio\"><div class=\"wp-block-embed__wrapper\">\n<iframe loading=\"lazy\" title=\"Arm lift - Turk Aesthetic\" width=\"800\" height=\"450\" src=\"https:\/\/www.youtube.com\/embed\/aleyddeC4lI?feature=oembed\" frameborder=\"0\" allow=\"accelerometer; autoplay; clipboard-write; encrypted-media; gyroscope; picture-in-picture; web-share\" referrerpolicy=\"strict-origin-when-cross-origin\" allowfullscreen><\/iframe>\n<\/div><figcaption class=\"wp-element-caption\">Lifting de Brazos<\/figcaption><\/figure>\n\n\n\n<h3 class=\"wp-block-heading\">Mini levantamiento de brazos<\/h3>\n\n\n\n<p>Un mini levantamiento de brazos es ideal para personas con un exceso m\u00ednimo de piel. En esta t\u00e9cnica, se realiza una peque\u00f1a incisi\u00f3n quir\u00fargica debajo de la axila para eliminar la piel fl\u00e1cida. Si hay exceso de grasa, se puede realizar una liposucci\u00f3n simult\u00e1neamente para mejorar los resultados.<\/p>\n\n\n\n<h4 class=\"wp-block-heading\">Lifting de brazos extenso<\/h4>\n\n\n\n<figure class=\"wp-block-image size-full\"><img loading=\"lazy\" decoding=\"async\" width=\"1024\" height=\"576\" src=\"http:\/\/turkaesthetic.com\/wp-content\/uploads\/2022\/01\/minmal-arm-lift.webp\" alt=\"Cirug\u00eda de braquioplastia en Turqu\u00eda\" class=\"wp-image-19772\" srcset=\"https:\/\/www.turkaesthetic.com\/wp-content\/uploads\/2022\/01\/minmal-arm-lift.webp 1024w, https:\/\/www.turkaesthetic.com\/wp-content\/uploads\/2022\/01\/minmal-arm-lift-300x169.webp 300w, https:\/\/www.turkaesthetic.com\/wp-content\/uploads\/2022\/01\/minmal-arm-lift-768x432.webp 768w\" sizes=\"auto, (max-width: 1024px) 100vw, 1024px\" \/><figcaption class=\"wp-element-caption\">Cirug\u00eda de braquioplastia en Turqu\u00eda<\/figcaption><\/figure>\n\n\n\n<p>Esta t\u00e9cnica se utiliza para la flacidez moderada de la piel. La incisi\u00f3n se extiende desde la axila hasta el codo, lo que permite un estiramiento m\u00e1s significativo de la piel. Tambi\u00e9n se puede realizar una liposucci\u00f3n durante el procedimiento si es necesario.<\/p>\n\n\n\n<h4 class=\"wp-block-heading\">Lifting de brazos est\u00e1ndar<\/h4>\n\n\n\n<p>Para la flacidez severa de la piel, se recomienda el lifting de brazos completo. En esta t\u00e9cnica, se realiza una incisi\u00f3n en forma de T a lo largo del brazo, que se extiende desde la axila hasta el codo. Este m\u00e9todo es el m\u00e1s completo y elimina eficazmente el exceso de piel y grasa para lograr una apariencia m\u00e1s juvenil y tonificada.<\/p>\n\n\n\n<h4 class=\"wp-block-heading\">Lifting de brazos no quir\u00fargico<\/h4>\n\n\n\n<p>Para las personas que prefieren un enfoque no quir\u00fargico, el estiramiento de los brazos se puede lograr a trav\u00e9s de procedimientos m\u00ednimamente invasivos. Estos m\u00e9todos son r\u00e1pidos y f\u00e1ciles de realizar, pero los resultados son temporales y pueden no ser adecuados para la flacidez severa. Las dos t\u00e9cnicas no quir\u00fargicas principales incluyen:<\/p>\n\n\n\n<ul class=\"wp-block-list\">\n<li>Lifting de brazos con <a href=\"https:\/\/www.turkaesthetic.com\/es\/non-surgical-es\/endolift-in-turkey\/\" target=\"_blank\" data-type=\"post\" data-id=\"44222\" rel=\"noreferrer noopener\">endolift<\/a>: utiliza energ\u00eda l\u00e1ser para estimular la producci\u00f3n de col\u00e1geno y mejorar la firmeza de la piel.<\/li>\n\n\n\n<li><a href=\"https:\/\/www.turkaesthetic.com\/es\/non-surgical-es\/hifu-in-turkey\/\" target=\"_blank\" data-type=\"post\" data-id=\"35486\" rel=\"noreferrer noopener\">HIFU<\/a> (ultrasonido focalizado de alta intensidad): penetra profundamente en las capas de la piel para tensar y rejuvenecer los brazos fl\u00e1cidos.<\/li>\n<\/ul>\n\n\n\n<h3 class=\"wp-block-heading\">\u00bfQui\u00e9n puede someterse a una cirug\u00eda de lifting de brazos?<\/h3>\n\n\n\n<p>Las personas que cumplen los siguientes criterios son candidatos adecuados para la cirug\u00eda:<\/p>\n\n\n\n<ul class=\"wp-block-list\">\n<li>Mayores de 20 a\u00f1os y con buena salud general<\/li>\n\n\n\n<li>Sufren de flacidez en los brazos debido a la p\u00e9rdida de peso o factores gen\u00e9ticos<\/li>\n\n\n\n<li>Buscan una soluci\u00f3n a largo plazo para mejorar la apariencia de sus brazos y recuperar la confianza en s\u00ed mismos<\/li>\n<\/ul>\n\n\n\n<h3 class=\"wp-block-heading\">\u00bfQui\u00e9n debe evitar la cirug\u00eda de lifting de brazos?<\/h3>\n\n\n\n<ul class=\"wp-block-list\">\n<li>Personas menores de 20 a\u00f1os<\/li>\n\n\n\n<li>Aquellos que padecen enfermedades cr\u00f3nicas o contagiosas<\/li>\n\n\n\n<li>Pacientes con peque\u00f1as arrugas en la piel, que pueden beneficiarse de tratamientos no quir\u00fargicos como el l\u00e1ser o el HIFU en lugar de la cirug\u00eda<\/li>\n<\/ul>\n\n\n\n<h3 class=\"wp-block-heading\">El m\u00e9dico que realiza la cirug\u00eda<\/h3>\n\n\n\n<p>El lifting de brazos es un procedimiento cosm\u00e9tico especializado que debe ser realizado por un cirujano pl\u00e1stico experimentado. Los m\u00e9dicos de otros campos m\u00e9dicos no pueden realizar este tipo de operaci\u00f3n. Al elegir un hospital o una cl\u00ednica m\u00e9dica, es esencial asegurarse de:<\/p>\n\n\n\n<ul class=\"wp-block-list\">\n<li>Una cl\u00ednica m\u00e9dica confiable y certificada<\/li>\n\n\n\n<li>Un entorno cl\u00ednico est\u00e9ril con altos est\u00e1ndares de higiene<\/li>\n\n\n\n<li>Un cirujano pl\u00e1stico altamente calificado y con experiencia<\/li>\n\n\n\n<li>El costo del procedimiento puede reflejar la calidad y credibilidad de la cl\u00ednica. Se recomienda no regatear el precio, ya que un costo m\u00e1s alto suele garantizar mejores resultados, seguridad y experiencia.<\/li>\n<\/ul>\n\n\n\n<h3 class=\"wp-block-heading\">Anestesia utilizada en la cirug\u00eda de lifting de brazos<\/h3>\n\n\n\n<p>El procedimiento se realiza con anestesia general. Para garantizar la seguridad, el paciente debe dejar de comer y beber al menos 6 horas antes de la cirug\u00eda para evitar molestias estomacales y permanecer en el hospital durante una noche despu\u00e9s del procedimiento para su control y recuperaci\u00f3n.<\/p>\n\n\n\n<h3 class=\"wp-block-heading\">Pasos del procedimiento de estiramiento de brazos en Turqu\u00eda<\/h3>\n\n\n<div id=\"rank-math-howto\" class=\"rank-math-block\" >\n<div class=\"rank-math-howto-description\">\n\n<p>La cirug\u00eda de estiramiento de brazos pasa por tres etapas, al igual que otras operaciones:<\/p>\n\n<\/div>\n<p class=\"rank-math-howto-duration\"><strong>Tiempo total:<\/strong> <span>3 horas<\/span><\/p>\n<div class=\"rank-math-steps \">\n<div id=\"howto-step-1677853856705\" class=\"rank-math-step\">\n<h3 class=\"rank-math-step-title \">Antes del procedimiento\u00a0<\/h3>\n<div class=\"rank-math-step-content \"><p>Antes de la cirug\u00eda, el paciente debe:<br \/>-Informar al m\u00e9dico sobre cualquier enfermedad cr\u00f3nica o medicaci\u00f3n que est\u00e9 utilizando.<br \/>-Discutir los resultados esperados con el m\u00e9dico.<br \/>-Evitar comer y beber al menos 6 horas antes de la cirug\u00eda debido a los requisitos de anestesia.<br \/>-Abstenerse de beber y beber alcohol al menos una semana antes del procedimiento.<br \/>-Dejar de tomar medicamentos anticoagulantes como la aspirina (solo despu\u00e9s de consultar con el m\u00e9dico).<br \/>-Usar ropa c\u00f3moda el d\u00eda de la operaci\u00f3n.<\/p>\n<\/div>\n<\/div>\n<div id=\"howto-step-1677853889434\" class=\"rank-math-step\">\n<h3 class=\"rank-math-step-title \">Durante el procedimiento\u00a0<\/h3>\n<div class=\"rank-math-step-content \"><p>La cirug\u00eda de lifting de brazos var\u00eda seg\u00fan sea mini, est\u00e1ndar o extensa, seg\u00fan la condici\u00f3n del paciente y el nivel de flacidez. Durante el procedimiento:<br \/>-Se realiza una incisi\u00f3n quir\u00fargica en un \u00e1rea oculta de los brazos.<br \/>-Se realiza la eliminaci\u00f3n de grasa (liposucci\u00f3n) si es necesario.<br \/>-Se elimina cuidadosamente el exceso de piel fl\u00e1cida.<br \/>-La piel se sutura con hilos cosm\u00e9ticos disolubles, que desaparecen de forma natural en dos semanas.<\/p>\n<\/div>\n<\/div>\n<div id=\"howto-step-1677853910967\" class=\"rank-math-step\">\n<h3 class=\"rank-math-step-title \">Despu\u00e9s del procedimiento\u00a0<\/h3>\n<div class=\"rank-math-step-content \"><p>Tras la cirug\u00eda, el paciente debe permanecer en el hospital durante una o dos noches. El cirujano pl\u00e1stico le dar\u00e1 instrucciones espec\u00edficas para garantizar una curaci\u00f3n adecuada. Para lograr los mejores resultados, el paciente debe:<br \/>-Descansar completamente y tomar analg\u00e9sicos y antiinflamatorios recetados.<br \/>-Evitar fumar y dejar de usar medicamentos anticoagulantes.<br \/>-Beber mucho l\u00edquido para ayudar a una recuperaci\u00f3n m\u00e1s r\u00e1pida y la curaci\u00f3n de la herida.<br \/>-Dormir adecuadamente, acostado solo boca arriba durante el per\u00edodo especificado por el m\u00e9dico.<br \/>-Seguir las instrucciones adecuadas para el cuidado de la herida para una curaci\u00f3n \u00f3ptima.<\/p>\n<\/div>\n<\/div>\n<\/div>\n<\/div>\n<p class=\"rank-math-howto-estimatedCost\"><strong>Coste estimado:<\/strong> <span>2500 Euro<\/span><\/p>\n\n\n\n\n\n<h3 class=\"wp-block-heading\">Antes y despu\u00e9s de la cirug\u00eda de lifting de brazos<\/h3>\n\n\n\n<p>Los pacientes pueden ver mejoras significativas despu\u00e9s del procedimiento. Muchas fotos de antes y despu\u00e9s de cirug\u00edas exitosas en Turk Aesthetic en Estambul muestran la transformaci\u00f3n.<\/p>\n\n\n\n<figure class=\"wp-block-gallery has-nested-images columns-default is-cropped wp-block-gallery-1 is-layout-flex wp-block-gallery-is-layout-flex\">\n<figure class=\"wp-block-image size-large\"><img loading=\"lazy\" decoding=\"async\" width=\"1200\" height=\"800\" data-id=\"50381\" src=\"https:\/\/www.turkaesthetic.com\/wp-content\/uploads\/2024\/01\/Arm-lift-before-after-5.webp\" alt=\"Antes y despu\u00e9s del lifting de brazos en Turqu\u00eda\" class=\"wp-image-50381\"\/><figcaption class=\"wp-element-caption\">Antes y despu\u00e9s del lifting de brazos en Turqu\u00eda<\/figcaption><\/figure>\n\n\n\n<figure class=\"wp-block-image size-large\"><img loading=\"lazy\" decoding=\"async\" width=\"1200\" height=\"800\" data-id=\"44932\" src=\"https:\/\/www.turkaesthetic.com\/wp-content\/uploads\/2023\/11\/before-after-arm-lift-4.jpg\" alt=\"Antes y despu\u00e9s del lifting de brazos en T\u00fcrkiye\" class=\"wp-image-44932\"\/><figcaption class=\"wp-element-caption\">Antes y despu\u00e9s del lifting de brazos en T\u00fcrkiye<\/figcaption><\/figure>\n\n\n\n<figure class=\"wp-block-image size-large\"><img loading=\"lazy\" decoding=\"async\" width=\"1200\" height=\"800\" data-id=\"44923\" src=\"https:\/\/www.turkaesthetic.com\/wp-content\/uploads\/2023\/11\/before-after-arm-lift-3.jpg\" alt=\"Antes y despu\u00e9s del lifting de brazos en T\u00fcrkiye\" class=\"wp-image-44923\"\/><figcaption class=\"wp-element-caption\">Antes y despu\u00e9s del lifting de brazos en T\u00fcrkiye<\/figcaption><\/figure>\n<\/figure>\n\n\n\n<h3 class=\"wp-block-heading\">Lifting de brazos con l\u00e1ser<\/h3>\n\n\n\n<p>La tecnolog\u00eda l\u00e1ser ha ganado popularidad como una opci\u00f3n no quir\u00fargica para el tensado de los brazos. Funciona emitiendo rayos que estimulan la producci\u00f3n de col\u00e1geno, haciendo que la piel luzca m\u00e1s radiante y juvenil.<\/p>\n\n\n\n<p>Duraci\u00f3n de la sesi\u00f3n: 30-45 minutos<br>Sesiones requeridas: Varias sesiones para resultados duraderos<br>HIFU (ultrasonido focalizado de alta intensidad)<br>La t\u00e9cnica HIFU utiliza ondas de ultrasonido para penetrar profundamente en la piel, tens\u00e1ndola de forma natural y estimulando la producci\u00f3n de col\u00e1geno.<\/p>\n\n\n\n<p>Duraci\u00f3n de la sesi\u00f3n: 30-45 minutos<br>Resultados que duran: Aproximadamente un a\u00f1o<\/p>\n\n\n\n<h3 class=\"wp-block-heading\">La opci\u00f3n quir\u00fargica<\/h3>\n\n\n\n<p>Esta es la soluci\u00f3n m\u00e1s efectiva y permanente para la flacidez severa. Se clasifica en mini, est\u00e1ndar o extenso, seg\u00fan el grado de flacidez.<\/p>\n\n\n\n<ul class=\"wp-block-list\">\n<li>Mini lifting de brazos: peque\u00f1a incisi\u00f3n debajo de la axila para flacidez leve.<\/li>\n\n\n\n<li>Lifting de brazos est\u00e1ndar: se extiende desde la axila hasta el codo para flacidez moderada.<\/li>\n\n\n\n<li>Lifting de brazos extenso: se realiza una incisi\u00f3n en forma de T para flacidez severa.<\/li>\n\n\n\n<li>La opci\u00f3n quir\u00fargica se recomienda para obtener mejoras espectaculares y duraderas, mientras que el l\u00e1ser y el HIFU son mejores para los casos leves.<\/li>\n<\/ul>\n\n\n\n<h4 class=\"wp-block-heading\">Instrucciones posoperatorias<\/h4>\n\n\n\n<p>Despu\u00e9s de la cirug\u00eda, los pacientes deben cumplir con varias pautas importantes para garantizar una curaci\u00f3n adecuada y los mejores resultados posibles:<\/p>\n\n\n\n<ul class=\"wp-block-list\">\n<li>Seguir estrictamente las instrucciones del m\u00e9dico y tomar los medicamentos recetados a tiempo.<\/li>\n\n\n\n<li>Evitar la exposici\u00f3n a la luz solar directa o al calor para evitar complicaciones.<\/li>\n\n\n\n<li>Dormir boca arriba \u00fanicamente y asegurarse de moverse con frecuencia para evitar la rigidez.<\/li>\n\n\n\n<li>Beber mucha agua y l\u00edquidos para ayudar en la recuperaci\u00f3n.<\/li>\n\n\n\n<li>Usar el cors\u00e9 de compresi\u00f3n proporcionado por el m\u00e9dico durante el per\u00edodo recomendado para reducir la hinchaz\u00f3n y favorecer la curaci\u00f3n.<\/li>\n<\/ul>\n\n\n\n<h3 class=\"wp-block-heading\">Pros y contras de la cirug\u00eda<\/h3>\n\n\n\n<p><strong>Aspectos negativos<\/strong><\/p>\n\n\n\n<p>Los desaf\u00edos de una cirug\u00eda de lifting de brazos dependen en gran medida de la experiencia del cirujano y de la adherencia del paciente a las instrucciones posoperatorias. Las posibles desventajas incluyen:<\/p>\n\n\n\n<p>No lograr los resultados esperados si el procedimiento no se realiza correctamente.<br>Asimetr\u00eda leve entre ambos brazos en casos excepcionales.<br>Restricci\u00f3n temporal del movimiento del brazo en el per\u00edodo de recuperaci\u00f3n inicial. <\/p>\n\n\n\n<p>Ventajas<br>Cuando se realiza con \u00e9xito, ofrece varios beneficios est\u00e9ticos y psicol\u00f3gicos, entre ellos:<\/p>\n\n\n\n<p>Aumento de la confianza en uno mismo debido a una mejor apariencia de los brazos.<br>Un aspecto m\u00e1s juvenil, firme y tonificado tras eliminar la flacidez.<br>Recuperaci\u00f3n de la forma natural de los brazos para una figura m\u00e1s proporcionada y atractiva.<\/p>\n\n\n\n<p><strong>Efectos secundarios de la cirug\u00eda<\/strong><\/p>\n\n\n\n<ul class=\"wp-block-list\">\n<li>Hinchaz\u00f3n y enrojecimiento en los brazos (temporal).<\/li>\n\n\n\n<li>Leve picor en el sitio de la sutura quir\u00fargica.<\/li>\n\n\n\n<li>Malestar en el per\u00edodo de recuperaci\u00f3n inicial.<\/li>\n\n\n\n<li>Entumecimiento temporal en el \u00e1rea tratada.<\/li>\n\n\n\n<li>Dolor leve, que se puede controlar con analg\u00e9sicos recetados por el m\u00e9dico.<\/li>\n<\/ul>\n\n\n\n<h3 class=\"wp-block-heading\">Cirug\u00eda de lifting de brazos en Turqu\u00eda (Estambul)<\/h3>\n\n\n\n<p>Turqu\u00eda, en general, y Estambul, en particular, son destinos populares para muchos turistas que visitan la ciudad tanto para el tratamiento como para el turismo. Esto se debe a las numerosas ventajas que ofrece, como una amplia gama de opciones, la experiencia de los m\u00e9dicos, la calidad del servicio y los precios razonables. La cirug\u00eda de lifting de brazos en Turqu\u00eda es uno de los procedimientos cosm\u00e9ticos m\u00e1s solicitados, con costes que oscilan entre los 2.500 euros y los 3.500 euros, dependiendo de la cl\u00ednica y de las particularidades de la operaci\u00f3n.<\/p>\n\n\n\n<h3 class=\"wp-block-heading\">Costo de la cirug\u00eda de lifting de brazos en Turqu\u00eda Estambul<\/h3>\n\n\n\n<p>El coste de la braquioplastia en Turqu\u00eda var\u00eda en funci\u00f3n de varios factores:<\/p>\n\n\n\n<p>La reputaci\u00f3n de la cl\u00ednica m\u00e9dica o del hospital<br>La experiencia del m\u00e9dico<br>Detalles del procedimiento<br>Los servicios adicionales que ofrece la cl\u00ednica, ya que algunas cl\u00ednicas ofrecen paquetes que incluyen tratamiento, alojamiento y transporte<br>En Turk Aesthetic en Estambul, Turqu\u00eda, el coste de la operaci\u00f3n se determina en funci\u00f3n de los detalles del procedimiento y oscila entre los 2.500 y los 3.500 euros.<\/p>\n\n\n\n<p>Para consultar el coste de un paquete que incluye alojamiento y transporte, puede ponerse en contacto con el equipo de Turk Aesthetic a trav\u00e9s de la p\u00e1gina de contacto.nsporte, puede ponerse en contacto con el equipo de Turk Aesthetic a trav\u00e9s de la p\u00e1gina de contacto.<\/p>\n\n\n\n<h2 class=\"wp-block-heading\">Preguntas frecuentes &#8211; Cirug\u00eda de lifting de brazos <\/h2>\n\n\n<div id=\"rank-math-faq\" class=\"rank-math-block\">\n<div class=\"rank-math-list \">\n<div id=\"faq-question-1677854154198\" class=\"rank-math-list-item\">\n<h3 class=\"rank-math-question \">\u00bfCu\u00e1nto tiempo dura un procedimiento de lifting de brazos?<\/h3>\n<div class=\"rank-math-answer \">\n\n<p>Aproximadamente de 2 a 3 horas seg\u00fan los detalles de la operaci\u00f3n.<\/p>\n\n<\/div>\n<\/div>\n<div id=\"faq-question-1741270260200\" class=\"rank-math-list-item\">\n<h3 class=\"rank-math-question \">\u00bfCu\u00e1ndo aparecer\u00e1n los resultados del procedimiento de lifting de brazos?<\/h3>\n<div class=\"rank-math-answer \">\n\n<p>Los resultados del procedimiento son inmediatos y se pueden ver claramente una vez que desaparecen los efectos de la cirug\u00eda.<\/p>\n\n<\/div>\n<\/div>\n<div id=\"faq-question-1741270321876\" class=\"rank-math-list-item\">\n<h3 class=\"rank-math-question \">\u00bfCu\u00e1l es la tasa de \u00e9xito de la braquioplastia?<\/h3>\n<div class=\"rank-math-answer \">\n\n<p>El grado de resultados es proporcional a la habilidad del m\u00e9dico que realiza el procedimiento y al compromiso del paciente con las instrucciones m\u00e9dicas recomendadas despu\u00e9s de la operaci\u00f3n. En general, la tasa de \u00e9xito de la operaci\u00f3n es alta en comparaci\u00f3n con otras operaciones.<\/p>\n\n<\/div>\n<\/div>\n<div id=\"faq-question-1741270328065\" class=\"rank-math-list-item\">\n<h3 class=\"rank-math-question \">\u00bfQu\u00e9 tipo de anestesia se utiliza en un lifting de brazos?<\/h3>\n<div class=\"rank-math-answer \">\n\n<p>Una operaci\u00f3n de lifting de brazos se puede realizar con anestesia general.<\/p>\n\n<\/div>\n<\/div>\n<div id=\"faq-question-1741270337495\" class=\"rank-math-list-item\">\n<h3 class=\"rank-math-question \">\u00bfCu\u00e1l es el coste de la cirug\u00eda de lifting de brazos en Turqu\u00eda?<\/h3>\n<div class=\"rank-math-answer \">\n\n<p>En Turk Aesthetic Istanbul, el coste de la cirug\u00eda de lifting de brazos oscila entre 2500 y 3500 euros.<\/p>\n\n<\/div>\n<\/div>\n<div id=\"faq-question-1741270343909\" class=\"rank-math-list-item\">\n<h3 class=\"rank-math-question \">\u00bfCu\u00e1l es el per\u00edodo de recuperaci\u00f3n despu\u00e9s de la braquioplastia?<\/h3>\n<div class=\"rank-math-answer \">\n\n<p>Aproximadamente de una semana a diez d\u00edas.<\/p>\n\n<\/div>\n<\/div>\n<div id=\"faq-question-1741270346833\" class=\"rank-math-list-item\">\n<h3 class=\"rank-math-question \">\u00bfSon permanentes los resultados de la cirug\u00eda de lifting de brazos? <\/h3>\n<div class=\"rank-math-answer \">\n\n<p>La cirug\u00eda de lifting de brazos es una soluci\u00f3n radical para eliminar las arrugas y la flacidez, y sus resultados pueden durar entre 10 y 20 a\u00f1os.<\/p>\n\n<\/div>\n<\/div>\n<div id=\"faq-question-1741270387106\" class=\"rank-math-list-item\">\n<h3 class=\"rank-math-question \">\u00bfCu\u00e1l es el costo del lifting de brazos sin cirug\u00eda?<\/h3>\n<div class=\"rank-math-answer \">\n\n<p>El costo var\u00eda seg\u00fan el tipo de t\u00e9cnica utilizada y el n\u00famero de sesiones realizadas.<\/p>\n\n<\/div>\n<\/div>\n<\/div>\n<\/div>\n\n\n<p>Por \u00faltimo, puede ponerse en <a href=\"http:\/\/turkaesthetic.com\/es\/contact-us\/\" target=\"_blank\" data-type=\"page\" data-id=\"33306\" rel=\"noreferrer noopener\">contacto <\/a>directamente a trav\u00e9s del enlace para solicitar informaci\u00f3n y precios de <a href=\"https:\/\/www.youtube.com\/channel\/UC0zggzdm5CFwpRMmn_CPpFQ\" target=\"_blank\" data-type=\"URL\" data-id=\"https:\/\/www.youtube.com\/channel\/UC0zggzdm5CFwpRMmn_CPpFQ\" rel=\"noreferrer noopener\">Turk Aesthetic<\/a> Istanbul<\/p>\n\n\n\n<p><\/p>\n","protected":false},"excerpt":{"rendered":"<p>El lifting de brazos (braquioplastia) es un procedimiento cosm\u00e9tico que implica la liposucci\u00f3n y el estiramiento de la piel fl\u00e1cida causada por la p\u00e9rdida de peso, el envejecimiento u otros factores. Las causas comunes de la flacidez de los brazos incluyen el envejecimiento, la obesidad, la p\u00e9rdida repentina de peso, la gen\u00e9tica, los cambios hormonales [&hellip;]<\/p>\n","protected":false},"author":1,"featured_media":19771,"parent":0,"menu_order":0,"comment_status":"closed","ping_status":"closed","template":"","meta":{"footnotes":""},"dep":[1354],"class_list":["post-34283","page","type-page","status-publish","has-post-thumbnail","hentry","dep-plastic-surgeries"],"_links":{"self":[{"href":"https:\/\/www.turkaesthetic.com\/es\/wp-json\/wp\/v2\/pages\/34283","targetHints":{"allow":["GET"]}}],"collection":[{"href":"https:\/\/www.turkaesthetic.com\/es\/wp-json\/wp\/v2\/pages"}],"about":[{"href":"https:\/\/www.turkaesthetic.com\/es\/wp-json\/wp\/v2\/types\/page"}],"author":[{"embeddable":true,"href":"https:\/\/www.turkaesthetic.com\/es\/wp-json\/wp\/v2\/users\/1"}],"replies":[{"embeddable":true,"href":"https:\/\/www.turkaesthetic.com\/es\/wp-json\/wp\/v2\/comments?post=34283"}],"version-history":[{"count":0,"href":"https:\/\/www.turkaesthetic.com\/es\/wp-json\/wp\/v2\/pages\/34283\/revisions"}],"wp:featuredmedia":[{"embeddable":true,"href":"https:\/\/www.turkaesthetic.com\/es\/wp-json\/wp\/v2\/media\/19771"}],"wp:attachment":[{"href":"https:\/\/www.turkaesthetic.com\/es\/wp-json\/wp\/v2\/media?parent=34283"}],"wp:term":[{"taxonomy":"dep","embeddable":true,"href":"https:\/\/www.turkaesthetic.com\/es\/wp-json\/wp\/v2\/dep?post=34283"}],"curies":[{"name":"wp","href":"https:\/\/api.w.org\/{rel}","templated":true}]}}