{"id":34231,"date":"2021-12-30T13:20:04","date_gmt":"2021-12-30T10:20:04","guid":{"rendered":"http:\/\/turkaesthetic.com\/?page_id=34231"},"modified":"2025-03-27T14:52:45","modified_gmt":"2025-03-27T11:52:45","slug":"facelift","status":"publish","type":"page","link":"https:\/\/www.turkaesthetic.com\/es\/facelift\/","title":{"rendered":"Estiramiento Facial"},"content":{"rendered":"\n<p>El <strong>estiramiento facial <\/strong>(ritidectom\u00eda) es un procedimiento cosm\u00e9tico dise\u00f1ado para eliminar las arrugas y la flacidez de la piel del rostro causada por el envejecimiento, lo que da como resultado una apariencia m\u00e1s juvenil. Esta cirug\u00eda tambi\u00e9n remodela el cuello y el ment\u00f3n. El procedimiento suele durar entre 2 y 4 horas y se realiza con anestesia general. Los pacientes suelen permanecer en el hospital durante una noche despu\u00e9s de la cirug\u00eda. Los resultados se hacen visibles a medida que desaparecen los efectos inmediatos de la cirug\u00eda y pueden durar entre 7 y 15 a\u00f1os.<\/p>\n\n\n\n<figure class=\"wp-block-table\"><table><tbody><tr><td>Anestesia&nbsp;<\/td><td>General<\/td><\/tr><tr><td>Duraci\u00f3n del procedimiento<\/td><td>2-4 horas<\/td><\/tr><tr><td>Resultados<\/td><td>Inmediata \/ 10 a\u00f1os aprox.&nbsp;<\/td><\/tr><tr><td>Convalecencia<\/td><td>7-10 d\u00edas&nbsp;<\/td><\/tr><tr><td>Estancia en el hospital<\/td><td>1 Noche<\/td><\/tr><\/tbody><\/table><\/figure>\n\n\n\n<h2 class=\"wp-block-heading\">\u00bfC\u00f3mo se realiza la cirug\u00eda de estiramiento facial?<\/h2>\n\n\n\n<p>Los cirujanos expertos a menudo combinan un estiramiento facial con un levantamiento de p\u00e1rpados para obtener mejores resultados. La cirug\u00eda comienza con una incisi\u00f3n en la l\u00ednea del cabello por encima y por delante de la oreja (regi\u00f3n temporal). La incisi\u00f3n se extiende hacia abajo, luego se curva detr\u00e1s de la oreja y finalmente termina en la l\u00ednea del cabello detr\u00e1s de la oreja.<\/p>\n\n\n\n<p>Durante el procedimiento, el cirujano levanta la piel y el tejido graso del m\u00fasculo subyacente y el tejido conectivo para abordar la flacidez de la piel. Luego, la piel se tira hacia atr\u00e1s y hacia arriba, eliminando el exceso de tejido. Una vez realizados los ajustes, la incisi\u00f3n se cierra con puntos y suturas cosm\u00e9ticas que se disuelven con el tiempo. En algunos casos, los cirujanos pueden colocar un tubo de drenaje especial en las heridas para ayudar a controlar la acumulaci\u00f3n de l\u00edquido, seg\u00fan la situaci\u00f3n.<\/p>\n\n\n\n<h3 class=\"wp-block-heading\">(Ritidectom\u00eda) V\u00eddeo de cirug\u00eda de estiramiento facial<\/h3>\n\n\n\n<p>A continuaci\u00f3n se muestra un v\u00eddeo de un procedimiento de estiramiento facial<\/p>\n\n\n\n<figure class=\"wp-block-embed is-type-video is-provider-youtube wp-block-embed-youtube wp-embed-aspect-16-9 wp-has-aspect-ratio\"><div class=\"wp-block-embed__wrapper\">\n<iframe loading=\"lazy\" title=\"Facelift - Turk Aesthetic\" width=\"800\" height=\"450\" src=\"https:\/\/www.youtube.com\/embed\/He0foU7OQBs?feature=oembed\" frameborder=\"0\" allow=\"accelerometer; autoplay; clipboard-write; encrypted-media; gyroscope; picture-in-picture; web-share\" referrerpolicy=\"strict-origin-when-cross-origin\" allowfullscreen><\/iframe>\n<\/div><figcaption class=\"wp-element-caption\">Estiramiento Facial<\/figcaption><\/figure>\n\n\n\n<h4 class=\"wp-block-heading\">Opciones de estiramiento facial no quir\u00fargico<\/h4>\n\n\n\n<p>El estiramiento facial se puede realizar sin cirug\u00eda. Estos m\u00e9todos no quir\u00fargicos son conocidos por su facilidad y resultados r\u00e1pidos; sin embargo, es importante tener en cuenta que, por lo general, no brindan efectos duraderos y pueden no ser adecuados para casos avanzados. Los m\u00e9todos de estiramiento facial no quir\u00fargico incluyen:<\/p>\n\n\n\n<ul class=\"wp-block-list\">\n<li>Estiramiento facial con <a href=\"https:\/\/www.turkaesthetic.com\/es\/botox\/\" target=\"_blank\" data-type=\"page\" data-id=\"33843\" rel=\"noreferrer noopener\">b\u00f3tox<\/a><\/li>\n\n\n\n<li>Estiramiento facial con l\u00e1ser<\/li>\n\n\n\n<li>Estiramiento facial con <a href=\"https:\/\/www.turkaesthetic.com\/es\/non-surgical-es\/hifu-in-turkey\/\" target=\"_blank\" data-type=\"post\" data-id=\"35486\" rel=\"noreferrer noopener\">HIFU<\/a><\/li>\n\n\n\n<li><a href=\"https:\/\/www.turkaesthetic.com\/es\/non-surgical-es\/endolift-in-turkey\/\" target=\"_blank\" data-type=\"post\" data-id=\"44222\" rel=\"noreferrer noopener\">Endolift<\/a><\/li>\n<\/ul>\n\n\n\n<p><strong>\u00bfQui\u00e9n puede someterse al procedimiento?<\/strong><\/p>\n\n\n\n<p>Las personas que gozan de buena salud, mayores de 20 a\u00f1os y que han desarrollado arrugas faciales debido a factores gen\u00e9ticos o ambientales que contribuyen a una apariencia envejecida o poco atractiva pueden considerar este procedimiento para recuperar su confianza en s\u00ed mismas. Estas arrugas pueden provocar sentimientos de verg\u00fcenza y una disminuci\u00f3n del sentido de autoestima.<\/p>\n\n\n\n<p><strong>\u00bfQui\u00e9n no puede someterse a este procedimiento?<\/strong><\/p>\n\n\n\n<p>Personas menores de 20 a\u00f1os. Personas que padecen una enfermedad cr\u00f3nica o contagiosa<br>Para las personas con arrugas leves que no requieren procedimientos quir\u00fargicos, existen opciones m\u00e1s sencillas para ayudar a disimularlas. Los tratamientos como las inyecciones de Botox y una buena rutina de cuidado personal pueden ser eficaces. Muchos optan por esperar hasta que sean mayores para considerar procedimientos m\u00e1s avanzados.<\/p>\n\n\n\n<h4 class=\"wp-block-heading\">El m\u00e9dico que realiza la cirug\u00eda de estiramiento facial<\/h4>\n\n\n\n<p>El estiramiento facial es un procedimiento cosm\u00e9tico que solo debe ser realizado por un cirujano pl\u00e1stico calificado con la experiencia pertinente. Los cirujanos de otras especialidades no est\u00e1n capacitados para realizar esta operaci\u00f3n. Al seleccionar un hospital o una cl\u00ednica m\u00e9dica para el procedimiento, es esencial elegir una instalaci\u00f3n confiable que mantenga un alto est\u00e1ndar de limpieza y esterilizaci\u00f3n, adem\u00e1s de contar con un cirujano altamente calificado.<\/p>\n\n\n\n<p>El alto costo de los estiramientos faciales puede reflejar la calidad y credibilidad de la cl\u00ednica. Por lo tanto, es aconsejable no negociar ni regatear el precio del procedimiento. eficiencia y credibilidad del centro, por lo que es preferible no discutir o negociar sobre el tema del alto precio.<\/p>\n\n\n\n<figure class=\"wp-block-image size-full\"><img loading=\"lazy\" decoding=\"async\" width=\"1024\" height=\"683\" src=\"http:\/\/turkaesthetic.com\/wp-content\/uploads\/2021\/12\/face-lift.webp\" alt=\"Estiramiento facial con l\u00e1ser en Turqu\u00eda\" class=\"wp-image-19756\" srcset=\"https:\/\/www.turkaesthetic.com\/wp-content\/uploads\/2021\/12\/face-lift.webp 1024w, https:\/\/www.turkaesthetic.com\/wp-content\/uploads\/2021\/12\/face-lift-300x200.webp 300w, https:\/\/www.turkaesthetic.com\/wp-content\/uploads\/2021\/12\/face-lift-768x512.webp 768w\" sizes=\"auto, (max-width: 1024px) 100vw, 1024px\" \/><figcaption class=\"wp-element-caption\">Estiramiento facial con l\u00e1ser<\/figcaption><\/figure>\n\n\n\n<h3 class=\"wp-block-heading\">Tipos de anestesia<\/h3>\n\n\n\n<p>La cirug\u00eda de lifting facial solo se puede realizar bajo anestesia general. Los pacientes deben abstenerse de comer o beber durante seis horas antes de la operaci\u00f3n para evitar molestias en el est\u00f3mago al despertar. Despu\u00e9s del procedimiento, el paciente permanece en el hospital durante una noche bajo anestesia general.<\/p>\n\n\n\n<h3 class=\"wp-block-heading\">Pasos del procedimiento de estiramiento facial<\/h3>\n\n\n<div id=\"rank-math-howto\" class=\"rank-math-block\" >\n<div class=\"rank-math-howto-description\">\n\n<p>La cirug\u00eda pasa por tres etapas, como otras operaciones:<\/p>\n\n<\/div>\n<p class=\"rank-math-howto-duration\"><strong>Tiempo total:<\/strong> <span>3 horas<\/span><\/p>\n<div class=\"rank-math-steps \">\n<div id=\"howto-step-1677510533737\" class=\"rank-math-step\">\n<h3 class=\"rank-math-step-title \">Antes del proceso<\/h3>\n<div class=\"rank-math-step-content \"><p>Antes de someterse a la cirug\u00eda, es esencial informar a su m\u00e9dico sobre cualquier enfermedad cr\u00f3nica, medicamentos que est\u00e9 tomando actualmente y cualquier cirug\u00eda previa que haya tenido. Brindar informaci\u00f3n completa y precisa sobre su salud es crucial. A continuaci\u00f3n, se incluyen varias instrucciones esenciales que debe seguir:<br \/>1- Hable con su m\u00e9dico sobre los resultados esperados antes del procedimiento.<br \/>2- Evite comer y beber durante al menos seis horas antes de la operaci\u00f3n si recibe anestesia general.<br \/>3- Informe a su m\u00e9dico sobre cualquier medicamento que tome regularmente.<br \/>4- Abstenerse de consumir alcohol y fumar durante al menos una semana antes de la cirug\u00eda.<br \/>5- Consulte con su m\u00e9dico sobre la posibilidad de dejar de tomar medicamentos anticoagulantes, como la aspirina.<br \/>6- Use ropa c\u00f3moda el d\u00eda de la operaci\u00f3n. <\/p>\n<\/div>\n<\/div>\n<div id=\"howto-step-1677510565875\" class=\"rank-math-step\">\n<h3 class=\"rank-math-step-title \">Durante el proceso<\/h3>\n<div class=\"rank-math-step-content \"><p>Despu\u00e9s de administrar anestesia general, el cirujano realiza una incisi\u00f3n que comienza en la l\u00ednea del cabello por encima y por delante de la oreja (regi\u00f3n temporal). Esta incisi\u00f3n se extiende hacia abajo hasta debajo de la oreja, luego se curva hacia arriba detr\u00e1s de la oreja y termina en la l\u00ednea del cabello detr\u00e1s de ella.<br \/>Luego, el cirujano levanta la piel y el tejido graso del m\u00fasculo subyacente y el tejido conectivo seg\u00fan sea necesario para abordar el problema de la piel fl\u00e1cida. La piel se tira hacia atr\u00e1s y hacia arriba y se elimina el exceso de tejido. Finalmente, la herida se cierra con puntos y suturas cosm\u00e9ticas que se disuelven con el tiempo. A veces, el cirujano puede colocar un tubo especial en la herida para ayudar a drenar los l\u00edquidos.<\/p>\n<\/div>\n<\/div>\n<div id=\"howto-step-1677510615015\" class=\"rank-math-step\">\n<h3 class=\"rank-math-step-title \">Despu\u00e9s del proceso<\/h3>\n<div class=\"rank-math-step-content \"><p>Despu\u00e9s de la operaci\u00f3n, el paciente debe permanecer en el hospital durante una o dos noches. El cirujano pl\u00e1stico proporciona instrucciones espec\u00edficas y cuanto mejor siga el paciente estas pautas, m\u00e1s exitosos ser\u00e1n los resultados. A continuaci\u00f3n, se indican algunas consideraciones importantes:<br \/>1- Descanso: aseg\u00farese de descansar por completo. Tome todos los medicamentos que le recete su m\u00e9dico, incluidos analg\u00e9sicos y antiinflamatorios, para minimizar las complicaciones.<br \/>2- Tabaquismo y medicamentos: reduzca o deje de fumar y suspenda los medicamentos anticoagulantes seg\u00fan lo recomiende su m\u00e9dico.<br \/>3- Hidrataci\u00f3n: beba muchos l\u00edquidos para ayudar a la recuperaci\u00f3n y promover una cicatrizaci\u00f3n m\u00e1s r\u00e1pida de las heridas.<br \/>4- Posici\u00f3n para dormir: duerma lo suficiente despu\u00e9s de la operaci\u00f3n y recu\u00e9stese boca arriba solo durante el tiempo que especifique su m\u00e9dico.<br \/>5- Cuidado de las heridas: cuide cuidadosamente las heridas para garantizar una curaci\u00f3n adecuada.<\/p>\n<\/div>\n<\/div>\n<\/div>\n<\/div>\n<p class=\"rank-math-howto-estimatedCost\"><strong>Coste estimado:<\/strong> <span>3250 Euro<\/span><\/p>\n\n\n\n\n\n<h3 class=\"wp-block-heading\">Lifting facial antes y despu\u00e9s<\/h3>\n\n\n\n<p>A continuaci\u00f3n, se muestran algunas fotos de antes y despu\u00e9s del procedimiento de lifting facial realizado en Turk Aesthetic.<\/p>\n\n\n\n<figure class=\"wp-block-gallery has-nested-images columns-default is-cropped wp-block-gallery-1 is-layout-flex wp-block-gallery-is-layout-flex\">\n<figure class=\"wp-block-image size-large\"><img loading=\"lazy\" decoding=\"async\" width=\"1200\" height=\"800\" data-id=\"50372\" src=\"https:\/\/www.turkaesthetic.com\/wp-content\/uploads\/2024\/01\/Face-lift-before-after-6.webp\" alt=\"Antes y despu\u00e9s del lifting facial en Turqu\u00eda\" class=\"wp-image-50372\"\/><figcaption class=\"wp-element-caption\">Antes y despu\u00e9s del lifting facial<\/figcaption><\/figure>\n\n\n\n<figure class=\"wp-block-image size-large\"><img loading=\"lazy\" decoding=\"async\" width=\"1200\" height=\"800\" data-id=\"45526\" src=\"https:\/\/www.turkaesthetic.com\/wp-content\/uploads\/2023\/11\/before-after-face-lift-3.jpg\" alt=\"Antes y despu\u00e9s del lifting facial en Turqu\u00eda\" class=\"wp-image-45526\"\/><figcaption class=\"wp-element-caption\">Antes y despu\u00e9s del lifting facial<\/figcaption><\/figure>\n<\/figure>\n\n\n\n<h3 class=\"wp-block-heading\">T\u00e9cnicas de lifting facial<\/h3>\n\n\n\n<p><strong>lifting facial con b\u00f3tox<\/strong><\/p>\n\n\n\n<p>El b\u00f3tox se utiliza en varios campos, tanto est\u00e9ticos como terap\u00e9uticos, y es mixto a la vez. El b\u00f3tox se utiliza para eliminar arrugas superficiales y leves en zonas del rostro, como la frente y los bordes de los ojos. Tambi\u00e9n se utiliza a veces en la zona del cuello o la nuca para eliminar arrugas y el paladar apretado. Esta t\u00e9cnica se denomina t\u00e9cnica Nefertiti. Los resultados de una sesi\u00f3n de b\u00f3tox duran unos 4-6 meses.<\/p>\n\n\n\n<p><strong>Lifting facial con l\u00e1ser<\/strong><\/p>\n\n\n\n<p>El lifting facial con l\u00e1ser se ha convertido en una alternativa popular en los procedimientos cosm\u00e9ticos, muy lejos de su anterior impopularidad debido a los altos costes. Este tratamiento utiliza la tecnolog\u00eda l\u00e1ser para emitir rayos que estimulan las c\u00e9lulas de la piel, fomentando la producci\u00f3n de col\u00e1geno. Como resultado, la piel luce m\u00e1s radiante y juvenil. Cada sesi\u00f3n de lifting facial con l\u00e1ser dura aproximadamente entre 30 y 45 minutos, y son necesarias varias sesiones para mantener los resultados en el tiempo.<\/p>\n\n\n\n<figure class=\"wp-block-image size-full\"><img loading=\"lazy\" decoding=\"async\" width=\"1024\" height=\"682\" src=\"https:\/\/www.turkaesthetic.com\/wp-content\/uploads\/2021\/12\/facelift-doctor.webp\" alt=\"Estiramiento facial en Turqu\u00eda\" class=\"wp-image-19761\" srcset=\"https:\/\/www.turkaesthetic.com\/wp-content\/uploads\/2021\/12\/facelift-doctor.webp 1024w, https:\/\/www.turkaesthetic.com\/wp-content\/uploads\/2021\/12\/facelift-doctor-300x200.webp 300w, https:\/\/www.turkaesthetic.com\/wp-content\/uploads\/2021\/12\/facelift-doctor-768x512.webp 768w\" sizes=\"auto, (max-width: 1024px) 100vw, 1024px\" \/><figcaption class=\"wp-element-caption\">Estiramiento facial<\/figcaption><\/figure>\n\n\n\n<p><strong>Hilos<\/strong><\/p>\n\n\n\n<p>El lifting facial con hilos se adapta mejor a las arrugas de grado leve a medio y no aborda de forma eficaz la flacidez compleja. La idea detr\u00e1s de un lifting facial con hilos tensores es tensar la piel fl\u00e1cida visible con hilos m\u00e9dicos, que proporcionan resultados a medio plazo. La duraci\u00f3n de estos resultados var\u00eda en funci\u00f3n de la calidad de los hilos. Los resultados pueden durar hasta dos a\u00f1os con hilos de calidad est\u00e1ndar, mientras que los hilos de alta calidad pueden durar aproximadamente cinco a\u00f1os. Los pacientes pueden optar por repetir el procedimiento una vez que la flacidez se vuelva visible nuevamente. Se utiliza anestesia local durante el procedimiento.<\/p>\n\n\n\n<p><strong>La tecnolog\u00eda HIFU<\/strong><\/p>\n\n\n\n<p>(ultrasonido focalizado de alta intensidad) utiliza ondas de ultrasonido focalizadas para tratar la piel fl\u00e1cida y las arrugas. Estas ondas penetran profundamente en la piel, lo que la hace tensar, lo que ayuda a restaurar la elasticidad y estimular la producci\u00f3n de col\u00e1geno para mejorar el aspecto de la piel. Los resultados de la t\u00e9cnica de lifting facial HIFU generalmente duran alrededor de un a\u00f1o, y cada sesi\u00f3n dura aproximadamente de 30 a 45 minutos.<\/p>\n\n\n\n<p><strong>Lifting facial no quir\u00fargico con Endolift<\/strong><\/p>\n\n\n\n<p>Endolift es un procedimiento de lifting facial no quir\u00fargico que utiliza energ\u00eda l\u00e1ser para tensar la piel, estimular la producci\u00f3n de col\u00e1geno y reducir la grasa. Se trata de insertar una fibra l\u00e1ser fina debajo de la piel para conseguir efectos de lifting y contorno. Es m\u00ednimamente invasivo, no requiere tiempo de recuperaci\u00f3n y mejora la elasticidad de la piel con el tiempo.<\/p>\n\n\n\n<p><strong>Minilifting facial<\/strong><\/p>\n\n\n\n<p>Puede que no sea necesario un lifting facial completo; se puede realizar un lifting facial mediano o mini. Este procedimiento implica realizar una peque\u00f1a incisi\u00f3n en la zona del p\u00e1rpado inferior y, en casos excepcionales, tambi\u00e9n se puede realizar desde el interior de la boca. El objetivo es levantar los m\u00fasculos de las mejillas que pueden haberse ca\u00eddo debido al envejecimiento, la p\u00e9rdida de peso u otros factores, devolviendo a las mejillas una apariencia m\u00e1s juvenil. El minilifting facial se realiza normalmente con anestesia general y suele durar unas dos horas de media.<\/p>\n\n\n\n<p><strong>La cirug\u00eda<\/strong><\/p>\n\n\n\n<p>La cirug\u00eda de lifting facial es una opci\u00f3n de cirug\u00eda pl\u00e1stica popular que se utiliza en casos avanzados en los que las t\u00e9cnicas no quir\u00fargicas no pueden abordar eficazmente las arrugas faciales. Se considera una soluci\u00f3n m\u00e1s radical para tratar la flacidez de la piel del rostro.<\/p>\n\n\n\n<h3 class=\"wp-block-heading\">Instrucciones postoperatorias de lifting facial<\/h3>\n\n\n\n<p>Hay muchas instrucciones que se deben seguir despu\u00e9s de un lifting facial, las m\u00e1s importantes son:<\/p>\n\n\n\n<ul class=\"wp-block-list\">\n<li>Seguir estrictamente las instrucciones dadas por el m\u00e9dico y respetar el uso de los medicamentos a tiempo.<\/li>\n\n\n\n<li>Evitar la exposici\u00f3n a la luz solar directa o al calor.<\/li>\n\n\n\n<li>Evitar el uso de maquillaje y lavarse la cara solo con agua fr\u00eda sin jab\u00f3n.<\/li>\n\n\n\n<li>Duerma solo boca arriba y aseg\u00farese de dormir de forma voluble.<\/li>\n\n\n\n<li>Beber mucha agua y l\u00edquidos.<\/li>\n\n\n\n<li>Comprometerse a usar el cors\u00e9 que le indique el m\u00e9dico durante el per\u00edodo especificado.<\/li>\n<\/ul>\n\n\n\n<h3 class=\"wp-block-heading\">Pros y contras de un lifting facial<\/h3>\n\n\n\n<p><strong>Contras<\/strong><\/p>\n\n\n\n<p>Los aspectos negativos asociados a la cirug\u00eda de lifting facial son cada vez m\u00e1s frecuentes. Estos problemas suelen deberse al nivel de experiencia del cirujano y al hecho de que el paciente no sigue las instrucciones posoperatorias. Una de las preocupaciones m\u00e1s importantes es la posibilidad de no lograr los resultados deseados. En casos excepcionales, tambi\u00e9n puede haber un desequilibrio en la simetr\u00eda entre los dos lados de la cara.<\/p>\n\n\n\n<p><strong>Pros<\/strong><\/p>\n\n\n\n<p>En el lado positivo, cuando la cirug\u00eda es exitosa, los pacientes suelen experimentar un aumento de la confianza en s\u00ed mismos debido a la reducci\u00f3n de las arrugas faciales, lo que da como resultado una apariencia m\u00e1s juvenil y atractiva.<\/p>\n\n\n\n<p><strong>Efectos secundarios<\/strong><\/p>\n\n\n\n<p>Sin embargo, hay algunos efectos secundarios que se deben tener en cuenta, entre ellos:<\/p>\n\n\n\n<ul class=\"wp-block-list\">\n<li>Hinchaz\u00f3n y enrojecimiento en la cara.<\/li>\n\n\n\n<li>Picaz\u00f3n leve en el sitio de sutura quir\u00fargica.<\/li>\n\n\n\n<li>Malestar durante la primera semana.<\/li>\n\n\n\n<li>Entumecimiento temporal.<\/li>\n<\/ul>\n\n\n\n<h3 class=\"wp-block-heading\">Cirug\u00eda de lifting facial en Estambul, Turqu\u00eda<\/h3>\n\n\n\n<p>Turqu\u00eda, en particular Estambul, es un destino popular para los turistas que buscan tratamiento m\u00e9dico y ocio. Este doble atractivo se debe a varias ventajas, incluida una amplia gama de opciones, la experiencia de los profesionales m\u00e9dicos, un servicio de alta calidad y precios razonables.<\/p>\n\n\n\n<p>La cirug\u00eda de estiramiento facial en Turqu\u00eda es uno de los procedimientos cosm\u00e9ticos m\u00e1s solicitados, con costos que var\u00edan seg\u00fan la cl\u00ednica y los detalles espec\u00edficos de la operaci\u00f3n, generalmente entre 3500 y 4500 euros.<\/p>\n\n\n\n<h4 class=\"wp-block-heading\">Costo del estiramiento facial<\/h4>\n\n\n\n<p>El costo de un estiramiento facial var\u00eda de un lugar a otro seg\u00fan varias cosas:<\/p>\n\n\n\n<ul class=\"wp-block-list\">\n<li>La reputaci\u00f3n de la cl\u00ednica m\u00e9dica u hospital.<\/li>\n\n\n\n<li>La experiencia del m\u00e9dico.<\/li>\n\n\n\n<li>Los detalles del procedimiento.<\/li>\n\n\n\n<li>Los servicios adjuntos que brinda la cl\u00ednica, ya que algunas cl\u00ednicas ofrecen paquetes que incluyen tratamiento, alojamiento y transporte.<\/li>\n<\/ul>\n\n\n\n<p>En Turk Aesthetic, el costo de la operaci\u00f3n de estiramiento facial se determina de acuerdo con los detalles del procedimiento, a partir de 3500 &#8211; 4500 euros.<\/p>\n\n\n\n<p>Puede comunicarse con el equipo de Turk Aesthetic a trav\u00e9s de la p\u00e1gina de contacto para solicitar el costo del paquete, incluido el alojamiento y el transporte.<\/p>\n\n\n\n<h2 class=\"wp-block-heading\">Preguntas frecuentes<\/h2>\n\n\n<div id=\"rank-math-faq\" class=\"rank-math-block\">\n<div class=\"rank-math-list \">\n<div id=\"faq-question-1677510180737\" class=\"rank-math-list-item\">\n<h3 class=\"rank-math-question \">\u00bfCu\u00e1nto dura un procedimiento de estiramiento facial?<\/h3>\n<div class=\"rank-math-answer \">\n\n<p>La operaci\u00f3n dura aproximadamente de 2 a 4 horas, seg\u00fan los detalles de la operaci\u00f3n.<\/p>\n\n<\/div>\n<\/div>\n<div id=\"faq-question-1677510190852\" class=\"rank-math-list-item\">\n<h3 class=\"rank-math-question \">\u00bfCu\u00e1ndo se ver\u00e1n los resultados de la operaci\u00f3n de estiramiento facial?<\/h3>\n<div class=\"rank-math-answer \">\n\n<p>Los resultados del procedimiento se ven inmediatamente despu\u00e9s de la cirug\u00eda.<\/p>\n\n<\/div>\n<\/div>\n<div id=\"faq-question-1738927594948\" class=\"rank-math-list-item\">\n<h3 class=\"rank-math-question \">\u00bfCu\u00e1l es la tasa de \u00e9xito de un estiramiento facial?<\/h3>\n<div class=\"rank-math-answer \">\n\n<p>El \u00e9xito del procedimiento depende en gran medida de la habilidad quir\u00fargica del cirujano y de la adherencia del paciente a las instrucciones m\u00e9dicas postoperatorias. En general, la tasa de \u00e9xito de esta operaci\u00f3n es mayor que la de otras cirug\u00edas.<\/p>\n\n<\/div>\n<\/div>\n<div id=\"faq-question-1738927595511\" class=\"rank-math-list-item\">\n<h3 class=\"rank-math-question \">\u00bfQu\u00e9 tipo de anestesia se utiliza en un estiramiento facial?<\/h3>\n<div class=\"rank-math-answer \">\n\n<p>Un estiramiento facial se puede realizar con anestesia general.<\/p>\n\n<\/div>\n<\/div>\n<div id=\"faq-question-1738927612158\" class=\"rank-math-list-item\">\n<h3 class=\"rank-math-question \">\u00bfCu\u00e1nto cuesta un estiramiento facial?<\/h3>\n<div class=\"rank-math-answer \">\n\n<p>En Turk Istanbul, un estiramiento facial cuesta entre 3500 y 4500 euros.<\/p>\n\n<\/div>\n<\/div>\n<div id=\"faq-question-1738927622944\" class=\"rank-math-list-item\">\n<h3 class=\"rank-math-question \">\u00bfCu\u00e1l es el per\u00edodo de recuperaci\u00f3n despu\u00e9s de una operaci\u00f3n de estiramiento facial?<\/h3>\n<div class=\"rank-math-answer \">\n\n<p>Se tarda aproximadamente entre una semana y diez d\u00edas.<\/p>\n\n<\/div>\n<\/div>\n<div id=\"faq-question-1738927629753\" class=\"rank-math-list-item\">\n<h3 class=\"rank-math-question \">\u00bfLos resultados de un procedimiento de estiramiento facial son permanentes?<\/h3>\n<div class=\"rank-math-answer \">\n\n<p>Un estiramiento facial es una soluci\u00f3n radical para deshacerse de las arrugas y la flacidez de la piel; sus resultados pueden durar entre 8 y 15 a\u00f1os.<\/p>\n\n<\/div>\n<\/div>\n<div id=\"faq-question-1738927638540\" class=\"rank-math-list-item\">\n<h3 class=\"rank-math-question \">\u00bfCu\u00e1nto cuesta un lifting facial sin cirug\u00eda?<\/h3>\n<div class=\"rank-math-answer \">\n\n<p>El coste var\u00eda seg\u00fan el tipo de t\u00e9cnica utilizada.<\/p>\n\n<\/div>\n<\/div>\n<div id=\"faq-question-1738927650924\" class=\"rank-math-list-item\">\n<h3 class=\"rank-math-question \">\u00bfCu\u00e1nto cuesta un lifting facial con b\u00f3tox?<\/h3>\n<div class=\"rank-math-answer \">\n\n<p>El coste de una inyecci\u00f3n de b\u00f3tox es de 200 euros. Un lifting facial con b\u00f3tox puede requerir unas 2 o 3 inyecciones.Aesthetic a trav\u00e9s de la p\u00e1gina de contacto.<\/p>\n\n<\/div>\n<\/div>\n<\/div>\n<\/div>\n\n\n<p>Por \u00faltimo, puede ponerse en <a href=\"http:\/\/turkaesthetic.com\/es\/contact-us\/\" data-type=\"page\" data-id=\"33306\" target=\"_blank\" rel=\"noreferrer noopener\">contacto <\/a>directamente a trav\u00e9s del enlace para solicitar informaci\u00f3n y precios de <a href=\"https:\/\/www.youtube.com\/channel\/UC0zggzdm5CFwpRMmn_CPpFQ\" data-type=\"URL\" data-id=\"https:\/\/www.youtube.com\/channel\/UC0zggzdm5CFwpRMmn_CPpFQ\" target=\"_blank\" rel=\"noreferrer noopener\">Turk Aesthetic<\/a>.<\/p>\n","protected":false},"excerpt":{"rendered":"<p>El estiramiento facial (ritidectom\u00eda) es un procedimiento cosm\u00e9tico dise\u00f1ado para eliminar las arrugas y la flacidez de la piel del rostro causada por el envejecimiento, lo que da como resultado una apariencia m\u00e1s juvenil. Esta cirug\u00eda tambi\u00e9n remodela el cuello y el ment\u00f3n. El procedimiento suele durar entre 2 y 4 horas y se realiza [&hellip;]<\/p>\n","protected":false},"author":1,"featured_media":19755,"parent":0,"menu_order":0,"comment_status":"closed","ping_status":"closed","template":"","meta":{"footnotes":""},"dep":[1354],"class_list":["post-34231","page","type-page","status-publish","has-post-thumbnail","hentry","dep-plastic-surgeries"],"_links":{"self":[{"href":"https:\/\/www.turkaesthetic.com\/es\/wp-json\/wp\/v2\/pages\/34231","targetHints":{"allow":["GET"]}}],"collection":[{"href":"https:\/\/www.turkaesthetic.com\/es\/wp-json\/wp\/v2\/pages"}],"about":[{"href":"https:\/\/www.turkaesthetic.com\/es\/wp-json\/wp\/v2\/types\/page"}],"author":[{"embeddable":true,"href":"https:\/\/www.turkaesthetic.com\/es\/wp-json\/wp\/v2\/users\/1"}],"replies":[{"embeddable":true,"href":"https:\/\/www.turkaesthetic.com\/es\/wp-json\/wp\/v2\/comments?post=34231"}],"version-history":[{"count":0,"href":"https:\/\/www.turkaesthetic.com\/es\/wp-json\/wp\/v2\/pages\/34231\/revisions"}],"wp:featuredmedia":[{"embeddable":true,"href":"https:\/\/www.turkaesthetic.com\/es\/wp-json\/wp\/v2\/media\/19755"}],"wp:attachment":[{"href":"https:\/\/www.turkaesthetic.com\/es\/wp-json\/wp\/v2\/media?parent=34231"}],"wp:term":[{"taxonomy":"dep","embeddable":true,"href":"https:\/\/www.turkaesthetic.com\/es\/wp-json\/wp\/v2\/dep?post=34231"}],"curies":[{"name":"wp","href":"https:\/\/api.w.org\/{rel}","templated":true}]}}