{"id":34182,"date":"2022-01-15T10:10:33","date_gmt":"2022-01-15T07:10:33","guid":{"rendered":"http:\/\/turkaesthetic.com\/?page_id=34182"},"modified":"2025-03-26T16:26:57","modified_gmt":"2025-03-26T13:26:57","slug":"brow-lift","status":"publish","type":"page","link":"https:\/\/www.turkaesthetic.com\/es\/brow-lift\/","title":{"rendered":"Levantamiento de Cejas"},"content":{"rendered":"\n<p>El <strong>levantamiento de cejas<\/strong> es un procedimiento est\u00e9tico dise\u00f1ado para mejorar la forma de las cejas y aumentar la distancia entre ellas y el ojo, mejorando as\u00ed la belleza y el atractivo. Una ceja externa m\u00e1s elevada en comparaci\u00f3n con la interna contribuye a una apariencia facial m\u00e1s atractiva.<\/p>\n\n\n\n<p>Las cejas bajas pueden dar una apariencia cansada o triste. Este procedimiento se suele realizar junto con un lifting facial, y existen varias t\u00e9cnicas disponibles para este proceso, incluyendo opciones quir\u00fargicas e inyecciones no quir\u00fargicas. A continuaci\u00f3n, se presenta informaci\u00f3n esencial sobre el procedimiento:<\/p>\n\n\n\n<figure class=\"wp-block-table\"><table><tbody><tr><td>Anestesia&nbsp;<\/td><td>General \/ Local<\/td><\/tr><tr><td>Duraci\u00f3n del proceso<\/td><td>1-2 horas<\/td><\/tr><tr><td>Estancia en el hospital<\/td><td>1 noche en caso de anestesia general<\/td><\/tr><tr><td>Resultados<\/td><td>Inmediata \/ Duraci\u00f3n 5-10 a\u00f1os Aprox.<\/td><\/tr><tr><td>Convalecencia<\/td><td>3-4 d\u00edas<\/td><\/tr><\/tbody><\/table><\/figure>\n\n\n\n<h2 class=\"wp-block-heading\">\u00bfC\u00f3mo se realiza la cirug\u00eda de levantamiento de cejas?<\/h2>\n\n\n\n<p>Generalmente realizada bajo anestesia general, la cirug\u00eda de levantamiento de cejas proporciona resultados radicales y precisos en comparaci\u00f3n con las t\u00e9cnicas no quir\u00fargicas, que pueden requerir tratamientos repetidos, como sesiones de Botox. Aunque el procedimiento quir\u00fargico es m\u00e1s costoso, sus resultados son m\u00e1s duraderos.<\/p>\n\n\n\n<p>Durante la cirug\u00eda, se realizan incisiones a lo largo de la l\u00ednea del cabello para tensar la piel y se levantan las cejas con hilos permanentes. Como los puntos se colocan en la ra\u00edz del cabello, son discretos. Tras el procedimiento, los pacientes suelen permanecer hospitalizados una noche si se utiliza anestesia general.<\/p>\n\n\n\n<p>Video de la cirug\u00eda de levantamiento de cejas<\/p>\n\n\n\n<figure class=\"wp-block-embed is-type-video is-provider-youtube wp-block-embed-youtube wp-embed-aspect-16-9 wp-has-aspect-ratio\"><div class=\"wp-block-embed__wrapper\">\n<iframe loading=\"lazy\" title=\"Brow Lift - Turk Aesthetic\" width=\"800\" height=\"450\" src=\"https:\/\/www.youtube.com\/embed\/PPNSWTsoIWk?feature=oembed\" frameborder=\"0\" allow=\"accelerometer; autoplay; clipboard-write; encrypted-media; gyroscope; picture-in-picture; web-share\" referrerpolicy=\"strict-origin-when-cross-origin\" allowfullscreen><\/iframe>\n<\/div><figcaption class=\"wp-element-caption\">Levantamiento de Cejas<\/figcaption><\/figure>\n\n\n\n<h3 class=\"wp-block-heading\">T\u00e9cnicas de cirug\u00eda de levantamiento de cejas<\/h3>\n\n\n\n<p>Las t\u00e9cnicas de levantamiento de cejas se pueden clasificar en quir\u00fargicas y no quir\u00fargicas, cada una con resultados, tiempo de recuperaci\u00f3n y costo variables:<\/p>\n\n\n\n<h4 class=\"wp-block-heading\">B\u00f3tox<\/h4>\n\n\n\n<p>El <a href=\"https:\/\/www.turkaesthetic.com\/es\/botox\/\" target=\"_blank\" data-type=\"page\" data-id=\"33843\" rel=\"noreferrer noopener\">b\u00f3tox<\/a> se puede utilizar para el levantamiento de cejas. Tras aplicar anestesia local, el m\u00e9dico selecciona las zonas de inyecci\u00f3n alrededor de los ojos, administra el b\u00f3tox y puede repetir el procedimiento si es necesario. Esta t\u00e9cnica relaja los nervios y consigue un levantamiento de cejas natural.<\/p>\n\n\n\n<p>Las ventajas incluyen un menor costo y resultados r\u00e1pidos, aunque los efectos suelen durar entre 6 meses y un a\u00f1o. Los cuidados postoperatorios incluyen evitar la luz solar, no frotar las zonas inyectadas, aplicar compresas fr\u00edas para la inflamaci\u00f3n y evitar el maquillaje.<\/p>\n\n\n\n<figure class=\"wp-block-image size-full\"><img loading=\"lazy\" decoding=\"async\" width=\"1024\" height=\"576\" src=\"http:\/\/turkaesthetic.com\/wp-content\/uploads\/2022\/01\/botox-Brow-lift.webp\" alt=\"Levantamiento de cejas en Turqu\u00eda\" class=\"wp-image-19810\" srcset=\"https:\/\/www.turkaesthetic.com\/wp-content\/uploads\/2022\/01\/botox-Brow-lift.webp 1024w, https:\/\/www.turkaesthetic.com\/wp-content\/uploads\/2022\/01\/botox-Brow-lift-300x169.webp 300w, https:\/\/www.turkaesthetic.com\/wp-content\/uploads\/2022\/01\/botox-Brow-lift-768x432.webp 768w\" sizes=\"auto, (max-width: 1024px) 100vw, 1024px\" \/><figcaption class=\"wp-element-caption\">Levantamiento de cejas en Turqu\u00eda<\/figcaption><\/figure>\n\n\n\n<h4 class=\"wp-block-heading\">L\u00e1ser<\/h4>\n\n\n\n<p>El levantamiento de cejas con l\u00e1ser utiliza tecnolog\u00eda de radiofrecuencia para tensar la piel hasta lograr el efecto deseado. Tambi\u00e9n se puede utilizar anestesia local para mayor comodidad.<\/p>\n\n\n\n<p>Sin embargo, las opciones quir\u00fargicas suelen recomendarse para casos m\u00e1s avanzados de ca\u00edda de cejas. El tratamiento con l\u00e1ser suele ser m\u00e1s econ\u00f3mico que la cirug\u00eda, pero m\u00e1s costoso que las inyecciones.<\/p>\n\n\n\n<figure class=\"wp-block-image size-full\"><img loading=\"lazy\" decoding=\"async\" width=\"1024\" height=\"576\" src=\"http:\/\/turkaesthetic.com\/wp-content\/uploads\/2022\/01\/laser-Brow-lift-in-Turkey.webp\" alt=\"Levantamiento de cejas en Turqu\u00eda\" class=\"wp-image-19809\" srcset=\"https:\/\/www.turkaesthetic.com\/wp-content\/uploads\/2022\/01\/laser-Brow-lift-in-Turkey.webp 1024w, https:\/\/www.turkaesthetic.com\/wp-content\/uploads\/2022\/01\/laser-Brow-lift-in-Turkey-300x169.webp 300w, https:\/\/www.turkaesthetic.com\/wp-content\/uploads\/2022\/01\/laser-Brow-lift-in-Turkey-768x432.webp 768w\" sizes=\"auto, (max-width: 1024px) 100vw, 1024px\" \/><figcaption class=\"wp-element-caption\">Levantamiento de cejas en Turqu\u00eda<\/figcaption><\/figure>\n\n\n\n<h4 class=\"wp-block-heading\">Levantamiento de cejas con hilos<\/h4>\n\n\n\n<p>El levantamiento de cejas con hilos es una t\u00e9cnica no quir\u00fargica que utiliza hilos y suele tardar aproximadamente media hora en completarse. Los resultados son visibles de inmediato y pueden durar hasta tres a\u00f1os. El costo es comparable al del tratamiento con <a href=\"https:\/\/www.turkaesthetic.com\/es\/non-surgical-es\/hifu-in-turkey\/\" target=\"_blank\" data-type=\"post\" data-id=\"35486\" rel=\"noreferrer noopener\">l\u00e1ser<\/a>.<\/p>\n\n\n\n<p>Este m\u00e9todo presenta riesgos y complicaciones m\u00ednimos, ya que los hilos m\u00e9dicos se disuelven naturalmente en la piel.<\/p>\n\n\n\n<figure class=\"wp-block-image size-full\"><img loading=\"lazy\" decoding=\"async\" width=\"1024\" height=\"576\" src=\"http:\/\/turkaesthetic.com\/wp-content\/uploads\/2022\/01\/Brow-lift-with-threads.webp\" alt=\"Levantamiento de cejas en Turqu\u00eda\" class=\"wp-image-19814\" srcset=\"https:\/\/www.turkaesthetic.com\/wp-content\/uploads\/2022\/01\/Brow-lift-with-threads.webp 1024w, https:\/\/www.turkaesthetic.com\/wp-content\/uploads\/2022\/01\/Brow-lift-with-threads-300x169.webp 300w, https:\/\/www.turkaesthetic.com\/wp-content\/uploads\/2022\/01\/Brow-lift-with-threads-768x432.webp 768w\" sizes=\"auto, (max-width: 1024px) 100vw, 1024px\" \/><figcaption class=\"wp-element-caption\">Levantamiento de cejas en Turqu\u00eda<\/figcaption><\/figure>\n\n\n\n<h3 class=\"wp-block-heading\">Cirug\u00eda de levantamiento de cejas<\/h3>\n\n\n\n<p>Un m\u00e9todo quir\u00fargico ofrece una soluci\u00f3n para la ca\u00edda de las cejas que los m\u00e9todos no quir\u00fargicos no pueden corregir. Los enfoques quir\u00fargicos para el levantamiento de cejas se adaptan a la condici\u00f3n de cada paciente.<\/p>\n\n\n\n<h4 class=\"wp-block-heading\">\u00bfQui\u00e9n puede someterse a la cirug\u00eda?<\/h4>\n\n\n\n<ul class=\"wp-block-list\">\n<li>Personas mayores de 18 a\u00f1os.<\/li>\n\n\n\n<li>Quienes buscan mejorar la apariencia de las cejas.<\/li>\n\n\n\n<li>Adultos mayores que buscan una apariencia m\u00e1s juvenil.<\/li>\n<\/ul>\n\n\n\n<h5 class=\"wp-block-heading\">Qui\u00e9nes no pueden someterse a la cirug\u00eda<\/h5>\n\n\n\n<p>Personas menores de 20 a\u00f1os.<br>Aquellos con enfermedades cr\u00f3nicas o contagiosas.<br>Pacientes con cardiopat\u00edas avanzadas o diabetes irregular.<\/p>\n\n\n\n<h3 class=\"wp-block-heading\">El m\u00e9dico que realiza la cirug\u00eda de levantamiento de cejas<\/h3>\n\n\n\n<p>El levantamiento de cejas es un procedimiento cosm\u00e9tico realizado por un cirujano pl\u00e1stico calificado con amplia experiencia en este tipo de cirug\u00eda. Es fundamental elegir un hospital o cl\u00ednica m\u00e9dica de renombre con un alto nivel de esterilizaci\u00f3n y m\u00e9dicos calificados. Si bien los altos costos pueden reflejar la eficiencia y credibilidad de la cl\u00ednica, es recomendable no negociar el precio.<\/p>\n\n\n\n<h4 class=\"wp-block-heading\">Tipo de anestesia utilizada en la cirug\u00eda<\/h4>\n\n\n\n<p>La cirug\u00eda de lifting de frente se realiza generalmente con anestesia general. Los pacientes deben abstenerse de comer y beber durante 6 horas antes del procedimiento para evitar molestias posteriores a la anestesia.<\/p>\n\n\n\n<p>Para m\u00e9todos no quir\u00fargicos, como el b\u00f3tox, los tratamientos con l\u00e1ser y los hilos tensores, se utiliza anestesia local y los pacientes no necesitan hospitalizaci\u00f3n posterior.e no sienta molestias en el est\u00f3mago despu\u00e9s dedespertar de la cirug\u00eda y debe permanecer en el hospital durante una noche despu\u00e9s de la cirug\u00eda. La anestesia local se utiliza para levantar las cejas mediante m\u00e9todos no quir\u00fargicos de Botox, l\u00e1ser e hilos. No hay necesidad de permanecer en el hospital despu\u00e9s de un levantamiento decejas no quir\u00fargico.<\/p>\n\n\n\n<h3 class=\"wp-block-heading\">Pasos de la cirug\u00eda de levantamiento de cejas<\/h3>\n\n\n<div id=\"rank-math-howto\" class=\"rank-math-block\" >\n<div class=\"rank-math-howto-description\">\n\n<p>Las etapas de la cirug\u00eda de levantamiento de cejas en Estambul, Turqu\u00eda, son las siguientes:<\/p>\n\n<\/div>\n<p class=\"rank-math-howto-duration\"><strong>Tiempo total:<\/strong> <span>2 horas<\/span><\/p>\n<div class=\"rank-math-steps \">\n<div id=\"howto-step-1677329621933\" class=\"rank-math-step\">\n<h3 class=\"rank-math-step-title \">Antes del procedimiento\u00a0<\/h3>\n<div class=\"rank-math-step-content \"><p>Antes de la cirug\u00eda, el paciente debe informar al m\u00e9dico sobre cualquier enfermedad cr\u00f3nica, medicamento o cirug\u00eda previa. Tambi\u00e9n debe seguir las siguientes instrucciones:<br \/>\u2013 Hable con su m\u00e9dico sobre los resultados esperados de la cirug\u00eda.<br \/>\u2013 Si se somete a anestesia general, abst\u00e9ngase de comer o beber al menos seis horas antes de la operaci\u00f3n.<br \/>\u2013 Informe a su m\u00e9dico sobre cualquier medicamento que tome habitualmente.<br \/>\u2013 Evite el alcohol y el tabaco durante al menos una semana antes de la cirug\u00eda.<br \/>\u2013 Consulte a su m\u00e9dico sobre la posibilidad de suspender los anticoagulantes, como la aspirina.<br \/>\u2013 Use ropa c\u00f3moda el d\u00eda del procedimiento.<\/p>\n<\/div>\n<\/div>\n<div id=\"howto-step-1677329636270\" class=\"rank-math-step\">\n<h3 class=\"rank-math-step-title \">Durante el procedimiento\u00a0<\/h3>\n<div class=\"rank-math-step-content \"><p>Despu\u00e9s de administrar la anestesia, el cirujano realizar\u00e1 incisiones de 2 cm a lo largo de la l\u00ednea del cabello en la frente. Se eliminar\u00e1 el exceso de grasa para tensar la piel. Posteriormente, las cejas se reposicionar\u00e1n con puntos permanentes, lo que dar\u00e1 como resultado una apariencia m\u00e1s firme y elevada. Despu\u00e9s del procedimiento, el cirujano retirar\u00e1 cualquier punto sobrante, que puede ser visible al principio, pero se volver\u00e1 menos visible a medida que crezca el cabello.<\/p>\n<\/div>\n<\/div>\n<div id=\"howto-step-1677329643835\" class=\"rank-math-step\">\n<h3 class=\"rank-math-step-title \">Despu\u00e9s del procedimiento\u00a0<\/h3>\n<div class=\"rank-math-step-content \"><p>Podr\u00eda requerirse una noche de hospitalizaci\u00f3n para monitorear el estado del paciente, seguida de una semana de recuperaci\u00f3n. El m\u00e9dico podr\u00eda proporcionar un vendaje o cors\u00e9 para ayudar a reducir la inflamaci\u00f3n. Los resultados suelen ser visibles en las primeras semanas, a medida que se asienten los efectos de la cirug\u00eda.<\/p>\n<\/div>\n<\/div>\n<\/div>\n<\/div>\n<p class=\"rank-math-howto-estimatedCost\"><strong>Coste estimado:<\/strong> <span>2500 Euro<\/span><\/p>\n\n\n\n\n\n<h3 class=\"wp-block-heading\">Instrucciones para el cuidado posterior al levantamiento de cejas<\/h3>\n\n\n\n<ul class=\"wp-block-list\">\n<li>Aseg\u00farese de descansar completamente y tome todos los medicamentos, incluyendo analg\u00e9sicos y antiinflamatorios recetados, para minimizar las complicaciones.<\/li>\n\n\n\n<li>Limite o evite fumar.<\/li>\n\n\n\n<li>Mant\u00e9ngase hidratado, ya que esto facilita la recuperaci\u00f3n y la cicatrizaci\u00f3n de las heridas.<\/li>\n\n\n\n<li>Preste atenci\u00f3n a sus patrones de sue\u00f1o e intente dormir boca arriba.<\/li>\n\n\n\n<li>Cuide sus heridas meticulosamente.<\/li>\n\n\n\n<li>Descanse durante al menos 15 d\u00edas para evitar complicaciones.<\/li>\n\n\n\n<li>Use el vendaje durante los primeros 10 d\u00edas para obtener resultados \u00f3ptimos.<\/li>\n\n\n\n<li>Evite la luz solar directa durante 10 d\u00edas y usar sombreros durante un tiempo.<\/li>\n\n\n\n<li>Tenga cuidado al usar ropa, como chaquetas o camisas.<\/li>\n<\/ul>\n\n\n\n<h4 class=\"wp-block-heading\">Ventajas y desventajas<\/h4>\n\n\n\n<p><strong>Ventajas<\/strong><\/p>\n\n\n\n<p>Tras los resultados exitosos, el paciente recupera la confianza en s\u00ed mismo gracias a la eliminaci\u00f3n de las cejas bajas, adem\u00e1s de una apariencia m\u00e1s joven y hermosa.<\/p>\n\n\n\n<p><strong>Desventajas<\/strong><\/p>\n\n\n\n<p>Pueden surgir posibles inconvenientes debido a la inexperiencia del cirujano al evaluar las t\u00e9cnicas adecuadas. Adem\u00e1s, no seguir las instrucciones postoperatorias puede provocar resultados negativos, incluyendo resultados inesperados y, en raras ocasiones, asimetr\u00eda entre ambos lados.<\/p>\n\n\n\n<p><strong>Efectos secundarios<\/strong><\/p>\n\n\n\n<p>Los efectos secundarios comunes pueden incluir:<\/p>\n\n\n\n<ul class=\"wp-block-list\">\n<li>Hinchaz\u00f3n y enrojecimiento facial.<\/li>\n\n\n\n<li>Picaz\u00f3n leve en las zonas de incisi\u00f3n.<\/li>\n\n\n\n<li>Molestias durante la primera semana.<\/li>\n\n\n\n<li>Entumecimiento temporal.<\/li>\n\n\n\n<li>Dolor leve.<\/li>\n\n\n\n<li>Movimientos faciales limitados inicialmente.<\/li>\n\n\n\n<li>El seguimiento adecuado de las instrucciones de cuidado puede minimizar estos efectos y contribuir a una recuperaci\u00f3n exitosa.<\/li>\n<\/ul>\n\n\n\n<h3 class=\"wp-block-heading\">Lifting de cejas en Estambul, Turqu\u00eda<\/h3>\n\n\n\n<p>Turqu\u00eda, especialmente Estambul, es un destino popular para muchos turistas que buscan tratamiento m\u00e9dico combinado con turismo. Esto se debe a sus numerosas ventajas, incluyendo una amplia gama de opciones, la experiencia de los m\u00e9dicos y la calidad de la atenci\u00f3n m\u00e9dica. La <a href=\"https:\/\/www.turkaesthetic.com\/es\/plastic-surgeries\/\" target=\"_blank\" data-type=\"page\" data-id=\"37212\" rel=\"noreferrer noopener\">cirug\u00eda<\/a> de lifting de frente en Turqu\u00eda es uno de los procedimientos cosm\u00e9ticos disponibles, con precios que var\u00edan entre 2500 y 3500 \u20ac, dependiendo del procedimiento quir\u00fargico o no quir\u00fargico y de la cl\u00ednica m\u00e9dica espec\u00edfica.<\/p>\n\n\n\n<h4 class=\"wp-block-heading\">Costo del levantamiento de cejas en Turqu\u00eda, Estambul<\/h4>\n\n\n\n<p>El costo de la cirug\u00eda de levantamiento de cejas en Turqu\u00eda puede variar significativamente seg\u00fan varios factores:<\/p>\n\n\n\n<ul class=\"wp-block-list\">\n<li>Reputaci\u00f3n de la cl\u00ednica u hospital.<\/li>\n\n\n\n<li>Experiencia del m\u00e9dico.<\/li>\n\n\n\n<li>Detalles del procedimiento.<\/li>\n\n\n\n<li>Disponibilidad de servicios adicionales, ya que algunas cl\u00ednicas ofrecen paquetes que incluyen tratamiento, alojamiento y transporte.<\/li>\n\n\n\n<li>En Turk Aesthetic en Estambul, el costo del levantamiento de cejas quir\u00fargico oscila entre 2500 y 3500 \u20ac. Para las opciones no quir\u00fargicas, los costos son los siguientes:<\/li>\n<\/ul>\n\n\n\n<p>190 \u20ac por una inyecci\u00f3n de Botox.<br>1500 \u2013 2500 \u20ac por un levantamiento de frente con hilos.<br>Para consultas sobre paquetes de tratamiento que incluyen alojamiento y transporte, no dude en contactarnos.aquete de tratamiento (alojamiento y transporte).<\/p>\n\n\n\n<h2 class=\"wp-block-heading\">Preguntas frecuentes &#8211; Levantamiento de cejas<\/h2>\n\n\n<div id=\"rank-math-faq\" class=\"rank-math-block\">\n<div class=\"rank-math-list \">\n<div id=\"faq-question-1677329704648\" class=\"rank-math-list-item\">\n<h3 class=\"rank-math-question \">\u00bfCu\u00e1nto dura una cirug\u00eda de levantamiento de cejas?<\/h3>\n<div class=\"rank-math-answer \">\n\n<p>El procedimiento suele durar aproximadamente de 1 a 2 horas, dependiendo de las caracter\u00edsticas espec\u00edficas de la operaci\u00f3n.<\/p>\n\n<\/div>\n<\/div>\n<div id=\"faq-question-1742995441543\" class=\"rank-math-list-item\">\n<h3 class=\"rank-math-question \">\u00bfCu\u00e1ndo se ver\u00e1n los resultados de la cirug\u00eda de levantamiento de frente?<\/h3>\n<div class=\"rank-math-answer \">\n\n<p>Los resultados son inmediatos y se hacen visibles una vez que desaparecen los efectos iniciales de la cirug\u00eda.<\/p>\n\n<\/div>\n<\/div>\n<div id=\"faq-question-1742995445171\" class=\"rank-math-list-item\">\n<h3 class=\"rank-math-question \">\u00bfCu\u00e1l es la tasa de \u00e9xito de la cirug\u00eda de levantamiento de cejas?<\/h3>\n<div class=\"rank-math-answer \">\n\n<p>El \u00e9xito del procedimiento depende en gran medida de la habilidad del cirujano y del seguimiento de las instrucciones de cuidado postoperatorio por parte del paciente. Generalmente, la tasa de \u00e9xito de la cirug\u00eda de levantamiento de cejas es mayor que la de muchos otros procedimientos quir\u00fargicos.<\/p>\n\n<\/div>\n<\/div>\n<div id=\"faq-question-1742995452821\" class=\"rank-math-list-item\">\n<h3 class=\"rank-math-question \">\u00bfQu\u00e9 tipo de anestesia se utiliza en la cirug\u00eda de levantamiento de cejas?<\/h3>\n<div class=\"rank-math-answer \">\n\n<p>Se utiliza anestesia local para las opciones no quir\u00fargicas, mientras que se utiliza anestesia general para los procedimientos quir\u00fargicos.<\/p>\n\n<\/div>\n<\/div>\n<div id=\"faq-question-1742995468313\" class=\"rank-math-list-item\">\n<h3 class=\"rank-math-question \">\u00bfCu\u00e1l es el costo de la cirug\u00eda de levantamiento de cejas en Turqu\u00eda?<\/h3>\n<div class=\"rank-math-answer \">\n\n<p>El costo de la cirug\u00eda de levantamiento de cejas en Turqu\u00eda oscila entre 2500 y 3500 \u20ac.<\/p>\n\n<\/div>\n<\/div>\n<div id=\"faq-question-1742995477461\" class=\"rank-math-list-item\">\n<h3 class=\"rank-math-question \">\u00bfCu\u00e1l es el per\u00edodo de recuperaci\u00f3n despu\u00e9s de una cirug\u00eda de levantamiento de cejas?<\/h3>\n<div class=\"rank-math-answer \">\n\n<p>El per\u00edodo de recuperaci\u00f3n t\u00edpico es de aproximadamente 3 a 4 d\u00edas.<\/p>\n\n<\/div>\n<\/div>\n<div id=\"faq-question-1742995496007\" class=\"rank-math-list-item\">\n<h3 class=\"rank-math-question \">\u00bfSon permanentes los resultados de la cirug\u00eda de lifting frontal?<\/h3>\n<div class=\"rank-math-answer \">\n\n<p>La duraci\u00f3n de los resultados depende del tipo de procedimiento realizado. Los resultados quir\u00fargicos pueden durar alrededor de 5 a\u00f1os, mientras que las opciones no quir\u00fargicas suelen durar entre 6 y 24 meses.<\/p>\n\n<\/div>\n<\/div>\n<\/div>\n<\/div>\n\n\n<p>Por \u00faltimo, puede ponerse en <a href=\"http:\/\/turkaesthetic.com\/es\/contact-us\/\" data-type=\"page\" data-id=\"33306\"><strong>contacto<\/strong> <\/a>directamente a trav\u00e9s del enlace para solicitar informaci\u00f3n y precios de <a href=\"https:\/\/www.youtube.com\/channel\/UC0zggzdm5CFwpRMmn_CPpFQ\" data-type=\"URL\" data-id=\"https:\/\/www.youtube.com\/channel\/UC0zggzdm5CFwpRMmn_CPpFQ\" target=\"_blank\" rel=\"noreferrer noopener\"><strong>Turk Aesthetic<\/strong><\/a> Istanbul<\/p>\n\n\n\n<p><\/p>\n","protected":false},"excerpt":{"rendered":"<p>El levantamiento de cejas es un procedimiento est\u00e9tico dise\u00f1ado para mejorar la forma de las cejas y aumentar la distancia entre ellas y el ojo, mejorando as\u00ed la belleza y el atractivo. Una ceja externa m\u00e1s elevada en comparaci\u00f3n con la interna contribuye a una apariencia facial m\u00e1s atractiva. Las cejas bajas pueden dar una [&hellip;]<\/p>\n","protected":false},"author":1,"featured_media":19813,"parent":0,"menu_order":0,"comment_status":"closed","ping_status":"closed","template":"","meta":{"footnotes":""},"dep":[1354],"class_list":["post-34182","page","type-page","status-publish","has-post-thumbnail","hentry","dep-plastic-surgeries"],"_links":{"self":[{"href":"https:\/\/www.turkaesthetic.com\/es\/wp-json\/wp\/v2\/pages\/34182","targetHints":{"allow":["GET"]}}],"collection":[{"href":"https:\/\/www.turkaesthetic.com\/es\/wp-json\/wp\/v2\/pages"}],"about":[{"href":"https:\/\/www.turkaesthetic.com\/es\/wp-json\/wp\/v2\/types\/page"}],"author":[{"embeddable":true,"href":"https:\/\/www.turkaesthetic.com\/es\/wp-json\/wp\/v2\/users\/1"}],"replies":[{"embeddable":true,"href":"https:\/\/www.turkaesthetic.com\/es\/wp-json\/wp\/v2\/comments?post=34182"}],"version-history":[{"count":0,"href":"https:\/\/www.turkaesthetic.com\/es\/wp-json\/wp\/v2\/pages\/34182\/revisions"}],"wp:featuredmedia":[{"embeddable":true,"href":"https:\/\/www.turkaesthetic.com\/es\/wp-json\/wp\/v2\/media\/19813"}],"wp:attachment":[{"href":"https:\/\/www.turkaesthetic.com\/es\/wp-json\/wp\/v2\/media?parent=34182"}],"wp:term":[{"taxonomy":"dep","embeddable":true,"href":"https:\/\/www.turkaesthetic.com\/es\/wp-json\/wp\/v2\/dep?post=34182"}],"curies":[{"name":"wp","href":"https:\/\/api.w.org\/{rel}","templated":true}]}}