{"id":34112,"date":"2021-12-24T13:46:29","date_gmt":"2021-12-24T10:46:29","guid":{"rendered":"http:\/\/turkaesthetic.com\/?page_id=34112"},"modified":"2025-04-07T17:52:46","modified_gmt":"2025-04-07T14:52:46","slug":"breast-reduction","status":"publish","type":"page","link":"https:\/\/www.turkaesthetic.com\/es\/breast-reduction\/","title":{"rendered":"Reducci\u00f3n de Senos"},"content":{"rendered":"\n<p>La cirug\u00eda de <strong>reducci\u00f3n de senos<\/strong> es un procedimiento cosm\u00e9tico realizado por un cirujano pl\u00e1stico para remodelar los senos de mujeres que presentan un tama\u00f1o excesivo debido a factores gen\u00e9ticos o aumento de peso. Los resultados del procedimiento se pueden observar inmediatamente despu\u00e9s de la finalizaci\u00f3n, y la cirug\u00eda suele durar unas 3 horas bajo anestesia general. A continuaci\u00f3n, le brindamos todos los detalles esenciales para las mujeres que est\u00e9n considerando este procedimiento.<\/p>\n\n\n\n<figure class=\"wp-block-table\"><table><tbody><tr><td>Anestesia&nbsp;<\/td><td>Lleno<\/td><\/tr><tr><td>Duraci\u00f3n del proceso<\/td><td>3 Horas<\/td><\/tr><tr><td>Estancia en el hospital<\/td><td>Se necesita 1 noche despu\u00e9s del proceso<\/td><\/tr><tr><td>Resultados<\/td><td>Inmediata \/ De por vida<\/td><\/tr><tr><td>Convalecencia<\/td><td>10-15 d\u00edas<\/td><\/tr><\/tbody><\/table><\/figure>\n\n\n\n<h2 class=\"wp-block-heading\">\u00bfC\u00f3mo se realiza la cirug\u00eda de reducci\u00f3n de senos?<\/h2>\n\n\n\n<p>El procedimiento tiene como objetivo reducir el tama\u00f1o de los <a href=\"https:\/\/www.turkaesthetic.com\/es\/breast-enlargement\/\" target=\"_blank\" data-type=\"page\" data-id=\"34056\" rel=\"noreferrer noopener\">senos<\/a> excesivamente grandes, lo cual puede causar diversos problemas de salud, como dolor de espalda, columna vertebral y cuello, dificultad para respirar y una postura encorvada debido al exceso de peso.<\/p>\n\n\n\n<p>La cirug\u00eda elimina tejido glandular, grasa y exceso de piel de los senos, lo que da como resultado una forma mamaria m\u00e1s firme, levantada y proporcionada. Este procedimiento mejora la est\u00e9tica y mejora la comodidad f\u00edsica y la funci\u00f3n corporal general.<\/p>\n\n\n\n<h3 class=\"wp-block-heading\">Video de la cirug\u00eda de reducci\u00f3n de senos<\/h3>\n\n\n\n<p>Una demostraci\u00f3n en video le mostrar\u00e1 c\u00f3mo se realiza la cirug\u00eda.<\/p>\n\n\n\n<figure class=\"wp-block-embed is-type-video is-provider-youtube wp-block-embed-youtube wp-embed-aspect-16-9 wp-has-aspect-ratio\"><div class=\"wp-block-embed__wrapper\">\n<iframe loading=\"lazy\" title=\"Breast Reduction - Turk Aesthetic\" width=\"800\" height=\"450\" src=\"https:\/\/www.youtube.com\/embed\/Yta8qRQ-4-A?feature=oembed\" frameborder=\"0\" allow=\"accelerometer; autoplay; clipboard-write; encrypted-media; gyroscope; picture-in-picture; web-share\" referrerpolicy=\"strict-origin-when-cross-origin\" allowfullscreen><\/iframe>\n<\/div><\/figure>\n\n\n\n<h3 class=\"wp-block-heading\">\u00bfQui\u00e9nes son elegibles para el procedimiento?<\/h3>\n\n\n\n<p>La cirug\u00eda es adecuada para mujeres que presentan senos ca\u00eddos o desproporcionadamente grandes que no armonizan con su figura. Las candidatas deben ser:<\/p>\n\n\n\n<ul class=\"wp-block-list\">\n<li>Mayores de 18 a\u00f1os<\/li>\n\n\n\n<li>Buena salud general<\/li>\n\n\n\n<li>Buscan una forma de senos m\u00e1s firme y proporcionada para aumentar la confianza<\/li>\n<\/ul>\n\n\n\n<h4 class=\"wp-block-heading\">\u00bfQui\u00e9nes NO son elegibles para el procedimiento?<\/h4>\n\n\n\n<p>Algunas mujeres pueden tener problemas con senos grandes y pesados, pero podr\u00edan no ser elegibles para la cirug\u00eda debido a:<\/p>\n\n\n\n<ul class=\"wp-block-list\">\n<li>Enfermedades cr\u00f3nicas como cardiopat\u00edas o diabetes no controlada<\/li>\n\n\n\n<li>Tumores en etapa avanzada (se requiere consulta m\u00e9dica)<\/li>\n\n\n\n<li>Problemas de cicatrizaci\u00f3n deficiente<\/li>\n\n\n\n<li>Mujeres menores de 18 a\u00f1os, ya que su cuerpo a\u00fan est\u00e1 en desarrollo<\/li>\n<\/ul>\n\n\n\n<h3 class=\"wp-block-heading\">\u00bfQu\u00e9 especialista realiza la cirug\u00eda de reducci\u00f3n de senos?<\/h3>\n\n\n\n<p>La reducci\u00f3n de senos es un procedimiento quir\u00fargico cosm\u00e9tico, lo que significa que debe ser realizada por un cirujano pl\u00e1stico certificado con experiencia en procedimientos est\u00e9ticos. Los m\u00e9dicos de otras especialidades no pueden realizar este tipo de cirug\u00eda.<\/p>\n\n\n\n<h4 class=\"wp-block-heading\">Tipo de anestesia utilizada en la cirug\u00eda<\/h4>\n\n\n\n<p>La cirug\u00eda no se puede realizar solo con anestesia local; requiere anestesia general. Los pacientes deben ayunar al menos seis horas antes del procedimiento. Despu\u00e9s de la cirug\u00eda, se recomienda un ayuno de unas cuatro horas antes de reintroducir gradualmente comidas ligeras, seguidas de una dieta normal.<\/p>\n\n\n\n<h3 class=\"wp-block-heading\">Pasos de reducci\u00f3n de senos<\/h3>\n\n\n<div id=\"rank-math-howto\" class=\"rank-math-block\" >\n<div class=\"rank-math-howto-description\">\n\n<p>La cirug\u00eda de reducci\u00f3n mamaria pasa por tres etapas, al igual que otras operaciones:<\/p>\n\n<\/div>\n<p class=\"rank-math-howto-duration\"><strong>Tiempo total:<\/strong> <span>3 horas<\/span><\/p>\n<div class=\"rank-math-steps \">\n<div id=\"howto-step-1677147031158\" class=\"rank-math-step\">\n<h3 class=\"rank-math-step-title \">Antes del proceso<\/h3>\n<div class=\"rank-math-step-content \"><img loading=\"lazy\" decoding=\"async\" width=\"1012\" height=\"768\" src=\"https:\/\/www.turkaesthetic.com\/wp-content\/uploads\/2021\/12\/before.webp\" class=\"attachment-full size-full\" alt=\"Reducci\u00f3n de senos en Turqu\u00eda\" srcset=\"https:\/\/www.turkaesthetic.com\/wp-content\/uploads\/2021\/12\/before.webp 1012w, https:\/\/www.turkaesthetic.com\/wp-content\/uploads\/2021\/12\/before-300x228.webp 300w, https:\/\/www.turkaesthetic.com\/wp-content\/uploads\/2021\/12\/before-768x583.webp 768w\" sizes=\"auto, (max-width: 1012px) 100vw, 1012px\" \/><p> Antes de someterse a una cirug\u00eda de reducci\u00f3n de senos, es recomendable informar al equipo m\u00e9dico o al m\u00e9dico sobre cualquier enfermedad cr\u00f3nica que la paciente pueda padecer, as\u00ed como sobre cualquier medicamento que est\u00e9 tomando, si corresponde. Tambi\u00e9n es importante informar al m\u00e9dico sobre cualquier cirug\u00eda previa y no omitir ning\u00fan detalle relacionado con el estado de salud de la paciente. Adem\u00e1s, se deben seguir varias instrucciones, incluyendo:<br \/>\u2013 Hablar con el equipo m\u00e9dico sobre los resultados esperados del procedimiento.<br \/>\u2013 Evitar comer y beber durante al menos seis horas antes de la cirug\u00eda.<br \/>\u2013 Informar al equipo m\u00e9dico sobre cualquier medicamento que est\u00e9 tomando.<br \/>\u2013 Abstenerse de consumir alcohol y tabaco durante al menos una semana antes del procedimiento.<br \/>\u2013 Suspender cualquier medicamento anticoagulante, como la aspirina, despu\u00e9s de consultar con el m\u00e9dico.<br \/>\u2013 Usar ropa c\u00f3moda el d\u00eda de la cirug\u00eda.<\/p>\n<\/div>\n<\/div>\n<div id=\"howto-step-1677147069297\" class=\"rank-math-step\">\n<h3 class=\"rank-math-step-title \">Durante el proceso<\/h3>\n<div class=\"rank-math-step-content \"><img loading=\"lazy\" decoding=\"async\" width=\"1024\" height=\"531\" src=\"https:\/\/www.turkaesthetic.com\/wp-content\/uploads\/2021\/12\/breast-reduction-Process.webp\" class=\"attachment-full size-full\" alt=\"Reducci\u00f3n de senos en Turqu\u00eda\" srcset=\"https:\/\/www.turkaesthetic.com\/wp-content\/uploads\/2021\/12\/breast-reduction-Process.webp 1024w, https:\/\/www.turkaesthetic.com\/wp-content\/uploads\/2021\/12\/breast-reduction-Process-300x156.webp 300w, https:\/\/www.turkaesthetic.com\/wp-content\/uploads\/2021\/12\/breast-reduction-Process-768x398.webp 768w\" sizes=\"auto, (max-width: 1024px) 100vw, 1024px\" \/><p>El m\u00e9todo de la cirug\u00eda se determina seg\u00fan las preferencias de la paciente respecto a la forma de sus senos despu\u00e9s del procedimiento. Una vez administrada la anestesia general, el cirujano realiza incisiones alrededor del pez\u00f3n y la areola circundante. Se realiza una segunda incisi\u00f3n vertical desde la areola hasta la zona fl\u00e1cida del seno. El cirujano retira el exceso de grasa, tejido y piel, elevando el pez\u00f3n y la areola. Adem\u00e1s, se puede reducir el tama\u00f1o de la areola, que suele aumentar de tama\u00f1o despu\u00e9s del embarazo, el parto y la lactancia. El procedimiento suele durar unas 3 horas.<\/p>\n<\/div>\n<\/div>\n<div id=\"howto-step-1677147078867\" class=\"rank-math-step\">\n<h3 class=\"rank-math-step-title \">Despu\u00e9s del proceso<\/h3>\n<div class=\"rank-math-step-content \"><p>Despu\u00e9s de la cirug\u00eda, el m\u00e9dico coloca un vendaje compresivo para los senos, que debe usarse de dos a tres d\u00edas. Los moretones comenzar\u00e1n a desaparecer gradualmente y pueden tardar de una a tres semanas en desaparecer por completo. Las suturas se disolver\u00e1n gradualmente por s\u00ed solas. Se recomienda evitar el uso de sujetadores con aros o relleno y, en su lugar, usar un sujetador deportivo durante todo el d\u00eda. Se debe evitar la actividad f\u00edsica intensa y conducir durante 30 d\u00edas. Despu\u00e9s de un mes, las pacientes pueden retomar sus actividades diarias normales, pero es recomendable evitar levantar objetos pesados \u200b\u200bo realizar ejercicios intensos durante al menos dos meses.<\/p>\n<\/div>\n<\/div>\n<\/div>\n<\/div>\n<p class=\"rank-math-howto-estimatedCost\"><strong>Coste estimado:<\/strong> <span>3450 Euro<\/span><\/p>\n\n\n\n\n\n<h3 class=\"wp-block-heading\">Antes y despu\u00e9s de la cirug\u00eda de reducci\u00f3n de senos<\/h3>\n\n\n\n<p>A continuaci\u00f3n se muestran algunas fotos de<a href=\"https:\/\/www.turkaesthetic.com\/es\/before-after\/\" data-type=\"page\" data-id=\"46949\" target=\"_blank\" rel=\"noreferrer noopener\"> antes y despu\u00e9s <\/a>de la cirug\u00eda de reducci\u00f3n de senos que se realiz\u00f3 en Turk Aesthetic.<\/p>\n\n\n\n<figure class=\"wp-block-gallery has-nested-images columns-default is-cropped wp-block-gallery-1 is-layout-flex wp-block-gallery-is-layout-flex\">\n<figure class=\"wp-block-image size-large\"><img loading=\"lazy\" decoding=\"async\" width=\"1200\" height=\"800\" data-id=\"45175\" src=\"https:\/\/www.turkaesthetic.com\/wp-content\/uploads\/2023\/11\/before-after-breast-reduction-3.jpg\" alt=\"Antes y despu\u00e9s de la reducci\u00f3n mamaria en T\u00fcrkiye\" class=\"wp-image-45175\"\/><figcaption class=\"wp-element-caption\">Antes y despu\u00e9s de la reducci\u00f3n mamaria<\/figcaption><\/figure>\n\n\n\n<figure class=\"wp-block-image size-large\"><img loading=\"lazy\" decoding=\"async\" width=\"1200\" height=\"800\" data-id=\"45166\" src=\"https:\/\/www.turkaesthetic.com\/wp-content\/uploads\/2023\/11\/before-after-breast-reduction-2.jpg\" alt=\"Antes y despu\u00e9s de la reducci\u00f3n mamaria en T\u00fcrkiye\" class=\"wp-image-45166\"\/><figcaption class=\"wp-element-caption\">Antes y despu\u00e9s de la reducci\u00f3n mamaria<\/figcaption><\/figure>\n\n\n\n<figure class=\"wp-block-image size-large\"><img loading=\"lazy\" decoding=\"async\" width=\"1200\" height=\"800\" data-id=\"45157\" src=\"https:\/\/www.turkaesthetic.com\/wp-content\/uploads\/2023\/11\/before-after-breast-reduction-1.jpg\" alt=\"Antes y despu\u00e9s de la reducci\u00f3n mamaria en T\u00fcrkiye\" class=\"wp-image-45157\"\/><figcaption class=\"wp-element-caption\">Antes y despu\u00e9s de la reducci\u00f3n mamaria<\/figcaption><\/figure>\n<\/figure>\n\n\n\n<h3 class=\"wp-block-heading\">Consejos postoperatorios para la reducci\u00f3n de senos<\/h3>\n\n\n\n<p>Tras una cirug\u00eda de reducci\u00f3n de senos, es fundamental seguir las instrucciones de cuidados postoperatorios para garantizar una cicatrizaci\u00f3n \u00f3ptima y resultados \u00f3ptimos:<\/p>\n\n\n\n<ul class=\"wp-block-list\">\n<li>Siga estrictamente las instrucciones de su cirujano.<\/li>\n\n\n\n<li>Tome los medicamentos recetados a tiempo, seg\u00fan las indicaciones.<\/li>\n\n\n\n<li>Evite actividades extenuantes durante el per\u00edodo inicial de recuperaci\u00f3n.<\/li>\n\n\n\n<li>Use una prenda de compresi\u00f3n m\u00e9dica seg\u00fan las indicaciones.<\/li>\n<\/ul>\n\n\n\n<h4 class=\"wp-block-heading\">Ventajas y desventajas<\/h4>\n\n\n\n<p>La cirug\u00eda de reducci\u00f3n de senos no presenta inconvenientes significativos, excepto cuando la realiza un cirujano sin experiencia. En estos casos, puede producirse asimetr\u00eda o malos resultados est\u00e9ticos.<\/p>\n\n\n\n<p><strong>Ventajas<\/strong><\/p>\n\n\n\n<p>Aumenta la confianza en s\u00ed misma, la feminidad y el atractivo al mejorar la proporci\u00f3n de los senos.<br>Elimina el dolor de espalda, cuello y hombros causado por el tama\u00f1o excesivo de los senos.<br>Reduce la irritaci\u00f3n y las erupciones cut\u00e1neas debajo de los senos causadas por la sudoraci\u00f3n excesiva y la flacidez.<\/p>\n\n\n\n<p><strong>Posibles efectos secundarios<\/strong><\/p>\n\n\n\n<p>Puede experimentarse algo de entumecimiento u hormigueo en los pezones despu\u00e9s de la cirug\u00eda. Puede producirse una ligera diferencia en el tama\u00f1o de los senos si el cirujano no es experto.<br>Puede experimentarse una ligera picaz\u00f3n durante la cicatrizaci\u00f3n de la herida.<\/p>\n\n\n\n<h3 class=\"wp-block-heading\">Cirug\u00eda de Reducci\u00f3n de Senos en Estambul, Turqu\u00eda<\/h3>\n\n\n\n<p>Turqu\u00eda, especialmente Estambul, es un destino privilegiado para el turismo m\u00e9dico, atrayendo a numerosos pacientes internacionales que combinan tratamiento y turismo. Esto se debe a varias ventajas, como:<\/p>\n\n\n\n<p>Amplia gama de opciones de procedimientos.<br>Cirujanos pl\u00e1sticos con amplia experiencia.<br>Servicios de alta calidad a precios asequibles.<br>La reducci\u00f3n de senos es uno de los procedimientos de contorno corporal m\u00e1s populares en Turqu\u00eda. El coste de la reducci\u00f3n de senos var\u00eda seg\u00fan la cl\u00ednica, generalmente entre 3500 y 4500 \u20ac.<\/p>\n\n\n\n<h4 class=\"wp-block-heading\">Costo de la Cirug\u00eda de Reducci\u00f3n de Senos<\/h4>\n\n\n\n<p>El precio de la cirug\u00eda de reducci\u00f3n de senos var\u00eda en funci\u00f3n de:<\/p>\n\n\n\n<p>Reputaci\u00f3n de la cl\u00ednica u hospital.<br>Experiencia y conocimientos del cirujano.<br>Servicios adicionales incluidos en el paquete, como alojamiento y transporte.<br>En Turk Aesthetic Istanbul, el coste estimado de la cirug\u00eda de reducci\u00f3n de senos oscila entre 3450 y 4500 \u20ac. Contacta con Turk Aesthetic a trav\u00e9s de la p\u00e1gina de contacto para obtener paquetes que incluyen alojamiento y transporte. El costo del paquete, incluido el alojamiento y el transporte, puede ponerse en contacto con el equipo de Turk Aesthetic a trav\u00e9s de la p\u00e1gina de contacto.<\/p>\n\n\n\n<h2 class=\"wp-block-heading\">Preguntas frecuentes &#8211; Cirug\u00eda de reducci\u00f3n de senos<\/h2>\n\n\n<div id=\"rank-math-faq\" class=\"rank-math-block\">\n<div class=\"rank-math-list \">\n<div id=\"faq-question-1677147179023\" class=\"rank-math-list-item\">\n<h3 class=\"rank-math-question \">\u00bfCu\u00e1nto dura la cirug\u00eda de reducci\u00f3n de mamas?<\/h3>\n<div class=\"rank-math-answer \">\n\n<p>El procedimiento suele durar de 3 a 4 horas.<\/p>\n\n<\/div>\n<\/div>\n<div id=\"faq-question-1742030951562\" class=\"rank-math-list-item\">\n<h3 class=\"rank-math-question \">\u00bfCu\u00e1ndo ver\u00e9 los resultados?<\/h3>\n<div class=\"rank-math-answer \">\n\n<p>Los resultados son inmediatos y se notan cuando disminuye la inflamaci\u00f3n posquir\u00fargica.<\/p>\n\n<\/div>\n<\/div>\n<div id=\"faq-question-1742030956910\" class=\"rank-math-list-item\">\n<h3 class=\"rank-math-question \">\u00bfCu\u00e1l es la tasa de \u00e9xito de la cirug\u00eda de reducci\u00f3n de mamas?<\/h3>\n<div class=\"rank-math-answer \">\n\n<p>La tasa de \u00e9xito es directamente proporcional a la experiencia y la habilidad del cirujano que realiza el procedimiento.<\/p>\n\n<\/div>\n<\/div>\n<div id=\"faq-question-1742030962654\" class=\"rank-math-list-item\">\n<h3 class=\"rank-math-question \">\u00bfSe puede realizar la cirug\u00eda de reducci\u00f3n de mamas con anestesia local?<\/h3>\n<div class=\"rank-math-answer \">\n\n<p>No, la cirug\u00eda de reducci\u00f3n de mamas requiere anestesia general.<\/p>\n\n<\/div>\n<\/div>\n<div id=\"faq-question-1742030967832\" class=\"rank-math-list-item\">\n<h3 class=\"rank-math-question \">\u00bfCu\u00e1l es el precio de la cirug\u00eda de reducci\u00f3n de mamas?<\/h3>\n<div class=\"rank-math-answer \">\n\n<p>En Turk Aesthetic Istanbul, el precio oscila entre 3450 y 4500 \u20ac. el precio suele estar dentro de este rango.<\/p>\n\n<\/div>\n<\/div>\n<div id=\"faq-question-1742030978526\" class=\"rank-math-list-item\">\n<h3 class=\"rank-math-question \">\u00bfCu\u00e1l es el periodo de recuperaci\u00f3n tras la cirug\u00eda de reducci\u00f3n de mamas?<\/h3>\n<div class=\"rank-math-answer \">\n\n<p>La recuperaci\u00f3n dura aproximadamente de 10 a 15 d\u00edas.<\/p>\n\n<\/div>\n<\/div>\n<div id=\"faq-question-1742030984135\" class=\"rank-math-list-item\">\n<h3 class=\"rank-math-question \">\u00bfPueden los senos agrandarse y caerse despu\u00e9s de la cirug\u00eda de reducci\u00f3n de mamas?<\/h3>\n<div class=\"rank-math-answer \">\n\n<p>Los resultados de la cirug\u00eda de reducci\u00f3n de mamas son permanentes.<\/p>\n\n<\/div>\n<\/div>\n<div id=\"faq-question-1742030990346\" class=\"rank-math-list-item\">\n<h3 class=\"rank-math-question \">\u00bfCu\u00e1nto tiempo debo usar una prenda de compresi\u00f3n despu\u00e9s de la cirug\u00eda? <\/h3>\n<div class=\"rank-math-answer \">\n\n<p>Se recomienda utilizar la prenda de compresi\u00f3n durante 30 a 45 d\u00edas.<\/p>\n\n<\/div>\n<\/div>\n<\/div>\n<\/div>\n\n\n<p>Por \u00faltimo, puede ponerse en <a href=\"http:\/\/turkaesthetic.com\/es\/contact-us\/\" data-type=\"page\" data-id=\"33306\"><strong>contacto<\/strong> <\/a>directamente para solicitar informaci\u00f3n y precios de<a href=\"https:\/\/www.youtube.com\/channel\/UC0zggzdm5CFwpRMmn_CPpFQ\" data-type=\"URL\" data-id=\"https:\/\/www.youtube.com\/channel\/UC0zggzdm5CFwpRMmn_CPpFQ\" target=\"_blank\" rel=\"noreferrer noopener\"> <strong>Turk Aesthetic<\/strong><\/a>.<\/p>\n","protected":false},"excerpt":{"rendered":"<p>La cirug\u00eda de reducci\u00f3n de senos es un procedimiento cosm\u00e9tico realizado por un cirujano pl\u00e1stico para remodelar los senos de mujeres que presentan un tama\u00f1o excesivo debido a factores gen\u00e9ticos o aumento de peso. Los resultados del procedimiento se pueden observar inmediatamente despu\u00e9s de la finalizaci\u00f3n, y la cirug\u00eda suele durar unas 3 horas bajo [&hellip;]<\/p>\n","protected":false},"author":1,"featured_media":19877,"parent":0,"menu_order":0,"comment_status":"closed","ping_status":"closed","template":"","meta":{"footnotes":""},"dep":[],"class_list":["post-34112","page","type-page","status-publish","has-post-thumbnail","hentry"],"_links":{"self":[{"href":"https:\/\/www.turkaesthetic.com\/es\/wp-json\/wp\/v2\/pages\/34112","targetHints":{"allow":["GET"]}}],"collection":[{"href":"https:\/\/www.turkaesthetic.com\/es\/wp-json\/wp\/v2\/pages"}],"about":[{"href":"https:\/\/www.turkaesthetic.com\/es\/wp-json\/wp\/v2\/types\/page"}],"author":[{"embeddable":true,"href":"https:\/\/www.turkaesthetic.com\/es\/wp-json\/wp\/v2\/users\/1"}],"replies":[{"embeddable":true,"href":"https:\/\/www.turkaesthetic.com\/es\/wp-json\/wp\/v2\/comments?post=34112"}],"version-history":[{"count":0,"href":"https:\/\/www.turkaesthetic.com\/es\/wp-json\/wp\/v2\/pages\/34112\/revisions"}],"wp:featuredmedia":[{"embeddable":true,"href":"https:\/\/www.turkaesthetic.com\/es\/wp-json\/wp\/v2\/media\/19877"}],"wp:attachment":[{"href":"https:\/\/www.turkaesthetic.com\/es\/wp-json\/wp\/v2\/media?parent=34112"}],"wp:term":[{"taxonomy":"dep","embeddable":true,"href":"https:\/\/www.turkaesthetic.com\/es\/wp-json\/wp\/v2\/dep?post=34112"}],"curies":[{"name":"wp","href":"https:\/\/api.w.org\/{rel}","templated":true}]}}