{"id":34056,"date":"2021-12-18T09:45:00","date_gmt":"2021-12-18T06:45:00","guid":{"rendered":"http:\/\/turkaesthetic.com\/?page_id=34056"},"modified":"2025-04-07T17:52:59","modified_gmt":"2025-04-07T14:52:59","slug":"breast-enlargement","status":"publish","type":"page","link":"https:\/\/www.turkaesthetic.com\/es\/breast-enlargement\/","title":{"rendered":"Aumento de Senos"},"content":{"rendered":"\n<p>El <strong>aumento de senos<\/strong> es un procedimiento quir\u00fargico cosm\u00e9tico realizado por un cirujano pl\u00e1stico especializado. Muchas mujeres optan por este procedimiento para aumentar el tama\u00f1o de sus senos, especialmente si tienen <a href=\"https:\/\/www.turkaesthetic.com\/es\/breast-lift\/\" target=\"_blank\" data-type=\"page\" data-id=\"34141\" rel=\"noreferrer noopener\">senos<\/a> peque\u00f1os por naturaleza, han sufrido p\u00e9rdida de volumen mamario debido a accidentes o c\u00e1ncer de mama, o necesitan reemplazar implantes de silicona antiguos de una cirug\u00eda anterior.<\/p>\n\n\n\n<figure class=\"wp-block-table\"><table><tbody><tr><td>Anestesia&nbsp;<\/td><td>Lleno<\/td><\/tr><tr><td>Duraci\u00f3n del proceso&nbsp;<\/td><td>3-4 horas<\/td><\/tr><tr><td>Estancia en el hospital<\/td><td>Se necesita 1 noche despu\u00e9s del proceso<\/td><\/tr><tr><td>Resultados<\/td><td>Inmediata \/ 15 a\u00f1os&nbsp;<\/td><\/tr><tr><td>Convalecencia<\/td><td>10 D\u00edas<\/td><\/tr><\/tbody><\/table><\/figure>\n\n\n\n<h2 class=\"wp-block-heading\">\u00bfC\u00f3mo se realiza el aumento de senos?<\/h2>\n\n\n\n<p>El aumento de senos se realiza mediante diversas t\u00e9cnicas, siendo la m\u00e1s com\u00fan la inserci\u00f3n de implantes de silicona s\u00f3lida. El cirujano coloca cuidadosamente los implantes de manera que se aumente el tama\u00f1o de los senos, manteniendo una apariencia natural. El tama\u00f1o y la forma del implante se discuten con la paciente antes del procedimiento para garantizar el resultado deseado.<\/p>\n\n\n\n<p>La cirug\u00eda suele durar de 2 a 3 horas y la paciente permanece hospitalizada una noche antes de ser dada de alta al d\u00eda siguiente.<\/p>\n\n\n\n<h3 class=\"wp-block-heading\">Video de aumento de senos<\/h3>\n\n\n\n<p>A continuaci\u00f3n, se muestra un video que muestra c\u00f3mo se realiza el procedimiento de aumento de senos.<\/p>\n\n\n\n<figure class=\"wp-block-embed is-type-video is-provider-youtube wp-block-embed-youtube wp-embed-aspect-16-9 wp-has-aspect-ratio\"><div class=\"wp-block-embed__wrapper\">\n<iframe loading=\"lazy\" title=\"Breast Augmentation - Turk Aesthetic\" width=\"800\" height=\"450\" src=\"https:\/\/www.youtube.com\/embed\/VzFDUDkzs9E?feature=oembed\" frameborder=\"0\" allow=\"accelerometer; autoplay; clipboard-write; encrypted-media; gyroscope; picture-in-picture; web-share\" referrerpolicy=\"strict-origin-when-cross-origin\" allowfullscreen><\/iframe>\n<\/div><figcaption class=\"wp-element-caption\">Aumento de Senos<\/figcaption><\/figure>\n\n\n\n<h4 class=\"wp-block-heading\">Mujeres Aptas para el Aumento de Senos<\/h4>\n\n\n\n<p>Las mujeres mayores de 18 a\u00f1os pueden someterse a un aumento de senos por diversas razones. Este procedimiento suele ser solicitado por quienes tienen senos peque\u00f1os por naturaleza despu\u00e9s de la pubertad, presentan asimetr\u00eda mamaria o presentan deformidades debido a afecciones m\u00e9dicas o accidentes. Tambi\u00e9n se realiza con fines reconstructivos, no solo est\u00e9ticos.<\/p>\n\n\n\n<p>Antes de la cirug\u00eda, es fundamental informar a su cirujano sobre cualquier enfermedad cr\u00f3nica que padezca y cualquier medicamento que est\u00e9 tomando. Adem\u00e1s, comente cualquier cirug\u00eda previa a la que se haya sometido. Es fundamental tener expectativas realistas sobre el procedimiento y sus posibles resultados. Una comunicaci\u00f3n clara sobre estos puntos ayudar\u00e1 a garantizar una experiencia quir\u00fargica segura y eficaz.<\/p>\n\n\n\n<h3 class=\"wp-block-heading\">\u00bfQui\u00e9nes NO son Aptas para el Aumento de Senos?<\/h3>\n\n\n\n<p>El aumento de senos, como cualquier otra <a href=\"https:\/\/www.turkaesthetic.com\/es\/plastic-surgeries\/\" target=\"_blank\" data-type=\"page\" data-id=\"37212\" rel=\"noreferrer noopener\">cirug\u00eda est\u00e9tica<\/a>, no es adecuado para todas las mujeres. Muchas son buenas candidatas para este procedimiento, mientras que otras no. Es fundamental consultar con un m\u00e9dico o con el equipo m\u00e9dico de Turk Aesthetic para recibir asesoramiento personalizado seg\u00fan cada caso. Esto puede hacerse proporcionando fotos o compartiendo informaci\u00f3n relevante sobre su estado de salud. Algunas mujeres, como aquellas con cardiopat\u00edas avanzadas, diabetes grave o problemas respiratorios cr\u00f3nicos, podr\u00edan preferir evitar este procedimiento.<\/p>\n\n\n\n<h4 class=\"wp-block-heading\">\u00bfQui\u00e9n realiza la cirug\u00eda de aumento de senos?<\/h4>\n\n\n\n<p>El aumento de senos es un procedimiento cosm\u00e9tico y debe ser realizado por un cirujano pl\u00e1stico certificado con experiencia en cirug\u00edas est\u00e9ticas. Otros especialistas m\u00e9dicos de diferentes campos no pueden realizar esta operaci\u00f3n, ya que se clasifica estrictamente dentro de la cirug\u00eda pl\u00e1stica.<\/p>\n\n\n\n<p><strong>Razones comunes para el aumento de senos<\/strong><\/p>\n\n\n\n<p>Las mujeres optan por el aumento de senos por diversas razones, entre ellas:<\/p>\n\n\n\n<ul class=\"wp-block-list\">\n<li>Peque\u00f1o tama\u00f1o de los senos.<\/li>\n\n\n\n<li>Falta de confianza.<\/li>\n\n\n\n<li>Sensaci\u00f3n de incompetencia.<\/li>\n\n\n\n<li>Asimetr\u00eda mamaria.<\/li>\n\n\n\n<li>Reconstrucci\u00f3n mamaria tras un accidente o una afecci\u00f3n m\u00e9dica.<\/li>\n\n\n\n<li>Reemplazo de implantes de silicona antiguos.<\/li>\n<\/ul>\n\n\n\n<h3 class=\"wp-block-heading\">Tipo de anestesia utilizada en la cirug\u00eda de aumento de senos<\/h3>\n\n\n\n<p>El aumento de senos no se puede realizar con anestesia local; se realiza exclusivamente con anestesia general. La paciente est\u00e1 completamente sedada antes del procedimiento y permanece as\u00ed hasta su finalizaci\u00f3n.<\/p>\n\n\n\n<p>Se requiere que las pacientes ayunen durante al menos seis horas antes de la cirug\u00eda para garantizar su seguridad durante el procedimiento. Despu\u00e9s de la cirug\u00eda, es importante que los pacientes eviten comer o beber durante aproximadamente cuatro horas. <\/p>\n\n\n\n<p>Transcurrido este tiempo, pueden comenzar con comidas ligeras y retomar gradualmente su dieta habitual a medida que se sientan c\u00f3modos.ayunar Despu\u00e9s de completar el&nbsp; Operaci\u00f3n durante un per\u00edodo que oscila en el medio de aproximadamente cuatro horas, el paciente puede hacer una tarea simple y luego volver a la vida normal en t\u00e9rminos de comida y bebida.<\/p>\n\n\n\n<h3 class=\"wp-block-heading\">Pasos para el aumento de senos<\/h3>\n\n\n<div id=\"rank-math-howto\" class=\"rank-math-block\" >\n<div class=\"rank-math-howto-description\">\n\n<p>etapas  :<\/p>\n\n<\/div>\n<p class=\"rank-math-howto-duration\"><strong>Tiempo total:<\/strong> <span>3 horas<\/span><\/p>\n<div class=\"rank-math-steps \">\n<div id=\"howto-step-1677070291857\" class=\"rank-math-step\">\n<h3 class=\"rank-math-step-title \">Antes del proceso<\/h3>\n<div class=\"rank-math-step-content \"><img loading=\"lazy\" decoding=\"async\" width=\"1024\" height=\"681\" src=\"https:\/\/www.turkaesthetic.com\/wp-content\/uploads\/2021\/12\/Breast-Augmentation-1.webp\" class=\"attachment-full size-full\" alt=\"Aumento de Senos en Turqu\u00eda\" srcset=\"https:\/\/www.turkaesthetic.com\/wp-content\/uploads\/2021\/12\/Breast-Augmentation-1.webp 1024w, https:\/\/www.turkaesthetic.com\/wp-content\/uploads\/2021\/12\/Breast-Augmentation-1-300x200.webp 300w, https:\/\/www.turkaesthetic.com\/wp-content\/uploads\/2021\/12\/Breast-Augmentation-1-768x511.webp 768w\" sizes=\"auto, (max-width: 1024px) 100vw, 1024px\" \/><p>Antes de someterse a un aumento de senos, es fundamental que las pacientes informen a su cirujano sobre cualquier enfermedad cr\u00f3nica que puedan padecer, los medicamentos que est\u00e9n tomando y cualquier cirug\u00eda previa a la que se hayan sometido. Adem\u00e1s, hablar sobre las afecciones de salud relevantes es crucial para garantizar la seguridad y la eficacia del procedimiento. Al proporcionar esta informaci\u00f3n, las pacientes pueden ayudar a sus cirujanos a tomar decisiones informadas y a adaptar el enfoque quir\u00fargico a sus necesidades individuales.<br \/>Instrucciones preoperatorias:<br \/>\u2013 Comente los resultados esperados con el equipo m\u00e9dico.<br \/>\u2013 Ayune durante al menos seis horas antes de la cirug\u00eda.<br \/>\u2013 Informe al equipo m\u00e9dico sobre cualquier medicamento que est\u00e9 tomando.<br \/>\u2013 Evite el alcohol y el tabaco durante al menos una semana antes de la cirug\u00eda.<br \/>\u2013 Suspenda los medicamentos anticoagulantes como la aspirina (solo despu\u00e9s de consultar con un m\u00e9dico).<br \/>\u2013 Use ropa c\u00f3moda el d\u00eda de la cirug\u00eda.<\/p>\n<\/div>\n<\/div>\n<div id=\"howto-step-1677070312819\" class=\"rank-math-step\">\n<h3 class=\"rank-math-step-title \">Durante el proceso<\/h3>\n<div class=\"rank-math-step-content \"><img loading=\"lazy\" decoding=\"async\" width=\"1024\" height=\"683\" src=\"https:\/\/www.turkaesthetic.com\/wp-content\/uploads\/2021\/12\/Breast-Augmentation-3.webp\" class=\"attachment-full size-full\" alt=\"Aumento de Senos en Turqu\u00eda\" srcset=\"https:\/\/www.turkaesthetic.com\/wp-content\/uploads\/2021\/12\/Breast-Augmentation-3.webp 1024w, https:\/\/www.turkaesthetic.com\/wp-content\/uploads\/2021\/12\/Breast-Augmentation-3-300x200.webp 300w, https:\/\/www.turkaesthetic.com\/wp-content\/uploads\/2021\/12\/Breast-Augmentation-3-768x512.webp 768w\" sizes=\"auto, (max-width: 1024px) 100vw, 1024px\" \/><p>Durante el procedimiento se selecciona el tama\u00f1o y el tipo de implante de silicona adecuados. A continuaci\u00f3n, comienzan los pasos quir\u00fargicos, que incluyen la administraci\u00f3n de anestesia, la esterilizaci\u00f3n de la zona a tratar y la determinaci\u00f3n de la ubicaci\u00f3n \u00f3ptima para la inserci\u00f3n del implante de silicona. La incisi\u00f3n se realiza generalmente en una zona oculta debajo del seno o, en algunos casos, directamente debajo del pez\u00f3n.<\/p>\n<\/div>\n<\/div>\n<div id=\"howto-step-1677070324858\" class=\"rank-math-step\">\n<h3 class=\"rank-math-step-title \">Despu\u00e9s del proceso<\/h3>\n<div class=\"rank-math-step-content \"><p>Una vez finalizado el procedimiento, la paciente es trasladada del quir\u00f3fano tras cerrar las incisiones utilizadas para la inserci\u00f3n del implante. Posteriormente, es trasladada a la sala de recuperaci\u00f3n y, por lo general, puede recibir el alta hospitalaria al d\u00eda siguiente. Generalmente, se recomienda una visita de seguimiento con el m\u00e9dico despu\u00e9s de aproximadamente seis d\u00edas.<br \/>Las pacientes deben seguir estrictamente las instrucciones del m\u00e9dico y el equipo m\u00e9dico para lograr los resultados positivos esperados y minimizar los efectos secundarios. Tambi\u00e9n se recomienda el uso de un sost\u00e9n de compresi\u00f3n m\u00e9dica durante uno o dos meses despu\u00e9s de la cirug\u00eda. Adem\u00e1s, los medicamentos recetados deben tomarse seg\u00fan las indicaciones, sin descuidarlos. Se anima a las pacientes a mantenerse en contacto con el m\u00e9dico o el equipo m\u00e9dico durante el per\u00edodo de recuperaci\u00f3n si tienen preguntas o inquietudes adicionales sobre los efectos secundarios.<\/p>\n<\/div>\n<\/div>\n<\/div>\n<\/div>\n<p class=\"rank-math-howto-estimatedCost\"><strong>Coste estimado:<\/strong> <span>3450 Euro<\/span><\/p>\n\n\n\n\n\n<h2 class=\"wp-block-heading\">Antes y despu\u00e9s del aumento de senos<\/h2>\n\n\n\n<p>Aqu\u00ed se muestran las fotos antes y despu\u00e9s de la operaci\u00f3n de aumento de senosque se realiz\u00f3 en el de Turk Aesthetic.<\/p>\n\n\n\n<figure class=\"wp-block-gallery has-nested-images columns-default is-cropped wp-block-gallery-1 is-layout-flex wp-block-gallery-is-layout-flex\">\n<figure class=\"wp-block-image size-large\"><img loading=\"lazy\" decoding=\"async\" width=\"1200\" height=\"800\" data-id=\"45112\" src=\"https:\/\/www.turkaesthetic.com\/wp-content\/uploads\/2023\/11\/before-after-breast-augmentation-4.jpg\" alt=\"Antes y despu\u00e9s del aumento de senos en T\u00fcrkiye\" class=\"wp-image-45112\"\/><figcaption class=\"wp-element-caption\">Antes y despu\u00e9s del aumento de senos<\/figcaption><\/figure>\n\n\n\n<figure class=\"wp-block-image size-large\"><img loading=\"lazy\" decoding=\"async\" width=\"1200\" height=\"800\" data-id=\"45094\" src=\"https:\/\/www.turkaesthetic.com\/wp-content\/uploads\/2023\/11\/before-after-breast-augmentation-2.jpg\" alt=\"Antes y despu\u00e9s del aumento de senos en T\u00fcrkiye\" class=\"wp-image-45094\"\/><figcaption class=\"wp-element-caption\">Antes y despu\u00e9s del aumento de senos<\/figcaption><\/figure>\n\n\n\n<figure class=\"wp-block-image size-large\"><img loading=\"lazy\" decoding=\"async\" width=\"1200\" height=\"800\" data-id=\"45085\" src=\"https:\/\/www.turkaesthetic.com\/wp-content\/uploads\/2023\/11\/before-after-breast-augmentation-1.jpg\" alt=\"Antes y despu\u00e9s del aumento de senos en T\u00fcrkiye\" class=\"wp-image-45085\"\/><figcaption class=\"wp-element-caption\">Antes y despu\u00e9s del aumento de senos<\/figcaption><\/figure>\n<\/figure>\n\n\n\n<h3 class=\"wp-block-heading\">T\u00e9cnicas utilizadas para el aumento de senos<\/h3>\n\n\n\n<p>Existen varias t\u00e9cnicas para el aumento de senos, siendo las m\u00e1s comunes:<\/p>\n\n\n\n<ul class=\"wp-block-list\">\n<li>Inyecciones de relleno permanente.<\/li>\n\n\n\n<li>Injerto de grasa (transferencia de grasa aut\u00f3loga).<\/li>\n\n\n\n<li>Implantes de silicona.<\/li>\n\n\n\n<li>Los m\u00e9dicos generalmente prefieren los implantes de silicona por varias razones clave:<\/li>\n<\/ul>\n\n\n\n<p>Altos est\u00e1ndares de seguridad de los implantes de silicona.<br>Simetr\u00eda precisa entre ambos senos.<br>Minimizaci\u00f3n del riesgo de efectos secundarios asociados con la transferencia de grasa o los rellenos.<\/p>\n\n\n\n<h4 class=\"wp-block-heading\">Tipos de implantes de silicona utilizados en el procedimiento<\/h4>\n\n\n\n<p>Existen varios tipos de implantes de silicona disponibles para el aumento de senos. En Turk Aesthetic, priorizamos los implantes de alta calidad, utilizando implantes Mentor (fabricados en Estados Unidos) y Motiva (fabricados en Estados Unidos). Tambi\u00e9n se encuentran disponibles en el mercado otros implantes de diferentes pa\u00edses, como China y Rusia.iamos en implantes silicona de alta calidad como los implantes Mentor de origen americano o Motiva de origen americano. Tambi\u00e9n hay muchas otras cualidades utilizadas de diferentes pa\u00edses como China o Rusia.<\/p>\n\n\n\n<figure class=\"wp-block-image size-full\"><img loading=\"lazy\" decoding=\"async\" width=\"1000\" height=\"667\" src=\"http:\/\/turkaesthetic.com\/wp-content\/uploads\/2021\/12\/Breast-Augmentation-4.webp\" alt=\"Aumento de Senos en Turqu\u00eda\" class=\"wp-image-19732\" srcset=\"https:\/\/www.turkaesthetic.com\/wp-content\/uploads\/2021\/12\/Breast-Augmentation-4.webp 1000w, https:\/\/www.turkaesthetic.com\/wp-content\/uploads\/2021\/12\/Breast-Augmentation-4-300x200.webp 300w, https:\/\/www.turkaesthetic.com\/wp-content\/uploads\/2021\/12\/Breast-Augmentation-4-768x512.webp 768w\" sizes=\"auto, (max-width: 1000px) 100vw, 1000px\" \/><figcaption class=\"wp-element-caption\">Aumento de Senos<\/figcaption><\/figure>\n\n\n\n<h3 class=\"wp-block-heading\">Pautas postoperatorias para el aumento de senos<\/h3>\n\n\n\n<p>Hay varias instrucciones esenciales a seguir despu\u00e9s de someterse a un aumento de senos. A continuaci\u00f3n, se presentan las recomendaciones clave:<\/p>\n\n\n\n<ul class=\"wp-block-list\">\n<li>Siga atentamente las instrucciones del m\u00e9dico.<\/li>\n\n\n\n<li>Tome los medicamentos recetados a tiempo.<\/li>\n\n\n\n<li>Evite actividades extenuantes durante el per\u00edodo inicial de recuperaci\u00f3n.<\/li>\n\n\n\n<li>Use un sost\u00e9n de compresi\u00f3n m\u00e9dica seg\u00fan las indicaciones.<\/li>\n<\/ul>\n\n\n\n<h4 class=\"wp-block-heading\">Ventajas y desventajas del aumento de senos<\/h4>\n\n\n\n<p><strong>Desventajas<\/strong><\/p>\n\n\n\n<p>El aumento de senos no presenta desventajas significativas para las mujeres, excepto en casos en que el procedimiento sea realizado por un cirujano sin experiencia, lo que puede provocar asimetr\u00eda en el tama\u00f1o de los senos.<\/p>\n\n\n\n<p><strong>Ventajas<\/strong><\/p>\n\n\n\n<ul class=\"wp-block-list\">\n<li>Un aumento de senos exitoso mejora la confianza en s\u00ed misma de la mujer, ya que los senos grandes suelen asociarse con los est\u00e1ndares de belleza.<\/li>\n\n\n\n<li>Mayor feminidad y atractivo, ya que unos senos m\u00e1s voluminosos contribuyen a una forma corporal m\u00e1s proporcionada.<\/li>\n\n\n\n<li>Un procedimiento seguro, ya que los implantes de silicona son inocuos para el cuerpo y no presentan complicaciones graves.<\/li>\n<\/ul>\n\n\n\n<p><strong>Efectos secundarios del aumento de senos<\/strong><\/p>\n\n\n\n<ul class=\"wp-block-list\">\n<li>Hinchaz\u00f3n y enrojecimiento. dolor leve.<\/li>\n\n\n\n<li>Molestias durante los primeros d\u00edas postoperatorios.<\/li>\n\n\n\n<li>Picaz\u00f3n leve durante la cicatrizaci\u00f3n de los puntos.<\/li>\n<\/ul>\n\n\n\n<h3 class=\"wp-block-heading\">Cirug\u00eda de aumento de senos en Estambul, Turqu\u00eda<\/h3>\n\n\n\n<p>Turqu\u00eda, y en particular Estambul, se ha convertido en un destino predilecto para el turismo m\u00e9dico, atrayendo a visitantes que buscan tanto procedimientos est\u00e9ticos como experiencias de viaje. El pa\u00eds ofrece numerosas ventajas, incluyendo diversas opciones, cirujanos experimentados, servicios de alta calidad y precios razonables. El aumento de senos es uno de los procedimientos est\u00e9ticos m\u00e1s populares, con un coste que oscila entre los 3450 y los 4500 \u20ac, seg\u00fan la cl\u00ednica u hospital.<\/p>\n\n\n\n<h4 class=\"wp-block-heading\">Costo del aumento de senos<\/h4>\n\n\n\n<p>El coste del aumento de senos var\u00eda seg\u00fan la cl\u00ednica en funci\u00f3n de varios factores, entre ellos:<\/p>\n\n\n\n<p>Tipo de implantes utilizados.<br>Reputaci\u00f3n de la cl\u00ednica u hospital.<br>Experiencia del cirujano.<br>Crecimiento de la cl\u00ednica y servicios adicionales.<br>En Turk Aesthetic el <a href=\"https:\/\/www.turkaesthetic.com\/es\/surgeries-es\/breast-enlargement-cost\/\" data-type=\"post\" data-id=\"44739\" target=\"_blank\" rel=\"noreferrer noopener\"><strong>aumento de senos cuesta<\/strong> <\/a>entre 3450 y 4500 \u20ac.<\/p>\n\n\n\n<h2 class=\"wp-block-heading\">Preguntas Frecuentes<\/h2>\n\n\n<div id=\"rank-math-faq\" class=\"rank-math-block\">\n<div class=\"rank-math-list \">\n<div id=\"faq-question-1677070432996\" class=\"rank-math-list-item\">\n<h3 class=\"rank-math-question \">\u00bfCu\u00e1nto dura un aumento de senos?<\/h3>\n<div class=\"rank-math-answer \">\n\n<p>Aproximadamente de 3 a 4 horas.<\/p>\n\n<\/div>\n<\/div>\n<div id=\"faq-question-1741861090652\" class=\"rank-math-list-item\">\n<h3 class=\"rank-math-question \">\u00bfCu\u00e1ndo ver\u00e9 los resultados del aumento de senos?<\/h3>\n<div class=\"rank-math-answer \">\n\n<p>Los resultados son inmediatos y se hacen m\u00e1s notorios una vez que disminuye la inflamaci\u00f3n posquir\u00fargica.<\/p>\n\n<\/div>\n<\/div>\n<div id=\"faq-question-1741861099128\" class=\"rank-math-list-item\">\n<h3 class=\"rank-math-question \">\u00bfCu\u00e1les son las posibles complicaciones del procedimiento?<\/h3>\n<div class=\"rank-math-answer \">\n\n<p>El procedimiento generalmente es seguro y presenta pocas complicaciones. El principal riesgo es el rechazo del material implantado, lo cual es m\u00e1s probable cuando se utilizan implantes de baja calidad.<\/p>\n\n<\/div>\n<\/div>\n<div id=\"faq-question-1741861107248\" class=\"rank-math-list-item\">\n<h3 class=\"rank-math-question \">\u00bfCu\u00e1l es la tasa de \u00e9xito del aumento de senos?<\/h3>\n<div class=\"rank-math-answer \">\n\n<p>La tasa de \u00e9xito depende directamente de la experiencia del cirujano, la reputaci\u00f3n del hospital y la calidad de los materiales utilizados.<\/p>\n\n<\/div>\n<\/div>\n<div id=\"faq-question-1741861112746\" class=\"rank-math-list-item\">\n<h3 class=\"rank-math-question \">\u00bfEl aumento de senos causa c\u00e1ncer?<\/h3>\n<div class=\"rank-math-answer \">\n\n<p>Los implantes mamarios son inocuos para el cuerpo y no causan c\u00e1ncer. En raras ocasiones, el cuerpo puede rechazar el implante, lo que provoca s\u00edntomas como picaz\u00f3n o entumecimiento.<\/p>\n\n<\/div>\n<\/div>\n<div id=\"faq-question-1741861117966\" class=\"rank-math-list-item\">\n<h3 class=\"rank-math-question \">\u00bfSe puede realizar un aumento de senos con transferencia de grasa?<\/h3>\n<div class=\"rank-math-answer \">\n\n<p>Aunque la transferencia de grasa es una alternativa no quir\u00fargica, no es una soluci\u00f3n permanente. El cuerpo absorbe la grasa transferida con el tiempo, reduciendo el tama\u00f1o y la asimetr\u00eda entre las mamas. Por lo tanto, los m\u00e9dicos no suelen recomendarlo.<\/p>\n\n<\/div>\n<\/div>\n<\/div>\n<\/div>\n\n\n<p>Por \u00faltimo, puede ponerse en <a href=\"http:\/\/turkaesthetic.com\/es\/contact-us\/\" data-type=\"page\" data-id=\"33306\" target=\"_blank\" rel=\"noreferrer noopener\"><strong>contacto<\/strong> <\/a>directamente a trav\u00e9s del enlace para solicitar informaci\u00f3n y precios de <a href=\"https:\/\/www.youtube.com\/channel\/UC0zggzdm5CFwpRMmn_CPpFQ\" data-type=\"URL\" data-id=\"https:\/\/www.youtube.com\/channel\/UC0zggzdm5CFwpRMmn_CPpFQ\" target=\"_blank\" rel=\"noreferrer noopener\"><strong>Turk Aesthetic<\/strong><\/a>.<\/p>\n","protected":false},"excerpt":{"rendered":"<p>El aumento de senos es un procedimiento quir\u00fargico cosm\u00e9tico realizado por un cirujano pl\u00e1stico especializado. Muchas mujeres optan por este procedimiento para aumentar el tama\u00f1o de sus senos, especialmente si tienen senos peque\u00f1os por naturaleza, han sufrido p\u00e9rdida de volumen mamario debido a accidentes o c\u00e1ncer de mama, o necesitan reemplazar implantes de silicona antiguos [&hellip;]<\/p>\n","protected":false},"author":1,"featured_media":19729,"parent":0,"menu_order":0,"comment_status":"closed","ping_status":"closed","template":"","meta":{"footnotes":""},"dep":[],"class_list":["post-34056","page","type-page","status-publish","has-post-thumbnail","hentry"],"_links":{"self":[{"href":"https:\/\/www.turkaesthetic.com\/es\/wp-json\/wp\/v2\/pages\/34056","targetHints":{"allow":["GET"]}}],"collection":[{"href":"https:\/\/www.turkaesthetic.com\/es\/wp-json\/wp\/v2\/pages"}],"about":[{"href":"https:\/\/www.turkaesthetic.com\/es\/wp-json\/wp\/v2\/types\/page"}],"author":[{"embeddable":true,"href":"https:\/\/www.turkaesthetic.com\/es\/wp-json\/wp\/v2\/users\/1"}],"replies":[{"embeddable":true,"href":"https:\/\/www.turkaesthetic.com\/es\/wp-json\/wp\/v2\/comments?post=34056"}],"version-history":[{"count":0,"href":"https:\/\/www.turkaesthetic.com\/es\/wp-json\/wp\/v2\/pages\/34056\/revisions"}],"wp:featuredmedia":[{"embeddable":true,"href":"https:\/\/www.turkaesthetic.com\/es\/wp-json\/wp\/v2\/media\/19729"}],"wp:attachment":[{"href":"https:\/\/www.turkaesthetic.com\/es\/wp-json\/wp\/v2\/media?parent=34056"}],"wp:term":[{"taxonomy":"dep","embeddable":true,"href":"https:\/\/www.turkaesthetic.com\/es\/wp-json\/wp\/v2\/dep?post=34056"}],"curies":[{"name":"wp","href":"https:\/\/api.w.org\/{rel}","templated":true}]}}