{"id":34038,"date":"2022-01-06T13:24:01","date_gmt":"2022-01-06T10:24:01","guid":{"rendered":"http:\/\/turkaesthetic.com\/?page_id=34038"},"modified":"2025-03-18T17:23:03","modified_gmt":"2025-03-18T14:23:03","slug":"bbl","status":"publish","type":"page","link":"https:\/\/www.turkaesthetic.com\/es\/bbl\/","title":{"rendered":"Cirug\u00eda BBL"},"content":{"rendered":"\n<p>La cirug\u00eda BBL (levantamiento de gl\u00fateos brasile\u00f1o) es un procedimiento destinado a hacer los gl\u00fateos m\u00e1s grandes en proporci\u00f3n al cuerpo; Este proceso ha pasado de ser un procedimiento relativamente oscuro a una de las <a href=\"https:\/\/es.wikipedia.org\/wiki\/Cirug%C3%ADa_pl%C3%A1stica\" data-type=\"URL\" data-id=\"https:\/\/es.wikipedia.org\/wiki\/Cirug%C3%ADa_pl%C3%A1stica\" target=\"_blank\" rel=\"noreferrer noopener\">cirug\u00edas pl\u00e1sticas<\/a> m\u00e1s comunes. El procedimiento puede completarse en un per\u00edodode 2 a 3 horas y realizarse bajo anestesia completa y es necesario permanecer una noche en el hospital. En cuanto a los resultados, aparecen inmediatamente (tan pronto como desaparecen los efectos quir\u00fargicos).<\/p>\n\n\n\n<figure class=\"wp-block-table\"><table><tbody><tr><td>Anestesia&nbsp;<\/td><td>General<\/td><\/tr><tr><td>Duraci\u00f3n del procedimiento<\/td><td>2-3 horas<\/td><\/tr><tr><td>Resultados<\/td><td>Inmediata &#8211; Duraci\u00f3n de 15 a\u00f1os<\/td><\/tr><tr><td>Convalecencia<\/td><td>7-10 d\u00edas&nbsp;<\/td><\/tr><tr><td>Estancia en el hospital<\/td><td>1-2 Noches<\/td><\/tr><\/tbody><\/table><\/figure>\n\n\n\n<h2 class=\"wp-block-heading\">\u00bfC\u00f3mo se realiza la cirug\u00eda BBL ?<\/h2>\n\n\n\n<p>La cirug\u00eda BBL es una opci\u00f3n adecuada para aquellos que desean un cambio m\u00e1s visible en la apariencia de sus gl\u00fateos y cuerpo, especialmente las mujeres con gl\u00fateos planos, para dar una apariencia m\u00e1s femenina y atractiva. La cirug\u00eda BBL se puede realizar mediante la transferencia de grasa, y es el m\u00e9todo m\u00e1s com\u00fan, donde la grasa se succiona de un \u00e1rea del cuerpo y luego se inyecta en los gl\u00fateos. En cuanto al segundo m\u00e9todo, se realiza a trav\u00e9s de implantes de silicona en ausencia de grasa en el cuerpo, pero este m\u00e9todo no se considera com\u00fan y los m\u00e9dicos no prefieren elegirlo.<\/p>\n\n\n\n<h3 class=\"wp-block-heading\">Video de cirug\u00eda BBL <\/h3>\n\n\n\n<p>A continuaci\u00f3n se muestra un video de la cirug\u00eda BBL.<\/p>\n\n\n\n<figure class=\"wp-block-embed is-type-video is-provider-youtube wp-block-embed-youtube wp-embed-aspect-16-9 wp-has-aspect-ratio\"><div class=\"wp-block-embed__wrapper\">\n<iframe loading=\"lazy\" title=\"BBL - Turk Aesthetic\" width=\"800\" height=\"450\" src=\"https:\/\/www.youtube.com\/embed\/7TEn8-oqWOw?feature=oembed\" frameborder=\"0\" allow=\"accelerometer; autoplay; clipboard-write; encrypted-media; gyroscope; picture-in-picture; web-share\" referrerpolicy=\"strict-origin-when-cross-origin\" allowfullscreen><\/iframe>\n<\/div><figcaption class=\"wp-element-caption\">Video de cirug\u00eda BBL <\/figcaption><\/figure>\n\n\n\n<h3 class=\"wp-block-heading\">Qui\u00e9n puede realizar la cirug\u00eda BBL<\/h3>\n\n\n\n<p>Todas las mujeres que gozan de buena salud mayores de 20 a\u00f1os y que sufren de un trasero plano que es asim\u00e9trico con el cuerpo y puede afectar negativamente la psique de la mujer, pueden someterse a una operaci\u00f3n de aumento de gl\u00fateos para restaurar la confianza en s\u00ed mismas.<\/p>\n\n\n\n<h4 class=\"wp-block-heading\">\u00bfQui\u00e9n no puede realizar la cirug\u00eda BBL?<\/h4>\n\n\n\n<ul class=\"wp-block-list\">\n<li>Qui\u00e9n a\u00fan no ha cumplido los 20 a\u00f1os.<\/li>\n\n\n\n<li>Si sufre de una enfermedad cr\u00f3nica o contagiosa.<\/li>\n\n\n\n<li>Aquellos que sufren de sobrepeso, el procedimiento no se puede hacer solo, pero es necesario realizar una liposucci\u00f3n del abdomen y los gl\u00fateos para que el cuerpo sea consistente con la nueva forma de los gl\u00fateos , por lo que las otras operaciones se consideran complementarias y no secundarias al proceso de aumento de gl\u00fateos.<\/li>\n<\/ul>\n\n\n\n<h5 class=\"wp-block-heading\">\u00bfQu\u00e9 medico realiza la cirug\u00eda BBL ?<\/h5>\n\n\n\n<p>El aumento de gl\u00fateos es un procedimiento cosm\u00e9tico realizado por un cirujano pl\u00e1stico quetiene suficiente experiencia para realizar este tipo de operaci\u00f3n. Ning\u00fan m\u00e9dico de otra especialidad puede realizar este tipo de operaci\u00f3n. Se tiene en cuenta al elegir un hospital o centro m\u00e9dico para investigar un centro confiable, un entorno cl\u00ednico con un alto grado de esterilizaci\u00f3n y un m\u00e9dico altamente calificado. El alto costo del procedimiento a veces puede reflejar la alta eficiencia y credibilidad del centro, por lo que es preferible no discutir o negociar sobre el tema del alto precio.<\/p>\n\n\n\n<h4 class=\"wp-block-heading\">Tipos de anestesia utilizados en la cirug\u00eda BBL<\/h4>\n\n\n\n<p>La cirug\u00eda BBL se puede realizar solo bajo anestesia general. El paciente debe dejar de comer y beber 6 horas antes de la operaci\u00f3n para evitar sentir incomodidad en el est\u00f3mago despu\u00e9s de despertarse de la operaci\u00f3n. El paciente permanece en el hospital durante una o dos noches en el caso de anestesia general.<\/p>\n\n\n\n<h3 class=\"wp-block-heading\">Pasos de la cirug\u00eda BBL<\/h3>\n\n\n<div id=\"rank-math-howto\" class=\"rank-math-block\" >\n<div class=\"rank-math-howto-description\">\n\n<p>El levantamiento de gl\u00fateos brasile\u00f1o pasa por tres etapas, al igual que otras operaciones:<\/p>\n\n<\/div>\n<p class=\"rank-math-howto-duration\"><strong>Tiempo total:<\/strong> <span>3 horas<\/span><\/p>\n<div class=\"rank-math-steps \">\n<div id=\"howto-step-1677065846879\" class=\"rank-math-step\">\n<h3 class=\"rank-math-step-title \">Antes del proceso<\/h3>\n<div class=\"rank-math-step-content \"><img loading=\"lazy\" decoding=\"async\" width=\"1024\" height=\"682\" src=\"https:\/\/www.turkaesthetic.com\/wp-content\/uploads\/2022\/01\/doctor.webp\" class=\"attachment-full size-full\" alt=\"turk aesthetic\" srcset=\"https:\/\/www.turkaesthetic.com\/wp-content\/uploads\/2022\/01\/doctor.webp 1024w, https:\/\/www.turkaesthetic.com\/wp-content\/uploads\/2022\/01\/doctor-300x200.webp 300w, https:\/\/www.turkaesthetic.com\/wp-content\/uploads\/2022\/01\/doctor-768x512.webp 768w\" sizes=\"auto, (max-width: 1024px) 100vw, 1024px\" \/><p>Antes de iniciar el proceso de aumento de gl\u00fateos,es preferible informar al m\u00e9dico sobre cualquier enfermedad cr\u00f3nica que padezca la persona o cualquier medicamento utilizado, si lo hubiera, e informar al m\u00e9dico sobre cualquier operaci\u00f3n previa que se haya realizado, sin descuidar ninguna informaci\u00f3n relacionada conel estado de salud. Se deben seguir varias instrucciones, las m\u00e1s importantes de las cuales son:<br \/>Hable con el m\u00e9dico sobre los resultados relacionados con la operaci\u00f3n.<br \/>Abstenerse de comer y beber durante al menos seis horas antes de la operaci\u00f3n, porque el cuerpo esanestesia general.<br \/>Informe al m\u00e9dico de cualquier medicamento utilizado peri\u00f3dicamente.<br \/>Abstenerse de beber alcohol y fumar durante al menos una semana antes de la operaci\u00f3n.<br \/>Suspenda cualquier medicamento anticoagulante como la aspirina despu\u00e9s de consultar a un m\u00e9dico.<br \/>Elija ropa c\u00f3moda el d\u00eda de la operaci\u00f3n.<\/p>\n<\/div>\n<\/div>\n<div id=\"howto-step-1677065862948\" class=\"rank-math-step\">\n<h3 class=\"rank-math-step-title \">Durante el proceso<\/h3>\n<div class=\"rank-math-step-content \"><p>Despu\u00e9s de aplicar anestesia general al cuerpo, el cirujano comienza el procedimiento succionando la grasa de los lugares donde se acumula en el cuerpo, luego la grasa se transfiere a la espalda inyect\u00e1ndola en los lugares a modificar, y este m\u00e9todo es completamente seguro porque utiliza la <a href=\"http:\/\/turkaesthetic.com\/es\/fat-transfer\/\" target=\"_blank\" data-type=\"URL\" data-id=\"http:\/\/turkaesthetic.com\/es\/fat-transfer\/\" rel=\"noreferrer noopener\">grasa <\/a>especial del mismo cuerpo en el que se realiza la cirug\u00eda,\u00a0 Durante el procedimiento de inyecci\u00f3n de grasa, se inyecta una gran cantidad de grasa, debido\u00a0 a la posibilidad de que un porcentaje de ella se derrita, y por lo tanto el porcentaje restante es suficiente para dar la apariencia y la textura adecuada a los gl\u00fateos. El proceso dura aproximadamente 3 horas.<\/p>\n<\/div>\n<\/div>\n<div id=\"howto-step-1677065870425\" class=\"rank-math-step\">\n<h3 class=\"rank-math-step-title \">Despu\u00e9s del proceso<\/h3>\n<div class=\"rank-math-step-content \"><img loading=\"lazy\" decoding=\"async\" width=\"1024\" height=\"576\" src=\"https:\/\/www.turkaesthetic.com\/wp-content\/uploads\/2022\/01\/after-bbl.webp\" class=\"attachment-full size-full\" alt=\"Cirug\u00eda BBL en Turqu\u00eda\" srcset=\"https:\/\/www.turkaesthetic.com\/wp-content\/uploads\/2022\/01\/after-bbl.webp 1024w, https:\/\/www.turkaesthetic.com\/wp-content\/uploads\/2022\/01\/after-bbl-300x169.webp 300w, https:\/\/www.turkaesthetic.com\/wp-content\/uploads\/2022\/01\/after-bbl-768x432.webp 768w\" sizes=\"auto, (max-width: 1024px) 100vw, 1024px\" \/><p>Despu\u00e9s de la operaci\u00f3n, se aplican vendajes a la operaci\u00f3n, y se aconseja a los m\u00e9dicos que usen un cors\u00e9 apretado para ejercer presi\u00f3n sobre los moretones y reducir la hinchaz\u00f3n y ayudar a que sane m\u00e1s r\u00e1pido. Se puede colocar temporalmente un peque\u00f1o tubo absorbente debajo de la piel para drenar el exceso de sangre o l\u00edquido que puede acumularse y\u00a0 el cirujano dar\u00e1 instrucciones e instrucciones. Cuanto m\u00e1s literalmente el paciente obtendr\u00e1 mejores resultados, el paciente debe permanecer en el hospital durante una o dos noches.<\/p>\n<\/div>\n<\/div>\n<\/div>\n<\/div>\n<p class=\"rank-math-howto-estimatedCost\"><strong>Coste estimado:<\/strong> <span>3450 Euro<\/span><\/p>\n\n\n\n\n\n<h3 class=\"wp-block-heading\">Antes y despu\u00e9s de la cirug\u00eda BBL<\/h3>\n\n\n\n<p>Aqu\u00ed hay algunas fotos de antes y despu\u00e9s de lacirug\u00eda de levantamiento de gl\u00fateos Brazi lian que se realiz\u00f3 en el Est\u00e9tica Turk en Estambul.<\/p>\n\n\n\n<figure class=\"wp-block-gallery has-nested-images columns-default is-cropped wp-block-gallery-1 is-layout-flex wp-block-gallery-is-layout-flex\">\n<figure class=\"wp-block-image size-large\"><img loading=\"lazy\" decoding=\"async\" width=\"1200\" height=\"800\" data-id=\"44968\" src=\"https:\/\/www.turkaesthetic.com\/wp-content\/uploads\/2023\/11\/before-after-bbl-4.jpg\" alt=\"Antes y despu\u00e9s de la est\u00e9tica de los gl\u00fateos brasile\u00f1os en Turqu\u00eda\" class=\"wp-image-44968\"\/><figcaption class=\"wp-element-caption\">Antes y despu\u00e9s de la est\u00e9tica de los gl\u00fateos brasile\u00f1os<\/figcaption><\/figure>\n\n\n\n<figure class=\"wp-block-image size-large\"><img loading=\"lazy\" decoding=\"async\" width=\"1200\" height=\"800\" data-id=\"44959\" src=\"https:\/\/www.turkaesthetic.com\/wp-content\/uploads\/2023\/11\/before-after-bbl-3.jpg\" alt=\"Antes y despu\u00e9s de la est\u00e9tica de los gl\u00fateos brasile\u00f1os en Turqu\u00eda\" class=\"wp-image-44959\"\/><figcaption class=\"wp-element-caption\">Antes y despu\u00e9s de la est\u00e9tica de los gl\u00fateos brasile\u00f1os<\/figcaption><\/figure>\n\n\n\n<figure class=\"wp-block-image size-large\"><img loading=\"lazy\" decoding=\"async\" width=\"1200\" height=\"800\" data-id=\"44950\" src=\"https:\/\/www.turkaesthetic.com\/wp-content\/uploads\/2023\/11\/before-after-bbl-2.jpg\" alt=\"Antes y despu\u00e9s de la est\u00e9tica de los gl\u00fateos brasile\u00f1os en Turqu\u00eda\" class=\"wp-image-44950\"\/><figcaption class=\"wp-element-caption\">Antes y despu\u00e9s de la est\u00e9tica de los gl\u00fateos brasile\u00f1os<\/figcaption><\/figure>\n<\/figure>\n\n\n\n<h3 class=\"wp-block-heading\">Instrucciones despu\u00e9s de la cirug\u00eda BBL<\/h3>\n\n\n\n<p>Aqu\u00ed hay algunas cosas a tener en cuenta despu\u00e9s de la cirug\u00eda de levantamiento de gl\u00fateos brasile\u00f1o:<\/p>\n\n\n\n<ul class=\"wp-block-list\">\n<li>Descanse completamente y aseg\u00farese de tomar los medicamentos, analg\u00e9sicos y antiinflamatorios recetados por el m\u00e9dico para reducir cualquier complicaci\u00f3n o dolor.<\/li>\n\n\n\n<li>Reducir o abstenerse de fumar y suspender los medicamentos anticoagulantes.<\/li>\n\n\n\n<li>Beba muchos l\u00edquidos, loque ayuda a una mejor recuperaci\u00f3n y cicatrizaci\u00f3n de heridas en menos tiempo.<\/li>\n\n\n\n<li>Duerma lo suficiente despu\u00e9s de la operaci\u00f3n y acu\u00e9stese de la manera prescrita por el m\u00e9dico con las instrucciones.<\/li>\n\n\n\n<li>Cuidado cuidadoso de las heridas.<\/li>\n\n\n\n<li>Comprom\u00e9tase a usar el cors\u00e9 dado por el m\u00e9dico durante el per\u00edodo especificado.<\/li>\n\n\n\n<li>El paciente no debe mover el cuerpo m\u00e1s de uninstante mientras que el movimiento comienza gradualmente despu\u00e9s de 3 d\u00edas.<\/li>\n\n\n\n<li>Dentro de las dos semanas posteriores al procedimiento, el paciente debe sentarse en un asiento blando.<\/li>\n\n\n\n<li>Sus gl\u00fateos estar\u00e1n completamente planos despu\u00e9s de aproximadamente 4 meses del procedimiento.<\/li>\n\n\n\n<li>El paciente debe cumplir con las citas establecidas por el m\u00e9dico para la revisi\u00f3n.<\/li>\n<\/ul>\n\n\n\n<h3 class=\"wp-block-heading\">Pros y contras de la cirug\u00eda BBL<\/h3>\n\n\n\n<h4 class=\"wp-block-heading\">Negativos<\/h4>\n\n\n\n<p>Los aspectos negativos abundan despu\u00e9s de la cirug\u00eda debido al incumplimiento por parte del paciente de las instrucciones recomendadas despu\u00e9s de la operaci\u00f3n.<\/p>\n\n\n\n<h4 class=\"wp-block-heading\">Positivos<\/h4>\n\n\n\n<p>Al obtener resultados cosm\u00e9ticos exitosos, el paciente recupera su confianza en s\u00ed mismo como resultado de obtener una apariencia de gl\u00fateos m\u00e1s atractiva, femenina y m\u00e1s armoniosa con el cuerpo.<\/p>\n\n\n\n<h3 class=\"wp-block-heading\">Efectos secundarios de la cirug\u00eda BBL<\/h3>\n\n\n\n<ul class=\"wp-block-list\">\n<li>Algunos moretones&nbsp;<\/li>\n\n\n\n<li>Picaz\u00f3n leve en el sitio de la sutura quir\u00fargica.<\/li>\n\n\n\n<li>Malestar en el primer per\u00edodo, especialmente al sentarse o dormir.<\/li>\n\n\n\n<li>Entumecimiento simple y temporal.<\/li>\n<\/ul>\n\n\n\n<h4 class=\"wp-block-heading\">Cirug\u00eda BBL en Estambul, Turqu\u00eda<\/h4>\n\n\n\n<p>Turqu\u00eda en general, y Estambul en particular, es el destino de muchos turistas que visitan Turqu\u00eda con el prop\u00f3sito de tratamiento y turismo al mismo tiempo debido a las muchas ventajas, como la multiplicidad de opciones, la experiencia de los m\u00e9dicos, la calidad del servicio y los precios razonables. La cirug\u00eda brasile\u00f1a de levantamiento de gl\u00fateos se considera una de las opciones m\u00e1s importantes disponibles para la cirug\u00eda est\u00e9tica, y su costo var\u00eda seg\u00fan cada centro o caso de 3450- 4450 EUR<\/p>\n\n\n\n<h4 class=\"wp-block-heading\">Costo de la cirug\u00eda BBL<\/h4>\n\n\n\n<p>El costo del levantamiento de gl\u00fateos brasile\u00f1o var\u00eda de un lugar a otro de acuerdo con varias cosas:<\/p>\n\n\n\n<ul class=\"wp-block-list\">\n<li>La reputaci\u00f3n del centro m\u00e9dico u hospital.<\/li>\n\n\n\n<li>Experiencia del m\u00e9dico.<\/li>\n\n\n\n<li>La condici\u00f3n del paciente<\/li>\n\n\n\n<li>Los servicios adjuntos proporcionados por el centro porque algunos centros ofrecen paquetes que incluyen tratamiento, alojamiento y transporte.<\/li>\n<\/ul>\n\n\n\n<p>En Turk Aesthetic el costo de la cirug\u00eda bbl es de 3450- 4450 EUR euros. Para solicitar el costo del paquete queincluye alojamiento y transporte, puede ponerse en contacto con el equipo de Turk Aesthetic a trav\u00e9s de la p\u00e1gina de contacto.<\/p>\n\n\n\n<h2 class=\"wp-block-heading\">Preguntas frecuentes &#8211; Cirug\u00eda BBL<\/h2>\n\n\n<div id=\"rank-math-faq\" class=\"rank-math-block\">\n<div class=\"rank-math-list \">\n<div id=\"faq-question-1677065933219\" class=\"rank-math-list-item\">\n<h3 class=\"rank-math-question \">\u00bfCu\u00e1nto tiempo dura el proceso de levantamiento de gl\u00fateos brasile\u00f1o?<\/h3>\n<div class=\"rank-math-answer \">\n\n<p>Alrededor de 3 horas seg\u00fan cada caso.<\/p>\n\n<\/div>\n<\/div>\n<div id=\"faq-question-1677065938323\" class=\"rank-math-list-item\">\n<h3 class=\"rank-math-question \">\u00bfCu\u00e1ndo aparecer\u00e1 el resultado delaumento de gl\u00fateos?<\/h3>\n<div class=\"rank-math-answer \">\n\n<p>Los resultados del procedimiento son inmediatos y se pueden ver claramente una vez que los efectos de la cirug\u00eda desaparecen.<\/p>\n\n<\/div>\n<\/div>\n<div id=\"faq-question-1677065944182\" class=\"rank-math-list-item\">\n<h3 class=\"rank-math-question \">\u00bfCu\u00e1l es la tasa de \u00e9xito de la cirug\u00eda BBL?<\/h3>\n<div class=\"rank-math-answer \">\n\n<p>La tasa de \u00e9xito de la operaci\u00f3n es alta en comparaci\u00f3n con otras operaciones y es proporcional a la alta experiencia del m\u00e9dico y el compromiso del paciente con las instrucciones posteriores al procedimiento.<\/p>\n\n<\/div>\n<\/div>\n<div id=\"faq-question-1677065950108\" class=\"rank-math-list-item\">\n<h3 class=\"rank-math-question \">\u00bfQu\u00e9 tipo de anestesia se utiliza en la cirug\u00eda BBL?<\/h3>\n<div class=\"rank-math-answer \">\n\n<p>El aumento de gl\u00fateos solo se puede realizar bajo anestesia general.<\/p>\n\n<\/div>\n<\/div>\n<div id=\"faq-question-1677065989010\" class=\"rank-math-list-item\">\n<h3 class=\"rank-math-question \">\u00bfCu\u00e1l es el costo del levantamiento de gl\u00fateos brasile\u00f1o?<\/h3>\n<div class=\"rank-math-answer \">\n\n<p>En Turk Aesthetic Istanbul, el costo del aumento de gl\u00fateos es de 3450- 4450 EUR euros.<\/p>\n\n<\/div>\n<\/div>\n<div id=\"faq-question-1677066009411\" class=\"rank-math-list-item\">\n<h3 class=\"rank-math-question \">\u00bfCu\u00e1l es el per\u00edodo de recuperaci\u00f3n despu\u00e9s de la cirug\u00eda de aumento de gl\u00fateos?<\/h3>\n<div class=\"rank-math-answer \">\n\n<p>Alrededor de una semana a diez d\u00edas.<\/p>\n\n<\/div>\n<\/div>\n<div id=\"faq-question-1677066016738\" class=\"rank-math-list-item\">\n<h3 class=\"rank-math-question \">\u00bfLos resultados de la cirug\u00eda BBL son permanentes?<\/h3>\n<div class=\"rank-math-answer \">\n\n<p>Los resultados del aumento de perotock oscilan entre 10-15 a\u00f1os.<\/p>\n\n<\/div>\n<\/div>\n<\/div>\n<\/div>\n\n\n<p>Por \u00faltimo, puede ponerse en <a href=\"http:\/\/turkaesthetic.com\/es\/contact-us\/\" target=\"_blank\" data-type=\"page\" data-id=\"33306\" rel=\"noreferrer noopener\">contacto <\/a>directamente a trav\u00e9s del enlace para solicitar informaci\u00f3n y precios de <a href=\"https:\/\/www.youtube.com\/channel\/UC0zggzdm5CFwpRMmn_CPpFQ\" target=\"_blank\" data-type=\"URL\" data-id=\"https:\/\/www.youtube.com\/channel\/UC0zggzdm5CFwpRMmn_CPpFQ\" rel=\"noreferrer noopener\">Turk Aesthetic<\/a> Istanbul.<\/p>\n","protected":false},"excerpt":{"rendered":"<p>La cirug\u00eda BBL (levantamiento de gl\u00fateos brasile\u00f1o) es un procedimiento destinado a hacer los gl\u00fateos m\u00e1s grandes en proporci\u00f3n al cuerpo; Este proceso ha pasado de ser un procedimiento relativamente oscuro a una de las cirug\u00edas pl\u00e1sticas m\u00e1s comunes. El procedimiento puede completarse en un per\u00edodode 2 a 3 horas y realizarse bajo anestesia completa [&hellip;]<\/p>\n","protected":false},"author":1,"featured_media":19769,"parent":0,"menu_order":0,"comment_status":"closed","ping_status":"closed","template":"","meta":{"footnotes":""},"dep":[1354],"class_list":["post-34038","page","type-page","status-publish","has-post-thumbnail","hentry","dep-plastic-surgeries"],"_links":{"self":[{"href":"https:\/\/www.turkaesthetic.com\/es\/wp-json\/wp\/v2\/pages\/34038","targetHints":{"allow":["GET"]}}],"collection":[{"href":"https:\/\/www.turkaesthetic.com\/es\/wp-json\/wp\/v2\/pages"}],"about":[{"href":"https:\/\/www.turkaesthetic.com\/es\/wp-json\/wp\/v2\/types\/page"}],"author":[{"embeddable":true,"href":"https:\/\/www.turkaesthetic.com\/es\/wp-json\/wp\/v2\/users\/1"}],"replies":[{"embeddable":true,"href":"https:\/\/www.turkaesthetic.com\/es\/wp-json\/wp\/v2\/comments?post=34038"}],"version-history":[{"count":0,"href":"https:\/\/www.turkaesthetic.com\/es\/wp-json\/wp\/v2\/pages\/34038\/revisions"}],"wp:featuredmedia":[{"embeddable":true,"href":"https:\/\/www.turkaesthetic.com\/es\/wp-json\/wp\/v2\/media\/19769"}],"wp:attachment":[{"href":"https:\/\/www.turkaesthetic.com\/es\/wp-json\/wp\/v2\/media?parent=34038"}],"wp:term":[{"taxonomy":"dep","embeddable":true,"href":"https:\/\/www.turkaesthetic.com\/es\/wp-json\/wp\/v2\/dep?post=34038"}],"curies":[{"name":"wp","href":"https:\/\/api.w.org\/{rel}","templated":true}]}}