{"id":34002,"date":"2022-01-18T10:02:46","date_gmt":"2022-01-18T07:02:46","guid":{"rendered":"http:\/\/turkaesthetic.com\/?page_id=34002"},"modified":"2025-03-26T13:16:28","modified_gmt":"2025-03-26T10:16:28","slug":"fat-transfer","status":"publish","type":"page","link":"https:\/\/www.turkaesthetic.com\/es\/fat-transfer\/","title":{"rendered":"Transferencia de Grasa"},"content":{"rendered":"\n<p>La <strong>transferencia de grasa<\/strong> es un tipo de cirug\u00eda pl\u00e1stica que consiste en transferir grasa de zonas del cuerpo donde no se desea y reinyectarla en otras con diversos fines, como tensar la piel y reducir arrugas y cicatrices profundas.<\/p>\n\n\n\n<p>La grasa tambi\u00e9n se puede transferir a los gl\u00fateos para crear una apariencia m\u00e1s proporcionada con el resto del cuerpo. En algunos casos, los hombres pueden optar por la transferencia de grasa para aumentar el tama\u00f1o del pene. El procedimiento suele durar entre 2 y 3 horas, seg\u00fan el caso, y se realiza bajo anestesia general, requiriendo una noche de hospitalizaci\u00f3n.<\/p>\n\n\n\n<p>Los resultados del procedimiento suelen ser visibles tan pronto como desaparecen los efectos de la cirug\u00eda. A continuaci\u00f3n, se presenta informaci\u00f3n breve sobre el procedimiento:<\/p>\n\n\n\n<figure class=\"wp-block-table\"><table><tbody><tr><td>Anestesia&nbsp;<\/td><td>General<\/td><\/tr><tr><td>Duraci\u00f3n del procedimiento<\/td><td>2-3 horas<\/td><\/tr><tr><td>Resultados<\/td><td>Inmediata &#8211; Duraci\u00f3n 5-10 a\u00f1os aprox.<\/td><\/tr><tr><td>Convalecencia<\/td><td>5-7 d\u00edas&nbsp;<\/td><\/tr><tr><td>Estancia en el hospital<\/td><td>1 Noche<\/td><\/tr><\/tbody><\/table><\/figure>\n\n\n\n<h2 class=\"wp-block-heading\">\u00bfC\u00f3mo se realiza la transferencia de grasa (lipofilling)?<\/h2>\n\n\n\n<p>El lipofilling suele asociarse con la liposucci\u00f3n, lo que significa que no se puede utilizar grasa no aut\u00f3loga. Una vez determinado el prop\u00f3sito de la inyecci\u00f3n de grasa, ya sea para el rostro u otras zonas del cuerpo, se identifican las zonas espec\u00edficas para la liposucci\u00f3n mediante pautas sencillas que ayudan al cirujano. El paciente est\u00e1 completamente anestesiado y se le extrae la grasa a trav\u00e9s de peque\u00f1os tubos insertados mediante incisiones de no m\u00e1s de 0,5 cm. Esta grasa se recolecta mediante un dispositivo de succi\u00f3n. Tras la extracci\u00f3n, se purifica para eliminar las impurezas antes de inyectarla en la zona a tratar.<\/p>\n\n\n\n<h3 class=\"wp-block-heading\">Video de transferencia de grasa (lipofilling)<\/h3>\n\n\n\n<figure class=\"wp-block-embed is-type-video is-provider-youtube wp-block-embed-youtube wp-embed-aspect-16-9 wp-has-aspect-ratio\"><div class=\"wp-block-embed__wrapper\">\n<iframe loading=\"lazy\" title=\"Fat Transfer - Turk Aesthetic\" width=\"800\" height=\"450\" src=\"https:\/\/www.youtube.com\/embed\/_yc4DO-5CU0?feature=oembed\" frameborder=\"0\" allow=\"accelerometer; autoplay; clipboard-write; encrypted-media; gyroscope; picture-in-picture; web-share\" referrerpolicy=\"strict-origin-when-cross-origin\" allowfullscreen><\/iframe>\n<\/div><\/figure>\n\n\n\n<h3 class=\"wp-block-heading\">Requisitos para la transferencia de grasa<\/h3>\n\n\n\n<ul class=\"wp-block-list\">\n<li>Se requiere un cuerpo sano.<\/li>\n\n\n\n<li>Se requiere tener al menos 20 a\u00f1os.<\/li>\n\n\n\n<li>Las personas que no est\u00e1n satisfechas con problemas de la piel en el rostro, como arrugas profundas o cicatrices que los rellenos no pueden corregir, son elegibles.<\/li>\n\n\n\n<li>Las mujeres que buscan gl\u00fateos m\u00e1s voluminosos y contorneados que complementen su figura pueden calificar.<\/li>\n\n\n\n<li>Los hombres interesados \u200b\u200ben el alargamiento del pene tambi\u00e9n pueden ser considerados para la transferencia de grasa.<\/li>\n<\/ul>\n\n\n\n<h3 class=\"wp-block-heading\">\u00bfQui\u00e9nes no pueden someterse a la transferencia de grasa?<\/h3>\n\n\n\n<p>Las personas que no pueden someterse a la transferencia de grasa incluyen:<\/p>\n\n\n\n<p>Menores de 20 a\u00f1os.<br>Aquellos que padecen enfermedades cr\u00f3nicas o contagiosas. Personas con problemas de piel que pueden tratarse eficazmente con opciones no quir\u00fargicas como rellenos y l\u00e1ser.<\/p>\n\n\n\n<h4 class=\"wp-block-heading\">El m\u00e9dico que realiza la transferencia de grasa<\/h4>\n\n\n\n<p>El procedimiento lo realiza un cirujano pl\u00e1stico con amplia experiencia en este tipo de cirug\u00eda. Los m\u00e9dicos de otras especialidades no est\u00e1n cualificados para realizar lipofilling. Al elegir un hospital o cl\u00ednica m\u00e9dica, es fundamental investigar instalaciones confiables que mantengan un alto nivel de esterilizaci\u00f3n y cuenten con m\u00e9dicos altamente cualificados. Si bien el alto costo del procedimiento a veces puede reflejar la eficiencia y credibilidad de la cl\u00ednica, es recomendable no negociar ni cuestionar el precio.<\/p>\n\n\n\n<h3 class=\"wp-block-heading\">Tipos de anestesia utilizados en el procedimiento<\/h3>\n\n\n\n<p>El lipofilling solo se puede realizar bajo anestesia general. Los pacientes deben abstenerse de comer y beber durante al menos seis horas antes del procedimiento para evitar molestias estomacales al despertar. Normalmente, los pacientes permanecen en el hospital una o dos noches cuando se utiliza anestesia general.<\/p>\n\n\n\n<h3 class=\"wp-block-heading\">Pasos del proceso de transferencia de grasa<\/h3>\n\n\n<div id=\"rank-math-howto\" class=\"rank-math-block\" >\n<div class=\"rank-math-howto-description\">\n\n<p>El proceso de transferencia de grasa pasa por tres etapas, al igual que otras operaciones:<\/p>\n\n<\/div>\n<p class=\"rank-math-howto-duration\"><strong>Tiempo total:<\/strong> <span>2 horas<\/span><\/p>\n<div class=\"rank-math-steps \">\n<div id=\"howto-step-1676979573002\" class=\"rank-math-step\">\n<h3 class=\"rank-math-step-title \">Antes de la operaci\u00f3n<\/h3>\n<div class=\"rank-math-step-content \"><img loading=\"lazy\" decoding=\"async\" width=\"1024\" height=\"576\" src=\"https:\/\/www.turkaesthetic.com\/wp-content\/uploads\/2022\/01\/fat-transfer-1.webp\" class=\"attachment-full size-full\" alt=\"Transferencia de Grasa en Turqu\u00eda\" srcset=\"https:\/\/www.turkaesthetic.com\/wp-content\/uploads\/2022\/01\/fat-transfer-1.webp 1024w, https:\/\/www.turkaesthetic.com\/wp-content\/uploads\/2022\/01\/fat-transfer-1-300x169.webp 300w, https:\/\/www.turkaesthetic.com\/wp-content\/uploads\/2022\/01\/fat-transfer-1-768x432.webp 768w\" sizes=\"auto, (max-width: 1024px) 100vw, 1024px\" \/><p>Antes de la transferencia de grasa, es fundamental informar al m\u00e9dico sobre cualquier enfermedad cr\u00f3nica, medicaci\u00f3n que est\u00e9 tomando y cualquier cirug\u00eda previa. Proporcionar informaci\u00f3n m\u00e9dica completa es crucial. A continuaci\u00f3n, se indican varios pasos esenciales a seguir:<br \/>\u2013 Hablar con el m\u00e9dico sobre el prop\u00f3sito del procedimiento y los resultados esperados.<br \/>\u2013 Evitar comer y beber durante al menos seis horas antes de la operaci\u00f3n debido a la anestesia general.<br \/>\u2013 Informar al m\u00e9dico sobre cualquier medicaci\u00f3n que est\u00e9 tomando habitualmente.<br \/>\u2013 Evitar el consumo de alcohol y tabaco durante al menos una semana antes de la operaci\u00f3n.<br \/>\u2013 Consultar con el m\u00e9dico sobre la posibilidad de suspender los medicamentos anticoagulantes, como la aspirina.<br \/>\u2013 Usar ropa c\u00f3moda el d\u00eda del procedimiento.<\/p>\n<\/div>\n<\/div>\n<div id=\"howto-step-1676979595391\" class=\"rank-math-step\">\n<h3 class=\"rank-math-step-title \">Durante la operaci\u00f3n<\/h3>\n<div class=\"rank-math-step-content \"><p>Despu\u00e9s de la anestesia general, el proceso de transferencia de grasa pnto de transferencia de grasa consta de tres etapas principales:<br \/>Liposucci\u00f3n.<br \/>Purificaci\u00f3n de la grasa.<br \/>Retransferencia de grasa a la zona a tratar.<br \/>El m\u00e9dico primero identifica la zona de la que se extraer\u00e1 la grasa, como el abdomen, los gl\u00fateos, los muslos, el pecho o las manos, y determina la cantidad necesaria seg\u00fan el prop\u00f3sito del procedimiento. Durante la liposucci\u00f3n, el cirujano utiliza equipo especializado para succionar las c\u00e9lulas grasas del cuerpo, asegur\u00e1ndose de que permanezcan vivas.<br \/>A continuaci\u00f3n, estas c\u00e9lulas grasas se purifican para eliminar las impurezas. Finalmente, el cirujano reinyecta la grasa purificada en la zona que se desea mejorar. Estos procedimientos se realizan con la m\u00e1xima precisi\u00f3n para preservar la integridad de las c\u00e9lulas grasas y minimizar el da\u00f1o.<\/p>\n<\/div>\n<\/div>\n<div id=\"howto-step-1676979621056\" class=\"rank-math-step\">\n<h3 class=\"rank-math-step-title \">Despu\u00e9s de la operaci\u00f3n<\/h3>\n<div class=\"rank-math-step-content \"><p>Despu\u00e9s de la operaci\u00f3n, se aplican vendajes en la zona afectada y los m\u00e9dicos recomiendan usar un cors\u00e9 ajustado para presionar cualquier hematoma, reducir la inflamaci\u00f3n y acelerar la cicatrizaci\u00f3n. Es posible que se coloque temporalmente un peque\u00f1o tubo absorbente debajo de la piel para drenar el l\u00edquido acumulado. El cirujano dar\u00e1 instrucciones espec\u00edficas, y el cumplimiento de estas por parte del paciente es esencial para una recuperaci\u00f3n \u00f3ptima. El paciente deber\u00e1 permanecer hospitalizado una noche.<\/p>\n<\/div>\n<\/div>\n<\/div>\n<\/div>\n<p class=\"rank-math-howto-estimatedCost\"><strong>Coste estimado:<\/strong> <span>2200 Euro<\/span><\/p>\n\n\n\n\n\n<h3 class=\"wp-block-heading\">Usos y beneficios de la transferencia de grasa<\/h3>\n\n\n\n<h4 class=\"wp-block-heading\">Transferencia de grasa al rostro<\/h4>\n\n\n\n<p>El injerto de grasa facial, o inyecci\u00f3n de grasa facial, especialmente en las mejillas, se realiza para crear una apariencia m\u00e1s voluminosa y firme. Este procedimiento puede aumentar el tama\u00f1o de la mand\u00edbula inferior, d\u00e1ndole una forma m\u00e1s ancha, y tambi\u00e9n puede utilizarse para dar a los labios un aspecto m\u00e1s voluminoso y atractivo.<\/p>\n\n\n\n<h4 class=\"wp-block-heading\">Transferencia de grasa a los gl\u00fateos<\/h4>\n\n\n\n<p>La cirug\u00eda de levantamiento de gl\u00fateos es una opci\u00f3n ideal para quienes buscan un cambio m\u00e1s pronunciado en la apariencia de sus gl\u00fateos, especialmente para mujeres con gl\u00fateos planos que desean una silueta m\u00e1s femenina y atractiva. Uno de los m\u00e9todos m\u00e1s comunes para lograrlo es la transferencia de grasa, donde se liposucciona grasa de una zona del cuerpo y luego se inyecta en los gl\u00fateos.<\/p>\n\n\n\n<h4 class=\"wp-block-heading\">Transferencia de grasa para el alargamiento del pene<\/h4>\n\n\n\n<p>El <a href=\"https:\/\/www.turkaesthetic.com\/es\/penis-enlargement\/\" data-type=\"page\" data-id=\"34559\" target=\"_blank\" rel=\"noreferrer noopener\">alargamiento del pene <\/a>se puede lograr mediante la transferencia de grasa, que consiste en eliminar el exceso de grasa de la zona p\u00fabica (grasa que puede afectar la longitud percibida del pene). Si no hay suficiente grasa sobre la zona p\u00fabica, tambi\u00e9n se puede extraer grasa de otras partes del cuerpo. Esta grasa extra\u00edda luego se inyecta en el pene para aumentar su grosor y ancho.<\/p>\n\n\n\n<figure class=\"wp-block-image size-full\"><img loading=\"lazy\" decoding=\"async\" width=\"800\" height=\"600\" src=\"https:\/\/www.turkaesthetic.com\/wp-content\/uploads\/2021\/12\/penis-enlargement-5.webp\" alt=\"Alargamiento Del Pene en Turqu\u00eda\" class=\"wp-image-19698\"\/><figcaption class=\"wp-element-caption\">Alargamiento Del Pene en Turqu\u00eda<\/figcaption><\/figure>\n\n\n\n<h3 class=\"wp-block-heading\">Transferencia de grasa a otras zonas del cuerpo<\/h3>\n\n\n\n<p>En ciertos casos, la grasa tambi\u00e9n se puede inyectar en otras zonas del cuerpo. Por ejemplo, se puede utilizar para mejorar la apariencia de cicatrices en manos, pies u otras partes del cuerpo causadas por accidentes. Adem\u00e1s, la transferencia de grasa puede ayudar a minimizar las arrugas profundas en zonas como el cuello, las manos o el pecho, aunque debe hacerse con precauci\u00f3n y moderaci\u00f3n.<\/p>\n\n\n\n<h4 class=\"wp-block-heading\">Antes y despu\u00e9s de la transferencia de grasa<\/h4>\n\n\n\n<p>Aqu\u00ed se muestran algunas im\u00e1genes del antes y el despu\u00e9s del procedimiento de injerto de grasa realizado en Turk Aesthetic en Estambul.<\/p>\n\n\n\n<figure class=\"wp-block-gallery has-nested-images columns-default is-cropped wp-block-gallery-1 is-layout-flex wp-block-gallery-is-layout-flex\">\n<figure class=\"wp-block-image size-large\"><img loading=\"lazy\" decoding=\"async\" width=\"1200\" height=\"800\" data-id=\"50273\" src=\"https:\/\/www.turkaesthetic.com\/wp-content\/uploads\/2023\/12\/Fat-transfer-before-after-5.webp\" alt=\"Antes y despu\u00e9s de la transferencia de grasa en Turqu\u00eda\" class=\"wp-image-50273\"\/><figcaption class=\"wp-element-caption\">Antes y despu\u00e9s de la transferencia de grasa en Turqu\u00eda<\/figcaption><\/figure>\n\n\n\n<figure class=\"wp-block-image size-large\"><img loading=\"lazy\" decoding=\"async\" width=\"1200\" height=\"800\" data-id=\"45544\" src=\"https:\/\/www.turkaesthetic.com\/wp-content\/uploads\/2023\/11\/before-after-fat-transfer-1.jpg\" alt=\"Antes y despu\u00e9s de la transferencia de grasa en Turqu\u00eda\" class=\"wp-image-45544\"\/><figcaption class=\"wp-element-caption\">Antes y despu\u00e9s de la transferencia de grasa en Turqu\u00eda<\/figcaption><\/figure>\n\n\n\n<figure class=\"wp-block-image size-large\"><img loading=\"lazy\" decoding=\"async\" width=\"1200\" height=\"800\" data-id=\"45553\" src=\"https:\/\/www.turkaesthetic.com\/wp-content\/uploads\/2023\/11\/before-after-fat-transfer-2.jpg\" alt=\"Antes y despu\u00e9s de la transferencia de grasa en Turqu\u00eda\" class=\"wp-image-45553\"\/><figcaption class=\"wp-element-caption\">Antes y despu\u00e9s de la transferencia de grasa en Turqu\u00eda<\/figcaption><\/figure>\n<\/figure>\n\n\n\n<h3 class=\"wp-block-heading\">Instrucciones postoperatorias para la transferencia de grasa<\/h3>\n\n\n\n<p>Aqu\u00ed hay algunas consideraciones importantes que debe tener en cuenta despu\u00e9s del procedimiento:<\/p>\n\n\n\n<ul class=\"wp-block-list\">\n<li>Aseg\u00farese de descansar completamente y tomar todos los medicamentos, incluidos analg\u00e9sicos y antiinflamatorios, seg\u00fan lo prescrito por su m\u00e9dico para minimizar las complicaciones y controlar el dolor.<\/li>\n\n\n\n<li>Intente reducir o evitar el consumo de tabaco y suspender cualquier medicamento anticoagulante. Beba abundante l\u00edquido, lo cual facilita la recuperaci\u00f3n y promueve una mejor cicatrizaci\u00f3n de la herida.<\/li>\n\n\n\n<li>Aseg\u00farese de dormir lo suficiente despu\u00e9s de la cirug\u00eda. Acu\u00e9stese en la posici\u00f3n indicada por su m\u00e9dico, seg\u00fan la zona del procedimiento.<\/li>\n\n\n\n<li>Siga cuidadosamente las instrucciones para el cuidado de la herida para promover la cicatrizaci\u00f3n.<\/li>\n\n\n\n<li>Comprom\u00e9tase a usar el cors\u00e9 proporcionado por su m\u00e9dico durante el tiempo especificado.<\/li>\n<\/ul>\n\n\n\n<h4 class=\"wp-block-heading\">Ventajas y desventajas<\/h4>\n\n\n\n<p><strong>Desventajas<\/strong><\/p>\n\n\n\n<p>Despu\u00e9s del procedimiento, pueden surgir complicaciones, especialmente relacionadas con la experiencia del cirujano y el cumplimiento de las instrucciones postoperatorias por parte del paciente. En raras ocasiones, puede presentarse asimetr\u00eda en las zonas tratadas.<\/p>\n\n\n\n<p><strong>Ventajas<\/strong><\/p>\n\n\n\n<p>Si el procedimiento es exitoso, los pacientes suelen recuperar la confianza en s\u00ed mismos gracias a una apariencia m\u00e1s juvenil y atractiva. Adem\u00e1s, puede ayudar a eliminar el exceso de grasa no deseada en \u00e1reas espec\u00edficas del cuerpo.<\/p>\n\n\n\n<p><strong>Posibles efectos secundarios<\/strong><\/p>\n\n\n\n<p>Puede experimentar los siguientes efectos secundarios:<\/p>\n\n\n\n<ul class=\"wp-block-list\">\n<li>Inflamaci\u00f3n y hematomas en la piel.<\/li>\n\n\n\n<li>Picaz\u00f3n leve en el sitio de la sutura quir\u00fargica.<\/li>\n\n\n\n<li>Molestias durante la primera semana. Entumecimiento leve y temporal en ciertas zonas.<\/li>\n\n\n\n<li>Enrojecimiento temporal o coloraci\u00f3n azulada en las zonas de transferencia.<\/li>\n\n\n\n<li>Si tiene alguna duda o pregunta sobre su recuperaci\u00f3n, p\u00f3ngase en contacto con su profesional de la salud.<\/li>\n<\/ul>\n\n\n\n<h3 class=\"wp-block-heading\">Cirug\u00eda de transferencia de grasa en Estambul, Turqu\u00eda<\/h3>\n\n\n\n<p>Turqu\u00eda, especialmente Estambul, es un destino popular para turistas que buscan tratamiento m\u00e9dico y turismo debido a sus numerosas ventajas. Estas incluyen una amplia gama de opciones, la experiencia de sus m\u00e9dicos, servicios de alta calidad y precios razonables. La cirug\u00eda est\u00e9tica en Turqu\u00eda es una de las opciones m\u00e1s solicitadas, con precios que generalmente oscilan entre 2000 y 2500 \u20ac, seg\u00fan la cl\u00ednica y el caso espec\u00edfico.<\/p>\n\n\n\n<h4 class=\"wp-block-heading\">Costo de la transferencia de grasa en Estambul, Turqu\u00eda<\/h4>\n\n\n\n<p>El costo del procedimiento de transferencia de grasa en Turqu\u00eda var\u00eda seg\u00fan la ubicaci\u00f3n y depende de varios factores:<\/p>\n\n\n\n<p>La reputaci\u00f3n de la cl\u00ednica u hospital.<br>La experiencia del m\u00e9dico.<br>La zona del cuerpo a tratar.<br>Servicios adicionales que ofrece la cl\u00ednica, ya que algunas instituciones ofrecen paquetes que incluyen tratamiento, alojamiento y transporte.<br>En Turk Aesthetic en Estambul, el costo del procedimiento de transferencia de grasa es de 2200 \u20ac. Puedes contactar con el equipo de Turk Aesthetic a trav\u00e9s de su p\u00e1gina de contacto para consultar sobre paquetes que incluyen alojamiento y transporte.<\/p>\n\n\n\n<h2 class=\"wp-block-heading\">Preguntas frecuentes &#8211; Transferencia de grasa<\/h2>\n\n\n<div id=\"rank-math-faq\" class=\"rank-math-block\">\n<div class=\"rank-math-list \">\n<div id=\"faq-question-1677060986896\" class=\"rank-math-list-item\">\n<h3 class=\"rank-math-question \">\u00bfCu\u00e1nto dura el procedimiento de transferencia de grasa?<\/h3>\n<div class=\"rank-math-answer \">\n\n<p>El procedimiento suele durar entre 2 y 3 horas, dependiendo del caso.<\/p>\n\n<\/div>\n<\/div>\n<div id=\"faq-question-1742984076936\" class=\"rank-math-list-item\">\n<h3 class=\"rank-math-question \">\u00bfCu\u00e1ndo ver\u00e9 los resultados de la transferencia de grasa?<\/h3>\n<div class=\"rank-math-answer \">\n\n<p>Los resultados se pueden ver inmediatamente despu\u00e9s del procedimiento, aunque ser\u00e1n m\u00e1s evidentes a medida que desaparezcan los efectos quir\u00fargicos.<\/p>\n\n<\/div>\n<\/div>\n<div id=\"faq-question-1742984086281\" class=\"rank-math-list-item\">\n<h3 class=\"rank-math-question \">\u00bfCu\u00e1l es la tasa de \u00e9xito de la transferencia de grasa?<\/h3>\n<div class=\"rank-math-answer \">\n\n<p>La tasa de \u00e9xito de este procedimiento es alta en comparaci\u00f3n con otras operaciones.<\/p>\n\n<\/div>\n<\/div>\n<div id=\"faq-question-1742984112620\" class=\"rank-math-list-item\">\n<h3 class=\"rank-math-question \">\u00bfQu\u00e9 tipo de anestesia se utiliza durante la transferencia de grasa?<\/h3>\n<div class=\"rank-math-answer \">\n\n<p>La transferencia de grasa se realiza bajo anestesia general.<\/p>\n\n<\/div>\n<\/div>\n<div id=\"faq-question-1742984116623\" class=\"rank-math-list-item\">\n<h3 class=\"rank-math-question \">\u00bfCu\u00e1l es el costo de la transferencia de grasa en Turqu\u00eda?<\/h3>\n<div class=\"rank-math-answer \">\n\n<p>El costo en Turk Aesthetic Istanbul var\u00eda seg\u00fan las caracter\u00edsticas espec\u00edficas del procedimiento, a partir de 2500 \u20ac.<\/p>\n\n<\/div>\n<\/div>\n<div id=\"faq-question-1742984122097\" class=\"rank-math-list-item\">\n<h3 class=\"rank-math-question \">\u00bfCu\u00e1l es el per\u00edodo de recuperaci\u00f3n despu\u00e9s de la inyecci\u00f3n de grasa?<\/h3>\n<div class=\"rank-math-answer \">\n\n<p>Generalmente, un per\u00edodo de recuperaci\u00f3n de aproximadamente una semana es suficiente despu\u00e9s del procedimiento de transferencia de grasa.<\/p>\n\n<\/div>\n<\/div>\n<div id=\"faq-question-1742984130557\" class=\"rank-math-list-item\">\n<h3 class=\"rank-math-question \">\u00bfSon permanentes los resultados de la transferencia de grasa?<\/h3>\n<div class=\"rank-math-answer \">\n\n<p>S\u00ed, los resultados de la transferencia de grasa se consideran una soluci\u00f3n a largo plazo. Los efectos suelen durar entre 5 y 10 a\u00f1os.<\/p>\n\n<\/div>\n<\/div>\n<div id=\"faq-question-1742984137919\" class=\"rank-math-list-item\">\n<h3 class=\"rank-math-question \">\u00bfAfecta la dieta a los resultados de la transferencia de grasa?<\/h3>\n<div class=\"rank-math-answer \">\n\n<p>S\u00ed, se recomienda seguir una dieta rica en carbohidratos despu\u00e9s del procedimiento para asegurar que los resultados no se vean afectados negativamente por una nutrici\u00f3n inadecuada.<\/p>\n\n<\/div>\n<\/div>\n<\/div>\n<\/div>\n\n\n<p>Finalmente, puede <a href=\"http:\/\/turkaesthetic.com\/es\/contact-us\/\" data-type=\"URL\" data-id=\"http:\/\/turkaesthetic.com\/es\/contact-us\/\" target=\"_blank\" rel=\"noreferrer noopener\"><strong>contactarnos<\/strong> <\/a>directamente a trav\u00e9s del enlace para solicitar informaci\u00f3n y precios de <strong><a href=\"https:\/\/www.youtube.com\/channel\/UC0zggzdm5CFwpRMmn_CPpFQ\" data-type=\"URL\" data-id=\"https:\/\/www.youtube.com\/channel\/UC0zggzdm5CFwpRMmn_CPpFQ\" target=\"_blank\" rel=\"noreferrer noopener\">Turk Aesthetic<\/a>.<\/strong><\/p>\n","protected":false},"excerpt":{"rendered":"<p>La transferencia de grasa es un tipo de cirug\u00eda pl\u00e1stica que consiste en transferir grasa de zonas del cuerpo donde no se desea y reinyectarla en otras con diversos fines, como tensar la piel y reducir arrugas y cicatrices profundas. La grasa tambi\u00e9n se puede transferir a los gl\u00fateos para crear una apariencia m\u00e1s proporcionada [&hellip;]<\/p>\n","protected":false},"author":1,"featured_media":19816,"parent":0,"menu_order":0,"comment_status":"closed","ping_status":"closed","template":"","meta":{"footnotes":""},"dep":[1354],"class_list":["post-34002","page","type-page","status-publish","has-post-thumbnail","hentry","dep-plastic-surgeries"],"_links":{"self":[{"href":"https:\/\/www.turkaesthetic.com\/es\/wp-json\/wp\/v2\/pages\/34002","targetHints":{"allow":["GET"]}}],"collection":[{"href":"https:\/\/www.turkaesthetic.com\/es\/wp-json\/wp\/v2\/pages"}],"about":[{"href":"https:\/\/www.turkaesthetic.com\/es\/wp-json\/wp\/v2\/types\/page"}],"author":[{"embeddable":true,"href":"https:\/\/www.turkaesthetic.com\/es\/wp-json\/wp\/v2\/users\/1"}],"replies":[{"embeddable":true,"href":"https:\/\/www.turkaesthetic.com\/es\/wp-json\/wp\/v2\/comments?post=34002"}],"version-history":[{"count":0,"href":"https:\/\/www.turkaesthetic.com\/es\/wp-json\/wp\/v2\/pages\/34002\/revisions"}],"wp:featuredmedia":[{"embeddable":true,"href":"https:\/\/www.turkaesthetic.com\/es\/wp-json\/wp\/v2\/media\/19816"}],"wp:attachment":[{"href":"https:\/\/www.turkaesthetic.com\/es\/wp-json\/wp\/v2\/media?parent=34002"}],"wp:term":[{"taxonomy":"dep","embeddable":true,"href":"https:\/\/www.turkaesthetic.com\/es\/wp-json\/wp\/v2\/dep?post=34002"}],"curies":[{"name":"wp","href":"https:\/\/api.w.org\/{rel}","templated":true}]}}