{"id":33798,"date":"2022-01-26T09:28:46","date_gmt":"2022-01-26T06:28:46","guid":{"rendered":"http:\/\/turkaesthetic.com\/?page_id=33798"},"modified":"2025-07-18T13:46:35","modified_gmt":"2025-07-18T10:46:35","slug":"filler","status":"publish","type":"page","link":"https:\/\/www.turkaesthetic.com\/es\/filler\/","title":{"rendered":"Inyecci\u00f3n de Relleno"},"content":{"rendered":"\n<p>Los <strong>Inyecci\u00f3n de relleno <\/strong>est\u00e9ticas m\u00e1s importantes que se aplican hoy en d\u00eda. Debido a factores como el envejecimiento natural, la exposici\u00f3n solar y los efectos ambientales, las arrugas y l\u00edneas de expresi\u00f3n faciales pueden aparecer con el tiempo. Los rellenos se utilizan para abordar estos problemas. Son materiales que se inyectan bajo la piel para ayudar a reafirmar el rostro, reducir las arrugas y refrescar la piel.<\/p>\n\n\n\n<p>Todos los tipos de relleno son temporales porque est\u00e1n hechos de \u00e1cido hialur\u00f3nico, una sustancia que el cuerpo descompone y absorbe naturalmente. Esto permite lograr una apariencia m\u00e1s juvenil sin cirug\u00eda. Una sola sesi\u00f3n suele durar entre 5 y 10 minutos.<\/p>\n\n\n\n<figure class=\"wp-block-table\"><table><tbody><tr><td>Anestesia<\/td><td>No es necesario (crema anest\u00e9sica)<\/td><\/tr><tr><td>Duraci\u00f3n del proceso<\/td><td>5 &#8211; 10 minutos<\/td><\/tr><tr><td>Finalidad del llenado<\/td><td>Minimizar la apariencia de l\u00edneas y arrugas faciales para restaurar una apariencia juvenil<\/td><\/tr><tr><td>Resultados<\/td><td>8 &#8211; 12 meses &#8211; inmediatamente<\/td><\/tr><tr><td>Convalecencia<\/td><td>Esto no es necesario<\/td><\/tr><\/tbody><\/table><figcaption class=\"wp-element-caption\">Inyecci\u00f3n de relleno en Turqu\u00eda<\/figcaption><\/figure>\n\n\n\n<h2 class=\"wp-block-heading\">\u00bfC\u00f3mo se realiza?<\/h2>\n\n\n\n<p>Despu\u00e9s de informar al m\u00e9dico sobre los problemas que desea tratar, se realiza el procedimiento. El m\u00e9dico ofrece soluciones terap\u00e9uticas mediante la inyecci\u00f3n de rellenos d\u00e9rmicos para tratar diversos problemas, como:<\/p>\n\n\n\n<p>Rellenar los surcos profundos entre la nariz y los labios, conocidos como l\u00edneas de expresi\u00f3n.<\/p>\n\n\n\n<p>Realzar los labios finos y suavizar las l\u00edneas de las comisuras de la boca.<\/p>\n\n\n\n<p>A\u00f1adir volumen a las mejillas para restaurar una apariencia m\u00e1s juvenil y voluminosa. Disimular ojeras o flacidez bajo los ojos.<br>Levantar y rellenar la zona debajo de las mejillas, que puede verse hundida o fl\u00e1cida debido a la p\u00e9rdida de peso.<br>Rejuvenecer el dorso de las manos reponiendo el volumen o la grasa perdida, dando una apariencia m\u00e1s fresca y juvenil.<br>La \u00abT\u00e9cnica Texas\u00bb, que consiste en inyecciones en la l\u00ednea mandibular para definir el hueso maxilar y mejorar la estructura del ment\u00f3n.<\/p>\n\n\n\n<h3 class=\"wp-block-heading\">Video de Inyecci\u00f3n de Relleno en<\/h3>\n\n\n\n<p>A continuaci\u00f3n se muestra un video de la sesi\u00f3n de Inyecci\u00f3n de Relleno.<\/p>\n\n\n\n<figure class=\"wp-block-embed is-type-video is-provider-youtube wp-block-embed-youtube wp-embed-aspect-16-9 wp-has-aspect-ratio\"><div class=\"wp-block-embed__wrapper\">\n<iframe loading=\"lazy\" title=\"Filler - Turk Aesthetic\" width=\"800\" height=\"450\" src=\"https:\/\/www.youtube.com\/embed\/to-3yaMgXyE?feature=oembed\" frameborder=\"0\" allow=\"accelerometer; autoplay; clipboard-write; encrypted-media; gyroscope; picture-in-picture; web-share\" referrerpolicy=\"strict-origin-when-cross-origin\" allowfullscreen><\/iframe>\n<\/div><figcaption class=\"wp-element-caption\">Inyecci\u00f3n de Relleno<\/figcaption><\/figure>\n\n\n\n<h3 class=\"wp-block-heading\">\u00c1reas de uso<\/h3>\n\n\n\n<p>Estas sustancias se pueden aplicar o utilizar en diversos campos m\u00e9dicos. A continuaci\u00f3n, se presentan algunas de las aplicaciones m\u00e1s comunes:<\/p>\n\n\n\n<h4 class=\"wp-block-heading\">L\u00edneas de la sonrisa (surcos nasolabiales)<\/h4>\n\n\n\n<p>Las l\u00edneas de la sonrisa no siempre simbolizan alegr\u00eda y felicidad; en muchos casos, reflejan el envejecimiento y los profundos pliegues que se extienden desde las comisuras de la nariz hasta las comisuras de la boca. Estas l\u00edneas suelen aparecer debido a factores ambientales como la exposici\u00f3n al sol. Se utilizan inyecciones para reducir la apariencia de estas l\u00edneas de expresi\u00f3n, especialmente en los pliegues m\u00e1s leves.<\/p>\n\n\n\n<figure class=\"wp-block-image size-full\"><img loading=\"lazy\" decoding=\"async\" width=\"1024\" height=\"576\" src=\"http:\/\/turkaesthetic.com\/wp-content\/uploads\/2022\/01\/Smile-lines-filler.webp\" alt=\"relleno d\u00e9rmico en turqu\u00eda\" class=\"wp-image-19840\" srcset=\"https:\/\/www.turkaesthetic.com\/wp-content\/uploads\/2022\/01\/Smile-lines-filler.webp 1024w, https:\/\/www.turkaesthetic.com\/wp-content\/uploads\/2022\/01\/Smile-lines-filler-300x169.webp 300w, https:\/\/www.turkaesthetic.com\/wp-content\/uploads\/2022\/01\/Smile-lines-filler-768x432.webp 768w\" sizes=\"auto, (max-width: 1024px) 100vw, 1024px\" \/><figcaption class=\"wp-element-caption\">Inyecci\u00f3n de Relleno<\/figcaption><\/figure>\n\n\n\n<h4 class=\"wp-block-heading\">Relleno de labios<\/h4>\n\n\n\n<p>Este tipo de inyecci\u00f3n es una de las m\u00e1s solicitadas, especialmente por mujeres, para realzar y dar volumen a los <a href=\"https:\/\/www.turkaesthetic.com\/es\/non-surgical-es\/lip-filler\/\" target=\"_blank\" data-type=\"post\" data-id=\"38865\" rel=\"noreferrer noopener\">labios<\/a>. Es un procedimiento sencillo y no quir\u00fargico con resultados inmediatos y m\u00ednimo riesgo. Los rellenos de labios son la opci\u00f3n preferida para hacer los labios m\u00e1s atractivos sin necesidad de cirug\u00eda invasiva.<\/p>\n\n\n\n<figure class=\"wp-block-image size-full\"><img loading=\"lazy\" decoding=\"async\" width=\"900\" height=\"900\" src=\"http:\/\/turkaesthetic.com\/wp-content\/uploads\/2021\/12\/filler.webp\" alt=\"Aumento de labios en Turqu\u00eda\" class=\"wp-image-19705\" srcset=\"https:\/\/www.turkaesthetic.com\/wp-content\/uploads\/2021\/12\/filler.webp 900w, https:\/\/www.turkaesthetic.com\/wp-content\/uploads\/2021\/12\/filler-300x300.webp 300w, https:\/\/www.turkaesthetic.com\/wp-content\/uploads\/2021\/12\/filler-150x150.webp 150w, https:\/\/www.turkaesthetic.com\/wp-content\/uploads\/2021\/12\/filler-768x768.webp 768w\" sizes=\"auto, (max-width: 900px) 100vw, 900px\" \/><figcaption class=\"wp-element-caption\">Inyecci\u00f3n de Relleno<\/figcaption><\/figure>\n\n\n\n<h4 class=\"wp-block-heading\">Nariz<\/h4>\n\n\n\n<p>Para deformidades menores en la forma de la nariz, puede que no sea necesaria una cirug\u00eda compleja. En cambio, los rellenos nasales ofrecen una soluci\u00f3n m\u00e9dica eficaz y de bajo costo con m\u00ednimo esfuerzo. Ayudan a mejorar la apariencia nasal sin cirug\u00eda.<\/p>\n\n\n\n<h4 class=\"wp-block-heading\">Mejillas<\/h4>\n\n\n\n<p>El cuerpo pierde grasa gradualmente en ciertas zonas como el rostro y las <a href=\"https:\/\/www.turkaesthetic.com\/es\/non-surgical-es\/cheek-filler\/\" target=\"_blank\" data-type=\"post\" data-id=\"38882\" rel=\"noreferrer noopener\">mejillas<\/a>. Esta p\u00e9rdida puede provocar arrugas, cambios en la apariencia nasal y p\u00e9rdida de volumen facial, creando a menudo la falsa impresi\u00f3n de que se necesita una intervenci\u00f3n quir\u00fargica. En realidad, una soluci\u00f3n mucho m\u00e1s sencilla, como el relleno de mejillas, puede restaurar la frescura y vitalidad del rostro, convirti\u00e9ndolo en una opci\u00f3n pr\u00e1ctica y eficaz.<\/p>\n\n\n\n<figure class=\"wp-block-image size-full is-resized\"><img loading=\"lazy\" decoding=\"async\" width=\"1024\" height=\"576\" src=\"http:\/\/turkaesthetic.com\/wp-content\/uploads\/2022\/01\/Cheek-filler.webp\" alt=\"relleno d\u00e9rmico en turqu\u00eda\" class=\"wp-image-19836\" style=\"width:1254px;height:auto\" srcset=\"https:\/\/www.turkaesthetic.com\/wp-content\/uploads\/2022\/01\/Cheek-filler.webp 1024w, https:\/\/www.turkaesthetic.com\/wp-content\/uploads\/2022\/01\/Cheek-filler-300x169.webp 300w, https:\/\/www.turkaesthetic.com\/wp-content\/uploads\/2022\/01\/Cheek-filler-768x432.webp 768w\" sizes=\"auto, (max-width: 1024px) 100vw, 1024px\" \/><figcaption class=\"wp-element-caption\">Inyecci\u00f3n de Relleno<\/figcaption><\/figure>\n\n\n\n<h4 class=\"wp-block-heading\">Relleno ligero Inyecci\u00f3n de Relleno<\/h4>\n\n\n\n<p>Tambi\u00e9n conocido como relleno \u00f3ptico, es una de las soluciones m\u00e9dicas modernas utilizadas en cirug\u00eda pl\u00e1stica para tratar imperfecciones como ojeras, hinchaz\u00f3n y bolsas bajo los ojos. Este tipo de inyecciones ayuda a reparar las imperfecciones de la piel y a tratar las ojeras.<\/p>\n\n\n\n<figure class=\"wp-block-image size-full\"><img decoding=\"async\" src=\"http:\/\/turkaesthetic.com\/wp-content\/uploads\/2021\/11\/light-filler-2.webp\" alt=\"Relleno de luz debajo de los ojos en Turqu\u00eda\" class=\"wp-image-19654\"\/><figcaption class=\"wp-element-caption\">Relleno de luz debajo de los ojos en Turqu\u00eda<\/figcaption><\/figure>\n\n\n\n<h4 class=\"wp-block-heading\">T\u00e9cnica Texas<\/h4>\n\n\n\n<p>Este procedimiento tiene como objetivo definir la l\u00ednea mandibular inferior y crear una apariencia de ment\u00f3n m\u00e1s estructurada, especialmente en casos donde la parte inferior del rostro carece de armon\u00eda. El nombre \u00abTexas\u00bb se inspira en los rasgos faciales asociados a los tejanos, caracterizados por una mand\u00edbula ancha y proporcionada. La t\u00e9cnica ayuda a dar al rostro un perfil de ment\u00f3n equilibrado y fuerte.<\/p>\n\n\n\n<h5 class=\"wp-block-heading\">\u00bfQui\u00e9n es apto para la sesi\u00f3n?<\/h5>\n\n\n\n<p>Cualquier persona mayor de 18 a\u00f1os puede recibir rellenos, independientemente del prop\u00f3sito. Se utiliza com\u00fanmente para imperfecciones faciales leves a moderadas. No hay un requisito estricto, pero las personas con enfermedades cr\u00f3nicas, ciertas afecciones de salud o problemas de la piel deben informar a su m\u00e9dico con antelaci\u00f3n.<\/p>\n\n\n\n<h3 class=\"wp-block-heading\">\u00bfQui\u00e9n debe evitar esta inyecci\u00f3n?<\/h3>\n\n\n\n<p>Aunque la inyecci\u00f3n generalmente es segura y los efectos secundarios son poco frecuentes, existen ciertos casos en los que no se recomienda:<\/p>\n\n\n\n<ul class=\"wp-block-list\">\n<li>Personas con alergias a las sustancias de relleno.<\/li>\n\n\n\n<li>Personas con arrugas profundas que requieren correcci\u00f3n quir\u00fargica.<\/li>\n\n\n\n<li>Personas menores de 18 a\u00f1os.<\/li>\n\n\n\n<li>Personas que ya se han sometido a una sesi\u00f3n en la misma zona dos veces en un a\u00f1o.<\/li>\n\n\n\n<li>Mujeres embarazadas.<\/li>\n<\/ul>\n\n\n\n<h4 class=\"wp-block-heading\">El m\u00e9dico que realiza los rellenos d\u00e9rmicos<\/h4>\n\n\n\n<p>Solo debe administrarse en un entorno cl\u00ednico u hospitalario est\u00e9ril por un dermat\u00f3logo o cirujano pl\u00e1stico certificado. El procedimiento no debe ser realizado por t\u00e9cnicos de belleza, barberos ni personal no m\u00e9dico.<\/p>\n\n\n\n<h2 class=\"wp-block-heading\">Pasos de la sesi\u00f3n Inyecci\u00f3n de Relleno<\/h2>\n\n\n\n<p>Como muchos otros tratamientos, este consta de tres fases detalladas: antes, durante y despu\u00e9s de la inyecci\u00f3n.<\/p>\n\n\n<div id=\"rank-math-howto\" class=\"rank-math-block\" >\n<div class=\"rank-math-howto-description\">\n\n<p>La sesi\u00f3n de relleno, como cualquier otra, pasa por tres fases antes, durante y despu\u00e9s, que mencionaremos en detalle:<\/p>\n\n<\/div>\n<p class=\"rank-math-howto-duration\"><strong>Tiempo total:<\/strong> <span>10 minutos<\/span><\/p>\n<div class=\"rank-math-steps \">\n<div id=\"howto-step-1676490260709\" class=\"rank-math-step\">\n<h3 class=\"rank-math-step-title \">Antes de la sesi\u00f3n<\/h3>\n<div class=\"rank-math-step-content \"><p>Antes de la sesi\u00f3n, el m\u00e9dico eval\u00faa la inquietud del paciente y si los rellenos pueden resolver el problema. En algunos casos, podr\u00eda requerirse cirug\u00eda. El m\u00e9dico tambi\u00e9n le preguntar\u00e1 sobre enfermedades cr\u00f3nicas, alergias a medicamentos o medicamentos que est\u00e9 tomando. Debe proporcionar informaci\u00f3n m\u00e9dica precisa y completa, adem\u00e1s de:<br \/>\u2013 Dejar de usar anticoagulantes y alcohol.<br \/>\u2013 Reducir el consumo de tabaco tanto como sea posible.<br \/>El m\u00e9dico examina el rostro, identifica los puntos de inyecci\u00f3n y determina la cantidad necesaria. A continuaci\u00f3n, se aplica una crema anest\u00e9sica en la zona de inyecci\u00f3n, completando as\u00ed la preparaci\u00f3n inicial.<\/p>\n<\/div>\n<\/div>\n<div id=\"howto-step-1752835243190\" class=\"rank-math-step\">\n<h3 class=\"rank-math-step-title \">Durante la sesi\u00f3n<\/h3>\n<div class=\"rank-math-step-content \"><p>Tras aplicar la crema anest\u00e9sica, se inyecta el relleno en los puntos predeterminados. Este procedimiento se considera relativamente sencillo y r\u00e1pido, y suele durar entre 5 y 15 minutos.<\/p>\n<\/div>\n<\/div>\n<div id=\"howto-step-1752835249469\" class=\"rank-math-step\">\n<h3 class=\"rank-math-step-title \">Despu\u00e9s de la sesi\u00f3n<\/h3>\n<div class=\"rank-math-step-content \"><p>Una vez finalizada la inyecci\u00f3n, el m\u00e9dico le dar\u00e1 instrucciones para los cuidados posteriores, incluyendo:<br \/>\u2013 Masajear suavemente la zona de la inyecci\u00f3n durante los primeros d\u00edas.<br \/>\u2013 Evitar el calor excesivo durante los primeros d\u00edas.<br \/>\u2013 Evitar la luz solar directa y aplicar protector solar durante el periodo inicial de cicatrizaci\u00f3n.<br \/>Los resultados empiezan a notarse inmediatamente despu\u00e9s de la sesi\u00f3n, pero el tiempo que tardan en hacerse completamente visibles var\u00eda de persona a persona seg\u00fan su fisiolog\u00eda.<\/p>\n<\/div>\n<\/div>\n<\/div>\n<\/div>\n<p class=\"rank-math-howto-estimatedCost\"><strong>Coste estimado:<\/strong> <span>290 EUR<\/span><\/p>\n\n\n\n\n\n<h3 class=\"wp-block-heading\">Antes y despu\u00e9s Inyecci\u00f3n de Relleno<\/h3>\n\n\n\n<p>El efecto comienza inmediatamente despu\u00e9s de la inyecci\u00f3n y los resultados finales aparecen alrededor del tercer d\u00eda, con una duraci\u00f3n media de hasta 12 meses, seg\u00fan el caso. A continuaci\u00f3n, se muestran algunos resultados del antes y el despu\u00e9s en Turk Aesthetic:\u00f3logo o cirujano pl\u00e1stico en una cl\u00ednica m\u00e9dica u hospital y en un ambiente est\u00e9ril. El procedimiento no debe ser utilizado por esteticistas, barber\u00edas, etc.<\/p>\n\n\n\n<figure class=\"wp-block-gallery has-nested-images columns-default is-cropped wp-block-gallery-1 is-layout-flex wp-block-gallery-is-layout-flex\">\n<figure class=\"wp-block-image size-large\"><img decoding=\"async\" data-id=\"50075\" src=\"https:\/\/www.turkaesthetic.com\/wp-content\/uploads\/2023\/12\/Light-filler-before-after-in-Turkey-8.webp\" alt=\"Antes y despu\u00e9s del relleno ligero debajo de los ojos en Turqu\u00eda\" class=\"wp-image-50075\"\/><figcaption class=\"wp-element-caption\">Inyecci\u00f3n de Relleno<\/figcaption><\/figure>\n\n\n\n<figure class=\"wp-block-image size-large\"><img loading=\"lazy\" decoding=\"async\" width=\"1200\" height=\"800\" data-id=\"49994\" src=\"https:\/\/www.turkaesthetic.com\/wp-content\/uploads\/2023\/12\/before-after-nose-filler-in-Turkey-2.webp\" alt=\"Antes y despu\u00e9s del relleno nasal en Turqu\u00eda\" class=\"wp-image-49994\"\/><figcaption class=\"wp-element-caption\">Antes y despu\u00e9s del relleno nasal en Turqu\u00eda<\/figcaption><\/figure>\n\n\n\n<figure class=\"wp-block-image size-large\"><img loading=\"lazy\" decoding=\"async\" width=\"1200\" height=\"800\" data-id=\"46715\" src=\"https:\/\/www.turkaesthetic.com\/wp-content\/uploads\/2023\/11\/before-after-texas-filler-2.jpg\" alt=\"Procedimiento antes del relleno de ment\u00f3n en Turqu\u00eda\" class=\"wp-image-46715\"\/><figcaption class=\"wp-element-caption\">Procedimiento antes del relleno de ment\u00f3n en Turqu\u00eda <\/figcaption><\/figure>\n\n\n\n<figure class=\"wp-block-image size-large\"><img loading=\"lazy\" decoding=\"async\" width=\"1200\" height=\"800\" data-id=\"46256\" src=\"https:\/\/www.turkaesthetic.com\/wp-content\/uploads\/2023\/11\/before-after-nasolabial-filler-6.jpg\" alt=\"Antes y despu\u00e9s del relleno nasolable en T\u00fcrkiye\" class=\"wp-image-46256\"\/><figcaption class=\"wp-element-caption\">Antes y despu\u00e9s del relleno nasolable en T\u00fcrkiye<\/figcaption><\/figure>\n\n\n\n<figure class=\"wp-block-image size-large\"><img loading=\"lazy\" decoding=\"async\" width=\"1200\" height=\"800\" data-id=\"45247\" src=\"https:\/\/www.turkaesthetic.com\/wp-content\/uploads\/2023\/11\/before-after-cheek-filler-3.jpg\" alt=\"Antes y despu\u00e9s del relleno de mejillas en T\u00fcrkiye\" class=\"wp-image-45247\"\/><figcaption class=\"wp-element-caption\">Antes y despu\u00e9s del relleno de mejillas en T\u00fcrkiye<\/figcaption><\/figure>\n\n\n\n<figure class=\"wp-block-image size-large\"><img loading=\"lazy\" decoding=\"async\" width=\"1200\" height=\"800\" data-id=\"46076\" src=\"https:\/\/www.turkaesthetic.com\/wp-content\/uploads\/2023\/11\/before-after-lip-filler-2.jpg\" alt=\"Antes y despu\u00e9s del relleno de labios en T\u00fcrkiye\" class=\"wp-image-46076\"\/><figcaption class=\"wp-element-caption\">Antes y despu\u00e9s del relleno de labios en T\u00fcrkiye<\/figcaption><\/figure>\n<\/figure>\n\n\n\n<h4 class=\"wp-block-heading\">Instrucciones para el cuidado posterior<\/h4>\n\n\n\n<ul class=\"wp-block-list\">\n<li>No se lave la cara con agua caliente inmediatamente despu\u00e9s de la inyecci\u00f3n.<\/li>\n\n\n\n<li>Evite lavar la zona inyectada durante algunas horas.<\/li>\n\n\n\n<li>Evite consumir alimentos y bebidas calientes durante al menos 24 horas.<\/li>\n\n\n\n<li>Use agua tibia para la limpieza.<\/li>\n\n\n\n<li>Evite tomar medicamentos anticoagulantes como la aspirina antes y despu\u00e9s del procedimiento.<\/li>\n\n\n\n<li>Evite combinar la zona de tratamiento con otros procedimientos como la limpieza de la piel o las inyecciones de plasma, ya que esto puede reducir el efecto.<\/li>\n<\/ul>\n\n\n\n<h4 class=\"wp-block-heading\">Posibles efectos secundarios<\/h4>\n\n\n\n<ul class=\"wp-block-list\">\n<li>Leve enrojecimiento en el lugar de la inyecci\u00f3n<\/li>\n\n\n\n<li>Leve hinchaz\u00f3n que suele remitir en cuesti\u00f3n de horas<\/li>\n\n\n\n<li>Sensaci\u00f3n de ardor temporal en el lugar de la inyecci\u00f3n que dura unos minutos<\/li>\n\n\n\n<li>Estos efectos no siempre se experimentan y pueden variar de una persona a otra.<\/li>\n<\/ul>\n\n\n\n<h5 class=\"wp-block-heading\">Para hombres<\/h5>\n\n\n\n<p>Los rellenos faciales para hombres se han convertido en un tratamiento popular, especialmente para quienes sufren de arrugas superficiales. No se limita a las mujeres; muchos hombres tambi\u00e9n optan por este procedimiento a medida que el envejecimiento y las arrugas se vuelven m\u00e1s prominentes. Los s\u00edntomas del envejecimiento suelen ser claramente visibles, lo que convierte a esta inyecci\u00f3n en una opci\u00f3n atractiva tambi\u00e9n para los pacientes masculinos.<\/p>\n\n\n\n<h3 class=\"wp-block-heading\">Tipos de relleno<\/h3>\n\n\n\n<p>Existen muchos tipos y marcas. En Turk Aesthetic, utilizamos las siguientes:<\/p>\n\n\n\n<p><strong>Juvederm<\/strong><\/p>\n\n\n\n<p>Al aplicar la inyecci\u00f3n, la calidad del relleno es fundamental para los resultados. Por ello, Turk Aesthetic prefiere opciones de alta calidad y reconocimiento internacional, como la marca francesa Juvederm, que destaca por su eficacia y seguridad.<\/p>\n\n\n\n<p><strong>Teosyal<\/strong><\/p>\n\n\n\n<p>Teosyal, una marca suiza conocida por su alta densidad y calidad superior, es especialmente preferida para rellenos debajo de los ojos, donde su excelencia se hace m\u00e1s evidente.<\/p>\n\n\n\n<h4 class=\"wp-block-heading\">Inyecci\u00f3n de Relleno en Estambul, Turqu\u00eda<\/h4>\n\n\n\n<p>Estambul es considerada uno de los principales destinos para el turismo m\u00e9dico gracias a sus m\u00e9dicos expertos, precios accesibles y la alta calidad de sus servicios m\u00e9dicos. Hay muchas cl\u00ednicas para elegir, pero Turk Aesthetic se encuentra entre las m\u00e1s prestigiosas, trabajando con los mejores m\u00e9dicos, reconocidos por numerosas figuras p\u00fablicas y celebridades.<\/p>\n\n\n\n<h5 class=\"wp-block-heading\">Costo Inyecci\u00f3n de Relleno en Estambul, Turqu\u00eda<\/h5>\n\n\n\n<p>El costo de las inyecciones en Estambul var\u00eda seg\u00fan varios factores, incluyendo:<\/p>\n\n\n\n<ul class=\"wp-block-list\">\n<li>La calidad del relleno utilizado<\/li>\n\n\n\n<li>La experiencia del m\u00e9dico<\/li>\n\n\n\n<li>La reputaci\u00f3n de la cl\u00ednica<\/li>\n\n\n\n<li>La zona a tratar y la cantidad de relleno necesaria<\/li>\n\n\n\n<li>En Turk Aesthetic en Estambul, el costo de una inyecci\u00f3n de cc es de aproximadamente 290 euros.<\/li>\n<\/ul>\n\n\n\n<h2 class=\"wp-block-heading\">Preguntas frecuentes &#8211;  Inyecci\u00f3n de Relleno<\/h2>\n\n\n<div id=\"rank-math-faq\" class=\"rank-math-block\">\n<div class=\"rank-math-list \">\n<div id=\"faq-question-1676490556445\" class=\"rank-math-list-item\">\n<h3 class=\"rank-math-question \">\u00bfCu\u00e1ndo comienzan a surtir efecto los rellenos d\u00e9rmicos?<\/h3>\n<div class=\"rank-math-answer \">\n\n<p>El efecto es inmediato despu\u00e9s de la inyecci\u00f3n.<\/p>\n\n<\/div>\n<\/div>\n<div id=\"faq-question-1752835310759\" class=\"rank-math-list-item\">\n<h3 class=\"rank-math-question \">\u00bfCu\u00e1nto duran los resultados del relleno?<\/h3>\n<div class=\"rank-math-answer \">\n\n<p>Los resultados suelen durar alrededor de 12 meses.<\/p>\n\n<\/div>\n<\/div>\n<div id=\"faq-question-1752835315643\" class=\"rank-math-list-item\">\n<h3 class=\"rank-math-question \">\u00bfSe pueden aplicar rellenos en salones de belleza?<\/h3>\n<div class=\"rank-math-answer \">\n\n<p>No. Solo un m\u00e9dico colegiado puede realizar inyecciones de relleno. El personal de enfermer\u00eda o los t\u00e9cnicos sin la formaci\u00f3n adecuada no deben realizar este procedimiento, ya que puede provocar complicaciones graves, como una distribuci\u00f3n desigual del relleno.<\/p>\n\n<\/div>\n<\/div>\n<div id=\"faq-question-1752835321567\" class=\"rank-math-list-item\">\n<h3 class=\"rank-math-question \">\u00bfEs dolorosa la inyecci\u00f3n?<\/h3>\n<div class=\"rank-math-answer \">\n\n<p>La inyecci\u00f3n es m\u00ednima. Se utiliza una jeringa blanda y se puede aplicar una crema anest\u00e9sica t\u00f3pica para minimizar las molestias. No se requiere anestesia general ni local.<\/p>\n\n<\/div>\n<\/div>\n<div id=\"faq-question-1752835326453\" class=\"rank-math-list-item\">\n<h3 class=\"rank-math-question \">\u00bfCu\u00e1nto cuesta una Inyecci\u00f3n de Relleno? <\/h3>\n<div class=\"rank-math-answer \">\n\n<p>Inyecci\u00f3n de Relleno En Turk Aesthetic, el precio medio es de 290 \u20ac por cc.<\/p>\n\n<\/div>\n<\/div>\n<div id=\"faq-question-1752835334040\" class=\"rank-math-list-item\">\n<h3 class=\"rank-math-question \">\u00bfCu\u00e1l es la edad m\u00ednima para recibir esta inyecci\u00f3n?<\/h3>\n<div class=\"rank-math-answer \">\n\n<p>Cualquier persona mayor de 18 a\u00f1os puede optar a ella.<\/p>\n\n<\/div>\n<\/div>\n<div id=\"faq-question-1752835340602\" class=\"rank-math-list-item\">\n<h3 class=\"rank-math-question \">\u00bfCu\u00e1ntos d\u00edas necesito permanecer en Turqu\u00eda para la Inyecci\u00f3n de Relleno?<\/h3>\n<div class=\"rank-math-answer \">\n\n<p>Gracias a la rapidez y sencillez del tratamiento, basta con un d\u00eda.<\/p>\n\n<\/div>\n<\/div>\n<div id=\"faq-question-1752835346302\" class=\"rank-math-list-item\">\n<h3 class=\"rank-math-question \">\u00bfEs suficiente una sola Inyecci\u00f3n de Relleno para tratar las ojeras?<\/h3>\n<div class=\"rank-math-answer \">\n\n<p>Depende de la gravedad del problema. En casos leves, una sesi\u00f3n puede ser suficiente. Para problemas m\u00e1s evidentes, pueden ser necesarias varias sesiones.<\/p>\n\n<\/div>\n<\/div>\n<div id=\"faq-question-1752835351070\" class=\"rank-math-list-item\">\n<h3 class=\"rank-math-question \">\u00bfCu\u00e1ntas sesiones se requieren?<\/h3>\n<div class=\"rank-math-answer \">\n\n<p>Normalmente, una sesi\u00f3n es suficiente. Si es necesario, se puede programar una sesi\u00f3n de seguimiento dos semanas despu\u00e9s, seg\u00fan el caso del paciente.<\/p>\n\n<\/div>\n<\/div>\n<div id=\"faq-question-1752835359161\" class=\"rank-math-list-item\">\n<h3 class=\"rank-math-question \">\u00bfCu\u00e1nto dura el periodo de recuperaci\u00f3n?<\/h3>\n<div class=\"rank-math-answer \">\n\n<p>No se requiere tiempo de recuperaci\u00f3n. Sin embargo, los pacientes deben seguir estrictamente las instrucciones de cuidados posteriores proporcionadas por el m\u00e9dico., una inyecci\u00f3n cuesta unos 290 euros.<\/p>\n\n<\/div>\n<\/div>\n<\/div>\n<\/div>\n\n\n<p>Por \u00faltimo, puede ponerse en <a href=\"http:\/\/turkaesthetic.com\/es\/contact-us\/\" data-type=\"URL\" data-id=\"http:\/\/turkaesthetic.com\/es\/contact-us\/\" target=\"_blank\" rel=\"noreferrer noopener\"><strong>contacto<\/strong><\/a> con nosotros a trav\u00e9s del enlace para solicitar informaci\u00f3n y precios sobre el tratamiento de <a href=\"https:\/\/www.youtube.com\/channel\/UC0zggzdm5CFwpRMmn_CPpFQ\" data-type=\"URL\" data-id=\"https:\/\/www.youtube.com\/channel\/UC0zggzdm5CFwpRMmn_CPpFQ\" target=\"_blank\" rel=\"noreferrer noopener\"><strong>Turk Aesthetic<\/strong><\/a> en Estambul Turqu\u00eda.<\/p>\n","protected":false},"excerpt":{"rendered":"<p>Los Inyecci\u00f3n de relleno est\u00e9ticas m\u00e1s importantes que se aplican hoy en d\u00eda. Debido a factores como el envejecimiento natural, la exposici\u00f3n solar y los efectos ambientales, las arrugas y l\u00edneas de expresi\u00f3n faciales pueden aparecer con el tiempo. Los rellenos se utilizan para abordar estos problemas. Son materiales que se inyectan bajo la piel [&hellip;]<\/p>\n","protected":false},"author":1,"featured_media":19838,"parent":0,"menu_order":0,"comment_status":"closed","ping_status":"closed","template":"","meta":{"footnotes":""},"dep":[1355],"class_list":["post-33798","page","type-page","status-publish","has-post-thumbnail","hentry","dep-medical-aesthetic"],"_links":{"self":[{"href":"https:\/\/www.turkaesthetic.com\/es\/wp-json\/wp\/v2\/pages\/33798","targetHints":{"allow":["GET"]}}],"collection":[{"href":"https:\/\/www.turkaesthetic.com\/es\/wp-json\/wp\/v2\/pages"}],"about":[{"href":"https:\/\/www.turkaesthetic.com\/es\/wp-json\/wp\/v2\/types\/page"}],"author":[{"embeddable":true,"href":"https:\/\/www.turkaesthetic.com\/es\/wp-json\/wp\/v2\/users\/1"}],"replies":[{"embeddable":true,"href":"https:\/\/www.turkaesthetic.com\/es\/wp-json\/wp\/v2\/comments?post=33798"}],"version-history":[{"count":0,"href":"https:\/\/www.turkaesthetic.com\/es\/wp-json\/wp\/v2\/pages\/33798\/revisions"}],"wp:featuredmedia":[{"embeddable":true,"href":"https:\/\/www.turkaesthetic.com\/es\/wp-json\/wp\/v2\/media\/19838"}],"wp:attachment":[{"href":"https:\/\/www.turkaesthetic.com\/es\/wp-json\/wp\/v2\/media?parent=33798"}],"wp:term":[{"taxonomy":"dep","embeddable":true,"href":"https:\/\/www.turkaesthetic.com\/es\/wp-json\/wp\/v2\/dep?post=33798"}],"curies":[{"name":"wp","href":"https:\/\/api.w.org\/{rel}","templated":true}]}}