{"id":33734,"date":"2022-01-21T13:21:57","date_gmt":"2022-01-21T10:21:57","guid":{"rendered":"http:\/\/turkaesthetic.com\/?page_id=33734"},"modified":"2024-04-24T00:44:38","modified_gmt":"2024-04-23T21:44:38","slug":"skincare","status":"publish","type":"page","link":"https:\/\/www.turkaesthetic.com\/es\/skincare\/","title":{"rendered":"Cuidado De La Piel"},"content":{"rendered":"\n<p><strong>El cuidado de la piel en Turqu\u00eda Estambul <\/strong>es un procedimiento simple que mejora y rejuvenece la piel. Todo el mundo tiene diferentes tipos de piel, algunos tipos de piel son secos y otros grasos. Durante la vida y como resultado de muchos factores como el cambio obvio y r\u00e1pido en el aspecto de nuestra piel, la piel pierde su frescura y aparecen factores irritantes como el acn\u00e9 y los puntos negros.<\/p>\n\n\n\n<p>Otros factores como el tabaquismo, el da\u00f1o a la piel, la exposici\u00f3n a la luz solar o las condiciones clim\u00e1ticas adversas tambi\u00e9n afectan la salud de la piel. El factor m\u00e1s importante a considerar en el cuidado de la piel es el tipo de piel. Los problemas de la piel se pueden eliminar y agregar vitalidad a la piel con una sesi\u00f3n<\/p>\n\n\n\n<figure class=\"wp-block-table\"><table><tbody><tr><td>Anestesia&nbsp;<\/td><td>No es necesario&nbsp;<\/td><\/tr><tr><td>Duraci\u00f3n del proceso<\/td><td>45 Minutos<\/td><\/tr><tr><td>Prop\u00f3sito de la sesi\u00f3n&nbsp;<\/td><td>Purifica la piel de puntos negros, acn\u00e9 y c\u00e9lulas muertas y dale a la piel un aspecto brillante y vibrante.<\/td><\/tr><tr><td>Resultados<\/td><td>Inmediata &#8211; Duraci\u00f3n de 30 a 45 d\u00edas<\/td><\/tr><tr><td>N\u00famero de sesi\u00f3n<\/td><td>Dependiendo de cada caso<\/td><\/tr><tr><td>Costo en est\u00e9tica turca<\/td><td>90 EUR<\/td><\/tr><\/tbody><\/table><figcaption class=\"wp-element-caption\"><strong>Cuidado de la piel en Turqu\u00eda<\/strong><\/figcaption><\/figure>\n\n\n\n<h2 class=\"wp-block-heading\">\u00bfC\u00f3mo se realiza la sesi\u00f3n de cuidado de la piel en Turqu\u00eda?<\/h2>\n\n\n\n<p>El cuidado de la piel en Turqu\u00eda es realizado por un cirujano pl\u00e1stico o cosmet\u00f3logo. La sesi\u00f3n comienza con la elecci\u00f3n de los materiales adecuados para su tipo y forma de piel. A continuaci\u00f3n, estos componentes se aplican con un suave ba\u00f1o de vapor y se enfrentan a losmaestres.<\/p>\n\n\n\n<p>T\u00e9cnicas como <a href=\"http:\/\/turkaesthetic.com\/es\/non-surgical-es\/dermapen-in-turkey\/\" data-type=\"URL\" data-id=\"http:\/\/turkaesthetic.com\/es\/non-surgical-es\/dermapen-in-turkey\/\" target=\"_blank\" rel=\"noreferrer noopener\"><strong>Dermapen<\/strong><\/a>, <a href=\"http:\/\/turkaesthetic.com\/es\/non-surgical-es\/dermabrasion-in-turkey\/\" data-type=\"URL\" data-id=\"http:\/\/turkaesthetic.com\/es\/non-surgical-es\/dermabrasion-in-turkey\/\" target=\"_blank\" rel=\"noreferrer noopener\"><strong>Dermabrasion<\/strong><\/a>,<a href=\"http:\/\/turkaesthetic.com\/es\/prp\/\" data-type=\"URL\" data-id=\"http:\/\/turkaesthetic.com\/es\/prp\/\" target=\"_blank\" rel=\"noreferrer noopener\"> <strong>PRP<\/strong><\/a> (Plasma de la piel), Hydrafacial y Peeling se pueden utilizar junto con el cuidado personal de la piel. Finalmente, se aplica un suave masaje facial con la ayuda de algunos aceites especiales que ayudan a la piel a relajarse.<\/p>\n\n\n\n<h2 class=\"wp-block-heading\">Video de la sesi\u00f3n de cuidado de la piel en Turqu\u00eda<\/h2>\n\n\n\n<p>Puedes ver el video que muestra c\u00f3mo hacer una sesi\u00f3n de cuidado de la piel en Estambul, Turqu\u00eda.<\/p>\n\n\n\n<figure class=\"wp-block-embed is-type-video is-provider-youtube wp-block-embed-youtube wp-embed-aspect-16-9 wp-has-aspect-ratio\"><div class=\"wp-block-embed__wrapper\">\n<iframe loading=\"lazy\" title=\"Skin Care in Turkey (45) Minutes - Turk Aesthetic\" width=\"800\" height=\"450\" src=\"https:\/\/www.youtube.com\/embed\/BkRAs41IWgw?feature=oembed\" frameborder=\"0\" allow=\"accelerometer; autoplay; clipboard-write; encrypted-media; gyroscope; picture-in-picture; web-share\" allowfullscreen><\/iframe>\n<\/div><figcaption class=\"wp-element-caption\"><strong>Cuidado de la piel en Turqu\u00eda<\/strong><\/figcaption><\/figure>\n\n\n\n<h3 class=\"wp-block-heading\">\u00bfQu\u00e9 m\u00e9dico hace la sesi\u00f3n de cuidado de la piel en Turqu\u00eda?<\/h3>\n\n\n\n<p>El cuidado de la piel en Turqu\u00eda es un proceso cosm\u00e9tico realizado por un m\u00e9dico cosm\u00e9tico con experiencia adecuada o esteticista capacitado en un centro de confianza, un entorno cl\u00ednico altamente est\u00e9ril y un m\u00e9dico altamente calificado son todas las cosas consideradas al elegir un centro m\u00e9dico. El alto costo a veces puede reflejar la alta eficiencia y confiabilidad del centro, por lo que es mejor no discutir o negociar el costo.<\/p>\n\n\n\n<h3 class=\"wp-block-heading\">T\u00e9cnicas de cuidado de la piel en Turqu\u00eda<\/h3>\n\n\n\n<p>Adem\u00e1s de los materiales utilizadosd en el cuidado de la piel, se pueden utilizar muchas t\u00e9cnicas diferentes. A continuaci\u00f3n hablaremos sobre las t\u00e9cnicas utilizadas en el cuidado de la piel en Turqu\u00eda:<\/p>\n\n\n\n<h4 class=\"wp-block-heading\">Dermapen<\/h4>\n\n\n\n<p>Es un procedimiento para estimular la superficie de la piel con una pluma especial a trav\u00e9s de agujas finas. Ayuda a eliminar formaciones como manchas de luz, arrugas y cicatrices de acn\u00e9. El procedimiento agrega vitalidad y frescura a la piel y ayuda a tensarla.<\/p>\n\n\n\n<p>La duraci\u00f3n del procedimiento toma un promedio de 20-30 minutos. Se puede aplicar una crema anest\u00e9sica local antes del procedimiento para reducir la sensibilidad de una picadura de aguja.<\/p>\n\n\n\n<figure class=\"wp-block-image size-full\"><img loading=\"lazy\" decoding=\"async\" width=\"1024\" height=\"724\" src=\"http:\/\/turkaesthetic.com\/wp-content\/uploads\/2022\/01\/skincare-Dermapen.webp\" alt=\"Cuidado de la piel en Turqu\u00eda\" class=\"wp-image-19833\" srcset=\"https:\/\/www.turkaesthetic.com\/wp-content\/uploads\/2022\/01\/skincare-Dermapen.webp 1024w, https:\/\/www.turkaesthetic.com\/wp-content\/uploads\/2022\/01\/skincare-Dermapen-300x212.webp 300w, https:\/\/www.turkaesthetic.com\/wp-content\/uploads\/2022\/01\/skincare-Dermapen-768x543.webp 768w\" sizes=\"auto, (max-width: 1024px) 100vw, 1024px\" \/><figcaption class=\"wp-element-caption\">Cuidado de la piel en Turqu\u00eda<\/figcaption><\/figure>\n\n\n\n<h4 class=\"wp-block-heading\">Dermabrasion&nbsp;<\/h4>\n\n\n\n<p>Es un procedimiento para pelar la superficie de la piel. Se puede aplicar con una sesi\u00f3n de cuidado de la piel para eliminar cicatrices, acn\u00e9, arrugas ligeras y hoyos en la piel. Nuevos tejidos y c\u00e9lulas reemplazan la piel exfoliada, lo que resulta en una piel nueva, brillante y libre de manchas. Dado que la superficie de la piel se est\u00e1 pelando, se puede usar una crema anest\u00e9sica local antes del procedimiento para que la persona no sienta ninguna molestia.<\/p>\n\n\n\n<p>Puede tomar de 7 a 10 d\u00edas para que la piel despu\u00e9s de una sesi\u00f3n de Derma Pregnancyse cure por completo. La duraci\u00f3n del procedimiento es de 30-40 minutos, y el n\u00famero de sesiones puede variar seg\u00fan el tipo de piel y la condici\u00f3n.<\/p>\n\n\n\n<h4 class=\"wp-block-heading\">Plasma (PRP)<\/h4>\n\n\n\n<p>Cuando se aplica plasma a la cara durante una sesi\u00f3n de cuidado de la piel, la sesi\u00f3n da grandes resultados porque el plasma regenera las c\u00e9lulas y estimula el col\u00e1geno. Es preferible repetir este procedimiento para lograr resultados m\u00e1s permanentes porque una sesi\u00f3n no es suficiente para obtener un resultado ideal.<\/p>\n\n\n\n<h4 class=\"wp-block-heading\">Hidrafacial<\/h4>\n\n\n\n<p>Una t\u00e9cnica que combina los muchos beneficios de los cristales y los peelings qu\u00edmicos al mismo tiempo. Es una alternativa no quir\u00fargica al tratamiento eficaz que no supera la media hora, sin el uso deantioxidantes, con resultados sorprendentes en rejuvenecer e hidratar la piel, sin complicaciones ni riesgos.<\/p>\n\n\n\n<p>Gracias a los cabezales de vac\u00edo, limpia los puntos negros y el acn\u00e9. Incluye varios m\u00e9todos, como la administraci\u00f3n de suero debajo de la piel, el estiramiento de la piel gracias a la luz LED roja, la exfoliaci\u00f3n de la piel muerta y el tono de la piel.<\/p>\n\n\n\n<figure class=\"wp-block-image size-full\"><img loading=\"lazy\" decoding=\"async\" width=\"1024\" height=\"768\" src=\"http:\/\/turkaesthetic.com\/wp-content\/uploads\/2022\/01\/during-skincare.webp\" alt=\"Cuidado de la piel en Turqu\u00eda\" class=\"wp-image-19828\" srcset=\"https:\/\/www.turkaesthetic.com\/wp-content\/uploads\/2022\/01\/during-skincare.webp 1024w, https:\/\/www.turkaesthetic.com\/wp-content\/uploads\/2022\/01\/during-skincare-300x225.webp 300w, https:\/\/www.turkaesthetic.com\/wp-content\/uploads\/2022\/01\/during-skincare-768x576.webp 768w\" sizes=\"auto, (max-width: 1024px) 100vw, 1024px\" \/><figcaption class=\"wp-element-caption\">Cuidado de la piel en Turqu\u00eda<\/figcaption><\/figure>\n\n\n\n<h4 class=\"wp-block-heading\">Peladura<\/h4>\n\n\n\n<p>La exfoliaci\u00f3n es una forma de purificar la piel de las c\u00e9lulas que han perdido su vitalidad. De esta manera, la piel recupera su antigua vitalidad y frescura. Existen diferentes tipos dep\u00e9tica, como el qu\u00edmico y el carbono. Las exfoliaciones qu\u00edmicas eliminan las c\u00e9lulas muertas que han perdido su vitalidad en la piel a trav\u00e9s de algunos productos qu\u00edmicos.<\/p>\n\n\n\n<p>En cuanto al peeling con carb\u00f3n, funciona para purificar la piel utilizando carb\u00f3n activado. Uno de los m\u00e9todos de <a href=\"http:\/\/turkaesthetic.com\/es\/non-surgical-es\/carbon-peeling\/\" data-type=\"URL\" data-id=\"http:\/\/turkaesthetic.com\/es\/non-surgical-es\/carbon-peeling\/\" target=\"_blank\" rel=\"noreferrer noopener\">peeling<\/a> se puede utilizar de acuerdocon el tipo de piel y la recomendaci\u00f3n del m\u00e9dico.<\/p>\n\n\n\n<figure class=\"wp-block-image size-full\"><img loading=\"lazy\" decoding=\"async\" width=\"1024\" height=\"683\" src=\"http:\/\/turkaesthetic.com\/wp-content\/uploads\/2022\/01\/carbon-facial-peeling.webp\" alt=\"Cuidado de la piel en Turqu\u00eda\" class=\"wp-image-19827\" srcset=\"https:\/\/www.turkaesthetic.com\/wp-content\/uploads\/2022\/01\/carbon-facial-peeling.webp 1024w, https:\/\/www.turkaesthetic.com\/wp-content\/uploads\/2022\/01\/carbon-facial-peeling-300x200.webp 300w, https:\/\/www.turkaesthetic.com\/wp-content\/uploads\/2022\/01\/carbon-facial-peeling-768x512.webp 768w\" sizes=\"auto, (max-width: 1024px) 100vw, 1024px\" \/><figcaption class=\"wp-element-caption\">Cuidado de la piel en Turqu\u00eda<\/figcaption><\/figure>\n\n\n\n<h4 class=\"wp-block-heading\">Mascarillas para el cuidado de la piel<\/h4>\n\n\n\n<p>Despu\u00e9s de seleccionar los productos para el cuidado de la piel adecuados para su tipo de piel, se aplica una de las t\u00e9cnicas anteriores cuando sea necesario. Despu\u00e9s de completar todos los procedimientos, se utilizan m\u00e1scaras para mantenerel equilibrio y la humedad de la piel y darle un brillo a la piel.<\/p>\n\n\n\n<figure class=\"wp-block-image size-full\"><img loading=\"lazy\" decoding=\"async\" width=\"1024\" height=\"681\" src=\"http:\/\/turkaesthetic.com\/wp-content\/uploads\/2022\/01\/skincare-mask-.webp\" alt=\"Cuidado de la piel en Turqu\u00eda\" class=\"wp-image-19835\" srcset=\"https:\/\/www.turkaesthetic.com\/wp-content\/uploads\/2022\/01\/skincare-mask-.webp 1024w, https:\/\/www.turkaesthetic.com\/wp-content\/uploads\/2022\/01\/skincare-mask--300x200.webp 300w, https:\/\/www.turkaesthetic.com\/wp-content\/uploads\/2022\/01\/skincare-mask--768x511.webp 768w\" sizes=\"auto, (max-width: 1024px) 100vw, 1024px\" \/><figcaption class=\"wp-element-caption\">Cuidado de la piel en Turqu\u00eda<\/figcaption><\/figure>\n\n\n\n<h2 class=\"wp-block-heading\">Pasos de la sesi\u00f3n de cuidado de la piel en Turqu\u00eda<\/h2>\n\n\n<div id=\"rank-math-howto\" class=\"rank-math-block\" >\n<div class=\"rank-math-howto-description\">\n\n<p>Una sesi\u00f3n de cuidado de la piel en Estambul, Turqu\u00eda, pasa por tres etapas:<\/p>\n\n<\/div>\n<p class=\"rank-math-howto-duration\"><strong>Tiempo total:<\/strong> <span>45 minutos<\/span><\/p>\n<div class=\"rank-math-steps \">\n<div id=\"howto-step-1676371466430\" class=\"rank-math-step\">\n<h3 class=\"rank-math-step-title \">Antes de la sesi\u00f3n<\/h3>\n<div class=\"rank-math-step-content \"><p>Antes de la sesi\u00f3n de cuidado de la piel, el prop\u00f3sito del procedimiento sediscute en funci\u00f3n del tipo de piel, los problemas de la piel, el n\u00famero de sesiones que se realizar\u00e1n y el intervalo de tiempo entre cada sesi\u00f3n. Es preferible realizar una sesi\u00f3n de cuidado de la piel con plasma, dermapen o peeling seg\u00fan cada caso. Se puede usar una crema anest\u00e9sica local antes del procedimiento si se realiza adoptando una de las t\u00e9cnicas que acompa\u00f1an la sesi\u00f3n de cuidado de la piel.<\/p>\n<\/div>\n<\/div>\n<div id=\"howto-step-1676371483355\" class=\"rank-math-step\">\n<h3 class=\"rank-math-step-title \">Durante la sesi\u00f3n<\/h3>\n<div class=\"rank-math-step-content \"><p>La sesi\u00f3n comienza con la eliminaci\u00f3n del maquillaje y la crema en la piel, y las manchas negras, acn\u00e9, cicatrices y hoyos, si los hay, seeliminan utilizando las t\u00e9cnicas que mencionamos con el cuidado de la piel. Por \u00faltimo, se utilizan las mascarillas adecuadas para el tipo de piel. Finalmente, la cara se masajea con aceites especiales.<\/p>\n<\/div>\n<\/div>\n<div id=\"howto-step-1676371489481\" class=\"rank-math-step\">\n<h3 class=\"rank-math-step-title \">Despu\u00e9s de la sesi\u00f3n<\/h3>\n<div class=\"rank-math-step-content \"><p>Una persona puede volver a su vida normal inmediatamente con el uso de cremas recomendadaspor el especialista y siguiendo las instrucciones de cuidado para obtener resultados m\u00e1s efectivos y duraderos. Si se utilizan t\u00e9cnicas como Dermapen o plasma cut\u00e1neo, se debe usar un protector solar.<\/p>\n<\/div>\n<\/div>\n<\/div>\n<\/div>\n<p class=\"rank-math-howto-estimatedCost\"><strong>Coste estimado:<\/strong> <span>90 EUR<\/span><\/p>\n\n\n\n\n\n<h3 class=\"wp-block-heading\">Antes y despu\u00e9s de la sesi\u00f3n de cuidado de la piel en Turqu\u00eda<\/h3>\n\n\n\n<p>A continuaci\u00f3n, puede ver las fotos de antes y despu\u00e9s de nuestros pacientes que se han sometido a cuidados de la piel.<\/p>\n\n\n\n<figure class=\"wp-block-gallery has-nested-images columns-default is-cropped wp-block-gallery-1 is-layout-flex wp-block-gallery-is-layout-flex\">\n<figure class=\"wp-block-image size-large\"><img loading=\"lazy\" decoding=\"async\" width=\"1200\" height=\"800\" data-id=\"46535\" src=\"http:\/\/turkaesthetic.com\/wp-content\/uploads\/2023\/11\/before-after-skin-care-1.jpg\" alt=\"Antes y despu\u00e9s del cuidado de la piel en Turqu\u00eda\" class=\"wp-image-46535\"\/><figcaption class=\"wp-element-caption\">Antes y despu\u00e9s del cuidado de la piel en Turqu\u00eda<\/figcaption><\/figure>\n\n\n\n<figure class=\"wp-block-image size-large\"><img loading=\"lazy\" decoding=\"async\" width=\"1200\" height=\"800\" data-id=\"46544\" src=\"http:\/\/turkaesthetic.com\/wp-content\/uploads\/2023\/11\/before-after-skin-care-2.jpg\" alt=\"Antes y despu\u00e9s del cuidado de la piel en T\u00fcrkiye\" class=\"wp-image-46544\"\/><figcaption class=\"wp-element-caption\">Antes y despu\u00e9s del cuidado de la piel en T\u00fcrkiye<\/figcaption><\/figure>\n\n\n\n<figure class=\"wp-block-image size-large\"><img loading=\"lazy\" decoding=\"async\" width=\"1200\" height=\"800\" data-id=\"46553\" src=\"http:\/\/turkaesthetic.com\/wp-content\/uploads\/2023\/11\/before-after-skin-care-3.jpg\" alt=\"Antes y despu\u00e9s del cuidado de la piel en T\u00fcrkiye\" class=\"wp-image-46553\"\/><figcaption class=\"wp-element-caption\">Antes y despu\u00e9s del cuidado de la piel en T\u00fcrkiye<\/figcaption><\/figure>\n\n\n\n<figure class=\"wp-block-image size-large\"><img loading=\"lazy\" decoding=\"async\" width=\"1200\" height=\"800\" data-id=\"46562\" src=\"http:\/\/turkaesthetic.com\/wp-content\/uploads\/2023\/11\/before-after-skin-care-4.jpg\" alt=\"Antes y despu\u00e9s del cuidado de la piel en T\u00fcrkiye\" class=\"wp-image-46562\"\/><figcaption class=\"wp-element-caption\">Antes y despu\u00e9s del cuidado de la piel en T\u00fcrkiye<\/figcaption><\/figure>\n<\/figure>\n\n\n\n<h3 class=\"wp-block-heading\">Instrucciones despu\u00e9s del cuidado de la piel en Turqu\u00eda<\/h3>\n\n\n\n<ul class=\"wp-block-list\">\n<li>Cumplir con las instrucciones del m\u00e9dico<\/li>\n\n\n\n<li>Si se aplica plasma, dermafeno o dermoabrasi\u00f3n, el \u00e1rea no debe lavarse hasta el d\u00eda siguiente.<\/li>\n\n\n\n<li>Noutilizar ning\u00fan producto qu\u00edmico en los primeros d\u00edas.<\/li>\n\n\n\n<li>Consulte a su m\u00e9dico si desea realizar alg\u00fan procedimiento adicional, como rellenos o botox.<\/li>\n\n\n\n<li>Si se aplica plasma, dermafeno o dermoabrasi\u00f3n, no se debe usar protector solar.<\/li>\n<\/ul>\n\n\n\n<h3 class=\"wp-block-heading\">Pros y contras de la sesi\u00f3n de cuidado de la piel en Turqu\u00eda<\/h3>\n\n\n\n<h4 class=\"wp-block-heading\">Ventajas<\/h4>\n\n\n\n<p>Una vez que termine la sesi\u00f3n de cuidado y limpieza de la piel, una persona notar\u00e1 una mejora significativa en el tono, la textura y la luminosidad de la piel. Le permite tener una cara viva y limpia libre de manchas negras, acn\u00e9 y c\u00e9lulas muertas.<\/p>\n\n\n\n<h4 class=\"wp-block-heading\">Desventajas<\/h4>\n\n\n\n<p>Puede requerir una nueva sesi\u00f3n con el tiempo debido a factores personales y ambientales. El cuidado de la piel que es realizado por no expertos en condiciones no est\u00e9riles y no utiliza un buen equipo puede tener efectos negativos en los resultados.<\/p>\n\n\n\n<h4 class=\"wp-block-heading\">Efectos secundarios de la sesi\u00f3n<\/h4>\n\n\n\n<p>En casos muy raros, puede haber una alergia a las sustancias utilizadas en m\u00e1scaras herbales y otros aceites org\u00e1nicos. Si hay t\u00e9cnicas utilizadas con la sesi\u00f3n de, como plasma de la piel o descamaci\u00f3n, puede haber un ligero enrojecimiento despu\u00e9s de la sesi\u00f3n.<\/p>\n\n\n\n<h3 class=\"wp-block-heading\">Cuidado de la piel en Turqu\u00eda Estambul<\/h3>\n\n\n\n<p>Turqu\u00eda en general, y Estambul en particular, es el destino de muchos turistas que visitan Turqu\u00eda para recibir tratamiento y turismo al mismo tiempo, debido a sus muchas ventajas, como la abundancia de opciones, la experiencia de los m\u00e9dicos y la calidad de la atenci\u00f3n m\u00e9dica. El cuidado&nbsp; de la piel en Turqu\u00eda es una de las opciones cosm\u00e9ticas m\u00e1s importantes disponibles, y su coste oscila entre los 90-120 euros, dependiendo de cada centro y detalles de la sesi\u00f3n.<\/p>\n\n\n\n<h3 class=\"wp-block-heading\">Costo de la sesi\u00f3n de cuidado de la piel en Turqu\u00eda Estambul<\/h3>\n\n\n\n<p>El costo del var\u00eda de un lugar a otro seg\u00fan algunas cosas:<\/p>\n\n\n\n<ul class=\"wp-block-list\">\n<li>La reputaci\u00f3n del centro m\u00e9dico u hospital.<\/li>\n\n\n\n<li>Experiencia del m\u00e9dico.<\/li>\n\n\n\n<li>Detalles del procedimiento.<\/li>\n\n\n\n<li>El centro ofrece servicios adicionales, ya que algunos centros ofrecen paquetes que incluyen tratamiento, alojamiento y transporte.<\/li>\n<\/ul>\n\n\n\n<p>Turk Aesthetic Istanbul &#8211; El costo de una sesi\u00f3n de cuidado de la piel es de 90 euros<\/p>\n\n\n\n<p>Puede ponerse en contacto con el equipo de est\u00e9tica turca en la p\u00e1gina de contacto para solicitar una tarifa de paquete que incluya alojamiento y transporte.<\/p>\n\n\n\n<h2 class=\"wp-block-heading\">Preguntas Frecuentes &#8211; Cuidado de la piel en Turqu\u00edal Estambul<\/h2>\n\n\n<div id=\"rank-math-faq\" class=\"rank-math-block\">\n<div class=\"rank-math-list \">\n<div id=\"faq-question-1676371566246\" class=\"rank-math-list-item\">\n<h3 class=\"rank-math-question \">\u00bfCu\u00e1l es la edad apropiada parael cuidado de la piel?<\/h3>\n<div class=\"rank-math-answer \">\n\n<p>Cualquier persona mayor de 20 a\u00f1os<\/p>\n\n<\/div>\n<\/div>\n<div id=\"faq-question-1676371571981\" class=\"rank-math-list-item\">\n<h3 class=\"rank-math-question \">\u00bfCu\u00e1nto tiempo dura una sesi\u00f3n de ?<\/h3>\n<div class=\"rank-math-answer \">\n\n<p>Se tarda unos 45-60 minutos, dependiendo de la t\u00e9cnica a utilizar.<\/p>\n\n<\/div>\n<\/div>\n<div id=\"faq-question-1676371578082\" class=\"rank-math-list-item\">\n<h3 class=\"rank-math-question \">\u00bfHabr\u00e1 dolor durante la sesi\u00f3n de?<\/h3>\n<div class=\"rank-math-answer \">\n\n<p>No hay dolor durante el cuidado de la piel en Turqu\u00eda.<\/p>\n\n<\/div>\n<\/div>\n<div id=\"faq-question-1676371583217\" class=\"rank-math-list-item\">\n<h3 class=\"rank-math-question \">\u00bfCu\u00e1les son los beneficios del cuidado de la piel en Turqu\u00eda?<\/h3>\n<div class=\"rank-math-answer \">\n\n<p>El objetivo principal del cuidado de la piel es purificar la piel de puntos negros, acn\u00e9 y c\u00e9lulas muertas y darle a la piel un aspecto brillante y vibrante.<\/p>\n\n<\/div>\n<\/div>\n<div id=\"faq-question-1676371598957\" class=\"rank-math-list-item\">\n<h3 class=\"rank-math-question \">\u00bfCu\u00e1l es el costo de una sesi\u00f3n de cuidado de la piel en Turqu\u00eda?<\/h3>\n<div class=\"rank-math-answer \">\n\n<p>El precio de una sesi\u00f3n de cuidado de la piel en Turqu\u00eda con T\u00fcrk Aesthetic es de 90 \u20ac.<\/p>\n\n<\/div>\n<\/div>\n<div id=\"faq-question-1676371605343\" class=\"rank-math-list-item\">\n<h3 class=\"rank-math-question \">\u00bfQu\u00e9 t\u00e9cnicas se pueden utilizar para el cuidado de la piel?<\/h3>\n<div class=\"rank-math-answer \">\n\n<p>T\u00e9cnicas como plasma, dermapen, dermoabrasi\u00f3n, hidrafacial o peeling se pueden utilizar con la sesi\u00f3n.<\/p>\n\n<\/div>\n<\/div>\n<\/div>\n<\/div>\n\n\n<p><strong>Y finalmente, puede ponerse en\u00a0<a href=\"http:\/\/turkaesthetic.com\/es\/contact-us\/\" target=\"_blank\" rel=\"noreferrer noopener\">contacto\u00a0<\/a>directamente con el equipo de soporte t\u00e9cnico para solicitar informaci\u00f3n y precios de\u00a0<a href=\"https:\/\/www.youtube.com\/channel\/UC0zggzdm5CFwpRMmn_CPpFQ\" target=\"_blank\" rel=\"noreferrer noopener\">Turk Aesthetic<\/a>\u00a0de Turqu\u00eda Estambul.<\/strong><a href=\"http:\/\/turkaesthetic.com\/es\/beard-transplant\/\"><\/a><\/p>\n","protected":false},"excerpt":{"rendered":"<p>El cuidado de la piel en Turqu\u00eda Estambul es un procedimiento simple que mejora y rejuvenece la piel. Todo el mundo tiene diferentes tipos de piel, algunos tipos de piel son secos y otros grasos. Durante la vida y como resultado de muchos factores como el cambio obvio y r\u00e1pido en el aspecto de nuestra [&hellip;]<\/p>\n","protected":false},"author":1,"featured_media":19834,"parent":0,"menu_order":0,"comment_status":"closed","ping_status":"closed","template":"","meta":{"footnotes":""},"dep":[1355],"class_list":["post-33734","page","type-page","status-publish","has-post-thumbnail","hentry","dep-medical-aesthetic"],"_links":{"self":[{"href":"https:\/\/www.turkaesthetic.com\/es\/wp-json\/wp\/v2\/pages\/33734","targetHints":{"allow":["GET"]}}],"collection":[{"href":"https:\/\/www.turkaesthetic.com\/es\/wp-json\/wp\/v2\/pages"}],"about":[{"href":"https:\/\/www.turkaesthetic.com\/es\/wp-json\/wp\/v2\/types\/page"}],"author":[{"embeddable":true,"href":"https:\/\/www.turkaesthetic.com\/es\/wp-json\/wp\/v2\/users\/1"}],"replies":[{"embeddable":true,"href":"https:\/\/www.turkaesthetic.com\/es\/wp-json\/wp\/v2\/comments?post=33734"}],"version-history":[{"count":0,"href":"https:\/\/www.turkaesthetic.com\/es\/wp-json\/wp\/v2\/pages\/33734\/revisions"}],"wp:featuredmedia":[{"embeddable":true,"href":"https:\/\/www.turkaesthetic.com\/es\/wp-json\/wp\/v2\/media\/19834"}],"wp:attachment":[{"href":"https:\/\/www.turkaesthetic.com\/es\/wp-json\/wp\/v2\/media?parent=33734"}],"wp:term":[{"taxonomy":"dep","embeddable":true,"href":"https:\/\/www.turkaesthetic.com\/es\/wp-json\/wp\/v2\/dep?post=33734"}],"curies":[{"name":"wp","href":"https:\/\/api.w.org\/{rel}","templated":true}]}}