{"id":33630,"date":"2022-01-27T13:25:46","date_gmt":"2022-01-27T10:25:46","guid":{"rendered":"http:\/\/turkaesthetic.com\/?page_id=33630"},"modified":"2026-04-20T15:36:12","modified_gmt":"2026-04-20T12:36:12","slug":"gastric-sleeve","status":"publish","type":"page","link":"https:\/\/www.turkaesthetic.com\/es\/gastric-sleeve\/","title":{"rendered":"Manga G\u00e1strica en Turqu\u00eda"},"content":{"rendered":"\n<p>La manga g\u00e1strica en Turqu\u00eda es un procedimiento en el que se corta una parte del est\u00f3mago para reducir su tama\u00f1o. Como resultado, no se permite comer la misma cantidad de alimentos que el paciente sol\u00eda comer antes de la <a href=\"http:\/\/turkaesthetic.com\/es\/plastic-surgeries\/\" target=\"_blank\" data-type=\"URL\" data-id=\"http:\/\/turkaesthetic.com\/es\/plastic-surgeries\/\" rel=\"noreferrer noopener\">operaci\u00f3n<\/a> porque el tama\u00f1o del est\u00f3magose ha vuelto peque\u00f1o y no se adapta a la gran cantidad de alimentos que sol\u00eda comer antes, donde se siente lleno al comer solo una peque\u00f1a cantidad de alimentos,&nbsp; Por lo tanto, el paciente pierde gradualmente una gran parte de su peso despu\u00e9s del procedimiento. <\/p>\n\n\n\n<p>Vale la pena se\u00f1alar que elprocedimiento de manga <a href=\"http:\/\/turkaesthetic.com\/es\/obesity-treatment\/\" target=\"_blank\" data-type=\"URL\" data-id=\"http:\/\/turkaesthetic.com\/es\/obesity-treatment\/\" rel=\"noreferrer noopener\">gast\u00e9rica<\/a> es una soluci\u00f3n radical y permanente para la obesidad, y lo que se cort\u00f3 del est\u00f3mago no se puede devolver. Aqu\u00ed hay informaci\u00f3n r\u00e1pida sobre la <a href=\"https:\/\/es.wikipedia.org\/wiki\/Cirug%C3%ADa_bari%C3%A1trica\" target=\"_blank\" data-type=\"URL\" data-id=\"https:\/\/es.wikipedia.org\/wiki\/Cirug%C3%ADa_bari%C3%A1trica\" rel=\"noreferrer noopener\">manga g\u00e1strica<\/a>:<\/p>\n\n\n\n<figure class=\"wp-block-table\"><table><tbody><tr><td>Anestesia&nbsp;<\/td><td>General<\/td><\/tr><tr><td>Duraci\u00f3n del proceso<\/td><td>3 horas<\/td><\/tr><tr><td>Prop\u00f3sito del proceso<\/td><td>Adelgazar&nbsp;<\/td><\/tr><tr><td>Results<\/td><td>Ayuno gradual &#8211; Dura toda la vida<\/td><\/tr><tr><td>Convalecencia<\/td><td>2 semanas<\/td><\/tr><tr><td>Costo en est\u00e9tica turca<\/td><td>4500 &#8211; 5500 EUR<\/td><\/tr><\/tbody><\/table><\/figure>\n\n\n\n<h2 class=\"wp-block-heading\">\u00bfC\u00f3mo se realiza la operaci\u00f3n de manga g\u00e1strica en Turqu\u00eda?<\/h2>\n\n\n\n<p>La gastrectom\u00eda en manga para bajar de peso es un procedimiento que reduce la funci\u00f3n del est\u00f3mago y dura aproximadamente dos o tres horas bajo anestesia de cuerpo completo. Se puede hacer a trav\u00e9s de cirug\u00eda tradicional o mediante endoscopia, que es la mejor opci\u00f3n. Despu\u00e9s de perder parte del est\u00f3mago, lacapacidad del est\u00f3mago se ha reducido a la mitad o un cuarto, lo que significa que el paciente no puede comer la misma cantidad de alimentos despu\u00e9s del procedimiento de manga estomacal<\/p>\n\n\n\n<p>Adem\u00e1s, cortar parte del est\u00f3mago conduce a una disminuci\u00f3n en la cantidad de&nbsp; la hormona del hambre secretada por el est\u00f3mago, lo que significa que la persona no se siente llena al comer solo una peque\u00f1a cantidad de alimentos, pero tampoco siente hambre frecuente como resultado de la disminuci\u00f3n en la secreci\u00f3n de esta hormona.<\/p>\n\n\n\n<h2 class=\"wp-block-heading\">Video de manga g\u00e1strica en Turqu\u00eda&nbsp;<\/h2>\n\n\n\n<p>Un video que muestra el m\u00e9todo de cirug\u00eda de manga g\u00e1strica en Estambul, Turqu\u00eda.<\/p>\n\n\n\n<h2 class=\"wp-block-heading\">\u00bfQui\u00e9n se puede hacer una manga g\u00e1strica en Turqu\u00eda?<\/h2>\n\n\n\n<ul class=\"wp-block-list\">\n<li>Personas que quieren perder peso de 20 a 60 kilos.<\/li>\n\n\n\n<li>Aquellos que no pueden perder peso con los m\u00e9todos tradicionales.<\/li>\n\n\n\n<li>Para todos aquellos que sufren de dolor espinal y dolor \u00f3seo debido al exceso de peso<\/li>\n\n\n\n<li>Las personas que sufren de algunos problemas asociados con la obesidad, como dificultad para respirar y diabetes tipo 2, la opci\u00f3n de una manga estomacal es muy adecuada para ellos.<\/li>\n\n\n\n<li>Aquellos que sufren de \u00falceras estomacales, su condici\u00f3n puede ser adecuada para la manga del est\u00f3mago y deshacerse de la parte del est\u00f3mago que causa \u00falceras.<\/li>\n<\/ul>\n\n\n\n<h2 class=\"wp-block-heading\">\u00bfQui\u00e9n no se puede hacer una manga g\u00e1strica?<\/h2>\n\n\n\n<ul class=\"wp-block-list\">\n<li>Para menores de 18 a\u00f1os (se puede hacer, pero no se prefiere)<\/li>\n\n\n\n<li>Pacientes con enfermedad cr\u00f3nica avanzada o contagiosa.<\/li>\n\n\n\n<li>Las personas que sufren de obesidad simple no necesitan una soluci\u00f3n radical como la manga g\u00e1strica.<\/li>\n\n\n\n<li>La manga g\u00e1strica no puede considerarse una soluci\u00f3n para aquellos que sufren de exceso de grasa en el cuerpo, la manga no elimina la grasa, sino que solo ayuda a perder peso.<\/li>\n<\/ul>\n\n\n\n<h2 class=\"wp-block-heading\">\u00bfQu\u00e9 m\u00e9dico realiza la operaci\u00f3n de manga g\u00e1strica?<\/h2>\n\n\n\n<p>La manga g\u00e1strica es un procedimiento quir\u00fargico realizado por m\u00e9dicos experimentados en obesidad y el departamento de cirug\u00eda general. Ning\u00fan m\u00e9dico de ninguna otra especialidad puede realizareste tipo de cirug\u00eda. El centro debe ser confiable con un entorno cl\u00ednico altamente est\u00e9ril, y un m\u00e9dico altamente calificado es todo lo que debe considerar al elegir un hospital o centro m\u00e9dico.<\/p>\n\n\n\n<h2 class=\"wp-block-heading\">Tipos de anestesia utilizados en la cirug\u00eda de manga g\u00e1strica<\/h2>\n\n\n\n<p>La gastrectom\u00eda en manga se puede realizar bajo anestesia general del cuerpo. El paciente debe dejar de comer y beber 6 horas antes de la operaci\u00f3n para evitar sentirse inc\u00f3modo en el est\u00f3mago despu\u00e9s de despertarse de la operaci\u00f3n. El paciente permanece en el hospital f o una o dos noches en el caso de anestesia general.<\/p>\n\n\n\n<h2 class=\"wp-block-heading\">Pasos del procedimiento de manga g\u00e1strica en Turqu\u00eda<\/h2>\n\n\n<div id=\"rank-math-howto\" class=\"rank-math-block\" >\n<div class=\"rank-math-howto-description\">\n\n<p>El procedimiento de manga g\u00e1strica pasa por tres etapas, como en otras cirug\u00edas:<\/p>\n\n<\/div>\n<p class=\"rank-math-howto-duration\"><strong>Tiempo total:<\/strong> <span>3 horas<\/span><\/p>\n<div class=\"rank-math-steps \">\n<div id=\"howto-step-1676028080430\" class=\"rank-math-step\">\n<h3 class=\"rank-math-step-title \">Antes de la operaci\u00f3n<\/h3>\n<div class=\"rank-math-step-content \"><img loading=\"lazy\" decoding=\"async\" width=\"1024\" height=\"682\" src=\"https:\/\/www.turkaesthetic.com\/wp-content\/uploads\/2022\/01\/befor-Gastric-Balloon.webp\" class=\"attachment-full size-full\" alt=\"bal\u00f3n g\u00e1strico en Turqu\u00eda\" srcset=\"https:\/\/www.turkaesthetic.com\/wp-content\/uploads\/2022\/01\/befor-Gastric-Balloon.webp 1024w, https:\/\/www.turkaesthetic.com\/wp-content\/uploads\/2022\/01\/befor-Gastric-Balloon-300x200.webp 300w, https:\/\/www.turkaesthetic.com\/wp-content\/uploads\/2022\/01\/befor-Gastric-Balloon-768x512.webp 768w\" sizes=\"auto, (max-width: 1024px) 100vw, 1024px\" \/><p>Despu\u00e9s de decidir sobre el procedimiento, el paciente debe adherirse a algunos h\u00e1bitos nuevos antes del procedimiento. Los m\u00e1s importantes de estos h\u00e1bitos son:<br \/>Reduzca gradualmente los alimentos para que el cuerpo reemplace su parte de lo que se perder\u00e1.<br \/>Movimiento y ejercicio.<br \/>El m\u00e9dico deber\u00e1 ser informado de los medicamentos que est\u00e9 utilizando o, en su caso, de cualquier problema de salud.<br \/>Debe informar al m\u00e9dico si es al\u00e9rgico a alg\u00fan medicamento o sustancia en particular.<br \/>Si usted sufre de problemas estomacales o enfermedades relacionadas con el es\u00f3fago, definitivamente debe notificar a su m\u00e9dico.<br \/>Para evitar cualquier complicaci\u00f3n no deseada, debe dejar de tomar anticoagulantes una semana antes del procedimiento.<br \/>Deje de fumar y beber alcohol una semana antes del procedimiento.<br \/>El m\u00e9dico realiza una sigmoidoscopia para verificar la salud del est\u00f3mago antes del procedimiento.<\/p>\n<\/div>\n<\/div>\n<div id=\"howto-step-1676028124428\" class=\"rank-math-step\">\n<h3 class=\"rank-math-step-title \">Durante la operaci\u00f3n<\/h3>\n<div class=\"rank-math-step-content \"><p>Vale la pena se\u00f1alar que la operaci\u00f3n de manga g\u00e1strica puede ser mediante cirug\u00eda o endoscopia, y en ambos casos, el cuerpo recibe anestesia general.<br \/>El procedimiento quir\u00fargico es el com\u00fan, pero no se prefiere porque deja cicatrices quir\u00fargicas que necesitan otra cirug\u00eda pl\u00e1stica.<br \/>En cuanto al procedimiento laparosc\u00f3pico, se realiza a trav\u00e9s de peque\u00f1as incisiones para insertar el endoscopio a trav\u00e9s de \u00e9l y completar el procedimiento sin necesidad de cirug\u00eda y otras complicaciones. Solo el m\u00e9dico decide finalmente c\u00f3mo se llevar\u00e1 a cabo el procedimiento de acuerdo con el caso de cada paciente individual. El corte generalmente se realiza longitudinalmente desde la regi\u00f3n pil\u00f3rica y termina en la parte inferior.<\/p>\n<\/div>\n<\/div>\n<div id=\"howto-step-1676028141158\" class=\"rank-math-step\">\n<h3 class=\"rank-math-step-title \">Despu\u00e9s de la operaci\u00f3n<\/h3>\n<div class=\"rank-math-step-content \"><img loading=\"lazy\" decoding=\"async\" width=\"1024\" height=\"682\" src=\"https:\/\/www.turkaesthetic.com\/wp-content\/uploads\/2022\/01\/after-Gastric-Balloon.webp\" class=\"attachment-full size-full\" alt=\"Manga G\u00e1strica en Turqu\u00eda\" srcset=\"https:\/\/www.turkaesthetic.com\/wp-content\/uploads\/2022\/01\/after-Gastric-Balloon.webp 1024w, https:\/\/www.turkaesthetic.com\/wp-content\/uploads\/2022\/01\/after-Gastric-Balloon-300x200.webp 300w, https:\/\/www.turkaesthetic.com\/wp-content\/uploads\/2022\/01\/after-Gastric-Balloon-768x512.webp 768w\" sizes=\"auto, (max-width: 1024px) 100vw, 1024px\" \/><p>Despu\u00e9s de la operaci\u00f3n, el paciente permanece en el hospital durante dos d\u00edas, durante los cuales comienza una etapa de la vida con una nueva rutina y h\u00e1bitos que comienzan con algunos dolores que pueden durar una semana y pueden ser eliminados por analg\u00e9sicos.<br \/>El movimiento y el esfuerzo deben serevitados porque esto prolonga el per\u00edodo de recuperaci\u00f3n, especialmente si el procedimiento es quir\u00fargico y no a trav\u00e9s de endoscopio; El paciente puede sentir algo de dolor despu\u00e9s de comer, pero debe ser paciente por un tiempo para acostumbrarse a la nueva dieta. La cantidad de alimentos debe ser reducida, especialmente durante el primer mes. Durante la primera semana, debe atenerse a alimentos ligeros, sopa y verduras solamente.<\/p>\n<\/div>\n<\/div>\n<\/div>\n<\/div>\n\n\n\n\n\n\n<h2 class=\"wp-block-heading\">Instrucciones de cuidado posterior de la manga g\u00e1strica&nbsp;<\/h2>\n\n\n\n<ul class=\"wp-block-list\">\n<li>Comience a comer y beber 4-6 horas despu\u00e9s de la operaci\u00f3n.<\/li>\n\n\n\n<li>Evite los alimentos s\u00f3lidos en el primer mes.<\/li>\n\n\n\n<li>Debe seguir el programa de dieta proporcionado por el m\u00e9dico despu\u00e9s del bypass g\u00e1strico.<\/li>\n\n\n\n<li>Evite comer alimentos grasos y carbohidratos y bebidas \u00e1cidas.<\/li>\n\n\n\n<li>Mant\u00e9ngase alejado decigarrillos, narguile y alcohol.<\/li>\n\n\n\n<li>Cumplimiento total de todas las instrucciones dadas por el m\u00e9dico.<\/li>\n<\/ul>\n\n\n\n<h3 class=\"wp-block-heading\">Ventajas y desventajas de la manga g\u00e1strica.<\/h3>\n\n\n\n<h4 class=\"wp-block-heading\">Ventajas<\/h4>\n\n\n\n<ul class=\"wp-block-list\">\n<li>El procedimiento de manga g\u00e1strica es una soluci\u00f3n radical para deshacerse del exceso de peso, que todas las soluciones tradicionales ylos intentos de deshacerse han fallado.<\/li>\n\n\n\n<li>Con la manga g\u00e1strica, el paciente se deshar\u00e1 de los problemas asociados con el exceso de peso, los m\u00e1s importantes de los cuales son dolor \u00f3seo y de columna vertebral, dificultad para respirar y fatiga por cualquier simple movimiento.<\/li>\n\n\n\n<li>El pacienteobtendr\u00e1 una forma gradual r\u00e1pida a un cuerpo delgado y saludable.<\/li>\n\n\n\n<li>Deshazte de la pereza y la falta de movimiento.<\/li>\n\n\n\n<li>Confianza en s\u00ed mismo y usar la ropa que so\u00f1aba antes de perder peso.<\/li>\n<\/ul>\n\n\n\n<h4 class=\"wp-block-heading\">Defectos<\/h4>\n\n\n\n<ul class=\"wp-block-list\">\n<li>Despu\u00e9s del procedimiento, puede ir acompa\u00f1ado de una sensaci\u00f3n de depresi\u00f3npara adoptar un nuevo estilo de vida y rutina, pero r\u00e1pidamente se acostumbra. No es posible revertir el procedimiento de bypass g\u00e1strico con el paso del tiempo en caso de arrepentimiento.<\/li>\n\n\n\n<li>Efectos secundarios despu\u00e9s de la cirug\u00eda de bypass g\u00e1strico<\/li>\n\n\n\n<li>Malestar en el est\u00f3mago, n\u00e1useas y v\u00f3mitos despu\u00e9s de comer, especialmente en el primer per\u00edodo.<\/li>\n\n\n\n<li>La depresi\u00f3n postoperatoria es una ocurrencia com\u00fan con este tipo de operaci\u00f3n.<\/li>\n<\/ul>\n\n\n\n<h2 class=\"wp-block-heading\">Manga g\u00e1strica (gastrectom\u00eda) en Turqu\u00eda &#8211; Estambul<\/h2>\n\n\n\n<p>Turqu\u00eda en general, y Estambul en particular, es el destino detodos los turistas que visitan Turqu\u00eda para recibir tratamiento y turismo al mismo tiempo debido a sus muchas ventajas, como las muchas opciones, la experiencia de los m\u00e9dicos y la calidad de la atenci\u00f3n m\u00e9dica. La gastrectom\u00eda en manga es una de las opciones m\u00e1s importantes disponibles para la p\u00e9rdida de peso en Turqu\u00eda, y su precio oscila entre 4500 &#8211; 5500 EUR , seg\u00fan cada centro y los detalles de la operaci\u00f3n.<\/p>\n\n\n\n<h2 class=\"wp-block-heading\">Costo de la cirug\u00eda de manga g\u00e1strica en Turqu\u00eda &#8211; Estambul<\/h2>\n\n\n\n<p>El costo de la manga g\u00e1strica en Turqu\u00eda var\u00eda de un lugar a otro seg\u00fanvarias cosas:<\/p>\n\n\n\n<ul class=\"wp-block-list\">\n<li>Centro m\u00e9dico u hospital.<\/li>\n\n\n\n<li>Experiencia del m\u00e9dico.<\/li>\n\n\n\n<li>El tipo de manga g\u00e1strica es quir\u00fargica o laparosc\u00f3pica<\/li>\n\n\n\n<li>Servicios adicionales, ya que algunos centros ofrecen paquetes que incluyen tratamiento, alojamiento y transporte.<\/li>\n<\/ul>\n\n\n\n<p>En Turk Aesthetic Istanbul, el costo del procedimiento de gastrectom\u00eda en manga oscila entre4500 &#8211; 5500 EUR<\/p>\n\n\n\n<p>Puede ponerse en contacto con Turk Aesthetic team en la p\u00e1gina de contacto para solicitar el costo del paquete de tratamiento con alojamiento y transporte.<\/p>\n\n\n\n<h2 class=\"wp-block-heading\">FAQ &#8211; Manga g\u00e1strica en Turqu\u00eda Estambul<\/h2>\n\n\n<div id=\"rank-math-faq\" class=\"rank-math-block\">\n<div class=\"rank-math-list \">\n<div id=\"faq-question-1676028253950\" class=\"rank-math-list-item\">\n<h3 class=\"rank-math-question \">\u00bfCu\u00e1l es el prop\u00f3sito de una manga g\u00e1strica?<\/h3>\n<div class=\"rank-math-answer \">\n\n<p>El objetivo del procedimiento de manga g\u00e1strica es perder el exceso de pesoy obtener un cuerpo m\u00e1s en forma.<\/p>\n\n<\/div>\n<\/div>\n<div id=\"faq-question-1676028260309\" class=\"rank-math-list-item\">\n<h3 class=\"rank-math-question \">\u00bfQui\u00e9n puede realizar el procedimiento de manga g\u00e1strica?<\/h3>\n<div class=\"rank-math-answer \">\n\n<p>Todos los que tienen exceso de peso y no han logrado de ninguna manera deshacerse de \u00e9l, adem\u00e1s de todos los que sufren problemas asociados con el exceso de peso.<\/p>\n\n<\/div>\n<\/div>\n<div id=\"faq-question-1676028266647\" class=\"rank-math-list-item\">\n<h3 class=\"rank-math-question \">\u00bfCu\u00e1nto tiempodura la cirug\u00eda de sl g\u00e1strico?<\/h3>\n<div class=\"rank-math-answer \">\n\n<p>El procedimiento de manga g\u00e1strica dura aproximadamente dos o tres horas.<\/p>\n\n<\/div>\n<\/div>\n<div id=\"faq-question-1676028277522\" class=\"rank-math-list-item\">\n<h3 class=\"rank-math-question \">\u00bfLa manga g\u00e1strica es un procedimiento dif\u00edcil o peligroso?<\/h3>\n<div class=\"rank-math-answer \">\n\n<p>El procedimiento de manga g\u00e1strica se considera una soluci\u00f3n radical e irreversible con resultados graduales r\u00e1pidos. Por otro lado, seconsidera un procedimiento complicado en comparaci\u00f3n con el bal\u00f3n.<\/p>\n\n<\/div>\n<\/div>\n<div id=\"faq-question-1676028284737\" class=\"rank-math-list-item\">\n<h3 class=\"rank-math-question \">\u00bfCu\u00e1nto peso puedo perder si tengo una manga g\u00e1strica?<\/h3>\n<div class=\"rank-math-answer \">\n\n<p>Alrededor de 30 &#8211; 70 kilos.<\/p>\n\n<\/div>\n<\/div>\n<div id=\"faq-question-1676028291747\" class=\"rank-math-list-item\">\n<h3 class=\"rank-math-question \">\u00bfCu\u00e1ndo comienza el procedimiento de manga g\u00e1strica?<\/h3>\n<div class=\"rank-math-answer \">\n\n<p>Los resultados comienzan gradualmente y r\u00e1pidamente dentro de un messe puede ver la diferencia.<\/p>\n\n<\/div>\n<\/div>\n<div id=\"faq-question-1676028306521\" class=\"rank-math-list-item\">\n<h3 class=\"rank-math-question \">\u00bfEs doloroso el procedimiento de manga g\u00e1strica?<\/h3>\n<div class=\"rank-math-answer \">\n\n<p>El paciente no siente dolor durante la operaci\u00f3n de manga g\u00e1strica gracias a la anestesia completa del cuerpo, pero despu\u00e9s del procedimiento, puede sentir dolor que se puede superar con analg\u00e9sicos.<\/p>\n\n<\/div>\n<\/div>\n<div id=\"faq-question-1676028312468\" class=\"rank-math-list-item\">\n<h3 class=\"rank-math-question \">\u00bfEs posible beber refrescos despu\u00e9s de un procedimiento de manga g\u00e1strica?<\/h3>\n<div class=\"rank-math-answer \">\n\n<p>Los m\u00e9dicos no recomiendan que los refrescos sean una fuente de l\u00edquido en el cuerpo, sino que dependen solo del agua y los jugos naturales.<\/p>\n\n<\/div>\n<\/div>\n<\/div>\n<\/div>\n\n\n<p><strong>Y finalmente, puede ponerse en&nbsp;<a href=\"http:\/\/turkaesthetic.com\/es\/contact-us\/\" target=\"_blank\" rel=\"noreferrer noopener\">contacto&nbsp;<\/a>directamente con el equipo de soporte t\u00e9cnico para solicitar informaci\u00f3n y precios al Centro de&nbsp;<a href=\"https:\/\/www.youtube.com\/channel\/UC0zggzdm5CFwpRMmn_CPpFQ\" target=\"_blank\" rel=\"noreferrer noopener\">Est\u00e9tica Turca<\/a>&nbsp;de Turqu\u00eda Estambul.<\/strong><a href=\"http:\/\/turkaesthetic.com\/es\/beard-transplant\/\"><\/a><\/p>\n","protected":false},"excerpt":{"rendered":"<p>La manga g\u00e1strica en Turqu\u00eda es un procedimiento en el que se corta una parte del est\u00f3mago para reducir su tama\u00f1o. Como resultado, no se permite comer la misma cantidad de alimentos que el paciente sol\u00eda comer antes de la operaci\u00f3n porque el tama\u00f1o del est\u00f3magose ha vuelto peque\u00f1o y no se adapta a la [&hellip;]<\/p>\n","protected":false},"author":1,"featured_media":19869,"parent":0,"menu_order":0,"comment_status":"closed","ping_status":"closed","template":"","meta":{"footnotes":""},"dep":[1607],"class_list":["post-33630","page","type-page","status-publish","has-post-thumbnail","hentry","dep-weight-loss"],"_links":{"self":[{"href":"https:\/\/www.turkaesthetic.com\/es\/wp-json\/wp\/v2\/pages\/33630","targetHints":{"allow":["GET"]}}],"collection":[{"href":"https:\/\/www.turkaesthetic.com\/es\/wp-json\/wp\/v2\/pages"}],"about":[{"href":"https:\/\/www.turkaesthetic.com\/es\/wp-json\/wp\/v2\/types\/page"}],"author":[{"embeddable":true,"href":"https:\/\/www.turkaesthetic.com\/es\/wp-json\/wp\/v2\/users\/1"}],"replies":[{"embeddable":true,"href":"https:\/\/www.turkaesthetic.com\/es\/wp-json\/wp\/v2\/comments?post=33630"}],"version-history":[{"count":1,"href":"https:\/\/www.turkaesthetic.com\/es\/wp-json\/wp\/v2\/pages\/33630\/revisions"}],"predecessor-version":[{"id":74220,"href":"https:\/\/www.turkaesthetic.com\/es\/wp-json\/wp\/v2\/pages\/33630\/revisions\/74220"}],"wp:featuredmedia":[{"embeddable":true,"href":"https:\/\/www.turkaesthetic.com\/es\/wp-json\/wp\/v2\/media\/19869"}],"wp:attachment":[{"href":"https:\/\/www.turkaesthetic.com\/es\/wp-json\/wp\/v2\/media?parent=33630"}],"wp:term":[{"taxonomy":"dep","embeddable":true,"href":"https:\/\/www.turkaesthetic.com\/es\/wp-json\/wp\/v2\/dep?post=33630"}],"curies":[{"name":"wp","href":"https:\/\/api.w.org\/{rel}","templated":true}]}}