{"id":33541,"date":"2022-01-27T10:26:45","date_gmt":"2022-01-27T07:26:45","guid":{"rendered":"http:\/\/turkaesthetic.com\/?page_id=33541"},"modified":"2024-02-12T20:04:12","modified_gmt":"2024-02-12T17:04:12","slug":"gastric-balloon","status":"publish","type":"page","link":"https:\/\/www.turkaesthetic.com\/es\/gastric-balloon\/","title":{"rendered":"Bal\u00f3n G\u00e1strico"},"content":{"rendered":"\n<p>El <strong>bal\u00f3n g\u00e1strico en Turqu\u00eda Estambul<\/strong> es un procedimiento sencillo que no supera los 10 minutos, insertando un bal\u00f3n de la boca y dej\u00e1ndolo en el est\u00f3mago y luego llen\u00e1ndolo con una sustancia (gas o l\u00edquido) con el fin de reducir la zona del <a href=\"https:\/\/es.wikipedia.org\/wiki\/Est%C3%B3mago\" data-type=\"URL\" data-id=\"https:\/\/es.wikipedia.org\/wiki\/Est%C3%B3mago\" target=\"_blank\" rel=\"noreferrer noopener\"><strong>est\u00f3mago<\/strong> <\/a>para que el pacientese sienta lleno al comer una cuarta parte de la cantidad de alimentos que suele comer para sentirse lleno r\u00e1pidamente.<\/p>\n\n\n\n<p>El bal\u00f3n no permanece en el est\u00f3mago durante toda la vida, sino que es un procedimiento temporal durante unos seis meses, durante el cual el paciente se acostumbra a comer una peque\u00f1acantidad de alimentos, reduciendo as\u00ed el peso de los obesos. Aqu\u00ed hay informaci\u00f3n r\u00e1pida sobre el procedimiento con bal\u00f3n g\u00e1strico.<\/p>\n\n\n\n<figure class=\"wp-block-table\"><table><tbody><tr><td>Anestesia&nbsp;<\/td><td>Sedaci\u00f3n&nbsp;<\/td><\/tr><tr><td>Duraci\u00f3n del proceso<\/td><td>10 minutos<\/td><\/tr><tr><td>Prop\u00f3sito del proceso<\/td><td>Adelgazar&nbsp;<\/td><\/tr><tr><td>Resultados<\/td><td>Comience despu\u00e9s de 2 semanas &#8211; Dure 6 meses<\/td><\/tr><tr><td>Convalecencia<\/td><td>No es necesario<\/td><\/tr><tr><td>Costo en est\u00e9tica turca<\/td><td>1400 &#8211; 2800 EUR<\/td><\/tr><\/tbody><\/table><\/figure>\n\n\n\n<h2 class=\"wp-block-heading\">\u00bfC\u00f3mo se realiza el proceso del bal\u00f3n g\u00e1strico en Turqu\u00eda?<\/h2>\n\n\n\n<p>El <strong>bal\u00f3n g\u00e1strico en Turqu\u00eda<\/strong> para bajar de peso es un procedimiento muy simple que solo toma unos 10 minutos bajo anestesia de sedaci\u00f3n utilizando el m\u00e9todo endosc\u00f3pico, el bal\u00f3n se inserta en el est\u00f3mago, luego el bal\u00f3n se llena con un l\u00edquido especial para tomar un \u00e1rea de aproximadamente el 70% del volumen del est\u00f3mago, de modo que la sensaci\u00f3n de hambre disminuye y la ingesta de alimentos disminuye,\u00a0 Incluso las cantidades consumidas son pocas en comparaci\u00f3n con antes del procedimiento.<\/p>\n\n\n\n<p>Una persona puede volver a su vida normal inmediatamente despu\u00e9s de la operaci\u00f3n del bal\u00f3n g\u00e1stricoen el mismo d\u00eda, con la necesidad de seguir las instrucciones recomendadas por el m\u00e9dico.<\/p>\n\n\n\n<figure class=\"wp-block-embed is-type-video is-provider-youtube wp-block-embed-youtube wp-embed-aspect-16-9 wp-has-aspect-ratio\"><div class=\"wp-block-embed__wrapper\">\n<iframe loading=\"lazy\" title=\"Gastric Balloon in Turkey (45) Minutes - Turk Aesthetic\" width=\"800\" height=\"450\" src=\"https:\/\/www.youtube.com\/embed\/BcKsJowf4_A?feature=oembed\" frameborder=\"0\" allow=\"accelerometer; autoplay; clipboard-write; encrypted-media; gyroscope; picture-in-picture; web-share\" allowfullscreen><\/iframe>\n<\/div><figcaption class=\"wp-element-caption\"><strong>bal\u00f3n g\u00e1strico en Turqu\u00eda<\/strong><\/figcaption><\/figure>\n\n\n\n<h3 class=\"wp-block-heading\">\u00bfQui\u00e9n puede realizar un bal\u00f3n g\u00e1strico en Turqu\u00eda?<\/h3>\n\n\n\n<ul class=\"wp-block-list\">\n<li>Personas que quieren perder un peso limitado como 10 a 15 o incluso 20 kilos.<\/li>\n\n\n\n<li>Aquellos que no pueden perder peso conocido como estabilizaci\u00f3n de peso tendr\u00e1n un buen resultado despu\u00e9s de la operaci\u00f3n.<\/li>\n\n\n\n<li>Aquellos que sufren de dolor espinal y dolor \u00f3seo debido al exceso de peso pueden hacer esta operaci\u00f3n para deshacerse de este molesto dolor.<\/li>\n\n\n\n<li>Personas que no sufren de ning\u00fan problema estomacal o corporal en general.<\/li>\n<\/ul>\n\n\n\n<h3 class=\"wp-block-heading\">\u00bfQui\u00e9n no puede realizar un bal\u00f3n g\u00e1strico en Turqu\u00eda?<\/h3>\n\n\n\n<ul class=\"wp-block-list\">\n<li>Personas menores de 20 a\u00f1os.<\/li>\n\n\n\n<li>Aquellos con una enfermedad cr\u00f3nica o contagiosa.<\/li>\n\n\n\n<li>Personas que son obesas y tienen m\u00e1s de 25 kilogramos de exceso de peso.<\/li>\n\n\n\n<li>Tienen una masa corporal de m\u00e1s de 40.<\/li>\n\n\n\n<li>Las personas con problema de \u00falcera estomacal pueden realizar bal\u00f3n g\u00e1strico en Turqu\u00eda despu\u00e9s del tratamiento de la \u00falcera\u00a0<\/li>\n\n\n\n<li>El globo no puede considerarse una soluci\u00f3n para aquellos que sufren de exceso de grasa en el cuerpo. El globo no elimina la grasa, sino que s\u00f3lo ayuda a perder peso.<\/li>\n<\/ul>\n\n\n\n<figure class=\"wp-block-image size-full\"><img loading=\"lazy\" decoding=\"async\" width=\"1024\" height=\"683\" src=\"http:\/\/turkaesthetic.com\/wp-content\/uploads\/2022\/01\/Gastric-Balloon-istanbul.webp\" alt=\"bal\u00f3n g\u00e1strico en Turqu\u00eda\" class=\"wp-image-19854\" srcset=\"https:\/\/www.turkaesthetic.com\/wp-content\/uploads\/2022\/01\/Gastric-Balloon-istanbul.webp 1024w, https:\/\/www.turkaesthetic.com\/wp-content\/uploads\/2022\/01\/Gastric-Balloon-istanbul-300x200.webp 300w, https:\/\/www.turkaesthetic.com\/wp-content\/uploads\/2022\/01\/Gastric-Balloon-istanbul-768x512.webp 768w\" sizes=\"auto, (max-width: 1024px) 100vw, 1024px\" \/><figcaption class=\"wp-element-caption\">bal\u00f3n g\u00e1strico en Turqu\u00eda<\/figcaption><\/figure>\n\n\n\n<h3 class=\"wp-block-heading\">El m\u00e9dico que realiza el proceso de bal\u00f3n g\u00e1strico en Turqu\u00eda<\/h3>\n\n\n\n<p>El bal\u00f3n g\u00e1strico en Turqu\u00eda es un procedimiento realizado por cirujanos generales y de <a href=\"http:\/\/turkaesthetic.com\/es\/obesity-treatment\/\" data-type=\"URL\" data-id=\"http:\/\/turkaesthetic.com\/es\/obesity-treatment\/\" target=\"_blank\" rel=\"noreferrer noopener\"><strong>obesidad<\/strong> <\/a>altamente experimentados. Ning\u00fan m\u00e9dico de ninguna otra especialidad puede realizar este tipo de cirug\u00eda. El centro debe ser confiable con un entorno cl\u00ednico altamente est\u00e9ril, y un m\u00e9dico altamente calificado es todo lo que debe considerar al elegir un hospital o centro m\u00e9dico.<\/p>\n\n\n\n<h3 class=\"wp-block-heading\">Tipos de anestesia utilizados en el proceso de bal\u00f3n estomacal&nbsp;<\/h3>\n\n\n\n<p>El bal\u00f3n g\u00e1strico se realiza bajo anestesia sedante del cuerpo. Con sedaci\u00f3n yestesia debe dejar de comer y beber 6 horas antes de la operaci\u00f3n y no hay necesidad de permanecer en el hospital. El proceso dura unos 10 minutos.<\/p>\n\n\n\n<h2 class=\"wp-block-heading\">Pasos del procedimiento con bal\u00f3n g\u00e1strico en Turqu\u00eda<\/h2>\n\n\n<div id=\"rank-math-howto\" class=\"rank-math-block\" >\n<div class=\"rank-math-howto-description\">\n\n<p>El procedimiento de bal\u00f3n g\u00e1strico en Turqu\u00eda pasa por tres etapas, yotras cirug\u00edas:<\/p>\n\n<\/div>\n<p class=\"rank-math-howto-duration\"><strong>Tiempo total:<\/strong> <span>10 minutos<\/span><\/p>\n<div class=\"rank-math-steps \">\n<div id=\"howto-step-1675622472243\" class=\"rank-math-step\">\n<h3 class=\"rank-math-step-title \">Antes del proceso<\/h3>\n<div class=\"rank-math-step-content \"><img loading=\"lazy\" decoding=\"async\" width=\"1024\" height=\"682\" src=\"https:\/\/www.turkaesthetic.com\/wp-content\/uploads\/2022\/01\/befor-Gastric-Balloon.webp\" class=\"attachment-full size-full\" alt=\"bal\u00f3n g\u00e1strico en Turqu\u00eda\" srcset=\"https:\/\/www.turkaesthetic.com\/wp-content\/uploads\/2022\/01\/befor-Gastric-Balloon.webp 1024w, https:\/\/www.turkaesthetic.com\/wp-content\/uploads\/2022\/01\/befor-Gastric-Balloon-300x200.webp 300w, https:\/\/www.turkaesthetic.com\/wp-content\/uploads\/2022\/01\/befor-Gastric-Balloon-768x512.webp 768w\" sizes=\"auto, (max-width: 1024px) 100vw, 1024px\" \/><p>Hay algunos pasos importantes a seguir antes de la cirug\u00eda:<br \/>Debe informar al m\u00e9dico si es al\u00e9rgico a alg\u00fan medicamento o sustancia en particular.<br \/>Si usted sufre de problemas estomacales o enfermedades relacionadas con el es\u00f3fago,usted definitivamente debe notificar a su m\u00e9dico.<br \/>Informe al m\u00e9dico de los medicamentos utilizados peri\u00f3dicamente.<br \/>Para evitar complicaciones no deseadas, debe dejar de tomar anticoagulantes una semana antes del procedimiento.<br \/>Deje de fumar y beber alcohol una semana antes del procedimiento.<br \/>El m\u00e9dico realiza una sigmoidoscopia para verificar la salud del est\u00f3mago antes del procedimiento.<\/p>\n<\/div>\n<\/div>\n<div id=\"howto-step-1675622495376\" class=\"rank-math-step\">\n<h3 class=\"rank-math-step-title \">Durante el proceso\u00a0<\/h3>\n<div class=\"rank-math-step-content \"><p>El proceso comienza con anestesia local adem\u00e1s de administrar al paciente un sedante nervioso que ayuda a relajarse para que los m\u00fasculos del es\u00f3fago no se contraigan cuando se inserta el endoscopio a trav\u00e9s de la boca. Al final del endoscopio, se coloca una c\u00e1psula (bal\u00f3n) y se deja en el est\u00f3mago del paciente. De color azul, una advertencia al paciente de que el bal\u00f3n est\u00e1 perforado y vencido, opuede estar lleno de un gas ligero, la operaci\u00f3n termina despu\u00e9s de eso y no hay necesidad de permanecer en el hospital.<\/p>\n<\/div>\n<\/div>\n<div id=\"howto-step-1675622503747\" class=\"rank-math-step\">\n<h3 class=\"rank-math-step-title \">Despu\u00e9s del proceso<\/h3>\n<div class=\"rank-math-step-content \"><img loading=\"lazy\" decoding=\"async\" width=\"1024\" height=\"682\" src=\"https:\/\/www.turkaesthetic.com\/wp-content\/uploads\/2022\/01\/after-Gastric-Balloon.webp\" class=\"attachment-full size-full\" alt=\"Manga G\u00e1strica en Turqu\u00eda\" srcset=\"https:\/\/www.turkaesthetic.com\/wp-content\/uploads\/2022\/01\/after-Gastric-Balloon.webp 1024w, https:\/\/www.turkaesthetic.com\/wp-content\/uploads\/2022\/01\/after-Gastric-Balloon-300x200.webp 300w, https:\/\/www.turkaesthetic.com\/wp-content\/uploads\/2022\/01\/after-Gastric-Balloon-768x512.webp 768w\" sizes=\"auto, (max-width: 1024px) 100vw, 1024px\" \/><p>Despu\u00e9s de dar las instrucciones a seguir despu\u00e9s del procedimiento, puede abandonar el hospital el mismo d\u00eda despu\u00e9s de que el efecto dela anestesia haya desaparecido por completo, y es preferible estar acompa\u00f1ado por un familiar o amigo al salir del hospital. Tambi\u00e9n se recomienda no conducir despu\u00e9s de la operaci\u00f3n. Tambi\u00e9n debe seguir una dieta que contenga fibra y protein.<\/p>\n<\/div>\n<\/div>\n<\/div>\n<\/div>\n<p class=\"rank-math-howto-estimatedCost\"><strong>Coste estimado:<\/strong> <span>1400 EUR<\/span><\/p>\n\n\n\n\n\n<h3 class=\"wp-block-heading\">Tipos de bal\u00f3n g\u00e1strico en Turqu\u00eda<\/h3>\n\n\n\n<p>Los tipos de globos estomacales var\u00edan seg\u00fan el tiempo que permanecen dentro del est\u00f3mago, algunos tipos permanecen durante 6 meses y otros permanecen durante un per\u00edodo m\u00e1s largo de aproximadamente 12 meses. Sin embargo, el al\u00f3n g\u00e1strico b detodo tipo es com\u00fan al hecho de que el per\u00edodo de tiempo en el que permanece en el est\u00f3mago es solo temporal y no permanente. Adem\u00e1s, los tipos de bal\u00f3n g\u00e1strico difieren seg\u00fan el material del bal\u00f3n.<\/p>\n\n\n\n<p>Algunos globos est\u00e1n hechos de silicona\u00a0 y otros est\u00e1n hechos de poliuretano. Los tipos tambi\u00e9n difieren seg\u00fan la sustancia que se inyecta en el globo para aumentar su tama\u00f1o dentro del est\u00f3mago. Algunos tipos se inyectan con l\u00edquidos y otros se inyectan con gas. Todos los tipos comparten elprocedimiento y suelen ser laparosc\u00f3picos. Aqu\u00ed est\u00e1n los nombres de los tipos m\u00e1s comunes:<\/p>\n\n\n\n<ul class=\"wp-block-list\">\n<li>Globo Orbera<\/li>\n\n\n\n<li>Globo ReShape<\/li>\n\n\n\n<li>Globo Obalon<\/li>\n<\/ul>\n\n\n\n<h3 class=\"wp-block-heading\">Instrucciones de cuidado posterior del bal\u00f3n g\u00e1strico en Turqu\u00eda<\/h3>\n\n\n\n<ul class=\"wp-block-list\">\n<li>Comience a comer y beber 2-3 horas despu\u00e9s de la operaci\u00f3n.<\/li>\n\n\n\n<li>Evite los alimentos s\u00f3lidos el primer d\u00eda.<\/li>\n\n\n\n<li>Debe seguir el programa de dieta proporcionado por el m\u00e9dico despu\u00e9s del bal\u00f3n g\u00e1strico.<\/li>\n\n\n\n<li>Evite comer alimentos grasos y carbohidratos y bebidas \u00e1cidas.<\/li>\n\n\n\n<li>Mant\u00e9ngase alejado delas cigarras de cigarra, narguile y alcohol.<\/li>\n\n\n\n<li>Cumplimiento total de todas las instrucciones dadas por el m\u00e9dico.<\/li>\n<\/ul>\n\n\n\n<figure class=\"wp-block-gallery has-nested-images columns-default is-cropped wp-block-gallery-1 is-layout-flex wp-block-gallery-is-layout-flex\">\n<figure class=\"wp-block-image size-large\"><img loading=\"lazy\" decoding=\"async\" width=\"1200\" height=\"800\" data-id=\"45580\" src=\"http:\/\/turkaesthetic.com\/wp-content\/uploads\/2023\/11\/before-after-gastric-balloon-1.jpg\" alt=\"Antes y despu\u00e9s del bal\u00f3n g\u00e1strico en T\u00fcrkiye\" class=\"wp-image-45580\"\/><figcaption class=\"wp-element-caption\">Antes y despu\u00e9s del bal\u00f3n g\u00e1strico en T\u00fcrkiye<\/figcaption><\/figure>\n\n\n\n<figure class=\"wp-block-image size-large\"><img loading=\"lazy\" decoding=\"async\" width=\"1200\" height=\"800\" data-id=\"45608\" src=\"http:\/\/turkaesthetic.com\/wp-content\/uploads\/2023\/11\/before-after-gastric-balloon-4.jpg\" alt=\"Antes y despu\u00e9s del bal\u00f3n g\u00e1strico en T\u00fcrkiye\" class=\"wp-image-45608\"\/><figcaption class=\"wp-element-caption\">Antes y despu\u00e9s del bal\u00f3n g\u00e1strico en T\u00fcrkiye<\/figcaption><\/figure>\n\n\n\n<figure class=\"wp-block-image size-large\"><img loading=\"lazy\" decoding=\"async\" width=\"1200\" height=\"800\" data-id=\"45599\" src=\"http:\/\/turkaesthetic.com\/wp-content\/uploads\/2023\/11\/before-after-gastric-balloon-3.jpg\" alt=\"Antes y despu\u00e9s del bal\u00f3n g\u00e1strico en T\u00fcrkiye\" class=\"wp-image-45599\"\/><figcaption class=\"wp-element-caption\">Antes y despu\u00e9s del bal\u00f3n g\u00e1strico en T\u00fcrkiye<\/figcaption><\/figure>\n\n\n\n<figure class=\"wp-block-image size-large\"><img loading=\"lazy\" decoding=\"async\" width=\"1200\" height=\"800\" data-id=\"45589\" src=\"http:\/\/turkaesthetic.com\/wp-content\/uploads\/2023\/11\/before-after-gastric-balloon-2.jpg\" alt=\"Antes y despu\u00e9s del bal\u00f3n g\u00e1strico en T\u00fcrkiye\" class=\"wp-image-45589\"\/><figcaption class=\"wp-element-caption\">Antes y despu\u00e9s del bal\u00f3n g\u00e1strico en T\u00fcrkiye<\/figcaption><\/figure>\n<\/figure>\n\n\n\n<h3 class=\"wp-block-heading\">Ventajas y desventajas del globo estomacal<\/h3>\n\n\n\n<h4 class=\"wp-block-heading\">Ventajas<\/h4>\n\n\n\n<p>El efecto m\u00e1s importante y deseado del bal\u00f3n g\u00e1strico es la p\u00e9rdida de peso de 10 a 15 kilogramos, yen el caso de una dieta saludable puede alcanzar los 20 kilogramos. Se obtiene un cuerpo sano y delgado, aumentando as\u00ed la confianza en s\u00ed misma de la persona a trav\u00e9s de un procedimiento simple lejos de la cirug\u00eda, complicaciones y alto costo.<\/p>\n\n\n\n<h4 class=\"wp-block-heading\">Defectos<\/h4>\n\n\n\n<p>Aunque no hay inconvenientes significativos para el procedimiento de bal\u00f3n g\u00e1strico, vale la pena se\u00f1alar que si la persona no sigue las instrucciones dadas con el programa de dieta, no podr\u00e1 perder el peso que desea. El bal\u00f3n tambi\u00e9n puede perforarse como resultado del incumplimiento de las instrucciones del m\u00e9dico, por lo que no se logran los resultados deseados.<\/p>\n\n\n\n<h4 class=\"wp-block-heading\">Efectos secundarios del bal\u00f3n g\u00e1strico&nbsp;<\/h4>\n\n\n\n<p>El bal\u00f3n puede causar problemas a las personas que sufren de alergias, ya que el paciente puede sentirse inc\u00f3modo en el est\u00f3mago y n\u00e1useas en el primer per\u00edodo.<\/p>\n\n\n\n<h3 class=\"wp-block-heading\">Bal\u00f3n g\u00e1strico en Turqu\u00eda Estambul<\/h3>\n\n\n\n<p>Turqu\u00eda en general, y Estambul en particular, es el destino de muchos turistas que visitan Turqu\u00eda para recibir tratamiento y turismo al mismo tiempo debido a sus muchas ventajas, como las muchas opciones, la experiencia delos m\u00e9dicos y la calidad de la atenci\u00f3n m\u00e9dica.<\/p>\n\n\n\n<p>El bal\u00f3n g\u00e1strico en Turqu\u00eda es una de las opciones m\u00e1s importantes disponibles para adelgazar en Turqu\u00eda, y su precio oscila entre los 1400 euros y los 2800 euros, dependiendo de cada centro y de los detalles de la operaci\u00f3n.<\/p>\n\n\n\n<h3 class=\"wp-block-heading\">Costo del bal\u00f3n g\u00e1strico en Turqu\u00eda Estambul<\/h3>\n\n\n\n<p>El costo del bal\u00f3n g\u00e1strico en Turqu\u00eda var\u00eda de un lugar a otro de acuerdo con varias cosas:<\/p>\n\n\n\n<ul class=\"wp-block-list\">\n<li>El nombre del centro m\u00e9dico u hospital.<\/li>\n\n\n\n<li>Experiencia del m\u00e9dico.<\/li>\n\n\n\n<li>El tipo de globo utilizado<\/li>\n\n\n\n<li>Servicios adicionales, como algunos centros opaquetes adicionales que incluyen tratamiento, alojamiento y transporte.<\/li>\n<\/ul>\n\n\n\n<p>En Turk Aesthetic Istanbul, el costo del procedimiento de bal\u00f3n g\u00e1strico es de 1400 &#8211; 2800 EUR<\/p>\n\n\n\n<p>Puede ponerse en contacto con el equipo de Turk Aesthetic en la p\u00e1gina de contacto para solicitar el costo delpaquete de alojamiento y transporte.<\/p>\n\n\n\n<h2 class=\"wp-block-heading\">Preguntas frecuentes &#8211; Bal\u00f3n estomacal en Turqu\u00eda Estambul<\/h2>\n\n\n<div id=\"rank-math-faq\" class=\"rank-math-block\">\n<div class=\"rank-math-list \">\n<div id=\"faq-question-1675622563103\" class=\"rank-math-list-item\">\n<h3 class=\"rank-math-question \">\u00bfCu\u00e1l es el prop\u00f3sito del bal\u00f3n g\u00e1strico en Turqu\u00eda?<\/h3>\n<div class=\"rank-math-answer \">\n\n<p>El objetivo del procedimiento con bal\u00f3n g\u00e1strico es perder el exceso de peso y obtener un cuerpo m\u00e1s en forma.<\/p>\n\n<\/div>\n<\/div>\n<div id=\"faq-question-1675622567624\" class=\"rank-math-list-item\">\n<h3 class=\"rank-math-question \">\u00bfQui\u00e9n puede realizar el procedimiento de bal\u00f3n g\u00e1strico en Turqu\u00eda?<\/h3>\n<div class=\"rank-math-answer \">\n\n<p>Cualquier persona que tenga un fuerte deseo de comer, tenga un peso estable o tenga dolor en los huesos y tenga un peso de m\u00e1s de 20 kg.<\/p>\n\n<\/div>\n<\/div>\n<div id=\"faq-question-1675622574193\" class=\"rank-math-list-item\">\n<h3 class=\"rank-math-question \">\u00bfCu\u00e1nto tiempo dura la operaci\u00f3n del bal\u00f3n g\u00e1strico en Turqu\u00eda?<\/h3>\n<div class=\"rank-math-answer \">\n\n<p>El procedimiento es muy simple y se puede hacer en menos de 10 minutos, y la persona puede volver a su vida normal en el mismo d\u00eda.<\/p>\n\n<\/div>\n<\/div>\n<div id=\"faq-question-1675622582369\" class=\"rank-math-list-item\">\n<h3 class=\"rank-math-question \">\u00bfEs el bal\u00f3n g\u00e1strico un procedimiento dif\u00edcil o peligroso?<\/h3>\n<div class=\"rank-math-answer \">\n\n<p>No, el bal\u00f3n g\u00e1strico es un procedimiento f\u00e1cil que no pondr\u00e1 en peligro su vida.<\/p>\n\n<\/div>\n<\/div>\n<div id=\"faq-question-1675622591078\" class=\"rank-math-list-item\">\n<h3 class=\"rank-math-question \">\u00bfCu\u00e1nto peso puedo perder si me someto a un procedimiento de bal\u00f3n g\u00e1strico?<\/h3>\n<div class=\"rank-math-answer \">\n\n<p>Puede perder de 10 a 15 kilogramos en promedio, y las personas que siguen el programa de dieta y las instrucciones dadas por el m\u00e9dico pueden perder hasta 20 kilogramos.<\/p>\n\n<\/div>\n<\/div>\n<div id=\"faq-question-1675622596806\" class=\"rank-math-list-item\">\n<h3 class=\"rank-math-question \">\u00bfCu\u00e1ndo comienza el procedimiento con bal\u00f3n g\u00e1strico en Turqu\u00eda?<\/h3>\n<div class=\"rank-math-answer \">\n\n<p>El resultado comienza despu\u00e9s de una semana y termina al final del sexto mes o del mes 12, seg\u00fan el tipo de bal\u00f3n.<\/p>\n\n<\/div>\n<\/div>\n<div id=\"faq-question-1675622604389\" class=\"rank-math-list-item\">\n<h3 class=\"rank-math-question \">\u00bfEs doloroso el procedimiento con bal\u00f3n g\u00e1strico en Turqu\u00eda?<\/h3>\n<div class=\"rank-math-answer \">\n\n<p>El paciente no siente dolor durante la finalizaci\u00f3n del bal\u00f3n g\u00e1strico, gracias a la anestesia temporal del cuerpo y un sedante nervioso que reduce la sensaci\u00f3n de espasmo.<\/p>\n\n<\/div>\n<\/div>\n<div id=\"faq-question-1675622636302\" class=\"rank-math-list-item\">\n<h3 class=\"rank-math-question \">\u00bfEs posible repetir el procedimiento del bal\u00f3n g\u00e1strico dos veces?<\/h3>\n<div class=\"rank-math-answer \">\n\n<p>Los m\u00e9dicos no recomiendanrepetir el procedimiento con bal\u00f3n g\u00e1strico porque repetirlo puede provocar complicaciones no deseadas.<\/p>\n\n<\/div>\n<\/div>\n<div id=\"faq-question-1675622643539\" class=\"rank-math-list-item\">\n<h3 class=\"rank-math-question \">\u00bfEs posible tomar refrescos despu\u00e9s del procedimiento con bal\u00f3n g\u00e1strico?<\/h3>\n<div class=\"rank-math-answer \">\n\n<p>Los m\u00e9dicos no recomiendan que los refrescos sean una fuente de l\u00edquido en el cuerpo, perola rata depende del agua y los jugos naturales, y los refrescos causan da\u00f1os al globo.<\/p>\n\n<\/div>\n<\/div>\n<\/div>\n<\/div>\n\n\n<p><strong>Y finalmente, puede ponerse en\u00a0<a href=\"http:\/\/turkaesthetic.com\/es\/contact-us\/\" target=\"_blank\" rel=\"noreferrer noopener\">contacto\u00a0<\/a>directamente con informaci\u00f3n y precios de\u00a0<a href=\"https:\/\/www.youtube.com\/channel\/UC0zggzdm5CFwpRMmn_CPpFQ\" target=\"_blank\" rel=\"noreferrer noopener\">Turk Aesthetic<\/a>\u00a0de Turqu\u00eda Estambul.<\/strong><a href=\"http:\/\/turkaesthetic.com\/es\/beard-transplant\/\"><\/a><\/p>\n","protected":false},"excerpt":{"rendered":"<p>El bal\u00f3n g\u00e1strico en Turqu\u00eda Estambul es un procedimiento sencillo que no supera los 10 minutos, insertando un bal\u00f3n de la boca y dej\u00e1ndolo en el est\u00f3mago y luego llen\u00e1ndolo con una sustancia (gas o l\u00edquido) con el fin de reducir la zona del est\u00f3mago para que el pacientese sienta lleno al comer una cuarta [&hellip;]<\/p>\n","protected":false},"author":1,"featured_media":19868,"parent":0,"menu_order":0,"comment_status":"closed","ping_status":"closed","template":"","meta":{"footnotes":""},"dep":[1357],"class_list":["post-33541","page","type-page","status-publish","has-post-thumbnail","hentry","dep-treatment"],"_links":{"self":[{"href":"https:\/\/www.turkaesthetic.com\/es\/wp-json\/wp\/v2\/pages\/33541","targetHints":{"allow":["GET"]}}],"collection":[{"href":"https:\/\/www.turkaesthetic.com\/es\/wp-json\/wp\/v2\/pages"}],"about":[{"href":"https:\/\/www.turkaesthetic.com\/es\/wp-json\/wp\/v2\/types\/page"}],"author":[{"embeddable":true,"href":"https:\/\/www.turkaesthetic.com\/es\/wp-json\/wp\/v2\/users\/1"}],"replies":[{"embeddable":true,"href":"https:\/\/www.turkaesthetic.com\/es\/wp-json\/wp\/v2\/comments?post=33541"}],"version-history":[{"count":0,"href":"https:\/\/www.turkaesthetic.com\/es\/wp-json\/wp\/v2\/pages\/33541\/revisions"}],"wp:featuredmedia":[{"embeddable":true,"href":"https:\/\/www.turkaesthetic.com\/es\/wp-json\/wp\/v2\/media\/19868"}],"wp:attachment":[{"href":"https:\/\/www.turkaesthetic.com\/es\/wp-json\/wp\/v2\/media?parent=33541"}],"wp:term":[{"taxonomy":"dep","embeddable":true,"href":"https:\/\/www.turkaesthetic.com\/es\/wp-json\/wp\/v2\/dep?post=33541"}],"curies":[{"name":"wp","href":"https:\/\/api.w.org\/{rel}","templated":true}]}}