{"id":33530,"date":"2022-01-26T12:59:23","date_gmt":"2022-01-26T09:59:23","guid":{"rendered":"http:\/\/turkaesthetic.com\/?page_id=33530"},"modified":"2025-08-26T20:26:41","modified_gmt":"2025-08-26T17:26:41","slug":"dental-lumineers","status":"publish","type":"page","link":"https:\/\/www.turkaesthetic.com\/es\/dental-lumineers\/","title":{"rendered":"Lumineers Dentales"},"content":{"rendered":"\n<p>Lumineers dentales encabeza la lista de tratamientos dentales cosm\u00e9ticos derivados de la palabra Carillas Laminadas, que significa (<a href=\"https:\/\/www.turkaesthetic.com\/es\/dentistry-es\/emax-veneer\/\" target=\"_blank\" data-type=\"link\" data-id=\"https:\/\/www.turkaesthetic.com\/es\/dentistry-es\/emax-veneer\/\" rel=\"noreferrer noopener\"><strong>carillas<\/strong><\/a> finas). Se instalan en los dientes para obtener una forma de sonrisa uniforme y perfecta despu\u00e9s de asegurarse de que la condici\u00f3n de los dientes es adecuada para la instalaci\u00f3n de lentes.<\/p>\n\n\n\n<figure class=\"wp-block-table\"><table><tbody><tr><td>Unanestestesia&nbsp;<\/td><td>Local&nbsp;<\/td><\/tr><tr><td>Duraci\u00f3n del proceso<\/td><td>2 Horas&nbsp;<\/td><\/tr><tr><td>Resultados<\/td><td>Inmediata &#8211; 10 a\u00f1os<\/td><\/tr><tr><td>Convalecencia<\/td><td>7 d\u00edas&nbsp;<\/td><\/tr><\/tbody><\/table><figcaption class=\"wp-element-caption\"><strong>Lumineers dentales<\/strong><\/figcaption><\/figure>\n\n\n\n<h2 class=\"wp-block-heading\">\u00bfC\u00f3mo se fabrican los lumineers dentales?<\/h2>\n\n\n\n<p>Las carillas dentales Lumineers son similares a las carillas dentales. Primero, el dentista examina el caso y toma radiograf\u00edas para asegurarse de que se adapta a las Lumineers. Luego, el dentista prepara las lentes tomando medidas, eligiendo la forma y el color adecuados para que coincidan con los dientes originales y envi\u00e1ndolas al laboratorio. En la etapa final, el dentista instala las lentes de forma permanente.<\/p>\n\n\n\n<h3 class=\"wp-block-heading\">Video de lumineers dentales<\/h3>\n\n\n\n<p>En este breve v\u00eddeo ver\u00e1s c\u00f3mo funciona la sesi\u00f3n de Lumineers<\/p>\n\n\n\n<figure class=\"wp-block-embed is-type-video is-provider-youtube wp-block-embed-youtube wp-embed-aspect-16-9 wp-has-aspect-ratio\"><div class=\"wp-block-embed__wrapper\">\n<iframe loading=\"lazy\" title=\"Dental Lumineers in Turkey (7) Days - Turk Aesthetic\" width=\"800\" height=\"450\" src=\"https:\/\/www.youtube.com\/embed\/3ZNN6r8v7q4?feature=oembed\" frameborder=\"0\" allow=\"accelerometer; autoplay; clipboard-write; encrypted-media; gyroscope; picture-in-picture; web-share\" referrerpolicy=\"strict-origin-when-cross-origin\" allowfullscreen><\/iframe>\n<\/div><figcaption class=\"wp-element-caption\"><strong>Lumineers dentales<\/strong><\/figcaption><\/figure>\n\n\n\n<h3 class=\"wp-block-heading\">\u00bfQui\u00e9n puede hacerse unas Lumineers dentales?<\/h3>\n\n\n\n<p>Se considera apto para este procedimiento a cualquier persona mayor de 18 a\u00f1os que goce de buena salud y no sufra enfermedades graves o infecciosas. Las personas aptas para el tratamiento son:<\/p>\n\n\n\n<ul class=\"wp-block-list\">\n<li>Aquellos que sufren de forma irregular de los dientes.<\/li>\n\n\n\n<li>Aquellos que sufren de amarilleamiento permanente de los dientes<\/li>\n<\/ul>\n\n\n\n<h3 class=\"wp-block-heading\">\u00bfQui\u00e9n no puede hacerse unas Lumineers dentales?<\/h3>\n\n\n\n<p>Son aptas para un amplio segmento de personas que pretenden tener una sonrisa distintiva y armoniosa, y podemos excluir algunos casos que pueden clasificarse como no aptos para este procedimiento, como:<\/p>\n\n\n\n<ul class=\"wp-block-list\">\n<li>Aquellos que tienen enfermedades contagiosas.<\/li>\n\n\n\n<li>Aquellos que sufren de un desajuste perfecto de los dientes.<\/li>\n\n\n\n<li>Aquellos que sufren de caries dentales profundas.<\/li>\n\n\n\n<li>Aquellos que tienen coronas dentales previas.<\/li>\n\n\n\n<li>Aquellos que sufren de retracci\u00f3n significativa de las enc\u00edas.<\/li>\n<\/ul>\n\n\n\n<h4 class=\"wp-block-heading\">\u00bfQui\u00e9n realiza el proceso?<\/h4>\n\n\n\n<p>Las Lumineers dentales entran dentro de la lista de procedimientos dentales, por lo que el dentista es el \u00fanico autorizado para este proceso y preferiblemente debe tener una gran experiencia en este campo para obtener los resultados deseados. Turk Aesthetic aconseja a sus clientes elegir el m\u00e9dico adecuado con experiencia en este campo y abstenerse de recurrir a un especialista de laboratorio dental para reducir costos o por otras razones que puedan generar complicaciones futuras.<\/p>\n\n\n\n<h3 class=\"wp-block-heading\">Tipos de anestesia utilizados durante el proceso<\/h3>\n\n\n\n<p>Un patr\u00f3n personalizado es apropiado para el m\u00e9todo de anestesia utilizado durante cada procedimiento cosm\u00e9tico o de tratamiento. La anestesia local se utiliza para Lumineers dentales o carillas dentales cosm\u00e9ticas. Sin embargo, la anestesia local es suficiente para las<a href=\"https:\/\/www.turkaesthetic.com\/es\/dental-veneer\/\" target=\"_blank\" data-type=\"link\" data-id=\"https:\/\/www.turkaesthetic.com\/es\/dental-veneer\/\" rel=\"noreferrer noopener\"> carillas dentales.<\/a> En casos espor\u00e1dicos, se puede utilizar anestesia temporal (sedaci\u00f3n) para pacientes que tienen fobia a la anestesia local.<\/p>\n\n\n\n<h2 class=\"wp-block-heading\">Pasos del procedimiento Lumineers<\/h2>\n\n\n<div id=\"rank-math-howto\" class=\"rank-math-block\" >\n<div class=\"rank-math-howto-description\">\n\n<p>Las etapas del trabajo dental de Lumineers se explicar\u00e1n en detalle en los siguientes p\u00e1rrafos, comenzando con los primeros pasos y terminando con las \u00faltimas etapas del procedimiento:<\/p>\n\n<\/div>\n<p class=\"rank-math-howto-duration\"><strong>Tiempo total:<\/strong> <span>7 d\u00edas<\/span><\/p>\n<div class=\"rank-math-steps \">\n<div id=\"howto-step-1675459841843\" class=\"rank-math-step\">\n<h3 class=\"rank-math-step-title \">Antes del procedimiento<\/h3>\n<div class=\"rank-math-step-content \"><img loading=\"lazy\" decoding=\"async\" width=\"800\" height=\"600\" src=\"https:\/\/www.turkaesthetic.com\/wp-content\/uploads\/2022\/01\/lumineer-colores.webp\" class=\"attachment-full size-full\" alt=\"Antes de la pr\u00f3tesis dental Lumineer\" \/><p>En primer lugar, el paciente se pone en contacto con el equipo m\u00e9dico de Turk Aesthetic. A continuaci\u00f3n, el dentista especializado analiza el caso y elabora un plan inicial aproximado, que comparte con el paciente. Durante la visita del paciente a Turk Aesthetic Clinic, el equipo recopila informaci\u00f3n personal y de salud significativa y toma radiograf\u00edas. El dentista eval\u00faa esta informaci\u00f3n para asegurarse de que todo est\u00e9 listo para el dise\u00f1o.<\/p>\n<\/div>\n<\/div>\n<div id=\"howto-step-1675459862006\" class=\"rank-math-step\">\n<h3 class=\"rank-math-step-title \">Durante el procedimiento<\/h3>\n<div class=\"rank-math-step-content \"><p>El paciente elige la cantidad de dientes que desea obtener. Luego, el dentista prepara los dientes y selecciona el color y la forma adecuados de las carillas. El dentista toma los tama\u00f1os e impresiones de los dientes y los env\u00eda al laboratorio para dise\u00f1ar las lentes Lumineer. Cuando las lentes est\u00e1n listas, el dentista las instala durante su estad\u00eda.<\/p>\n<\/div>\n<\/div>\n<div id=\"howto-step-1675459870803\" class=\"rank-math-step\">\n<h3 class=\"rank-math-step-title \">Despu\u00e9s del procedimiento<\/h3>\n<div class=\"rank-math-step-content \"><img loading=\"lazy\" decoding=\"async\" width=\"800\" height=\"600\" src=\"https:\/\/www.turkaesthetic.com\/wp-content\/uploads\/2022\/01\/lumineer.webp\" class=\"attachment-full size-full\" alt=\"Despu\u00e9s de la pr\u00f3tesis dental Lumineer\" \/><p>Como cualquier procedimiento, debe prestar atenci\u00f3n a las instrucciones que le brinden el dentista y el equipo de Turk Aesthetic tanto como sea posible para obtener los resultados m\u00e1s positivos posibles. Si tiene alguna pregunta adicional, no dude en comunicarse con el asesor m\u00e9dico para obtener apoyo y asesoramiento.<\/p>\n<\/div>\n<\/div>\n<\/div>\n<\/div>\n<p class=\"rank-math-howto-estimatedCost\"><strong>Coste estimado:<\/strong> <span>190 EUR<\/span><\/p>\n\n\n\n\n\n<h3 class=\"wp-block-heading\">Antes y despu\u00e9s de los lumineers dentales<\/h3>\n\n\n\n<p>Aqu\u00ed le mostraremos algunas fotos de antes y despu\u00e9s del trabajo de lumineers dentales en Turk Aesthetic.<\/p>\n\n\n<style>.kb-gallery-id-33530_1a1f85-2a .kadence-blocks-gallery-item .kb-gal-image-radius, .kb-gallery-id-33530_1a1f85-2a .kb-slide-item .kb-gal-image-radius img{border-radius:0px 0px 0px 0px;;}.kb-gallery-wrap-id-33530_1a1f85-2a.wp-block-kadence-advancedgallery{overflow:visible;}.kb-gallery-wrap-id-33530_1a1f85-2a.wp-block-kadence-advancedgallery .kt-blocks-carousel{overflow:visible;}<\/style><div class=\"kb-gallery-wrap-id-33530_1a1f85-2a alignnone wp-block-kadence-advancedgallery\"><div class=\"kb-gallery-ul kb-gallery-non-static kb-gallery-type-slider kb-gallery-id-33530_1a1f85-2a kb-gallery-caption-style-bottom-hover kb-gallery-filter-none\" data-image-filter=\"none\" data-lightbox-caption=\"true\"><div class=\"kt-blocks-carousel splide kt-carousel-container-dotstyle-dark kt-carousel-arrowstyle-whiteondark kt-carousel-dotstyle-dark kb-slider-group-arrow kb-slider-arrow-position-center\" data-slider-anim-speed=\"400\" data-slider-scroll=\"1\" data-slider-arrows=\"true\" data-slider-fade=\"true\" data-slider-dots=\"true\" data-slider-type=\"slider\" data-slider-hover-pause=\"false\" data-slider-auto=\"\" data-slider-speed=\"7000\" data-show-pause-button=\"false\"><div class=\"splide__track\"><ul class=\"kt-blocks-carousel-init kb-blocks-slider splide__list\"><li class=\"kb-slide-item kb-gallery-slide-item splide__slide\"><div class=\"kadence-blocks-gallery-item\"><div class=\"kadence-blocks-gallery-item-inner\"><figure class=\"kb-gallery-figure kadence-blocks-gallery-item-hide-caption\"><div class=\"kb-gal-image-radius\"><div class=\"kb-gallery-image-contain kadence-blocks-gallery-intrinsic kb-gallery-image-ratio-land32 kb-has-image-ratio-land32\" ><img loading=\"lazy\" decoding=\"async\" src=\"https:\/\/www.turkaesthetic.com\/wp-content\/uploads\/2023\/12\/Hollywood-smile-before-after-17.webp\" width=\"1200\" height=\"800\" alt=\"antes y despu\u00e9s Lumineer dental\" data-full-image=\"https:\/\/www.turkaesthetic.com\/wp-content\/uploads\/2023\/12\/Hollywood-smile-before-after-17.webp\" data-light-image=\"https:\/\/www.turkaesthetic.com\/wp-content\/uploads\/2023\/12\/Hollywood-smile-before-after-17.webp\" data-id=\"49566\" class=\"wp-image-49566 skip-lazy\"\/><\/div><\/div><\/figure><\/div><\/div><\/li><li class=\"kb-slide-item kb-gallery-slide-item splide__slide\"><div class=\"kadence-blocks-gallery-item\"><div class=\"kadence-blocks-gallery-item-inner\"><figure class=\"kb-gallery-figure kadence-blocks-gallery-item-hide-caption\"><div class=\"kb-gal-image-radius\"><div class=\"kb-gallery-image-contain kadence-blocks-gallery-intrinsic kb-gallery-image-ratio-land32 kb-has-image-ratio-land32\" ><img loading=\"lazy\" decoding=\"async\" src=\"https:\/\/www.turkaesthetic.com\/wp-content\/uploads\/2023\/12\/Hollywood-smile-before-after-16.webp\" width=\"1200\" height=\"800\" alt=\"antes y despu\u00e9s Lumineer dental\" data-full-image=\"https:\/\/www.turkaesthetic.com\/wp-content\/uploads\/2023\/12\/Hollywood-smile-before-after-16.webp\" data-light-image=\"https:\/\/www.turkaesthetic.com\/wp-content\/uploads\/2023\/12\/Hollywood-smile-before-after-16.webp\" data-id=\"49557\" class=\"wp-image-49557 skip-lazy\"\/><\/div><\/div><\/figure><\/div><\/div><\/li><li class=\"kb-slide-item kb-gallery-slide-item splide__slide\"><div class=\"kadence-blocks-gallery-item\"><div class=\"kadence-blocks-gallery-item-inner\"><figure class=\"kb-gallery-figure kadence-blocks-gallery-item-hide-caption\"><div class=\"kb-gal-image-radius\"><div class=\"kb-gallery-image-contain kadence-blocks-gallery-intrinsic kb-gallery-image-ratio-land32 kb-has-image-ratio-land32\" ><img loading=\"lazy\" decoding=\"async\" src=\"https:\/\/www.turkaesthetic.com\/wp-content\/uploads\/2023\/12\/Hollywood-smile-before-after-15.webp\" width=\"1200\" height=\"800\" alt=\"antes y despu\u00e9s Lumineer dental\" data-full-image=\"https:\/\/www.turkaesthetic.com\/wp-content\/uploads\/2023\/12\/Hollywood-smile-before-after-15.webp\" data-light-image=\"https:\/\/www.turkaesthetic.com\/wp-content\/uploads\/2023\/12\/Hollywood-smile-before-after-15.webp\" data-id=\"49548\" class=\"wp-image-49548 skip-lazy\"\/><\/div><\/div><\/figure><\/div><\/div><\/li><li class=\"kb-slide-item kb-gallery-slide-item splide__slide\"><div class=\"kadence-blocks-gallery-item\"><div class=\"kadence-blocks-gallery-item-inner\"><figure class=\"kb-gallery-figure kadence-blocks-gallery-item-hide-caption\"><div class=\"kb-gal-image-radius\"><div class=\"kb-gallery-image-contain kadence-blocks-gallery-intrinsic kb-gallery-image-ratio-land32 kb-has-image-ratio-land32\" ><img loading=\"lazy\" decoding=\"async\" src=\"https:\/\/www.turkaesthetic.com\/wp-content\/uploads\/2023\/12\/Hollywood-smile-before-after-14.webp\" width=\"1200\" height=\"800\" alt=\"antes y despu\u00e9s Lumineer dental\" data-full-image=\"https:\/\/www.turkaesthetic.com\/wp-content\/uploads\/2023\/12\/Hollywood-smile-before-after-14.webp\" data-light-image=\"https:\/\/www.turkaesthetic.com\/wp-content\/uploads\/2023\/12\/Hollywood-smile-before-after-14.webp\" data-id=\"49539\" class=\"wp-image-49539 skip-lazy\"\/><\/div><\/div><\/figure><\/div><\/div><\/li><li class=\"kb-slide-item kb-gallery-slide-item splide__slide\"><div class=\"kadence-blocks-gallery-item\"><div class=\"kadence-blocks-gallery-item-inner\"><figure class=\"kb-gallery-figure kadence-blocks-gallery-item-hide-caption\"><div class=\"kb-gal-image-radius\"><div class=\"kb-gallery-image-contain kadence-blocks-gallery-intrinsic kb-gallery-image-ratio-land32 kb-has-image-ratio-land32\" ><img loading=\"lazy\" decoding=\"async\" src=\"https:\/\/www.turkaesthetic.com\/wp-content\/uploads\/2023\/12\/Hollywood-smile-before-after-12.webp\" width=\"1200\" height=\"800\" alt=\"antes y despu\u00e9s Lumineer dental\" data-full-image=\"https:\/\/www.turkaesthetic.com\/wp-content\/uploads\/2023\/12\/Hollywood-smile-before-after-12.webp\" data-light-image=\"https:\/\/www.turkaesthetic.com\/wp-content\/uploads\/2023\/12\/Hollywood-smile-before-after-12.webp\" data-id=\"49530\" class=\"wp-image-49530 skip-lazy\"\/><\/div><\/div><\/figure><\/div><\/div><\/li><\/ul><\/div><\/div><\/div><\/div>\n\n\n<h3 class=\"wp-block-heading\">Instrucciones de cuidados posteriores a la colocaci\u00f3n de Lumineers dentales<\/h3>\n\n\n\n<p>Cada tratamiento o procedimiento cosm\u00e9tico tiene instrucciones espec\u00edficas para obtener los mejores resultados. Mencionaremos las instrucciones m\u00e1s importantes que debe seguir el paciente:<\/p>\n\n\n\n<ul class=\"wp-block-list\">\n<li>Seguir las instrucciones que le d\u00e9 el dentista y el equipo de Turk Aesthetic con gran precisi\u00f3n.<\/li>\n\n\n\n<li>Evitar cosas que puedan causar sensibilidad en los dientes o enc\u00edas en los primeros d\u00edas.<\/li>\n\n\n\n<li>Abstenerse de usar los dientes con brusquedad al comer o en otros casos.<\/li>\n\n\n\n<li>Cuidar la seguridad y la salud bucal visitando al dentista de forma peri\u00f3dica y regular.<\/li>\n\n\n\n<li>Cepillarse los dientes a diario en casa.<\/li>\n<\/ul>\n\n\n\n<h3 class=\"wp-block-heading\">Pros y contras de las Lumineers dentales<\/h3>\n\n\n\n<p>A continuaci\u00f3n, mencionaremos los pros y contras m\u00e1s importantes de las Lumineers dentales:<\/p>\n\n\n\n<h4 class=\"wp-block-heading\">Desventajas<\/h4>\n\n\n\n<p>Uno de los inconvenientes m\u00e1s importantes que pueden sufrir las personas que pretenden colocarse Lumineers dentales es su sensibilidad. Debes prestar atenci\u00f3n durante las comidas porque un mal uso de las mismas puede acortar su vida \u00fatil o puede provocar fracturas.<\/p>\n\n\n\n<h4 class=\"wp-block-heading\">Ventajas<\/h4>\n\n\n\n<p>Una de las ventajas m\u00e1s importantes que una persona puede obtener despu\u00e9s de las Lumineers dentales cosm\u00e9ticas, o como se las llama, lentes dentales, es eliminar la forma irregular de los dientes y obtener un color m\u00e1s blanco en un per\u00edodo muy corto. Otra ventaja significativa es que no requiere mucho limado de dientes, similar a las coronas dentales habituales.<\/p>\n\n\n\n<h5 class=\"wp-block-heading\">Efectos secundarios<\/h5>\n\n\n\n<p>Los efectos secundarios de las lentes dentales Lumineer son simples. La sensibilidad puede ocurrir en raras ocasiones en la enc\u00eda y desaparecer durante los primeros d\u00edas. Tambi\u00e9n puede haber algo de enrojecimiento en el \u00e1rea de la enc\u00eda o un ligero picor al comer o beber solo en los primeros d\u00edas.<\/p>\n\n\n\n<h4 class=\"wp-block-heading\">Lumineers dentales en Turqu\u00eda Estambul<\/h4>\n\n\n\n<p>Hoy en d\u00eda, Turqu\u00eda, especialmente Estambul, es uno de los destinos tur\u00edsticos y m\u00e9dicos m\u00e1s famosos, y muchas personas de pa\u00edses \u00e1rabes y europeos lo visitan ya sea por turismo o con fines terap\u00e9uticos. Los tratamientos dentales en general y las Lumineers cosm\u00e9ticas en particular se clasifican entre los tratamientos dentales m\u00e1s famosos que se realizan en las cl\u00ednicas dentales de Estambul, Turqu\u00eda.<\/p>\n\n\n\n<h3 class=\"wp-block-heading\">Costo de las Lumineers dentales<\/h3>\n\n\n\n<p>Varios factores determinan el costo, los m\u00e1s importantes de los cuales son:<\/p>\n\n\n\n<ul class=\"wp-block-list\">\n<li>N\u00famero de dientes.<\/li>\n\n\n\n<li>La calidad.<\/li>\n\n\n\n<li>La experiencia del m\u00e9dico.<\/li>\n\n\n\n<li>La reputaci\u00f3n del hospital o cl\u00ednica.<\/li>\n\n\n\n<li>Los servicios relacionados dentro del paquete de tratamiento.<\/li>\n\n\n\n<li>El coste es asequible para muchas personas en comparaci\u00f3n con los precios en otros pa\u00edses \u00e1rabes y extranjeros. En Turk Aesthetic, el coste por diente es de 190 euros.on los precios en otras regiones \u00e1rabes yextranjeras. En Turk Aesthetic el coste por diente lumineers es de 190 euros.<\/li>\n<\/ul>\n\n\n\n<h2 class=\"wp-block-heading\">Preguntas Frecuentes<\/h2>\n\n\n<div id=\"rank-math-faq\" class=\"rank-math-block\">\n<div class=\"rank-math-list \">\n<div id=\"faq-question-1725278761473\" class=\"rank-math-list-item\">\n<h3 class=\"rank-math-question \">\u00bfCu\u00e1l es la diferencia entre Lumineers y Carillas?<\/h3>\n<div class=\"rank-math-answer \">\n\n<p>Se considera que las Lumineers son menos gruesas que las carillas, por lo que requieren menos limado dental que las carillas.<\/p>\n\n<\/div>\n<\/div>\n<div id=\"faq-question-1725278764629\" class=\"rank-math-list-item\">\n<h3 class=\"rank-math-question \">\u00bfQu\u00e9 materiales se utilizan para hacer Lumineers dentales?<\/h3>\n<div class=\"rank-math-answer \">\n\n<p>El Zircon y el Emax se utilizan como materiales b\u00e1sicos para hacer estas lentes.<\/p>\n\n<\/div>\n<\/div>\n<div id=\"faq-question-1725278768958\" class=\"rank-math-list-item\">\n<h3 class=\"rank-math-question \">\u00bfCu\u00e1nto tiempo dura el proceso de Lumineers dentales?<\/h3>\n<div class=\"rank-math-answer \">\n\n<p>Se tarda entre 5 y 7 d\u00edas.<\/p>\n\n<\/div>\n<\/div>\n<div id=\"faq-question-1725278775260\" class=\"rank-math-list-item\">\n<h3 class=\"rank-math-question \">\u00bfCu\u00e1ntas visitas necesita un paciente para Lumineers dentales?<\/h3>\n<div class=\"rank-math-answer \">\n\n<p>El paciente necesita tres visitas peri\u00f3dicas a la cl\u00ednica para completar el proceso.<\/p>\n\n<\/div>\n<\/div>\n<div id=\"faq-question-1725278780669\" class=\"rank-math-list-item\">\n<h3 class=\"rank-math-question \">\u00bfLas Lumineers causan mal aliento?<\/h3>\n<div class=\"rank-math-answer \">\n\n<p>No, no causan olores desagradables en la boca porque son muy finas.<\/p>\n\n<\/div>\n<\/div>\n<div id=\"faq-question-1725278786078\" class=\"rank-math-list-item\">\n<h3 class=\"rank-math-question \">\u00bfCu\u00e1l es el costo del proceso de Lumineers dentales?<\/h3>\n<div class=\"rank-math-answer \">\n\n<p>El costo var\u00eda seg\u00fan el material, como el Zirconio o el Emax.<\/p>\n\n<\/div>\n<\/div>\n<div id=\"faq-question-1725278802119\" class=\"rank-math-list-item\">\n<h3 class=\"rank-math-question \">\u00bfCu\u00e1l es el costo de las Lumineers dentales?<\/h3>\n<div class=\"rank-math-answer \">\n\n<p>El costo en Turk Aesthetic es de 190 euros.<\/p>\n\n<\/div>\n<\/div>\n<div id=\"faq-question-1725278807498\" class=\"rank-math-list-item\">\n<h3 class=\"rank-math-question \">\u00bfCausa dolor?<\/h3>\n<div class=\"rank-math-answer \">\n\n<p>No, no causa un dolor significativo porque es un procedimiento simple.<\/p>\n\n<\/div>\n<\/div>\n<\/div>\n<\/div>\n\n\n<p>Y finalmente, puede ponerse en\u00a0<a href=\"https:\/\/www.turkaesthetic.com\/es\/contact-us\/\" target=\"_blank\" data-type=\"link\" data-id=\"https:\/\/www.turkaesthetic.com\/es\/contact-us\/\" rel=\"noreferrer noopener\"><strong>contacto<\/strong>\u00a0<\/a>directamente con el equipo para solicitar informaci\u00f3n y precios de <a href=\"https:\/\/www.youtube.com\/channel\/UC0zggzdm5CFwpRMmn_CPpFQ\" target=\"_blank\" rel=\"noreferrer noopener\"><strong>Turk Aesthetic<\/strong><\/a>.<a href=\"http:\/\/turkaesthetic.com\/es\/beard-transplant\/\"><\/a><\/p>\n","protected":false},"excerpt":{"rendered":"<p>Lumineers dentales encabeza la lista de tratamientos dentales cosm\u00e9ticos derivados de la palabra Carillas Laminadas, que significa (carillas finas). Se instalan en los dientes para obtener una forma de sonrisa uniforme y perfecta despu\u00e9s de asegurarse de que la condici\u00f3n de los dientes es adecuada para la instalaci\u00f3n de lentes. Unanestestesia&nbsp; Local&nbsp; Duraci\u00f3n del proceso [&hellip;]<\/p>\n","protected":false},"author":1,"featured_media":19850,"parent":0,"menu_order":0,"comment_status":"closed","ping_status":"closed","template":"","meta":{"footnotes":""},"dep":[1356],"class_list":["post-33530","page","type-page","status-publish","has-post-thumbnail","hentry","dep-cosmetic-dentistry"],"_links":{"self":[{"href":"https:\/\/www.turkaesthetic.com\/es\/wp-json\/wp\/v2\/pages\/33530","targetHints":{"allow":["GET"]}}],"collection":[{"href":"https:\/\/www.turkaesthetic.com\/es\/wp-json\/wp\/v2\/pages"}],"about":[{"href":"https:\/\/www.turkaesthetic.com\/es\/wp-json\/wp\/v2\/types\/page"}],"author":[{"embeddable":true,"href":"https:\/\/www.turkaesthetic.com\/es\/wp-json\/wp\/v2\/users\/1"}],"replies":[{"embeddable":true,"href":"https:\/\/www.turkaesthetic.com\/es\/wp-json\/wp\/v2\/comments?post=33530"}],"version-history":[{"count":0,"href":"https:\/\/www.turkaesthetic.com\/es\/wp-json\/wp\/v2\/pages\/33530\/revisions"}],"wp:featuredmedia":[{"embeddable":true,"href":"https:\/\/www.turkaesthetic.com\/es\/wp-json\/wp\/v2\/media\/19850"}],"wp:attachment":[{"href":"https:\/\/www.turkaesthetic.com\/es\/wp-json\/wp\/v2\/media?parent=33530"}],"wp:term":[{"taxonomy":"dep","embeddable":true,"href":"https:\/\/www.turkaesthetic.com\/es\/wp-json\/wp\/v2\/dep?post=33530"}],"curies":[{"name":"wp","href":"https:\/\/api.w.org\/{rel}","templated":true}]}}