{"id":32989,"date":"2022-01-10T13:28:53","date_gmt":"2022-01-10T10:28:53","guid":{"rendered":"http:\/\/turkaesthetic.com\/?page_id=32989"},"modified":"2024-01-27T14:26:59","modified_gmt":"2024-01-27T11:26:59","slug":"prp","status":"publish","type":"page","link":"https:\/\/www.turkaesthetic.com\/es\/prp\/","title":{"rendered":"Tratamiento PRP"},"content":{"rendered":"\n<p><strong><strong>Tratamiento PRP en Turqu\u00eda<\/strong> Estambul<\/strong> es una t\u00e9cnica utilizada para tratar varios problemas de salud, como <a href=\"https:\/\/es.wikipedia.org\/wiki\/Alopecia#:~:text=Es%20la%20variedad%20m%C3%A1s%20frecuente,y%201000%20cabellos%20al%20d%C3%ADa.\" data-type=\"URL\" data-id=\"https:\/\/es.wikipedia.org\/wiki\/Alopecia#:~:text=Es%20la%20variedad%20m%C3%A1s%20frecuente,y%201000%20cabellos%20al%20d%C3%ADa.\" target=\"_blank\" rel=\"noreferrer noopener\">la ca\u00edda del cabello<\/a>, el tratamiento de problemas de la piel, lesiones articulares, tendinitis y otras cosas que mencionaremos en este art\u00edculo.<\/p>\n\n\n\n<p>El plasma se extrae de la sangre y se vuelve ainyectar en el \u00e1rea a tratar. La sesi\u00f3n de PRP (Plated Rich Plasma) es muy simple con grandes beneficios realizada solo en 20 minutos sin necesidad de anestesia. A continuaci\u00f3n se muestra informaci\u00f3n r\u00e1pida sobre PRP.<\/p>\n\n\n\n<figure class=\"wp-block-table\"><table><tbody><tr><td>Anestesia&nbsp;<\/td><td>No Need (crema anest\u00e9sica)<\/td><\/tr><tr><td>Duraci\u00f3ndel proceso<\/td><td>20 minutos<\/td><\/tr><tr><td>Casos especiales<\/td><td>A veces se requiere repetir la sesi\u00f3n&nbsp;<\/td><\/tr><tr><td>Resultados<\/td><td>Dependiendo de cada caso<\/td><\/tr><tr><td>Convalecencia<\/td><td>No es necesario<\/td><\/tr><tr><td>Costo en est\u00e9tica turca<\/td><td>175 EUR<\/td><\/tr><\/tbody><\/table><figcaption class=\"wp-element-caption\">Tratamiento PRP En Turqu\u00eda<\/figcaption><\/figure>\n\n\n\n<h2 class=\"wp-block-heading\">\u00bfC\u00f3mo se realiza la sesi\u00f3n de Tratamiento PRP En Turqu\u00eda?<\/h2>\n\n\n\n<p>El plasma se produce tomando una peque\u00f1a cantidad de sangre del paciente y coloc\u00e1ndola en un tubo especial, y luego este tubo se coloca en un dispositivo especial llamado centr\u00edfuga, donde este dispositivo separa el plasma sangu\u00edneo del resto de los otros componentessangu\u00edneos.<\/p>\n\n\n\n<p>Luego, este plasma se coloca en una jeringa peque\u00f1a para comenzar a inyectarlo en el \u00e1rea donde se aplicar\u00e1 el procedimiento. Este procedimiento toma un promedio de 20 minutos.<\/p>\n\n\n\n<h3 class=\"wp-block-heading\">Video de tratamiento de PRP en Turqu\u00eda<\/h3>\n\n\n\n<p>El siguiente video muestra c\u00f3mo funciona el tratamiento con plasma.<\/p>\n\n\n\n<figure class=\"wp-block-embed is-type-video is-provider-youtube wp-block-embed-youtube wp-embed-aspect-16-9 wp-has-aspect-ratio\"><div class=\"wp-block-embed__wrapper\">\n<iframe loading=\"lazy\" title=\"PRP injection in Turkey (20) minutes - Turk Aesthetic\" width=\"800\" height=\"450\" src=\"https:\/\/www.youtube.com\/embed\/JP3km_SrDaY?feature=oembed\" frameborder=\"0\" allow=\"accelerometer; autoplay; clipboard-write; encrypted-media; gyroscope; picture-in-picture; web-share\" allowfullscreen><\/iframe>\n<\/div><\/figure>\n\n\n\n<h3 class=\"wp-block-heading\">\u00bfQui\u00e9n puede realizar el tratamiento PRP en Turqu\u00eda?<\/h3>\n\n\n\n<p>Muchos hombres y mujeres de diferentes grupos de edad recurren a las sesiones de PRP por varias razones, y las personas m\u00e1s importantes adecuadas para este procedimiento son:<\/p>\n\n\n\n<ul class=\"wp-block-list\">\n<li>Personas mayores de 18 a\u00f1os.<\/li>\n\n\n\n<li>Gozan de buena salud.<\/li>\n\n\n\n<li>Nosufren ninguna enfermedad grave o contagiosa.<\/li>\n<\/ul>\n\n\n\n<h3 class=\"wp-block-heading\">\u00bfQui\u00e9n no puede realizar el tratamiento PRP en Turqu\u00eda?<\/h3>\n\n\n\n<p>La inyecci\u00f3n de plasma (PRP) es un procedimiento simple y no causa ning\u00fan riesgo significativo, pero siempre es preferible informar al m\u00e9dico sobre cualquier enfermedad cr\u00f3nica que pueda sufrir o cualquier medicamento utilizado, si corresponde, y algunos pueden ser excluidos de este procedimiento, como las personas que sufren de enfermedades infecciosas o enfermedades seriamente despu\u00e9s de consultar a un m\u00e9dico.<\/p>\n\n\n\n<h3 class=\"wp-block-heading\">\u00bfEl m\u00e9dico que realiza una sesi\u00f3n de Tratamiento PRP En Turqu\u00eda?<\/h3>\n\n\n\n<p>La inyecci\u00f3n de plasma,como cualquier otro procedimiento, s\u00f3lo debe ser realizada por especialistas en este campo. Debido a la simplicidad del procedimiento, cualquier persona dentro del campo m\u00e9dico con suficiente capacitaci\u00f3n o sujeta a un curso educativo acreditado, como cirujanos pl\u00e1sticos, cirujanos pl\u00e1sticos no quir\u00fargicos o dermat\u00f3logos puede realizar dichos procedimientos.<\/p>\n\n\n\n<h3 class=\"wp-block-heading\">Tipo de anestesia utilizada durante la sesi\u00f3n de PRP&nbsp;<\/h3>\n\n\n\n<p>La inyecci\u00f3n de plasma es un procedimiento que no causa dolor significativo. Sin embargo, a veces se puede aplicar una crema anest\u00e9sica local para aliviar la sensaci\u00f3n de hormigueo de la aguja, y a veces la sesi\u00f3n se puede realizar sin recurrir a ning\u00fan m\u00e9todo de anestesia.<\/p>\n\n\n\n<h3 class=\"wp-block-heading\">Usos de Tratamiento PRP En Turqu\u00eda<\/h3>\n\n\n\n<h4 class=\"wp-block-heading\">Plasma para la ca\u00edda del cabello&nbsp;<\/h4>\n\n\n\n<p>Las inyecciones de plasma se realizan en varias \u00e1reas del cuerpo, y entre las \u00e1reas m\u00e1s importantes para las que se aplican las inyecciones de plasma se encuentra el \u00e1rea del cuero cabelludo, o como se llama inyecciones de plasma para el cabello, ya quelas inyecciones de plas ma ayudan mucho a fortalecer los fol\u00edculos pilosos y detener la ca\u00edda del cabello.<\/p>\n\n\n\n<p>Los m\u00e9dicos recomiendan repetir las sesiones de tratamiento de p\u00e9rdida de cabello de 4 a 8 sesiones, dependiendo de la cantidad de consecuencias que sufre la persona, y tanto hombres como mujeres pueden realizar estas sesiones. Tambi\u00e9n es posible realizar sesiones despu\u00e9s del proceso de <a href=\"http:\/\/turkaesthetic.com\/es\/hair-transplant\/\" data-type=\"URL\" data-id=\"http:\/\/turkaesthetic.com\/es\/hair-transplant\/\" target=\"_blank\" rel=\"noreferrer noopener\"><strong>trasplante capilar<\/strong><\/a> para fortalecer los fol\u00edculos pilosos trasplantados y obtener mejores resultados.<\/p>\n\n\n\n<figure class=\"wp-block-image size-full\"><img loading=\"lazy\" decoding=\"async\" width=\"1024\" height=\"599\" src=\"http:\/\/turkaesthetic.com\/wp-content\/uploads\/2022\/01\/PRP-hair-in-Turkey.webp\" alt=\"Tratamiento PRP en Turqu\u00eda\" class=\"wp-image-19794\" srcset=\"https:\/\/www.turkaesthetic.com\/wp-content\/uploads\/2022\/01\/PRP-hair-in-Turkey.webp 1024w, https:\/\/www.turkaesthetic.com\/wp-content\/uploads\/2022\/01\/PRP-hair-in-Turkey-300x175.webp 300w, https:\/\/www.turkaesthetic.com\/wp-content\/uploads\/2022\/01\/PRP-hair-in-Turkey-768x449.webp 768w\" sizes=\"auto, (max-width: 1024px) 100vw, 1024px\" \/><figcaption class=\"wp-element-caption\">Tratamiento PRP en Turqu\u00eda<\/figcaption><\/figure>\n\n\n\n<h4 class=\"wp-block-heading\">Plasma para la cara<\/h4>\n\n\n\n<p>Despu\u00e9s de la inyecci\u00f3n de plasma para el cabello, la inyecci\u00f3n facial ocupa el segundo lugar en t\u00e9rminos de cantidad y ent\u00e9rminos de importancia, ya que la inyecci\u00f3n de plasma para la cara estimula las c\u00e9lulas en esta \u00e1rea para regenerar y estimular el col\u00e1geno existente.<\/p>\n\n\n\n<p>Este procedimiento da resultados positivos para obtener una piel perfecta. Es preferible repetiren esta sesi\u00f3n para alcanzar el resultado deseado porque una sesi\u00f3n no es suficiente para obtener los resultados deseados.<\/p>\n\n\n\n<figure class=\"wp-block-image size-full\"><img loading=\"lazy\" decoding=\"async\" width=\"1024\" height=\"682\" src=\"http:\/\/turkaesthetic.com\/wp-content\/uploads\/2022\/01\/PRP-face-in-Turkey.webp\" alt=\"Tratamiento PRP en Turqu\u00eda\" class=\"wp-image-19793\" srcset=\"https:\/\/www.turkaesthetic.com\/wp-content\/uploads\/2022\/01\/PRP-face-in-Turkey.webp 1024w, https:\/\/www.turkaesthetic.com\/wp-content\/uploads\/2022\/01\/PRP-face-in-Turkey-300x200.webp 300w, https:\/\/www.turkaesthetic.com\/wp-content\/uploads\/2022\/01\/PRP-face-in-Turkey-768x512.webp 768w\" sizes=\"auto, (max-width: 1024px) 100vw, 1024px\" \/><figcaption class=\"wp-element-caption\">Tratamiento PRP en Turqu\u00eda<\/figcaption><\/figure>\n\n\n\n<h4 class=\"wp-block-heading\">Plasma para la disfunci\u00f3n er\u00e9ctil del pene<\/h4>\n\n\n\n<p>Uno de los usos comunes del plasma PRP es inyectar el pene, ya que se le llama <a href=\"http:\/\/turkaesthetic.com\/es\/treatment-es\/p-shot-treatment-in-turkey\/\" data-type=\"URL\" data-id=\"http:\/\/turkaesthetic.com\/es\/treatment-es\/p-shot-treatment-in-turkey\/\" target=\"_blank\" rel=\"noreferrer noopener\"><strong>P-Shot<\/strong><\/a>, donde esta t\u00e9cnica es una de las t\u00e9cnicas m\u00e1s importantes utilizadas para tratar la <a href=\"http:\/\/turkaesthetic.com\/es\/surgeries-es\/erection-treatment-in-turkey\/\" data-type=\"URL\" data-id=\"http:\/\/turkaesthetic.com\/es\/surgeries-es\/erection-treatment-in-turkey\/\" target=\"_blank\" rel=\"noreferrer noopener\"><strong>disfunci\u00f3n<\/strong> <strong>er\u00e9ctil<\/strong><\/a>, ya que ha demostrado ser eficaz en este sentido para las personas que sufren de disfunci\u00f3n er\u00e9ctil.<\/p>\n\n\n\n<p>Es preferible consultar a un m\u00e9dico antes de someterse a dicho procedimiento para determinar el m\u00e9todo La ocasi\u00f3n y el n\u00famero de sesiones adecuadas para el paciente.<\/p>\n\n\n\n<h4 class=\"wp-block-heading\">Otros usos del Tratamiento PRP En Turqu\u00eda<\/h4>\n\n\n\n<p>El plasma se puede utilizar en muchas contraindicaciones, como el fortalecimiento del hueso de la mand\u00edbula. El plasma tambi\u00e9n se usa durante las operaciones quir\u00fargicas y el tratamiento de rupturas de ligamentos y dolor en las articulaciones .<\/p>\n\n\n\n<figure class=\"wp-block-image size-full\"><img loading=\"lazy\" decoding=\"async\" width=\"1024\" height=\"576\" src=\"http:\/\/turkaesthetic.com\/wp-content\/uploads\/2022\/01\/PRP-knee-in-Turkey.webp\" alt=\"Tratamiento PRP en Turqu\u00eda\" class=\"wp-image-19792\" srcset=\"https:\/\/www.turkaesthetic.com\/wp-content\/uploads\/2022\/01\/PRP-knee-in-Turkey.webp 1024w, https:\/\/www.turkaesthetic.com\/wp-content\/uploads\/2022\/01\/PRP-knee-in-Turkey-300x169.webp 300w, https:\/\/www.turkaesthetic.com\/wp-content\/uploads\/2022\/01\/PRP-knee-in-Turkey-768x432.webp 768w\" sizes=\"auto, (max-width: 1024px) 100vw, 1024px\" \/><figcaption class=\"wp-element-caption\">Tratamiento PRP en Turqu\u00eda<\/figcaption><\/figure>\n\n\n\n<h2 class=\"wp-block-heading\">Pasos del tratamiento con PRP en Turqu\u00eda Estambul<\/h2>\n\n\n<div id=\"rank-math-howto\" class=\"rank-math-block\" >\n<div class=\"rank-math-howto-description\">\n\n<p>El proceso de extracci\u00f3n e inyecci\u00f3n de plasma pasa por tres etapas principales, una etapa antes del procedimiento, durante el procedimiento y una etapa despu\u00e9s del procedimiento, que mencionaremos en detalle:<\/p>\n\n<\/div>\n<p class=\"rank-math-howto-duration\"><strong>Tiempo total:<\/strong> <span>20 minutos<\/span><\/p>\n<div class=\"rank-math-steps \">\n<div id=\"howto-step-1674726537037\" class=\"rank-math-step\">\n<h3 class=\"rank-math-step-title \">Antes de la sesi\u00f3n<\/h3>\n<div class=\"rank-math-step-content \"><p>El caso se discute con el m\u00e9dico especialista para determinar el problema y determinar el n\u00famero de sesiones a realizar, el intervalo de tiempo entre cada sesi\u00f3n y la otra sesi\u00f3n, y el prop\u00f3sito de la sesi\u00f3n, donde los negativos y las posicionesest\u00e1n claramente establecidos, y es preferible informar al m\u00e9dico sobre cualquier asunto relacionado con el estado de salud de la persona antes de comenzar la sesi\u00f3n. Se aplica una crema anest\u00e9sica local en el \u00e1rea a inyectar, si es necesario.<\/p>\n<\/div>\n<\/div>\n<div id=\"howto-step-1674726549670\" class=\"rank-math-step\">\n<h3 class=\"rank-math-step-title \">Durante la sesi\u00f3n<\/h3>\n<div class=\"rank-math-step-content \"><p>Durante la sesi\u00f3n, se toma una cantidad suficiente de sangre del paciente y se coloca en un tubo especial, donde el tubo se coloca en un dispositivo especial cuya funci\u00f3n es separar el plasma en la sangre del resto de los componentes sangu\u00edneos, luego el plasma extra\u00eddo se coloca en unainyecci\u00f3n especial y comienza el procedimiento de inyecci\u00f3n. La sesi\u00f3n promedio toma de 10 a 20 minutos.<\/p>\n<\/div>\n<\/div>\n<div id=\"howto-step-1674726556716\" class=\"rank-math-step\">\n<h3 class=\"rank-math-step-title \">Despu\u00e9s de la sesi\u00f3n<\/h3>\n<div class=\"rank-math-step-content \"><p>Despu\u00e9s de completar la inyecci\u00f3n de plasma, se informa al paciente de las instrucciones a seguir despu\u00e9s de la sesi\u00f3n. Espreferible no lavar las zonas a las que se aplic\u00f3 el plasma en las primeras horas o hasta el d\u00eda siguiente a la sesi\u00f3n para que la sesi\u00f3n se beneficie en el mayor grado posible. Tambi\u00e9n se determinar\u00e1 la fecha del pr\u00f3ximo per\u00edodo de sesiones.<\/p>\n<\/div>\n<\/div>\n<\/div>\n<\/div>\n<p class=\"rank-math-howto-estimatedCost\"><strong>Coste estimado:<\/strong> <span>175 EUR<\/span><\/p>\n\n\n\n\n\n<h4 class=\"wp-block-heading\">Tratamiento PRP En Turqu\u00eda &#8211; despu\u00e9s de la sesi\u00f3n&nbsp;&nbsp;&nbsp;<\/h4>\n\n\n\n<p>Estas son algunas de las instrucciones y pautas a seguir despu\u00e9s de cada sesi\u00f3n:<\/p>\n\n\n\n<ul class=\"wp-block-list\">\n<li>Siga atentamente las instrucciones dadas por el m\u00e9dico.<\/li>\n\n\n\n<li>No lave el \u00e1rea donde se inyect\u00f3 el plasma para el d\u00eda siguiente.<\/li>\n\n\n\n<li>No utilice ning\u00fan producto qu\u00edmico en los primeros d\u00edas.<\/li>\n\n\n\n<li>Consulte a su m\u00e9dico si desea realizar alg\u00fan procedimiento adicional durante el per\u00edodo de tratamiento.<\/li>\n\n\n\n<li>Use un protector solar en los primeros d\u00edas si se realizan inyecciones de plasma para la cara.<\/li>\n<\/ul>\n\n\n\n<h4 class=\"wp-block-heading\">Pros y contras &#8211; Tratamiento PRP En Turqu\u00eda<\/h4>\n\n\n\n<h5 class=\"wp-block-heading\">Positivos<\/h5>\n\n\n\n<ul class=\"wp-block-list\">\n<li>Facilidad de acci\u00f3n.<\/li>\n\n\n\n<li>Corta duraci\u00f3n de la sesi\u00f3n.<\/li>\n\n\n\n<li>Menos efectos secundarios.<\/li>\n\n\n\n<li>Resultados efectivos.<\/li>\n<\/ul>\n\n\n\n<h5 class=\"wp-block-heading\">Negativos<\/h5>\n\n\n\n<ul class=\"wp-block-list\">\n<li>La necesidad de repetir la sesi\u00f3n la mayor parte del tiempo.<\/li>\n\n\n\n<li>El per\u00edodo de tiempo entre sesiones a veces puede ser largo.<\/li>\n\n\n\n<li>El plan treat ment puede necesitar un largo per\u00edodo de tiempo.<\/li>\n<\/ul>\n\n\n\n<h5 class=\"wp-block-heading\">Efectos secundarios del tratamiento con PRP<\/h5>\n\n\n\n<ul class=\"wp-block-list\">\n<li>Enrojecimiento leve que puede durar horas despu\u00e9s de la inyecci\u00f3n.<\/li>\n\n\n\n<li>Un ligero dolor en los sitios de inyecci\u00f3n desaparece r\u00e1pidamente.<\/li>\n\n\n\n<li>Picaz\u00f3n simple.<\/li>\n<\/ul>\n\n\n\n<h3 class=\"wp-block-heading\">Tratamiento PRP en Turqu\u00eda Estambul<\/h3>\n\n\n\n<p>Turqu\u00eda hoy lidera muchas comunidadescomo resultado de varias razones en el campo de los cosm\u00e9ticos y el turismo m\u00e9dico, por lo que muchas personas acuden diariamente a cl\u00ednicas de belleza y hospitales para realizar sesiones de PRP, ya sea para tratar la p\u00e9rdida de cabello o para realizar inyecciones faciales o para otras \u00e1reas que mencionamos anteriormente.<\/p>\n\n\n\n<p>Turqu\u00eda es el destino de muchas personas debido a varias razones, las m\u00e1s importantes de las cuales son el coste adecuado, la ubicaci\u00f3n geogr\u00e1fica de Turqu\u00eda y la alta y avanzada experiencia en el campo de la medicina est\u00e9tica y otros procedimientos cosm\u00e9ticos. Donde muchos pueden realizar sesiones de plasma dentro de sus tours a Estambul.<\/p>\n\n\n\n<h3 class=\"wp-block-heading\">Costo del tratamiento PRP en Turqu\u00eda Estambul<\/h3>\n\n\n\n<p>El costo de la inyecci\u00f3n de plasma en Turqu\u00eda es adecuado para muchos segmentos de la sociedad en comparaci\u00f3n con otros pa\u00edses, donde el costo oscila entre 175 euros por sesi\u00f3n. En Turk Aesthetic siempre nos esforzamos por ofrecer ofertas competitivas con alta calidad, ya que el coste en nuestro centro se estima en 175 euros por sesi\u00f3n.<\/p>\n\n\n\n<h2 class=\"wp-block-heading\">FAQ &#8211; Tratamiento PRP en Turqu\u00eda Estambul<\/h2>\n\n\n<div id=\"rank-math-faq\" class=\"rank-math-block\">\n<div class=\"rank-math-list \">\n<div id=\"faq-question-1674726620301\" class=\"rank-math-list-item\">\n<h3 class=\"rank-math-question \">\u00bfCu\u00e1l es la edad apropiada para una tratamiento PRP En Turqu\u00eda?<\/h3>\n<div class=\"rank-math-answer \">\n\n<p>18-20 a\u00f1os es el m\u00ednimo para PRP.<\/p>\n\n<\/div>\n<\/div>\n<div id=\"faq-question-1674726625463\" class=\"rank-math-list-item\">\n<h3 class=\"rank-math-question \">\u00bfLas inyecciones de plasma causan dolor?<\/h3>\n<div class=\"rank-math-answer \">\n\n<p>La inyecci\u00f3n de plasma provoca un ligero dolor que desaparece con el final de la sesi\u00f3n.<\/p>\n\n<\/div>\n<\/div>\n<div id=\"faq-question-1674726632568\" class=\"rank-math-list-item\">\n<h3 class=\"rank-math-question \">\u00bfPuede ocurrir sangrado despu\u00e9s de la inyecci\u00f3n de plasma?<\/h3>\n<div class=\"rank-math-answer \">\n\n<p>La inyecci\u00f3n de plasma deja peque\u00f1as gotas de sangre en el lugar de la inyecci\u00f3n, que pasan casi desapercibidas, y desaparecen r\u00e1pidamente en los primeros minutos despu\u00e9s de la inyecci\u00f3n.<\/p>\n\n<\/div>\n<\/div>\n<div id=\"faq-question-1674726638851\" class=\"rank-math-list-item\">\n<h3 class=\"rank-math-question \">\u00bfCu\u00e1les son los beneficios de la inyecci\u00f3n de plasma?<\/h3>\n<div class=\"rank-math-answer \">\n\n<p>El uso m\u00e1s importante del plasma es activar la sangre cuando se inyecta en la piel para darle un color saludable. La inyecci\u00f3n de plasma tambi\u00e9n ayuda a fortalecer los fol\u00edculos pilosos y renovar las c\u00e9lulas en el lugar donde se realiz\u00f3 la inyecci\u00f3n. Recientemente, el plasma ha demostrado su papel eficaz en el tratamiento de la disfunci\u00f3n er\u00e9ctil del pene.<\/p>\n\n<\/div>\n<\/div>\n<div id=\"faq-question-1674726661680\" class=\"rank-math-list-item\">\n<h3 class=\"rank-math-question \">\u00bfCu\u00e1l es el costo de una sesi\u00f3n de plasma?<\/h3>\n<div class=\"rank-math-answer \">\n\n<p>Con Turk Aesthetic el coste de una sesi\u00f3n de plasma es de 175 euros.<\/p>\n\n<\/div>\n<\/div>\n<div id=\"faq-question-1674726668993\" class=\"rank-math-list-item\">\n<h3 class=\"rank-math-question \">\u00bfCu\u00e1ntas inyecciones de plasma se pueden inyectar en una sesi\u00f3n?<\/h3>\n<div class=\"rank-math-answer \">\n\n<p>La sesi\u00f3n de plasma no depende del n\u00famero de inyecciones, sino de extraeruna cantidad de sangre de la persona, separar los gl\u00f3bulos rojos y blancos y usar el extracto \u00fatil para tratar problemas.<\/p>\n\n<\/div>\n<\/div>\n<\/div>\n<\/div>\n\n\n<p><strong>Y finalmente, puede ponerse en\u00a0<a href=\"http:\/\/turkaesthetic.com\/es\/contact-us\/\" target=\"_blank\" rel=\"noreferrer noopener\">contacto\u00a0<\/a>directamente con el equipo de soporte t\u00e9cnico para solicitar informaci\u00f3n y precios al Centro de <a href=\"https:\/\/www.youtube.com\/channel\/UC0zggzdm5CFwpRMmn_CPpFQ\" target=\"_blank\" rel=\"noreferrer noopener\">Turk Aesthetic<\/a>\u00a0de Turqu\u00eda Estambul.<\/strong><a href=\"http:\/\/turkaesthetic.com\/es\/eyebrow-transplant\/\"><\/a><\/p>\n","protected":false},"excerpt":{"rendered":"<p>Tratamiento PRP en Turqu\u00eda Estambul es una t\u00e9cnica utilizada para tratar varios problemas de salud, como la ca\u00edda del cabello, el tratamiento de problemas de la piel, lesiones articulares, tendinitis y otras cosas que mencionaremos en este art\u00edculo. El plasma se extrae de la sangre y se vuelve ainyectar en el \u00e1rea a tratar. La [&hellip;]<\/p>\n","protected":false},"author":1,"featured_media":19795,"parent":0,"menu_order":0,"comment_status":"closed","ping_status":"closed","template":"","meta":{"footnotes":""},"dep":[1357],"class_list":["post-32989","page","type-page","status-publish","has-post-thumbnail","hentry","dep-treatment"],"_links":{"self":[{"href":"https:\/\/www.turkaesthetic.com\/es\/wp-json\/wp\/v2\/pages\/32989","targetHints":{"allow":["GET"]}}],"collection":[{"href":"https:\/\/www.turkaesthetic.com\/es\/wp-json\/wp\/v2\/pages"}],"about":[{"href":"https:\/\/www.turkaesthetic.com\/es\/wp-json\/wp\/v2\/types\/page"}],"author":[{"embeddable":true,"href":"https:\/\/www.turkaesthetic.com\/es\/wp-json\/wp\/v2\/users\/1"}],"replies":[{"embeddable":true,"href":"https:\/\/www.turkaesthetic.com\/es\/wp-json\/wp\/v2\/comments?post=32989"}],"version-history":[{"count":0,"href":"https:\/\/www.turkaesthetic.com\/es\/wp-json\/wp\/v2\/pages\/32989\/revisions"}],"wp:featuredmedia":[{"embeddable":true,"href":"https:\/\/www.turkaesthetic.com\/es\/wp-json\/wp\/v2\/media\/19795"}],"wp:attachment":[{"href":"https:\/\/www.turkaesthetic.com\/es\/wp-json\/wp\/v2\/media?parent=32989"}],"wp:term":[{"taxonomy":"dep","embeddable":true,"href":"https:\/\/www.turkaesthetic.com\/es\/wp-json\/wp\/v2\/dep?post=32989"}],"curies":[{"name":"wp","href":"https:\/\/api.w.org\/{rel}","templated":true}]}}